{"id":55833,"date":"2023-11-05T23:40:21","date_gmt":"2023-11-05T14:40:21","guid":{"rendered":"https:\/\/monolith.law\/fi\/?page_id=55833"},"modified":"2024-08-14T13:26:10","modified_gmt":"2024-08-14T04:26:10","slug":"legal-support-for-youtuber","status":"publish","type":"page","link":"https:\/\/monolith.law\/fi\/legal-support-for-youtuber","title":{"rendered":"Lakituelliset palvelut YouTubereille"},"content":{"rendered":"\n<section class=\"heading-area\">\n\t<div class=\"heading-area-inner\">\n\t\t<h2 class=\"icon-legal-support-for-youtuber\">Lakituelliset palvelut YouTubereille<\/h2>\n\t\t<p>Verkko-vaikuttajien hallinta vaatii osaamista, joka eroaa perinteisen viihdeteollisuuden ja median hallinnasta. Ymm\u00e4rr\u00e4mme japanilaisen lains\u00e4\u00e4d\u00e4nn\u00f6n vivahteet ja internetin erityispiirteet, mik\u00e4 mahdollistaa vahvan tuen tarjoamisen yrityksellenne tiedon v\u00e4litt\u00e4miseen j\u00e4rjestelm\u00e4n kautta, jota p\u00e4ivitet\u00e4\u00e4n jatkuvasti uusimmilla japanilaisilla oikeudellisilla tiedoilla.<\/p>\n\t<\/div>\n<\/section>\n\n<section class=\"white-section\">\n\t<div class=\"section-inner pdt0 border-bottom-section\">\n\t\t<p>YouTube-kanavia hallinnoivat YouTuber-toimistot, virtuaali-YouTubereita (VTubereita) operoivat yritykset sek\u00e4 liikeyritykset Japanissa tarvitsevat lakineuvojia, joilla on erikoisosaamista ja kokemusta. Asiakkaitamme ovat merkitt\u00e4v\u00e4t japanilaiset YouTuber-hallintayhti\u00f6t, tunnetut yksitt\u00e4iset YouTuberit sek\u00e4 erilaiset VTuber-liiketoimintaa hallinnoivat yritykset ymp\u00e4ri Japania. Tarjoamme my\u00f6s eritt\u00e4in erikoistunutta tukea YouTuber- ja VTuber-sopimusten laatimisessa ja tarkastelussa sek\u00e4 Japanissa videoiden luomiseen liittyvien oikeudellisten kysymysten ratkaisemisessa.<\/p>\n\t<\/div>\n<\/section>\n\n<section class=\"second-nav\">\n\t<div class=\"second-nav-inner\">\n\t<p>AIHEET<\/p>\n\t<nav>\n\t<ul>\n\t \t<li><a href=\"#necessity-of-youtube-related-legal-counsel\">YouTubeen liittyv\u00e4n oikeudellisen neuvonnan tarve<\/a><\/li>\n\t \t<li><a href=\"#contracts\">Sopimukset<\/a><\/li>\n\t \t<li><a href=\"#creating-and-publishing-videos\">Videoiden luominen ja julkaiseminen<\/a><\/li>\n\t \t<li><a href=\"#legal-support-for-vtubers\">VTubereiden oikeudellinen tuki<\/a><\/li>\n\t \t<li><a href=\"#terms-of-use-of-youtube\">YouTube:n ja muiden medioiden k\u00e4ytt\u00f6ehdot<\/a><\/li>\n\t \t<li><a href=\"#our-youtube-channel\">YouTube-kanavamme<\/a><\/li>\n\t \t<li><a href=\"#manda-of-sns\">SNS:n M&amp;A<\/a><\/li>\n\t \t<li><a href=\"#IT\">IT<\/a><\/li>\n\t \t<li><a href=\"#countermeasures-against-reputational-damage\">Mainetta vahingoittavien toimien vastatoimet<\/a><\/li>\n\t \t<li><a href=\"#writings-and-other-activities\">Kirjoitukset ja muut YouTuber\/VTuber-oikeusasioiden parissa tehdyt toimet<\/a><\/li>\n\t \t<li><a href=\"#examples-of-our-clients\">Esimerkkej\u00e4 MONOLITH LAW OFFICEn YouTuber- ja VTuber-asiakkaista<\/a><\/li>\n\t\t<li><a href=\"#monolith-law-magazine\">MONOLITH LAW MAGAZINE<\/a><\/li>\n\t \t<li><a href=\"#fee-structure\">Palkkiorakenne<\/a><\/li>\n\t<\/ul>\n\t<\/nav>\n\t<\/div>\n<\/section>\n\n<section class=\"white-section\">\n\t<div id=\"necessity-of-youtube-related-legal-counsel\"><\/div>\n\t<div class=\"section-inner\">\n\t<h3>YouTubeen liittyv\u00e4n oikeudellisen neuvonnan tarve<\/h3>\n\t<ul class=\"layout-column4\">\n\t \t<li>\n\t\t\t<div><img decoding=\"async\" src=\"\/wp-content\/themes\/monolith2021\/img\/practices-youtuberlaw\/practices-youtuberlaw_necessity_pic1.jpg\" alt=\"YouTuber\" \/><\/div>\n\t\t\t<h4>YouTuber<\/h4>\n\t\t\t<p>YouTuber, jolla on useita satoja tuhansia kanavatilauksia, on itsen\u00e4inen toimija ja tarvitsee edustajan.<\/p>\n\t\t<\/li>\n\t \t<li>\n\t\t\t<div><img decoding=\"async\" src=\"\/wp-content\/themes\/monolith2021\/img\/practices-youtuberlaw\/practices-youtuberlaw_necessity_pic2.jpg\" alt=\"YouTuber Management Companies\" \/><\/div>\n\t\t\t<h4>YouTuberien hallintayhti\u00f6t<\/h4>\n\t\t\t<p>YouTuberien hallinnassa, asiakasprojekteissa ja muissa sopimuksissa on otettava huomioon tiettyj\u00e4 varotoimia ja tarkistuspisteit\u00e4.<\/p>\n\t\t<\/li>\n\t \t<li>\n\t\t\t<div><img decoding=\"async\" src=\"\/wp-content\/themes\/monolith2021\/img\/practices-youtuberlaw\/practices-youtuberlaw_necessity_pic3.jpg\" alt=\"Virtual YouTuber\" \/><\/div>\n\t\t\t<h4>Virtuaali-YouTuber<\/h4>\n\t\t\t<p>Sopimukset ja yritysostot alueella, jossa IT ja viihde kohtaavat, ovat eritt\u00e4in erikoistunutta alaa.<\/p>\n\t\t<\/li>\n\t \t<li>\n\t\t\t<div><img decoding=\"async\" src=\"\/wp-content\/themes\/monolith2021\/img\/practices-youtuberlaw\/practices-youtuberlaw_necessity_pic4.jpg\" alt=\"YouTube channel for Business Company\" \/><\/div>\n\t\t\t<h4>YouTube-kanava<br>yrityksille<\/h4>\n\t\t\t<p>YouTube-kanavaa operoidessa tarvitaan p\u00e4\u00e4asiallinen oikeudellinen neuvonantaja sek\u00e4 erillinen YouTubeen erikoistunut lakimies.<\/p>\n\t\t<\/li>\n\t<\/ul>\n\t<\/div>\n<\/section>\n\n<section class=\"white-section\">\n\t<div class=\"section-inner pdt0\">\n\t<div class=\"frame2 txt-center-pc max-width860\">\n\t<p class=\"bold txt-l\">YouTuberit ja virtuaali-YouTuberit tarvitsevat oikeudellisia neuvonantajia, jotka ovat perehtyneit\u00e4 kanavanhallintaan ja sopimusten t\u00e4yt\u00e4nt\u00f6\u00f6npanoon.<\/p>\n\t<\/div>\n\t<\/div>\n<\/section>\n\n<section class=\"white-section mgb-section100\">\n\t<div id=\"contracts\"><\/div>\n\t<div class=\"section-inner-black\">\n\t<h3>Sopimukset<\/h3>\n\t<p class=\"mgb-middle\">Japanissa YouTuberit ja VTuberit allekirjoittavat yleens\u00e4 hallintosopimuksen toimintansa toteuttamiseksi agentuurin kanssa, kun taas joissakin tapauksissa he allekirjoittavat sopimuksen yrityksen kanssa ja harjoittavat mainostoimintaa.<br>Perinteisesti viihdeteollisuudessa k\u00e4ytettiin viihdytt\u00e4jien ja viihdetoimistojen v\u00e4lisi\u00e4 hallintosopimuksia sek\u00e4 viihdytt\u00e4jien ja yritysten v\u00e4lisi\u00e4 mainossopimuksia. Kuitenkin YouTuberit ja VTuberit eroavat hieman perinteisist\u00e4 viihdytt\u00e4jist\u00e4 johtuen YouTuben k\u00e4ytt\u00f6ehdoista.<br>Asianajaja, jolla on tietoa ja kokemusta YouTubereihin liittyvist\u00e4 japanilaisista sopimuksista, voi auttaa sinua sujuvasti solmimaan sopimuksen olennaisilla kohdilla. Meid\u00e4n japanilaiset oikeudelliset asiantuntijamme ovat hyvin perehtyneit\u00e4 Japanin markkinoiden ja online-videopalveluiden ainutlaatuisiin n\u00e4k\u00f6kohtiin.<\/p>\n\t<\/div>\n<\/section>\n\n<section class=\"white-section mgb-section100\">\n\t<div id=\"creating-and-publishing-videos\"><\/div>\n\t<div class=\"section-inner-black\">\n\t<h3>Videoiden luominen ja julkaiseminen<\/h3>\n\t<p class=\"mgb-middle\">YouTube-videoiden luomisessa ja julkaisemisessa on olennaista hallita oikeudellista tiet\u00e4myst\u00e4 useilla eri alueilla, kuten musiikin ja videossa esiintyvien objektien tekij\u00e4noikeudet, muotokuva-\/yksityisyysoikeudet sek\u00e4 mainontas\u00e4\u00e4nn\u00f6t, jotka saattavat olla ongelmallisia kosmetiikan ja terveysruokien esittelyss\u00e4 Japanissa. Oikeudellisen tiedon puute n\u00e4ill\u00e4 alueilla voi johtaa siihen, ett\u00e4 videosi poistetaan tai pahimmassa tapauksessa tilisi kiellet\u00e4\u00e4n Japanissa.<\/p>\n\t<\/div>\n<\/section>\n\n<section class=\"purple-section mgb-section100\">\n\t<div id=\"legal-support-for-vtubers\"><\/div>\n\t<div class=\"section-inner\">\n\t<div class=\"flex reverse\">\n\t<div class=\"width41\"><img decoding=\"async\" src=\"\/wp-content\/themes\/monolith2021\/img\/vtuberlaw\/pic_practices-vtuberlaw.jpg\" alt=\"Legal Support for Virtual YouTubers\" \/><\/div>\n\t<div class=\"width51\">\n\t\t<h3>VTubereiden oikeudellinen tuki<\/h3>\n\t\t<p class=\"mgb-small\">Vuodesta 2017 l\u00e4htien, jolloin VTuberit olivat viel\u00e4 alkuvaiheessaan, MONOLITH LAW OFFICE on hoitanut VTuberien oikeudellisia asioita, mukaan lukien erilaiset sopimussuhteet ja riitojen ratkaiseminen, yksitt\u00e4isille VTubereille ja heid\u00e4n liittyville yrityksilleen ja toimistoilleen Japanissa.<\/p>\n\t\t<p class=\"mgb-middle\">Oikeudellisella tiimill\u00e4mme on kokemusta ja tietotaitoa ratkaista eritt\u00e4in monimutkaisia kysymyksi\u00e4, jotka liittyv\u00e4t VTubereihin, kuten kuvitusten ja tietokonegrafiikan tekij\u00e4noikeuskysymykset, YouTube-kanavien ja hahmojen omistusoikeudet sek\u00e4 henkil\u00f6n itsens\u00e4 ja omistajan v\u00e4liset oikeussuhteet.<\/p>\n\t<\/div>\n\t<\/div>\n\t<\/div>\n<\/section>\n\n<section class=\"white-section mgb-section\">\n\t<div id=\"terms-of-use-of-youtube\" class=\"anchor\"><\/div>\n\t<div class=\"section-inner-black\">\n\t<h3>YouTube:n ja muiden medioiden k\u00e4ytt\u00f6ehdot<\/h3>\n\t<p class=\"mgb-middle\">Japanissa toimivan YouTube-kanavan yll\u00e4pit\u00e4j\u00e4n on ymm\u00e4rrett\u00e4v\u00e4 YouTube:n k\u00e4ytt\u00f6ehdot sek\u00e4 lains\u00e4\u00e4d\u00e4nn\u00f6lliset n\u00e4k\u00f6kohdat. Vaikka video olisi lain mukaan hyv\u00e4ksytt\u00e4v\u00e4, se voidaan poistaa tai tili j\u00e4\u00e4dytt\u00e4\u00e4, jos se rikkoo k\u00e4ytt\u00f6ehtoja. Yrityksemme hallitsee YouTube:n ja muiden medioiden k\u00e4ytt\u00f6ehdot sek\u00e4 Japanin lains\u00e4\u00e4d\u00e4nn\u00f6n.<\/p>\n\t<\/div>\n<\/section>\n\n<section class=\"orange-section\">\n\t<div id=\"our-youtube-channel\"><\/div>\n\t<div class=\"section-inner\">\n\t<div class=\"flex reverse\">\n\t<div class=\"width41\"><img decoding=\"async\" src=\"\/wp-content\/themes\/monolith2021\/img\/practices-youtuberlaw\/practices-youtuberlaw_pic1.png\" alt=\"Legal Advice Lined Up by YouTubers\" \/><\/div>\n\t<div class=\"width51\">\n\t\t<h3>YouTube-kanavamme<\/h3>\n\t\t<p class=\"mgb-small\">YouTube-kanavamme &#8220;Lakineuvontaa YouTubereille&#8221; selitt\u00e4\u00e4 YouTubeen liittyvi\u00e4 oikeudellisia kysymyksi\u00e4 keskusteluvideoiden kautta, joissa lakimies esiintyy VTuberina, yst\u00e4v\u00e4llisen\u00e4 hahmona, jolla on korkea asiantuntemus.<\/p>\n\t\t<p class=\"mgb-small\">Tarjoamme oikeudellista tietoa japanilaisille YouTubereille eri n\u00e4k\u00f6kulmista joka kerta, joten suosittelemme kanavaamme, jos jo py\u00f6rit\u00e4t kanavaa tai olet aikeissa tehd\u00e4 niin Japanissa.<\/p>\n\t\t<p>Tunnistamme, ett\u00e4 YouTubereita ja YouTubeen liittyvi\u00e4 yritystoiminnan harjoittajia avustavat asianajajat tarvitsevat enemm\u00e4n kuin vain abstraktin oikeusteorian tuntemusta. Syv\u00e4 oivallus ja ymm\u00e4rrys YouTube-alustasta ovat ratkaisevia tehokkaan oikeudellisen tuen tarjoamisessa t\u00e4ll\u00e4 alalla.<\/p>\n\t<\/div>\n\t<\/div>\n\t<\/div>\n<\/section>\n\n<section class=\"white-section\">\n\t<div id=\"manda-of-sns\"><\/div>\n\t<div class=\"section-inner\">\n\t<div class=\"flex\">\n\t<div class=\"width41\"><img decoding=\"async\" src=\"\/wp-content\/themes\/monolith2021\/img\/pic\/pic_sns_manda.jpg\" alt=\"M&amp;A of SNS\" \/><\/div>\n\t<div class=\"width51\">\n\t<h3>SNS:n M&amp;A<\/h3>\n\t\t<p class=\"mgb-small\">YouTube-kanavat ja Twitter-tilit, samoin kuin verkkosivustot, ovat M&amp;A:n kohteina. Kuitenkin n\u00e4iden M&amp;A:n erityispiirteiden vuoksi on v\u00e4ltt\u00e4m\u00e4t\u00f6nt\u00e4, ett\u00e4 lakitoimisto on erikoistunut ja kokenut Japanin markkinoilla. <\/p>\n\t\t<p class=\"mgb-middle\">Pienist\u00e4 summista yli 100 miljoonan jenin kauppoihin, MONOLITH LAW OFFICE on k\u00e4sitellyt lukuisia M&amp;A-transaktioita lakitoimistona, jolla on vahva asiantuntemus IT-liiketoiminnassa. Autamme sinua jokaisessa prosessin vaiheessa, sopimusten laatimisesta YouTube-kanavien ja muiden yritysten due diligence -tarkastuksiin (DD).<\/p>\n\t<\/div>\n\t<\/div>\n\t<\/div>\n<\/section>\n\n<section class=\"purple-section\">\n\t<div id=\"IT\"><\/div>\n\t<div class=\"section-inner\">\n\t<div class=\"flex reverse\">\n\t<div class=\"width41\"><img decoding=\"async\" src=\"\/wp-content\/themes\/monolith2021\/img\/pic\/pic_practices-itlaw.jpg\" alt=\"IT\" \/><\/div>\n\t<div class=\"width51\">\n\t\t<h3>IT<\/h3>\n\t\t<p class=\"mgb-middle\">J\u00e4rjestelm\u00e4kehitys VTubers-alalla on eritt\u00e4in erikoistunut ala Japanissa. Tekij\u00e4noikeuksien tuntemus on v\u00e4ltt\u00e4m\u00e4t\u00f6nt\u00e4 videoiden, kuvien ja tuotantojen k\u00e4sittelyn hallitsemiseksi, jotka tapahtuvat SNS-toiminnoissa. Toimistomme edustavilla asianajajilla on kokemusta IT-insin\u00f6\u00f6rein\u00e4 ja he tarjoavat palveluita riitojen ratkaisemisessa ja j\u00e4rjestelm\u00e4kehitysongelmien ehk\u00e4isemisess\u00e4. Tarjoamme eritt\u00e4in erikoistunutta IT- ja IP-oikeudellista tukea lukuisille yrityksille, mukaan lukien TSE:n p\u00e4\u00e4listalla olevat yritykset Japanissa.<\/p>\n\t\t<div class=\"btn-area align-left\">\n\t\t\t<div class=\"btn icon-it\"><a href=\"\/fi\/it\">IT<\/a><\/div>\n\t\t<\/div>\n\t<\/div>\n\t<\/div>\n\t<\/div>\n<\/section>\n\n<section class=\"white-section\">\n\t<div id=\"countermeasures-against-reputational-damage\"><\/div>\n\t<div class=\"section-inner\">\n\t<div class=\"flex\">\n\t<div class=\"width41\"><img decoding=\"async\" src=\"\/wp-content\/themes\/monolith2021\/img\/pic\/pic_practices-reputation.jpg\" alt=\"Maineen vahingoittamisen vastatoimet\" \/><\/div>\n\t<div class=\"width51\">\n\t\t<h3>Mainetta vahingoittavien toimien vastatoimet<\/h3>\n\t\t<p class=\"mgb-small\">Kun YouTuberit ja VTuberit kasvattavat katsojam\u00e4\u00e4ri\u00e4\u00e4n, he voivat kohdata maineeseen kohdistuvia vahinkoja internetiss\u00e4. Uskomme kuitenkin, ett\u00e4 liiallisen panettelun ja henkil\u00f6kohtaisten tietojen vuotamisen vastaisiin toimiin tulee aina ryhty\u00e4.<\/p>\n\t\t<p class=\"mgb-middle\">MONOLITH LAW OFFICE -toimistollamme on laaja kokemus ja asiantuntemus internetiss\u00e4 levi\u00e4vien huhujen poistamisessa ja niiden kirjoittajien tunnistamisessa. Olemme saaneet lukuisia pyynt\u00f6j\u00e4 asiakkailta, jotka vaihtelevat Tokion p\u00f6rssin p\u00e4\u00e4listan yrityksist\u00e4 yksityishenkil\u00f6ihin, mik\u00e4 osoittaa sitoutumisemme suojelemaan YouTuberien ja VTuberien mainetta Japanissa.<\/p>\n\t<\/div>\n\t<\/div>\n\t<\/div>\n<\/section>\n\n<section class=\"orange-section\">\n\t<div class=\"anchor\" id=\"writings-and-other-activities\"><\/div>\n\t<div class=\"section-inner\">\n\t\t<div class=\"frame2 max-width860 txt-center-pc\">\n\t\t\t<p class=\"bold txt-l mgb-small\">Kirjoitukset ja muut YouTuber\/VTuber-oikeusasioiden parissa tehdyt toimet<\/p>\n\t\t\t<p>YouTuberien ja VTuberien oikeusasiat ovat eritt\u00e4in erikoistuneita alueita.<br>Perustajalakimiehemme Toki Kawase osallistuu kirjoittamiseen ja muihin n\u00e4ihin aloihin liittyviin toimiin.<\/p>\n\t\t<\/div>\n\t<\/div>\n<\/section>\n\n<section class=\"white-section\">\n\t<div class=\"section-inner\">\n\t\t<div class=\"flex reverse\">\n\t\t\t<div class=\"width41\"><img decoding=\"async\" src=\"\/wp-content\/uploads\/2022\/11\/it_law_book.jpg\"><\/div>\n\t\t\t<div class=\"width51\">\n\t\t\t\t<h3>Julkaisut YouTuber- ja VTuber-oikeusasioihin erikoistuneena lakimiehen\u00e4<\/h3>\n\t\t\t\t<p class=\"mgb-small\">Perustajalakimiehemme julkaisi kirjan &#8220;IT-lakimies, kerro minulle YouTuber-lakien ja k\u00e4ytt\u00f6ehtojen&#8221;, jossa erilaisia Japanin YouTubereita koskevia oikeudellisia kysymyksi\u00e4 k\u00e4sitell\u00e4\u00e4n kysymys- ja vastausmuodossa. Keskusteltavia aiheita ovat muun muassa &#8220;Onko salainen markkinointi lain rikkomus?&#8221;, &#8220;Onko tarpeen sumentaa rekisterikilvet?&#8221; ja niin edelleen.<\/p>\n\t\t\t\t<p>Toinen julkaisu, &#8220;Opas YouTubeen liittyviin lakeihin oikeusammattilaisille&#8221;, on k\u00e4yt\u00e4nn\u00f6n opaskirja YouTuber-oikeusasioista lakimiehille ja yritysten PR-agentteille.<\/p>\n\t\t\t<\/div>\n\t\t<\/div>\n\t<\/div>\n<\/section>\n\n<section class=\"white-section\">\n\t<div class=\"section-inner\">\n\t\t<div class=\"flex\">\n\t\t\t<div class=\"width41\"><img decoding=\"async\" src=\"\/wp-content\/themes\/monolith2021\/img\/practices-youtuberlaw\/practices-youtuberlaw_pic2.jpg\"><\/div>\n\t\t\t<div class=\"width51\">\n\t\t\t\t<h3>Perustajajuristimme vieraili vieraana &#8220;ABEMA Prime&#8221; -ohjelmassa<\/h3>\n\t\t\t\t<p class=\"mgb-small\">Perustajajuristimme oli vieraana &#8220;ABEMA Prime&#8221; -ohjelmassa, joka on yksi Japanin suosituimmista suoratoistettavista ohjelmista. <br>H\u00e4n esiintyi vieraana asiantuntijajuristina, jolla on erityisosaamista YouTubereihin ja VTubereihin liittyviss\u00e4 oikeudellisissa kysymyksiss\u00e4.<\/p>\n\t\t\t\t<p>16. helmikuuta 2022: oikeudelliset kysymykset, kuten VTubereiden yksityisyyden suoja<br>20. toukokuuta 2022: oikeudelliset kysymykset, jotka liittyv\u00e4t voimakkaaseen vastareaktioon vaikuttajia kohtaan<\/p>\n\t\t\t<\/div>\n\t\t<\/div>\n\t<\/div>\n<\/section>\n\n<section class=\"white-section\">\n\t<div id=\"examples-of-our-clients\"><\/div>\n\t<div class=\"section-inner\">\n\t<h3>Esimerkkej\u00e4 MONOLITH LAW OFFICEn YouTuber- ja VTuber-asiakkaista<\/h3>\n\t<ul class=\"layout-column4 mgb-middle\">\n\t \t<li>\n\t\t\t<div><img decoding=\"async\" src=\"\/wp-content\/themes\/monolith2021\/img\/practices-youtuberlaw\/practices-youtuberlaw_client_pic1.jpg\" alt=\"Carry On Inc.\" \/><\/div>\n\t\t\t<h4><a href=\"https:\/\/carry0n.co.jp\/\" target=\"_blank\" rel=\"noopener noreferrer\">Carry On Inc.<\/a><\/h4>\n\t\t\tOlemme ty\u00f6skennelleet Carry On Inc.:n kanssa pian yrityksen perustamisen j\u00e4lkeen, ja projekteihimme kuuluvat suositut YouTuberit kuten Kimagure Cook, Bryan, Channel Gado Man sek\u00e4 monet muut sis\u00e4ll\u00f6ntuottajat.\n\t\t<\/li>\n\t \t<li>\n\t\t\t<div><img decoding=\"async\" src=\"\/wp-content\/themes\/monolith2021\/img\/practices-youtuberlaw\/practices-youtuberlaw_client_pic2.jpg\" alt=\"Tenchim\" \/><\/div>\n\t\t\t<h4><a href=\"https:\/\/www.youtube.com\/channel\/UCXzU-b8I0Y_fhMkLQMYt3vA\" target=\"_blank\" rel=\"noopener noreferrer\">Tenchim<\/a><\/h4>\n\t\t\tOlemme ty\u00f6skennelleet projektissa Tenchimille, bloggaajalle, TV-persoonalle ja mallille, joka py\u00f6ritt\u00e4\u00e4 &#8220;Tenchim CH\/tenchim&#8221; -kanavaa.\n\t\t<\/li>\n\t \t<li>\n\t\t\t<div><img decoding=\"async\" src=\"\/wp-content\/themes\/monolith2021\/img\/practices-youtuberlaw\/practices-youtuberlaw_client_pic3.png\" alt=\"Mirai Akari\" \/><\/div>\n\t\t\t<h4><a href=\"https:\/\/akari-mir.ai\/\" target=\"_blank\" rel=\"noopener noreferrer\">Mirai Akari<\/a><\/h4>\n\t\t\tOlemme ty\u00f6skennelleet ZIZAI Corporationin kanssa vuodesta 2016 l\u00e4htien, ennen kuin sen VTuber Mirai Akari debytoi vuonna 2017.\n\t\t<\/li>\n\t \t<li>\n\t\t\t<div><img decoding=\"async\" src=\"\/wp-content\/themes\/monolith2021\/img\/practices-youtuberlaw\/practices-youtuberlaw_client_pic4.png\" alt=\"Teiko Penguin\" \/><\/div>\n\t\t\t<h4><a href=\"https:\/\/www.youtube.com\/channel\/UCUTgXNqRBqR33D5q10DfQXw\" target=\"_blank\" rel=\"noopener noreferrer\">Teiko Penguin<\/a><\/h4>\n\t\t\tOlemme ty\u00f6skennelleet Plott Corporationin kanssa vuodesta 2018 l\u00e4htien, jopa ennen kuin sen animoitu YouTube-kanava &#8220;Teiko Penguin&#8221; aloitti toimintansa.\n\t\t<\/li>\n\t<\/ul>\n\t<p class=\"txt-s\">*T\u00e4m\u00e4 on osittainen lista yrityksist\u00e4, jotka ovat antaneet meille luvan paljastaa, ett\u00e4 he ovat asiakkaitamme, tai jotka ovat rekister\u00f6ityneet johtajiksi.<br>Todellisuudessa ty\u00f6skentelemme monien asiakkaiden, mukaan lukien freelance YouTuberien, parissa.<br>Periaatteessa pid\u00e4mme henkil\u00f6llisyytesi luottamuksellisena salassapitosopimuksen mukaisesti.<\/p>\n\t<\/div>\n<\/section>\n\n<section class=\"purple2-section\">\n\t<div class=\"anchor\" id=\"monolith-law-magazine\"><\/div>\n\t<div class=\"section-inner\">\n\t\t    <section class=\"white-section temp-article\">\n        <div class=\"section-inner\">\n            <h4>MONOLITH LAW MAGAZINE<\/h4>\n            <div class=\"articles type_practice_column\">\n                                                                    <div class=\"article article-area\">\n                        <figure>\n                            <div class=\"img-wrap\">\n                                <img alt=\"Mit\u00e4 YouTube-k\u00e4ytt\u00f6ehdoissa tulisi huomioida pelien striimausvideoita tehdess\u00e4?\" src=\"https:\/\/monolith.law\/fi\/wp-content\/uploads\/sites\/30\/2024\/07\/Shutterstock_2091406600.webp\" width=\"500\" height=\"250\">\n                            <\/div>\n                            <figcaption>\n                                <div class=\"figcaption-inner\">\n                                    <h3>Mit\u00e4 YouTube-k\u00e4ytt\u00f6ehdoissa tulisi huomioida pelien striimausvideoita tehdess\u00e4?<\/h3>\n                                <\/div>\n                            <\/figcaption>\n                            <a href=\"https:\/\/monolith.law\/fi\/internet\/youtube-game-play-videos\"><\/a>\n                        <\/figure>\n                    <\/div>\n                                                    <div class=\"article article-area\">\n                        <figure>\n                            <div class=\"img-wrap\">\n                                <img alt=\"Mit\u00e4 ovat YouTuben viisi kielletty\u00e4 asiaa 'Yhteis\u00f6n s\u00e4\u00e4nn\u00f6t'? T\u00e4rke\u00e4\u00e4 tietoa tilin j\u00e4\u00e4dytt\u00e4misen v\u00e4ltt\u00e4miseksi\" src=\"https:\/\/monolith.law\/fi\/wp-content\/uploads\/sites\/30\/2024\/08\/Shutterstock_246432538.webp\" width=\"500\" height=\"250\">\n                            <\/div>\n                            <figcaption>\n                                <div class=\"figcaption-inner\">\n                                    <h3>Mit\u00e4 ovat YouTuben viisi kielletty\u00e4 asiaa 'Yhteis\u00f6n s\u00e4\u00e4nn\u00f6t'? T\u00e4rke\u00e4\u00e4 tietoa til.<\/h3>\n                                <\/div>\n                            <\/figcaption>\n                            <a href=\"https:\/\/monolith.law\/fi\/internet\/youtube-community-guidelines-prohibitions\"><\/a>\n                        <\/figure>\n                    <\/div>\n                                                    <div class=\"article article-area\">\n                        <figure>\n                            <div class=\"img-wrap\">\n                                <img alt=\"Kuvauslupa puuttuu \u2013 miss\u00e4 m\u00e4\u00e4rin luvaton kuvaaminen ja julkaiseminen on laillisesti sallittua? Selit\u00e4mme nelj\u00e4 keskeist\u00e4 kysymyst\u00e4\" src=\"https:\/\/monolith.law\/fi\/wp-content\/uploads\/sites\/30\/2024\/08\/Shutterstock_1830157235.webp\" width=\"500\" height=\"250\">\n                            <\/div>\n                            <figcaption>\n                                <div class=\"figcaption-inner\">\n                                    <h3>Kuvauslupa puuttuu \u2013 miss\u00e4 m\u00e4\u00e4rin luvaton kuvaaminen ja julkaiseminen on laillis.<\/h3>\n                                <\/div>\n                            <\/figcaption>\n                            <a href=\"https:\/\/monolith.law\/fi\/internet\/copyright-permission-photograph\"><\/a>\n                        <\/figure>\n                    <\/div>\n                                            <\/div>\n            <div class=\"btn-more\"><a href=\"https:\/\/monolith.law\/fi\/tag\/legal-support-for-youtuber\">Read More<\/a><\/div>\n        <\/div>\n    <\/section>\n\t<\/div>\n<\/section>\n\n<section class=\"orange2-section\">\n\t<div class=\"anchor\" id=\"fee-structure\"><\/div>\n\t<div class=\"section-inner\">\n\t<div class=\"planWrap\">\n\t<h3>Palkkiorakenne<\/h3>\n\t<ul class=\"plan\">\n\t\t<li class=\"txt-left\">\n\t\t\t<div class=\"plan-inner\">\n\t\t\t<div class=\"plan-header\">\n\t\t\t<h4 class=\"plan-title\">Tuntiveloitus<\/h4>\n\t\t\t<div class=\"plan-price\"><span class=\"price-figure\">$300<\/span>tunnissa<span class=\"price-tax\"><\/span><\/div>\n\t\t\t<\/div>\n\t\t\t<div class=\"plan-body\">Tietyiss\u00e4 tapauksissa saatamme harkita riidan tai kanteen vastaanottamista aloitusmaksulla ja tulospalkkiolla. Lis\u00e4tietoja varten ota rohkeasti yhteytt\u00e4 meihin.<\/div>\n\t\t\t<\/div>\n\t\t<\/li>\n\t\t<li class=\"txt-left\">\n\t\t\t<div class=\"plan-inner\">\n\t\t\t<div class=\"plan-header\">\n\t\t\t<h4 class=\"plan-title\">Sopimusten Laatiminen<\/h4>\n\t\t\t<div class=\"plan-price\"><span class=\"price-value\">alkaen<\/span><span class=\"price-figure\">$500<\/span><span class=\"price-value\">to $2,000 tai enemm\u00e4n<\/span><span class=\"price-tax\"><\/span><\/div>\n\t\t\t<\/div>\n\t\t\t<div class=\"plan-body\">Hinnoittelurakenne voi vaihdella sopimusten tyypin ja m\u00e4\u00e4r\u00e4n mukaan. Tarjoamme mielell\u00e4mme alustavan arvion tiedustelun yhteydess\u00e4, joten \u00e4l\u00e4 ep\u00e4r\u00f6i ottaa meihin yhteytt\u00e4 saadaksesi lis\u00e4tietoja.<\/div>\n\t\t\t<\/div>\n\t\t<\/li>\n\t\t<li class=\"txt-left\">\n\t\t\t<div class=\"plan-inner\">\n\t\t\t<div class=\"plan-header\">\n\t\t\t<h4 class=\"plan-title\">Muut Palvelut<\/h4>\n\t\t\t<div class=\"plan-price\"><span class=\"price-figure\">Ota Yhteytt\u00e4<\/span><\/div>\n\t\t\t<\/div>\n\t\t\t<div class=\"plan-body\">Tarjoamme laajan valikoiman palveluita, joihin kuuluvat yrityksen perustaminen, sopimusten tarkastus, oikeudelliset lausunnot, tapausten katselmus tai tutkimuskirjeet. Jos sinulla on kysytt\u00e4v\u00e4\u00e4 tai huolenaiheita, kutsun sinut syd\u00e4mellisesti ottamaan yhteytt\u00e4 meihin, ja asiantunteva tiimimme auttaa sinua mielell\u00e4\u00e4n.<\/div>\n\t\t\t<\/div>\n\t\t\t<\/div>\n\t\t<\/li>\n\t<\/ul>\n\t<\/div>\n\t<\/div>\n<\/section>\n\n<section class=\"white-section\">\n\t<div class=\"section-inner\">\n\t\t<div class=\"btn-area\">\n\t\t\t<div class=\"btn icon-contact\"><a href=\"\/fi\/contact\">Ota Yhteytt\u00e4<\/a><\/div>\n\t\t<\/div>\n\t<\/div>\n<\/section>\n","protected":false},"excerpt":{"rendered":"<p>Lakituelliset palvelut YouTubereille Verkko-vaikuttajien hallinta vaatii osaamista, joka eroaa perinteisen viihdeteollisuuden ja median hallinnasta. Ymm\u00e4rr\u00e4mme japanilaisen lains\u00e4\u00e4d\u00e4nn\u00f6n vivahteet ja  [&hellip;]<\/p>\n","protected":false},"author":1,"featured_media":57171,"parent":0,"menu_order":0,"comment_status":"closed","ping_status":"closed","template":"non-other-page-temp.php","meta":{"footnotes":""},"acf":[],"_links":{"self":[{"href":"https:\/\/monolith.law\/fi\/wp-json\/wp\/v2\/pages\/55833"}],"collection":[{"href":"https:\/\/monolith.law\/fi\/wp-json\/wp\/v2\/pages"}],"about":[{"href":"https:\/\/monolith.law\/fi\/wp-json\/wp\/v2\/types\/page"}],"author":[{"embeddable":true,"href":"https:\/\/monolith.law\/fi\/wp-json\/wp\/v2\/users\/1"}],"replies":[{"embeddable":true,"href":"https:\/\/monolith.law\/fi\/wp-json\/wp\/v2\/comments?post=55833"}],"version-history":[{"count":28,"href":"https:\/\/monolith.law\/fi\/wp-json\/wp\/v2\/pages\/55833\/revisions"}],"predecessor-version":[{"id":66003,"href":"https:\/\/monolith.law\/fi\/wp-json\/wp\/v2\/pages\/55833\/revisions\/66003"}],"wp:featuredmedia":[{"embeddable":true,"href":"https:\/\/monolith.law\/fi\/wp-json\/wp\/v2\/media\/57171"}],"wp:attachment":[{"href":"https:\/\/monolith.law\/fi\/wp-json\/wp\/v2\/media?parent=55833"}],"curies":[{"name":"wp","href":"https:\/\/api.w.org\/{rel}","templated":true}]}}