{"id":56075,"date":"2023-11-06T23:50:40","date_gmt":"2023-11-06T14:50:40","guid":{"rendered":"https:\/\/monolith.law\/fi\/?page_id=56075"},"modified":"2024-02-07T17:10:23","modified_gmt":"2024-02-07T08:10:23","slug":"it","status":"publish","type":"page","link":"https:\/\/monolith.law\/fi\/it","title":{"rendered":"IT"},"content":{"rendered":"\n<section class=\"heading-area\">\n\t<div class=\"heading-area-inner\">\n\t\t<h2 class=\"icon-it\">IT<\/h2>\n\t\t<p>Teknologian nopeasti kehittyv\u00e4ss\u00e4 yhteiskunnassa on elint\u00e4rke\u00e4\u00e4, ett\u00e4 yritysjuristeilla on syv\u00e4llinen ymm\u00e4rrys yrityksen IT:st\u00e4 ja IP:st\u00e4 Japanissa. Toimistomme vahvuus piilee erikoistuneessa tiimiss\u00e4mme t\u00e4ll\u00e4 alueella.<\/p>\n\t<\/div>\n<\/section>\n\n<section class=\"white-section\">\n\t<div class=\"section-inner pdt0  border-bottom-section\">\n\t\t<p>IT-yritysten asianajajien on t\u00e4rke\u00e4\u00e4 ymm\u00e4rt\u00e4\u00e4 teknologiaa ja toimintoja, jotka liittyv\u00e4t IT:hen ja immateriaalioikeuksiin yrityksen p\u00e4ivitt\u00e4isess\u00e4 liiketoiminnassa. Ilman IT:n tuntemusta ja ymm\u00e4rryst\u00e4 on mahdotonta huolellisesti tarkastella sopimuksia ja muita asiakirjoja, jotka liittyv\u00e4t k\u00e4sitelt\u00e4viin tuotteisiin ja ovat yrityksille \u00e4\u00e4rimm\u00e4isen t\u00e4rkeit\u00e4, eik\u00e4 ongelmien ratkaisemista ja ennaltaehk\u00e4isy\u00e4 voida harkita, jos niit\u00e4 ilmenee. MONOLITH LAW OFFICE k\u00e4sittelee tapauksia, jotka koskevat paitsi IT-alan startup-yrityksi\u00e4 ja p\u00f6rssiyhti\u00f6it\u00e4, my\u00f6s IT- ja internetasioita, jotka liittyv\u00e4t ei-IT-yrityksiin IT- ja IP-asianajajana.<\/p>\n\t<\/div>\n<\/section>\n\n\n<section class=\"white-section\">\n\t<div class=\"section-inner\">\n\t\t<h3 class=\"ttl-white\">Nyky\u00e4\u00e4n IT on l\u00e4sn\u00e4 kaikilla yritystoiminnan osa-alueilla<\/h3>\n\t\t<ul class=\"layout-column4\">\n\t\t\t<li>\n\t\t\t\t<h4>Ravintola-alalle<\/h4>\n\t\t\t\t<div><img decoding=\"async\" src=\"\/wp-content\/themes\/monolith2021\/img\/practices-itlaw\/practices-itlaw_illust1.png\"><\/div>\n\t\t\t\t<p>Asiakkaiden houkutteleminen <span class=\"bold\">web-markkinoinnin<\/span> kautta edellytt\u00e4\u00e4 IT-palveluiden ulkoistamista ja IT-yritysten k\u00e4ytt\u00f6\u00e4.<\/p>\n\t\t\t<\/li>\n\t\t\t<li>\n\t\t\t\t<h4>Valmistusteollisuudelle<\/h4>\n\t\t\t\t<div><img decoding=\"async\" src=\"\/wp-content\/themes\/monolith2021\/img\/practices-itlaw\/practices-itlaw_illust2.png\"><\/div>\n\t\t\t\t<p>Jatkuva <span class=\"bold\">IT-pohjaisen tiedon<\/span> kehitt\u00e4minen on olennaista tuotannonhallinnassa.<\/p>\n\t\t\t<\/li>\n\t\t\t<li>\n\t\t\t\t<h4>E-kauppaa harjoittaville yrityksille<\/h4>\n\t\t\t\t<div><img decoding=\"async\" src=\"\/wp-content\/themes\/monolith2021\/img\/practices-itlaw\/practices-itlaw_illust3.png\"><\/div>\n\t\t\t\t<p>E-kauppasivustojen hallinta ja <span class=\"bold\">web-median markkinointitoiminnot<\/span> ovat my\u00f6s osa IT-liiketoimintaamme.<\/p>\n\t\t\t<\/li>\n\t\t\t<li>\n\t\t\t\t<h4>Viihdeteollisuudelle<\/h4>\n\t\t\t\t<div><img decoding=\"async\" src=\"\/wp-content\/themes\/monolith2021\/img\/practices-itlaw\/practices-itlaw_illust4.png\"><\/div>\n\t\t\t\t<p>Internet on v\u00e4ltt\u00e4m\u00e4t\u00f6n <span class=\"bold\">median hallinnassa ja sis\u00e4ll\u00f6n jakelussa<\/span>.<\/p>\n\t\t\t<\/li>\n\t\t<\/ul>\n\t<\/div>\n<\/section>\n\n<section class=\"white-section\">\n\t<div class=\"section-inner pdt0\">\n\t\t<p class=\"txt-l txt-center mgb-middle\">Hy\u00f6dynn\u00e4mme toimistomme Managing Attorney Toki Kawasen kokemusta, joka on entinen IT-insin\u00f6\u00f6ri<br>Koska olemme <span class=\"bold\">lakitoimisto, jolla on vahvuutta japanilaisessa IT\/IP-oikeudessa<\/span><\/p>\n\t\t<div class=\"frame2 max-width860 txt-center-pc\">\n\t\t\t<p class=\"txt-l\"><span class=\"bold\">Voimme k\u00e4sitell\u00e4 kaikki IT- ja startup-yritysten oikeudelliset asiat.<br>Ei-IT-yrityksille toimimme<br>&#8220;IT\/IP-oikeudellisina neuvonantajina&#8221;.<\/p>\n\t\t<\/div>\n\t<\/div>\n<\/section>\n\n<section class=\"second-nav\">\n\t<div class=\"second-nav-inner\">\n\t\t<p>AIHEET<\/p>\n\t\t<nav>\n\t\t\t<ul>\n\t\t\t\t<li><a href=\"#system-development\">J\u00e4rjestelm\u00e4kehitys<\/a><\/li>\n\t\t\t\t<li><a href=\"#terms-of-use\">K\u00e4ytt\u00f6ehdot<\/a><\/li>\n\t\t\t\t<li><a href=\"#crypto-assets-and-blockchain\">Kryptovaluutat ja lohkoketju<\/a><\/li>\n\t\t\t\t<li><a href=\"#ai-chatgpt-etc\">AI (ChatGPT ym.)<\/a><\/li>\n\t\t\t\t<li><a href=\"#games\">Pelit<\/a><\/li>\n\t\t\t\t<li><a href=\"#swift-and-efficient-tech-legal-analysis\">Nopea ja tehokas tekninen\/oikeudellinen analyysi<\/a><\/li>\n\t\t\t\t<li><a href=\"#intellectual-property-rights\">Immateriaalioikeudet<\/a><\/li>\n\t\t\t\t<li><a href=\"#domain-name-disputes\">Verkkotunnuskiistat<\/a><\/li>\n\t\t\t\t<li><a href=\"#e-commerce\">E-kauppa<\/a><\/li>\n\t\t\t\t<li><a href=\"#medical-law\">L\u00e4\u00e4kint\u00e4oikeus<\/a><\/li>\n\t\t\t\t<li><a href=\"#cybercrime\">Kyberrikollisuus<\/a><\/li>\n\t\t\t\t<li><a href=\"#monolith-law-magazine\">MONOLITH LAW MAGAZINE<\/a><\/li>\n\t\t\t\t<li><a href=\"#fee-structure\">Palkkiorakenne<\/a><\/li>\n\t\t\t<\/ul>\n\t\t<\/nav>\n\t<\/div>\n<\/section>\n\n\n<section class=\"white-section\">\n\t<div class=\"anchor\" id=\"system-development\"><\/div>\n\t<div class=\"section-inner\">\n\t\t<div class=\"flex\">\n\t\t\t<div class=\"width41\"><img decoding=\"async\" src=\"\/wp-content\/themes\/monolith2021\/img\/practices-itlaw\/practices-itlaw_pic1.jpg\" alt=\"J\u00e4rjestelm\u00e4kehitys\"><\/div>\n\t\t\t<div class=\"width51\">\n\t\t\t\t<h3>J\u00e4rjestelm\u00e4kehitys<\/h3>\n\t\t\t\t<p class=\"mgb-middle\">Olemme lakitoimisto, jota johtaa entinen IT-insin\u00f6\u00f6ri, ja erikoistumme j\u00e4rjestelm\u00e4kehityksen asioihin, sopimusten laatimisesta, tarkistamisesta ja neuvottelemisesta riitojen ratkaisemiseen. Laadimme my\u00f6s sopimuksia alusta alkaen olemassa olevien materiaalien, kuten ehdotusasiakirjojen, perusteella minimoiden asiakashaastattelut.<\/p>\n\t\t\t\t<div class=\"btn-area align-left\">\n\t\t\t\t\t<div class=\"btn icon-system-development\"><a href=\"\/fi\/system-development\">J\u00e4rjestelm\u00e4kehitys<\/a><\/div>\n\t\t\t\t<\/div>\n\t\t\t<\/div>\n\t\t<\/div>\n\t<\/div>\n<\/section>\n\n<section class=\"orange-section\">\n\t<div class=\"anchor\" id=\"terms-of-use\"><\/div>\n\t<div class=\"section-inner\">\n\t\t<div class=\"flex reverse\">\n\t\t\t<div class=\"width41\"><img decoding=\"async\" src=\"\/wp-content\/themes\/monolith2021\/img\/practices-itlaw\/practices-itlaw_pic2.jpg\" alt=\"Sovellusten k\u00e4ytt\u00f6ehtojen tarkistus\"><\/div>\n\t\t\t<div class=\"width51\">\n\t\t\t\t<h3>K\u00e4ytt\u00f6ehdot<\/h3>\n\t\t\t\t<p class=\"mgb-middle\">MONOLITH LAW OFFICE k\u00e4sittelee erilaisten sovellusten, palveluiden ja pelien k\u00e4ytt\u00f6ehtojen ja tietosuojak\u00e4yt\u00e4nt\u00f6jen luomista ja tarkistamista Japanissa. Lis\u00e4ksi voimme lukea vaatimustenm\u00e4\u00e4rittelynne kyseist\u00e4 sovelluskehityst\u00e4 varten, Adobe XD -rakenteet, LP:t, myyntimateriaalit potentiaalisille asiakkaille ja muut olemassa olevat asiakirjat ja tiedot.<\/p>\n\t\t\t\t<div class=\"btn-area align-left\">\n\t\t\t\t\t<div class=\"btn icon-terms-of-use\"><a href=\"\/fi\/terms-of-use\">K\u00e4ytt\u00f6ehdot<\/a><\/div>\n\t\t\t\t<\/div>\n\t\t\t<\/div>\n\t\t<\/div>\n\t<\/div>\n<\/section>\n\n<section class=\"white-section\">\n\t<div class=\"anchor\" id=\"crypto-assets-and-blockchain\"><\/div>\n\t<div class=\"section-inner\">\n\t\t<div class=\"flex\">\n\t\t\t<div class=\"width41\"><img decoding=\"async\" src=\"\/wp-content\/uploads\/2022\/07\/shutterstock_1151380622_2.png\" alt=\"Crypto Assets and Blockchain\"><\/div>\n\t\t\t<div class=\"width51\">\n\t\t\t\t<h3>Kryptovaluutat ja lohkoketjut<\/h3>\n\t\t\t\t<p class=\"mgb-middle\">Lohkoketjut ovat hajautettuja tietokantoja, joilla on eritt\u00e4in pieni riski tietueiden menett\u00e4misest\u00e4, ne tekev\u00e4t menneiden tietueiden v\u00e4\u00e4rent\u00e4misen vaikeammaksi ja ne mahdollistavat IT-tekniikat, kuten konsensusalgoritmit, salauksen ja P2P-verkot. MONOLITH LAW OFFICE on ollut mukana kryptovaluutta- ja lohkoketjuoikeudellisessa ty\u00f6ss\u00e4 pian sen perustamisen j\u00e4lkeen vuonna 2017.<\/p>\n\t\t\t\t<div class=\"btn-area align-left\">\n\t\t\t\t\t<div class=\"btn icon-crypto-asset-and-blockchain\"><a href=\"\/fi\/crypto-asset-and-blockchain\">Kryptovaluutat<br>ja lohkoketjut<\/a><\/div>\n\t\t\t\t<\/div>\n\t\t\t<\/div>\n\t\t<\/div>\n\t<\/div>\n<\/section>\n\n<section class=\"purple-section\">\n\t<div class=\"anchor\" id=\"ai-chatgpt-etc\"><\/div>\n\t<div class=\"section-inner\">\n\t\t<div class=\"flex reverse\">\n\t\t\t<div class=\"width41\"><img decoding=\"async\" src=\"\/wp-content\/themes\/monolith2021\/img\/practices-itlaw\/practices-itlaw_pic5.jpg\" alt=\"AI (ChatGPT, etc.)\"><\/div>\n\t\t\t<div class=\"width51\">\n\t\t\t\t<h3>AI (ChatGPT jne.)<\/h3>\n\t\t\t\t<p class=\"mgb-small\">Tarjoamme IT-startup-yrityksille ja liikeyrityksille oikeudellisia tarkastuksia, sopimusten k\u00e4sittely\u00e4 ja hallituksen ilmoitustukea kuva- ja luonnollisen kielen AI-palveluille sek\u00e4 tekij\u00e4noikeuslakiin, henkil\u00f6tietojen suojalakiin jne. liittyviss\u00e4 asioissa.<\/p>\n\t\t\t\t<p class=\"mgb-middle\">Joissakin tapauksissa tutkimme teknisi\u00e4 asiakirjoja ja l\u00e4hdekoodia ymm\u00e4rt\u00e4\u00e4ksemme kirjaston tarkan toiminnan ennen palvelun laillisuuden ja sen laillisen toiminnan Japanissa vaadittavan j\u00e4rjestelm\u00e4n arviointia.<\/p>\n\t\t\t\t<div class=\"btn-area align-left\">\n\t\t\t\t\t<div class=\"btn icon-ai\"><a href=\"\/fi\/ai\">AI (ChatGPT jne.)<\/a><\/div>\n\t\t\t\t<\/div>\n\t\t\t<\/div>\n\t\t<\/div>\n\t<\/div>\n<\/section>\n\n<section class=\"white-section mgt-section \">\n\t<div class=\"anchor\" id=\"games\"><\/div>\n\t<div class=\"section-inner-black\">\n\t\t<h3>Pelit<\/h3>\n\t\t<p class=\"mgb-middle\"> Japanissa useat lait s\u00e4\u00e4telev\u00e4t sosiaalisten pelien toimintaa, mukaan lukien tekij\u00e4noikeuslaki, laki perusteettomia palkkioita ja harhaanjohtavia esityksi\u00e4 vastaan, varojen selvityslaki, kuluttajasopimuslaki, erityiset kaupalliset transaktiot ja teleliiketoimintalaki ovat p\u00e4\u00e4asiallisia.<br> Riitojen ja hallituksen rangaistusten v\u00e4ltt\u00e4miseksi on v\u00e4ltt\u00e4m\u00e4t\u00f6nt\u00e4 varmistaa lainmukaisuus.<br> Toimistomme toimii my\u00f6s oikeudellisena neuvonantajana videopelien ja e-urheiluyrityksille Japanissa, mik\u00e4 edellytt\u00e4\u00e4 alan ymm\u00e4rt\u00e4mist\u00e4 laillisen toiminnan varmistamiseksi.<\/p>\n\t<\/div>\n<\/section>\n\n<section class=\"white-section\">\n\t<div class=\"anchor\" id=\"swift-and-efficient-tech-legal-analysis\"><\/div>\n\t<div class=\"section-inner\">\n\t\t<div class=\"flex reverse\">\n\t\t\t<div class=\"width41\"><img decoding=\"async\" src=\"\/wp-content\/themes\/monolith2021\/img\/pic\/pic_draft.jpg\" alt=\"Luonnostelu minimaalisella k\u00e4ytt\u00f6ajalla\"><\/div>\n\t\t\t<div class=\"width51\">\n\t\t\t\t<h3>Minimaalinen aika luonnoksen laatimiseen<\/h3>\n\t\t\t\t<p class=\"mgb-middle\">Hallintolakimiehemme, joka on entinen IT-insin\u00f6\u00f6ri, ja IT-konsulttitiimimme avulla tarjoamme yhden pys\u00e4kin teknisen analyysin ja oikeudellisen tarkastelun palveluita, erityisesti edistyneille teknologioille, kuten AI:lle.<\/p>\n\t\t\t\t<p>Palveluiden laillisuutta, jotka k\u00e4ytt\u00e4v\u00e4t edistynytt\u00e4 teknologiaa, erityisesti AI:ta, ei voida m\u00e4\u00e4ritt\u00e4\u00e4 ilman teknist\u00e4 ymm\u00e4rryst\u00e4 siit\u00e4, miten t\u00e4llaiset palvelut toimivat. Yhden pys\u00e4kin palveluna voimme tarjota sek\u00e4 teknisen analyysin ett\u00e4 oikeudellisen tarkastelun.<\/p>\n\t\t\t<\/div>\n\t\t<\/div>\n\t<\/div>\n<\/section>\n\n<section class=\"white-section mgb-section80\">\n\t<div class=\"anchor\" id=\"intellectual-property-rights\"><\/div>\n\t<div class=\"section-inner-black\">\n\t\t<h3>Henkisen omaisuuden<\/h3>\n\t\t<p class=\"mgb-middle\">We handle IP strategy planning, contractual relations and litigation in both the IT and entertainment fields.\nIn the case of disputes, we also handle highly specialized litigation, such as litigation over patent ownership rights.<\/p>\n\t<\/div>\n<\/section>\n\n<section class=\"white-section mgt-section80\">\n\t<div class=\"anchor\" id=\"domain-name-disputes\"><\/div>\n\t<div class=\"section-inner-black\">\n\t\t<h3>Verkkotunnusriidat<\/h3>\n\t\t<p class=\"mgb-middle\">We have expertise in handling domain names, intellectual property rights, and dispute resolution based on the JP Domain Name Dispute Resolution Policy (DRP) and litigation procedures using the Unfair Competition Prevention Act.\n<\/p>\n\t<\/div>\n<\/section>\n\n<section class=\"white-section\">\n\t<div class=\"anchor\" id=\"e-commerce\"><\/div>\n\t<div class=\"section-inner\">\n\t\t<div class=\"flex\">\n\t\t\t<div class=\"width41\"><img decoding=\"async\" src=\"\/wp-content\/themes\/monolith2021\/img\/practices-itlaw\/practices-itlaw_pic7.jpg\" alt=\"E-commerce\"><\/div>\n\t\t\t<div class=\"width51\">\n\t\t\t\t<h3>Verkkokauppa<\/h3>\n\t\t\t\t<p>Meill\u00e4 on kokemusta erilaisten japanilaisten verkkokauppariitojen ratkaisemisesta, mukaan lukien v\u00e4liaikaiset m\u00e4\u00e4r\u00e4ykset tavaramerkki- ja tekij\u00e4noikeusrikkomuksista alustoilla kuten Rakuten, Amazon ja Yahoo!Shopping.<\/p>\n\t\t\t<\/div>\n\t\t<\/div>\n\t<\/div>\n<\/section>\n\n<section class=\"white-section mgb-section80\">\n\t<div class=\"anchor\" id=\"medical-law\"><\/div>\n\t<div class=\"section-inner-black\">\n\t\t<h3>L\u00e4\u00e4ketieteen oikeus<\/h3>\n\t\t<p class=\"mgb-middle\">The intersection of laws related to medical care in Japan, such as the Pharmaceutical Affairs Act, Medical Service Act, and Medical Practitioners Act, with IT and the Internet, is a complex and specialized area.\nOur firm has medical-related legal specialists and a founding lawyer who is a former IT engineer, is well-versed in the industry.<\/p>\n\t\t<h4 class=\"mgb-middle\">Kokemuksemme l\u00e4\u00e4ketieteen oikeuden tapauksissa (esimerkkej\u00e4)<\/h4>\n\t\t<p class=\"mgb-middle\">Oikeudellinen arviointi L\u00e4\u00e4ke- ja l\u00e4\u00e4kint\u00e4laitelaissa (PMD Act) ja muissa lis\u00e4ravinteiden jakelijoiden LP:t\u00e4 koskevissa laeissa, oikeudelliset arvioinnit ja ohjeiden laatiminen PMD-lain ja muiden soveltuvien lakien mukaisesti kauneuteen liittyvien medioiden osalta, ja uusien liiketoimintojen laillisen legitiimiyden auditointi l\u00e4\u00e4ketieteellisiin startupeihin liittyen, sopimusten laatiminen yliopistojen kanssa yhteistutkimuksia varten l\u00e4\u00e4ketieteellisiin startupeihin liittyen. Oikeudellinen arviointi ja k\u00e4ytt\u00f6ehtojen valmistelu l\u00e4\u00e4ketieteellisen tiedon yhteisty\u00f6palveluille. Lis\u00e4ravinteiden myyntiyritysten Erityisen kauppalain (Specified Commercial Code) yms. kuvausten valmistelu.<\/p>\n\t<\/div>\n<\/section>\n\n<section class=\"white-section\">\n\t<div class=\"anchor\" id=\"cybercrime\"><\/div>\n\t<div class=\"section-inner\">\n\t\t<div class=\"flex reverse\">\n\t\t\t<div class=\"width41\"><img decoding=\"async\" src=\"\/wp-content\/uploads\/2023\/05\/dispute_pic2.jpg\" alt=\"Kyberrikollisuus\"><\/div>\n\t\t\t<div class=\"width51\">\n\t\t\t\t<h3>Kyberrikollisuus<\/h3>\n\t\t\t\t<p class=\"mgb-middle\">Jotta Japanin poliisi voisi tehokkaasti tutkia ja pid\u00e4tt\u00e4\u00e4 henkil\u00f6it\u00e4, jotka ovat syyllistyneet esimerkiksi luvattomaan p\u00e4\u00e4syyn Japanissa, on hy\u00f6dyllist\u00e4 saada apua asiantuntijoilta, jotka ovat perehtyneet Japanin rikosprosessiin. IT-alan asiantuntemusta omaavana lakitoimistona tarjoamme oikeudellista tukea yrityksille, jotka ovat joutuneet kyberrikosten, kuten luvattoman p\u00e4\u00e4syn ja laittoman tietojen ulosviennin, uhreiksi. T\u00e4h\u00e4n sis\u00e4ltyy avustaminen rikosilmoitusten ja tutkintapyynt\u00f6jen tekemisess\u00e4. T\u00e4m\u00e4 on yksi erottuvista piirteist\u00e4mme.<\/p>\n\t\t\t\t<div class=\"btn-area align-left\">\n\t\t\t\t\t<div class=\"btn icon-cybercrime\"><a href=\"\/fi\/cybercrime\">Kyberrikollisuus<\/a><\/div>\n\t\t\t\t<\/div>\n\t\t\t<\/div>\n\t\t<\/div>\n\t<\/div>\n<\/section>\n\n<section class=\"white-section\">\n\t<div class=\"section-inner pdt0\">\n\t\t<div class=\"frame2 max-width860 txt-center-pc\">\n\t\t\t<p class=\"bold txt-l\">Voimme toimia my\u00f6s yrityksesi &#8220;toisena asianajajana&#8221;, hy\u00f6dynt\u00e4en vahvuuksiamme erillisess\u00e4 roolissa yrityksesi p\u00e4\u00e4asiallisesta oikeudellisesta neuvonantajasta.<\/p>\n\t\t<\/div>\n\t<\/div>\n<\/section>\n\n<section class=\"purple2-section\">\n\t<div class=\"anchor\" id=\"monolith-law-magazine\"><\/div>\n\t<div class=\"section-inner\">\n\t\t    <section class=\"white-section temp-article\">\n        <div class=\"section-inner\">\n            <h4>MONOLITH LAW MAGAZINE<\/h4>\n            <div class=\"articles type_practice_column\">\n                                                                    <div class=\"article article-area\">\n                        <figure>\n                            <div class=\"img-wrap\">\n                                <img alt=\"Talous- ja teollisuusministeri\u00f6n 'AI-palveluntarjoajien ohjeistus' selitettyn\u00e4 asianajajan toimesta\" src=\"https:\/\/monolith.law\/fi\/wp-content\/uploads\/sites\/30\/2025\/08\/e36600b5b611907cab776b37513c6f6e.webp\" width=\"500\" height=\"250\">\n                            <\/div>\n                            <figcaption>\n                                <div class=\"figcaption-inner\">\n                                    <h3>Talous- ja teollisuusministeri\u00f6n 'AI-palveluntarjoajien ohjeistus' selitettyn\u00e4 a.<\/h3>\n                                <\/div>\n                            <\/figcaption>\n                            <a href=\"https:\/\/monolith.law\/fi\/it\/ai-business-guidelines\"><\/a>\n                        <\/figure>\n                    <\/div>\n                                                    <div class=\"article article-area\">\n                        <figure>\n                            <div class=\"img-wrap\">\n                                <img alt=\"EU:n teko\u00e4ly\u00e4 koskeva s\u00e4\u00e4ntely ja tarvittavat toimenpiteet japanilaisille yrityksille\" src=\"https:\/\/monolith.law\/fi\/wp-content\/uploads\/sites\/30\/2025\/08\/a1a29c01832a47f3d2c7dc6bfde10302.webp\" width=\"500\" height=\"250\">\n                            <\/div>\n                            <figcaption>\n                                <div class=\"figcaption-inner\">\n                                    <h3>EU:n teko\u00e4ly\u00e4 koskeva s\u00e4\u00e4ntely ja tarvittavat toimenpiteet japanilaisille yrityk.<\/h3>\n                                <\/div>\n                            <\/figcaption>\n                            <a href=\"https:\/\/monolith.law\/fi\/it\/eu-ai-act\"><\/a>\n                        <\/figure>\n                    <\/div>\n                                                    <div class=\"article article-area\">\n                        <figure>\n                            <div class=\"img-wrap\">\n                                <img alt=\"Onko Googlen arvostelupalveluiden ulkoistaminen laitonta? Selitys suhteesta lahjontalains\u00e4\u00e4d\u00e4nt\u00f6\u00f6n ja rangaistuksiin\" src=\"https:\/\/monolith.law\/fi\/wp-content\/uploads\/sites\/30\/2025\/08\/18d044df35c4f42bb7e1507848a5e228.webp\" width=\"500\" height=\"250\">\n                            <\/div>\n                            <figcaption>\n                                <div class=\"figcaption-inner\">\n                                    <h3>Onko Googlen arvostelupalveluiden ulkoistaminen laitonta? Selitys suhteesta lahj.<\/h3>\n                                <\/div>\n                            <\/figcaption>\n                            <a href=\"https:\/\/monolith.law\/fi\/it\/google-review-agency\"><\/a>\n                        <\/figure>\n                    <\/div>\n                                            <\/div>\n            <div class=\"btn-more\"><a href=\"https:\/\/monolith.law\/fi\/tag\/it\">Read More<\/a><\/div>\n        <\/div>\n    <\/section>\n\t<\/div>\n<\/section>\n\n<section class=\"orange2-section\">\n\t<div class=\"anchor\" id=\"fee-structure\"><\/div>\n\t<div class=\"section-inner\">\n\t\t<div class=\"planWrap\">\n\t\t\t<h3>Palkkiorakenne<\/h3>\n\t\t\t<ul class=\"plan\">\n\t\t\t\t<li class=\"txt-left\">\n\t\t\t\t\t<div class=\"plan-inner\">\n\t\t\t\t\t<div class=\"plan-header\">\n\t\t\t\t\t\t<h4 class=\"plan-title\">Tuntiveloitus<\/h4>\n\t\t\t\t\t\t<div class=\"plan-price\">\n\t\t\t\t\t\t\t<div class=\"plan-price\"><span class=\"price-figure\">$300<\/span>tunnissa<span class=\"price-value\"><\/span><\/div>\n<\/div>\n\t\t\t\t\t<\/div>\n\t\t\t\t\t<div class=\"plan-body\">\n\t\t\t\t\t\t<p>Tietyiss\u00e4 tapauksissa saatamme harkita riidan tai kanteen vastaanottamista aloitusmaksulla ja tulospalkkiolla. Lis\u00e4tietoja varten ota rohkeasti yhteytt\u00e4 meihin.<\/p>\n\t\t\t\t\t\t<p><\/p>\n\t\t\t\t\t\t<p class=\"txt-s\"><\/p>\n\t\t\t\t\t<\/div>\n\t\t\t\t\t<\/div>\n\t\t\t\t<\/li>\n\t\t\t\t<li class=\"txt-left\">\n\t\t\t\t\t<div class=\"plan-inner\">\n\t\t\t\t\t<div class=\"plan-header\">\n\t\t\t\t\t\t<h4 class=\"plan-title\">Sopimusten Laatiminen<\/h4>\n\t\t\t\t\t\t<div class=\"plan-price\">\n\t\t\t\t\t\t<div class=\"plan-price\"><span class=\"price-value\">alkaen<\/span><span class=\"price-figure\">$500<\/span><span class=\"price-value\">jopa $2,000 tai enemm\u00e4n<\/span><\/div>\n<\/div>\n\t\t\t\t\t<\/div>\n\t\t\t\t\t<div class=\"plan-body\">\n\t\t\t\t\t\t<p>The pricing structure is subject to variation based on the type and quantity of contracts. We are pleased to offer a preliminary estimate upon inquiry, thereby encouraging you to reach out to us for further details.\n<\/p>\n\t\t\t\t\t\t<p class=\"txt-s\"><\/p>\n\t\t\t\t\t<\/div>\n\t\t\t\t\t<\/div>\n\t\t\t\t<\/li>\n\t\t\t\t<li class=\"txt-left\">\n\t\t\t\t\t<div class=\"plan-inner\">\n\t\t\t\t\t<div class=\"plan-header\">\n\t\t\t\t\t<h4 class=\"plan-title\">Muut Palvelut<\/h4>\n\t\t\t\t\t<div class=\"plan-price\">\n\t\t\t\t\t\t<div class=\"plan-price\"><span class=\"price-figure\">Ota Yhteytt\u00e4<\/span><\/div>\n\t\t\t\t\t<\/div>\n\t\t\t\t\t<div class=\"plan-body\">\n\t\t\t\t\t\t<p>Tarjoamme laajan valikoiman palveluita, joihin kuuluvat yrityksen perustaminen, sopimusten tarkastus, oikeudelliset lausunnot, tapausten k\u00e4sittely tai tutkimuskirjeet. Jos sinulla on kysytt\u00e4v\u00e4\u00e4 tai huolenaiheita, kutsun sinut syd\u00e4mellisesti ottamaan yhteytt\u00e4 meihin, ja asiantunteva tiimimme on valmis auttamaan sinua.<\/p>\n\t\t\t\t\t\t<p>\n<\/p>\n\t\t\t\t\t\t<p class=\"txt-s\"><\/p>\n\t\t\t\t\t<\/div>\n\t\t\t\t\t<\/div>\n\t\t\t\t<\/li>\n\t\t\t<\/ul>\n\t\t<\/div>\n\t<\/div>\n<\/section>\n<section class=\"white-section\">\n\t<div class=\"section-inner\">\n\t\t<div class=\"btn-area\">\n\t\t\t<div class=\"btn icon-contact\"><a href=\"\/fi\/contact\">Ota Yhteytt\u00e4<\/a><\/div>\n\t\t<\/div>\n\t<\/div>\n<\/section>\n","protected":false},"excerpt":{"rendered":"<p>IT Teknologian nopeasti kehittyv\u00e4ss\u00e4 yhteiskunnassa on elint\u00e4rke\u00e4\u00e4, ett\u00e4 yritysjuristeilla on syv\u00e4llinen ymm\u00e4rrys yrityksen IT:st\u00e4 ja IP:st\u00e4 Japanissa. Toimistomme vahvuus piilee erikoistuneessa tiimi [&hellip;]<\/p>\n","protected":false},"author":1,"featured_media":57140,"parent":0,"menu_order":0,"comment_status":"closed","ping_status":"closed","template":"non-other-page-temp.php","meta":{"footnotes":""},"acf":[],"_links":{"self":[{"href":"https:\/\/monolith.law\/fi\/wp-json\/wp\/v2\/pages\/56075"}],"collection":[{"href":"https:\/\/monolith.law\/fi\/wp-json\/wp\/v2\/pages"}],"about":[{"href":"https:\/\/monolith.law\/fi\/wp-json\/wp\/v2\/types\/page"}],"author":[{"embeddable":true,"href":"https:\/\/monolith.law\/fi\/wp-json\/wp\/v2\/users\/1"}],"replies":[{"embeddable":true,"href":"https:\/\/monolith.law\/fi\/wp-json\/wp\/v2\/comments?post=56075"}],"version-history":[{"count":30,"href":"https:\/\/monolith.law\/fi\/wp-json\/wp\/v2\/pages\/56075\/revisions"}],"predecessor-version":[{"id":65463,"href":"https:\/\/monolith.law\/fi\/wp-json\/wp\/v2\/pages\/56075\/revisions\/65463"}],"wp:featuredmedia":[{"embeddable":true,"href":"https:\/\/monolith.law\/fi\/wp-json\/wp\/v2\/media\/57140"}],"wp:attachment":[{"href":"https:\/\/monolith.law\/fi\/wp-json\/wp\/v2\/media?parent=56075"}],"curies":[{"name":"wp","href":"https:\/\/api.w.org\/{rel}","templated":true}]}}