{"id":56080,"date":"2023-11-05T23:50:59","date_gmt":"2023-11-05T14:50:59","guid":{"rendered":"https:\/\/monolith.law\/fi\/?page_id=56080"},"modified":"2024-08-14T13:24:55","modified_gmt":"2024-08-14T04:24:55","slug":"internet","status":"publish","type":"page","link":"https:\/\/monolith.law\/fi\/internet","title":{"rendered":"Internet"},"content":{"rendered":"\n<section class=\"heading-area\">\n\t<div class=\"heading-area-inner\">\n\t\t<h2 class=\"icon-internet\">Internet<\/h2>\n\t\t<p>Vahvan IT-osaamisen omaavana lakitoimistona MONOLITH LAW OFFICE on osoittanut kykyns\u00e4 tarjota kattavaa oikeudellista tukea internet-alan yritt\u00e4jille, mukaan lukien YouTubereille. Olemme my\u00f6s erikoistuneet k\u00e4sittelem\u00e4\u00e4n online-alustoihin liittyvi\u00e4 riitoja ja olemme onnistuneesti auttaneet asiakkaita poistamaan kielteisi\u00e4 verkkosivuja ja ratkaisemaan verkossa syntyneit\u00e4 konflikteja.<\/p>\n\t<\/div>\n<\/section>\n\n<section class=\"white-section\">\n\t<div class=\"section-inner pdt0  border-bottom-section\">\n\t\t<p class=\"mgb-small\">MONOLITH LAW OFFICE:lla on laaja kokemus IT-oikeudellisista asioista ja erityisesti internet-pohjaisten liiketoimintojen, kuten YouTubereiden ja YouTubeen liittyv\u00e4\u00e4 toimintaa harjoittavien yritysten tukemisessa.<\/p>\n\t\t<p>Tunnistamme internetiin liittyv\u00e4t sis\u00e4syntyiset riskit, kuten kielteiset verkkosivut ja online-keskustelupalstojen viestit. Toimistomme on menestyksekk\u00e4\u00e4sti k\u00e4sitellyt lukuisia tapauksia, jotka liittyv\u00e4t online-maineen hallintaan, ja asiakaskuntamme ulottuu yksityishenkil\u00f6ist\u00e4 suuriin yrityksiin. Kielteiset verkkosivut ovat ainutlaatuinen oikeudellinen haaste Japanissa, ja p\u00e4tev\u00e4t lakimiehemme ovat valmiita tarjoamaan tehokkaita ratkaisuja. Odotamme innolla mahdollisuutta konsultoida kanssanne ja hy\u00f6dynt\u00e4\u00e4 asiantuntemustamme ja kokemustamme kielteisiin verkkosivuihin liittyvien ongelmien ratkaisemisessa.<\/p>\n\t<\/div>\n<\/section>\n\n<section class=\"second-nav\">\n\t<div class=\"second-nav-inner\">\n\t\t<p>AIHEET<\/p>\n\t\t<nav>\n\t\t\t<ul>\n\t\t\t\t<li><a href=\"#legal-support-for-youtuber\">YouTubereiden oikeudellinen tuki<\/a><\/li>\n\t\t\t\t<li><a href=\"#legal-support-for-vtuber\">VTubereiden oikeudellinen tuki<\/a><\/li>\n\t\t\t\t<li><a href=\"#manda-of-sns-accounts\">SNS-tilien yrityskaupat<\/a><\/li>\n\t\t\t\t<li><a href=\"#mitigating-reputational-damage\">Mainehaittojen lievent\u00e4minen<\/a><\/li>\n\t\t\t\t<li><a href=\"#id-of-the-defamatory-statement\">Herjaavan lausuman tunnistaminen<\/a><\/li>\n\t\t\t\t<li><a href=\"#corporate-reputation-management\">Yrityksen maineenhallinta<\/a><\/li>\n\t\t\t\t<li><a href=\"#removal-of-past-unwanted-info\">Menneisyyden ei-toivotun tiedon poistaminen<\/a><\/li>\n\t\t\t\t<li><a href=\"#monolith-law-magazine\">MONOLITH LAW MAGAZINE<\/a><\/li>\n\t\t\t\t<li><a href=\"#fee-structure\">Palkkiorakenne<\/a><\/li>\n\t\t\t<\/ul>\n\t\t<\/nav>\n\t<\/div>\n<\/section>\n\n<section class=\"purple-section mgt-section\">\n\t<div class=\"anchor\" id=\"legal-support-for-youtuber\"><\/div>\n\t<div class=\"section-inner\">\n\t\t<div class=\"flex\">\n\t\t\t<div class=\"width41\"><img decoding=\"async\" src=\"\/wp-content\/themes\/monolith2021\/img\/pic\/pic_practices-youtuberlaw.jpg\" alt=\"YouTubereiden oikeudellinen tuki\"><\/div>\n\t\t\t<div class=\"width51\">\n\t\t\t\t<h3>Oikeudellista tukea YouTubereille<\/h3>\n\t\t\t\t<p class=\"mgb-small\">YouTuber-toimistoissa hallinnoitavat YouTube-kanavat, virtuaalisten YouTubereiden (VTubers) toimintaa harjoittavat yritykset sek\u00e4 liikeyritykset tarvitsevat kaikki Japanissa erikoistunutta tietotaitoa ja kokemusta omaavia oikeudellisia neuvonantajia.<\/p>\n\t\t\t\t<p class=\"mgb-middle\">Asiakkaitamme ovat suuret japanilaiset YouTuber-hallintayhti\u00f6t, tunnetut yksitt\u00e4iset YouTuberit sek\u00e4 erilaiset VTuber-liiketoimintayhti\u00f6t ymp\u00e4ri Japania. Tarjoamme my\u00f6s eritt\u00e4in erikoistunutta tukea YouTuber- ja VTuber-sopimusten laatimisessa ja tarkistamisessa sek\u00e4 videoiden luomiseen liittyvien oikeudellisten kysymysten ratkaisemisessa Japanissa.<\/p>\n\t\t\t\t<div class=\"btn-area align-left\">\n\t\t\t\t\t<div class=\"btn icon-legal-support-for-youtuber\"><a href=\"\/fi\/legal-support-for-youtuber\/\">Oikeudellista tukea<br>YouTubereille<\/a><\/div>\n\t\t\t\t<\/div>\n\t\t\t<\/div>\n\t\t<\/div>\n\t<\/div>\n<\/section>\n\n<section class=\"white-section\">\n\t<div class=\"anchor\" id=\"legal-support-for-vtuber\"><\/div>\n\t<div class=\"section-inner\">\n\t\t<div class=\"flex reverse\">\n\t\t\t<div class=\"width41\"><img decoding=\"async\" src=\"\/wp-content\/themes\/monolith2021\/img\/vtuberlaw\/pic_practices-vtuberlaw.jpg\" alt=\"Oikeudellista tukea VTuberille\"><\/div>\n\t\t\t<div class=\"width51\">\n\t\t\t\t<h3>VTuberien oikeudellinen tuki<\/h3>\n\t\t\t\t<p class=\"mgb-small\">VTuberien, YouTubereiden, jotka k\u00e4ytt\u00e4v\u00e4t 2D- tai 3D-avataria videoiden ja livestreamien luomiseen, suosio on vakiintunut. Se alkoi Japanista ja on nyt levinnyt maailmanlaajuisesti.<\/p>\n\t\t\t\t<p class=\"mgb-middle\">Vuodesta 2017 l\u00e4htien olemme hoitaneet VTuberien oikeudellisia asioita Japanissa, ja olemme ker\u00e4nneet runsaasti kokemusta ja vankan track recordin. Olemme sitoutuneet tarjoamaan kattavaa tukea VTubereille ja heid\u00e4n yhteisty\u00f6yrityksilleen ja -toimistoilleen ymp\u00e4ri maailmaa.<\/p>\n\t\t\t\t<div class=\"btn-area align-left\">\n\t\t\t\t\t<div class=\"btn icon-legal-support-for-vtuber\"><a href=\"\/fi\/legal-support-for-vtuber\/\">Oikeudellinen tuki<br>VTubereille<\/a><\/div>\n\t\t\t\t<\/div>\n\t\t\t<\/div>\n\t\t<\/div>\n\t<\/div>\n<\/section>\n\n<section class=\"white-section\">\n\t<div class=\"anchor\" id=\"manda-of-sns-accounts\"><\/div>\n\t<div class=\"section-inner\">\n\t\t<div class=\"flex\">\n\t\t\t<div class=\"width41\"><img decoding=\"async\" src=\"\/wp-content\/themes\/monolith2021\/img\/pic\/pic_sns_manda.jpg\" alt=\"M&amp;A of SNS accounts\"><\/div>\n\t\t\t<div class=\"width51\">\n\t\t\t\t<h3>SNS-tilien M&amp;A<\/h3>\n\t\t\t\t<p class=\"mgb-small\">Aivan kuten verkkosivustot, my\u00f6s YouTube-kanavat ja Twitter-tilit ovat M&amp;A:n kohteena. Koska n\u00e4m\u00e4 M&amp;A:t ovat erityistapauksia, tarvitaan lakitoimisto, jolla on erikoistunutta tiet\u00e4myst\u00e4 ja osaamista. Monolith Law Office on lakitoimisto, joka on erikoistunut IT-, internet- ja liiketoimintaan. Lakimiehemme hoitavat kaiken sopimusten laatimisesta due diligence -tarkastuksiin (DD) monissa M&amp;A:ssa, pienist\u00e4 YouTube-kanavien projekteista aina yli 100 miljoonan jenin projekteihin.<\/p>\n\t\t\t\t<div class=\"btn-area align-left\">\n\t\t\t\t\t<div class=\"btn icon-m-and-a-of-sns-accounts\"><a href=\"\/fi\/m-and-a-of-sns-accounts\/\">SNS-tilien M&amp;A<\/a><\/div>\n\t\t\t\t<\/div>\n\n\t\t\t<\/div>\n\t\t<\/div>\n\t<\/div>\n<\/section>\n\n<section class=\"purple-section\">\n\t<div class=\"anchor\" id=\"mitigating-reputational-damage\"><\/div>\n\t<div class=\"section-inner\">\n\t\t<div class=\"flex reverse\">\n\t\t\t<div class=\"width41\"><img decoding=\"async\" src=\"\/wp-content\/themes\/monolith2021\/img\/pic\/pic_practices-reputation.jpg\" alt=\"Maineen vahingoittumisen lievent\u00e4minen\"><\/div>\n\t\t\t<div class=\"width51\">\n\t\t\t\t<h3>Maineen hallinnan tehostaminen<\/h3>\n\t\t\t\t<p class=\"mgb-small\">Negatiiviset verkkosivut, jotka hy\u00f6kk\u00e4\u00e4v\u00e4t yrityksi\u00e4 tai yksityishenkil\u00f6it\u00e4 vastaan, voivat vahingoittaa heid\u00e4n mainettaan. Japanilainen laki kuitenkin tarjoaa keinoja t\u00e4llaisten verkkosivujen poistamiseen, jos ne sis\u00e4lt\u00e4v\u00e4t kunnianloukkausta tai yksityisyyden loukkausta. MONOLITH LAW OFFICEssa me erikoistumme internetiin liittyviin oikeudellisiin asioihin ja olemme onnistuneesti k\u00e4sitelleet lukuisia tapauksia, joissa haitallista tietoa on poistettu internetist\u00e4.<\/p>\n\t\t\t\t<p class=\"mgb-middle\">Vahvan internet-kokemuksemme ja syv\u00e4llisen ymm\u00e4rryksemme japanilaisista oikeudellisista periaatteista ansiosta omistautunut tiimimme on auttanut laajaa asiakaskuntaa, mukaan lukien suuryrityksi\u00e4 ja yksityishenkil\u00f6it\u00e4, torjumaan tehokkaasti negatiivisia verkkosivuja. Strategisten oikeudellisten toimenpiteiden kautta ty\u00f6skentelemme ahkerasti suojellaksemme asiakkaidemme mainetta ja lievent\u00e4\u00e4ksemme kunnianloukkausta tai yksityisyyden loukkausta sis\u00e4lt\u00e4v\u00e4n sis\u00e4ll\u00f6n aiheuttamaa vahinkoa.<\/p>\n\t\t\t\t<div class=\"btn-area align-left\">\n\t\t\t\t\t<div class=\"btn icon-mitigating-reputational-damage\"><a href=\"\/fi\/mitigating-reputational-damage\/\">Maineen hallinnan tehostaminen<\/a><\/div>\n\t\t\t\t<\/div>\n\t\t\t<\/div>\n\t\t<\/div>\n\t<\/div>\n<\/section>\n\n<section class=\"white-section\">\n\t<div class=\"anchor\" id=\"id-of-the-defamatory-statement\"><\/div>\n\t<div class=\"section-inner\">\n\t\t<div class=\"flex\">\n\t\t\t<div class=\"width41\"><img decoding=\"async\" src=\"\/wp-content\/themes\/monolith2021\/img\/pic\/pic_reputation.jpg\" alt=\"Kunnianloukkauslausunnon l\u00e4hteen tunniste\"><\/div>\n\t\t\t<div class=\"width51\">\n\t\t\t\t<h3>Herjaavan lausunnon tunnistaminen<\/h3>\n\t\t\t\t<p class=\"mgb-small\">Japanilaisen lain mukaan henkil\u00f6iden, jotka ovat vastuussa laittomista l\u00e4hetyksist\u00e4, kuten herjauksesta, voidaan j\u00e4ljitt\u00e4\u00e4 Palveluntarjoajan Vastuunrajoituslain (Japanese Provider Liability Limitation Act) s\u00e4\u00e4nn\u00f6sten kautta. T\u00e4m\u00e4 oikeudellinen menettely suoritetaan japanilaisessa tuomioistuimessa.<\/p>\n\t\t\t\t<p class=\"mgb-middle\">Tapauksissa, joissa on eritt\u00e4in pahantahtoisia l\u00e4hetyksi\u00e4, joita ei voida sivuuttaa, kuten v\u00e4\u00e4ri\u00e4 syyt\u00f6ksi\u00e4, jotka liitt\u00e4v\u00e4t yrityksen omistajan antisosiaalisiin voimiin, on ratkaisevan t\u00e4rke\u00e4\u00e4 tunnistaa tekij\u00e4t ja hakea asianmukaisia \u200b\u200boikeudellisia seuraamuksia. Lis\u00e4ksi, kun laittomia l\u00e4hetyksi\u00e4 tapahtuu toistuvasti, tulisi tehd\u00e4 toimenpiteit\u00e4 niiden tunnistamiseksi ja toistumisen est\u00e4miseksi.<\/p>\n\t\t\t\t<div class=\"btn-area align-left\">\n\t\t\t\t\t<div class=\"btn icon-id-of-the-defamatory-statement\"><a href=\"\/fi\/id-of-the-defamatory-statement\/\">Herjaavan lausunnon<br>tunnistaminen<\/a><\/div>\n\t\t\t\t<\/div>\n\t\t\t<\/div>\n\t\t<\/div>\n\t<\/div>\n<\/section>\n\n<section class=\"orange-section\">\n\t<div class=\"anchor\" id=\"corporate-reputation-management\"><\/div>\n\t<div class=\"section-inner\">\n\t\t<div class=\"flex reverse\">\n\t\t\t<div class=\"width41\"><img decoding=\"async\" src=\"\/en\/wp-content\/uploads\/sites\/6\/2023\/06\/pic_practices-listedcompany.jpg\" alt=\"Yrityksen maineenhallinta\"><\/div>\n\t\t\t<div class=\"width51\">\n\t\t\t\t<h3>Yrityksen maineenhallinta<\/h3>\n\t\t\t\t<p class=\"mgb-small\">Kun suuri yritys kohtaa mainehaittaa lukuisien negatiivisten verkkosivujen vuoksi Internetiss\u00e4, ongelman ratkaiseminen muuttuu monimutkaiseksi. Sivujen poistamisen priorisointi ja poistotoimenpiteiden kustannustehokkuuden arviointi ovat merkitt\u00e4vi\u00e4 haasteita. Lakitoimistona, joka yhdist\u00e4\u00e4 sek\u00e4 oikeudellisen asiantuntemuksen ett\u00e4 IT-konsultoinnin, tarjoamme kattavia ratkaisuja n\u00e4ihin monimutkaisiin ongelmatilanteisiin.<\/p>\n\t\t\t\t<p>Juristien ja IT-konsulttien tiimimme tarjoaa asiantuntemusta prioriteettien asettamisessa, keskeisten suorituskykymittareiden (KPI) suunnittelussa ja kustannus-hy\u00f6ty-suhteiden arvioinnissa suhteessa budjetin jakoon. L\u00e4hestymme tilannetta samankaltaisesti kuin konsulttiyritykset, tarjoamme strategista ohjausta ja analyysi\u00e4 prosessin tehokkaaseen navigointiin.<\/p>\n\t\t\t<\/div>\n\t\t<\/div>\n\t<\/div>\n<\/section>\n\n<section class=\"white-section\">\n\t<div class=\"anchor\" id=\"removal-of-past-unwanted-info\"><\/div>\n\t<div class=\"section-inner\">\n\t\t<div class=\"flex\">\n\t\t\t<div class=\"width41\"><img decoding=\"async\" src=\"\/en\/wp-content\/uploads\/sites\/6\/2023\/06\/pastunwantedcontent.jpg\" alt=\"Removal of Past Unwanted Content\"><\/div>\n\t\t\t<div class=\"width51\">\n\t\t\t\t<h3>Menneiden ei-toivottujen tietojen poistaminen<\/h3>\n\t\t\t\t<p class=\"mgb-small\">MONOLITH LAW OFFICE on erikoistunut ratkaisemaan haasteen, joka liittyy oman online-l\u00e4sn\u00e4olon hallintaan, erityisesti viihdeteollisuudessa toimiville henkil\u00f6ille. Ymm\u00e4rr\u00e4mme, ett\u00e4 sek\u00e4 virallinen ett\u00e4 ep\u00e4virallinen tieto voi vaikuttaa pitk\u00e4aikaisesti henkil\u00f6kohtaiseen ja ammatilliseen el\u00e4m\u00e4\u00e4n. Tarjoamme kattavia ratkaisuja n\u00e4iden huolenaiheiden k\u00e4sittelemiseksi, hy\u00f6dynt\u00e4en ainutlaatuista yhdistelm\u00e4\u00e4 oikeudellista asiantuntemusta ja tietotekniikkaa. Olipa kyse ei-toivotun sis\u00e4ll\u00f6n poistamisesta, digitaalisten jalanj\u00e4lkien hallinnasta tai &#8220;oikeudesta tulla unohdetuksi&#8221; -kysymysten navigoinnista, tarjoamme yhden pys\u00e4hdyspaikan ratkaisun online-maineesi suojaamiseksi.<\/p>\n\t\t\t\t<p>Luota MONOLITH LAW OFFICEen yksityisyytesi suojaamiseksi ja tulevien pyrkimystesi sujuvan siirtymisen varmistamiseksi.<\/p>\n\t\t\t<\/div>\n\t\t<\/div>\n\t<\/div>\n<\/section>\n\n<section class=\"purple2-section\">\n\t<div class=\"anchor\" id=\"monolith-law-magazine\"><\/div>\n\t<div class=\"section-inner\">\n\t\t    <section class=\"white-section temp-article\">\n        <div class=\"section-inner\">\n            <h4>MONOLITH LAW MAGAZINE<\/h4>\n            <div class=\"articles type_practice_column\">\n                                                                    <div class=\"article article-area\">\n                        <figure>\n                            <div class=\"img-wrap\">\n                                <img alt=\"Kuinka pitk\u00e4lle tavaramerkkien samankaltaisuus sallitaan? Selitys samankaltaisuuden kriteereist\u00e4 ja tavaramerkkirikkomuksen tapauksista\" src=\"https:\/\/monolith.law\/fi\/wp-content\/uploads\/sites\/30\/2025\/08\/eac576e0765af2cac6d210d899b2d93d.webp\" width=\"500\" height=\"250\">\n                            <\/div>\n                            <figcaption>\n                                <div class=\"figcaption-inner\">\n                                    <h3>Kuinka pitk\u00e4lle tavaramerkkien samankaltaisuus sallitaan? Selitys samankaltaisuu.<\/h3>\n                                <\/div>\n                            <\/figcaption>\n                            <a href=\"https:\/\/monolith.law\/fi\/internet\/trademark-infringement\"><\/a>\n                        <\/figure>\n                    <\/div>\n                                                    <div class=\"article article-area\">\n                        <figure>\n                            <div class=\"img-wrap\">\n                                <img alt=\"Mik\u00e4 on oikeudellinen vastuu huhujen levitt\u00e4misest\u00e4 ja laajentumisesta? Selitet\u00e4\u00e4n kaksi rikosoikeudellista vastuuta pid\u00e4tystapauksien kautta\" src=\"https:\/\/monolith.law\/fi\/wp-content\/uploads\/sites\/30\/2025\/08\/7d8b9299c2a15a801c04913ba0d80d99.webp\" width=\"500\" height=\"250\">\n                            <\/div>\n                            <figcaption>\n                                <div class=\"figcaption-inner\">\n                                    <h3>Mik\u00e4 on oikeudellinen vastuu huhujen levitt\u00e4misest\u00e4 ja laajentumisesta? Selitet\u00e4.<\/h3>\n                                <\/div>\n                            <\/figcaption>\n                            <a href=\"https:\/\/monolith.law\/fi\/internet\/false-information-criminal-liability\"><\/a>\n                        <\/figure>\n                    <\/div>\n                                                    <div class=\"article article-area\">\n                        <figure>\n                            <div class=\"img-wrap\">\n                                <img alt=\"Opi Dwango ja FC2:n oikeusjutun esimerkist\u00e4 patenttioikeuden loukkauksen ja alueellisuusperiaatteen t\u00e4rkeydest\u00e4\" src=\"https:\/\/monolith.law\/fi\/wp-content\/uploads\/sites\/30\/2025\/08\/3d197fbdd689457ec22de396ff65b2df.webp\" width=\"500\" height=\"250\">\n                            <\/div>\n                            <figcaption>\n                                <div class=\"figcaption-inner\">\n                                    <h3>Opi Dwango ja FC2:n oikeusjutun esimerkist\u00e4 patenttioikeuden loukkauksen ja alue.<\/h3>\n                                <\/div>\n                            <\/figcaption>\n                            <a href=\"https:\/\/monolith.law\/fi\/internet\/patent-infringement-territoriality\"><\/a>\n                        <\/figure>\n                    <\/div>\n                                            <\/div>\n            <div class=\"btn-more\"><a href=\"https:\/\/monolith.law\/fi\/tag\/internet\">Read More<\/a><\/div>\n        <\/div>\n    <\/section>\n\t<\/div>\n<\/section>\n\n<section class=\"orange2-section\">\n\t<div class=\"anchor\" id=\"fee-structure\"><\/div>\n\t<div class=\"section-inner\">\n\t<div class=\"planWrap\">\n\t<h3>Palkkiorakenne<\/h3>\n\t<ul class=\"plan\">\n\t\t<li class=\"txt-left\">\n\t\t\t<div class=\"plan-inner\">\n\t\t\t<div class=\"plan-header\">\n\t\t\t<h4 class=\"plan-title\">Tuntiveloitus<\/h4>\n\t\t\t<div class=\"plan-price\"><span class=\"price-figure\">$300<\/span>tunnissa<span class=\"price-tax\"><\/span><\/div>\n\t\t\t<\/div>\n\t\t\t<div class=\"plan-body\">Tietyiss\u00e4 tapauksissa saatamme harkita riidan tai kanteen vastaanottamista aloitusmaksulla ja tulospalkkiolla. Lis\u00e4tietoja varten ota rohkeasti yhteytt\u00e4 meihin.<\/div>\n\t\t\t<\/div>\n\t\t<\/li>\n\t\t<li class=\"txt-left\">\n\t\t\t<div class=\"plan-inner\">\n\t\t\t<div class=\"plan-header\">\n\t\t\t<h4 class=\"plan-title\">Sopimusten Laatiminen<\/h4>\n\t\t\t<div class=\"plan-price\"><span class=\"price-value\">alkaen<\/span><span class=\"price-figure\">$500<\/span><span class=\"price-value\">to $2,000 tai enemm\u00e4n<\/span><span class=\"price-tax\"><\/span><\/div>\n\t\t\t<\/div>\n\t\t\t<div class=\"plan-body\">Hinnoittelurakenne voi vaihdella sopimusten tyypin ja m\u00e4\u00e4r\u00e4n mukaan. Tarjoamme mielell\u00e4mme alustavan arvion tiedustelun yhteydess\u00e4, joten \u00e4l\u00e4 ep\u00e4r\u00f6i ottaa meihin yhteytt\u00e4 saadaksesi lis\u00e4tietoja.<\/div>\n\t\t\t<\/div>\n\t\t<\/li>\n\t\t<li class=\"txt-left\">\n\t\t\t<div class=\"plan-inner\">\n\t\t\t<div class=\"plan-header\">\n\t\t\t<h4 class=\"plan-title\">Muut Palvelut<\/h4>\n\t\t\t<div class=\"plan-price\"><span class=\"price-figure\">Ota Yhteytt\u00e4<\/span><\/div>\n\t\t\t<\/div>\n\t\t\t<div class=\"plan-body\">Tarjoamme laajan valikoiman palveluita, joihin kuuluvat yrityksen perustaminen, sopimusten tarkastus, oikeudelliset lausunnot, tapausten katselmus tai tutkimuskirjeet. Jos sinulla on kysytt\u00e4v\u00e4\u00e4 tai huolenaiheita, kutsun sinut yst\u00e4v\u00e4llisesti ottamaan yhteytt\u00e4 meihin, ja asiantunteva tiimimme auttaa sinua mielell\u00e4\u00e4n.<\/div>\n\t\t\t<\/div>\n\t\t\t<\/div>\n\t\t<\/li>\n\t<\/ul>\n\t<\/div>\n\t<\/div>\n<\/section>\n\n<section class=\"white-section\">\n\t<div class=\"section-inner\">\n\t\t<div class=\"btn-area\">\n\t\t\t<div class=\"btn icon-contact\"><a href=\"\/fi\/contact\">Ota Yhteytt\u00e4<\/a><\/div>\n\t\t<\/div>\n\t<\/div>\n<\/section>\n","protected":false},"excerpt":{"rendered":"<p>Internet Vahvan IT-osaamisen omaavana lakitoimistona MONOLITH LAW OFFICE on osoittanut kykyns\u00e4 tarjota kattavaa oikeudellista tukea internet-alan yritt\u00e4jille, mukaan lukien YouTubereille. Olemme my\u00f6s  [&hellip;]<\/p>\n","protected":false},"author":1,"featured_media":57159,"parent":0,"menu_order":0,"comment_status":"closed","ping_status":"closed","template":"other-page-temp.php","meta":{"footnotes":""},"acf":[],"_links":{"self":[{"href":"https:\/\/monolith.law\/fi\/wp-json\/wp\/v2\/pages\/56080"}],"collection":[{"href":"https:\/\/monolith.law\/fi\/wp-json\/wp\/v2\/pages"}],"about":[{"href":"https:\/\/monolith.law\/fi\/wp-json\/wp\/v2\/types\/page"}],"author":[{"embeddable":true,"href":"https:\/\/monolith.law\/fi\/wp-json\/wp\/v2\/users\/1"}],"replies":[{"embeddable":true,"href":"https:\/\/monolith.law\/fi\/wp-json\/wp\/v2\/comments?post=56080"}],"version-history":[{"count":28,"href":"https:\/\/monolith.law\/fi\/wp-json\/wp\/v2\/pages\/56080\/revisions"}],"predecessor-version":[{"id":66002,"href":"https:\/\/monolith.law\/fi\/wp-json\/wp\/v2\/pages\/56080\/revisions\/66002"}],"wp:featuredmedia":[{"embeddable":true,"href":"https:\/\/monolith.law\/fi\/wp-json\/wp\/v2\/media\/57159"}],"wp:attachment":[{"href":"https:\/\/monolith.law\/fi\/wp-json\/wp\/v2\/media?parent=56080"}],"curies":[{"name":"wp","href":"https:\/\/api.w.org\/{rel}","templated":true}]}}