{"id":25864,"date":"2023-11-11T11:30:39","date_gmt":"2023-11-11T02:30:39","guid":{"rendered":"https:\/\/monolith.law\/?page_id=25864"},"modified":"2023-12-20T17:25:02","modified_gmt":"2023-12-20T08:25:02","slug":"access","status":"publish","type":"page","link":"https:\/\/monolith.law\/fr\/access","title":{"rendered":"Acc\u00e8s"},"content":{"rendered":"\n<section class=\"heading-area\">\n\t<div class=\"heading-area-inner\">\n\t\t<h2 class=\"icon-access\">Access<\/h2>\n\t<\/div>\n<\/section>\n<section class=\"second-nav\">\n\t<div class=\"second-nav-inner\">\n\t\t<p>MENU<\/p>\n\t\t<nav>\n\t\t\t<ul>\n\t\t\t\t<li><a href=\"#law-firm-with-strength-in-it-internet-and-business\">Cabinet d&#8217;avocats sp\u00e9cialis\u00e9 en<br>Informatique, Internet et Affaires<\/a><\/li>\n\t\t\t\t<li><a href=\"#access-map\">Plan d&#8217;acc\u00e8s<\/a><\/li>\n\t\t\t\t<li><a href=\"#expansion-and-relocation-to-otemachi-financial-city\">Expansion et d\u00e9m\u00e9nagement \u00e0 Otemachi Financial City<\/a><\/li>\n\t\t\t<\/ul>\n\t\t<\/nav>\n\t<\/div>\n<\/section>\n<section class=\"white-section\">\n\t<div class=\"anchor\" id=\"law-firm-with-strength-in-it-internet-and-business\"><\/div>\n\t<div class=\"section-inner\">\n\t\t<div class=\"flex\">\n\t\t\t<div class=\"width41\"><img decoding=\"async\" src=\"\/wp-content\/themes\/monolith2021\/img\/access\/access_pic1.jpg\" alt=\"Law Firm with Strength in IT, Internet, and Business\"><\/div>\n\t\t\t<div class=\"width51\">\n\t\t\t\t<h3>Cabinet d&#8217;avocats sp\u00e9cialis\u00e9 en<br>Informatique, Internet et Affaires<\/h3>\n\t\t\t\t<p class=\"mgb-small\">MONOLITH lAW OFFICE est un cabinet d&#8217;avocats situ\u00e9 \u00e0 Otemachi, Chiyoda-ku, Tokyo, Japon. Il est directement reli\u00e9 \u00e0 la station Otemachi et se trouve \u00e0 7 minutes \u00e0 pied de la gare de Tokyo.<\/p>\n\t\t\t\t<p class=\"mgb-small\">Nous avons servi de conseil juridique (y compris divers contrats avec des directeurs, des dirigeants ex\u00e9cutifs, etc.) pour 1087 entreprises, allant des entreprises cot\u00e9es sur le Bourse de Tokyo prime aux entreprises en phase d&#8217;amor\u00e7age. Notre travail li\u00e9 \u00e0 l&#8217;Informatique\/Internet comprend la pr\u00e9vention des atteintes \u00e0 la r\u00e9putation, la lutte contre la diffamation et les litiges li\u00e9s au d\u00e9veloppement de syst\u00e8mes. Nous proposons \u00e9galement des services juridiques li\u00e9s aux entreprises en d\u00e9marrage, ce qui comprend des investissements de 100 millions de yens ou plus par des entreprises cot\u00e9es au Bourse de Tokyo et des fusions-acquisitions par des entreprises en phase de d\u00e9marrage. Jusqu&#8217;\u00e0 pr\u00e9sent, nous avons fourni des services juridiques \u00e0 1855 clients.<\/p>\n\t\t\t\t<p class=\"mgb-middle\">&#8220;Comprendre l&#8217;Informatique et les affaires&#8221; est ce qui nous distingue.<\/p>\n\t\t\t\t<div class=\"btn-area\">\n\t\t\t\t\t<div class=\"btn icon-services\"><a href=\"\/fr\/services\">Services<\/a><\/div>\n\t\t\t\t\t<div class=\"btn icon-overview-of-our-firm\"><a href=\"\/fr\/overview-of-our-firm\">Aper\u00e7u de Notre Cabinet<\/a><\/div>\n\t\t\t\t<\/div>\n\t\t\t<\/div>\n\t\t<\/div>\n\t<\/div>\n<\/section>\n<section class=\"purple-section\">\n\t<div class=\"anchor\" id=\"access-map\"><\/div>\n\t<div class=\"section-inner\">\n\t\t<div class=\"flex reverse\">\n\t\t\t<div class=\"width41\"><img decoding=\"async\" src=\"\/wp-content\/themes\/monolith2021\/img\/about\/about_pic2.jpg\" alt=\"MONOLITH LAW OFFICE\"><\/div>\n\t\t\t<div class=\"width51\">\n\t\t\t\t<h3>MONOLITH LAW OFFICE (Bureau d&#8217;Otemachi)<\/h3>\n\t\t\t\t<p><a href=\"https:\/\/goo.gl\/maps\/YfcgPhBgXFyg1hHF6\" target=\"_blank\" rel=\"noopener noreferrer\">21\/F Financial City North Tower 1-9-5 Otemachi, Chiyoda-ku Tokyo 100-0004, Japan<\/a><\/p>\n\t\t\t\t<p>Tokyo Metro Ligne Marunouchi, Ligne Tozai, Ligne Chiyoda, Ligne Hanzomon, Toei Subway Ligne Mita <\/p>\n\t\t\t\t<p class=\"mgb-small\"><a href=\"https:\/\/www.tokyometro.jp\/station\/otemachi\/yardmap\/index.html\" target=\"_blank\" rel=\"noopener noreferrer\">Acc\u00e8s direct depuis la sortie A1 de la station Otemachi<\/a><\/p>\n\t\t\t\t<p>Shinkansen : Tohoku Shinkansen, Joetsu Shinkansen, Hokuriku Shinkansen, Hokkaido Shinkansen, Yamagata Shinkansen, Akita Shinkansen, JR Ligne Tokaido, Ligne Keihin Tohoku, Ligne Yamanote, Ligne Chuo, Ligne Yokosuka, Ligne Keiyo, Tokyo Metro Ligne Marunouchi<\/p>\n\t\t\t\t<p class=\"mgb-small\"><a href=\"https:\/\/www.tokyometro.jp\/station\/tokyo\/index.html\" target=\"_blank\" rel=\"noopener noreferrer\">\u00c0 7 minutes \u00e0 pied de la sortie nord de la station Tokyo Marunouchi <\/a><\/p>\n\t\t\t\t<p>Parking de Otemachi Financial City <\/p>\n\t\t\t\t<p class=\"mgb-middle\"><a href=\"https:\/\/www.otemachi-financialcity.jp\/access\/\">1-9-5, 1-9-7, Otemachi, Chiyoda-ku, Tokyo<\/a><\/p>\n\t\t\t\t<div class=\"btn-area align-left\">\n\t\t\t\t\t<div class=\"btn icon-contact\"><a href=\"\/fr\/contact\">Contactez-nous<\/a><\/div>\n\t\t\t\t<\/div>\n\t\t\t<\/div>\n\t\t<\/div>\n\t<\/div>\n<\/section>\t \n<section class=\"google-maps\"><iframe src=\"https:\/\/www.google.com\/maps\/embed?pb=!1m14!1m8!1m3!1d6481.0831691811345!2d139.765927!3d35.688288!3m2!1i1024!2i768!4f13.1!3m3!1m2!1s0x60188cec724a6ae9%3A0x6efbadeb18528c88!2sMonolith%20Law%20Office!5e0!3m2!1sfr!2sjp!4v1701253883505!5m2!1sfr!2sjp\" width=\"600\" height=\"450\" style=\"border:0;\" allowfullscreen=\"\" loading=\"lazy\" referrerpolicy=\"no-referrer-when-downgrade\"><\/iframe><\/section>\n<section class=\"white-section\">\n\t<div class=\"anchor\" id=\"expansion-and-relocation-to-otemachi-financial-city\"><\/div>\n\t<div class=\"section-inner\">\n\t\t<div class=\"flex\">\n\t\t\t<div class=\"width41\"><img decoding=\"async\" src=\"\/wp-content\/uploads\/2022\/11\/financialcity.jpg\" alt=\"Expansion et d\u00e9m\u00e9nagement \u00e0 Otemachi Financial City\"><\/div>\n\t\t\t<div class=\"width51\">\n\t\t\t\t<h3>Expansion et d\u00e9m\u00e9nagement \u00e0 Otemachi Financial City<\/h3>\n\t\t\t\t<p class=\"mgb-small\">Apr\u00e8s avoir ouvert \u00e0 Yotsuya, Shinjuku-ku, Tokyo en mars 2017, MONOLITH LAW OFFICE a d\u00e9m\u00e9nag\u00e9 \u00e0 Otemachi (b\u00e2timent Asahi Seimei Otemachi) en ao\u00fbt 2018, gr\u00e2ce \u00e0 votre soutien, et a \u00e9t\u00e9 incorpor\u00e9 en tant que cabinet d&#8217;avocats en mars 2020. En d\u00e9cembre 2020, nous avons ouvert une succursale au 29\u00e8me \u00e9tage du m\u00eame b\u00e2timent que notre bureau d&#8217;Otemachi (b\u00e2timent Asahi Seimei Otemachi).<\/p>\n\t\t\t\t<p class=\"mgb-small\">Puis, en septembre 2022, nous avons agrandi nos locaux et d\u00e9m\u00e9nag\u00e9 \u00e0 Otemachi Financial City.<\/p>\n\t\t\t\t<p class=\"mgb-small\">Nous sommes impatients de travailler avec vous.<\/p>\n\t\t\t<\/div>\n\t\t<\/div>\n\t<\/div>\n<\/section>\n","protected":false},"excerpt":{"rendered":"<p>Access MENU Cabinet d&#8217;avocats sp\u00e9cialis\u00e9 enInformatique, Internet et Affaires Plan d&#8217;acc\u00e8s Expansion et d\u00e9m\u00e9nagement \u00e0 Otemachi Financial City Cabinet d&#8217;avocats sp\u00e9cialis\u00e9 enInformat [&hellip;]<\/p>\n","protected":false},"author":1,"featured_media":57041,"parent":0,"menu_order":10,"comment_status":"closed","ping_status":"closed","template":"other-page-temp.php","meta":{"footnotes":""},"acf":[],"_links":{"self":[{"href":"https:\/\/monolith.law\/fr\/wp-json\/wp\/v2\/pages\/25864"}],"collection":[{"href":"https:\/\/monolith.law\/fr\/wp-json\/wp\/v2\/pages"}],"about":[{"href":"https:\/\/monolith.law\/fr\/wp-json\/wp\/v2\/types\/page"}],"author":[{"embeddable":true,"href":"https:\/\/monolith.law\/fr\/wp-json\/wp\/v2\/users\/1"}],"replies":[{"embeddable":true,"href":"https:\/\/monolith.law\/fr\/wp-json\/wp\/v2\/comments?post=25864"}],"version-history":[{"count":31,"href":"https:\/\/monolith.law\/fr\/wp-json\/wp\/v2\/pages\/25864\/revisions"}],"predecessor-version":[{"id":59877,"href":"https:\/\/monolith.law\/fr\/wp-json\/wp\/v2\/pages\/25864\/revisions\/59877"}],"wp:featuredmedia":[{"embeddable":true,"href":"https:\/\/monolith.law\/fr\/wp-json\/wp\/v2\/media\/57041"}],"wp:attachment":[{"href":"https:\/\/monolith.law\/fr\/wp-json\/wp\/v2\/media?parent=25864"}],"curies":[{"name":"wp","href":"https:\/\/api.w.org\/{rel}","templated":true}]}}