{"id":30628,"date":"2023-11-07T11:40:08","date_gmt":"2023-11-07T02:40:08","guid":{"rendered":"https:\/\/monolith.law\/?page_id=30628"},"modified":"2023-12-06T19:55:04","modified_gmt":"2023-12-06T10:55:04","slug":"contract-drafting-and-review","status":"publish","type":"page","link":"https:\/\/monolith.law\/fr\/contract-drafting-and-review","title":{"rendered":"R\u00e9daction et R\u00e9vision de Contrats"},"content":{"rendered":"\n<section class=\"heading-area\">\n\t<div class=\"heading-area-inner\">\n\t\t<h2 class=\"icon-contract-drafting-and-review\">R\u00e9daction et R\u00e9vision de Contrats<\/h2>\n\t\t<p>En tant que conseiller juridique pour les entreprises Informatiques et les start-ups, et occasionnellement en tant que conseiller Informatique pour les entreprises, nous r\u00e9digeons et r\u00e9visons une grande vari\u00e9t\u00e9 de contrats hautement sp\u00e9cialis\u00e9s li\u00e9s \u00e0 l&#8217;Informatique. Notre objectif est de garantir une position solide dans un environnement commercial en constante \u00e9volution au Japon.<\/p>\n\t<\/div>\n<\/section>\n<section class=\"white-section mgb-section\">\n\t<div class=\"section-inner pdt0 border-bottom-section\">\n\t\t<p>MONOLITH LAW OFFICE agit en tant que conseiller juridique pour les entreprises informatiques et les start-ups japonaises en ce qui concerne divers types de contrats, y compris les contrats d&#8217;externalisation li\u00e9s \u00e0 leurs op\u00e9rations externalis\u00e9es, les contrats d&#8217;utilisation et d&#8217;agence li\u00e9s \u00e0 leurs produits, les contrats d&#8217;investissement et les accords d&#8217;actionnaires en tant que contrats li\u00e9s aux capitaux propres, ainsi que les contrats de travail en tant que contrats li\u00e9s \u00e0 l&#8217;entreprise. Nous agissons \u00e9galement en tant qu&#8217;avocats en Informatique pour les entreprises japonaises.\nDe plus, en tant qu&#8217;avocats en Informatique pour les entreprises en exploitation, nous r\u00e9digeons et examinons des contrats li\u00e9s aux nouvelles activit\u00e9s li\u00e9es \u00e0 l&#8217;Informatique, des contrats li\u00e9s \u00e0 l&#8217;externalisation vers des entreprises Informatiques et d&#8217;autres contrats.<\/p>\n\t<\/div>\n<\/section>\n<section class=\"white-section\">\n\t<div class=\"section-inner pdt0\">\n\t\t<h3 class=\"ttl-enjp mgb-middle\"><span class=\"en\"><\/span><span class=\"ja\">Caract\u00e9ristiques du MONOLITH LAW OFFICE <\/span><\/h3>\n\t\t<ol class=\"practices-list\">\n\t\t\t<li>\n\t\t\t\t<h4><img decoding=\"async\" src=\"\/wp-content\/themes\/monolith_en\/img\/practices\/practices_1_1.svg\" alt=\"1.Start-up Legal Services\"><\/h4>\n\t\t\t\t<img decoding=\"async\" src=\"\/wp-content\/themes\/monolith2021\/img\/practices\/practices_1_1_pic.png\" alt=\"Start-up Legal Services\">\n\t\t\t\t<p>Nous avons une vaste exp\u00e9rience dans les services juridiques li\u00e9s aux affaires et aux questions de capital, y compris la collecte de fonds, les transferts d&#8217;entreprise et les rachats au Japon.\n<\/p>\n\t\t\t<\/li>\n\t\t\t<li>\n\t\t\t\t<h4><img decoding=\"async\" src=\"\/wp-content\/themes\/monolith_en\/img\/practices\/practices_1_2.svg\" alt=\"2.IT and Intellectual Property Legal Services\"><\/h4>\n\t\t\t\t<img decoding=\"async\" src=\"\/wp-content\/themes\/monolith2021\/img\/practices\/practices_1_2_pic.png\" alt=\"IT and Intellectual Property Legal Services\">\n\t\t\t\t<p>Nos avocats, y compris notre avocat fondateur, qui est un ancien ing\u00e9nieur, s&#8217;efforcent de comprendre en profondeur votre produit, parfois en examinant le code.\n<\/p>\n\t\t\t<\/li>\n\t\t\t<li>\n\t\t\t\t<h4><img decoding=\"async\" src=\"\/wp-content\/themes\/monolith_en\/img\/practices\/practices_1_3.svg\" alt=\"3.Speed\"><\/h4>\n\t\t\t\t<img decoding=\"async\" src=\"\/wp-content\/themes\/monolith2021\/img\/practices\/practices_1_3_pic.png\" alt=\"Speed\">\n\t\t\t\t<p>Nous comprenons l&#8217;importance de r\u00e9pondre rapidement \u00e0 vos besoins commerciaux, et en r\u00e8gle g\u00e9n\u00e9rale, nous r\u00e9pondons dans un d\u00e9lai d&#8217;un jour ouvrable.<\/p>\n\t\t\t<\/li>\n\t\t\t<li>\n\t\t\t\t<h4><img decoding=\"async\" src=\"\/wp-content\/themes\/monolith_en\/img\/practices\/practices_1_4.svg\" alt=\"4.Corporate Legal Services for Small and Medium Sized Companies\"><\/h4>\n\t\t\t\t<img decoding=\"async\" src=\"\/wp-content\/themes\/monolith2021\/img\/practices\/practices_1_4_pic.png\" alt=\"Corporate Legal Services for Small and Medium Sized Companies\">\n\t\t\t\t<p>Notre avocat fondateur, fort d&#8217;une exp\u00e9rience dans la gestion d&#8217;entreprises japonaises, comprend les d\u00e9fis li\u00e9s \u00e0 la direction des affaires.<\/p>\n\t\t\t<\/li>\n\t\t<\/ol>\n\t<\/div>\n<\/section>\n<section class=\"second-nav\">\n\t<div class=\"second-nav-inner\">\n\t\t<p>MENU<\/p>\n\t\t<nav>\n\t\t\t<ul>\n\t\t\t\t<li><a href=\"#our-experience-in-contract-drafting-etc\">Notre exp\u00e9rience en mati\u00e8re de r\u00e9daction de contrats, etc.<\/a><\/li>\n\t\t\t\t<li><a href=\"#handling-more-than-3000-contracts-per-year-as-an-organization\">Gestion de plus de 3 000 contrats par an.<\/a><\/li>\n\t\t\t\t<li><a href=\"#IT-class-anchor\">Informatique<\/a><\/li>\n\t\t\t\t<li><a href=\"#extensive-experience-in-investment-contracts-etc\">Vaste exp\u00e9rience dans les accords d&#8217;investissement, etc.<\/a><\/li>\n\t\t\t\t<li><a href=\"#examples-of-support-provided-by-our-firm\">Exemples de soutien fourni par MONOLITH LAW OFFICE<\/a><\/li>\n\t\t\t\t<li><a href=\"#monolith-law-magazine\">MONOLITH LAW MAGAZINE<\/a><\/li>\n\t\t\t\t<li><a href=\"#fee-structure-class-anchor\">Structure tarifaire<\/a><\/li>\n\t\t\t<\/ul>\n\t\t<\/nav>\n\t<\/div>\n<\/section>\n<section class=\"white-section mgt-section mgb-section\">\n\t<div class=\"anchor\" id=\"our-experience-in-contract-drafting-etc\"><\/div>\n\t<div class=\"section-inner-black\">\n\t\t<h3>Notre exp\u00e9rience en mati\u00e8re de r\u00e9daction de contrats, <br class=\"spOnly\">etc.<\/h3>\n\t\t<p class=\"mgb-middle\">MONOLITH LAW OFFICE, en tant que cabinet d&#8217;avocats sp\u00e9cialis\u00e9 dans &#8220;l&#8217;Informatique, l&#8217;Internet et les affaires&#8221;, propose divers types de services de r\u00e9daction et de r\u00e9vision de contrats li\u00e9s \u00e0 l&#8217;informatique et aux affaires. Voici quelques exemples de nos services, sans toutefois s&#8217;y limiter :\n\n<\/p>\n\t\t<p class=\"mgb-middle\">Accord d&#8217;externalisation de SEO, Accord d&#8217;externalisation de l&#8217;exploitation des m\u00e9dias sociaux, Accord de fusion, Accord de transfert d&#8217;actions, Accord de souscription d&#8217;actions, Accord de recherche conjointe, Accord de coentreprise, Accord de service, Accord d&#8217;alliance commerciale, Accord de pr\u00eat, Accord d&#8217;externalisation publicitaire, Accord de transaction publicitaire de base, Accord de conseil, Accord d&#8217;emploi, Accord de consultation, Accord de cession de cr\u00e9ances, Accord de cession d&#8217;int\u00e9r\u00eat garanti, Accord de transfert d&#8217;entreprise, Accord de cession de marque, Accord de recrutement de base, Accord d&#8217;alliance en capital et commercial, Accord de responsabilit\u00e9 limit\u00e9e, Accord d&#8217;affiliation de talent, Accord de rupture, Accord d&#8217;agence, Accord de transfert de droits d&#8217;auteur, Accord d&#8217;investissement, Accord d&#8217;achat de base, Accord de distribution, Accord de non-divulgation, Accord de franchise, Accord de souscription g\u00e9n\u00e9ral, Accord de gestion, Accord MEO (Managed IT Services), Accord de licence, Accord de mise \u00e0 disposition de personnel, Accord de r\u00e8glement<\/p>\n\t<\/div>\n<\/section>\n<section class=\"purple-section\">\n\t<div class=\"anchor\" id=\"handling-more-than-3000-contracts-per-year-as-an-organization\"><\/div>\n\t<div class=\"section-inner\">\n\t\t<div class=\"flex\">\n\t\t\t<div class=\"width51\">\n\t\t\t\t<h3>Gestion de plus de 3 000 contrats par an.<\/h3>\n\t\t\t\t<p class=\"mgb-small\">MONOLITH LAW OFFICE est une organisation compos\u00e9e de 17 avocats dirig\u00e9e par notre avocat fondateur, ancien ing\u00e9nieur en informatique et cadre d&#8217;entreprise.<\/p>\n\t\t\t\t<p class=\"mgb-small\">Notre cabinet r\u00e9dige et examine plus de 3 000 contrats chaque ann\u00e9e, ce qui d\u00e9montre une vaste exp\u00e9rience et une expertise dans ces domaines.<\/p>\n\t\t\t\t<p>*Les graphiques sont bas\u00e9s sur des chiffres estim\u00e9s, et il peut y avoir une marge d&#8217;erreur allant jusqu&#8217;\u00e0 20 %.<\/p>\n\t\t\t<\/div>\n\t\t\t<div class=\"width41\"><img decoding=\"async\" src=\"\/wp-content\/themes\/monolith_en\/img\/contractcreation\/contractcreation_pic1.png\" alt=\"Handling more than 2,000 contracts per year as an organization\"><\/div>\n\t\t<\/div>\n\t<\/div>\n<\/section>\n\n<section class=\"white-section\">\n\t<div id=\"IT-class-anchor\"><\/div>\n\t<div class=\"section-inner\">\n\t<div class=\"flex\">\n\t<div class=\"width41\"><img decoding=\"async\" src=\"\/wp-content\/themes\/monolith2021\/img\/pic\/pic_practices-itlaw.jpg\" alt=\"IT\" \/><\/div>\n\t<div class=\"width51\">\n\t\t<h3>Informatique<\/h3>\n\t\t<p class=\"mgb-middle\">MONOLITH LAW OFFICE est sp\u00e9cialis\u00e9 en droit de l&#8217;Informatique (IT) et offre un soutien juridique complet \u00e0 diverses entreprises Informatiques. Notre expertise comprend la r\u00e9daction de contrats li\u00e9s aux technologies de pointe, ainsi que les transactions d&#8217;investissement et de fusion-acquisition (M&amp;A) impliquant des start-ups. Forts de notre vaste exp\u00e9rience dans la r\u00e9daction de contrats, en particulier dans le secteur de l&#8217;Informatique, nous sommes bien \u00e9quip\u00e9s pour r\u00e9pondre aux besoins juridiques uniques des entreprises ax\u00e9es sur la technologie.<\/p>\n\t\t<div class=\"btn-area align-left\">\n\t\t\t<div class=\"btn icon-it\"><a href=\"\/fr\/it\">Informatique<\/a><\/div>\n\t\t<\/div>\n\t<\/div>\n\t<\/div>\n\t<\/div>\n<\/section>\n\n<section class=\"white-section\">\n\t<div class=\"anchor\" id=\"extensive-experience-in-investment-contracts-etc\"><\/div>\n\t<div class=\"section-inner-black\">\n\t\t<h3>Vaste exp\u00e9rience dans les accords d&#8217;investissement, etc.<\/h3>\n\t\t<p class=\"mgb-middle\">En ce qui concerne l&#8217;\u00e9mission d&#8217;actions par le biais d&#8217;une augmentation de capital par des tiers, nous g\u00e9rons tout, de la pr\u00e9paration des termes de l&#8217;accord \u00e0 la r\u00e9daction des accords d&#8217;investissement et des accords entre actionnaires. Nous nous occupons \u00e9galement de la conception des actions de cat\u00e9gorie qui stipulent la distribution pr\u00e9f\u00e9rentielle, etc., de l&#8217;\u00e9mission de droits d&#8217;acquisition d&#8217;actions, des accords entre fondateurs, de la cession d&#8217;actions, ainsi que de diverses autres strat\u00e9gies et contrats li\u00e9s aux capitaux propres, etc.<\/p>\n\t<\/div>\n<\/section>\n\n<section class=\"orange-section mgt-section\">\n\t<div class=\"anchor\" id=\"examples-of-support-provided-by-our-firm\"><\/div>\n\t<div class=\"section-inner\">\n\t\t<h3 class=\"mgb-middle\">Exemples de soutien fourni par MONOLITH LAW OFFICE<\/h3>\n\t\t<p class=\"mgb-middle\">MONOLITH LAW OFFICE a agi en tant que conseiller juridique pour les entreprises Informatiques et les start-ups japonaises en ce qui concerne divers types de contrats, y compris les contrats d&#8217;externalisation pour les op\u00e9rations externalis\u00e9es, les contrats d&#8217;utilisation et d&#8217;agence pour les produits de l&#8217;entreprise, les contrats d&#8217;investissement et les accords d&#8217;actionnaires en tant que contrats li\u00e9s aux capitaux propres, ainsi que les contrats de travail pour les contrats li\u00e9s \u00e0 l&#8217;entreprise. Nous agissons \u00e9galement en tant qu&#8217;avocats en Informatique pour les entreprises en activit\u00e9 au Japon, en r\u00e9digeant et en examinant des contrats pour de nouvelles entreprises li\u00e9es \u00e0 l&#8217;informatique et des contrats li\u00e9s aux entreprises informatiques.<\/p>\n\t\t<div class=\"white-base\">\n\t\t\t<ul>\n\t\t\t\t<li class=\"mgb-small\">\n\t\t\t\t\t<figure><img decoding=\"async\" alt=\"HAZAMA ANDO CORPORATION\" src=\"\/wp-content\/themes\/monolith2021\/img\/clients\/logo_andohazama.png\"><\/figure>\n\t\t\t\t\t<h4 class=\"mgt-small mgb-small\">HAZAMA ANDO CORPORATION<\/h4>\n\t\t\t\t\t<p>Notre cabinet a r\u00e9dig\u00e9 un contrat li\u00e9 \u00e0 l&#8217;informatique pour ce client, un important entrepreneur g\u00e9n\u00e9ral cot\u00e9 \u00e0 la bourse de Tokyo.<\/p>\n\t\t\t\t<\/li>\n\t\t\t\t<li class=\"mgb-small\">\n\t\t\t\t\t<figure><img decoding=\"async\" alt=\"Gftd Japan\n\" src=\"\/wp-content\/themes\/monolith2021\/img\/clients\/logo_gftd.png\"><\/figure>\n\t\t\t\t\t<h4 class=\"mgt-small mgb-small\">Gftd Japan\n<\/h4>\n\t\t\t\t\t<p>Gftd Japan est une start-up li\u00e9e \u00e0 la blockchain pour laquelle nous avons r\u00e9dig\u00e9 divers types de contrats, des contrats li\u00e9s \u00e0 l&#8217;activit\u00e9 aux contrats li\u00e9s \u00e0 l&#8217;emploi.<\/p>\n\t\t\t\t<\/li>\n\t\t\t\t<li class=\"mgb-small\">\n\t\t\t\t\t<figure><img decoding=\"async\" alt=\"TOKIUM Inc.\" src=\"\/wp-content\/uploads\/2022\/04\/logo_tokium.png\"><\/figure>\n\t\t\t\t\t<h4 class=\"mgt-small mgb-small\">TOKIUM Inc.<\/h4>\n\t\t\t\t\t<p>Tokium est une start-up li\u00e9e \u00e0 la technologie financi\u00e8re (fintech) pour laquelle nous avons r\u00e9dig\u00e9 des contrats allant des accords d&#8217;alliance en capital et en affaires aux accords li\u00e9s \u00e0 l&#8217;activit\u00e9.\n<\/p>\n\t\t\t\t<\/li>\n\t\t\t\t<li class=\"mgb-small\">\n\t\t\t\t\t<figure><img decoding=\"async\" alt=\"MI-6 Ltd.\" src=\"\/wp-content\/themes\/monolith2021\/img\/clients\/logo_mi-6.png\"><\/figure>\n\t\t\t\t\t<h4 class=\"mgt-small mgb-small\">MI-6 Ltd.<\/h4>\n\t\t\t\t\t<p>Notre cabinet a pr\u00e9par\u00e9 des contrats d&#8217;investissement, des options d&#8217;achat d&#8217;actions de type J-KISS, et des contrats li\u00e9s \u00e0 la recherche conjointe.<\/p>\n\t\t\t\t<\/li>\n\t\t\t<\/ul><p class=\"mgb-small\">\n\t\t<p class=\"txt-s\">*We are responsible for many other clients&#8217; projects. We only list some of our clients who have given us permission to disclose their status as clients (or are registered as a board member). As a general rule, client confidentiality is upheld under the duty of confidentiality.<\/p>\n\t<\/div><\/div>\n<\/section>\n\n<section class=\"purple2-section\">\n\t<div class=\"anchor\" id=\"monolith-law-magazine\"><\/div>\n\t<div class=\"section-inner\">\n\t\t    <section class=\"white-section temp-article\">\n        <div class=\"section-inner\">\n            <h4>MONOLITH LAW MAGAZINE<\/h4>\n            <div class=\"articles type_practice_column\">\n                                                                    <div class=\"article article-area\">\n                        <figure>\n                            <div class=\"img-wrap\">\n                                <img alt=\"Explication des sanctions en cas de violation de la nouvelle loi sur les freelances \u00e0 travers trois exemples concrets\" src=\"https:\/\/monolith.law\/fr\/wp-content\/uploads\/sites\/12\/2025\/07\/6d129f9213bc4489ca4b5e0a5df7378f.jpg\" width=\"500\" height=\"250\">\n                            <\/div>\n                            <figcaption>\n                                <div class=\"figcaption-inner\">\n                                    <h3>Explication des sanctions en cas de violation de la nouvelle loi sur les freelan.<\/h3>\n                                <\/div>\n                            <\/figcaption>\n                            <a href=\"https:\/\/monolith.law\/fr\/general-corporate\/freelance-law-penalties\"><\/a>\n                        <\/figure>\n                    <\/div>\n                                                    <div class=\"article article-area\">\n                        <figure>\n                            <div class=\"img-wrap\">\n                                <img alt=\"Qu'est-ce que la nouvelle loi sur le freelancing ? Explication des points de contr\u00f4le \u00e0 partir d'un exemple de contrat conforme \u00e0 la nouvelle loi\" src=\"https:\/\/monolith.law\/fr\/wp-content\/uploads\/sites\/12\/2025\/07\/873e76645ec995ae22ee695f1ecd9a55.webp\" width=\"500\" height=\"250\">\n                            <\/div>\n                            <figcaption>\n                                <div class=\"figcaption-inner\">\n                                    <h3>Qu'est-ce que la nouvelle loi sur le freelancing ? Explication des points de con.<\/h3>\n                                <\/div>\n                            <\/figcaption>\n                            <a href=\"https:\/\/monolith.law\/fr\/general-corporate\/freelance-law-contract\"><\/a>\n                        <\/figure>\n                    <\/div>\n                                                    <div class=\"article article-area\">\n                        <figure>\n                            <div class=\"img-wrap\">\n                                <img alt=\"Comp\u00e9tition num\u00e9rique et d\u00e9veloppement des jeunes\" src=\"https:\/\/monolith.law\/fr\/wp-content\/uploads\/sites\/12\/2025\/03\/84ef090c27aba34e217b228427e9f01f-1024x538.jpg\" width=\"500\" height=\"250\">\n                            <\/div>\n                            <figcaption>\n                                <div class=\"figcaption-inner\">\n                                    <h3>Comp\u00e9tition num\u00e9rique et d\u00e9veloppement des jeunes<\/h3>\n                                <\/div>\n                            <\/figcaption>\n                            <a href=\"https:\/\/monolith.law\/fr\/general-corporate\/digital-sports-youth-development\"><\/a>\n                        <\/figure>\n                    <\/div>\n                                            <\/div>\n            <div class=\"btn-more\"><a href=\"https:\/\/monolith.law\/fr\/tag\/contract-drafting-and-review\">Read More<\/a><\/div>\n        <\/div>\n    <\/section>\n\t<\/div>\n<\/section>\n\n<section class=\"orange2-section\">\n\t<div id=\"fee-structure-class-anchor\"><\/div>\n\t<div class=\"section-inner\">\n\t<div class=\"planWrap\">\n\t<h3>Structure tarifaire<\/h3>\n\t<ul class=\"plan\">\n\t\t<li class=\"txt-left\">\n\t\t\t<div class=\"plan-inner\">\n\t\t\t<div class=\"plan-header\">\n\t\t\t<h4 class=\"plan-title\">Taux horaire<\/h4>\n\t\t\t<div class=\"plan-price\"><span class=\"price-figure\">$300<\/span>par heure<span class=\"price-value\"><\/span><\/div>\n\t\t\t<\/div>\n\t\t\t<div class=\"plan-body\">Dans certains cas, nous pourrions envisager d&#8217;accepter un litige ou une action en justice avec des frais d&#8217;ouverture de dossier et des honoraires de r\u00e9sultat. Pour plus de d\u00e9tails, n&#8217;h\u00e9sitez pas \u00e0 nous contacter.<\/div>\n\t\t\t<\/div>\n\t\t<\/li>\n\t\t<li class=\"txt-left\">\n\t\t\t<div class=\"plan-inner\">\n\t\t\t<div class=\"plan-header\">\n\t\t\t<h4 class=\"plan-title\">R\u00e9daction de Contrats<\/h4>\n\t\t\t<div class=\"plan-price\"><span class=\"price-value\">de<\/span><span class=\"price-figure\">$500<\/span><span class=\"price-value\"> \u00e0 $2,000 ou plus<\/span><\/div>\n\t\t\t<\/div>\n\t\t\t<div class=\"plan-body\">La structure tarifaire peut varier en fonction du type et de la quantit\u00e9 de contrats. Nous serions heureux de fournir une estimation pr\u00e9liminaire sur demande, vous encourageant ainsi \u00e0 nous contacter pour de plus amples d\u00e9tails.<\/div>\n\t\t\t<\/div>\n\t\t<\/li>\n\t\t<li class=\"txt-left\">\n\t\t\t<div class=\"plan-inner\">\n\t\t\t<div class=\"plan-header\">\n\t\t\t<h4 class=\"plan-title\">Autres services<\/h4>\n\t\t\t<div class=\"plan-price\"><span class=\"price-figure\">Contactez-nous<\/span><\/div>\n\t\t\t<\/div>\n\t\t\t<div class=\"plan-body\">Nous proposons une large gamme de services, notamment la cr\u00e9ation d&#8217;entreprise, la r\u00e9vision de contrats, les avis juridiques, l&#8217;examen de cas, ou la r\u00e9daction de lettres de recherche. Si vous avez des questions ou des pr\u00e9occupations, nous vous invitons cordialement \u00e0 nous contacter, et notre \u00e9quipe comp\u00e9tente se fera un plaisir de vous aider.<\/div>\n\t\t\t<\/div>\n\t\t<\/li>\n\t<\/ul>\n\t<\/div>\n\t<\/div>\n<\/section>\n\n<section class=\"white-section\">\n\t<div class=\"section-inner\">\n\t<div class=\"btn-area\">\n\t<div class=\"btn icon-contact\"><a href=\"\/fr\/contact\">Contactez-nous<\/a><\/div>\n\t<\/div>\n\t<\/div>\n<\/section>\n","protected":false},"excerpt":{"rendered":"<p>R\u00e9daction et R\u00e9vision de Contrats En tant que conseiller juridique pour les entreprises Informatiques et les start-ups, et occasionnellement en tant que conseiller Informatique pour les entreprises, n [&hellip;]<\/p>\n","protected":false},"author":1,"featured_media":57034,"parent":0,"menu_order":7,"comment_status":"closed","ping_status":"closed","template":"other-page-temp.php","meta":{"footnotes":""},"acf":[],"_links":{"self":[{"href":"https:\/\/monolith.law\/fr\/wp-json\/wp\/v2\/pages\/30628"}],"collection":[{"href":"https:\/\/monolith.law\/fr\/wp-json\/wp\/v2\/pages"}],"about":[{"href":"https:\/\/monolith.law\/fr\/wp-json\/wp\/v2\/types\/page"}],"author":[{"embeddable":true,"href":"https:\/\/monolith.law\/fr\/wp-json\/wp\/v2\/users\/1"}],"replies":[{"embeddable":true,"href":"https:\/\/monolith.law\/fr\/wp-json\/wp\/v2\/comments?post=30628"}],"version-history":[{"count":98,"href":"https:\/\/monolith.law\/fr\/wp-json\/wp\/v2\/pages\/30628\/revisions"}],"predecessor-version":[{"id":59802,"href":"https:\/\/monolith.law\/fr\/wp-json\/wp\/v2\/pages\/30628\/revisions\/59802"}],"wp:featuredmedia":[{"embeddable":true,"href":"https:\/\/monolith.law\/fr\/wp-json\/wp\/v2\/media\/57034"}],"wp:attachment":[{"href":"https:\/\/monolith.law\/fr\/wp-json\/wp\/v2\/media?parent=30628"}],"curies":[{"name":"wp","href":"https:\/\/api.w.org\/{rel}","templated":true}]}}