{"id":30684,"date":"2023-11-05T11:00:20","date_gmt":"2023-11-05T02:00:20","guid":{"rendered":"https:\/\/monolith.law\/?page_id=30684"},"modified":"2023-12-06T19:58:19","modified_gmt":"2023-12-06T10:58:19","slug":"id-of-the-defamatory-statement","status":"publish","type":"page","link":"https:\/\/monolith.law\/fr\/id-of-the-defamatory-statement","title":{"rendered":"Identification de la D\u00e9claration Diffamatoire"},"content":{"rendered":"\n<section class=\"heading-area\">\n\t<div class=\"heading-area-inner\">\n\t\t<h2 class=\"icon-id-of-the-defamatory-statement\">Identification de la D\u00e9claration Diffamatoire<\/h2>\n\t\t<p>Sous la loi japonaise, si une entreprise ou un individu est diffam\u00e9 ou voit sa vie priv\u00e9e viol\u00e9e par un utilisateur anonyme sur Internet, il est possible d&#8217;identifier l&#8217;auteur anonyme gr\u00e2ce \u00e0 diverses proc\u00e9dures l\u00e9gales facilit\u00e9es par le tribunal. Bien qu&#8217;il y ait des cas de diffamation par des utilisateurs anonymes dans l&#8217;espace en ligne japonais, il est possible d&#8217;identifier l&#8217;auteur et de poursuivre une demande de dommages et int\u00e9r\u00eats par l&#8217;interm\u00e9diaire d&#8217;un avocat.<\/p>\n\t<\/div>\n<\/section>\n\n<section class=\"white-section\">\n\t<div class=\"section-inner pdt0 border-bottom-section\">\n\t\t<p class=\"mgb-small\">Si vous avez \u00e9t\u00e9 victime de diffamation par un utilisateur anonyme sur Internet et que vous souhaitez engager une action en dommages et int\u00e9r\u00eats, il est n\u00e9cessaire d&#8217;abord d&#8217;identifier l&#8217;identit\u00e9 de cet utilisateur. La loi japonaise pr\u00e9voit des proc\u00e9dures l\u00e9gales pour l&#8217;identification des utilisateurs anonymes sur Internet.<\/p>\n\t\t<p>MONOLITH LAW OFFICE est un cabinet d&#8217;avocats japonais sp\u00e9cialis\u00e9 dans les questions li\u00e9es \u00e0 Internet. Nous avons \u00e9t\u00e9 charg\u00e9s de l&#8217;identification des auteurs de diffamation sur la base de demandes de divers clients, notamment des entreprises cot\u00e9es en bourse, des dirigeants \u00e9minents et des personnalit\u00e9s influentes. Forts de notre vaste exp\u00e9rience et de notre bilan, nous sommes en mesure de traiter les litiges dans l&#8217;espace en ligne japonais.<\/p>\n\t<\/div>\n<\/section>\n\n<section class=\"second-nav\">\n\t<div class=\"second-nav-inner\">\n\t\t<p>MENU<\/p>\n\t\t<nav>\n\t\t\t<ul>\n\t\t\t\t<li><a href=\"#identification-of-the-defamatory-statement\">Identification de l&#8217;all\u00e9gation diffamatoire<\/a><\/li>\n\t\t\t\t<li><a href=\"#examples-of-identifications-by-our-firm-target-sites\">Exemples d&#8217;identifications r\u00e9alis\u00e9es par notre cabinet : Sites cibl\u00e9s<\/a><\/li>\n\t\t\t\t<li><a href=\"#examples-of-support-provided-by-our-firm\">Exemples de soutien fourni par notre cabinet<\/a><\/li>\n\t\t\t\t<li><a href=\"#procedures-for-identifying-authors-under-japanese-law\">Proc\u00e9dures d&#8217;identification des auteurs en vertu de la loi japonaise<\/a><\/li>\n\t\t\t\t<li><a href=\"#publications-as-a-lawyer-specializing-in-mitigating-reputational-damage\">Publications en tant qu&#8217;avocat sp\u00e9cialis\u00e9 dans la mitigation des dommages \u00e0 la r\u00e9putation<\/a><\/li>\n\t\t\t\t<li><a href=\"#monolith-law-magazine\">MONOLITH LAW MAGAZINE<\/a><\/li>\n\t\t\t\t<li><a href=\"#fee-structure\">Structure tarifaire<\/a><\/li>\n\t\t\t<\/ul>\n\t\t<\/nav>\n\t<\/div>\n<\/section>\n\n<section class=\"white-section\">\n\t<div class=\"anchor\" id=\"identification-of-the-defamatory-statement\"><\/div>\n\t<div class=\"section-inner\">\n\t\t<div class=\"flex\">\n\t\t\t<div class=\"width41\"><img decoding=\"async\" src=\"\/wp-content\/themes\/monolith2021\/img\/pic\/pic_reputation.jpg\" alt=\"Identification of the Defamatory Statement Source\"><\/div>\n\t\t\t<div class=\"width51\">\n\t\t\t\t<h3>Identification de l&#8217;all\u00e9gation diffamatoire<\/h3>\n\t\t\t\t<p>Sous la loi japonaise, il est possible de prendre des mesures l\u00e9gales pour identifier les individus responsables de publications ill\u00e9gales, y compris des d\u00e9clarations diffamatoires, par le biais d&#8217;une proc\u00e9dure judiciaire. Si votre entreprise est la cible d&#8217;utilisateurs anonymes d&#8217;Internet qui lancent des attaques sur Internet au Japon, il peut \u00eatre possible de divulguer l&#8217;identit\u00e9, y compris le nom et l&#8217;adresse, de l&#8217;utilisateur anonyme en consultant un avocat hautement sp\u00e9cialis\u00e9. Une fois que l&#8217;identit\u00e9 est r\u00e9v\u00e9l\u00e9e, vous pouvez avoir la possibilit\u00e9 de d\u00e9poser une demande de dommages et int\u00e9r\u00eats contre l&#8217;utilisateur d&#8217;Internet. Il est essentiel de travailler avec un avocat exp\u00e9riment\u00e9 qui peut vous guider tout au long du processus juridique et prot\u00e9ger les int\u00e9r\u00eats de votre entreprise.<\/p>\n\t\t\t<\/div>\n\t\t<\/div>\n\t<\/div>\n<\/section>\n\n<section class=\"white-section mgb-section\">\n\t<div class=\"anchor\" id=\"examples-of-identifications-by-our-firm-target-sites\"><\/div>\n\t<div class=\"section-inner-black\">\n\t\t<h3 class=\"mgb-middle\">Exemples d&#8217;identifications r\u00e9alis\u00e9es par notre cabinet : Sites cibl\u00e9s<\/h3>\n\t\t<p class=\"mgb-middle\">MONOLITH LAW OFFICE poss\u00e8de une exp\u00e9rience et une expertise dans l&#8217;identification des auteurs de publications diffamatoires sur divers sites web, notamment dans les cas de diffamation, d&#8217;atteinte \u00e0 la vie priv\u00e9e, de violation des droits d&#8217;auteur et d&#8217;usurpation d&#8217;identit\u00e9. Nous avons r\u00e9ussi \u00e0 aider nos clients \u00e0 identifier les auteurs de telles publications en utilisant notre exp\u00e9rience et nos connaissances dans ce domaine.<\/p>\n\t\t<p class=\"mgb-middle\">2channel, 5channel, Twitter, Facebook, Instagram, Google Maps (My Business), Yahoo! Finance, Food Log, Amazon customer reviews, Girls Channel, Bakusai, Mansion Community, Hostlove, and various other bulletin board sites. Yahoo! Chiebukuro, NAVER summary, phone number search (jpnumber, etc.), Livedoor Blog, FC2 Blog, Ameba Blog, Hatena Blog, etc. Other various blog sites, YouTube, Nico Nico Douga, FC2 Video, and other video sites de vid\u00e9os. MILKCAFE, openwork, Lighthouse (anciennement Kaisha\u2019s Reputation), autres sites d&#8217;offres d&#8217;emploi, autres sites de domaines originaux.<\/p>\n\t<\/div>\n<\/section>\n\n<section class=\"purple-section\">\n\t<div class=\"anchor\" id=\"examples-of-support-provided-by-our-firm\"><\/div>\n\t<div class=\"section-inner\">\n\t\t<h3 class=\"mgb-middle\">Exemples de soutien fourni par notre cabinet<\/h3>\n\t\t<ul class=\"layout-column4 mgb-big\">\n\t\t\t<li>\n\t\t\t\t<div><img decoding=\"async\" src=\"\/wp-content\/themes\/monolith2021\/img\/identificationofslander\/identificationofslander_support_pic1.jpg\" alt=\"TSE listed company\"><\/div>\n\t\t\t\t<h4>Soci\u00e9t\u00e9 cot\u00e9e \u00e0 la Bourse de Tokyo (TSE)<\/h4>\n\t\t\t\t<p>Nous avons identifi\u00e9 les auteurs de messages persistants diffusant de fausses informations, comme des scandales internes, sur des plateformes telles que Yahoo! Finance et Google Avis.<\/p>\n\t\t\t<\/li>\n\t\t\t<li>\n\t\t\t\t<div><img decoding=\"async\" src=\"\/wp-content\/themes\/monolith2021\/img\/identificationofslander\/identificationofslander_support_pic2.jpg\" alt=\"Prominent executive\"><\/div>\n\t\t\t\t<h4>dirigeant \u00e9minent<\/h4>\n\t\t\t\t<p>Nous avons effectu\u00e9 une identification des auteurs pour des comptes sur Twitter qui diffusent des propos diffamatoires, des usurpations d&#8217;identit\u00e9 et des messages insultants dirig\u00e9s contre des cadres individuels.<\/p>\n\t\t\t<\/li>\n\t\t\t<li>\n\t\t\t\t<div><img decoding=\"async\" src=\"\/wp-content\/themes\/monolith2021\/img\/systemdevelopment\/systemdevelopment_support_pic3.jpg\" alt=\"Business corporation\"><\/div>\n\t\t\t\t<h4>Soci\u00e9t\u00e9 commerciale<\/h4>\n\t\t\t\t<p>Nous avons effectu\u00e9 l&#8217;identification de l&#8217;auteur de messages diffamatoires ciblant des cadres sp\u00e9cifiques sur des forums anonymes tels que 5channel et Google Reviews.<\/p>\n\t\t\t<\/li>\n\t\t\t<li>\n\t\t\t\t<div><img decoding=\"async\" src=\"\/wp-content\/themes\/monolith2021\/img\/identificationofslander\/identificationofslander_support_pic4.jpg\" alt=\"Prominent YouTuber\"><\/div>\n\t\t\t\t<h4>YouTuber \u00e9minent<\/h4>\n\t\t\t\t<p>Nous avons particip\u00e9 \u00e0 l&#8217;identification de l&#8217;auteur de cas impliquant des fuites d&#8217;informations personnelles et des commentaires diffamatoires publi\u00e9s sur les vid\u00e9os d&#8217;autres YouTubers, leurs blogs personnels et d&#8217;autres plateformes<\/p>\n\t\t\t<\/li>\n\t\t<\/ul>\n\t\t<div class=\"frame2-white max-width860 txt-center-pc\">\n\t\t\t<p class=\"txt-l bold\">L&#8217;identification de l&#8217;auteur requiert une expertise hautement sp\u00e9cialis\u00e9e, englobant la planification strat\u00e9gique et des t\u00e2ches op\u00e9rationnelles sp\u00e9cifiques.<\/p>\n\t\t<\/div>\n\t<\/div>\n<\/section>\n\n<section class=\"white-section\">\n\t<div class=\"anchor\" id=\"procedures-for-identifying-authors-under-japanese-law\"><\/div>\n\t<div class=\"section-inner pdb0\">\n\t\t<h3>Proc\u00e9dures d&#8217;identification des auteurs en vertu de la loi japonaise<\/h3>\n\t\t<p class=\"mgb-middle\">Au Japon, diverses proc\u00e9dures l\u00e9gales sont disponibles pour identifier les auteurs de messages diffamatoires en ligne et lutter contre la diffamation sur internet. En tant que professionnels du droit, nous utilisons ces proc\u00e9dures de mani\u00e8re s\u00e9lective et combin\u00e9e pour parvenir \u00e0 l&#8217;identification des auteurs. Bien qu&#8217;il soit difficile de fournir une explication compl\u00e8te sur cette page en raison de la nature hautement sp\u00e9cialis\u00e9e de ces proc\u00e9dures, nous allons vous donner un aper\u00e7u.<\/p>\n\t\t<ul class=\"layout-datalist\">\n\t\t\t<li>\n\t\t\t\t<h4>A : Demande de divulgation (Disposition provisoire)<\/h4>\n\t\t\t\t<p>Cette mesure int\u00e9rimaire acc\u00e9l\u00e9r\u00e9e nous permet de demander aux op\u00e9rateurs de sites web ou aux administrateurs de serveurs d&#8217;h\u00e9bergement de divulguer l&#8217;adresse IP de l&#8217;auteur des messages, sans recourir \u00e0 une action en justice formelle. Cependant, il est important de noter que certains sites web peuvent divulguer volontairement l&#8217;adresse IP par le biais de n\u00e9gociations informelles, sans n\u00e9cessiter cette proc\u00e9dure. Faire le bon jugement dans de tels cas n\u00e9cessite l&#8217;exp\u00e9rience et l&#8217;expertise de juristes comp\u00e9tents.<\/p>\n\t\t\t<\/li>\n\t\t\t<li>\n\t\t\t\t<h4>B : Interdiction de suppression d&#8217;informations<\/h4>\n\t\t\t\t<p>En analysant l&#8217;adresse IP divulgu\u00e9e obtenue gr\u00e2ce \u00e0 la Proc\u00e9dure A, il est possible d&#8217;identifier le fournisseur de services Internet (FSI) utilis\u00e9 par l&#8217;utilisateur anonyme. Dans la Proc\u00e9dure C, il est crucial de demander au FSI de ne pas supprimer les informations de l&#8217;exp\u00e9diteur (donn\u00e9es de journal relatives \u00e0 la connexion Internet de l&#8217;utilisateur) afin de pr\u00e9server les preuves.<\/p>\n\t\t\t<\/li>\n\t\t\t<li>\n\t\t\t\t<h4>C : Demande de divulgation (Action en justice)<\/h4>\n\t\t\t\t<p>Cette proc\u00e9dure implique de poursuivre le FSI identifi\u00e9 en tant que d\u00e9fendeur pour obtenir la divulgation de l&#8217;adresse et du nom de l&#8217;utilisateur anonyme. Dans le cas des sites web o\u00f9 l&#8217;utilisateur anonyme a enregistr\u00e9 un num\u00e9ro de t\u00e9l\u00e9phone, cette proc\u00e9dure peut \u00eatre utilis\u00e9e contre l&#8217;op\u00e9rateur du site web pour demander la divulgation de ce num\u00e9ro de t\u00e9l\u00e9phone. Les mesures int\u00e9rimaires imm\u00e9diates ne peuvent pas \u00eatre utilis\u00e9es dans cette proc\u00e9dure, et une action en justice formelle est n\u00e9cessaire selon les pr\u00e9c\u00e9dents juridiques japonais.<\/p>\n\t\t\t<\/li>\n\t\t\t<li>\n\t\t\t\t<h4>D: Ordonnance de divulgation (l&#8217;amendement de 2022)<\/h4>\n\t\t\t\t<p>Ce nouveau cadre juridique introduit combine les Proc\u00e9dures A, B et C en une seule proc\u00e9dure, permettant la mise en \u0153uvre de toutes les \u00e9tapes (A, B et C) dans un d\u00e9lai plus court. Cette proc\u00e9dure utilise un m\u00e9canisme acc\u00e9l\u00e9r\u00e9. Actuellement, cette proc\u00e9dure est consid\u00e9r\u00e9e comme le principe g\u00e9n\u00e9ral pour l&#8217;identification de l&#8217;auteur. Cependant, il existe des exceptions, telles que les sites web o\u00f9 seul un num\u00e9ro de t\u00e9l\u00e9phone est enregistr\u00e9 sans adresse IP ou les cas o\u00f9 la divulgation de l&#8217;adresse IP peut \u00eatre obtenue par le biais de n\u00e9gociations volontaires. L&#8217;expertise et le savoir-faire des professionnels du droit sont essentiels pour traiter ces exceptions.<\/p>\n\t\t\t<\/li>\n\t\t\t<li>\n\t\t\t\t<h4>E : Proc\u00e9dure d&#8217;enqu\u00eate par le biais de l&#8217;Ordre des avocats<\/h4>\n\t\t\t\t<p>Dans les cas o\u00f9 le num\u00e9ro de t\u00e9l\u00e9phone de l&#8217;auteur devient connu au cours des proc\u00e9dures susmentionn\u00e9es, il est n\u00e9cessaire de demander la divulgation de l&#8217;adresse ou du nom de la personne utilisant ce num\u00e9ro de t\u00e9l\u00e9phone aupr\u00e8s de l&#8217;op\u00e9rateur de t\u00e9l\u00e9communications. Au Japon, les op\u00e9rateurs de t\u00e9l\u00e9phonie mobile ont pour pratique de fournir des informations de divulgation lorsque qu&#8217;un avocat effectue une demande appropri\u00e9e par l&#8217;interm\u00e9diaire de leur ordre des avocats affili\u00e9.<\/p>\n\t\t\t<\/li>\n\t\t<\/ul>\n\t<\/div>\n<\/section>\n\n<section class=\"white-section\">\n\t<div class=\"section-inner\">\n\t\t<div class=\"frame2 max-width860 txt-center-pc\">\n\t\t\t<p class=\"bold txt-l\">L&#8217;identification des auteurs de messages diffamatoires conform\u00e9ment \u00e0 la loi japonaise est en effet un domaine tr\u00e8s complexe et sp\u00e9cialis\u00e9. Si vous avez des questions ou des pr\u00e9occupations, notamment en ce qui concerne la faisabilit\u00e9 et les aspects financiers, n&#8217;h\u00e9sitez pas \u00e0 nous contacter. Nous sommes l\u00e0 pour vous assister et vous fournir l&#8217;orientation n\u00e9cessaire.<\/p>\n\t\t<\/div>\n\t<\/div>\n<\/section>\n\n<section class=\"orange-section\">\n\t<div class=\"anchor\" id=\"publications-as-a-lawyer-specializing-in-mitigating-reputational-damage\"><\/div>\n\t<div class=\"section-inner\">\n\t\t<div class=\"flex\">\n\t\t\t<div class=\"width41\"><img decoding=\"async\" src=\"\/wp-content\/themes\/monolith2021\/img\/pic\/pic_publishing2.jpg\" alt=\"Publications as a Lawyer Specializing in Mitigating Reputational Damage\"><\/div>\n\t\t\t<div class=\"width51\">\n\t\t\t\t<h3>Publications en tant qu&#8217;avocat sp\u00e9cialis\u00e9 dans la mitigation des dommages \u00e0 la r\u00e9putation<\/h3>\n\t\t\t\t<p class=\"mgb-small\">Participation dans la r\u00e9daction de &#8220;Pr\u00e9c\u00e9dents judiciaires de la Loi sur la limitation de la responsabilit\u00e9 du fournisseur,&#8221; une collection de pr\u00e9c\u00e9dents judiciaires sur les contre-mesures en mati\u00e8re de dommages \u00e0 la r\u00e9putation, en tant que membre du Groupe d&#8217;\u00e9tude pratique sur la Loi sur la limitation de la responsabilit\u00e9 du fournisseur form\u00e9 par des avocats<\/p>\n\t\t\t\t<p>Publication de &#8220;Digital Tattoo &#8211; Dossier de cas de diffamation sur Internet et de dommages \u00e0 la r\u00e9putation&#8221; par Jiyuukokumin-sha, l&#8217;\u00e9diteur de &#8220;Gendai Yogo no Kihonjitsu&#8221; (Connaissance de base de la terminologie moderne), et j&#8217;\u00e9tais en charge de la r\u00e9daction du drame t\u00e9l\u00e9vis\u00e9 NHK &#8220;Digital Tattoo&#8221; bas\u00e9 sur cet enregistrement de publication.<\/p>\n\t\t\t<\/div>\n\t\t<\/div>\n\t<\/div>\n<\/section>\n\n<section class=\"purple2-section\">\n\t<div class=\"anchor\" id=\"monolith-law-magazine\"><\/div>\n\t<div class=\"section-inner\">\n\t\t    <section class=\"white-section temp-article\">\n        <div class=\"section-inner\">\n            <h4>MONOLITH LAW MAGAZINE<\/h4>\n            <div class=\"articles type_practice_column\">\n                                                                    <div class=\"article article-area\">\n                        <figure>\n                            <div class=\"img-wrap\">\n                                <img alt=\"Comment conserver des preuves de diffamation sur Instagram ? Explication des m\u00e9thodes pour sauvegarder des preuves utilisables au tribunal\" src=\"https:\/\/monolith.law\/fr\/wp-content\/uploads\/sites\/12\/2025\/07\/b7a6d88c3f4a061d0c0c2cfa711ac604.webp\" width=\"500\" height=\"250\">\n                            <\/div>\n                            <figcaption>\n                                <div class=\"figcaption-inner\">\n                                    <h3>Comment conserver des preuves de diffamation sur Instagram ? Explication des m\u00e9t.<\/h3>\n                                <\/div>\n                            <\/figcaption>\n                            <a href=\"https:\/\/monolith.law\/fr\/it\/instagram-preservation-evidence\"><\/a>\n                        <\/figure>\n                    <\/div>\n                                                    <div class=\"article article-area\">\n                        <figure>\n                            <div class=\"img-wrap\">\n                                <img alt=\"Est-il possible de demander la divulgation d'informations sur LINE ? Explications sur l'identification des individus par la divulgation des informations de l'exp\u00e9diteur\" src=\"https:\/\/monolith.law\/fr\/wp-content\/uploads\/sites\/12\/2024\/11\/29578280_m.webp\" width=\"500\" height=\"250\">\n                            <\/div>\n                            <figcaption>\n                                <div class=\"figcaption-inner\">\n                                    <h3>Est-il possible de demander la divulgation d'informations sur LINE ? Explication.<\/h3>\n                                <\/div>\n                            <\/figcaption>\n                            <a href=\"https:\/\/monolith.law\/fr\/internet\/line-disclosure-request\"><\/a>\n                        <\/figure>\n                    <\/div>\n                                                    <div class=\"article article-area\">\n                        <figure>\n                            <div class=\"img-wrap\">\n                                <img alt=\"Peut-on demander la divulgation des injures et diffamations dans les jeux en ligne ? Explication de la proc\u00e9dure judiciaire pour identifier l'autre partie\" src=\"https:\/\/monolith.law\/fr\/wp-content\/uploads\/sites\/12\/2024\/11\/onlinegame1.webp\" width=\"500\" height=\"250\">\n                            <\/div>\n                            <figcaption>\n                                <div class=\"figcaption-inner\">\n                                    <h3>Peut-on demander la divulgation des injures et diffamations dans les jeux en lig.<\/h3>\n                                <\/div>\n                            <\/figcaption>\n                            <a href=\"https:\/\/monolith.law\/fr\/internet\/onlinegame-defamation\"><\/a>\n                        <\/figure>\n                    <\/div>\n                                            <\/div>\n            <div class=\"btn-more\"><a href=\"https:\/\/monolith.law\/fr\/tag\/id-of-the-defamatory-statement\">Read More<\/a><\/div>\n        <\/div>\n    <\/section>\n\t<\/div>\n<\/section>\n\n<section class=\"orange2-section\">\n\t<div class=\"anchor\" id=\"fee-structure\"><\/div>\n\t<div class=\"section-inner\">\n\t<div class=\"planWrap\">\n\t<h3>Structure tarifaire<\/h3>\n\t<ul class=\"plan\">\n\t\t<li class=\"txt-left\">\n\t\t\t<div class=\"plan-inner\">\n\t\t\t<div class=\"plan-header\">\n\t\t\t<h4 class=\"plan-title\">Taux horaire<\/h4>\n\t\t\t<div class=\"plan-price\"><span class=\"price-figure\">$300<\/span>par heur\u3000<span class=\"price-tax\"> <\/span><\/div>\n\t\t\t<\/div>\n\t\t\t<div class=\"plan-body\">Dans certains cas, nous pouvons envisager d&#8217;accepter un litige ou une action en justice avec des frais initiaux et des honoraires de succ\u00e8s. Pour plus de d\u00e9tails, n&#8217;h\u00e9sitez pas \u00e0 nous contacter.<\/div>\n\t\t\t<\/div>\n\t\t<\/li>\n\t\t<li class=\"txt-left\">\n\t\t\t<div class=\"plan-inner\">\n\t\t\t<div class=\"plan-header\">\n\t\t\t<h4 class=\"plan-title\">Drafting Contracts<\/h4>\n\t\t\t<div class=\"plan-price\"><span class=\"price-value\">De<\/span><span class=\"price-figure\">$500<\/span><span class=\"price-value\">\u00e0 $2,000 ou plus<\/span><span class=\"price-tax\"><\/span><\/div>\n\t\t\t<\/div>\n\t\t\t<div class=\"plan-body\">La structure tarifaire est sujette \u00e0 des variations en fonction du type et de la quantit\u00e9 de contrats. Nous sommes heureux de fournir une estimation pr\u00e9liminaire sur demande, vous encourageant ainsi \u00e0 nous contacter pour de plus amples d\u00e9tails.<\/div>\n\t\t\t<\/div>\n\t\t<\/li>\n\t\t<li class=\"txt-left\">\n\t\t\t<div class=\"plan-inner\">\n\t\t\t<div class=\"plan-header\">\n\t\t\t<h4 class=\"plan-title\">Autres Services<\/h4>\n\t\t\t<div class=\"plan-price\"><span class=\"price-figure\">Contact Us<\/span><\/div>\n\t\t\t<\/div>\n\t\t\t<div class=\"plan-body\">Nous proposons une large gamme de services, notamment la cr\u00e9ation d&#8217;entreprises, l&#8217;examen de contrats, les avis juridiques, les revues de cas ou les lettres de recherche. Si vous avez des questions ou des pr\u00e9occupations, nous vous invitons cordialement \u00e0 nous contacter, et notre \u00e9quipe comp\u00e9tente se fera un plaisir de vous aider.<\/div>\n\t\t\t<\/div>\n\t\t\t<\/div>\n\t\t<\/li>\n\t<\/ul>\n\t<\/div>\n\t<\/div>\n<\/section>\n\n<section class=\"white-section\">\n\t<div class=\"section-inner\">\n\t\t<div class=\"btn-area\">\n\t\t\t<div class=\"btn icon-contact\"><a href=\"\/fr\/contact\">Contactez-nous<\/a><\/div>\n\t\t<\/div>\n\t<\/div>\n<\/section>\n","protected":false},"excerpt":{"rendered":"<p>Identification de la D\u00e9claration Diffamatoire Sous la loi japonaise, si une entreprise ou un individu est diffam\u00e9 ou voit sa vie priv\u00e9e viol\u00e9e par un utilisateur anonyme sur Internet, il est possible  [&hellip;]<\/p>\n","protected":false},"author":1,"featured_media":57174,"parent":0,"menu_order":7,"comment_status":"closed","ping_status":"closed","template":"other-page-temp.php","meta":{"footnotes":""},"acf":[],"_links":{"self":[{"href":"https:\/\/monolith.law\/fr\/wp-json\/wp\/v2\/pages\/30684"}],"collection":[{"href":"https:\/\/monolith.law\/fr\/wp-json\/wp\/v2\/pages"}],"about":[{"href":"https:\/\/monolith.law\/fr\/wp-json\/wp\/v2\/types\/page"}],"author":[{"embeddable":true,"href":"https:\/\/monolith.law\/fr\/wp-json\/wp\/v2\/users\/1"}],"replies":[{"embeddable":true,"href":"https:\/\/monolith.law\/fr\/wp-json\/wp\/v2\/comments?post=30684"}],"version-history":[{"count":31,"href":"https:\/\/monolith.law\/fr\/wp-json\/wp\/v2\/pages\/30684\/revisions"}],"predecessor-version":[{"id":59807,"href":"https:\/\/monolith.law\/fr\/wp-json\/wp\/v2\/pages\/30684\/revisions\/59807"}],"wp:featuredmedia":[{"embeddable":true,"href":"https:\/\/monolith.law\/fr\/wp-json\/wp\/v2\/media\/57174"}],"wp:attachment":[{"href":"https:\/\/monolith.law\/fr\/wp-json\/wp\/v2\/media?parent=30684"}],"curies":[{"name":"wp","href":"https:\/\/api.w.org\/{rel}","templated":true}]}}