{"id":31,"date":"2023-11-13T10:00:44","date_gmt":"2023-11-13T01:00:44","guid":{"rendered":"https:\/\/monolith.law\/article\/?page_id=7"},"modified":"2023-12-06T19:57:18","modified_gmt":"2023-12-06T10:57:18","slug":"contact","status":"publish","type":"page","link":"https:\/\/monolith.law\/fr\/contact","title":{"rendered":"Contactez-Nous"},"content":{"rendered":"\n<section class=\"heading-area\">\n\t<div class=\"heading-area-inner\">\n\t\t<h2 class=\"icon-contact\">Contactez-Nous<\/h2>\n\t<\/div>\n<\/section>\n<section class=\"white-section\">\n\t<div class=\"section-inner border-bottom-section pdt0\">\n\t\t<p class=\"mgb-small\">MONOLITH LAW OFFICE est un cabinet d&#8217;avocats situ\u00e9 \u00e0 Otemachi, Tokyo, sp\u00e9cialis\u00e9 dans les services juridiques li\u00e9s \u00e0 l&#8217;Informatique, \u00e0 Internet et aux affaires. Sous la direction de notre avocat repr\u00e9sentant, ancien ing\u00e9nieur en Informatique ayant une exp\u00e9rience en gestion d&#8217;entreprise, nous offrons des conseils juridiques aux entreprises Informatique et startups, ainsi qu&#8217;\u00e0 d&#8217;autres entreprises concernant les dommages \u00e0 la r\u00e9putation, le d\u00e9veloppement de syst\u00e8mes, la propri\u00e9t\u00e9 intellectuelle et d&#8217;autres questions juridiques.<\/p>\n\t\t<p class=\"mgb-middle\">\nN&#8217;h\u00e9sitez pas \u00e0 nous contacter pour des conseils juridiques, des questions li\u00e9es aux dommages \u00e0 la r\u00e9putation, et diverses autres consultations, ainsi que pour des demandes d&#8217;entretiens, de publications et des questions li\u00e9es aux m\u00e9dias.<\/p>\n\t\t<p>*Veuillez lire et accepter notre <a href=\"\/en\/privacypolicy\" target=\"_blank\" rel=\"noreferrer noopener\" title=\"\">Politique de Confidentialit\u00e9<\/a> avant d&#8217;envoyer votre message.<\/p>\n<\/div>\n<\/section>\n\n\n<div class=\"wpcf7 no-js\" id=\"wpcf7-f58771-o1\" lang=\"ja\" dir=\"ltr\">\n<div class=\"screen-reader-response\"><p role=\"status\" aria-live=\"polite\" aria-atomic=\"true\"><\/p> <ul><\/ul><\/div>\n<form action=\"\/fr\/wp-json\/wp\/v2\/pages\/31#wpcf7-f58771-o1\" method=\"post\" class=\"wpcf7-form init\" aria-label=\"\u30b3\u30f3\u30bf\u30af\u30c8\u30d5\u30a9\u30fc\u30e0\" novalidate=\"novalidate\" data-status=\"init\">\n<div style=\"display: none;\">\n<input type=\"hidden\" name=\"_wpcf7\" value=\"58771\" \/>\n<input type=\"hidden\" name=\"_wpcf7_version\" value=\"5.8\" \/>\n<input type=\"hidden\" name=\"_wpcf7_locale\" value=\"ja\" \/>\n<input type=\"hidden\" name=\"_wpcf7_unit_tag\" value=\"wpcf7-f58771-o1\" \/>\n<input type=\"hidden\" name=\"_wpcf7_container_post\" value=\"0\" \/>\n<input type=\"hidden\" name=\"_wpcf7_posted_data_hash\" value=\"\" \/>\n<input type=\"hidden\" name=\"_wpcf7_recaptcha_response\" value=\"\" \/>\n<\/div>\n<section class=\"white-section\">\n\t<div class=\"section-inner\">\n\t\t<div class=\"contact-content\">\n\t\t\t<dl>\n\t\t\t\t<dt>\n\t\t\t\t\t<p><span class=\"label\">Nom et pr\u00e9nom<\/span><span class=\"required\">Required<\/span>\n\t\t\t\t\t<\/p>\n\t\t\t\t<\/dt>\n\t\t\t\t<dd>\n\t\t\t\t\t<p><span class=\"wpcf7-form-control-wrap\" data-name=\"your-name\"><input size=\"40\" class=\"wpcf7-form-control wpcf7-text wpcf7-validates-as-required\" id=\"name\" aria-required=\"true\" aria-invalid=\"false\" value=\"\" type=\"text\" name=\"your-name\" \/><\/span>\n\t\t\t\t\t<\/p>\n\t\t\t\t<\/dd>\n\t\t\t<\/dl>\n\t\t\t<dl>\n\t\t\t\t<dt>\n\t\t\t\t\t<p><span class=\"label\">Adresse e-mail<\/span><span class=\"required\">Required<\/span>\n\t\t\t\t\t<\/p>\n\t\t\t\t<\/dt>\n\t\t\t\t<dd>\n\t\t\t\t\t<p><span class=\"wpcf7-form-control-wrap\" data-name=\"your-email\"><input size=\"40\" class=\"wpcf7-form-control wpcf7-email wpcf7-validates-as-required wpcf7-text wpcf7-validates-as-email\" id=\"email\" aria-required=\"true\" aria-invalid=\"false\" value=\"\" type=\"email\" name=\"your-email\" \/><\/span>\n\t\t\t\t\t<\/p>\n\t\t\t\t<\/dd>\n\t\t\t<\/dl>\n\t\t\t<dl>\n\t\t\t\t<dt>\n\t\t\t\t\t<p><span class=\"label\">Sujet<\/span><span class=\"required\">Required<\/span>\n\t\t\t\t\t<\/p>\n\t\t\t\t<\/dt>\n\t\t\t\t<dd>\n\t\t\t\t\t<p><span class=\"wpcf7-form-control-wrap\" data-name=\"your-subject\"><input size=\"40\" class=\"wpcf7-form-control wpcf7-text wpcf7-validates-as-required\" aria-required=\"true\" aria-invalid=\"false\" value=\"\" type=\"text\" name=\"your-subject\" \/><\/span>\n\t\t\t\t\t<\/p>\n\t\t\t\t<\/dd>\n\t\t\t<\/dl>\n\t\t\t<dl>\n\t\t\t\t<dt>\n\t\t\t\t\t<p><span class=\"label\">Contenu<\/span><span class=\"required\">Required<\/span>\n\t\t\t\t\t<\/p>\n\t\t\t\t<\/dt>\n\t\t\t\t<dd>\n\t\t\t\t\t<p><span class=\"wpcf7-form-control-wrap\" data-name=\"your-info\"><textarea cols=\"40\" rows=\"10\" class=\"wpcf7-form-control wpcf7-textarea wpcf7-validates-as-required\" id=\"info\" aria-required=\"true\" aria-invalid=\"false\" name=\"your-info\"><\/textarea><\/span>\n\t\t\t\t\t<\/p>\n\t\t\t\t<\/dd>\n\t\t\t<\/dl>\n\t\t\t<div class=\"submit-button\">\n\t\t\t\t<p><input class=\"wpcf7-form-control wpcf7-submit has-spinner\" type=\"submit\" value=\"Send\" \/>\n\t\t\t\t<\/p>\n\t\t\t<\/div>\n\t\t<\/div>\n\t\t<p><script>\ndocument.addEventListener( 'wpcf7mailsent', function( event ) {\n location = 'https:\/\/monolith.law\/fr\/contact\/thanks';\n}, false );\n<\/script>\n\t\t<\/p>\n\t<\/div>\n<\/section><div class=\"wpcf7-response-output\" aria-hidden=\"true\"><\/div>\n<\/form>\n<\/div>\n\n\n<!--\n<section class=\"white-section\">\n\t<div class=\"section-inner pdt0\">\n\t\t<h3>Providing legal services to<br class=\"spOnly\">companies and individuals across Japan<br class=\"spOnly\"> as a highly specialized law firm.<\/h3>\n\t\t<div class=\"max-width1000 txt-left\">\n\t\t\t<p class=\"txt-purple2 txt-l\">Locations of clients we have served to date<\/p>\n\t\t\t<p class=\"txt-s\">\u203bWe also accept requests from other prefectures in Japan.<\/p>\n\t\t\t<div class=\"contact-map max-width860\"><img decoding=\"async\" src=\"\/wp-content\/themes\/monolith2021\/img\/contact\/contact_map.png\" alt=\"Locations of clients we have served to date\"><\/div>\n\t\t<\/div>\n\t<\/div>\n<\/section>\n-->;\n","protected":false},"excerpt":{"rendered":"<p>Contactez-Nous MONOLITH LAW OFFICE est un cabinet d&#8217;avocats situ\u00e9 \u00e0 Otemachi, Tokyo, sp\u00e9cialis\u00e9 dans les services juridiques li\u00e9s \u00e0 l&#8217;Informatique, \u00e0 Internet et aux affaires. Sous la dire [&hellip;]<\/p>\n","protected":false},"author":26,"featured_media":57134,"parent":0,"menu_order":11,"comment_status":"closed","ping_status":"closed","template":"other-page-temp.php","meta":{"footnotes":""},"acf":[],"_links":{"self":[{"href":"https:\/\/monolith.law\/fr\/wp-json\/wp\/v2\/pages\/31"}],"collection":[{"href":"https:\/\/monolith.law\/fr\/wp-json\/wp\/v2\/pages"}],"about":[{"href":"https:\/\/monolith.law\/fr\/wp-json\/wp\/v2\/types\/page"}],"author":[{"embeddable":true,"href":"https:\/\/monolith.law\/fr\/wp-json\/wp\/v2\/users\/26"}],"replies":[{"embeddable":true,"href":"https:\/\/monolith.law\/fr\/wp-json\/wp\/v2\/comments?post=31"}],"version-history":[{"count":22,"href":"https:\/\/monolith.law\/fr\/wp-json\/wp\/v2\/pages\/31\/revisions"}],"predecessor-version":[{"id":59806,"href":"https:\/\/monolith.law\/fr\/wp-json\/wp\/v2\/pages\/31\/revisions\/59806"}],"wp:featuredmedia":[{"embeddable":true,"href":"https:\/\/monolith.law\/fr\/wp-json\/wp\/v2\/media\/57134"}],"wp:attachment":[{"href":"https:\/\/monolith.law\/fr\/wp-json\/wp\/v2\/media?parent=31"}],"curies":[{"name":"wp","href":"https:\/\/api.w.org\/{rel}","templated":true}]}}