{"id":31513,"date":"2023-11-05T11:20:32","date_gmt":"2023-11-05T02:20:32","guid":{"rendered":"https:\/\/monolith.law\/?page_id=31513"},"modified":"2023-12-06T19:51:32","modified_gmt":"2023-12-06T10:51:32","slug":"m-and-a-of-sns-accounts","status":"publish","type":"page","link":"https:\/\/monolith.law\/fr\/m-and-a-of-sns-accounts","title":{"rendered":"Fusion et Acquisition (M&amp;A) de Comptes de R\u00e9seaux Sociaux (SNS)"},"content":{"rendered":"\n<section class=\"heading-area\">\n\t<div class=\"heading-area-inner\">\n\t\t<h2 class=\"icon-m-and-a-of-sns-accounts\">Fusion et Acquisition (M&#038;A) de Comptes de R\u00e9seaux Sociaux (SNS)<\/h2>\n\t\t<p>La fusion et l&#8217;acquisition (M&amp;A) de cha\u00eenes YouTube et de comptes Twitter sont des domaines hautement sp\u00e9cialis\u00e9s qui n\u00e9cessitent des connaissances et un savoir-faire sp\u00e9cialis\u00e9s. En tant que cabinet d&#8217;avocats disposant de sp\u00e9cialistes en technologies de l&#8217;information, en internet et en affaires dans son \u00e9quipe, nous fournissons une assistance compl\u00e8te dans ce domaine.<\/p>\n\t<\/div>\n<\/section>\n\n<section class=\"white-section\">\n\t<div class=\"section-inner pdt0 border-bottom-section\">\n\t\t<p>Tout comme les sites web, les cha\u00eenes YouTube et les comptes Twitter sont \u00e9galement sujets \u00e0 des fusions et acquisitions (M&amp;A). Cependant, en raison de la sp\u00e9cificit\u00e9 de ces op\u00e9rations de fusion et acquisition, il est n\u00e9cessaire de faire appel \u00e0 un cabinet d&#8217;avocats disposant de connaissances et d&#8217;une expertise sp\u00e9cialis\u00e9es. Le cabinet Monolith Law Office est sp\u00e9cialis\u00e9 dans les domaines des technologies de l&#8217;information, de l&#8217;internet et des affaires. Nos avocats g\u00e8rent tous les aspects de nombreuses op\u00e9rations de fusion et acquisition, des petits projets impliquant des cha\u00eenes YouTube aux projets d&#8217;une valeur de plus de 100 millions de yens, allant de la r\u00e9daction de contrats \u00e0 la diligence raisonnable (DD).<\/p>\n\t<\/div>\n<\/section>\n\n<section class=\"second-nav\">\n\t<div class=\"second-nav-inner\">\n\t\t<p>MENU<\/p>\n\t\t<nav>\n\t\t\t<ul>\n\t\t\t\t<li><a href=\"#an-example-of-ma-track-record\">Exemples de r\u00e9alisations en mati\u00e8re de fusions et acquisitions (M&amp;A)<\/a><\/li>\n\t\t\t\t<li><a href=\"#ma-special-feature-on-sns-such-as-youtube\">Caract\u00e9ristiques sp\u00e9ciales des fusions et acquisitions (M&amp;A) sur les r\u00e9seaux sociaux (SNS) tels que YouTube<\/a><\/li>\n\t\t\t\t<li><a href=\"#responding-to-legal-due-diligence-dd\">R\u00e9pondre \u00e0 la diligence raisonnable l\u00e9gale<\/a><\/li>\n\t\t\t\t<li><a href=\"#legal-due-diligence-dd-peculiarities-of-sns-etc\">R\u00e9pondre \u00e0 la diligence raisonnable l\u00e9gale<\/a><\/li>\n\t\t\t\t<li><a href=\"#an-example-of-our-client\">Un exemple de notre client<\/a><\/li>\n\t\t\t\t<li><a href=\"#book-writing-records\">Activit\u00e9s de publication dans le domaine juridique des YouTubers et des VTubers<\/a><\/li>\n\t\t\t\t<li><a href=\"#media-appearance-record\">Apparition en tant qu&#8217;invit\u00e9 li\u00e9 aux VTubers sur &#8220;ABEMA Prime&#8221;.<\/a><\/li>\n\t\t\t\t<li><a href=\"#monolith-law-magazine\">MONOLITH LAW MAGAZINE<\/a><\/li>\n\t\t\t\t<li><a href=\"#fee-structure\">Structure tarifaire<\/a><\/li>\n\t\t\t<\/ul>\n\t\t<\/nav>\n\t<\/div>\n<\/section>\n\n<section class=\"white-section\">\n\t<div class=\"anchor\" id=\"an-example-of-ma-track-record\"><\/div>\n\t<div class=\"section-inner\">\n\t\t<h3>Exemples de r\u00e9alisations en mati\u00e8re de fusions et acquisitions (M&amp;A)<\/h3>\n\t\t<ul class=\"layout-column4\">\n\t\t\t<li>\n\t\t\t\t<div><img decoding=\"async\" src=\"\/wp-content\/themes\/monolith2021\/img\/practices-youtuberlaw\/practices-youtuberlaw_necessity_pic3.jpg\" alt=\"YouTube channel\"><\/div>\n\t\t\t\t<h4>Cha\u00eene YouTube<\/h4>\n\t\t\t\t<p>Nous avons un historique de transactions de fusions et acquisitions (M&amp;A) et de v\u00e9rifications diligentes (due diligence) d&#8217;une valeur de plus de 100 millions de yens, notamment le transfert de cha\u00eenes YouTube de VTubers et d&#8217;anime.<\/p>\n\t\t\t<\/li>\n\t\t\t<li>\n\t\t\t\t<div><img decoding=\"async\" src=\"\/wp-content\/themes\/monolith2021\/img\/snsmalaw\/snsmalaw_example_pic2.jpg\" alt=\"Twitter account\"><\/div>\n\t\t\t\t<h4>Compte Twitter<\/h4>\n\t\t\t\t<p>Nous avons un grand nombre de contrats et de v\u00e9rifications diligentes li\u00e9s au transfert de comptes Twitter qui fournissent des informations.<\/p>\n\t\t\t<\/li>\n\t\t\t<li>\n\t\t\t\t<div><img decoding=\"async\" src=\"\/wp-content\/themes\/monolith2021\/img\/snsmalaw\/snsmalaw_example_pic3.jpg\" alt=\"Instagram account\"><\/div>\n\t\t\t\t<h4>Compte Instagram<\/h4>\n\t\t\t\t<p>Nous soutenon le transfert de comptes Instagram dans le cadre du transfert d&#8217;activit\u00e9s des m\u00e9dias d\u00e9tenus<\/p>\n\t\t\t<\/li>\n\t\t\t<li>\n\t\t\t\t<div><img decoding=\"async\" src=\"\/wp-content\/themes\/monolith2021\/img\/snsmalaw\/snsmalaw_example_pic4.jpg\" alt=\"Other SNS\"><\/div>\n\t\t\t\t<h4>D&#8217;autres r\u00e9seaux sociaux<\/h4>\n\t\t\t\t<p>Nous avons \u00e9galement de l&#8217;exp\u00e9rience et du savoir-faire concernant d&#8217;autres r\u00e9seaux sociaux et services web.<\/p>\n\t\t\t<\/li>\n\t\t<\/ul>\n\t<\/div>\n<\/section>\n\n<section class=\"white-section\">\n\t<div class=\"section-inner pdt0\">\n\t\t<div class=\"frame2 max-width860 txt-center-pc\">\n\t\t\t<p class=\"bold txt-l\">MONOLITH LAW OFFICE est un cabinet<br class=\"pcOnly\">d&#8217;avocats sp\u00e9cialis\u00e9 dans les domaines de l&#8217;informatique, de l&#8217;internet et des affaires.<br class=\"pcOnly\">Nous fournissons des services juridiques allant de la r\u00e9daction de contrats \u00e0 la v\u00e9rification diligente (due diligence) pour les fusions et acquisitions (M&amp;A), y compris les cha\u00eenes YouTube, <br class=\"pcOnly\">  qu&#8217;il s&#8217;agisse de petites transactions ou de transactions d\u00e9passant 100 millions de yens.<br class=\"pcOnly\"><\/p>\n\t\t<\/div>\n\t<\/div>\n<\/section>\n\n<section class=\"orange-section\">\n\t<div class=\"anchor\" id=\"ma-special-feature-on-sns-such-as-youtube\"><\/div>\n\t<div class=\"section-inner\">\n\t\t<h3>Caract\u00e9ristiques sp\u00e9ciales des fusions et acquisitions (M&amp;A) sur les r\u00e9seaux sociaux (SNS) tels que YouTube<\/h3>\n\t\t<ul class=\"layout-column4\">\n\t\t\t<li>\n\t\t\t\t<div><img decoding=\"async\" src=\"\/wp-content\/themes\/monolith2021\/img\/snsmalaw\/snsmalaw_specificity_pic1.jpg\" alt=\"IT\/Internet legal affairs\"><\/div>\n\t\t\t\t<h4>Affaires juridiques li\u00e9es \u00e0 l&#8217;informatique et \u00e0 l&#8217;internet<\/h4>\n\t\t\t\t<p>Il serait difficile de d\u00e9terminer correctement les points de contr\u00f4le juridiques concernant la transaction \u00e0 moins d&#8217;\u00eatre un cabinet d&#8217;avocats ayant une vaste exp\u00e9rience en informatique et sur Internet.<\/p>\n\t\t\t<\/li>\n\t\t\t<li>\n\t\t\t\t<div><img decoding=\"async\" src=\"\/wp-content\/themes\/monolith2021\/img\/snsmalaw\/snsmalaw_specificity_pic2.jpg\" alt=\"Intellectual property law\"><\/div>\n\t\t\t\t<h4>Droit de la propri\u00e9t\u00e9 intellectuelle<\/h4>\n\t\t\t\t<p>Une connaissance experte des droits de propri\u00e9t\u00e9 intellectuelle, tels que les droits d&#8217;auteur, est n\u00e9cessaire pour g\u00e9rer correctement les droits lors du transfert de comptes sur les r\u00e9seaux sociaux (SNS).<\/p>\n\t\t\t<\/li>\n\t\t\t<li>\n\t\t\t\t<div><img decoding=\"async\" src=\"\/wp-content\/themes\/monolith2021\/img\/snsmalaw\/snsmalaw_specificity_pic3.jpg\" alt=\"Licensing, etc.\"><\/div>\n\t\t\t\t<h4>Licence de propri\u00e9t\u00e9 intellectuelle (IP)<\/h4>\n\t\t\t\t<p>Comprendre les licences \u00e9tablies par des tiers est essentiel lors de la diffusion de contenu dans divers m\u00e9dias, et le faire correctement est une t\u00e2che hautement sp\u00e9cialis\u00e9e.<\/p>\n\t\t\t<\/li>\n\t\t\t<li>\n\t\t\t\t<div><img decoding=\"async\" src=\"\/wp-content\/themes\/monolith2021\/img\/snsmalaw\/snsmalaw_specificity_pic4.jpg\" alt=\"Terms and Guidelines\"><\/div>\n\t\t\t\t<h4>Conditions<\/h4>\n\t\t\t\t<p>Par exemple, le processus de v\u00e9rification diligente (DD) pour les cha\u00eenes YouTube n\u00e9cessite une connaissance des termes juridiques ainsi que le suivi des versions les plus r\u00e9centes de diverses directives.<\/p>\n\t\t\t<\/li>\n\t\t<\/ul>\n\t<\/div>\n<\/section>\n\n<section class=\"white-section\">\n\t<div class=\"anchor\" id=\"responding-to-legal-due-diligence-dd\"><\/div>\n\t<div class=\"section-inner\">\n\t\t<div class=\"flex reverse\">\n\t\t\t<div class=\"width41\"><img decoding=\"async\" src=\"\/wp-content\/themes\/monolith2021\/img\/pic\/pic_legalduediligence.jpg\" alt=\"Responding to legal due diligence (DD)\"><\/div>\n\t\t\t<div class=\"width51\">\n\t\t\t\t<h3>R\u00e9pondre \u00e0 la diligence raisonnable l\u00e9gale<\/h3>\n\t\t\t\t<p class=\"mgb-small\">Le transfert d&#8217;activit\u00e9s de comptes sur les r\u00e9seaux sociaux (SNS) tels que les cha\u00eenes YouTube et Twitter, ainsi que le transfert d&#8217;actions de soci\u00e9t\u00e9s qui les poss\u00e8dent, sont des contrats qui, dans certains cas, n\u00e9cessitent une v\u00e9rification diligente l\u00e9gale (DD), tout comme les fusions et acquisitions (M&amp;A) dites ordinaires.<\/p>\n\t\t\t\t<p class=\"mgb-small\">Notre cabinet pr\u00e9pare \u00e9galement des v\u00e9rifications diligentes l\u00e9gales (DD) et des rapports DD pour de telles transactions de fusion et acquisition (M&amp;A) hautement sp\u00e9cialis\u00e9es.<\/p>\n\t\t\t\t<p class=\"txt-s\">\n* Dans le cas de la cr\u00e9ation d&#8217;un rapport DD, le nombre d&#8217;heures de travail de l&#8217;avocat est, en principe, de 30 heures ou plus (les honoraires de l&#8217;avocat sont d&#8217;au moins 1 million de yens).<\/p>\n\t\t\t<\/div>\n\t\t<\/div>\n\t<\/div>\n<\/section>\n\n<section class=\"white-section\">\n\t<div class=\"anchor\" id=\"legal-due-diligence-dd-peculiarities-of-sns-etc\"><\/div>\n\t<div class=\"section-inner-black\">\n\t\t<h3><br class=\"spOnly\">Caract\u00e9ristiques sp\u00e9ciales de la diligence raisonnable l\u00e9gale pour les r\u00e9seaux sociaux (SNS)<\/h3>\n\t\t<p class=\"mgb-small\">Lors de la r\u00e9alisation d&#8217;une diligence raisonnable l\u00e9gale (DD) pour une cha\u00eene YouTube, par exemple, la l\u00e9galit\u00e9 des vid\u00e9os publi\u00e9es sur la cha\u00eene, ainsi que leur conformit\u00e9 aux conditions d&#8217;utilisation de YouTube et aux diverses directives, sont des questions \u00e0 prendre en compte. Si ces probl\u00e8mes se posent, les vid\u00e9os publiques peuvent \u00eatre supprim\u00e9es, et dans le pire des cas, des mesures telles que la suspension du compte peuvent \u00eatre mises en \u0153uvre, ce qui peut entra\u00eener une mauvaise compr\u00e9hension de la valeur de la cha\u00eene.<\/p>\n\t\t<p class=\"mgb-small\">Pour ce faire, des connaissances juridiques dans divers domaines sont n\u00e9cessaires, notamment les droits d&#8217;auteur sur les objets et la musique utilis\u00e9s dans les vid\u00e9os, les droits de portrait et les droits \u00e0 la vie priv\u00e9e li\u00e9s \u00e0 l&#8217;apparence des personnes, ainsi que les r\u00e9glementations en mati\u00e8re de publicit\u00e9 qui peuvent poser probl\u00e8me lors de l&#8217;introduction de produits cosm\u00e9tiques et d&#8217;aliments sant\u00e9. Il est essentiel de comprendre les conditions d&#8217;utilisation et les diverses directives, ainsi que de rester \u00e0 jour avec la derni\u00e8re version.<\/p>\n\t\t<p class=\"mgb-middle\">\nDe plus, \u00e9tant donn\u00e9 que les conditions d&#8217;utilisation et les directives sont \u00e9tablies volontairement, il est essentiel de trouver un cabinet d&#8217;avocats sp\u00e9cialis\u00e9 dans ce domaine.<\/p>\n\n\n\n\t<\/div>\n<\/section>\n\n<section class=\"white-section\">\n\t<div class=\"anchor\" id=\"an-example-of-our-client\"><\/div>\n\t<div class=\"section-inner\">\n\t\t<h3>Un exemple de notre client<\/h3>\n\t\t<ul class=\"layout-column4 mgb-middle\">\n\t\t\t<li>\n\t\t\t\t<div><img decoding=\"async\" src=\"\/wp-content\/themes\/monolith2021\/img\/clients\/logo_zizai.png\" alt=\"ZIZAI\"><\/div>\n\t\t\t\t<h4><a href=\"https:\/\/zizai.co.jp\/\" target=\"_blank\" rel=\"noopener noreferrer\">ZIZAI Inc.<\/a><\/h4>\n\t\t\t\t<p>Nous g\u00e9rons un projet pour ZIZAI Inc., qui g\u00e8re la cha\u00eene VTuber\/virtual YouTuber Miraiakari ainsi que la cha\u00eene de vid\u00e9os de formation au pachinko\/slot Sulopachi Station.<\/p>\n\t\t\t<\/li>\n\t\t\t<li>\n\t\t\t\t<div><img decoding=\"async\" src=\"\/wp-content\/themes\/monolith2021\/img\/clients\/logo_plott.png\" alt=\"Plott Inc.\"><\/div>\n\t\t\t\t<h4><a href=\"https:\/\/plott.tokyo\/\" target=\"_blank\" rel=\"noopener noreferrer\">Plott Inc.<\/a><\/h4>\n\t\t\t\t<p>Nous g\u00e9rons un projet de Plott Co., Ltd., qui g\u00e8re des cha\u00eenes YouTube d&#8217;anime telles que &#8220;Teikou Penguin&#8221;, &#8220;KAREKORE of MIXED BLOOD&#8221;, &#8220;Grim Reaper Flag Chan!&#8221; et &#8220;Yaruminati&#8221;.<\/p>\n\t\t\t<\/li>\n\t\t\t<li>\n\t\t\t\t<div><img decoding=\"async\" src=\"\/wp-content\/themes\/monolith2021\/img\/clients\/logo_algorithm.png\" alt=\"Algorithm\"><\/div>\n\t\t\t\t<h4><a href=\"https:\/\/algorithms.co.jp\/\" target=\"_blank\" rel=\"noopenerrnoreferrer noopener\">Algorithm Inc.<\/a><\/h4>\n\t\t\t\t<p>Nous g\u00e9rons un projet pour Algorithm Inc., dont l&#8217;activit\u00e9 principale est l&#8217;acquisition et l&#8217;activation de m\u00e9dias affili\u00e9s, ainsi que l&#8217;exploitation de &#8220;feely&#8221; et &#8220;tabiyori&#8221;.<\/p>\n\t\t\t<\/li>\n\t\t\t<li>\n\t\t\t\t<div><img decoding=\"async\" src=\"\/wp-content\/themes\/monolith2021\/img\/clients\/logo_mediano.png\" alt=\"Mediano\"><\/div>\n\t\t\t\t<h4><a href=\"https:\/\/mediano-ltd.co.jp\/\" target=\"_blank\" rel=\"noopener noreferrer\">Mediano Co., Ltd.<\/a><\/h4>\n\t\t\t\t<p>En plus des applications pour smartphones, nous g\u00e9rons un projet pour Mediano Co., Ltd., dont l&#8217;activit\u00e9 principale est la r\u00e9alisation de transactions de fusion et acquisition (M&amp;A) qui exploitent les forces des deux parties et l&#8217;acquisition de contenus m\u00e9diatiques qui seront distribu\u00e9s \u00e0 l&#8217;avenir.<\/p>\n\t\t\t<\/li>\n\t\t<\/ul>\n\t\t<p class=\"txt-s\">*Nous sommes \u00e9galement en charge de nombreux autres projets clients. Seules les entreprises ayant obtenu l&#8217;autorisation de divulguer des informations sur leurs partenaires commerciaux sont r\u00e9pertori\u00e9es. En raison des obligations de confidentialit\u00e9, le fait que vous soyez notre client est strictement confidentiel.<\/p>\n\t<\/div>\n<\/section>\n\n<section class=\"white-section\">\n\t<div class=\"section-inner\">\n\t\t<div class=\"frame2 max-width860 txt-center-pc\">\n\t\t\t<p class=\"bold txt-l mgb-small\">Activit\u00e9s de publication dans le domaine juridique des YouTubers et des VTubers<\/p>\n\t\t\t<p>\nLes questions juridiques li\u00e9es aux YouTubers\/VTubers sont un domaine hautement sp\u00e9cialis\u00e9. Toki Kawase, notre avocat repr\u00e9sentant, est \u00e9galement engag\u00e9 dans des activit\u00e9s de publication li\u00e9es \u00e0 ces sujets.<\/p>\n\t\t<\/div>\n\t<\/div>\n<\/section>\n<section class=\"orange-section\">\n\t<div class=\"anchor\" id=\"book-writing-records\"><\/div>\n\t<div class=\"section-inner\">\n\t\t<div class=\"flex reverse\">\n\t\t\t<div class=\"width41\"><img decoding=\"async\" src=\"\/wp-content\/uploads\/2022\/07\/it_law_book.jpg\" alt=\"Publication track record as a lawyer strong in SNS related legal affairs such as YouTube\"><\/div>\n\t\t\t<div class=\"width51\">\n\t\t\t\t<h3>Activit\u00e9s de publication en tant qu&#8217;avocat expert en questions juridiques li\u00e9es aux r\u00e9seaux sociaux, y compris YouTube.<\/h3>\n\t\t\t\t<p>&#8220;Avocat en informatique, veuillez nous parler des lois et termes de YouTube&#8221; (Shodensha, 30 juillet 2022) a \u00e9t\u00e9 publi\u00e9 pour expliquer les r\u00e9glementations et les termes li\u00e9s \u00e0 YouTube aux d\u00e9butants. Sous forme de questions-r\u00e9ponses, le livre explique comment cr\u00e9er diff\u00e9rents contrats et points de contr\u00f4le pour chaque th\u00e8me, allant des contrats qui sont des pr\u00e9alables aux fusions et acquisitions (M&amp;A) aux contrats de transfert d&#8217;entreprise.\n<\/p>\n\t\t\t<\/div>\n\t\t<\/div>\n\t<\/div>\n<\/section>\n<section class=\"white-section\">\n\t<div class=\"anchor\" id=\"media-appearance-record\"><\/div>\n\t<div class=\"section-inner\">\n\t\t<div class=\"flex\">\n\t\t\t<div class=\"width41\"><img decoding=\"async\" src=\"\/wp-content\/themes\/monolith2021\/img\/practices-youtuberlaw\/practices-youtuberlaw_pic2.jpg\"><\/div>\n\t\t\t<div class=\"width51\">\n\t\t\t\t<h3>Apparition en tant qu&#8217;invit\u00e9 li\u00e9 aux VTubers sur &#8220;ABEMA Prime&#8221;.<\/h3>\n\t\t\t\t<p>Dans &#8220;ABEMA Prime&#8221;, une \u00e9mission diffus\u00e9e les 16 f\u00e9vrier et 20 mai 2022, notre avocat repr\u00e9sentant a comment\u00e9 des questions juridiques telles que la vie priv\u00e9e des VTubers et les influenceurs controvers\u00e9s suscitant l&#8217;agitation sur Internet.<\/p>\n\t\t\t<\/div>\n\t\t<\/div>\n\t<\/div>\n<\/section>\n\n<section class=\"purple2-section\">\n\t<div class=\"anchor\" id=\"monolith-law-magazine\"><\/div>\n\t<div class=\"section-inner\">\n\t\t    <section class=\"white-section temp-article\">\n        <div class=\"section-inner\">\n            <h4>MONOLITH LAW MAGAZINE<\/h4>\n            <div class=\"articles type_practice_column\">\n                                                                    <div class=\"article article-area\">\n                        <figure>\n                            <div class=\"img-wrap\">\n                                <img alt=\"Contrat d'affiliation \u00e0 une agence pour les YouTubers Virtuels \/ VTubers\" src=\"https:\/\/monolith.law\/fr\/wp-content\/uploads\/sites\/12\/2023\/10\/shutterstock_120938473-1024x768.jpg\" width=\"500\" height=\"250\">\n                            <\/div>\n                            <figcaption>\n                                <div class=\"figcaption-inner\">\n                                    <h3>Contrat d'affiliation \u00e0 une agence pour les YouTubers Virtuels \/ VTubers<\/h3>\n                                <\/div>\n                            <\/figcaption>\n                            <a href=\"https:\/\/monolith.law\/fr\/internet\/virtual-youtuber-office-contract\"><\/a>\n                        <\/figure>\n                    <\/div>\n                                                    <div class=\"article article-area\">\n                        <figure>\n                            <div class=\"img-wrap\">\n                                <img alt=\"Acquisition et Transfert d'Entreprise de YouTubers Virtuels\u30fbVTubers\" src=\"https:\/\/monolith.law\/fr\/wp-content\/uploads\/sites\/12\/2023\/10\/youtuber-vtubervirtual-youtuber-ma-1.jpg\" width=\"500\" height=\"250\">\n                            <\/div>\n                            <figcaption>\n                                <div class=\"figcaption-inner\">\n                                    <h3>Acquisition et Transfert d'Entreprise de YouTubers Virtuels\u30fbVTubers<\/h3>\n                                <\/div>\n                            <\/figcaption>\n                            <a href=\"https:\/\/monolith.law\/fr\/internet\/virtual-youtuber-ma\"><\/a>\n                        <\/figure>\n                    <\/div>\n                                                    <div class=\"article article-area\">\n                        <figure>\n                            <div class=\"img-wrap\">\n                                <img alt=\"Le transfert d'entreprise d'un YouTuber et le contrat de gestion apr\u00e8s le transfert : qu'est-ce que c'est ?\" src=\"https:\/\/monolith.law\/fr\/wp-content\/uploads\/sites\/12\/2023\/09\/youtuber-business-transfer-Management-contract-i.jpg\" width=\"500\" height=\"250\">\n                            <\/div>\n                            <figcaption>\n                                <div class=\"figcaption-inner\">\n                                    <h3>Le transfert d'entreprise d'un YouTuber et le contrat de gestion apr\u00e8s le transf.<\/h3>\n                                <\/div>\n                            <\/figcaption>\n                            <a href=\"https:\/\/monolith.law\/fr\/internet\/youtuber-business-transfer-management-contract\"><\/a>\n                        <\/figure>\n                    <\/div>\n                                            <\/div>\n            <div class=\"btn-more\"><a href=\"https:\/\/monolith.law\/fr\/tag\/m-and-a-of-sns-accounts\">Read More<\/a><\/div>\n        <\/div>\n    <\/section>\n\t<\/div>\n<\/section>\n\n<section class=\"orange2-section\">\n\t<div class=\"anchor\" id=\"fee-structure\"><\/div>\n\t<div class=\"section-inner\">\n\t<div class=\"planWrap\">\n\t<h3>Structure tarifaire<\/h3>\n\t<ul class=\"plan\">\n\t\t<li class=\"txt-left\">\n\t\t\t<div class=\"plan-inner\">\n\t\t\t<div class=\"plan-header\">\n\t\t\t<h4 class=\"plan-title\">Taux horaire<\/h4>\n\t\t\t<div class=\"plan-price\"><span class=\"price-figure\">$300<\/span>par heure\u3000<span class=\"price-tax\"> <\/span><\/div>\n\t\t\t<\/div>\n\t\t\t<div class=\"plan-body\">Dans certains cas, nous pouvons envisager d&#8217;accepter un litige ou une action en justice avec des frais initiaux et des honoraires de succ\u00e8s. Pour plus de d\u00e9tails, n&#8217;h\u00e9sitez pas \u00e0 nous contacter.<\/div>\n\t\t\t<\/div>\n\t\t<\/li>\n\t\t<li class=\"txt-left\">\n\t\t\t<div class=\"plan-inner\">\n\t\t\t<div class=\"plan-header\">\n\t\t\t<h4 class=\"plan-title\">Drafting Contracts<\/h4>\n\t\t\t<div class=\"plan-price\"><span class=\"price-value\">De<\/span><span class=\"price-figure\">$500<\/span><span class=\"price-value\">\u00e0 $2,000 ou plus<\/span><span class=\"price-tax\"><\/span><\/div>\n\t\t\t<\/div>\n\t\t\t<div class=\"plan-body\">La structure tarifaire est sujette \u00e0 des variations en fonction du type et de la quantit\u00e9 de contrats. Nous sommes heureux de fournir une estimation pr\u00e9liminaire sur demande, vous encourageant ainsi \u00e0 nous contacter pour de plus amples d\u00e9tails.<\/div>\n\t\t\t<\/div>\n\t\t<\/li>\n\t\t<li class=\"txt-left\">\n\t\t\t<div class=\"plan-inner\">\n\t\t\t<div class=\"plan-header\">\n\t\t\t<h4 class=\"plan-title\">Autres Services<\/h4>\n\t\t\t<div class=\"plan-price\"><span class=\"price-figure\">Contactez-nous<\/span><\/div>\n\t\t\t<\/div>\n\t\t\t<div class=\"plan-body\">Nous proposons une large gamme de services, notamment la cr\u00e9ation d&#8217;entreprises, l&#8217;examen de contrats, les avis juridiques, les revues de cas ou les lettres de recherche. Si vous avez des questions ou des pr\u00e9occupations, nous vous invitons cordialement \u00e0 nous contacter, et notre \u00e9quipe comp\u00e9tente se fera un plaisir de vous aider.\n<\/div>\n\t\t\t<\/div>\n\t\t\t<\/div>\n\t\t<\/li>\n\t<\/ul>\n\t<\/div>\n\t<\/div>\n<\/section>\n\n<section class=\"white-section\">\n\t<div class=\"section-inner\">\n\t\t<div class=\"btn-area\">\n\t\t\t<div class=\"btn icon-contact\"><a href=\"\/fr\/contact\">Contactez-nous<\/a><\/div>\n\t\t<\/div>\n\t<\/div>\n<\/section>\n","protected":false},"excerpt":{"rendered":"<p>Fusion et Acquisition (M&#038;A) de Comptes de R\u00e9seaux Sociaux (SNS) La fusion et l&#8217;acquisition (M&amp;A) de cha\u00eenes YouTube et de comptes Twitter sont des domaines hautement sp\u00e9cialis\u00e9s qui n\u00e9c [&hellip;]<\/p>\n","protected":false},"author":1,"featured_media":57173,"parent":0,"menu_order":7,"comment_status":"closed","ping_status":"closed","template":"other-page-temp.php","meta":{"footnotes":""},"acf":[],"_links":{"self":[{"href":"https:\/\/monolith.law\/fr\/wp-json\/wp\/v2\/pages\/31513"}],"collection":[{"href":"https:\/\/monolith.law\/fr\/wp-json\/wp\/v2\/pages"}],"about":[{"href":"https:\/\/monolith.law\/fr\/wp-json\/wp\/v2\/types\/page"}],"author":[{"embeddable":true,"href":"https:\/\/monolith.law\/fr\/wp-json\/wp\/v2\/users\/1"}],"replies":[{"embeddable":true,"href":"https:\/\/monolith.law\/fr\/wp-json\/wp\/v2\/comments?post=31513"}],"version-history":[{"count":71,"href":"https:\/\/monolith.law\/fr\/wp-json\/wp\/v2\/pages\/31513\/revisions"}],"predecessor-version":[{"id":59794,"href":"https:\/\/monolith.law\/fr\/wp-json\/wp\/v2\/pages\/31513\/revisions\/59794"}],"wp:featuredmedia":[{"embeddable":true,"href":"https:\/\/monolith.law\/fr\/wp-json\/wp\/v2\/media\/57173"}],"wp:attachment":[{"href":"https:\/\/monolith.law\/fr\/wp-json\/wp\/v2\/media?parent=31513"}],"curies":[{"name":"wp","href":"https:\/\/api.w.org\/{rel}","templated":true}]}}