{"id":31896,"date":"2023-11-06T11:00:19","date_gmt":"2023-11-06T02:00:19","guid":{"rendered":"https:\/\/monolith.law\/?page_id=31896"},"modified":"2023-12-06T19:52:25","modified_gmt":"2023-12-06T10:52:25","slug":"cybercrime","status":"publish","type":"page","link":"https:\/\/monolith.law\/fr\/cybercrime","title":{"rendered":"La Cybercriminalit\u00e9"},"content":{"rendered":"\n<section class=\"heading-area\">\n\t<div class=\"heading-area-inner\">\n\t\t<h2 class=\"icon-cybercrime\">La Cybercriminalit\u00e9<\/h2>\n\t\t<p>La cybercriminalit\u00e9 est un probl\u00e8me grave dans la soci\u00e9t\u00e9 d&#8217;aujourd&#8217;hui, et il est essentiel que les entreprises prennent des mesures appropri\u00e9es lorsqu&#8217;elles sont victimes de tels crimes. Avec une \u00e9quipe d&#8217;avocats ayant des connaissances juridiques et une expertise en informatique, ainsi que des ing\u00e9nieurs en informatique et des consultants en informatique actifs, notre cabinet peut fournir des conseils pr\u00e9cis adapt\u00e9s \u00e0 la situation sp\u00e9cifique de l&#8217;entreprise et aider \u00e0 engager des poursuites p\u00e9nales.<\/p>\n\t<\/div>\n<\/section>\n\n<section class=\"white-section\">\n\t<div class=\"section-inner pdt0  border-bottom-section\">\n\t\t<p>Il est efficace de faire appel \u00e0 des experts qui ma\u00eetrisent les proc\u00e9dures p\u00e9nales japonaises afin de d\u00e9clencher une enqu\u00eate et une arrestation par la police japonaise dans les cas d&#8217;acc\u00e8s non autoris\u00e9 au Japon. En tant que cabinet d&#8217;avocats sp\u00e9cialis\u00e9 en informatique, nous fournissons une assistance juridique aux entreprises victimes de cybercrimes tels que l&#8217;acc\u00e8s non autoris\u00e9 et l&#8217;exfiltration illicite de donn\u00e9es, y compris de l&#8217;aide pour d\u00e9poser des plaintes p\u00e9nales et des rapports en vue d&#8217;initier une enqu\u00eate p\u00e9nale.<\/p>\n\t<\/div>\n<\/section>\n\n<section class=\"second-nav\">\n\t<div class=\"second-nav-inner\">\n\t\t<p>MENU<\/p>\n\t\t<nav>\n\t\t\t<ul>\n\t\t\t\t<li><a href=\"#specialized-expertise-in-cybersecurity\">Expertise Sp\u00e9cialis\u00e9e en Cybers\u00e9curit\u00e9<\/a><\/li>\n\t\t\t\t<li><a href=\"#the-need-for-addressing-cybercrime\">La N\u00e9cessit\u00e9 de lutter contre la Cybercriminalit\u00e9<\/a><\/li>\n\t\t\t\t<li><a href=\"#the-challenges-of-criminal-prosecution-in-cybercrime-cases\">Les D\u00e9fis de la Poursuite P\u00e9nale dans les Affaires de Cybercriminalit\u00e9<\/a><\/li>\n\t\t\t\t<li><a href=\"#synergy-of-lawyers-and-it-consultants\">Collaboration des avocats et des consultants en informatique<\/a><\/li>\n\t\t\t\t<li><a href=\"#monolith-law-magazine\">MONOLITH LAW MAGAZINE<\/a><\/li>\n\t\t\t\t<li><a href=\"#fee-structure\">Structure tarifaire<\/a><\/li>\n\t\t\t<\/ul>\n\t\t<\/nav>\n\t<\/div>\n<\/section>\n\n<section class=\"white-section\">\n\t<div class=\"anchor\" id=\"specialized-expertise-in-cybersecurity\"><\/div>\n\t<div class=\"section-inner pdb0\">\n\t\t<h3>Expertise Sp\u00e9cialis\u00e9e en Cybers\u00e9curit\u00e9<\/h3>\n\t\t<div class=\"max-width980 mgb-small\"><img decoding=\"async\" src=\"\/wp-content\/themes\/monolith2021\/img\/dispute\/dispute_member.jpg\" alt=\"Specialized Expertise in Cybersecurity\"><\/div>\n\t\t<div class=\"frame2 max-width860 txt-center-pc\">\n\t\t\t<p class=\"bold txt-l\">MONOLITH LAW OFFICE fournit une expertise sp\u00e9cialis\u00e9e en droit de l&#8217;informatique, dirig\u00e9e par un avocat repr\u00e9sentant qui a une exp\u00e9rience en tant qu&#8217;ing\u00e9nieur informatique et cadre sup\u00e9rieur. Le cabinet se compose de 17 avocats, Kenji Shinjo (conseiller), un ancien procureur au Bureau du procureur public de Tokyo, et d&#8217;une \u00e9quipe de 16 consultants en informatique. Nous proposons des solutions pour r\u00e9soudre des litiges complexes li\u00e9s \u00e0 la cybers\u00e9curit\u00e9, en tirant parti de la connaissance approfondie de notre \u00e9quipe et de son exp\u00e9rience en droit de l&#8217;informatique.<\/p>\n\t\t<\/div>\n\t<\/div>\n<\/section>\n\n<section class=\"orange-section mgt-section\">\n\t<div class=\"anchor\" id=\"the-need-for-addressing-cybercrime\"><\/div>\n\t<div class=\"section-inner\">\n\t\t<div class=\"flex\">\n\t\t\t<div class=\"width41\"><img decoding=\"async\" src=\"\/wp-content\/uploads\/2023\/05\/dispute_pic2.jpg\" alt=\"The Need for Addressing Cybercrime\"><\/div>\n\t\t\t<div class=\"width51\">\n\t\t\t\t<h3>La N\u00e9cessit\u00e9 de lutter contre la Cybercriminalit\u00e9<\/h3>\n\t\t\t\t<p class=\"mgb-small\">Dans le monde moderne, la cybercriminalit\u00e9 repr\u00e9sente une menace de plus en plus importante. Il existe diff\u00e9rents types de cyberattaques, notamment l&#8217;acc\u00e8s non autoris\u00e9, l&#8217;exfiltration illicite de donn\u00e9es, les courriels ind\u00e9sirables, les escroqueries par phishing et les attaques de logiciels malveillants.<\/p>\n\t\t\t\t<p class=\"mgb-small\">L&#8217;acc\u00e8s non autoris\u00e9 fait r\u00e9f\u00e9rence \u00e0 l&#8217;infiltration d&#8217;un syst\u00e8me informatique dans le but de voler ou de manipuler des informations. Pour les entreprises, cela peut entra\u00eener le vol d&#8217;informations confidentielles ou des perturbations du syst\u00e8me, ce qui r\u00e9duit la productivit\u00e9. L&#8217;exfiltration illicite de donn\u00e9es implique la fuite d&#8217;informations sensibles de l&#8217;entreprise vers des sources externes. Cela peut se produire lorsque des employ\u00e9s agissent en tant qu&#8217;insiders en emportant des informations confidentielles de l&#8217;entreprise ou lorsque des attaquants externes obtiennent un acc\u00e8s non autoris\u00e9 pour voler des informations.\n<\/p>\n\t\t\t\t<p>Ces cyberattaques causent non seulement des dommages importants aux entreprises, tels que des violations de donn\u00e9es et des perturbations des op\u00e9rations commerciales, mais elles sapent \u00e9galement la confiance sociale dans l&#8217;entreprise en raison de la divulgation d&#8217;informations personnelles. Il est crucial de prendre des mesures l\u00e9gales pour lutter contre la cybercriminalit\u00e9 afin de prot\u00e9ger la s\u00e9curit\u00e9 des entreprises et des individus.<\/p>\n\t\t\t<\/div>\n\t\t<\/div>\n\t<\/div>\n<\/section>\n\n<section class=\"white-section\">\n\t<div class=\"anchor\" id=\"the-challenges-of-criminal-prosecution-in-cybercrime-cases\"><\/div>\n\t<div class=\"section-inner\">\n\t\t<div class=\"flex reverse\">\n\t\t\t<div class=\"width41\"><img decoding=\"async\" src=\"\/wp-content\/uploads\/2023\/05\/dispute_pic2-1.jpg\" alt=\"The Challenges of Criminal Prosecution in Cybercrime Cases\"><\/div>\n\t\t\t<div class=\"width51\">\n\t\t\t\t<h3>Les D\u00e9fis de la Poursuite P\u00e9nale dans les Affaires de Cybercriminalit\u00e9<\/h3>\n\t\t\t\t<p class=\"mgb-small\">Si un individu devient victime de la cybercriminalit\u00e9 et signale l&#8217;incident \u00e0 la police, on s&#8217;attend g\u00e9n\u00e9ralement \u00e0 ce que la police m\u00e8ne une enqu\u00eate, identifie le coupable et engage des poursuites et des arrestations. C&#8217;est la &#8220;perception du citoyen ordinaire&#8221;. Cependant, malheureusement, au Japon, en ce qui concerne les infractions \u00e9conomiques qui ne portent pas atteinte \u00e0 la vie ou \u00e0 la s\u00e9curit\u00e9 physique, en particulier dans le cas de la cybercriminalit\u00e9, les ressources d&#8217;enqu\u00eate de la police sont limit\u00e9es en pratique. Sans que la victime m\u00e8ne des enqu\u00eates approfondies et cr\u00e9e une documentation d\u00e9taill\u00e9e, telle que des &#8220;rapports d&#8217;incident&#8221;, il est difficile de susciter efficacement des enqu\u00eates polici\u00e8res.\n<\/p>\n\t\t\t\t<p class=\"mgb-small\">\nLa quantit\u00e9 de documents cr\u00e9\u00e9s par notre cabinet d&#8217;avocats dans un cas sp\u00e9cifique de cybercriminalit\u00e9 afin d&#8217;obtenir l&#8217;arrestation et la condamnation r\u00e9elles du coupable est indiqu\u00e9e sur la photo \u00e0 droite. M\u00eame apr\u00e8s avoir d\u00e9pos\u00e9 une plainte p\u00e9nale ou un signalement de victime, la victime doit continuer \u00e0 cr\u00e9er et \u00e0 soumettre divers documents d\u00e9taill\u00e9s tels que ceux demand\u00e9s par la police. Pour faciliter les enqu\u00eates et les arrestations, une quantit\u00e9 importante de documentation doit \u00eatre pr\u00e9par\u00e9e et soumise. <\/p>\n\t\t\t\t<p>Soutenir la poursuite p\u00e9nale des victimes de la cybercriminalit\u00e9 exige un cabinet d&#8217;avocats dot\u00e9 d&#8217;une grande expertise et de capacit\u00e9s organisationnelles \u00e9lev\u00e9es.<\/p>\n\t\t\t<\/div>\n\t\t<\/div>\n\t<\/div>\n<\/section>\n\n<section class=\"purple-section\">\n\t<div class=\"anchor\" id=\"synergy-of-lawyers-and-it-consultants\"><\/div>\n\t<div class=\"section-inner\">\n\t\t<div class=\"flex reverse\">\n\t\t\t<div class=\"width51\">\n\t\t\t\t<h3>Collaboration des avocats et des consultants en informatique<\/h3>\n\t\t\t\t<p class=\"mgb-small\">Pour signaler efficacement l&#8217;ampleur des dommages et fournir des informations permettant d&#8217;identifier les coupables de la cybercriminalit\u00e9 \u00e0 la police, il est essentiel de combiner des connaissances avanc\u00e9es en informatique et une analyse juridique. Par exemple, dans les cas d&#8217;acc\u00e8s non autoris\u00e9, il est n\u00e9cessaire d&#8217;interpr\u00e9ter les journaux de plateformes telles qu&#8217;Apache, d&#8217;identifier les acc\u00e8s probl\u00e9matiques et d&#8217;\u00e9valuer leurs implications juridiques pour expliquer pourquoi ils sont consid\u00e9r\u00e9s comme un acc\u00e8s &#8220;non autoris\u00e9&#8221;. Ces conclusions doivent \u00eatre pr\u00e9sent\u00e9es dans un document logiquement coh\u00e9rent.\n<\/p>\n\t\t\t\t<p class=\"mgb-small\">Pour atteindre cet objectif, une expertise \u00e9quivalente \u00e0 celle des ing\u00e9nieurs en informatique et une connaissance sp\u00e9cialis\u00e9e des lois en mati\u00e8re d&#8217;informatique sont indispensables.<\/p>\n\t\t\t\t<p>Notre cabinet d&#8217;avocats se compose de 17 avocats, dirig\u00e9s par un avocat repr\u00e9sentant qui est un ancien ing\u00e9nieur en informatique avec de l&#8217;exp\u00e9rience dans les entreprises bas\u00e9es sur le web, ainsi que d&#8217;une \u00e9quipe de 16 consultants en informatique et de 85 membres du personnel. Gr\u00e2ce \u00e0 cette structure organisationnelle, nous sommes id\u00e9alement positionn\u00e9s pour fournir des solutions compl\u00e8tes en un seul endroit.<\/p>\n\t\t\t<\/div>\n\t\t\t<div class=\"width41\"><img decoding=\"async\" src=\"\/wp-content\/themes\/monolith_en\/img\/operationofofmedia\/operationofofmedia_pic5.svg\" alt=\"Synergy of Lawyers and IT Consultants\"><\/div>\n\t\t<\/div>\n\t<\/div>\n<\/section>\n\n<section class=\"purple2-section\">\n\t<div class=\"anchor\" id=\"monolith-law-magazine\"><\/div>\n\t<div class=\"section-inner\">\n\t\t    <section class=\"white-section temp-article\">\n        <div class=\"section-inner\">\n            <h4>MONOLITH LAW MAGAZINE<\/h4>\n            <div class=\"articles type_practice_column\">\n                                                                    <div class=\"article article-area\">\n                        <figure>\n                            <div class=\"img-wrap\">\n                                <img alt=\"La capture d'\u00e9cran constitue-t-elle une violation du droit d'auteur ? Explications sur l'identification des posteurs et les m\u00e9thodes de suppression\" src=\"https:\/\/monolith.law\/fr\/wp-content\/uploads\/sites\/12\/2024\/11\/30375485_m-1024x683-1.webp\" width=\"500\" height=\"250\">\n                            <\/div>\n                            <figcaption>\n                                <div class=\"figcaption-inner\">\n                                    <h3>La capture d'\u00e9cran constitue-t-elle une violation du droit d'auteur ? Explicatio.<\/h3>\n                                <\/div>\n                            <\/figcaption>\n                            <a href=\"https:\/\/monolith.law\/fr\/it\/screenshots-copyright\"><\/a>\n                        <\/figure>\n                    <\/div>\n                                                    <div class=\"article article-area\">\n                        <figure>\n                            <div class=\"img-wrap\">\n                                <img alt=\"\u3010Alerte\u3011Le nombre de cas reconnus d'acc\u00e8s ill\u00e9gal a tripl\u00e9 en un an en Reiwa 5 (2023)\" src=\"https:\/\/monolith.law\/fr\/wp-content\/uploads\/sites\/12\/2024\/07\/Shutterstock_2236181323.webp\" width=\"500\" height=\"250\">\n                            <\/div>\n                            <figcaption>\n                                <div class=\"figcaption-inner\">\n                                    <h3>\u3010Alerte\u3011Le nombre de cas reconnus d'acc\u00e8s ill\u00e9gal a tripl\u00e9 en un an en Reiwa 5 (.<\/h3>\n                                <\/div>\n                            <\/figcaption>\n                            <a href=\"https:\/\/monolith.law\/fr\/it\/unauthorized-access-statistics-2023\"><\/a>\n                        <\/figure>\n                    <\/div>\n                                                    <div class=\"article article-area\">\n                        <figure>\n                            <div class=\"img-wrap\">\n                                <img alt=\"Un avocat explique les actions et les exemples interdits par la 'Loi japonaise sur l'interdiction des acc\u00e8s non autoris\u00e9s\" src=\"https:\/\/monolith.law\/fr\/wp-content\/uploads\/sites\/12\/2024\/04\/shutterstock_772039471-1024x683-1.jpg\" width=\"500\" height=\"250\">\n                            <\/div>\n                            <figcaption>\n                                <div class=\"figcaption-inner\">\n                                    <h3>Un avocat explique les actions et les exemples interdits par la 'Loi japonaise s.<\/h3>\n                                <\/div>\n                            <\/figcaption>\n                            <a href=\"https:\/\/monolith.law\/fr\/it\/injustice-access-law\"><\/a>\n                        <\/figure>\n                    <\/div>\n                                            <\/div>\n            <div class=\"btn-more\"><a href=\"https:\/\/monolith.law\/fr\/tag\/cybercrime\">Read More<\/a><\/div>\n        <\/div>\n    <\/section>\n\t<\/div>\n<\/section>\n\n<section class=\"orange2-section\">\n\t<div class=\"anchor\" id=\"fee-structure\"><\/div>\n\t<div class=\"section-inner\">\n\t<div class=\"planWrap\">\n\t<h3>Structure tarifaire<\/h3>\n\t<ul class=\"plan\">\n\t\t<li class=\"txt-left\">\n\t\t\t<div class=\"plan-inner\">\n\t\t\t<div class=\"plan-header\">\n\t\t\t<h4 class=\"plan-title\">Taux horaire<\/h4>\n\t\t\t<div class=\"plan-price\"><span class=\"price-figure\">$300<\/span> par heure\u3000<span class=\"price-tax\"> <\/span><\/div>\n\t\t\t<\/div>\n\t\t\t<div class=\"plan-body\">Dans certains cas, nous pouvons envisager d&#8217;accepter un litige ou une action en justice avec des frais initiaux et des frais de r\u00e9sultat. Pour plus de d\u00e9tails, n&#8217;h\u00e9sitez pas \u00e0 nous contacter.\n<\/div>\n\t\t\t<\/div>\n\t\t<\/li>\n\t\t<li class=\"txt-left\">\n\t\t\t<div class=\"plan-inner\">\n\t\t\t<div class=\"plan-header\">\n\t\t\t<h4 class=\"plan-title\">R\u00e9daction de contrats<\/h4>\n\t\t\t<div class=\"plan-price\"><span class=\"price-value\">De<\/span><span class=\"price-figure\">$500<\/span><span class=\"price-value\"> \u00e0 $2,000 ou plus<\/span><span class=\"price-tax\"><\/span><\/div>\n\t\t\t<\/div>\n\t\t\t<div class=\"plan-body\">La structure tarifaire peut varier en fonction du type et de la quantit\u00e9 de contrats. Nous serions ravis de vous fournir une estimation pr\u00e9liminaire sur demande, vous encourageant ainsi \u00e0 nous contacter pour plus de d\u00e9tails.<\/div>\n\t\t\t<\/div>\n\t\t<\/li>\n\t\t<li class=\"txt-left\">\n\t\t\t<div class=\"plan-inner\">\n\t\t\t<div class=\"plan-header\">\n\t\t\t<h4 class=\"plan-title\">Autres Service<\/h4>\n\t\t\t<div class=\"plan-price\"><span class=\"price-figure\">Contactez-nous<\/span><\/div>\n\t\t\t<\/div>\n\t\t\t<div class=\"plan-body\">Nous proposons une large gamme de services, y compris la cr\u00e9ation de soci\u00e9t\u00e9s, la r\u00e9vision de contrats, des avis juridiques, des \u00e9tudes de cas, ou des lettres de recherche. Si vous avez des questions ou des pr\u00e9occupations, nous vous invitons cordialement \u00e0 nous contacter, et notre \u00e9quipe comp\u00e9tente sera heureuse de vous aider.<\/div>\n\t\t\t<\/div>\n\t\t\t<\/div>\n\t\t<\/li>\n\t<\/ul>\n\t<\/div>\n\t<\/div>\n<\/section>\n\n<section class=\"white-section\">\n\t<div class=\"section-inner\">\n\t\t<div class=\"btn-area\">\n\t\t\t<div class=\"btn icon-contact\"><a href=\"\/fr\/contact\">Contactez-nous<\/a><\/div>\n\t\t<\/div>\n\t<\/div>\n<\/section>\n","protected":false},"excerpt":{"rendered":"<p>La Cybercriminalit\u00e9 La cybercriminalit\u00e9 est un probl\u00e8me grave dans la soci\u00e9t\u00e9 d&#8217;aujourd&#8217;hui, et il est essentiel que les entreprises prennent des mesures appropri\u00e9es lorsqu&#8217;elles son [&hellip;]<\/p>\n","protected":false},"author":1,"featured_media":57158,"parent":0,"menu_order":7,"comment_status":"closed","ping_status":"closed","template":"other-page-temp.php","meta":{"footnotes":""},"acf":[],"_links":{"self":[{"href":"https:\/\/monolith.law\/fr\/wp-json\/wp\/v2\/pages\/31896"}],"collection":[{"href":"https:\/\/monolith.law\/fr\/wp-json\/wp\/v2\/pages"}],"about":[{"href":"https:\/\/monolith.law\/fr\/wp-json\/wp\/v2\/types\/page"}],"author":[{"embeddable":true,"href":"https:\/\/monolith.law\/fr\/wp-json\/wp\/v2\/users\/1"}],"replies":[{"embeddable":true,"href":"https:\/\/monolith.law\/fr\/wp-json\/wp\/v2\/comments?post=31896"}],"version-history":[{"count":24,"href":"https:\/\/monolith.law\/fr\/wp-json\/wp\/v2\/pages\/31896\/revisions"}],"predecessor-version":[{"id":59797,"href":"https:\/\/monolith.law\/fr\/wp-json\/wp\/v2\/pages\/31896\/revisions\/59797"}],"wp:featuredmedia":[{"embeddable":true,"href":"https:\/\/monolith.law\/fr\/wp-json\/wp\/v2\/media\/57158"}],"wp:attachment":[{"href":"https:\/\/monolith.law\/fr\/wp-json\/wp\/v2\/media?parent=31896"}],"curies":[{"name":"wp","href":"https:\/\/api.w.org\/{rel}","templated":true}]}}