{"id":32193,"date":"2023-11-06T11:20:51","date_gmt":"2023-11-06T02:20:51","guid":{"rendered":"https:\/\/monolith.law\/?page_id=32193"},"modified":"2023-12-06T19:52:54","modified_gmt":"2023-12-06T10:52:54","slug":"terms-of-use","status":"publish","type":"page","link":"https:\/\/monolith.law\/fr\/terms-of-use","title":{"rendered":"Conditions d&#8217;Utilisation"},"content":{"rendered":"\n<section class=\"heading-area\">\n\t<div class=\"heading-area-inner\">\n\t\t<h2 class=\"icon-terms-of-use\">Conditions d&#8217;Utilisation<\/h2>\n\t\t<p>MONOLITH LAW OFFICE s&#8217;occupe de la cr\u00e9ation et de la r\u00e9vision des conditions d&#8217;utilisation et des politiques de confidentialit\u00e9 pour diverses applications, services et jeux au Japon. De plus, nous pouvons consulter votre d\u00e9finition des exigences pour le d\u00e9veloppement de l&#8217;application, les structures Adobe XD, les pages de destination, les documents de vente destin\u00e9s aux clients potentiels, ainsi que d&#8217;autres documents et donn\u00e9es existants.<\/p>\n\t<\/div>\n<\/section>\n\n<section class=\"white-section\">\n\t<div class=\"section-inner pdt0  border-bottom-section\">\n\t\t<p class=\"mgb-small\">\u00c0 MONOLITH LAW OFFICE, nous nous occupons de la cr\u00e9ation, de la modification et de la r\u00e9vision de diverses conditions g\u00e9n\u00e9rales, politiques de confidentialit\u00e9 et autres accords n\u00e9cessaires, conform\u00e9ment aux lois et r\u00e9glementations applicables au Japon. Nous sommes sp\u00e9cialis\u00e9s dans la fourniture de soutien juridique pour les applications, les services, les jeux et autres plateformes num\u00e9riques.\n<\/p>\n\t\t<p class=\"mgb-small\">\u00c0 MONOLITH LAW OFFICE, nous nous occupons de la cr\u00e9ation, de la modification et de la r\u00e9vision de diverses conditions g\u00e9n\u00e9rales, politiques de confidentialit\u00e9 et autres accords n\u00e9cessaires, conform\u00e9ment aux lois et r\u00e9glementations applicables au Japon. Nous sommes sp\u00e9cialis\u00e9s dans la fourniture de soutien juridique pour les applications, les services, les jeux et autres plateformes num\u00e9riques.<\/p>\n\t\t<p>N&#8217;h\u00e9sitez pas \u00e0 nous contacter pour toute assistance dans la r\u00e9daction ou la mise \u00e0 jour de vos conditions g\u00e9n\u00e9rales, politiques de confidentialit\u00e9 ou autres documents juridiques n\u00e9cessaires pour l&#8217;exploitation et le lancement de votre application ou service num\u00e9rique.<\/p>\n\t<\/div>\n<\/section>\n\n<section class=\"second-nav\">\n\t<div class=\"second-nav-inner\">\n\t\t<p>MENU<\/p>\n\t\t<nav>\n\t\t\t<ul>\n\t\t\t\t<li><a href=\"#apps-web-services-and-digital-platforms\">Applications, services web et plateformes num\u00e9riques<\/a><\/li>\n\t\t\t\t<li><a href=\"#games\">Jeux<\/a><\/li>\n\t\t\t\t<li><a href=\"#publication-of-books-on-legal-matters-related-to-it\">Publication de livres sur les questions juridiques li\u00e9es \u00e0 l&#8217;informatique<\/a><\/li>\n\t\t\t\t<li><a href=\"#crypto-asset-and-blockchain\">Crypto Asset et Blockchain<\/a><\/li>\n\t\t\t\t<li><a href=\"#medical-Apps-etc\">M\u00e9dical, Applications, etc.<\/a><\/li>\n\t\t\t\t<li><a href=\"#drafting-with-minimal-operating-time\">La r\u00e9daction avec un temps de fonctionnement minimal<\/a><\/li>\n\t\t\t\t<li><a href=\"#some-examples-of-our-clients-and-the-products\">Quelques exemples de nos clients et des produits<\/a><\/li>\n\t\t\t\t<li><a href=\"#monolith-law-magazine\">MONOLITH LAW MAGAZINE<\/a><\/li>\n\t\t\t\t<li><a href=\"#fee-structure\">Structure tarifaire<\/a><\/li>\n\t\t\t<\/ul>\n\t\t<\/nav>\n\t<\/div>\n<\/section>\n\n<section class=\"white-section mgt-section mgb-section80\">\n\t<div class=\"anchor\" id=\"apps-web-services-and-digital-platforms\"><\/div>\n\t<div class=\"section-inner-black\">\n\t\t<h3>Applications, services web et plateformes num\u00e9riques<\/h3>\n\t\t<p class=\"mgb-middle\">Nous avons une vaste exp\u00e9rience dans la cr\u00e9ation et la modification des conditions g\u00e9n\u00e9rales, des politiques de confidentialit\u00e9 et d&#8217;autres documents juridiques li\u00e9s aux applications, aux services web et aux plateformes num\u00e9riques. Nous fournissons \u00e9galement des services de consultation pour aider \u00e0 assurer le fonctionnement l\u00e9gal des services web et des applications conform\u00e9ment aux r\u00e9glementations applicables.<\/p>\n\t\t<h4 class=\"mgb-small\">Voici quelques exemples de nos r\u00e9alisations<\/h4>\n\t\t<p class=\"mgb-middle\">Services de distribution de musique d&#8217;ambiance et d&#8217;effets sonores, Applications de lecture de musique d&#8217;ambiance, Services de reconnaissance vocale SaaS pour les entreprises (B2B), Sites de commerce \u00e9lectronique en direct aux consommateurs, Plateformes de commerce \u00e9lectronique, Services facilitant l&#8217;int\u00e9gration de donn\u00e9es entre des plateformes SaaS, Services d&#8217;int\u00e9gration pour les fournisseurs de SaaS, Plateformes d&#8217;artistes, Outils de support des ventes, Applications de gestion des finances personnelles, Services web li\u00e9s \u00e0 l&#8217;emploi et plateformes de recherche d&#8217;emploi, Services de gestion des d\u00e9penses bas\u00e9s sur le cloud, Services de gestion des pr\u00e9sences bas\u00e9s sur le cloud, Services de remboursement des frais de voyage bas\u00e9s sur le cloud, Services de vente de compl\u00e9ments alimentaires, Services de r\u00e9seautage social li\u00e9s \u00e0 la politique, Applications de r\u00e9servation de taxi, Services d&#8217;externalisation de l&#8217;analyse de donn\u00e9es, Services de r\u00e9seautage social bas\u00e9s sur la vid\u00e9o, Plateformes de r\u00e9seautage social ax\u00e9es sur les entreprises, Sites web de mise en relation professionnelle, Plateformes de prise de rendez-vous m\u00e9dicaux, \u00c9coles de programmation, Services de r\u00e9seautage social bas\u00e9s sur la blockchain, R\u00e9seaux publicitaires bas\u00e9s sur la blockchain, Services de r\u00e9f\u00e9rence, Services de conciergerie de voyage, Services de confirmation de s\u00e9curit\u00e9, Syst\u00e8mes de r\u00e9seau d&#8217;informations m\u00e9dicales, Bourses de cryptomonnaies (\u00e0 l&#8217;\u00e9tranger), Sites web de bases de donn\u00e9es de cliniques d&#8217;orthodontie, Services de soutien aux personnes handicap\u00e9es, Services bas\u00e9s sur le cloud pour le recrutement des dipl\u00f4m\u00e9s, la gestion des employ\u00e9s et la formation des employ\u00e9s, Sites web de vente de voitures import\u00e9es officielles, Services de soutien \u00e0 la vie quotidienne, Services de soutien aux startups, Services de v\u00e9rification contre les activit\u00e9s antisociales<\/p>\n\t<\/div>\n<\/section>\n\n<section class=\"white-section mgt-section mgb-section\">\n\t<div class=\"anchor\" id=\"games\"><\/div>\n\t<div class=\"section-inner-black\">\n\t\t<h3>Jeux<\/h3>\n\t\t<p class=\"mgb-small\">Nous avons une vaste exp\u00e9rience dans la r\u00e9daction des conditions d&#8217;utilisation pour diff\u00e9rents types de jeux, allant des jeux de console aux jeux mobiles. Nous comprenons les implications juridiques et les exigences li\u00e9es \u00e0 l&#8217;exploitation de jeux, notamment le droit d&#8217;auteur, la loi sur la promotion des prix, la loi sur les services de paiement, la loi sur les contrats de consommation, la loi sur les transactions commerciales sp\u00e9cifiques et la loi sur les activit\u00e9s de t\u00e9l\u00e9communication. Nous pouvons vous aider \u00e0 \u00e9laborer des conditions d&#8217;utilisation compl\u00e8tes conformes aux r\u00e9glementations pertinentes.<\/p>\n\t\t<p class=\"mgb-small\">De plus, nos services vont au-del\u00e0 de la simple r\u00e9daction initiale des conditions d&#8217;utilisation. Nous offrons des conseils sur la mise en \u0153uvre l\u00e9gale d&#8217;\u00e9v\u00e9nements et d&#8217;autres activit\u00e9s li\u00e9es \u00e0 l&#8217;exploitation de jeux. Notre \u00e9quipe poss\u00e8de des connaissances sur les aspects juridiques des \u00e9v\u00e9nements li\u00e9s aux jeux et peut fournir des orientations pour garantir la conformit\u00e9 aux lois et r\u00e9glementations applicables.<\/p>\n\t\t<p class=\"mgb-middle\">Que vous soyez un d\u00e9veloppeur de jeux ou une entreprise impliqu\u00e9e dans l&#8217;exploitation de jeux, nous sommes bien \u00e9quip\u00e9s pour fournir un soutien juridique sur mesure pour r\u00e9pondre \u00e0 vos besoins sp\u00e9cifiques dans l&#8217;industrie du jeu.<\/p>\n\t<\/div>\n<\/section>\n\n<section class=\"purple-section\">\n\t<div class=\"anchor\" id=\"publication-of-books-on-legal-matters-related-to-it\"><\/div>\n\t<div class=\"section-inner\">\n\t\t<div class=\"flex reverse\">\n\t\t\t<div class=\"width41\"><img decoding=\"async\" src=\"\/wp-content\/themes\/monolith2021\/img\/pic\/pic_publishing.jpg\" alt=\"Publication of Books on Legal Matters Related to IT\"><\/div>\n\t\t\t<div class=\"width51\">\n\t\t\t\t<h3>Publication de livres sur les questions juridiques li\u00e9es \u00e0 l&#8217;informatique<\/h3>\n\t\t\t\t<p>En tant que cabinet d&#8217;avocats sp\u00e9cialis\u00e9 dans le d\u00e9veloppement de syst\u00e8mes et les questions juridiques li\u00e9es \u00e0 l&#8217;informatique, y compris l&#8217;\u00e9tablissement de conditions d&#8217;utilisation, les services web, les applications et les probl\u00e9matiques li\u00e9es aux jeux, le cabinet d&#8217;avocats Monolith a publi\u00e9 un livre intitul\u00e9 &#8220;Questions-r\u00e9ponses juridiques faciles \u00e0 comprendre pour les ing\u00e9nieurs en informatique&#8221;. Le livre est r\u00e9dig\u00e9 par un ancien ing\u00e9nieur devenu avocat et s&#8217;adresse principalement aux ing\u00e9nieurs en informatique. Il propose des explications de connaissances juridiques sp\u00e9cifiquement adapt\u00e9es \u00e0 leurs besoins, couvrant des sujets tels que le d\u00e9veloppement de conditions d&#8217;utilisation. Le livre vise \u00e0 offrir une approche conviviale des concepts juridiques et \u00e0 aider les ing\u00e9nieurs en informatique \u00e0 naviguer dans les aspects juridiques de leur travail.<\/p>\n\t\t\t<\/div>\n\t\t<\/div>\n\t<\/div>\n<\/section>\n\n<section class=\"white-section\">\n\t<div class=\"anchor\" id=\"crypto-asset-and-blockchain\"><\/div>\n\t<div class=\"section-inner\">\n\t\t<div class=\"flex\">\n\t\t\t<div class=\"width41\"><img decoding=\"async\" src=\"\/wp-content\/uploads\/2022\/07\/shutterstock_1151380622_2.png\" alt=\"Crypto Asset and Blockchain\"><\/div>\n\t\t\t<div class=\"width51\">\n\t\t\t\t<h3>Crypto Asset et Blockchain<\/h3>\n\t\t\t\t<p>MONOLITH LAW OFFICE est activement engag\u00e9 dans les travaux juridiques li\u00e9s aux crypto-actifs et \u00e0 la technologie de la blockchain depuis sa cr\u00e9ation en 2017. Nous sommes bien \u00e9quip\u00e9s pour traiter les questions juridiques concernant les jeux bas\u00e9s sur la blockchain. Forts de notre expertise dans les domaines juridiques de l&#8217;informatique et du jeu, nous pouvons fournir un soutien complet pour naviguer dans les complexit\u00e9s juridiques des jeux bas\u00e9s sur la blockchain, notamment la conformit\u00e9 r\u00e9glementaire, la protection de la propri\u00e9t\u00e9 intellectuelle, les accords avec les utilisateurs, et bien plus encore. <\/p>\n\t\t\t<\/div>\n\t\t<\/div>\n\t<\/div>\n<\/section>\n\n<section class=\"white-section mgb-section\">\n\t<div class=\"anchor\" id=\"medical-Apps-etc\"><\/div>\n\t<div class=\"section-inner-black\">\n\t\t<h3>M\u00e9dical, Applications, etc.<\/h3>\n\t\t<p class=\"mgb-small\">Notre cabinet d&#8217;avocats dispose d&#8217;une \u00e9quipe solide d&#8217;avocats, notamment l&#8217;avocat fondateur ayant des ant\u00e9c\u00e9dents en ing\u00e9nierie informatique et des avocats ayant une vaste exp\u00e9rience dans le traitement d&#8217;affaires li\u00e9es \u00e0 la m\u00e9decine. Gr\u00e2ce \u00e0 cette expertise, nous sommes bien \u00e9quip\u00e9s pour g\u00e9rer les entreprises, les applications et les services Web li\u00e9s \u00e0 l&#8217;industrie de la sant\u00e9. Nous avons une solide exp\u00e9rience dans ce domaine.\n\n\t\t<p class=\"mgb-middle\">Le paysage juridique entourant les soins de sant\u00e9 au Japon peut \u00eatre complexe, mais vous pouvez compter sur notre cabinet pour naviguer \u00e0 travers les subtilit\u00e9s. Nous pouvons fournir un soutien juridique complet adapt\u00e9 aux besoins uniques du secteur m\u00e9dical, notamment la conformit\u00e9 r\u00e9glementaire, la protection des donn\u00e9es, les licences, les contrats et la r\u00e9solution des litiges. Notre objectif est de veiller \u00e0 ce que vos entreprises li\u00e9es \u00e0 la sant\u00e9 soient men\u00e9es en conformit\u00e9 avec les lois et r\u00e9glementations applicables tout en prot\u00e9geant vos int\u00e9r\u00eats.<\/p>\n\t<\/div>\n<\/section>\n\n<section class=\"orange-section\">\n\t<div class=\"anchor\" id=\"drafting-with-minimal-operating-time\"><\/div>\n\t<div class=\"section-inner\">\n\t\t<div class=\"flex\">\n\t\t\t<div class=\"width41\"><img decoding=\"async\" src=\"\/wp-content\/themes\/monolith2021\/img\/pic\/pic_draft.jpg\" alt=\"Drafting with Minimal Operating Time\"><\/div>\n\t\t\t<div class=\"width51\">\n\t\t\t\t<h3>La r\u00e9daction avec un temps de fonctionnement minimal<\/h3>\n\t\t\t\t<p class=\"mgb-small\">Avec notre avocat principal ayant une exp\u00e9rience en tant qu&#8217;ing\u00e9nieur informatique, nous avons la capacit\u00e9 de comprendre les aspects techniques, l&#8217;interface utilisateur et la fonctionnalit\u00e9 des applications et des services web lors de la cr\u00e9ation de conditions d&#8217;utilisation et d&#8217;autres documents connexes. Nous pouvons tirer parti des d\u00e9finitions des besoins existantes, des structures, des pages de destination et des supports marketing que votre entreprise poss\u00e8de d\u00e9j\u00e0, ce qui nous permet d&#8217;interpr\u00e9ter et d&#8217;extraire les informations n\u00e9cessaires de notre c\u00f4t\u00e9.<\/p>\n\t\t\t\t<p>En minimisant le besoin d&#8217;entretiens ou de r\u00e9unions approfondies, nous pouvons r\u00e9diger efficacement les conditions d&#8217;utilisation tout en r\u00e9duisant les co\u00fbts de communication et les d\u00e9lais. Cette approche nous permet de rationaliser le processus et de fournir des r\u00e9sultats en temps opportun.<\/p>\n\t\t\t<\/div>\n\t\t<\/div>\n\t<\/div>\n<\/section>\n\n<section class=\"white-section\">\n\t<div class=\"anchor\" id=\"some-examples-of-our-clients-and-the-products\"><\/div>\n\t<div class=\"section-inner\">\n\t\t<h3>Quelques exemples de nos clients et des produits<\/h3>\n\t\t<ul class=\"layout-column4 mgb-middle\">\n\t\t\t<li>\n\t\t\t\t<div><img decoding=\"async\" src=\"\/wp-content\/themes\/monolith2021\/img\/clients\/logo_drwallet.png\"><\/div>\n\t\t\t\t<h4><a href=\"https:\/\/www.drwallet.jp\/\" target=\"_blank\" rel=\"noopener noreferrer\">Remboursement des d\u00e9penses TOKIUM<\/a><\/h4>\n\t\t\t\t<p>Nous avons travaill\u00e9 avec TOKIUM Inc., la soci\u00e9t\u00e9 derri\u00e8re l&#8217;application de finances d&#8217;entreprise &#8220;TOKIUM Expense Reimbursement&#8221;, en tant que Chief Legal Officer. Nous avons fourni un soutien juridique pour leurs projets, y compris le lancement de leur syst\u00e8me de remboursement de frais &#8220;TOKIUM Invoice&#8221;.<\/p>\n\t\t\t<\/li>\n\t\t\t<li>\n\t\t\t\t<div><img decoding=\"async\" src=\"\/wp-content\/themes\/monolith2021\/img\/clients\/logo_makeshop.png\"><\/div>\n\t\t\t\t<h4><a href=\"https:\/\/www.makeshop.jp\/\" target=\"_blank\" rel=\"noopener noreferrer\">Securio<\/a><\/h4>\n\t\t\t\t<p>We have supported GMO MakeShop Inc., a group company of GMO Internet Inc., in the release of their webshop and e-commerce site building service called &#8220;MakeShop by GMO.&#8221;<\/p>\n\t\t\t<\/li>\n\t\t\t<li>\n\t\t\t\t<div><img decoding=\"async\" src=\"\/wp-content\/themes\/monolith2021\/img\/clients\/logo_tribeau.png\"><\/div>\n\t\t\t\t<h4><a href=\"https:\/\/corp.tribeau.jp\/\" target=\"_blank\" rel=\"noopener noreferrer\">TRIBEAU<\/a><\/h4>\n\t\t\t\t<p>Nous avons collabor\u00e9 avec TRIBEAU Inc., la soci\u00e9t\u00e9 \u00e0 l&#8217;origine de l&#8217;application de r\u00e9servation et d&#8217;avis m\u00e9dicaux sur la beaut\u00e9 &#8220;TRIBEAU&#8221;. Nous avons fourni une assistance juridique pour le lancement de leur application et de leur service web.<\/p>\n\t\t\t<\/li>\n\t\t\t<li>\n\t\t\t\t<div><img decoding=\"async\" src=\"\/wp-content\/themes\/monolith2021\/img\/clients\/logo_flowerknightgirl.png\"><\/div>\n\t\t\t\t<h4><a href=\"https:\/\/flower-knight-girl.com\/\" target=\"_blank\" rel=\"noopener noreferrer\">FLOWER KNIGHT GIRL<\/a><\/h4>\n\t\t\t\t<p>Nous avons assist\u00e9 YourGames Inc. dans le lancement de leur jeu RPG populaire &#8220;FLOWER KNIGHT GIRL&#8221;, qui compte d\u00e9sormais plus d&#8217;un million d&#8217;utilisateurs enregistr\u00e9s. Le jeu est disponible sur la plateforme DMM GAMES.<\/p>\n\t\t\t<\/li>\n\t\t<\/ul>\n\t\t<p class=\"txt-s\">*Veuillez noter que ce ne sont que quelques exemples, et nous avons travaill\u00e9 avec de nombreux autres clients. Nous accordons la priorit\u00e9 \u00e0 la confidentialit\u00e9 de nos clients et ne divulguons notre implication qu&#8217;avec les entreprises qui ont donn\u00e9 leur consentement pour une reconnaissance publique ou celles enregistr\u00e9es dans les registres publics en tant qu&#8217;officiers.<\/p>\n\t<\/div>\n<\/section>\n\n<section class=\"purple2-section\">\n\t<div class=\"anchor\" id=\"monolith-law-magazine\"><\/div>\n\t<div class=\"section-inner\">\n\t\t    <section class=\"white-section temp-article\">\n        <div class=\"section-inner\">\n            <h4>MONOLITH LAW MAGAZINE<\/h4>\n            <div class=\"articles type_practice_column\">\n                                                                    <div class=\"article article-area\">\n                        <figure>\n                            <div class=\"img-wrap\">\n                                <img alt=\"La gestion d\u00e9l\u00e9gu\u00e9e des avis Google est-elle ill\u00e9gale ? Explication de la relation avec la loi sur l'affichage des prix et des sanctions\" src=\"https:\/\/monolith.law\/fr\/wp-content\/uploads\/sites\/12\/2025\/07\/18d044df35c4f42bb7e1507848a5e228.webp\" width=\"500\" height=\"250\">\n                            <\/div>\n                            <figcaption>\n                                <div class=\"figcaption-inner\">\n                                    <h3>La gestion d\u00e9l\u00e9gu\u00e9e des avis Google est-elle ill\u00e9gale ? Explication de la relati.<\/h3>\n                                <\/div>\n                            <\/figcaption>\n                            <a href=\"https:\/\/monolith.law\/fr\/it\/google-review-agency\"><\/a>\n                        <\/figure>\n                    <\/div>\n                                                    <div class=\"article article-area\">\n                        <figure>\n                            <div class=\"img-wrap\">\n                                <img alt=\"Qu'est-ce que \"l'exception cloud\" dans la loi sur la protection des donn\u00e9es personnelles ? Explication bas\u00e9e sur des exemples concrets de directives administratives re\u00e7ues par les fournisseurs de services cloud.\" src=\"https:\/\/monolith.law\/fr\/wp-content\/uploads\/sites\/12\/2025\/07\/0cdfadb6e93fc71449935bfe824bbde2.jpg\" width=\"500\" height=\"250\">\n                            <\/div>\n                            <figcaption>\n                                <div class=\"figcaption-inner\">\n                                    <h3>Qu'est-ce que \"l'exception cloud\" dans la loi sur la protection des donn\u00e9es pers.<\/h3>\n                                <\/div>\n                            <\/figcaption>\n                            <a href=\"https:\/\/monolith.law\/fr\/it\/personal-information-cloud-exceptions\"><\/a>\n                        <\/figure>\n                    <\/div>\n                                                    <div class=\"article article-area\">\n                        <figure>\n                            <div class=\"img-wrap\">\n                                <img alt=\"Gestion d'une boutique en ligne et droit : Loi japonaise sur les transactions commerciales sp\u00e9cifiques et Loi japonaise sur la pr\u00e9vention de la concurrence d\u00e9loyale\" src=\"https:\/\/monolith.law\/fr\/wp-content\/uploads\/sites\/12\/2024\/04\/onlineshop-act-on-specified-commercial-transactions-i.webp\" width=\"500\" height=\"250\">\n                            <\/div>\n                            <figcaption>\n                                <div class=\"figcaption-inner\">\n                                    <h3>Gestion d'une boutique en ligne et droit : Loi japonaise sur les transactions co.<\/h3>\n                                <\/div>\n                            <\/figcaption>\n                            <a href=\"https:\/\/monolith.law\/fr\/it\/onlineshop-act-on-specified-commercial-transactions\"><\/a>\n                        <\/figure>\n                    <\/div>\n                                            <\/div>\n            <div class=\"btn-more\"><a href=\"https:\/\/monolith.law\/fr\/tag\/terms-of-use\">Read More<\/a><\/div>\n        <\/div>\n    <\/section>\n\t<\/div>\n<\/section>\n\n<section class=\"orange2-section\">\n\t<div class=\"anchor\" id=\"fee-structure\"><\/div>\n\t<div class=\"section-inner\">\n\t<div class=\"planWrap\">\n\t<h3>Fee Structure<\/h3>\n\t<ul class=\"plan\">\n\t\t<li class=\"txt-left\">\n\t\t\t<div class=\"plan-inner\">\n\t\t\t<div class=\"plan-header\">\n\t\t\t<h4 class=\"plan-title\">Taux horaire<\/h4>\n\t\t\t<div class=\"plan-price\"><span class=\"price-figure\">$300<\/span>par heur\u3000<span class=\"price-tax\"> <\/span><\/div>\n\t\t\t<\/div>\n\t\t\t<div class=\"plan-body\">Dans certains cas, nous pouvons envisager d&#8217;accepter un litige ou une action en justice avec des frais initiaux et des frais de r\u00e9sultat. Pour plus de d\u00e9tails, n&#8217;h\u00e9sitez pas \u00e0 nous contacter<\/div>\n\t\t\t<\/div>\n\t\t<\/li>\n\t\t<li class=\"txt-left\">\n\t\t\t<div class=\"plan-inner\">\n\t\t\t<div class=\"plan-header\">\n\t\t\t<h4 class=\"plan-title\">R\u00e9daction de contrats<\/h4>\n\t\t\t<div class=\"plan-price\"><span class=\"price-value\">De<\/span><span class=\"price-figure\">$500<\/span><span class=\"price-value\">\u00e0 $2,000 ou plus<\/span><span class=\"price-tax\"><\/span><\/div>\n\t\t\t<\/div>\n\t\t\t<div class=\"plan-body\">La structure tarifaire peut varier en fonction du type et de la quantit\u00e9 de contrats. Nous serions ravis de vous fournir une estimation pr\u00e9liminaire sur demande, vous encourageant ainsi \u00e0 nous contacter pour plus de d\u00e9tails.<\/div>\n\t\t\t<\/div>\n\t\t<\/li>\n\t\t<li class=\"txt-left\">\n\t\t\t<div class=\"plan-inner\">\n\t\t\t<div class=\"plan-header\">\n\t\t\t<h4 class=\"plan-title\">Autres Services<\/h4>\n\t\t\t<div><span class=\"price-figure\">Contactez-nous<\/span><\/div>\n\t\t\t<\/div>\n\t\t\t<div class=\"plan-body\">Nous proposons une large gamme de services, y compris la cr\u00e9ation de soci\u00e9t\u00e9s, la r\u00e9vision de contrats, des avis juridiques, des \u00e9tudes de cas, ou des lettres de recherche. Si vous avez des questions ou des pr\u00e9occupations, nous vous invito&#8221;planns cordialement \u00e0 nous contacter, et notre \u00e9quipe comp\u00e9tente sera heureuse de vous aider.<\/div>\n\t\t\t<\/div>\n\t\t\t<\/div>\n\t\t<\/li>\n\t<\/ul>\n\t<\/div>\n\t<\/div>\n<\/section>\n\n<section class=\"white-section\">\n\t<div class=\"section-inner\">\n\t\t<div class=\"btn-area\">\n\t\t\t<div class=\"btn icon-contact\"><a href=\"\/fr\/contact\">Contactez-nous<\/a><\/div>\n\t\t<\/div>\n\t<\/div>\n<\/section>\n","protected":false},"excerpt":{"rendered":"<p>Conditions d&#8217;Utilisation MONOLITH LAW OFFICE s&#8217;occupe de la cr\u00e9ation et de la r\u00e9vision des conditions d&#8217;utilisation et des politiques de confidentialit\u00e9 pour diverses applications, s [&hellip;]<\/p>\n","protected":false},"author":1,"featured_media":57154,"parent":0,"menu_order":7,"comment_status":"closed","ping_status":"closed","template":"other-page-temp.php","meta":{"footnotes":""},"acf":[],"_links":{"self":[{"href":"https:\/\/monolith.law\/fr\/wp-json\/wp\/v2\/pages\/32193"}],"collection":[{"href":"https:\/\/monolith.law\/fr\/wp-json\/wp\/v2\/pages"}],"about":[{"href":"https:\/\/monolith.law\/fr\/wp-json\/wp\/v2\/types\/page"}],"author":[{"embeddable":true,"href":"https:\/\/monolith.law\/fr\/wp-json\/wp\/v2\/users\/1"}],"replies":[{"embeddable":true,"href":"https:\/\/monolith.law\/fr\/wp-json\/wp\/v2\/comments?post=32193"}],"version-history":[{"count":21,"href":"https:\/\/monolith.law\/fr\/wp-json\/wp\/v2\/pages\/32193\/revisions"}],"predecessor-version":[{"id":59798,"href":"https:\/\/monolith.law\/fr\/wp-json\/wp\/v2\/pages\/32193\/revisions\/59798"}],"wp:featuredmedia":[{"embeddable":true,"href":"https:\/\/monolith.law\/fr\/wp-json\/wp\/v2\/media\/57154"}],"wp:attachment":[{"href":"https:\/\/monolith.law\/fr\/wp-json\/wp\/v2\/media?parent=32193"}],"curies":[{"name":"wp","href":"https:\/\/api.w.org\/{rel}","templated":true}]}}