{"id":32253,"date":"2023-11-06T11:30:39","date_gmt":"2023-11-06T02:30:39","guid":{"rendered":"https:\/\/monolith.law\/?page_id=32253"},"modified":"2024-08-05T17:56:15","modified_gmt":"2024-08-05T08:56:15","slug":"system-development","status":"publish","type":"page","link":"https:\/\/monolith.law\/fr\/system-development","title":{"rendered":"D\u00e9veloppement de Syst\u00e8me"},"content":{"rendered":"\n<section class=\"heading-area\">\n\t<div class=\"heading-area-inner\">\n\t\t<h2 class=\"icon-system-development\">D\u00e9veloppement de Syst\u00e8me<\/h2>\n\t\t<p>Le d\u00e9veloppement de syst\u00e8mes hautement sp\u00e9cialis\u00e9s peut souvent entra\u00eener des probl\u00e8mes et des n\u00e9gociations difficiles lors des n\u00e9gociations de contrat. Nous sommes pr\u00eats \u00e0 soutenir votre entreprise en utilisant nos connaissances non seulement en tant qu&#8217;experts juridiques, mais aussi en tant qu&#8217;experts en informatique pour d\u00e9terminer ce qui est essentiel pour l&#8217;entreprise.<\/p>\n\t<\/div>\n<\/section>\n\n<section class=\"white-section\">\n\t<div class=\"section-inner pdt0 border-bottom-section\">\n\t\t<p>Nous sommes un cabinet d&#8217;avocats dirig\u00e9 par un avocat qui est un ancien ing\u00e9nieur en informatique, et nous nous occupons de tout, de la r\u00e9daction, de la r\u00e9vision et de la n\u00e9gociation de contrats pour le d\u00e9veloppement de syst\u00e8mes hautement sp\u00e9cialis\u00e9s \u00e0 la r\u00e9solution des litiges lorsqu&#8217;ils surviennent. Nous r\u00e9digeons \u00e9galement des contrats \u00e0 partir de z\u00e9ro en nous basant sur des documents existants, tels que des propositions, avec un minimum de r\u00e9unions.<\/p>\n\t<\/div>\n<\/section>\n\n<section class=\"second-nav\">\n\t<div class=\"second-nav-inner\">\n\t\t<p>MENU<\/p>\n\t\t<nav>\n\t\t\t<ul>\n\t\t\t\t<li><a href=\"#contract-drafting-in-system-development\">Pr\u00e9paration de contrats de d\u00e9veloppement de syst\u00e8mes<\/a><\/li>\n\t\t\t\t<li><a href=\"#dispute-resolution-in-system-development\">R\u00e9solution des litiges en mati\u00e8re de d\u00e9veloppement de syst\u00e8mes<\/a><\/li>\n\t\t\t\t<li><a href=\"#drafting-with-minimal-operating-time\">R\u00e9daction en un minimum de temps de fonctionnement<\/a><\/li>\n\t\t\t\t<li><a href=\"#examples-of-support-provided-by-our-firm\">Exemples de soutien fournis par notre cabinet<\/a><\/li>\n\t\t\t\t<li><a href=\"#publication-achievements-systems-development-legal\">La publication de livres sur des questions juridiques li\u00e9es au d\u00e9veloppement de syst\u00e8mes<\/a><\/li>\n\t\t\t\t<li><a href=\"#crypto-assets-and-blockchain\">Crypto-actifs et Blockchain<\/a><\/li>\n\t\t\t\t<li><a href=\"#manda\">Fusions et Acquisitions (M&amp;A)<\/a><\/li>\n\t\t\t\t<li><a href=\"#monolith-law-magazine\">MONOLITH LAW MAGAZINE<\/a><\/li>\n\t\t\t\t<li><a href=\"#fee-structure\">Structure tarifaire<\/a><\/li>\n\t\t\t<\/ul>\n\t\t<\/nav>\n\t<\/div>\n<\/section>\n\n<section class=\"white-section mgt-section mgb-section80\">\n\t<div class=\"anchor\" id=\"contract-drafting-in-system-development\"><\/div>\n\t<div class=\"section-inner-black\">\n\t\t<h3>Pr\u00e9paration de contrats de d\u00e9veloppement de syst\u00e8mes<\/h3>\n\t\t<p class=\"mgb-small\">Dans le cas du d\u00e9veloppement de syst\u00e8mes, bien que des clauses abstraites telles que la responsabilit\u00e9 en cas de non-conformit\u00e9 contractuelle puissent \u00eatre fournies, le contrat indique simplement &#8220;par accord s\u00e9par\u00e9&#8221;. En d&#8217;autres termes, les circonstances propres au syst\u00e8me ou au projet ne sont pas directement mentionn\u00e9es. Par cons\u00e9quent, il est souvent peu clair quel sera le r\u00e9sultat en cas de litige r\u00e9el.<\/p>\n\t\t<p class=\"mgb-middle\">Notre cabinet consid\u00e8re non seulement la r\u00e9daction de contrats, mais aussi une compr\u00e9hension approfondie des syst\u00e8mes de d\u00e9veloppement connexes comme une partie importante de notre travail.<\/p>\n\n\t<\/div>\n<\/section>\n\n<section class=\"purple-section\">\n\t<div class=\"anchor\" id=\"dispute-resolution-in-system-development\"><\/div>\n\t<div class=\"section-inner\">\n\t\t<div class=\"flex\">\n\t\t\t<div class=\"width41\"><img decoding=\"async\" src=\"\/wp-content\/themes\/monolith2021\/img\/systemdevelopment\/systemdevelopment_pic1.jpg\" alt=\" Dispute  Resolution in System Development\"><\/div>\n\t\t\t<div class=\"width51\">\n\t\t\t\t<h3>R\u00e9solution des litiges en mati\u00e8re de d\u00e9veloppement de syst\u00e8mes<\/h3>\n\t\t\t\t<p class=\"mgb-small\">Lorsqu&#8217;un litige survient, nous sommes charg\u00e9s des demandes extrajudiciaires en r\u00e9paration des dommages, ainsi que des injonctions provisoires et des proc\u00e8s.<\/p>\n\t\t\t\t<p>Cependant, il est pr\u00e9f\u00e9rable que les litiges ne surviennent jamais, et m\u00eame s&#8217;il y a une opportunit\u00e9 de litige, il est pr\u00e9f\u00e9rable qu&#8217;il n&#8217;aille pas en proc\u00e8s. C&#8217;est notre point de vue et notre position de base, et nous fournissons des services juridiques quotidiens \u00e0 nos clients corporatifs en fonction de cette pr\u00e9f\u00e9rence.<\/p>\n\t\t\t<\/div>\n\t\t<\/div>\n\t<\/div>\n<\/section>\n\n<section class=\"white-section\">\n\t<div class=\"anchor\" id=\"drafting-with-minimal-operating-time\"><\/div>\n\t<div class=\"section-inner\">\n\t\t<div class=\"flex reverse\">\n\t\t\t<div class=\"width41\"><img decoding=\"async\" src=\"\/wp-content\/themes\/monolith2021\/img\/pic\/pic_draft.jpg\" alt=\"Drafting with Minimal Operating Time\"><\/div>\n\t\t\t<div class=\"width51\">\n\t\t\t\t<h3>R\u00e9daction en un minimum de temps de fonctionnement<\/h3>\n\t\t\t\t<p class=\"mgb-small\">Notre avocat fondateur est un ancien ing\u00e9nieur en informatique.<\/p>\n\t\t\t\t<p class=\"mgb-small\">Afin de r\u00e9diger un contrat de d\u00e9veloppement de syst\u00e8me et de concevoir un sch\u00e9ma en tant que pr\u00e9alable \u00e0 un tel contrat, il est n\u00e9cessaire de comprendre le contour du syst\u00e8me en question. Nous sommes en mesure de lire les divers documents et donn\u00e9es d\u00e9j\u00e0 pr\u00e9sents dans votre entreprise, tels que les d\u00e9finitions des besoins et les documents de vente destin\u00e9s aux clients potentiels pour le d\u00e9veloppement du syst\u00e8me en question.<\/p>\n\t\t\t\t<p>Par cons\u00e9quent, nous pouvons pr\u00e9parer des \u00e9bauches de contrats et d&#8217;autres documents avec un minimum de temps consacr\u00e9 aux r\u00e9unions, etc., r\u00e9duisant ainsi efficacement les co\u00fbts de communication et le temps n\u00e9cessaire \u00e0 la pr\u00e9paration.<\/p>\n\t\t\t<\/div>\n\t\t<\/div>\n\t<\/div>\n<\/section>\n\n<section class=\"orange-section\">\n\t<div class=\"anchor\" id=\"examples-of-support-provided-by-our-firm\"><\/div>\n\t<div class=\"section-inner\">\n\t\t<h3 class=\"mgb-middle\">Exemples de soutien fournis par notre cabinet<\/h3>\n\t\t<ul class=\"layout-column4\">\n\t\t\t<li>\n\t\t\t\t<div><img decoding=\"async\" src=\"\/wp-content\/themes\/monolith2021\/img\/systemdevelopment\/systemdevelopment_support_pic1.jpg\"><\/div>\n\t\t\t\t<h4>Vendeurs de produits informatiques<\/h4>\n\t\t\t\t<p>Nous proposons une vari\u00e9t\u00e9 de services aux entreprises qui fournissent des services de d\u00e9veloppement de syst\u00e8mes, allant de la r\u00e9daction de contrats li\u00e9s au d\u00e9veloppement de syst\u00e8mes \u00e0 la r\u00e9solution de litiges, sous forme de conseils juridiques et d&#8217;autres services juridiques. Nous traitons \u00e9galement des domaines de pointe tels que les questions li\u00e9es \u00e0 la blockchain.<\/p>\n\t\t\t<\/li>\n\t\t\t<li>\n\t\t\t\t<div><img decoding=\"async\" src=\"\/wp-content\/themes\/monolith2021\/img\/systemdevelopment\/systemdevelopment_support_pic2.jpg\"><\/div>\n\t\t\t\t<h4>Entreprises commerciales<\/h4>\n\t\t\t\t<p>Nous fournissons une vari\u00e9t\u00e9 de services aux entreprises qui passent des commandes pour des travaux de d\u00e9veloppement de syst\u00e8mes. En particulier, pour les nouvelles entreprises des entreprises qui ne se sp\u00e9cialisent pas dans l&#8217;informatique, nous pouvons fournir une assistance, y compris la conception de syst\u00e8mes pour l&#8217;ensemble de l&#8217;entreprise, y compris le suivi apr\u00e8s livraison.<\/p>\n\t\t\t<\/li>\n\t\t\t<li>\n\t\t\t\t<div><img decoding=\"async\" src=\"\/wp-content\/themes\/monolith2021\/img\/systemdevelopment\/systemdevelopment_support_pic3.jpg\"><\/div>\n\t\t\t\t<h4>Services d&#8217;Ing\u00e9nierie Syst\u00e8me (SES)<\/h4>\n\t\t\t\t<p>MONOLITH LAW OFFICE propose des services juridiques \u00e0 de nombreuses entreprises de services d&#8217;ing\u00e9nierie syst\u00e8me (SES). Nous sommes sp\u00e9cialis\u00e9s dans la r\u00e9daction de contrats li\u00e9s aux SES, la r\u00e9solution de litiges extrajudiciaires concernant des probl\u00e8mes sp\u00e9cifiques, et la gestion de litiges devant les tribunaux.<\/p>\n\t\t\t<\/li>\n\t\t\t<li>\n\t\t\t\t<div><img decoding=\"async\" src=\"\/wp-content\/themes\/monolith2021\/img\/systemdevelopment\/systemdevelopment_support_pic4.jpg\"><\/div>\n\t\t\t\t<h4>Logiciel open source (OSS)<\/h4>\n\t\t\t\t<p>Nous avons r\u00e9ussi \u00e0 fournir des services professionnels de conception et de supervision de la documentation utilisateur pour les entreprises proposant \u00e0 la fois des licences GPL et d&#8217;autres licences open source, ainsi que des licences commerciales.<\/p>\n\t\t\t<\/li>\n\t\t<\/ul>\n\t<\/div>\n<\/section>\n\n<section class=\"white-section\">\n\t<div class=\"anchor\" id=\"publication-achievements-systems-development-legal\"><\/div>\n\t<div class=\"section-inner\">\n\t\t<div class=\"flex reverse\">\n\t\t\t<div class=\"width41\"><img decoding=\"async\" src=\"\/wp-content\/themes\/monolith2021\/img\/pic\/pic_publishing.jpg\" alt=\"Publication of Books on Legal Matters Related to System Development\"><\/div>\n\t\t\t<div class=\"width51\">\n\t\t\t\t<h3>La publication de livres sur des questions juridiques li\u00e9es au d\u00e9veloppement de syst\u00e8mes<\/h3>\n\t\t\t\t<p class=\"mgb-small\">Comme cabinet d&#8217;avocats sp\u00e9cialis\u00e9 dans le d\u00e9veloppement de syst\u00e8mes pour les services web, les applications et les jeux, nous avons publi\u00e9 le livre &#8220;Questions-R\u00e9ponses Juridiques Introductives pour les Ing\u00e9nieurs en Informatique&#8221;. Dans ce livre, un avocat ancien ing\u00e9nieur explique des connaissances juridiques principalement destin\u00e9es aux ing\u00e9nieurs en informatique.<\/p>\n\t\t\t\t<p>Le livre est compos\u00e9 des chapitres &#8220;Pi\u00e8ges du Droit d&#8217;Auteur&#8221;, &#8220;Pi\u00e8ges des Contrats de D\u00e9veloppement&#8221;, &#8220;Pi\u00e8ges des Relations de Travail&#8221; et &#8220;Points de Contr\u00f4le des Contrats&#8221;, et fournit des explications juridiques sur des points sp\u00e9cifiques qui peuvent poser probl\u00e8me dans des situations r\u00e9elles de d\u00e9veloppement de syst\u00e8mes.<\/p>\n\t\t\t<\/div>\n\t\t<\/div>\n\t<\/div>\n<\/section>\n\n<section class=\"purple-section\">\n\t<div class=\"anchor\" id=\"crypto-assets-and-blockchain\"><\/div>\n\t<div class=\"section-inner\">\n\t\t<div class=\"flex\">\n\t\t\t<div class=\"width41\"><img decoding=\"async\" src=\"\/wp-content\/uploads\/2022\/07\/shutterstock_1151380622_2.png\" alt=\"Crypto Assets and Blockchain\"><\/div>\n\t\t\t<div class=\"width51\">\n\t\t\t\t<h3>Crypto-actifs et Blockchain<\/h3>\n\t\t\t\t<p>La blockchain est une base de donn\u00e9es d\u00e9centralis\u00e9e, avec un faible risque de perte de donn\u00e9es et difficile \u00e0 alt\u00e9rer une fois les enregistrements effectu\u00e9s. Elle est r\u00e9alis\u00e9e gr\u00e2ce \u00e0 des techniques informatiques telles que les algorithmes de consensus, la cryptographie et les r\u00e9seaux P2P. Le MONOLITH LAW OFFICE est impliqu\u00e9 dans le domaine juridique des crypto-actifs et de la blockchain depuis son ouverture en 2017.\n<\/p>\n\t\t\t<\/div>\n\t\t<\/div>\n\t<\/div>\n<\/section>\n\n<section class=\"white-section mgt-section mgb-section\">\n\t<div class=\"anchor\" id=\"manda\"><\/div>\n\t<div class=\"section-inner-black\">\n\t\t<h3>Fusions et Acquisitions (M&amp;A)<\/h3>\n\t\t<p class=\"mgb-middle\">Nous avons une vaste exp\u00e9rience en mati\u00e8re de fusions et acquisitions (M&amp;A) impliquant des syst\u00e8mes informatiques, y compris les transferts d&#8217;activit\u00e9s et les acquisitions d&#8217;applications et de services web.<\/p>\n\t<\/div>\n<\/section>\n\n<section class=\"purple2-section\">\n\t<div class=\"anchor\" id=\"monolith-law-magazine\"><\/div>\n\t<div class=\"section-inner\">\n\t\t    <section class=\"white-section temp-article\">\n        <div class=\"section-inner\">\n            <h4>MONOLITH LAW MAGAZINE<\/h4>\n            <div class=\"articles type_practice_column\">\n                                                                    <div class=\"article article-area\">\n                        <figure>\n                            <div class=\"img-wrap\">\n                                <img alt=\"Explication de huit lois probl\u00e9matiques dans le d\u00e9veloppement de logiciels utilisant des logiciels open source (OSS)\" src=\"https:\/\/monolith.law\/fr\/wp-content\/uploads\/sites\/12\/2025\/07\/2e3dcd72416c364f481cdcf21967a2a8.webp\" width=\"500\" height=\"250\">\n                            <\/div>\n                            <figcaption>\n                                <div class=\"figcaption-inner\">\n                                    <h3>Explication de huit lois probl\u00e9matiques dans le d\u00e9veloppement de logiciels utili.<\/h3>\n                                <\/div>\n                            <\/figcaption>\n                            <a href=\"https:\/\/monolith.law\/fr\/it\/oss-law\"><\/a>\n                        <\/figure>\n                    <\/div>\n                                                    <div class=\"article article-area\">\n                        <figure>\n                            <div class=\"img-wrap\">\n                                <img alt=\"Jusqu'o\u00f9 les fournisseurs sont-ils responsables des livrables incluant des logiciels open source (OSS) ? Explication des responsabilit\u00e9s civiles et des mesures \u00e0 prendre pour chaque type de contrat.\" src=\"https:\/\/monolith.law\/fr\/wp-content\/uploads\/sites\/12\/2025\/07\/a3e2bebbbd18ab9195487c8b62e3ba94.webp\" width=\"500\" height=\"250\">\n                            <\/div>\n                            <figcaption>\n                                <div class=\"figcaption-inner\">\n                                    <h3>Jusqu'o\u00f9 les fournisseurs sont-ils responsables des livrables incluant des logic.<\/h3>\n                                <\/div>\n                            <\/figcaption>\n                            <a href=\"https:\/\/monolith.law\/fr\/it\/oss-contract\"><\/a>\n                        <\/figure>\n                    <\/div>\n                                                    <div class=\"article article-area\">\n                        <figure>\n                            <div class=\"img-wrap\">\n                                <img alt=\"Points de vigilance lors de l'utilisation de logiciels open source (OSS) dans les contrats de d\u00e9veloppement de logiciels\" src=\"https:\/\/monolith.law\/fr\/wp-content\/uploads\/sites\/12\/2025\/07\/9132dea58501d53c6b72439e72a5a1e0.webp\" width=\"500\" height=\"250\">\n                            <\/div>\n                            <figcaption>\n                                <div class=\"figcaption-inner\">\n                                    <h3>Points de vigilance lors de l'utilisation de logiciels open source (OSS) dans le.<\/h3>\n                                <\/div>\n                            <\/figcaption>\n                            <a href=\"https:\/\/monolith.law\/fr\/it\/oss-development-contract\"><\/a>\n                        <\/figure>\n                    <\/div>\n                                            <\/div>\n            <div class=\"btn-more\"><a href=\"https:\/\/monolith.law\/fr\/tag\/system-development\">Read More<\/a><\/div>\n        <\/div>\n    <\/section>\n\t<\/div>\n<\/section>\n\n<section class=\"orange2-section\">\n\t<div class=\"anchor\" id=\"fee-structure\"><\/div>\n\t<div class=\"section-inner\">\n\t<div class=\"planWrap\">\n\t<h3>Structure tarifaire<\/h3>\n\t<ul class=\"plan\">\n\t\t<li class=\"txt-left\">\n\t\t\t<div class=\"plan-inner\">\n\t\t\t<div class=\"plan-header\">\n\t\t\t<h4 class=\"plan-title\">Hourly Rate<\/h4>\n\t\t\t<div class=\"plan-price\"><span class=\"price-figure\">$300<\/span>par heur\u3000<span class=\"price-tax\"> <\/span><\/div>\n\t\t\t<\/div>\n\t\t\t<div class=\"plan-body\">Dans certains cas, nous pouvons envisager d&#8217;accepter un litige ou une action en justice avec des frais initiaux et des frais de r\u00e9sultat. Pour plus de d\u00e9tails, n&#8217;h\u00e9sitez pas \u00e0 nous contacter.<\/div>\n\t\t\t<\/div>\n\t\t<\/li>\n\t\t<li class=\"txt-left\">\n\t\t\t<div class=\"plan-inner\">\n\t\t\t<div class=\"plan-header\">\n\t\t\t<h4 class=\"plan-title\">R\u00e9daction de contrats<\/h4>\n\t\t\t<div class=\"plan-price\"><span class=\"price-value\">De<\/span><span class=\"price-figure\">$500<\/span><span class=\"price-value\">\u00e0  $2,000 ou plus<\/span><span class=\"price-tax\"><\/span><\/div>\n\t\t\t<\/div>\n\t\t\t<div class=\"plan-body\">La structure tarifaire peut varier en fonction du type et de la quantit\u00e9 de contrats. Nous serions ravis de vous fournir une estimation pr\u00e9liminaire sur demande, vous encourageant ainsi \u00e0 nous contacter pour plus de d\u00e9tails.<\/div>\n\t\t\t<\/div>\n\t\t<\/li>\n\t\t<li class=\"txt-left\">\n\t\t\t<div class=\"plan-inner\">\n\t\t\t<div class=\"plan-header\">\n\t\t\t<h4 class=\"plan-title\">Autres Services<\/h4>\n\t\t\t<div class=\"plan-price\"><span class=\"price-figure\">Contactez-nous<\/span><\/div>\n\t\t\t<\/div>\n\t\t\t<div class=\"plan-body\">Nous proposons une large gamme de services, y compris la cr\u00e9ation de soci\u00e9t\u00e9s, la r\u00e9vision de contrats, des avis juridiques, des \u00e9tudes de cas, ou des lettres de recherche. Si vous avez des questions ou des pr\u00e9occupations, nous vous invitons cordialement \u00e0 nous contacter, et notre \u00e9quipe comp\u00e9tente sera heureuse de vous aider.\n<\/div>\n\t\t\t<\/div>\n\t\t\t<\/div>\n\t\t<\/li>\n\t<\/ul>\n\t<\/div>\n\t<\/div>\n<\/section>\n\n<section class=\"white-section\">\n\t<div class=\"section-inner\">\n\t\t<div class=\"btn-area\">\n\t\t\t<div class=\"btn icon-contact\"><a href=\"\/fr\/contact\">Contactez-nous<\/a><\/div>\n\t\t<\/div>\n\t<\/div>\n<\/section>\n","protected":false},"excerpt":{"rendered":"<p>D\u00e9veloppement de Syst\u00e8me Le d\u00e9veloppement de syst\u00e8mes hautement sp\u00e9cialis\u00e9s peut souvent entra\u00eener des probl\u00e8mes et des n\u00e9gociations difficiles lors des n\u00e9gociations de contrat. Nous sommes pr\u00eats \u00e0 so [&hellip;]<\/p>\n","protected":false},"author":1,"featured_media":57152,"parent":0,"menu_order":7,"comment_status":"closed","ping_status":"closed","template":"other-page-temp.php","meta":{"footnotes":""},"acf":[],"_links":{"self":[{"href":"https:\/\/monolith.law\/fr\/wp-json\/wp\/v2\/pages\/32253"}],"collection":[{"href":"https:\/\/monolith.law\/fr\/wp-json\/wp\/v2\/pages"}],"about":[{"href":"https:\/\/monolith.law\/fr\/wp-json\/wp\/v2\/types\/page"}],"author":[{"embeddable":true,"href":"https:\/\/monolith.law\/fr\/wp-json\/wp\/v2\/users\/1"}],"replies":[{"embeddable":true,"href":"https:\/\/monolith.law\/fr\/wp-json\/wp\/v2\/comments?post=32253"}],"version-history":[{"count":38,"href":"https:\/\/monolith.law\/fr\/wp-json\/wp\/v2\/pages\/32253\/revisions"}],"predecessor-version":[{"id":70208,"href":"https:\/\/monolith.law\/fr\/wp-json\/wp\/v2\/pages\/32253\/revisions\/70208"}],"wp:featuredmedia":[{"embeddable":true,"href":"https:\/\/monolith.law\/fr\/wp-json\/wp\/v2\/media\/57152"}],"wp:attachment":[{"href":"https:\/\/monolith.law\/fr\/wp-json\/wp\/v2\/media?parent=32253"}],"curies":[{"name":"wp","href":"https:\/\/api.w.org\/{rel}","templated":true}]}}