{"id":32408,"date":"2023-11-07T11:30:29","date_gmt":"2023-11-07T02:30:29","guid":{"rendered":"https:\/\/monolith.law\/?page_id=32408"},"modified":"2025-03-27T14:37:35","modified_gmt":"2025-03-27T05:37:35","slug":"m-and-a","status":"publish","type":"page","link":"https:\/\/monolith.law\/fr\/m-and-a","title":{"rendered":"Fusion et Acquisition (M&amp;A)"},"content":{"rendered":"\n<section class=\"heading-area\">\n\t<div class=\"heading-area-inner\">\n\t\t<h2 class=\"icon-m-and-a\">Fusion et Acquisition (M&amp;A)<\/h2>\n\t\t<p>Nous avons g\u00e9r\u00e9 de nombreuses questions juridiques li\u00e9es aux capitaux propres et aux fusions-acquisitions (M&amp;A) centr\u00e9es sur l&#8217;Informatique, y compris les applications et les services web. Nous sommes capables de r\u00e9aliser une diligence raisonnable l\u00e9gale (DD) dans le cadre d&#8217;acquisitions d&#8217;entreprises et d&#8217;autres situations.<\/p>\n\t<\/div>\n<\/section>\n\n<section class=\"white-section\">\n\t<div class=\"section-inner pdt0 border-bottom-section\">\n\t\t<p>MONOLITH LAW OFFICE a g\u00e9r\u00e9 de nombreuses transactions de fusion et acquisition (M&amp;A), y compris les transferts d&#8217;entreprises, les questions juridiques li\u00e9es aux capitaux propres, telles que l&#8217;augmentation de capital par des tiers, l&#8217;\u00e9mission d&#8217;options d&#8217;achat d&#8217;actions, les rachats par la direction (MBO) et la cr\u00e9ation de coentreprises, ainsi que la r\u00e9solution de litiges li\u00e9s \u00e0 ces transactions, principalement dans le domaine de l&#8217;informatique, y compris les applications et les services web. De plus, nous disposons d&#8217;un syst\u00e8me pour effectuer ce que l&#8217;on appelle la diligence raisonnable l\u00e9gale (DD), qui est une enqu\u00eate juridique visant \u00e0 confirmer s&#8217;il existe ou non des probl\u00e8mes juridiques particuli\u00e8rement graves dans des situations telles que les acquisitions d&#8217;entreprises.<\/p>\n\t<\/div>\n<\/section>\n\n<section class=\"second-nav\">\n\t<div class=\"second-nav-inner\">\n\t\t<p>SUJETS<\/p>\n\t\t<nav>\n\t\t\t<ul>\n\t\t\t\t<li><a href=\"#examples-of-support-provided-by-our-firm\">Examples of Support Provided by our Firm<\/a><\/li>\n\t\t\t\t<li><a href=\"#share-and-capital-increase\">\u00c9mission d&#8217;Actions et Augmentation de Capital<\/a><\/li>\n\t\t\t\t<li><a href=\"#ma-related-legal-affairs\">Questions Juridiques li\u00e9es aux Fusions et Acquisitions (M&amp;A)<\/a><\/li>\n\t\t\t\t<li><a href=\"#ma-of-sns-such-as-youtube\">Fusion et Acquisition (M&amp;A) de SNS tels que YouTube<\/a><\/li>\n\t\t\t\t<li><a href=\"#one-stop-service-in-cooperation-with-judicial-scriveners\">Service complet en collaboration avec les r\u00e9dacteurs judiciaires<\/a><\/li>\n\t\t\t\t<li><a href=\"#legal-due-diligence-dd-support\">Soutien \u00e0 la diligence raisonnable juridique<\/a><\/li>\n\t\t\t\t<li><a href=\"#legal-due-diligence-cases-we-have-handled\">Cas de diligence raisonnable juridique que nous avons trait\u00e9s<\/a><\/li>\n\t\t\t\t<li><a href=\"#disputes-related-to-stocks-and-investments\">Litiges li\u00e9s aux actions<\/a><\/li>\n\t\t\t\t<li><a href=\"#monolith-law-magazine\">MONOLITH LAW MAGAZINE<\/a><\/li>\n\t\t\t\t<li><a href=\"#fee-structure\">Structure tarifaire<\/a><\/li>\n\t\t\t<\/ul>\n\t\t<\/nav>\n\t<\/div>\n<\/section>\n\n<section class=\"white-section\">\n\t<div class=\"anchor\" id=\"examples-of-support-provided-by-our-firm\"><\/div>\n\t<div class=\"section-inner-bottomhalf\">\n\t\t<h3 class=\"mgb-middle\">Exemple de soutien fourni par notre cabinet<\/h3>\n\t\t<ul class=\"mgb-small layout-column4\">\n\t\t\t<li>\n\t\t\t\t<h4>Augmentation de capital par augmentation r\u00e9serv\u00e9e aux tiers<\/h4>\n\t\t\t\t<div><img decoding=\"async\" src=\"\/wp-content\/themes\/monolith2021\/img\/stockrelatedlaw\/stockrelatedlaw_support_pic1.jpg\"><\/div>\n\t\t\t\t<p>Nous avons assist\u00e9 de nombreuses entreprises en d\u00e9marrage dans l&#8217;augmentation de leur capital par augmentation r\u00e9serv\u00e9e aux tiers. Nous avons \u00e9galement aid\u00e9 une entreprise cot\u00e9e \u00e0 effectuer son premier investissement en capital-risque en r\u00e9digeant un relev\u00e9 de termes et un accord d&#8217;investissement.<\/p>\n\t\t\t<\/li>\n\t\t\t<li>\n\t\t\t\t<h4>Rachat par la Direction (MBO &#8211; Management Buyout)<\/h4>\n\t\t\t\t<div><img decoding=\"async\" src=\"\/wp-content\/themes\/monolith2021\/img\/stockrelatedlaw\/stockrelatedlaw_support_pic2.jpg\"><\/div>\n\t\t\t\t<p>Nous avons collabor\u00e9 avec des entreprises en d\u00e9marrage ayant des probl\u00e8mes de relations de capital pour d\u00e9velopper des strat\u00e9gies et r\u00e9diger divers accords pour des rachats par la direction (MBO), notamment pour lever des fonds, \u00e9tablir une nouvelle entit\u00e9 juridique pour servir de v\u00e9hicule, et permettre \u00e0 la nouvelle entit\u00e9 juridique d&#8217;acqu\u00e9rir des actions aupr\u00e8s des actionnaires existants.<\/p>\n\t\t\t<\/li>\n\t\t\t<li>\n\t\t\t\t<h4>Cr\u00e9ation de Coentreprises<\/h4>\n\t\t\t\t<div><img decoding=\"async\" src=\"\/wp-content\/themes\/monolith2021\/img\/stockrelatedlaw\/stockrelatedlaw_support_pic3.jpg\"><\/div>\n\t\t\t\t<p>Nous avons collabor\u00e9 avec des start-ups sur la cr\u00e9ation de coentreprises (JVs), dans lesquelles une start-up et une grande entreprise d\u00e9tiennent des actions dans la m\u00eame soci\u00e9t\u00e9, en r\u00e9digeant des relev\u00e9s de termes, en n\u00e9gociant des contrats et en transf\u00e9rant l&#8217;activit\u00e9 de la start-up vers la soci\u00e9t\u00e9 nouvellement cr\u00e9\u00e9e.<\/p>\n\t\t\t\t<\/li>\n\t\t\t<li>\n\t\t\t\t<h4>Litiges li\u00e9s aux actions<\/h4>\n\t\t\t\t<div><img decoding=\"async\" src=\"\/wp-content\/themes\/monolith2021\/img\/stockrelatedlaw\/stockrelatedlaw_support_pic4.jpg\"><\/div>\n\t\t\t\t<p>Nous avons trait\u00e9 des affaires dans lesquelles une start-up a re\u00e7u un investissement d&#8217;un investisseur priv\u00e9 et la validit\u00e9 du contrat d&#8217;investissement a \u00e9t\u00e9 contest\u00e9e par la suite, ainsi que des affaires dans lesquelles le fondateur d&#8217;une entreprise de rachat \u00e0 succ\u00e8s a \u00e9t\u00e9 accus\u00e9 de ne pas avoir respect\u00e9 ses obligations et a fait l&#8217;objet d&#8217;une demande de dommages et int\u00e9r\u00eats de la part de l&#8217;entreprise \u00e0 laquelle il avait vendu les actions, allant des n\u00e9gociations en dehors du tribunal aux litiges.<\/p>\n\t\t\t<\/li>\n\t\t<\/ul>\n\t<\/div>\n<\/section>\n\n<section class=\"white-section\">\n\t<div class=\"section-inner-tophalf\">\n\t\t<div class=\"frame2 max-width860 txt-center-pc\">\n\t\t\t<p class=\"bold txt-l\">Nous avons agi en tant que conseiller juridique pour un certain nombre d&#8217;entreprises informatiques en d\u00e9marrage.<br>Les questions juridiques li\u00e9es aux capitaux propres et aux fusions-acquisitions (M&amp;A) sont l&#8217;un de nos principaux domaines de pratique.<\/p>\n\t\t<\/div>\n\t<\/div>\n<\/section>\n\n<section class=\"white-section mgb-section80\">\n\t<div class=\"anchor\" id=\"share-and-capital-increase\"><\/div>\n\t<div class=\"section-inner-black\">\n\t\t<h3>\u00c9mission d&#8217;Actions et Augmentation de Capital<\/h3>\n\t\t<p class=\"mgb-middle\">En ce qui concerne l&#8217;\u00e9mission d&#8217;actions par augmentation r\u00e9serv\u00e9e aux tiers, nous nous occupons de tout, de la pr\u00e9paration des relev\u00e9s de termes \u00e0 la r\u00e9daction des accords d&#8217;investissement et des accords entre actionnaires. Nous nous occupons \u00e9galement de la conception d&#8217;actions de cat\u00e9gorie qui stipulent une distribution pr\u00e9f\u00e9rentielle, etc., de l&#8217;\u00e9mission de droits d&#8217;acquisition d&#8217;actions, d&#8217;accords entre fondateurs, de la cession d&#8217;actions et de diverses autres strat\u00e9gies et contrats li\u00e9s aux capitaux propres, etc.<\/p>\n\n\n\n\t<\/div>\n<\/section>\n\n<section class=\"white-section mgb-section100\">\n\t<div class=\"anchor\" id=\"ma-related-legal-affairs\"><\/div>\n\t<div class=\"section-inner-black\">\n\t\t<h3>Questions Juridiques li\u00e9es aux Fusions et Acquisitions (M&amp;A)<\/h3>\n\t\t<p class=\"mgb-middle\">Nous avons une vaste exp\u00e9rience dans les transactions de fusion et acquisition (M&amp;A) au sens large du terme, principalement dans le domaine de l&#8217;Informatique, y compris les transferts d&#8217;activit\u00e9s de services web et d&#8217;applications, ainsi que les rachats d&#8217;entreprises en d\u00e9marrage. Nous avons \u00e9galement agi en tant que client pour une entreprise cot\u00e9e \u00e0 la bourse de Tokyo dans le cadre du transfert de son activit\u00e9 de syst\u00e8mes informatiques \u00e0 partir d&#8217;une entreprise en d\u00e9marrage.<\/p>\n\n\n\n\t<\/div>\n<\/section>\n\n<section class=\"purple-section\">\n\t<div class=\"anchor\" id=\"ma-of-sns-such-as-youtube\"><\/div>\n\t<div class=\"section-inner\">\n\t\t<div class=\"flex reverse\">\n\t\t\t<div class=\"width41\"><img decoding=\"async\" src=\"\/wp-content\/themes\/monolith2021\/img\/pic\/pic_sns_manda.jpg\" alt=\"M&amp;A of SNS such as YouTube\"><\/div>\n\t\t\t<div class=\"width51\">\n\t\t\t\t<h3>Fusion et Acquisition (M&amp;A) de SNS tels que YouTube<\/h3>\n\t\t\t\t<p class=\"mgb-small\">Les cha\u00eenes YouTube et les comptes Twitter sont soumis \u00e0 des op\u00e9rations de fusion et acquisition (M&amp;A), tout comme les sites web, etc. Cependant, en raison de la nature particuli\u00e8re de ces transactions de M&amp;A, elles n\u00e9cessitent un cabinet d&#8217;avocats ayant des connaissances sp\u00e9cialis\u00e9es et un savoir-faire.<\/p>\n\t\t\t\t<p class=\"mgb-small\">Notre cabinet a trait\u00e9 de nombreuses transactions de M&amp;A pour des cha\u00eenes YouTube et d&#8217;autres, allant de petits montants \u00e0 ceux impliquant plus de 100 millions de yens, fournissant des services juridiques allant de la r\u00e9daction de contrats \u00e0 la diligence raisonnable (DD).\n<\/p>\n\t\t\t\t<p class=\"mgb-middle\"><span class=\"bold\">**Nous avons des pages d\u00e9di\u00e9es pour la gestion de divers types de travaux.<\/span><\/p>\n\t\t\t\t<div class=\"btn-area align-left\">\n\t\t\t\t\t\n\t\t\t\t<\/div>\n\t\t\t<\/div>\n\t\t<\/div>\n\t<\/div>\n<\/section>\n\n<section class=\"white-section\">\n\t<div class=\"anchor\" id=\"one-stop-service-in-cooperation-with-judicial-scriveners\"><\/div>\n\t<div class=\"section-inner\">\n\t\t<div class=\"flex\">\n\t\t\t<div class=\"width41\"><img decoding=\"async\" src=\"\/wp-content\/themes\/monolith2021\/img\/stockrelatedlaw\/stockrelatedlaw_pic2.jpg\" alt=\"One-stop Service in Cooperation with Judicial Scriveners\"><\/div>\n\t\t\t<div class=\"width51\">\n\t\t\t\t<h3>Service complet en collaboration avec les r\u00e9dacteurs judiciaires<\/h3>\n\t\t\t\t<p class=\"mgb-small\">Divers types de travaux, tels que l&#8217;augmentation de capital par \u00e9mission de nouvelles actions \u00e0 des tiers, sont largement divis\u00e9s en la pr\u00e9paration de relev\u00e9s de termes, la n\u00e9gociation de contrats et la r\u00e9daction d&#8217;accords d&#8217;investissement et d&#8217;accords entre actionnaires, pour lesquels les avocats ont de l&#8217;expertise, et les travaux li\u00e9s \u00e0 l&#8217;enregistrement, pour lesquels les r\u00e9dacteurs judiciaires ont de l&#8217;expertise.<\/p>\n\t\t\t\t<p class=\"mgb-small\">Et comme ils sont interd\u00e9pendants, les co\u00fbts de communication sont gonfl\u00e9s si les clients doivent traiter avec plusieurs cabinets s\u00e9par\u00e9ment.\n<\/p>\n\t\t\t\t<p>MONOLITH LAW OFFICE, en collaboration avec les cabinets de r\u00e9dacteurs judiciaires, peut g\u00e9rer l&#8217;ensemble de ces services en un seul point de contact et de mani\u00e8re unifi\u00e9e.<\/p>\n\t\t\t<\/div>\n\t\t<\/div>\n\t<\/div>\n<\/section>\n\n<section class=\"orange-section\">\n\t<div class=\"anchor\" id=\"legal-due-diligence-dd-support\"><\/div>\n\t<div class=\"section-inner\">\n\t\t<div class=\"flex reverse\">\n\t\t\t<div class=\"width41\"><img decoding=\"async\" src=\"\/wp-content\/themes\/monolith2021\/img\/pic\/pic_legalduediligence.jpg\" alt=\"Legal Due Diligence Support\"><\/div>\n\t\t\t<div class=\"width51\">\n\t\t\t\t<h3>Soutien \u00e0 la diligence raisonnable juridique<\/h3>\n\t\t\t\t<p class=\"mgb-small\">Dans le cadre d&#8217;acquisitions d&#8217;entreprises et d&#8217;autres situations, la diligence raisonnable juridique (DD) est une enqu\u00eate juridique visant \u00e0 d\u00e9terminer s&#8217;il existe des probl\u00e8mes juridiques particuli\u00e8rement graves dans les domaines suivants : constitution, structure de l&#8217;entreprise, actions, actionnaires, filiales, fusion et acquisition, immobilier, biens mobiliers, droits de propri\u00e9t\u00e9 intellectuelle, finances, contrats, litiges et diff\u00e9rends, conformit\u00e9, etc. La diligence raisonnable (DD) est une t\u00e2che qui n\u00e9cessite des comp\u00e9tences organisationnelles de la part des cabinets d&#8217;avocats. Notre \u00e9quipe de 17 avocats est capable de mener une telle diligence raisonnable juridique et de pr\u00e9parer des rapports de DD en temps opportun.\n<\/p>\n\t\t\t\t<p><span class=\"bold\">*Lors de la pr\u00e9paration d&#8217;un rapport de DD, cela n\u00e9cessite g\u00e9n\u00e9ralement plus de 30 heures de travail d&#8217;avocat (honoraires d&#8217;avocat l\u00e9g\u00e8rement sup\u00e9rieurs \u00e0 12 000 dollars).<\/span><\/p>\n\t\t\t<\/div>\n\t\t<\/div>\n\t<\/div>\n<\/section>\n\n<section class=\"orange2-section\">\n\t<div class=\"anchor\" id=\"legal-due-diligence-cases-we-have-handled\"><\/div>\n\t<div class=\"section-inner\">\n\t\t<h3>Cas de diligence raisonnable juridique que nous avons trait\u00e9s\n<\/h3>\n\t\t<p class=\"mgb-small\">Fondamentalement, le champ d&#8217;application de la diligence raisonnable juridique inclut les \u00e9l\u00e9ments qui servent de base aux entreprises ou aux op\u00e9rations commerciales, ainsi que ceux qui ont un impact significatif sur les activit\u00e9s de l&#8217;entreprise.\n<\/p>\n\t\t<p class=\"mgb-small\">Plus pr\u00e9cis\u00e9ment, il s&#8217;agit d&#8217;\u00e9valuer, en termes de structure et de gouvernance d&#8217;entreprise, si les entreprises ou les activit\u00e9s commerciales peuvent perdurer, d&#8217;identifier les r\u00e9glementations et les autorisations l\u00e9gales n\u00e9cessaires pour que les entreprises et les activit\u00e9s commerciales puissent progresser davantage, et de d\u00e9terminer si le maintien de ces autorisations est possible. De plus, cela implique d&#8217;\u00e9valuer la situation des actifs importants et des passifs li\u00e9s aux activit\u00e9s commerciales, de d\u00e9terminer l&#8217;absence de contrats essentiels (y compris les contrats de travail et les transactions avec des parties li\u00e9es), d&#8217;\u00e9valuer la faisabilit\u00e9 de la poursuite de conditions favorables, et d&#8217;\u00e9valuer l&#8217;impact potentiel des risques manifest\u00e9s qui peuvent survenir.\n<\/p>\n\t\t<p class=\"mgb-middle\">Bien que fondamentalement ancr\u00e9 dans ces aspects, le champ d&#8217;application de la diligence raisonnable juridique est soumis \u00e0 des points sp\u00e9cifiques adapt\u00e9s \u00e0 la nature de l&#8217;entreprise ou de l&#8217;activit\u00e9 commerciale.\n<\/p>\n\t\t<ol class=\"layout-datalist\">\n\t\t\t<li>\n\t\t\t\t<h4>Une startup technologique\n<\/h4>\n\t\t\t\t<p>En commen\u00e7ant par la recherche sur la structure de l&#8217;entreprise, y compris l&#8217;\u00e9mission d&#8217;actions et la composition des actionnaires et des administrateurs, nous mettons \u00e9galement l&#8217;accent sur un examen approfondi des inventions brevet\u00e9es et d&#8217;autres droits li\u00e9s \u00e0 l&#8217;activit\u00e9 principale, l&#8217;analyse commerciale.\n<\/p>\n\t\t\t<\/li>\n\t\t\t<li>\n\t\t\t\t<h4>Une soci\u00e9t\u00e9 de gestion m\u00e9diatique\n<\/h4>\n\t\t\t\t<p>Nous avons examin\u00e9 leurs cha\u00eenes YouTube pour d\u00e9terminer si elles fonctionnaient conform\u00e9ment aux Conditions d&#8217;utilisation et \u00e0 la Politique de confidentialit\u00e9, ainsi que si le contenu vid\u00e9o qu&#8217;elles avaient pr\u00e9c\u00e9demment publi\u00e9 \u00e9tait conforme aux r\u00e9glementations sur les droits d&#8217;auteur et la publicit\u00e9.\n<\/p>\n\t\t\t<\/li>\n\t\t\t<li>\n\t\t\t\t<h4>Une entreprise Informatique bas\u00e9e sur des contrats\n<\/h4>\n\t\t\t\t<p>\u00c9tant donn\u00e9 une divergence entre les statuts de la soci\u00e9t\u00e9 et la situation r\u00e9elle concernant l&#8217;\u00e9mission d&#8217;actions et la tenue des assembl\u00e9es d&#8217;actionnaires, nous avons clarifi\u00e9 les risques li\u00e9s \u00e0 ces probl\u00e8mes, ainsi qu&#8217;aid\u00e9 \u00e0 mettre en place des contre-mesures futures.\n<\/p>\n\t\t\t<\/li>\n\t\t\t<li>\n\t\t\t\t<h4>D\u00e9taillants d&#8217;ordinateurs personnels\n<\/h4>\n\t\t\t\t<p>Au lieu de se concentrer uniquement sur l&#8217;entreprise elle-m\u00eame, nous avons \u00e9galement \u00e9valu\u00e9 l&#8217;\u00e9tat des transactions avec d&#8217;autres entreprises et l&#8217;\u00e9tat des contrats d&#8217;achat de produits de l&#8217;entreprise. De plus, \u00e9tant donn\u00e9 que l&#8217;entreprise \u00e9tait \u00e9galement impliqu\u00e9e dans la sous-traitance de construction, nous avons soigneusement confirm\u00e9 les d\u00e9tails des licences et des permis li\u00e9s \u00e0 la poursuite de l&#8217;activit\u00e9 de construction et leur statut de renouvellement, y compris l&#8217;emplacement de la partie responsable.<\/p>\n\t\t\t<\/li>\n\t\t\t<li>\n\t\t\t\t<h4>Fabricants d&#8217;ordinateurs personnels\n<\/h4>\n\t\t\t\t<p>En plus d&#8217;enqu\u00eater sur les conditions de travail telles que les r\u00e8gles de travail et les r\u00e9glementations salariales, \u00e9tant donn\u00e9 que l&#8217;entreprise poss\u00e9dait plusieurs machines li\u00e9es au travail, des usines et des terrains, nous avons examin\u00e9 de pr\u00e8s les droits et la valeur d&#8217;acquisition de ces actifs.\n<\/p>\n\t\t\t<\/li>\n\t\t<\/ol>\n\t<\/div>\n<\/section>\n\n<section class=\"white-section\">\n\t<div class=\"anchor\" id=\"disputes-related-to-stocks-and-investments\"><\/div>\n\t<div class=\"section-inner\">\n\t\t<div class=\"flex\">\n\t\t\t<div class=\"width41\"><img decoding=\"async\" src=\"\/wp-content\/themes\/monolith2021\/img\/stockrelatedlaw\/stockrelatedlaw_pic4.jpg\" alt=\"Disputes Related to Stocks and Investments\"><\/div>\n\t\t\t<div class=\"width51\">\n\t\t\t\t<h3>Litiges li\u00e9s aux actions et aux investissements<\/h3>\n\t\t\t\t<p>Nous avons une grande expertise dans la r\u00e9solution de probl\u00e8mes et de litiges li\u00e9s aux investissements et \u00e0 d&#8217;autres questions, allant des litiges entre les entreprises et les actionnaires, tels que les actions en justice par procuration des actionnaires, aux probl\u00e8mes li\u00e9s aux augmentations de capital, aux rachats, et autres questions.<\/p>\n\t\t\t<\/div>\n\t\t<\/div>\n\t<\/div>\n<\/section>\n\n<section class=\"purple2-section\">\n\t<div class=\"anchor\" id=\"monolith-law-magazine\"><\/div>\n\t<div class=\"section-inner\">\n\t\t    <section class=\"white-section temp-article\">\n        <div class=\"section-inner\">\n            <h4>MONOLITH LAW MAGAZINE<\/h4>\n            <div class=\"articles type_practice_column\">\n                                                                    <div class=\"article article-area\">\n                        <figure>\n                            <div class=\"img-wrap\">\n                                <img alt=\"\u3010Mise en application en octobre de l'ann\u00e9e Reiwa 6 (2024)\u3011Avantages et inconv\u00e9nients de la non-divulgation de l'adresse du directeur repr\u00e9sentatif dans le registre\" src=\"https:\/\/monolith.law\/fr\/wp-content\/uploads\/sites\/12\/2024\/07\/shutterstock_446633164-1.webp\" width=\"500\" height=\"250\">\n                            <\/div>\n                            <figcaption>\n                                <div class=\"figcaption-inner\">\n                                    <h3>\u3010Mise en application en octobre de l'ann\u00e9e Reiwa 6 (2024)\u3011Avantages et inconv\u00e9ni.<\/h3>\n                                <\/div>\n                            <\/figcaption>\n                            <a href=\"https:\/\/monolith.law\/fr\/general-corporate\/ceo-address-hidden\"><\/a>\n                        <\/figure>\n                    <\/div>\n                                                    <div class=\"article article-area\">\n                        <figure>\n                            <div class=\"img-wrap\">\n                                <img alt=\"Expliquer les proc\u00e9dures, les avantages et les inconv\u00e9nients de la M&amp;A utilis\u00e9e pour la vente d'entreprises\" src=\"https:\/\/monolith.law\/fr\/wp-content\/uploads\/sites\/12\/2024\/04\/ma-merit-demerit-procedure-i.webp\" width=\"500\" height=\"250\">\n                            <\/div>\n                            <figcaption>\n                                <div class=\"figcaption-inner\">\n                                    <h3>Expliquer les proc\u00e9dures, les avantages et les inconv\u00e9nients de la M&amp;A utili.<\/h3>\n                                <\/div>\n                            <\/figcaption>\n                            <a href=\"https:\/\/monolith.law\/fr\/general-corporate\/ma-merit-demerit-procedure\"><\/a>\n                        <\/figure>\n                    <\/div>\n                                                    <div class=\"article article-area\">\n                        <figure>\n                            <div class=\"img-wrap\">\n                                <img alt=\"Ne pas \u00e9chouer! \u00c0 propos des lois \u00e0 conna\u00eetre pour les 'M&amp;A individuels\" src=\"https:\/\/monolith.law\/fr\/wp-content\/uploads\/sites\/12\/2024\/04\/personal-ma-law-i.webp\" width=\"500\" height=\"250\">\n                            <\/div>\n                            <figcaption>\n                                <div class=\"figcaption-inner\">\n                                    <h3>Ne pas \u00e9chouer! \u00c0 propos des lois \u00e0 conna\u00eetre pour les 'M&amp;A individuels<\/h3>\n                                <\/div>\n                            <\/figcaption>\n                            <a href=\"https:\/\/monolith.law\/fr\/general-corporate\/personal-ma-law\"><\/a>\n                        <\/figure>\n                    <\/div>\n                                            <\/div>\n            <div class=\"btn-more\"><a href=\"https:\/\/monolith.law\/fr\/tag\/m-and-a\">Read More<\/a><\/div>\n        <\/div>\n    <\/section>\n\t<\/div>\n<\/section>\n\n<section class=\"orange2-section\">\n\t<div class=\"anchor\" id=\"fee-structure\"><\/div>\n\t<div class=\"section-inner\">\n\t<div class=\"planWrap\">\n\t<h3>Structure tarifaire<\/h3>\n\t<ul class=\"plan\">\n\t\t<li class=\"txt-left\">\n\t\t\t<div class=\"plan-inner\">\n\t\t\t<div class=\"plan-header\">\n\t\t\t<h4 class=\"plan-title\">Taux horaire<\/h4>\n\t\t\t<div class=\"plan-price\"><span class=\"price-figure\">$300<\/span>par heure<span class=\"price-tax\"> <\/span><\/div>\n\t\t\t<\/div>\n\t\t\t<div class=\"plan-body\">Dans certains cas, nous pouvons envisager d&#8217;accepter un litige ou une action en justice avec des frais initiaux et des frais de r\u00e9sultat. Pour plus de d\u00e9tails, n&#8217;h\u00e9sitez pas \u00e0 nous contacter.<\/div>\n\t\t\t<\/div>\n\t\t<\/li>\n\t\t<li class=\"txt-left\">\n\t\t\t<div class=\"plan-inner\">\n\t\t\t<div class=\"plan-header\">\n\t\t\t<h4 class=\"plan-title\">R\u00e9daction de contrats<\/h4>\n\t\t\t<div class=\"plan-price\"><span class=\"price-value\">De<\/span><span class=\"price-figure\">$500<\/span><span class=\"price-value\">\u00e0 $2,000 ou plus<\/span><span class=\"price-tax\"><\/span><\/div>\n\t\t\t<\/div>\n\t\t\t<div class=\"plan-body\">La structure tarifaire peut varier en fonction du type et de la quantit\u00e9 de contrats. Nous serions ravis de vous fournir une estimation pr\u00e9liminaire sur demande, vous encourageant ainsi \u00e0 nous contacter pour plus de d\u00e9tails.<\/div>\n\t\t\t<\/div>\n\t\t<\/li>\n\t\t<li class=\"txt-left\">\n\t\t\t<div class=\"plan-inner\">\n\t\t\t<div class=\"plan-header\">\n\t\t\t<h4 class=\"plan-title\">Autres Services<\/h4>\n\t\t\t<div class=\"plan-price\"><span class=\"price-figure\">Contactez-nous<\/span><\/div>\n\t\t\t<\/div>\n\t\t\t<div class=\"plan-body\">Nous proposons une large gamme de services, y compris la cr\u00e9ation de soci\u00e9t\u00e9s, la r\u00e9vision de contrats, des avis juridiques, des \u00e9tudes de cas, ou des lettres de recherche. Si vous avez des questions ou des pr\u00e9occupations, nous vous invitons cordialement \u00e0 nous contacter, et notre \u00e9quipe comp\u00e9tente sera heureuse de vous aider.<\/div>\n\t\t\t<\/div>\n\t\t\t<\/div>\n\t\t<\/li>\n\t<\/ul>\n\t<\/div>\n\t<\/div>\n<\/section>\n\n<section class=\"white-section\">\n\t<div class=\"section-inner\">\n\t\t<div class=\"btn-area\">\n\t\t\t<div class=\"btn icon-contact\"><a href=\"\/fr\/contact\">Contactez-nous<\/a><\/div>\n\t\t<\/div>\n\t<\/div>\n<\/section>\n","protected":false},"excerpt":{"rendered":"<p>Fusion et Acquisition (M&amp;A) Nous avons g\u00e9r\u00e9 de nombreuses questions juridiques li\u00e9es aux capitaux propres et aux fusions-acquisitions (M&amp;A) centr\u00e9es sur l&#8217;Informatique, y compris les app [&hellip;]<\/p>\n","protected":false},"author":1,"featured_media":57141,"parent":0,"menu_order":7,"comment_status":"closed","ping_status":"closed","template":"other-page-temp.php","meta":{"footnotes":""},"acf":[],"_links":{"self":[{"href":"https:\/\/monolith.law\/fr\/wp-json\/wp\/v2\/pages\/32408"}],"collection":[{"href":"https:\/\/monolith.law\/fr\/wp-json\/wp\/v2\/pages"}],"about":[{"href":"https:\/\/monolith.law\/fr\/wp-json\/wp\/v2\/types\/page"}],"author":[{"embeddable":true,"href":"https:\/\/monolith.law\/fr\/wp-json\/wp\/v2\/users\/1"}],"replies":[{"embeddable":true,"href":"https:\/\/monolith.law\/fr\/wp-json\/wp\/v2\/comments?post=32408"}],"version-history":[{"count":34,"href":"https:\/\/monolith.law\/fr\/wp-json\/wp\/v2\/pages\/32408\/revisions"}],"predecessor-version":[{"id":72545,"href":"https:\/\/monolith.law\/fr\/wp-json\/wp\/v2\/pages\/32408\/revisions\/72545"}],"wp:featuredmedia":[{"embeddable":true,"href":"https:\/\/monolith.law\/fr\/wp-json\/wp\/v2\/media\/57141"}],"wp:attachment":[{"href":"https:\/\/monolith.law\/fr\/wp-json\/wp\/v2\/media?parent=32408"}],"curies":[{"name":"wp","href":"https:\/\/api.w.org\/{rel}","templated":true}]}}