{"id":4213,"date":"2023-11-08T10:00:26","date_gmt":"2023-11-08T01:00:26","guid":{"rendered":"https:\/\/monolith.law\/?page_id=4213"},"modified":"2023-12-04T19:12:33","modified_gmt":"2023-12-04T10:12:33","slug":"services","status":"publish","type":"page","link":"https:\/\/monolith.law\/fr\/services","title":{"rendered":"Services"},"content":{"rendered":"\n<section class=\"heading-area\">\n\t<div class=\"heading-area-inner\">\n\t\t<h2 class=\"icon-services\">Services<\/h2>\n\t\t<p>Avec le parcours de notre avocat principal en tant qu&#8217;ing\u00e9nieur Informatique et son exp\u00e9rience dans la gestion d&#8217;entreprises Informatique, MONOLITH LAW OFFICE se positionne comme l&#8217;un des cabinets d&#8217;avocats leaders au Japon, sp\u00e9cialis\u00e9 en Informatique, affaires et Internet. Notre organisation mondiale nous permet de fournir des services juridiques hautement sp\u00e9cialis\u00e9s dans ces domaines.<\/p>\n\t<\/div>\n<\/section>\n<section class=\"second-nav\">\n\t<div class=\"second-nav-inner\">\n\t\t<p>MENU<\/p>\n\t\t<nav>\n\t\t\t<ul>\n\t\t\t\t<li><a href=\"#general-corporate\">Entreprise G\u00e9n\u00e9rale<\/a><\/li>\n\t\t\t\t<li><a href=\"#it\">Informatique<\/a><\/li>\n\t\t\t\t<li><a href=\"#cross-border\">Transfrontalier<\/a><\/li>\n\t\t\t\t<li><a href=\"#internet\">Internet<\/a><\/li>\n\t\t\t<\/ul>\n\t\t<\/nav>\n\t<\/div>\n<\/section>\n<section class=\"white-section\">\n\t<div class=\"anchor\" id=\"general-corporate\"><\/div>\n\t<div class=\"section-inner pdb0\">\n\t\t<div class=\"flex\">\n\t\t\t<div class=\"width41\"><img decoding=\"async\" src=\"\/wp-content\/themes\/monolith2021\/img\/pic\/pic_practices-corporate.jpg\" alt=\"General Corporate\"><\/div>\n\t\t\t<div class=\"width51\">\n\t\t\t\t<div class=\"inline-inner\">\n\t\t\t\t\t<h3>Entreprise G\u00e9n\u00e9rale<\/h3>\n\t\t\t\t\t<p>Pour fournir un soutien juridique pr\u00e9cis dans l&#8217;environnement dynamique de l&#8217;Informatique et des startups, il est important de poss\u00e9der des connaissances et une exp\u00e9rience sp\u00e9cialis\u00e9es. Notre cabinet compte de nombreux sp\u00e9cialistes dans ce domaine et nous avons eu l&#8217;exp\u00e9rience de servir en tant que conseillers juridiques (y compris divers contrats pour les directeurs, les cadres ex\u00e9cutifs, etc.) pour 1087 entreprises, principalement constitu\u00e9es d&#8217;entreprises Informatique, allant des entreprises de premier rang aux startups en phase d&#8217;amor\u00e7age au Japon. <\/p>\n\t\t\t\t<\/div>\n\t\t\t<\/div>\n\t\t<\/div>\n\t<\/div>\n<\/section>\n<section class=\"white-section\">\n\t<div class=\"section-inner\">\n\t\t<ol class=\"practices-list mgb-big\">\n\t\t\t<li>\n\t\t\t\t<h4><img decoding=\"async\" src=\"\/wp-content\/themes\/monolith_en\/img\/practices\/practices_1_1.svg\" alt=\"1.Affaires juridiques des startups \"><\/h4>\n\t\t\t\t<img decoding=\"async\" src=\"\/wp-content\/themes\/monolith2021\/img\/practices\/practices_1_1_pic.png\" alt=\"Affaires juridiques des startups \">\n\t\t\t\t<p>Nous avons une vaste exp\u00e9rience dans les affaires juridiques li\u00e9es aux affaires et au capital, y compris le financement, les transferts d&#8217;entreprises et les rachats.<\/p>\n\t\t\t<\/li>\n\t\t\t<li>\n\t\t\t\t<h4><img decoding=\"async\" src=\"\/wp-content\/themes\/monolith_en\/img\/practices\/practices_1_2.svg\" alt=\"2. Affaires juridiques Informatique\/IP\"><\/h4>\n\t\t\t\t<img decoding=\"async\" src=\"\/wp-content\/themes\/monolith2021\/img\/practices\/practices_1_2_pic.png\" alt=\"Affaires juridiques Informatique\/IP\">\n\t\t\t\t<p>Toki Kawase, notre Avocat Repr\u00e9sentant ayant une exp\u00e9rience d&#8217;ing\u00e9nieur, approfondira sa compr\u00e9hension des produits de votre entreprise, parfois en lisant r\u00e9ellement le code.<\/p>\n\t\t\t<\/li>\n\t\t\t<li>\n\t\t\t\t<h4><img decoding=\"async\" src=\"\/wp-content\/themes\/monolith_en\/img\/practices\/practices_1_3.svg\" alt=\"3. Rapidit\u00e9\n\"><\/h4>\n\t\t\t\t<img decoding=\"async\" src=\"\/wp-content\/themes\/monolith2021\/img\/practices\/practices_1_3_pic.png\" alt=\"Rapidit\u00e9\n\">\n\t\t\t\t<p>Nous comprenons l&#8217;importance d&#8217;un temps de r\u00e9ponse rapide pour votre entreprise et votre soci\u00e9t\u00e9. En r\u00e8gle g\u00e9n\u00e9rale, nous r\u00e9pondons dans un d\u00e9lai d&#8217;un jour ouvrable.<\/p>\n\t\t\t<\/li>\n\t\t\t<li>\n\t\t\t\t<h4><img decoding=\"async\" src=\"\/wp-content\/themes\/monolith_en\/img\/practices\/practices_1_4.svg\" alt=\"4.Compr\u00e9hension\"><\/h4>\n\t\t\t\t<img decoding=\"async\" src=\"\/wp-content\/themes\/monolith2021\/img\/practices\/practices_1_4_pic.png\" alt=\"Compr\u00e9hension\">\n\t\t\t\t<p>Notre avocat fondateur, ayant de l&#8217;exp\u00e9rience dans la gestion d&#8217;entreprise, comprend par exp\u00e9rience les difficult\u00e9s de la direction.<\/p>\n\t\t\t<\/li>\n\t\t<\/ol>\n\t\t<div class=\"btn-area\">\n\t\t\t<div class=\"btn icon-general-corporate\"><a href=\"\/fr\/general-corporate\">Droit des Soci\u00e9t\u00e9s<\/a><\/div>\n\t\t<\/div>\n\t<\/div>\n<\/section>\n<section class=\"purple-section\">\n\t<div class=\"anchor\" id=\"it\"><\/div>\n\t<div class=\"section-inner\">\n\t\t<div class=\"flex mgb-middle\">\n\t\t\t<div class=\"width41\"><img decoding=\"async\" src=\"\/wp-content\/themes\/monolith2021\/img\/pic\/pic_practices-itlaw.jpg\" alt=\"IT\"><\/div>\n\t\t\t<div class=\"width51\">\n\t\t\t\t<div class=\"inline-inner\">\n\t\t\t\t\t<h3>Informatique<\/h3>\n\t\t\t\t\t<p class=\" mgb-middle\">Il est essentiel que les avocats des entreprises d&#8217;Informatique comprennent la technologie et les op\u00e9rations li\u00e9es \u00e0 l&#8217;Informatique et \u00e0 la propri\u00e9t\u00e9 intellectuelle dans les activit\u00e9s quotidiennes de l&#8217;entreprise.\nMONOLITH LAW OFFICE agit en tant que conseiller juridique et directeur juridique pour les entreprises Informatique et g\u00e8re des affaires juridiques li\u00e9es \u00e0 l&#8217;Informatique sp\u00e9cialis\u00e9es et sophistiqu\u00e9es, telles que le d\u00e9veloppement de syst\u00e8mes, la maintenance des conditions d&#8217;utilisation pour les applications et services, la gestion des m\u00e9dias, les op\u00e9rations de marketing, la blockchain, l&#8217;Intelligence Artificielle, la protection des informations personnelles et les affaires juridiques li\u00e9es \u00e0 la PI au Japon. <\/p>\n\t\t\t\t<\/div>\n\t\t\t<\/div>\n\t\t<\/div>\n\t\t<ul class=\"layout-column4 mgb-big\">\n\t\t\t<li>\n\t\t\t\t<div><img decoding=\"async\" src=\"\/wp-content\/themes\/monolith2021\/img\/practices-itlaw\/practices-itlaw_pic1.jpg\"><\/div>\n\t\t\t\t<h4>D\u00e9veloppement de Syst\u00e8me<\/h4>\n\t\t\t\t<p>De la r\u00e9daction, r\u00e9vision et n\u00e9gociation de contrats \u00e0 la r\u00e9solution des litiges lorsque des probl\u00e8mes surviennent.<\/p>\n\t\t\t<\/li>\n\t\t\t<li>\n\t\t\t\t<div><img decoding=\"async\" src=\"\/wp-content\/themes\/monolith2021\/img\/practices-itlaw\/practices-itlaw_pic2.jpg\"><\/div>\n\t\t\t\t<h4>Conditions d&#8217;utilisation<\/h4>\n\t\t\t\t<p>Cr\u00e9ation et modification des conditions g\u00e9n\u00e9rales ainsi que des politiques de confidentialit\u00e9, n\u00e9cessaires pour la publication ou l&#8217;exploitation. <\/p>\n\t\t\t<\/li>\n\t\t\t<li>\n\t\t\t\t<div><img decoding=\"async\" src=\"\/wp-content\/uploads\/2023\/05\/oss.jpg\"><\/div>\n\t\t\t\t<h4>OSS (open Source Software)- Logiciel Open Source<\/h4>\n\t\t\t\t<p>Divers types de soutien bas\u00e9s sur la compr\u00e9hension du logiciel, y compris la conception de licences et les accords de licence.<\/p>\n\t\t\t<\/li>\n\t\t\t<li>\n\t\t\t\t<div><img decoding=\"async\" src=\"\/wp-content\/uploads\/2022\/07\/shutterstock_1151380622_2.png\"><\/div>\n\t\t\t\t<h4>Crypto-actifs<\/h4>\n\t\t\t\t<p>Soutenir les entreprises li\u00e9es \u00e0 la blockchain d&#8217;un point de vue juridique, notamment en ce qui concerne la collecte de fonds, les entreprises de contenu et les NFT.<\/p>\n\t\t\t<\/li>\n\t\t<\/ul>\n\t\t<div class=\"btn-area\">\n\t\t\t<div class=\"btn icon-it\"><a href=\"\/fr\/it\">Informatique<\/a><\/div>\n\t\t<\/div>\n\t<\/div>\n<\/section>\n<section class=\"white-section\">\n\t<div class=\"anchor\" id=\"cross-border\"><\/div>\n\t<div class=\"section-inner\">\n\t\t<div class=\"flex reverse\">\n\t\t\t<div class=\"width41\"><img decoding=\"async\" src=\"\/en\/wp-content\/uploads\/sites\/6\/2023\/06\/global.jpg\" alt=\"Cross Border\"><\/div>\n\t\t\t<div class=\"width51\">\n\t\t\t\t<div class=\"inline-inner\">\n\t\t\t\t\t<h3>Transfrontalier<\/h3>\n\t\t\t\t\t<p class=\"mgb-small\">MONOLITH LAW OFFICE se sp\u00e9cialise dans la fourniture d&#8217;une vaste gamme de services juridiques pour les entreprises \u00e9trang\u00e8res qui entrent sur le march\u00e9 japonais. Avec une expertise en informatique et dans le domaine des start-ups, nos avocats exp\u00e9riment\u00e9s offrent leur soutien en mati\u00e8re d&#8217;accords de licence, de droits de propri\u00e9t\u00e9 intellectuelle, de conformit\u00e9 \u00e0 la protection des donn\u00e9es, de n\u00e9gociation de contrats et de gestion des risques juridiques.<\/p>\n\t\t\t\t\t<p class=\"mgb-small\">Nous nous sp\u00e9cialisons \u00e9galement dans l&#8217;accompagnement des start-ups en ce qui concerne la collecte de fonds, les accords d&#8217;investissement et les introductions en bourse, stimulant leur croissance et leur succ\u00e8s gr\u00e2ce \u00e0 un soutien juridique strat\u00e9gique. Notre \u00e9quipe comprend les caract\u00e9ristiques uniques et les objectifs de chaque entreprise, offrant des conseils et des solutions sur mesure qui combinent une perspective internationale avec des connaissances locales.<\/p>\n\t\t\t\t\t<p class=\"mgb-small\">La r\u00e9solution des probl\u00e8mes juridiques est essentielle pour une expansion r\u00e9ussie au Japon. Contactez-nous pour discuter de la mani\u00e8re dont nous pouvons contribuer \u00e0 la prosp\u00e9rit\u00e9 de votre entreprise sur le march\u00e9 japonais.<\/p>\n\t\t\t\t<\/div>\n\t\t\t<\/div>\n\t\t<\/div>\n\t\t<div class=\"max-width980 mgb-small\"><img decoding=\"async\" src=\"\/wp-content\/uploads\/2023\/05\/global_map.png\" alt=\"Supported Countries\"><\/div>\n\t\t<div class=\"frame2 max-width860 mgb-big txt-center-pc\">\n\t\t\t<p>Services Juridiques Internationaux : Expertise &amp; Port\u00e9e au-del\u00e0 des Fronti\u00e8res. Assistance compl\u00e8te dans le monde entier gr\u00e2ce \u00e0 des cabinets partenaires de confiance. Contactez-nous pour vos besoins juridiques transfrontaliers.<\/p>\n\t\t<\/div>\n\t\t<div class=\"btn-area\">\n\t\t\t<div class=\"btn icon-cross-border\"><a href=\"\/fr\/cross-border\">Transfrontalier<\/a><\/div>\n\t\t<\/div>\n\t<\/div>\n<\/section>\n\n<section class=\"orange-section\">\n\t<div class=\"anchor\" id=\"internet\"><\/div>\n\t<div class=\"section-inner\">\n\t\t<div class=\"flex mgb-middle\">\n\t\t\t<div class=\"width41\"><img decoding=\"async\" src=\"\/en\/wp-content\/uploads\/sites\/6\/2023\/06\/internet.jpg\" alt=\"Internet\"><\/div>\n\t\t\t<div class=\"width51\">\n\t\t\t\t<h3>Internet<\/h3>\n\t\t\t\t<p class=\"mgb-small\">MONOLITH LAW OFFICE, avec sa vaste exp\u00e9rience dans les affaires juridiques li\u00e9es \u00e0 l&#8217;Informatique, est particuli\u00e8rement comp\u00e9tent pour soutenir les entreprises bas\u00e9es sur Internet, y compris les YouTubers et les entreprises impliqu\u00e9es dans des activit\u00e9s li\u00e9es \u00e0 YouTube.<\/p>\n\t\t\t\t<p class=\"mgb-middle\">Nous comprenons les risques inh\u00e9rents \u00e0 l&#8217;Internet, tels que les pages web n\u00e9gatives et les publications sur les tableaux d&#8217;affichage en ligne. Notre cabinet a g\u00e9r\u00e9 avec succ\u00e8s de nombreux cas de gestion de la r\u00e9putation en ligne pour une gamme diversifi\u00e9e de clients, des particuliers aux grandes entreprises. Les pages web n\u00e9gatives posent un d\u00e9fi juridique unique au Japon, et nos avocats qualifi\u00e9s sont \u00e9quip\u00e9s pour fournir des solutions efficaces. Nous sommes dispos\u00e9s de vous consulter, en mettant \u00e0 profit notre expertise et notre exp\u00e9rience dans la r\u00e9solution des probl\u00e8mes li\u00e9s aux pages web n\u00e9gatives.<\/p>\n\t\t\t<\/div>\n\t\t<\/div>\n\t\t<ul class=\"layout-column4 mgb-big\">\n\t\t\t<li>\n\t\t\t\t<div><img decoding=\"async\" src=\"\/wp-content\/themes\/monolith2021\/img\/pic\/pic_practices-youtuberlaw.jpg\" alt=\"YouTuber\"><\/div>\n\t\t\t\t<h4>YouTuber<\/h4>\n\t\t\t\t<p>Expertise en gestion d&#8217;influenceurs. Nous comprenons la loi japonaise et le paysage Internet en constante \u00e9volution. Fait confiance par les principales agences de YouTubers, les entreprises VTuber et les cr\u00e9ateurs. Soutien juridique sp\u00e9cialis\u00e9 pour les contrats et les probl\u00e8mes li\u00e9s aux vid\u00e9os au Japon.<\/p>\n\t\t\t<\/li>\n\t\t\t<li>\n\t\t\t\t<div><img decoding=\"async\" src=\"\/wp-content\/themes\/monolith2021\/img\/pic\/pic_sns_manda.jpg\" alt=\"M&amp;A of SNS\"><\/div>\n\t\t\t\t<h4>Fusion et Acquisition de R\u00e9seaux Sociaux (M&amp;A de SNS)<\/h4>\n\t\t\t\t<p>Expertise en fusion et acquisition de m\u00e9dias sociaux. Notre cabinet d&#8217;avocats comprend la nature unique des transactions de comptes YouTube et Twitter. Forts de solides connaissances en informatique et sur Internet, nous offrons un soutien complet pour les contrats, la v\u00e9rification diligente et les aspects juridiques. Faites-nous confiance pour prot\u00e9ger et maximiser la valeur de vos actifs num\u00e9riques.<\/p>\n\t\t\t<\/li>\n\t\t\t<li>\n\t\t\t\t<div><img decoding=\"async\" src=\"\/wp-content\/themes\/monolith2021\/img\/pic\/pic_practices-reputation.jpg\" alt=\"Negative Web Pages\"><\/div>\n\t\t\t\t<h4>Pages Web N\u00e9gatives<\/h4>\n\t\t\t\t<p>Se d\u00e9fendre contre les attaques en ligne. Sp\u00e9cialis\u00e9s en droit de l&#8217;Internet, nous supprimons les pages web nuisibles qui portent atteinte \u00e0 la r\u00e9putation. Faites-nous confiance, que vous soyez une entreprise ou un particulier, nous offrons des interventions juridiques strat\u00e9giques et des solutions compl\u00e8tes pour prot\u00e9ger votre pr\u00e9sence en ligne et votre r\u00e9putation.<\/p>\n\t\t\t<\/li>\n\t\t\t<li>\n\t\t\t\t<div><img decoding=\"async\" src=\"\/wp-content\/themes\/monolith2021\/img\/pic\/pic_reputation.jpg\" alt=\"Identification of Posters\"><\/div>\n\t\t\t\t<h4>Identification des auteurs des publications<\/h4>\n\t\t\t\t<p>Identification des individus responsables des publications ill\u00e9gales. MONOLITH LAW OFFICE est sp\u00e9cialis\u00e9 en droit de l&#8217;Internet et poss\u00e8de une vaste exp\u00e9rience dans le traitement des cas impliquant des contenus en ligne n\u00e9gatifs. Nous naviguons \u00e0 travers les processus juridiques pour rechercher la justice et prot\u00e9ger les int\u00e9r\u00eats de nos clients.<\/p>\n\t\t\t<\/li>\n\t\t<\/ul>\n\t\t<div class=\"btn-area\">\n\t\t\t<div class=\"btn icon-internet\"><a href=\"\/fr\/internet\">Internet<\/a><\/div>\n\t\t<\/div>\n\t<\/div>\n<\/section>\n","protected":false},"excerpt":{"rendered":"<p>Services Avec le parcours de notre avocat principal en tant qu&#8217;ing\u00e9nieur Informatique et son exp\u00e9rience dans la gestion d&#8217;entreprises Informatique, MONOLITH LAW OFFICE se positionne comme  [&hellip;]<\/p>\n","protected":false},"author":1,"featured_media":57138,"parent":0,"menu_order":4,"comment_status":"closed","ping_status":"closed","template":"practices-page-temp.php","meta":{"footnotes":""},"acf":[],"_links":{"self":[{"href":"https:\/\/monolith.law\/fr\/wp-json\/wp\/v2\/pages\/4213"}],"collection":[{"href":"https:\/\/monolith.law\/fr\/wp-json\/wp\/v2\/pages"}],"about":[{"href":"https:\/\/monolith.law\/fr\/wp-json\/wp\/v2\/types\/page"}],"author":[{"embeddable":true,"href":"https:\/\/monolith.law\/fr\/wp-json\/wp\/v2\/users\/1"}],"replies":[{"embeddable":true,"href":"https:\/\/monolith.law\/fr\/wp-json\/wp\/v2\/comments?post=4213"}],"version-history":[{"count":113,"href":"https:\/\/monolith.law\/fr\/wp-json\/wp\/v2\/pages\/4213\/revisions"}],"predecessor-version":[{"id":59769,"href":"https:\/\/monolith.law\/fr\/wp-json\/wp\/v2\/pages\/4213\/revisions\/59769"}],"wp:featuredmedia":[{"embeddable":true,"href":"https:\/\/monolith.law\/fr\/wp-json\/wp\/v2\/media\/57138"}],"wp:attachment":[{"href":"https:\/\/monolith.law\/fr\/wp-json\/wp\/v2\/media?parent=4213"}],"curies":[{"name":"wp","href":"https:\/\/api.w.org\/{rel}","templated":true}]}}