{"id":4232,"date":"2023-11-11T11:40:45","date_gmt":"2023-11-11T02:40:45","guid":{"rendered":"https:\/\/monolith.law\/?page_id=4232"},"modified":"2023-12-06T19:56:14","modified_gmt":"2023-12-06T10:56:14","slug":"greetings-from-the-managing-attorney","status":"publish","type":"page","link":"https:\/\/monolith.law\/fr\/greetings-from-the-managing-attorney","title":{"rendered":"Salutations de l&#8217;Avocat G\u00e9rant"},"content":{"rendered":"\n<section class=\"heading-area\">\n\t<div class=\"heading-area-inner\">\n\t\t<h2 class=\"icon-greetings-from-the-managing-attorney\">Salutations de l&#8217;Avocat G\u00e9rant<\/h2>\n\t<\/div>\n<\/section>\n\n<section class=\"white-section\">\n\t<div class=\"section-inner section-inner-bottomhalf pdt0 border-bottom-section\">\n\t\t<div class=\"tagline\">\n\t\t\t<div class=\"textArea\">\n\t\t\t\t<p>Exploiter la puissance de l&#8217;Informatique a r\u00e9volutionn\u00e9 l&#8217;histoire humaine,<br class=\"pcOnly\"> comparable \u00e0 l&#8217;impact de la dynamite.<br>L&#8217;Internet, en particulier, a rapidement transform\u00e9 le cours de l&#8217;\u00e9volution,<br class=\"pcOnly\"> propulsant l&#8217;humanit\u00e9 vers l&#8217;avant \u00e0 un rythme sans pr\u00e9c\u00e9dent.<br>Cependant, avec cette immense puissance viennent de grands risques.<\/p>\n\t\t\t\t<p>Au MONOLITH LAW OFFICE, nous croyons fermement qu&#8217;il est de notre responsabilit\u00e9 de garantir <br class=\"pcOnly\">que les Forces de notre \u00e9poque soient exploit\u00e9es non pas comme une menace pour les entreprises, <br class=\"pcOnly\"> mais comme un catalyseur pour leur \u00e9volution r\u00e9volutionnaire.<br>Nous nous effor\u00e7ons d&#8217;\u00eatre une \u00e9quipe innovante et avant-gardiste, offrant des conseils juridiques<br class=\"pcOnly\">et un soutien qui permettent aux entreprises de lib\u00e9rer tout le potentiel de la technologie de l&#8217;information.<\/p>\n\t\t\t\t<p>Notre mission est de naviguer dans le paysage juridique complexe, permettant aux entreprises<br class=\"pcOnly\"> d&#8217;exploiter l&#8217;Informatique \u00e0 son plein potentiel. n saisissant les opportunit\u00e9s pr\u00e9sent\u00e9es <br class=\"pcOnly\"> par l&#8217;\u00e8re num\u00e9rique, nous visons \u00e0 faciliter la croissance transformatrice des entreprises de nos clients.<\/p>\n\t\t\t\t<p class=\"txt-l\">\u00c9volutionner l&#8217;Informatique<\/p>\n\t\t\t\t<p>MONOLITH LAW OFFICE<\/p>\n\t\t\t<\/div>\n\t\t\t<div class=\"logo\"><img decoding=\"async\" src=\"\/wp-content\/themes\/monolith2021\/img\/logo.svg\" alt=\"MONOLITH LAW OFFICE\"><\/div>\n\t\t<\/div>\n\t<\/div>\n<\/section>\n\n<section class=\"second-nav\">\n\t<div class=\"second-nav-inner\">\n\t\t<p>MENU<\/p>\n\t\t<nav>\n\t\t\t<ul>\n\t\t\t\t<li><a href=\"#law-firm-led-by-former-it-engineer-turned-lawyer-with-corporate-management-experience\">Cabinet d&#8217;avocats dirig\u00e9 par un ancien ing\u00e9nieur en Informatique devenu avocat avec une exp\u00e9rience en gestion d&#8217;entreprise.<\/a><\/li>\n\t\t\t\t<li><a href=\"#a-law-firm-emphasizing-it-internet-and-business-expertise\">Un Cabinet d&#8217;Avocats Ax\u00e9 sur l&#8217;Expertise en Informatique, Internet et Affaires<\/a><\/li>\n\t\t\t\t<li><a href=\"#corporate-law-and-it-legal-expertise\">Droit des soci\u00e9t\u00e9s et expertise juridique en IT<\/a><\/li>\n\t\t\t\t<li><a href=\"#a-team-of-lawyers-and-it-consultants\">Une \u00c9quipe d&#8217;Avocats et de Consultants en Informatique<\/a><\/li>\n\t\t\t<\/ul>\n\t\t<\/nav>\n\t<\/div>\n<\/section>\n\n<section class=\"white-section\">\n\t<div class=\"anchor\" id=\"law-firm-led-by-former-it-engineer-turned-lawyer-with-corporate-management-experience\"><\/div>\n\t<div class=\"section-inner\">\n\t\t<div class=\"flex\">\n\t\t\t<div class=\"width41\"><img decoding=\"async\" src=\"\/wp-content\/uploads\/2023\/06\/message_1.jpg\" alt=\"Cabinet d'avocats dirig\u00e9 par un ancien ing\u00e9nieur en Informatique devenu avocat avec une exp\u00e9rience en gestion d'entreprise.\"><\/div>\n\t\t\t<div class=\"width51\">\n\t\t\t\t<h3>Cabinet d&#8217;avocats dirig\u00e9 par un ancien ing\u00e9nieur en Informatique devenu avocat avec une exp\u00e9rience en gestion d&#8217;entreprise.<\/h3>\n\t\t\t\t<p class=\"font-h3 txt-right mgb-middle\">Avocat Directeur : Toki Kawase<\/p>\n\t\t\t\t<p class=\"mgb-small\">Depuis mon plus jeune \u00e2ge, j&#8217;ai toujours \u00e9t\u00e9 passionn\u00e9 par les ordinateurs et la technologie, ce qui m&#8217;a valu le titre de \u00ab geek d&#8217;ordinateur \u00bb. Tout au long de mon adolescence et au d\u00e9but de ma vie adulte, je me suis immerg\u00e9 dans le monde de l&#8217;Informatique, dirigeant ma propre entreprise et acqu\u00e9rant une exp\u00e9rience pr\u00e9cieuse.<\/p>\n\t\t\t\t<p class=\"mgb-small\">Mon parcours a commenc\u00e9 \u00e0 l&#8217;\u00e9cole \u00e9l\u00e9mentaire o\u00f9 j&#8217;ai commenc\u00e9 \u00e0 programmer sur mon premier PC, un \u00ab MSX 2+ \u00bb. Au coll\u00e8ge, j&#8217;ai m\u00eame rejoint l&#8217;\u00e9quipe d&#8217;ordinateur de l&#8217;\u00e9cole, renfor\u00e7ant ma passion pour la programmation. Pendant mes \u00e9tudes universitaires, j&#8217;ai eu l&#8217;opportunit\u00e9 de cr\u00e9er un site web pour une entreprise, ce qui est devenu un tournant dans ma carri\u00e8re. La flexibilit\u00e9 et les r\u00e9compenses financi\u00e8res de cette aventure m&#8217;ont pouss\u00e9 \u00e0 explorer diverses entreprises li\u00e9es \u00e0 l&#8217;Informatique telles que le d\u00e9veloppement web, la cr\u00e9ation de services web et l&#8217;optimisation SEO.<\/p>\n\t\t\t\t<p class=\"mgb-small\">Pendant cette p\u00e9riode, les startups dirig\u00e9es par de jeunes professionnels dans le domaine de l&#8217;Informatique prenaient de l&#8217;ampleur, et je me suis retrouv\u00e9 pleinement immerg\u00e9 dans le monde dynamique et en rapide \u00e9volution de l&#8217;entrepreneuriat. Travaillant sans rel\u00e2che, j&#8217;ai embrass\u00e9 des projets nationaux et transfrontaliers, collaborant avec des partenaires internationaux et m&#8217;adaptant constamment au paysage changeant.<\/p>\n\t\t\t\t<p class=\"mgb-small\">Cependant, \u00e0 la fin de la vingtaine, j&#8217;ai pris une d\u00e9cision qui a chang\u00e9 ma vie. J&#8217;ai pass\u00e9 le flambeau de mon entreprise Informatique \u00e0 d&#8217;autres et j&#8217;ai emprunt\u00e9 un nouveau chemin. Je me suis inscrit en droit dans le but de combiner mon expertise technique avec des connaissances juridiques. Aujourd&#8217;hui, en tant qu&#8217;avocat et ancien ing\u00e9nieur en Informatique avec une exp\u00e9rience en gestion d&#8217;entreprise, je dirige un cabinet d&#8217;avocats qui comprend les subtilit\u00e9s de l&#8217;industrie de l&#8217;Informatique et offre des services juridiques complets.<\/p>\n\t\t\t\t<p>Au sein de notre cabinet, nous exploitons notre combinaison unique de connaissances en Informatique et d&#8217;expertise juridique pour fournir des conseils et un soutien efficaces \u00e0 nos clients. Nous comprenons les d\u00e9fis et les opportunit\u00e9s qui se pr\u00e9sentent \u00e0 l&#8217;\u00e8re num\u00e9rique, et nous sommes d\u00e9di\u00e9s \u00e0 aider les entreprises \u00e0 naviguer dans le paysage juridique et \u00e0 atteindre leurs objectifs.<\/p>\n\t\t\t<\/div>\n\t\t<\/div>\n\t<\/div>\n<\/section>\n\n<section class=\"purple-section\">\n\t<div class=\"anchor\" id=\"a-law-firm-emphasizing-it-internet-and-business-expertise\"><\/div>\n\t<div class=\"section-inner\">\n\t\t<div class=\"flex reverse\">\n\t\t\t<div class=\"width41\"><img decoding=\"async\" src=\"\/wp-content\/uploads\/2023\/06\/message_2.jpg\" alt=\"A Law Firm Emphasizing IT, Internet, and Business Expertise\"><\/div>\n\t\t\t<div class=\"width51\">\n\t\t\t\t<h3>Un Cabinet d&#8217;Avocats Ax\u00e9 sur l&#8217;Expertise en Informatique, Internet et Affaires<\/h3>\n\t\t\t\t<p class=\"mgb-small\">Beaucoup per\u00e7oivent ma transition de propri\u00e9taire d&#8217;une entreprise Informatique \u00e0 avocat comme un revirement complet \u00e0 180 degr\u00e9s. Cependant, je crois que ce changement n&#8217;\u00e9tait pas aussi radical qu&#8217;il pourrait y para\u00eetre.<\/p>\n\t\t\t\t<p class=\"mgb-small\">En repensant \u00e0 mon pass\u00e9, je r\u00e9alise qu&#8217;en tant qu&#8217;ing\u00e9nieur Informatique orient\u00e9 vers la science, j&#8217;avais une inclinaison naturelle pour la r\u00e9flexion li\u00e9e aux sciences humaines. J&#8217;\u00e9tais intrigu\u00e9 par le monde des affaires, ce qui m&#8217;a pouss\u00e9 \u00e0 m&#8217;aventurer dans l&#8217;entrepreneuriat plut\u00f4t que de poursuivre une carri\u00e8re conventionnelle en tant qu&#8217;ing\u00e9nieur Informatique.<\/p>\n\t\t\t\t<p class=\"mgb-small\">Aujourd&#8217;hui, en tant qu&#8217;avocat, je suis quelqu&#8217;un qui excelle dans la pens\u00e9e scientifique au sein d&#8217;un domaine traditionnellement associ\u00e9 aux sciences humaines. Cette exp\u00e9rience me positionne comme l&#8217;avocat principal d&#8217;un cabinet d&#8217;avocats qui met l&#8217;accent sur les questions li\u00e9es \u00e0 l&#8217;Informatique, \u00e0 l&#8217;Internet et aux affaires.<\/p>\n\t\t\t\t<p class=\"mgb-big\">Bien que ma carri\u00e8re puisse diff\u00e9rer de celle d&#8217;un ing\u00e9nieur Informatique typique, je per\u00e7ois ma transition d&#8217;ing\u00e9nieur Informatique \u00e0 avocat comme un changement graduel, peut-\u00eatre de quelques degr\u00e9s seulement plut\u00f4t que comme un revirement complet. En r\u00e9alit\u00e9, je le per\u00e7ois comme une progression naturelle qui me permet d&#8217;utiliser ma combinaison unique de comp\u00e9tences et de connaissances pour mieux servir nos clients dans les secteurs de l&#8217;Informatique, de l&#8217;Internet et des affaires.<\/p>\n\t\t\t\t<div class=\"btn-area align-left\">\n\t\t\t\t\t<div class=\"btn icon-services\"><a href=\"\/fr\/services\">Services<\/a><\/div>\n\t\t\t\t<\/div>\n\t\t\t<\/div>\n\t\t<\/div>\n\t<\/div>\n<\/section>\n\n<section class=\"white-section\">\n\t<div class=\"anchor\" id=\"corporate-law-and-it-legal-expertise\"><\/div>\n\t<div class=\"section-inner\">\n\t\t<div class=\"flex\">\n\t\t\t<div class=\"width41\"><img decoding=\"async\" src=\"\/wp-content\/uploads\/2023\/06\/message_3.jpg\" alt=\"Corporate Law and IT Legal Expertise\"><\/div>\n\t\t\t<div class=\"width51\">\n\t\t\t\t<h3>Droit des soci\u00e9t\u00e9s et expertise juridique en IT<\/h3>\n\t\t\t\t<p class=\"mgb-small\">Au CABINET MONOLITH, j&#8217;assume un double r\u00f4le. Tout d&#8217;abord, j&#8217;apporte un soutien juridique en droit des soci\u00e9t\u00e9s aux entreprises IT et aux startups en tant que consultant. Comprendre les subtilit\u00e9s de l&#8217;industrie IT et les d\u00e9fis uniques rencontr\u00e9s par les startups est essentiel pour offrir des services juridiques efficaces adapt\u00e9s \u00e0 leurs besoins. Fort de ma propre exp\u00e9rience et expertise dans les domaines IT et startup, je suis parfaitement \u00e9quip\u00e9 pour fournir une assistance juridique exceptionnelle \u00e0 ces clients.<\/p>\n\t\t\t\t<p class=\"mgb-small\">Deuxi\u00e8mement, je travaille au sein d&#8217;une \u00e9quipe de sp\u00e9cialistes en IT et en droit, proposant des services de conseil aux entreprises de divers secteurs qui n\u00e9cessitent des conseils sur des questions juridiques li\u00e9es \u00e0 l&#8217;IT. Notre \u00e9quipe exploite notre connaissance collective de l&#8217;IT et du droit pour \u00e9laborer et fournir des solutions optimales r\u00e9pondant aux besoins sp\u00e9cifiques de chaque client.<\/p>\n\t\t\t\t<p class=\"mgb-small\">Bien que les services juridiques traditionnels se concentrent souvent sur la fourniture de produits sp\u00e9cifiques, comme le d\u00e9p\u00f4t de plaintes sur demande, je reconnais l&#8217;importance de veiller \u00e0 ce que les solutions propos\u00e9es r\u00e9pondent r\u00e9ellement aux besoins du client. Pouvons-nous nous fier uniquement au client pour concevoir une solution qui r\u00e9pond efficacement \u00e0 ses d\u00e9fis uniques ? Ce sont des consid\u00e9rations essentielles que je prends en compte.<\/p>\n\t\t\t\t<p class=\"mgb-small\">Par exemple, consid\u00e9rons le soutien aux IPOs au Japon. Pour garantir la conformit\u00e9, les entreprises doivent examiner minutieusement toutes les modifications potentielles des lois et r\u00e9glementations japonaises qui pourraient affecter leurs op\u00e9rations et prendre les mesures appropri\u00e9es. Cependant, suivre les nombreuses modifications, y compris les mineures, peut s&#8217;av\u00e9rer difficile pour les avocats dans leur travail quotidien.<\/p>\n\t\t\t\t<p>En tant qu&#8217;expert en IT et en droit, je m&#8217;efforce de fournir des &#8220;solutions&#8221; qui combinent la puissance de l&#8217;IT et du droit pour aborder efficacement ces probl\u00e8mes complexes.<\/p>\n\t\t\t<\/div>\n\t\t<\/div>\n\t<\/div>\n<\/section>\n\n<section class=\"orange-section\">\n\t<div class=\"anchor\" id=\"a-team-of-lawyers-and-it-consultants\"><\/div>\n\t<div class=\"section-inner\">\n\t\t<div class=\"flex reverse\">\n\t\t\t<div class=\"width41\"><img decoding=\"async\" src=\"\/wp-content\/uploads\/2023\/06\/message_4.jpg\" alt=\"A Team of Lawyers and IT Consultants\"><\/div>\n\t\t\t<div class=\"width51\">\n\t\t\t\t<h3>Une \u00c9quipe d&#8217;Avocats et de Consultants en Informatique<\/h3>\n\t\t\t\t<p class=\"mgb-small\">En plus de l&#8217;exemple du soutien aux introductions en bourse, il existe de nombreuses situations o\u00f9 la combinaison de l&#8217;informatique et du droit est essentielle pour r\u00e9pondre aux besoins des clients. Face \u00e0 des sc\u00e9narios probl\u00e9matiques complexes, une \u00e9quipe doit poss\u00e9der les comp\u00e9tences et capacit\u00e9s n\u00e9cessaires pour prendre des d\u00e9cisions \u00e9clair\u00e9es et mettre en \u0153uvre des mesures efficaces parmi un vaste \u00e9ventail d&#8217;options. Si les avocats sont des professionnels du droit et des sp\u00e9cialistes des affaires juridiques, la construction d&#8217;une &#8220;solution&#8221; compl\u00e8te n\u00e9cessite bien plus qu&#8217;une simple expertise juridique.<\/p>\n\t\t\t\t<p class=\"mgb-small\">C&#8217;est pourquoi notre \u00e9quipe comprend non seulement des avocats, mais aussi d&#8217;autres membres du personnel, tels que des consultants en Informatique. Gr\u00e2ce \u00e0 leur capacit\u00e9 \u00e0 effectuer des recherches sur Internet, \u00e0 expliquer les propositions de solutions et \u00e0 offrir des perspectives qui d\u00e9passent la connaissance juridique traditionnelle, nous pouvons proposer des solutions compl\u00e8tes et efficaces. Lorsqu&#8217;il s&#8217;agit de traiter des questions juridiques transfrontali\u00e8res, la collaboration avec des \u00e9quipes au-del\u00e0 des avocats est cruciale. Nos membres, dot\u00e9s d&#8217;une ma\u00eetrise des langues \u00e9trang\u00e8res et d&#8217;une profonde compr\u00e9hension des environnements commerciaux \u00e9trangers, nous permettent de naviguer dans les domaines de pointe du secteur Informatique transfrontalier.<\/p>\n\t\t\t\t<p class=\"mgb-small\">Concernant le recrutement, il est important de noter que beaucoup de nos avocats rejoignent le cabinet sans expertise approfondie en Informatique. Nous favorisons un environnement collaboratif o\u00f9 les avocats, forts de diverses exp\u00e9riences en mati\u00e8re juridique li\u00e9e \u00e0 l&#8217;Informatique, travaillent ensemble en \u00e9quipe. Les responsabilit\u00e9s des membres de l&#8217;\u00e9quipe non avocats sont souvent d\u00e9termin\u00e9es en fonction de leurs comp\u00e9tences et caract\u00e9ristiques apr\u00e8s leur int\u00e9gration au cabinet et leur collaboration avec diverses entreprises. Nous accueillons volontiers les candidatures d&#8217;avocats qui n&#8217;ont peut-\u00eatre pas de connaissances sp\u00e9cialis\u00e9es en Informatique ou qui h\u00e9sitent \u00e0 \u00eatre \u00e9tiquet\u00e9s comme &#8220;sp\u00e9cialistes&#8221;.<\/p>\n\t\t\t\t<p class=\"mgb-big\">Au sein de notre cabinet, nous valorisons l&#8217;expertise collective et les contributions de chaque membre de l&#8217;\u00e9quipe, cr\u00e9ant ainsi un environnement dynamique et innovant qui combine comp\u00e9tence juridique et perspicacit\u00e9 en Informatique.<\/p>\n\t\t\t\t<div class=\"btn-area align-left\">\n\t\t\t\t\t<div class=\"btn icon-job-openings\"><a href=\"\/en\/job-openings\/\">Offres d&#8217;emploi<\/a><\/div>\n\t\t\t\t<\/div>\n\t\t\t<\/div>\n\t\t<\/div>\n\t<\/div>\n<\/section>\n","protected":false},"excerpt":{"rendered":"<p>Salutations de l&#8217;Avocat G\u00e9rant Exploiter la puissance de l&#8217;Informatique a r\u00e9volutionn\u00e9 l&#8217;histoire humaine, comparable \u00e0 l&#8217;impact de la dynamite.L&#8217;Internet, en particulier [&hellip;]<\/p>\n","protected":false},"author":1,"featured_media":57134,"parent":0,"menu_order":8,"comment_status":"closed","ping_status":"closed","template":"other-page-temp.php","meta":{"footnotes":""},"acf":[],"_links":{"self":[{"href":"https:\/\/monolith.law\/fr\/wp-json\/wp\/v2\/pages\/4232"}],"collection":[{"href":"https:\/\/monolith.law\/fr\/wp-json\/wp\/v2\/pages"}],"about":[{"href":"https:\/\/monolith.law\/fr\/wp-json\/wp\/v2\/types\/page"}],"author":[{"embeddable":true,"href":"https:\/\/monolith.law\/fr\/wp-json\/wp\/v2\/users\/1"}],"replies":[{"embeddable":true,"href":"https:\/\/monolith.law\/fr\/wp-json\/wp\/v2\/comments?post=4232"}],"version-history":[{"count":39,"href":"https:\/\/monolith.law\/fr\/wp-json\/wp\/v2\/pages\/4232\/revisions"}],"predecessor-version":[{"id":59804,"href":"https:\/\/monolith.law\/fr\/wp-json\/wp\/v2\/pages\/4232\/revisions\/59804"}],"wp:featuredmedia":[{"embeddable":true,"href":"https:\/\/monolith.law\/fr\/wp-json\/wp\/v2\/media\/57134"}],"wp:attachment":[{"href":"https:\/\/monolith.law\/fr\/wp-json\/wp\/v2\/media?parent=4232"}],"curies":[{"name":"wp","href":"https:\/\/api.w.org\/{rel}","templated":true}]}}