{"id":47528,"date":"2023-11-06T11:10:34","date_gmt":"2023-11-06T02:10:34","guid":{"rendered":"https:\/\/monolith.law\/?page_id=47528"},"modified":"2024-03-08T20:01:00","modified_gmt":"2024-03-08T11:01:00","slug":"crypto-asset-and-blockchain","status":"publish","type":"page","link":"https:\/\/monolith.law\/fr\/crypto-asset-and-blockchain","title":{"rendered":"Crypto Assets et Blockchains"},"content":{"rendered":"\n<section class=\"heading-area\">\n\t<div class=\"heading-area-inner\">\n\t\t<h2 class=\"icon-crypto-asset-and-blockchain\">Crypto Assets et Blockchains<\/h2>\n\t\t<p>Crypto-actifs et blockchains sont des bases de donn\u00e9es d\u00e9centralis\u00e9es cr\u00e9\u00e9es par divers syst\u00e8mes informatiques, y compris des algorithmes de consensus, la cryptographie et des r\u00e9seaux P2P, qui sont difficiles \u00e0 modifier avec un faible risque de perte de donn\u00e9es. En tant que cabinet d&#8217;avocats sp\u00e9cialis\u00e9 dans le domaine de l&#8217;informatique, nous soutenons les entreprises impliqu\u00e9es dans les crypto-actifs, les NFT et les blockchains.<\/p>\n\t<\/div>\n<\/section>\n<section class=\"white-section\">\n\t<div class=\"section-inner pdt0 border-bottom-section\">\n\t<p class=\"mgb-small\">Les crypto-actifs, les NFT et les blockchains \u00e9voluent rapidement en raison de l&#8217;innovation technique en cours et de leur potentiel dans de nombreux domaines, de la collecte de fonds \u00e0 la gestion de l&#8217;art num\u00e9rique. En tant que tel, il s&#8217;agit \u00e9galement d&#8217;un domaine complexe \u00e0 r\u00e9glementer par la loi.<\/p>\n\t<p class=\"mgb-small\">\nMONOLITH LAW OFFICE est un cabinet d&#8217;avocats sp\u00e9cialis\u00e9 dans le droit des crypto et des blockchains depuis sa cr\u00e9ation en 2017. Nous sommes familiers avec les r\u00e9glementations l\u00e9gales des entreprises \u00e9trang\u00e8res, leurs initiatives au Japon, les orientations commerciales appropri\u00e9es pour la mise en \u0153uvre, et la pr\u00e9paration de documents et de contrats pour les op\u00e9rations commerciales li\u00e9es \u00e0 l&#8217;informatique. Un tel travail n\u00e9cessite des connaissances et de l&#8217;exp\u00e9rience dans les domaines de l&#8217;informatique internationale, des affaires, de la l\u00e9gislation financi\u00e8re et d&#8217;autres questions juridiques.<\/p>\n\t<p>Nous fournissons un soutien sophistiqu\u00e9 aux entreprises qui utilisent des blockchains, y compris les crypto-actifs et les NFT, gr\u00e2ce \u00e0 une collaboration complexe entre avocats et consultants en informatique.<\/p>\n\t<\/div>\n<\/section>\n<section class=\"second-nav\">\n\t<div class=\"second-nav-inner\">\n\t\t<p>MENU<\/p>\n\t\t<nav>\n\t\t\t<ul>\n\t\t\t\t<li><a href=\"#highly-specialized-teams-and-global-network\">\u00c9quipes Hautement Sp\u00e9cialis\u00e9es et R\u00e9seau Mondial<\/a><\/li>\n\t\t\t\t<li><a href=\"#examples-of-the-firm\\'s-support-achievements\">Exemples des r\u00e9alisations de soutien du cabinet<\/a><\/li>\n\t\t\t\t<li><a href=\"#advanced-technology-and-financial-legislation\">Technologies Avanc\u00e9es et L\u00e9gislation Financi\u00e8re<\/a><\/li>\n\t\t\t\t<li><a href=\"#providing-one-stop-solutions\">Fournir des Solutions Compl\u00e8tes<\/a><\/li>\n\t\t\t\t<li><a href=\"#legal-support-for-nft-related-businesses\">Soutien juridique pour les entreprises li\u00e9es aux NFT<\/a><\/li>\n\t\t\t\t<li><a href=\"#crypto-asset-businesses-and-custody-services\">Entreprises de crypto-actifs et services de garde<\/a><\/li>\n\t\t\t\t<li><a href=\"#other-crypto-assets-related-businesses\">Autres entreprises li\u00e9es aux crypto-actifs et \u00e0 la blockchain<\/a><\/li>\n\t\t\t\t<li><a href=\"#system-development\">D\u00e9veloppement de Syst\u00e8mes <\/a><\/li>\n\t\t\t\t<li><a href=\"#terms-of-use-maintenance-for-applications-etc\">Services de Documentation<\/a><\/li>\n\t\t\t\t<li><a href=\"#monolith-law-magazine\">MONOLITH LAW MAGAZINE<\/a><\/li>\n\t\t\t\t<li><a href=\"#fee-structure\">Structure tarifaire<\/a><\/li>\n\t\t\t<\/ul>\n\t\t<\/nav>\n\t<\/div>\n<\/section>\n<section class=\"white-section\">\n\t<div class=\"anchor\" id=\"highly-specialized-teams-and-global-network\"><\/div>\n\t<div class=\"section-inner pdb0\">\n\t\t<h3>\u00c9quipes Hautement Sp\u00e9cialis\u00e9es et R\u00e9seau Mondial<\/h3>\n\t\t<div class=\"max-width980 mgb-small\"><img decoding=\"async\" src=\"\/wp-content\/uploads\/2023\/05\/web3team.jpg\" alt=\"Attorneys\"><\/div>\n\t\t<div class=\"frame2 max-width860 txt-center-pc\">\n\t\t\t<p class=\"bold txt-l mgb-small\">\u00c0 mesure que le paysage commercial entourant les blockchains et les crypto-actifs \u00e9volue rapidement, les cabinets d&#8217;avocats et les avocats sp\u00e9cialis\u00e9s dans ce domaine deviennent n\u00e9cessaires.<\/p>\n\t\t\t<p> Au cabinet d&#8217;avocats MONOLITH LAW OFFICE, nous avons mis en place une \u00e9quipe d\u00e9vou\u00e9e de juristes ayant une connaissance approfondie des technologies de l&#8217;information, d&#8217;avocats qualifi\u00e9s au niveau international et d&#8217;ing\u00e9nieurs en informatique exp\u00e9riment\u00e9s. Gr\u00e2ce \u00e0 notre solide r\u00e9seau international, nous favorisons la connaissance, ce qui nous permet de rester \u00e0 la pointe de ce domaine dynamique.<\/p>\n\t\t<\/div>\n\t<\/div>\n<\/section>\n<section class=\"white-section\">\n\t<div class=\"anchor\" id=\"examples-of-the-firm's-support-achievements\"><\/div>\n\t<div class=\"section-inner\">\n\t\t<h3>Exemples des r\u00e9alisations de soutien du cabinet<\/h3>\n\t\t<ul class=\"layout-column4\">\n\t\t\t<li>\n\t\t\t\t<div><img decoding=\"async\" src=\"\/wp-content\/uploads\/2022\/07\/shutterstock_1009471096.png\"><\/div>\n\t\t\t\t<h4>Lev\u00e9 de fonds (ICO, STO, IEO)<\/h4>\n\t\t\t\t<p>Aujourd&#8217;hui, les ICO, STO et IEO, qui utilisent les crypto-actifs comme moyen de collecte de fonds, gagnent en popularit\u00e9. Ils sont consid\u00e9r\u00e9s comme un moyen plus flexible de lever des fonds que les introductions en bourse (IPO), etc., tout en offrant une protection aux investisseurs conform\u00e9ment \u00e0 la r\u00e9glementation de la Loi sur les instruments financiers et les \u00e9changes et de la Loi sur les services de paiement. MONOLITH LAW OFFICE soutient la l\u00e9galit\u00e9 de l&#8217;activit\u00e9 en fournissant une assistance et en pr\u00e9parant des rapports.<\/p>\n\t\t\t<\/li>\n\t\t\t<li>\n\t\t\t\t<div><img decoding=\"async\" src=\"\/wp-content\/uploads\/2022\/07\/shutterstock_758063575-1.png\"><\/div>\n\t\t\t\t<h4>Minage\/Participation au r\u00e9seau<\/h4>\n\t\t\t\t<p>Nous effectuons des recherches sur la l\u00e9galit\u00e9 du minage et de la participation au r\u00e9seau (staking) dans les blockchains, ainsi que la r\u00e9daction de contrats et d&#8217;autres documents pertinents. Dans certains cas, participer \u00e0 des activit\u00e9s de minage et de staking dans les blockchains peut n\u00e9cessiter une inscription en tant qu&#8217;entreprise d&#8217;\u00e9change de crypto-actifs. Notre expertise r\u00e9side dans la compr\u00e9hension des exigences l\u00e9gales et l&#8217;assistance aux clients pour se conformer aux r\u00e9glementations n\u00e9cessaires. <\/p>\n\t\t\t<\/li>\n\t\t\t<li>\n\t\t\t\t<div><img decoding=\"async\" src=\"\/wp-content\/uploads\/2022\/07\/shutterstock_1096851425.png\"><\/div>\n\t\t\t\t<h4>Les \u00c9changes de Crypto-actifs et Leur Fonctionnement<\/h4>\n\t\t\t\t<p>En vertu de la loi r\u00e9vis\u00e9e sur le r\u00e8glement des fonds, l&#8217;inscription en tant qu&#8217;entreprise d&#8217;\u00e9change de crypto-actifs est d\u00e9sormais n\u00e9cessaire pour acheter, vendre, \u00e9changer et agir en tant qu&#8217;interm\u00e9diaire ou agent pour des crypto-actifs. En \u00e9laborant un mod\u00e8le \u00e9conomique unique, il est possible d&#8217;\u00e9viter une telle inscription dans le cadre de la loi. Nous pouvons \u00e9galement aider nos clients en mati\u00e8re d&#8217;inscription en tant qu&#8217;\u00e9change de crypto-actifs et de soutien continu pour les entreprises op\u00e9rant des bourses de monnaie virtuelle.<\/p>\n\t\t\t<li>\n\t\t\t\t<div><img decoding=\"async\" src=\"\/wp-content\/uploads\/2022\/07\/shutterstock_2118688160.png\"><\/div>\n\t\t\t\t<h4>Contenu Commercial \/ NFT<\/h4>\n\t\t\t\t<p>Les jetons non fongibles (NFT) sont repr\u00e9sent\u00e9s par de l&#8217;art num\u00e9rique, des objets de jeu bas\u00e9s sur la blockchain, etc. En fonction du syst\u00e8me, leur statut juridique peut diff\u00e9rer des actifs cryptographiques aux moyens de paiement pr\u00e9pay\u00e9s en passant par les droits de transfert enregistr\u00e9s \u00e9lectroniquement (valeurs mobili\u00e8res), etc., mais ils restent soumis \u00e0 des r\u00e8gles complexes et strictes. Nous examinons la l\u00e9galit\u00e9 des activit\u00e9s de nos clients et les soutenons du point de vue juridique.<\/p>\n\t\t\t<\/li>\n\t\t<\/ul>\n\t<\/div>\n<\/section>\n<section class=\"white-section\">\n\t<div class=\"anchor\" id=\"advanced-technology-and-financial-legislation\"><\/div>\n\t<div class=\"section-inner\">\n\t\t<div class=\"flex reverse\">\n\t\t\t<div class=\"width41\"><img decoding=\"async\" src=\"\/wp-content\/uploads\/2022\/07\/shutterstock_1144405721.png\" alt=\"Advanced Technology and Financial Legislation\"><\/div>\n\t\t\t<div class=\"width51\">\n\t\t\t\t<h3>Technologies Avanc\u00e9es et L\u00e9gislation Financi\u00e8re<\/h3>\n\t\t\t\t<p class=\"mgb-small\">Le domaine des blockchains est un domaine dans lequel les entreprises qui les utilisent \u00e9voluent rapidement, en particulier \u00e0 l&#8217;\u00e9tranger. Les entreprises impliqu\u00e9es dans ce domaine doivent examiner la possibilit\u00e9 de mettre en place un tel syst\u00e8me au Japon en se basant sur les derni\u00e8res r\u00e9glementations \u00e9trang\u00e8res.<\/p>\n\t\t\t\t<p class=\"mgb-small\">Nous commen\u00e7ons par lire les documents divulgu\u00e9s par de telles entreprises \u00e9trang\u00e8res en nous appuyant sur nos connaissances en informatique des derni\u00e8res technologies. Ensuite, nous examinons la l\u00e9galit\u00e9 du syst\u00e8me au Japon \u00e0 la lumi\u00e8re du syst\u00e8me juridique national, y compris la l\u00e9gislation financi\u00e8re et les avis administratifs. Nous fournissons ensuite des conseils sur la mani\u00e8re de mettre en place l\u00e9galement le syst\u00e8me au Japon, en nous basant sur nos jugements commerciaux.<\/p>\n\t\t\t\t<p>La blockchain, y compris les crypto-actifs et les NFT, est un domaine complexe qui n\u00e9cessite des cabinets d&#8217;avocats et des avocats ayant une grande expertise \u00e0 la fois en informatique et en droit.\n<\/p>\n\t\t\t<\/div>\n\t\t<\/div>\n\t<\/div>\n<\/section>\n<section class=\"purple-section\">\n\t<div class=\"anchor\" id=\"providing-one-stop-solutions\"><\/div>\n\t<div class=\"section-inner\">\n\t\t<div class=\"flex reverse\">\n\t\t\t<div class=\"width51\">\n\t\t\t\t<h3>Fournir des Solutions Compl\u00e8tes<\/h3>\n\t\t\t\t<p class=\"mgb-small\">Notre cabinet se compose de 17 avocats et 85 membres du personnel, dont des consultants en informatique, sous la supervision du fondateur, qui est un ancien ing\u00e9nieur en informatique et propri\u00e9taire d&#8217;une soci\u00e9t\u00e9 informatique.<\/p>\n\t\t\t\t<p>La traduction et la compr\u00e9hension technique des documents publi\u00e9s par les propri\u00e9taires d&#8217;entreprises \u00e9trang\u00e8res, ainsi que des documents techniques et du code cr\u00e9\u00e9s en interne, sont effectu\u00e9es par l&#8217;avocat repr\u00e9sentant et le d\u00e9partement de conseil en informatique. La recherche juridique, la r\u00e9daction de contrats, la pr\u00e9paration de documents et d&#8217;autres services juridiques sont assur\u00e9s par l&#8217;avocat repr\u00e9sentant et l&#8217;avocat. Ainsi, nous pouvons fournir un service complet pour une s\u00e9rie d&#8217;affaires qui n\u00e9cessitent un haut niveau d&#8217;expertise \u00e0 la fois en informatique et en droit.<\/p>\n\t\t\t<\/div>\n\t\t\t<div class=\"width41\"><img decoding=\"async\" src=\"\/wp-content\/themes\/monolith_en\/img\/operationofofmedia\/operationofofmedia_pic5.svg\" alt=\"Providing One-Stop Solutions\"><\/div>\n\t\t<\/div>\n\t<\/div>\n<\/section>\n<section class=\"white-section mgt-section\">\n\t<div class=\"anchor\" id=\"legal-support-for-nft-related-businesses\"><\/div>\n\t<div class=\"section-inner-black\">\n\t\t<h3>Soutien juridique pour les entreprises li\u00e9es aux NFT\n<\/h3>\n\t\t\t\t<p class=\"mgb-small\">Les jetons non fongibles (NFT), principalement construits sur la blockchain Ethereum, sont mis en pratique pour cr\u00e9er des produits uniques, notamment de l&#8217;art num\u00e9rique, des articles de jeux de la blockchain et des cartes \u00e0 collectionner, ainsi que pour repr\u00e9senter la preuve de la propri\u00e9t\u00e9 de biens r\u00e9els, tels que des biens immobiliers, et des adh\u00e9sions dans le monde r\u00e9el. <\/p>\n\t\t\t\t<p class=\"mgb-middle\">Les NFT, en fonction de leur conception et de leur sch\u00e9ma commercial, peuvent entrer dans la cat\u00e9gorie des actifs cryptographiques, des moyens de paiement pr\u00e9pay\u00e9s, des droits de transfert d&#8217;enregistrements \u00e9lectroniques, etc. Nous soutenons les entreprises li\u00e9es aux NFT gr\u00e2ce \u00e0 notre haut niveau d&#8217;expertise.<\/p>\n\t<\/div>\n<\/section>\n<section class=\"white-section\">\n\t<div class=\"anchor\" id=\"crypto-asset-businesses-and-custody-services\"><\/div>\n\t<div class=\"section-inner\">\n\t\t<div class=\"flex reverse\">\n\t\t\t<div class=\"width41\"><img decoding=\"async\" src=\"\/wp-content\/uploads\/2022\/07\/shutterstock_1151380622_2.png\" alt=\"Crypto Asset Businesses and Custody Services\"><\/div>\n\t\t\t<div class=\"width51\">\n\t\t\t\t<h3>Entreprises de crypto-actifs et services de garde<\/h3>\n\t\t\t\t<p class=\"mgb-small\">Selon la loi r\u00e9vis\u00e9e sur les r\u00e8glements mon\u00e9taires de 2020, la &#8220;gestion de crypto-actifs pour le compte d&#8217;autrui (c&#8217;est-\u00e0-dire, les services de garde)&#8221; est d\u00e9sormais incluse dans l&#8217;activit\u00e9 d&#8217;\u00e9change de crypto-actifs, ce qui n\u00e9cessite l&#8217;enregistrement en tant que fournisseur de services de crypto-actifs et est donc soumise \u00e0 diverses r\u00e9glementations afin de mettre en place un syst\u00e8me incluant la gestion de crypto-actifs. Cependant, ces r\u00e9glementations sont tr\u00e8s contraignantes pour ceux qui ne sont pas des services d&#8217;\u00e9change de monnaie virtuelle proprement dits, mais qui fournissent uniquement des services de garde.<\/p>\n\t\t\t\t<p>Ces services devront d\u00e9cider s&#8217;ils doivent s&#8217;enregistrer et exercer leur activit\u00e9 en tant qu&#8217;\u00e9changeurs de crypto-actifs ou s&#8217;ils doivent g\u00e9rer des crypto-actifs tout en \u00e9vitant l&#8217;enregistrement.<\/p>\n\t\t\t<\/div>\n\t\t<\/div>\n\t<\/div>\n<\/section>\n<section class=\"white-section mgb-section\">\n\t<div class=\"anchor\" id=\"other-crypto-assets-related-businesses\"><\/div>\n\t<div class=\"section-inner-black\">\n\t\t<h3>Autres entreprises li\u00e9es aux crypto-actifs et \u00e0 la blockchain<\/h3>\n\t\t<p class=\"mgb-small\">Les crypto-actifs et les blockchains sont des domaines technologiques et commerciaux en constante \u00e9volution. Cela inclut la r\u00e9glementation des stablecoins, r\u00e9glement\u00e9e en vertu de la loi r\u00e9vis\u00e9e sur le r\u00e8glement des fonds de 2022, ainsi que les IEO, une m\u00e9thode de financement qui examine les \u00e9changes de monnaie virtuelle, et les entreprises li\u00e9es au staking. Notre cabinet de droit suit les derniers d\u00e9veloppements et apporte son soutien \u00e0 de telles entreprises.<\/p>\n\t\t<p class=\"mgb-middle\">En tant que cabinet d&#8217;avocats compos\u00e9 d&#8217;un avocat fondateur ayant une exp\u00e9rience ant\u00e9rieure en tant qu&#8217;ing\u00e9nieur en informatique, ainsi que de consultants en informatique ayant de l&#8217;exp\u00e9rience dans la compr\u00e9hension des livres blancs, des documents techniques et d&#8217;autres documents publi\u00e9s \u00e0 l&#8217;\u00e9tranger pour comprendre la technologie et les mod\u00e8les commerciaux.<\/p>\n\t<\/div>\n<\/section>\n<section class=\"orange-section\">\n\t<div class=\"anchor\" id=\"system-development\"><\/div>\n\t<div class=\"section-inner\">\n\t\t<div class=\"flex reverse\">\n\t\t\t<div class=\"width41\"><img decoding=\"async\" src=\"\/wp-content\/themes\/monolith2021\/img\/practices-itlaw\/practices-itlaw_pic1.jpg\" alt=\"System Development \"><\/div>\n\t\t\t<div class=\"width51\">\n\t\t\t\t<h3>D\u00e9veloppement de Syst\u00e8mes<\/h3>\n\t\t\t\t<p>Fond\u00e9 par un ancien ing\u00e9nieur en informatique, le MONOLITH LAW OFFICE est un cabinet d&#8217;avocats sp\u00e9cialis\u00e9 dans la r\u00e9daction, la modification et la n\u00e9gociation de contrats, ainsi que dans la r\u00e9solution de litiges en cas de probl\u00e8mes, non seulement dans le domaine des crypto-actifs et des questions li\u00e9es \u00e0 la blockchain, mais aussi dans diverses questions hautement sp\u00e9cialis\u00e9es li\u00e9es au d\u00e9veloppement de syst\u00e8mes, telles que le d\u00e9veloppement de syst\u00e8mes pour les plateformes d&#8217;\u00e9changes de crypto-monnaies. Nous nous chargeons \u00e9galement de la r\u00e9solution des litiges en cas de probl\u00e8mes.<\/p>\n\t\t\t<\/div>\n\t\t<\/div>\n\t<\/div>\n<\/section>\n<section class=\"white-section\">\n\t<div class=\"anchor\" id=\"terms-of-use-maintenance-for-applications-etc\"><\/div>\n\t<div class=\"section-inner\">\n\t\t<div class=\"flex\">\n\t\t\t<div class=\"width41\"><img decoding=\"async\" src=\"\/wp-content\/themes\/monolith2021\/img\/practices-itlaw\/practices-itlaw_pic2.jpg\" alt=\"Document Services\"><\/div>\n\t\t\t<div class=\"width51\">\n\t\t\t\t<h3>Services de Documentation<\/h3>\n\t\t\t\t<p>MONOLITH LAW OFFICE s&#8217;occupe de la cr\u00e9ation et de la r\u00e9vision de documents d\u00e9finissant les conditions d&#8217;utilisation et les politiques de confidentialit\u00e9 pour diverses applications, services et jeux, y compris ceux pour les jeux blockchain, les actifs cryptographiques et les produits et services li\u00e9s \u00e0 la blockchain. Nous \u00e9tudions \u00e9galement les documents d&#8217;entreprise existants et les donn\u00e9es, tels que les d\u00e9finitions des besoins pour le d\u00e9veloppement d&#8217;applications pertinentes, les cadres cr\u00e9\u00e9s avec Adobe XD, les pages de destination, les supports de vente pour les clients potentiels, etc.\n<\/p>\n\t\t\t<\/div>\n\t\t<\/div>\n\t<\/div>\n<\/section>\n\n<section class=\"purple2-section\">\n\t<div class=\"anchor\" id=\"monolith-law-magazine\"><\/div>\n\t<div class=\"section-inner\">\n\t\t    <section class=\"white-section temp-article\">\n        <div class=\"section-inner\">\n            <h4>MONOLITH LAW MAGAZINE<\/h4>\n            <div class=\"articles type_practice_column\">\n                                                            <\/div>\n            <div class=\"btn-more\"><a href=\"https:\/\/monolith.law\/fr\/tag\/crypto-asset-and-blockchain\">Read More<\/a><\/div>\n        <\/div>\n    <\/section>\n\t<\/div>\n<\/section>\n\n<section class=\"orange2-section\">\n\t<div class=\"anchor\" id=\"fee-structure\"><\/div>\n\t<div class=\"section-inner\">\n\t<div class=\"planWrap\">\n\t<h3>Structure tarifaire<\/h3>\n\t<ul class=\"plan\">\n\t\t<li class=\"txt-left\">\n\t\t\t<div class=\"plan-inner\">\n\t\t\t<div class=\"plan-header\">\n\t\t\t<h4 class=\"plan-title\">Taux horaire<\/h4>\n\t\t\t<div class=\"plan-price\"><span class=\"price-figure\">$300<\/span>par heure\u3000<span class=\"price-tax\"> <\/span><\/div>\n\t\t\t<\/div>\n\t\t\t<div class=\"plan-body\">Dans certains cas, nous pouvons envisager d&#8217;accepter un litige ou une action en justice avec des frais initiaux et des frais de r\u00e9sultat. Pour plus de d\u00e9tails, n&#8217;h\u00e9sitez pas \u00e0 nous contacter.<\/div>\n\t\t\t<\/div>\n\t\t<\/li>\n\t\t<li class=\"txt-left\">\n\t\t\t<div class=\"plan-inner\">\n\t\t\t<div class=\"plan-header\">\n\t\t\t<h4 class=\"plan-title\">R\u00e9daction de contrats<\/h4>\n\t\t\t<div class=\"plan-price\"><span class=\"price-value\">De<\/span><span class=\"price-figure\">$500<\/span><span class=\"price-value\"> \u00e0  $2,000 ou plus<\/span><span class=\"price-tax\"><\/span><\/div>\n\t\t\t<\/div>\n\t\t\t<div class=\"plan-body\">La structure tarifaire peut varier en fonction du type et de la quantit\u00e9 de contrats. Nous serions ravis de vous fournir une estimation pr\u00e9liminaire sur demande, vous encourageant ainsi \u00e0 nous contacter pour plus de d\u00e9tails.<\/div>\n\t\t\t<\/div>\n\t\t<\/li>\n\t\t<li class=\"txt-left\">\n\t\t\t<div class=\"plan-inner\">\n\t\t\t<div class=\"plan-header\">\n\t\t\t<h4 class=\"plan-title\">Autres Services<\/h4>\n\t\t\t<div class=\"plan-price\"><span class=\"price-figure\">Contactez-nous<\/span><\/div>\n\t\t\t<\/div>\n\t\t\t<div class=\"plan-body\">Nous proposons une large gamme de services, y compris la cr\u00e9ation de soci\u00e9t\u00e9s, la r\u00e9vision de contrats, des avis juridiques, des \u00e9tudes de cas, ou des lettres de recherche. Si vous avez des questions ou des pr\u00e9occupations, nous vous invitons cordialement \u00e0 nous contacter, et notre \u00e9quipe comp\u00e9tente sera heureuse de vous aider.<\/div>\n\t\t\t<\/div>\n\t\t\t<\/div>\n\t\t<\/li>\n\t<\/ul>\n\t<\/div>\n\t<\/div>\n<\/section>\n\n<section class=\"white-section\">\n\t<div class=\"section-inner\">\n\t\t<div class=\"btn-area\">\n\t\t\t<div class=\"btn icon-contact\"><a href=\"\/fr\/contact\">Contactez-nous<\/a><\/div>\n\t\t<\/div>\n\t<\/div>\n<\/section>\n","protected":false},"excerpt":{"rendered":"<p>Crypto Assets et Blockchains Crypto-actifs et blockchains sont des bases de donn\u00e9es d\u00e9centralis\u00e9es cr\u00e9\u00e9es par divers syst\u00e8mes informatiques, y compris des algorithmes de consensus, la cryptographie et [&hellip;]<\/p>\n","protected":false},"author":1,"featured_media":56655,"parent":0,"menu_order":6,"comment_status":"closed","ping_status":"closed","template":"other-page-temp.php","meta":{"footnotes":""},"acf":[],"_links":{"self":[{"href":"https:\/\/monolith.law\/fr\/wp-json\/wp\/v2\/pages\/47528"}],"collection":[{"href":"https:\/\/monolith.law\/fr\/wp-json\/wp\/v2\/pages"}],"about":[{"href":"https:\/\/monolith.law\/fr\/wp-json\/wp\/v2\/types\/page"}],"author":[{"embeddable":true,"href":"https:\/\/monolith.law\/fr\/wp-json\/wp\/v2\/users\/1"}],"replies":[{"embeddable":true,"href":"https:\/\/monolith.law\/fr\/wp-json\/wp\/v2\/comments?post=47528"}],"version-history":[{"count":70,"href":"https:\/\/monolith.law\/fr\/wp-json\/wp\/v2\/pages\/47528\/revisions"}],"predecessor-version":[{"id":60195,"href":"https:\/\/monolith.law\/fr\/wp-json\/wp\/v2\/pages\/47528\/revisions\/60195"}],"wp:featuredmedia":[{"embeddable":true,"href":"https:\/\/monolith.law\/fr\/wp-json\/wp\/v2\/media\/56655"}],"wp:attachment":[{"href":"https:\/\/monolith.law\/fr\/wp-json\/wp\/v2\/media?parent=47528"}],"curies":[{"name":"wp","href":"https:\/\/api.w.org\/{rel}","templated":true}]}}