{"id":56075,"date":"2023-11-06T11:50:40","date_gmt":"2023-11-06T02:50:40","guid":{"rendered":"https:\/\/monolith.law\/en\/?page_id=56075"},"modified":"2025-03-27T14:51:00","modified_gmt":"2025-03-27T05:51:00","slug":"it","status":"publish","type":"page","link":"https:\/\/monolith.law\/fr\/it","title":{"rendered":"Informatique"},"content":{"rendered":"\n<section class=\"heading-area\">\n\t<div class=\"heading-area-inner\">\n\t\t<h2 class=\"icon-it\">Informatique<\/h2>\n\t\t<p>Dans une soci\u00e9t\u00e9 o\u00f9 la technologie continue d&#8217;\u00e9voluer rapidement, une compr\u00e9hension approfondie de l&#8217;informatique et de la propri\u00e9t\u00e9 intellectuelle d&#8217;une entreprise est cruciale pour les avocats d&#8217;entreprise au Japon. La force de notre cabinet r\u00e9side dans notre \u00e9quipe de sp\u00e9cialistes dans ce domaine.<\/p>\n\t<\/div>\n<\/section>\n\n<section class=\"white-section\">\n\t<div class=\"section-inner pdt0  border-bottom-section\">\n\t\t<p>Pour les avocats des entreprises informatiques, il est important de comprendre la technologie et les op\u00e9rations li\u00e9es \u00e0 l&#8217;informatique et \u00e0 la propri\u00e9t\u00e9 intellectuelle dans le cadre des activit\u00e9s quotidiennes de l&#8217;entreprise. Sans connaissance et compr\u00e9hension de l&#8217;informatique, il est impossible d&#8217;examiner soigneusement les contrats et autres documents li\u00e9s aux produits trait\u00e9s, qui sont d&#8217;une importance capitale pour les entreprises, ni de r\u00e9fl\u00e9chir \u00e0 la mani\u00e8re de r\u00e9pondre aux probl\u00e8mes \u00e9ventuels et de les pr\u00e9venir. MONOLITH LAW OFFICE traite non seulement des affaires impliquant des entreprises en d\u00e9marrage et des entreprises cot\u00e9es sp\u00e9cialis\u00e9es dans l&#8217;informatique, mais aussi des affaires li\u00e9es \u00e0 l&#8217;informatique et \u00e0 Internet impliquant des entreprises non li\u00e9es \u00e0 l&#8217;informatique en tant qu&#8217;avocat en charge de l&#8217;informatique et de la propri\u00e9t\u00e9 intellectuelle.<\/p>\n\t<\/div>\n<\/section>\n\n\n<section class=\"white-section\">\n\t<div class=\"section-inner\">\n\t\t<h3 class=\"ttl-white\">Aujourd&#8217;hui, l&#8217;informatique est pr\u00e9sente dans tous les aspects des activit\u00e9s des entreprises.<\/h3>\n\t\t<ul class=\"layout-column4\">\n\t\t\t<li>\n\t\t\t\t<h4>Pour le secteur de la restauration<\/h4>\n\t\t\t\t<div><img decoding=\"async\" src=\"\/wp-content\/themes\/monolith2021\/img\/practices-itlaw\/practices-itlaw_illust1.png\"><\/div>\n\t\t\t\t<p>Attirer des clients gr\u00e2ce au marketing en ligne n\u00e9cessite de sous-traiter des services informatiques \u00e0 des entreprises sp\u00e9cialis\u00e9es en informatique.<\/p>\n\t\t\t<\/li>\n\t\t\t<li>\n\t\t\t\t<h4>Pour l&#8217;industrie manufacturi\u00e8re<\/h4>\n\t\t\t\t<div><img decoding=\"async\" src=\"\/wp-content\/themes\/monolith2021\/img\/practices-itlaw\/practices-itlaw_illust2.png\"><\/div>\n\t\t\t\t<p>Le d\u00e9veloppement continu de <span class=\"bold\"> l&#8217;information bas\u00e9e sur l&#8217;informatique <\/span> est essentiel pour la gestion de la production.<\/p>\n\t\t\t<\/li>\n\t\t\t<li>\n\t\t\t\t<h4>Pour les entreprises de commerce \u00e9lectronique<\/h4>\n\t\t\t\t<div><img decoding=\"async\" src=\"\/wp-content\/themes\/monolith2021\/img\/practices-itlaw\/practices-itlaw_illust3.png\"><\/div>\n\t\t\t\t<p>La gestion de sites de commerce \u00e9lectronique et <span class=\"bold\"> les op\u00e9rations de marketing<\/span> sur les m\u00e9dias web font \u00e9galement partie de nos activit\u00e9s li\u00e9es \u00e0 l&#8217;informatique.<\/p>\n\t\t\t<\/li>\n\t\t\t<li>\n\t\t\t\t<h4>Pour l&#8217;industrie du divertissement<\/h4>\n\t\t\t\t<div><img decoding=\"async\" src=\"\/wp-content\/themes\/monolith2021\/img\/practices-itlaw\/practices-itlaw_illust4.png\"><\/div>\n\t\t\t\t<p>Internet est essentiel pour la gestion des m\u00e9dias et la distribution de contenu.<\/span> .<\/p>\n\t\t\t<\/li>\n\t\t<\/ul>\n\t<\/div>\n<\/section>\n\n<section class=\"white-section\">\n\t<div class=\"section-inner pdt0\">\n\t\t<p class=\"txt-l txt-center mgb-middle\">Notre cabinet tire parti de l&#8217;exp\u00e9rience de notre avocat gestionnaire, qui est un ancien ing\u00e9nieur en informatique.<br>Parce que nous sommes<span class=\"bold\">un cabinet d&#8217;avocats sp\u00e9cialis\u00e9 en droit japonais de l&#8217;informatique et de la propri\u00e9t\u00e9 intellectuelle.<\/span><\/p>\n\t\t<div class=\"frame2 max-width860 txt-center-pc\">\n\t\t\t<p class=\"txt-l\"><span class=\"bold\">Nous pouvons traiter toutes les questions juridiques pour les entreprises informatiques et les startups.<br>Pour les entreprises qui n&#8217;exercent pas l&#8217;informatique comme activit\u00e9 principale, nous agissons en tant qu <br>&#8216;&#8221;avocats-conseils en droit de l&#8217;informatique et de la propri\u00e9t\u00e9 intellectuelle&#8221;.<\/p>\n\t\t<\/div>\n\t<\/div>\n<\/section>\n\n<section class=\"second-nav\">\n\t<div class=\"second-nav-inner\">\n\t\t<p>MENU<\/p>\n\t\t<nav>\n\t\t\t<ul>\n\t\t\t\t<li><a href=\"#system-development\">D\u00e9veloppement de syst\u00e8mes<\/a><\/li>\n\t\t\t\t<li><a href=\"#terms-of-use\">Conditions d&#8217;utilisation<\/a><\/li>\n\t\t\t\t<li><a href=\"#crypto-assets-and-blockchain\">Crypto Assets and Blockchain<\/a><\/li>\n\t\t\t\t<li><a href=\"#ai-chatgpt-etc\">Intelligence Artificielle (ChatGPT, etc.)<\/a><\/li>\n\t\t\t\t<li><a href=\"#games\">Jeux<\/a><\/li>\n\t\t\t\t<li><a href=\"#able-to-prepare-drafts-with-minimal-hearings\">Temps minimum requis pour la r\u00e9daction<\/a><\/li>\n\t\t\t\t<li><a href=\"#intellectual-property-rights\">Propri\u00e9t\u00e9 intellectuelle<\/a><\/li>\n\t\t\t\t<li><a href=\"#domain-name-disputes\">Litiges de domaine<\/a><\/li>\n\t\t\t\t<li><a href=\"#e-commerce\">Commerce \u00e9lectronique<\/a><\/li>\n\t\t\t\t<li><a href=\"#medical-law\">Droit m\u00e9dical<\/a><\/li>\n\t\t\t\t<li><a href=\"#cybercrime\">Cybercriminalit\u00e9<\/a><\/li>\n\t\t\t\t<li><a href=\"#monolith-law-magazine\">MONOLITH LAW MAGAZINE<\/a><\/li>\n\t\t\t\t<li><a href=\"#fee-structure\">Structure tarifaire<\/a><\/li>\n\t\t\t<\/ul>\n\t\t<\/nav>\n\t<\/div>\n<\/section>\n\n\n<section class=\"white-section\">\n\t<div class=\"anchor\" id=\"system-development\"><\/div>\n\t<div class=\"section-inner\">\n\t\t<div class=\"flex\">\n\t\t\t<div class=\"width41\"><img decoding=\"async\" src=\"\/wp-content\/themes\/monolith2021\/img\/practices-itlaw\/practices-itlaw_pic1.jpg\" alt=\"System Development\"><\/div>\n\t\t\t<div class=\"width51\">\n\t\t\t\t<h3>D\u00e9veloppement de syst\u00e8mes<\/h3>\n\t\t\t\t<p class=\"mgb-middle\">Nous sommes un cabinet d&#8217;avocats dirig\u00e9 par un ancien ing\u00e9nieur en informatique, sp\u00e9cialis\u00e9 dans les questions de d\u00e9veloppement de syst\u00e8mes, de la r\u00e9daction, de la r\u00e9vision et de la n\u00e9gociation de contrats \u00e0 la r\u00e9solution de litiges. Nous r\u00e9digeons \u00e9galement des contrats \u00e0 partir de z\u00e9ro en nous basant sur des documents existants, tels que des documents de proposition, avec un minimum d&#8217;entretiens avec le client.<\/p>\n\t\t\t\t<div class=\"btn-area align-left\">\n\t\t\t\t\t<div class=\"btn icon-system-development\"><a href=\"\/fr\/system-development\">D\u00e9veloppement de syst\u00e8mes<\/a><\/div>\n\t\t\t\t<\/div>\n\t\t\t<\/div>\n\t\t<\/div>\n\t<\/div>\n<\/section>\n\n<section class=\"orange-section\">\n\t<div class=\"anchor\" id=\"terms-of-use\"><\/div>\n\t<div class=\"section-inner\">\n\t\t<div class=\"flex reverse\">\n\t\t\t<div class=\"width41\"><img decoding=\"async\" src=\"\/wp-content\/themes\/monolith2021\/img\/practices-itlaw\/practices-itlaw_pic2.jpg\" alt=\"Review of Terms of Use for Apps\"><\/div>\n\t\t\t<div class=\"width51\">\n\t\t\t\t<h3>Conditions d&#8217;utilisation<\/h3>\n\t\t\t\t<p class=\"mgb-middle\">MONOLITH LAW OFFICE s&#8217;occupe de la cr\u00e9ation et de la r\u00e9vision des conditions d&#8217;utilisation et des politiques de confidentialit\u00e9 pour diverses applications, services et jeux au Japon. De plus, nous pouvons examiner votre d\u00e9finition des besoins pour le d\u00e9veloppement d&#8217;applications pertinentes, les cadres Adobe XD, les pages de destination, les documents de vente pour les clients potentiels, ainsi que d&#8217;autres documents et donn\u00e9es existants.<\/p>\n\t\t\t\t<div class=\"btn-area align-left\">\n\t\t\t\t\t<div class=\"btn icon-terms-of-use\"><a href=\"\/fr\/terms-of-use\">Conditions d&#8217;utilisation<\/a><\/div>\n\t\t\t\t<\/div>\n\t\t\t<\/div>\n\t\t<\/div>\n\t<\/div>\n<\/section>\n\n<section class=\"white-section\">\n\t<div class=\"anchor\" id=\"crypto-assets-and-blockchain\"><\/div>\n\t<div class=\"section-inner\">\n\t\t<div class=\"flex\">\n\t\t\t<div class=\"width41\"><img decoding=\"async\" src=\"\/wp-content\/uploads\/2022\/07\/shutterstock_1151380622_2.png\" alt=\"Crypto Assets and Blockchain\"><\/div>\n\t\t\t<div class=\"width51\">\n\t\t\t\t<h3>Crypto Assets and Blockchain<\/h3>\n\t\t\t\t<p class=\"mgb-middle\">Les blockchains sont des bases de donn\u00e9es d\u00e9centralis\u00e9es qui pr\u00e9sentent un risque extr\u00eamement faible de perte d&#8217;enregistrements, rendent plus difficile la falsification des enregistrements pass\u00e9s, et sont rendues possibles gr\u00e2ce \u00e0 des techniques informatiques telles que les algorithmes de consensus, la cryptographie et les r\u00e9seaux P2P. MONOLITH LAW OFFICE est impliqu\u00e9 dans des travaux juridiques li\u00e9s aux actifs cryptographiques et \u00e0 la blockchain depuis peu apr\u00e8s sa cr\u00e9ation en 2017.<\/p>\n\t\t\t\t<div class=\"btn-area align-left\">\n\t\t\t\t\t<div class=\"btn icon-crypto-asset-and-blockchain\"><a href=\"\/fr\/crypto-asset-and-blockchain\">Crypto Assets and <br>Blockchain<\/a><\/div>\n\t\t\t\t<\/div>\n\t\t\t<\/div>\n\t\t<\/div>\n\t<\/div>\n<\/section>\n\n<section class=\"purple-section\">\n\t<div class=\"anchor\" id=\"ai-chatgpt-etc\"><\/div>\n\t<div class=\"section-inner\">\n\t\t<div class=\"flex reverse\">\n\t\t\t<div class=\"width41\"><img decoding=\"async\" src=\"\/wp-content\/themes\/monolith2021\/img\/practices-itlaw\/practices-itlaw_pic5.jpg\" alt=\"AI (ChatGPT, etc.)\"><\/div>\n\t\t\t<div class=\"width51\">\n\t\t\t\t<h3>Intelligence Artificielle (ChatGPT, etc.)<\/h3>\n\t\t\t\t<p class=\"mgb-small\">Nous fournissons des v\u00e9rifications juridiques, le traitement des contrats et un soutien pour les notifications gouvernementales pour les services d&#8217;Intelligence Artificielle d&#8217;image et de langage naturel, ainsi que pour les questions li\u00e9es au droit d&#8217;auteur, \u00e0 la protection des informations personnelles, etc., \u00e0 la demande des start-ups informatiques et des entreprises.<\/p>\n\t\t\t\t<p class=\"mgb-middle\">\nDans certains cas, nous examinons les documents techniques et les codes sources pour comprendre le fonctionnement exact de la biblioth\u00e8que avant d&#8217;\u00e9valuer la l\u00e9galit\u00e9 du service et du syst\u00e8me n\u00e9cessaire \u00e0 son exploitation l\u00e9gale au Japon.<\/p>\n\t\t\t\t<div class=\"btn-area align-left\">\n\t\t\t\t\t<div class=\"btn icon-ai\"><a href=\"\/fr\/ai\">Intelligence Artificielle (ChatGPT, etc.)<\/a><\/div>\n\t\t\t\t<\/div>\n\t\t\t<\/div>\n\t\t<\/div>\n\t<\/div>\n<\/section>\n\n<section class=\"white-section mgt-section \">\n\t<div class=\"anchor\" id=\"games\"><\/div>\n\t<div class=\"section-inner-black\">\n\t\t<h3>Jeux<\/h3>\n\t\t<p class=\"mgb-middle\">Au Japon, plusieurs lois r\u00e9gissent l&#8217;exploitation des jeux sociaux, notamment la Loi sur le droit d&#8217;auteur, la Loi contre les primes injustifiables et les repr\u00e9sentations trompeuses, la Loi sur le r\u00e8glement des fonds, la Loi sur les contrats de consommation, la Loi sur les transactions commerciales sp\u00e9cifi\u00e9es et la Loi sur les t\u00e9l\u00e9communications sont les principales.\n<br> Pour \u00e9viter les litiges et les sanctions gouvernementales, il est n\u00e9cessaire de veiller \u00e0 la conformit\u00e9 l\u00e9gale. Notre cabinet assure \u00e9galement la repr\u00e9sentation juridique des entreprises de jeux vid\u00e9o et d&#8217;e-sport au Japon, ce qui n\u00e9cessite une compr\u00e9hension de l&#8217;industrie pour garantir une exploitation l\u00e9gale.\n<\/p>\n\t<\/div>\n<\/section>\n\n<section class=\"white-section\">\n\t<div class=\"anchor\" id=\"able-to-prepare-drafts-with-minimal-hearings\"><\/div>\n\t<div class=\"section-inner\">\n\t\t<div class=\"flex reverse\">\n\t\t\t<div class=\"width41\"><img decoding=\"async\" src=\"\/wp-content\/themes\/monolith2021\/img\/pic\/pic_draft.jpg\" alt=\"Drafting with minimal operating time\"><\/div>\n\t\t\t<div class=\"width51\">\n\t\t\t\t<h3>Temps minimum requis pour la r\u00e9daction<\/h3>\n\t\t\t\t<p class=\"mgb-middle\">Avec notre avocat gestionnaire, qui est un ancien ing\u00e9nieur en informatique, et une \u00e9quipe de consultants en informatique, notre cabinet propose des services d&#8217;analyse technique et d&#8217;examen juridique complets, en particulier pour les technologies avanc\u00e9es telles que l&#8217;Intelligence Artificielle.<\/p>\n\t\t\t\t<p>La l\u00e9galit\u00e9 des services utilisant des technologies avanc\u00e9es, en particulier l&#8217;Intelligence Artificielle, ne peut pas \u00eatre d\u00e9termin\u00e9e sans avoir une compr\u00e9hension technique de leur fonctionnement. En tant que service complet, nous pouvons fournir \u00e0 la fois une analyse technique et un examen juridique.<\/p>\n\t\t\t<\/div>\n\t\t<\/div>\n\t<\/div>\n<\/section>\n\n<section class=\"white-section mgb-section80\">\n\t<div class=\"anchor\" id=\"intellectual-property-rights\"><\/div>\n\t<div class=\"section-inner-black\">\n\t\t<h3>Propri\u00e9t\u00e9 intellectuelle<\/h3>\n\t\t<p class=\"mgb-middle\">Nous nous occupons de la planification de la strat\u00e9gie de propri\u00e9t\u00e9 intellectuelle, des relations contractuelles et des litiges \u00e0 la fois dans les domaines de l&#8217;informatique et du divertissement. En cas de litiges, nous traitons \u00e9galement des litiges hautement sp\u00e9cialis\u00e9s, tels que les litiges concernant les droits de propri\u00e9t\u00e9 des brevets..<\/p>\n\t<\/div>\n<\/section>\n\n<section class=\"white-section mgt-section80\">\n\t<div class=\"anchor\" id=\"domain-name-disputes\"><\/div>\n\t<div class=\"section-inner-black\">\n\t\t<h3>Litiges de domaine<\/h3>\n\t\t<p class=\"mgb-middle\">Nous avons une expertise dans la gestion des noms de domaine, des droits de propri\u00e9t\u00e9 intellectuelle et dans la r\u00e9solution des litiges bas\u00e9e sur la Politique de R\u00e9solution des Litiges de Noms de Domaine (DRP) du domaine JP, ainsi que dans les proc\u00e9dures de litige utilisant la Loi sur la Pr\u00e9vention de la Concurrence D\u00e9loyale.\n<\/p>\n\t<\/div>\n<\/section>\n\n<section class=\"white-section\">\n\t<div class=\"anchor\" id=\"e-commerce\"><\/div>\n\t<div class=\"section-inner\">\n\t\t<div class=\"flex\">\n\t\t\t<div class=\"width41\"><img decoding=\"async\" src=\"\/wp-content\/themes\/monolith2021\/img\/practices-itlaw\/practices-itlaw_pic7.jpg\" alt=\"E-commerce\"><\/div>\n\t\t\t<div class=\"width51\">\n\t\t\t\t<h3>Commerce \u00e9lectronique<\/h3>\n\t\t\t\t<p>Nous avons de l&#8217;exp\u00e9rience dans le r\u00e8glement de divers litiges li\u00e9s au commerce \u00e9lectronique au Japon, notamment des mesures d&#8217;interdiction contre les annonces de contrefa\u00e7on de marques et de droits d&#8217;auteur sur des plateformes telles que Rakuten, Amazon et Yahoo! Shopping.<\/p>\n\t\t\t<\/div>\n\t\t<\/div>\n\t<\/div>\n<\/section>\n\n<section class=\"white-section mgb-section80\">\n\t<div class=\"anchor\" id=\"medical-law\"><\/div>\n\t<div class=\"section-inner-black\">\n\t\t<h3>Droit m\u00e9dical<\/h3>\n\t\t<p class=\"mgb-middle\">L&#8217;intersection des lois li\u00e9es aux soins m\u00e9dicaux au Japon, telles que la Loi sur les Affaires Pharmaceutiques, la Loi sur les Services M\u00e9dicaux et la Loi sur les Praticiens M\u00e9dicaux, avec les technologies de l&#8217;information et l&#8217;Internet, constitue un domaine complexe et sp\u00e9cialis\u00e9. Notre cabinet compte des sp\u00e9cialistes en droit m\u00e9dical ainsi qu&#8217;un avocat fondateur qui est un ancien ing\u00e9nieur en informatique, et qui est bien familiaris\u00e9 avec l&#8217;industrie.<\/p>\n\t\t<h4 class=\"mgb-middle\">Notre exp\u00e9rience dans les affaires de droit m\u00e9dical (Exemples)<\/h4>\n\t\t<p class=\"mgb-middle\">Examen juridique en vertu de la Loi sur les Dispositifs M\u00e9dicaux et Pharmaceutiques (PMD), ainsi que d&#8217;autres lois concernant les LPs des distributeurs de compl\u00e9ments alimentaires, revues l\u00e9gales et \u00e9laboration de lignes directrices en vertu de la Loi PMD et d&#8217;autres lois applicables pour les m\u00e9dias li\u00e9s \u00e0 la beaut\u00e9, et l&#8217;audit de la l\u00e9gitimit\u00e9 juridique de nouvelles entreprises dans les start-ups li\u00e9es au domaine m\u00e9dical. R\u00e9daction de contrats pour des recherches conjointes avec des universit\u00e9s pour les start-ups li\u00e9es au domaine m\u00e9dical. Examen juridique et pr\u00e9paration des conditions d&#8217;utilisation pour les services de collaboration d&#8217;informations m\u00e9dicales. Pr\u00e9paration de descriptions du Code Commercial Sp\u00e9cifi\u00e9, etc., pour les entreprises de vente de compl\u00e9ments alimentaires.<\/p>\n\t<\/div>\n<\/section>\n\n<section class=\"white-section\">\n\t<div class=\"anchor\" id=\"cybercrime\"><\/div>\n\t<div class=\"section-inner\">\n\t\t<div class=\"flex reverse\">\n\t\t\t<div class=\"width41\"><img decoding=\"async\" src=\"\/wp-content\/uploads\/2023\/05\/dispute_pic2.jpg\" alt=\"Cybercrime\"><\/div>\n\t\t\t<div class=\"width51\">\n\t\t\t\t<h3>Cybercriminalit\u00e9<\/h3>\n\t\t\t\t<p class=\"mgb-middle\">Afin de favoriser l&#8217;enqu\u00eate et l&#8217;arrestation par la police japonaise en ce qui concerne des incidents tels que l&#8217;acc\u00e8s non autoris\u00e9 qui se produisent au Japon, il est efficace de b\u00e9n\u00e9ficier de l&#8217;aide d&#8217;experts bien vers\u00e9s dans les proc\u00e9dures p\u00e9nales japonaises. En tant que cabinet d&#8217;avocats sp\u00e9cialis\u00e9 dans les technologies de l&#8217;information, nous proposons un soutien juridique aux entreprises qui ont \u00e9t\u00e9 victimes de cybercrimes tels que l&#8217;acc\u00e8s non autoris\u00e9 et l&#8217;exfiltration illicite de donn\u00e9es, y compris de l&#8217;aide pour le d\u00e9p\u00f4t de plaintes p\u00e9nales et de rapports en vue d&#8217;initier des enqu\u00eates criminelles. Il s&#8217;agit l\u00e0 de l&#8217;une de nos caract\u00e9ristiques distinctives.<\/p>\n\t\t\t\t\n\t\t\t<\/div>\n\t\t<\/div>\n\t<\/div>\n<\/section>\n\n<section class=\"white-section\">\n\t<div class=\"section-inner pdt0\">\n\t\t<div class=\"frame2 max-width860 txt-center-pc\">\n\t\t\t<p class=\"bold txt-l\">Nous pouvons \u00e9galement agir en tant que &#8220;deuxi\u00e8me avocat&#8221; pour l&#8217;activit\u00e9 principale de votre entreprise, en utilisant notre expertise dans un r\u00f4le distinct de celui de l&#8217;avocat principal de votre entreprise.<\/p>\n\t\t<\/div>\n\t<\/div>\n<\/section>\n\n<section class=\"purple2-section\">\n\t<div class=\"anchor\" id=\"monolith-law-magazine\"><\/div>\n\t<div class=\"section-inner\">\n\t\t    <section class=\"white-section temp-article\">\n        <div class=\"section-inner\">\n            <h4>MONOLITH LAW MAGAZINE<\/h4>\n            <div class=\"articles type_practice_column\">\n                                                                    <div class=\"article article-area\">\n                        <figure>\n                            <div class=\"img-wrap\">\n                                <img alt=\"La gestion d\u00e9l\u00e9gu\u00e9e des avis Google est-elle ill\u00e9gale ? Explication de la relation avec la loi sur l'affichage des prix et des sanctions\" src=\"https:\/\/monolith.law\/fr\/wp-content\/uploads\/sites\/12\/2025\/07\/18d044df35c4f42bb7e1507848a5e228.webp\" width=\"500\" height=\"250\">\n                            <\/div>\n                            <figcaption>\n                                <div class=\"figcaption-inner\">\n                                    <h3>La gestion d\u00e9l\u00e9gu\u00e9e des avis Google est-elle ill\u00e9gale ? Explication de la relati.<\/h3>\n                                <\/div>\n                            <\/figcaption>\n                            <a href=\"https:\/\/monolith.law\/fr\/it\/google-review-agency\"><\/a>\n                        <\/figure>\n                    <\/div>\n                                                    <div class=\"article article-area\">\n                        <figure>\n                            <div class=\"img-wrap\">\n                                <img alt=\"Qu'est-ce que la gouvernance de l'IA que les entreprises devraient mettre en \u0153uvre ? Explication des points cl\u00e9s bas\u00e9s sur les \"Directives pour les op\u00e9rateurs d'IA\"\" src=\"https:\/\/monolith.law\/fr\/wp-content\/uploads\/sites\/12\/2025\/07\/fc5bc7fb09bf3639183f3d32651cd70f.webp\" width=\"500\" height=\"250\">\n                            <\/div>\n                            <figcaption>\n                                <div class=\"figcaption-inner\">\n                                    <h3>Qu'est-ce que la gouvernance de l'IA que les entreprises devraient mettre en \u0153uv.<\/h3>\n                                <\/div>\n                            <\/figcaption>\n                            <a href=\"https:\/\/monolith.law\/fr\/it\/ai-business-guidelines-governance\"><\/a>\n                        <\/figure>\n                    <\/div>\n                                                    <div class=\"article article-area\">\n                        <figure>\n                            <div class=\"img-wrap\">\n                                <img alt=\"La g\u00e9n\u00e9ration de \u00ab voix \u00bb par IA constitue-t-elle une violation du droit d'auteur ? (#2 \u00c9dition sur la g\u00e9n\u00e9ration et l'utilisation)\" src=\"https:\/\/monolith.law\/fr\/wp-content\/uploads\/sites\/12\/2025\/07\/071c6dfda5192d917cf2d4cf6da39d6d.webp\" width=\"500\" height=\"250\">\n                            <\/div>\n                            <figcaption>\n                                <div class=\"figcaption-inner\">\n                                    <h3>La g\u00e9n\u00e9ration de \u00ab voix \u00bb par IA constitue-t-elle une violation du droit d'auteu.<\/h3>\n                                <\/div>\n                            <\/figcaption>\n                            <a href=\"https:\/\/monolith.law\/fr\/it\/ai-voice-copyright-2\"><\/a>\n                        <\/figure>\n                    <\/div>\n                                            <\/div>\n            <div class=\"btn-more\"><a href=\"https:\/\/monolith.law\/fr\/tag\/it\">Read More<\/a><\/div>\n        <\/div>\n    <\/section>\n\t<\/div>\n<\/section>\n\n<section class=\"orange2-section\">\n\t<div class=\"anchor\" id=\"fee-structure\"><\/div>\n\t<div class=\"section-inner\">\n\t\t<div class=\"planWrap\">\n\t\t\t<h3>Structure tarifaire<\/h3>\n\t\t\t<ul class=\"plan\">\n\t\t\t\t<li class=\"txt-left\">\n\t\t\t\t\t<div class=\"plan-inner\">\n\t\t\t\t\t<div class=\"plan-header\">\n\t\t\t\t\t\t<h4 class=\"plan-title\">Taux horaire<\/h4>\n\t\t\t\t\t\t<div class=\"plan-price\">\n\t\t\t\t\t\t\t<div class=\"plan-price\"><span class=\"price-figure\">$300<\/span>par heur<span class=\"price-value\"><\/span><\/div>\n<\/div>\n\t\t\t\t\t<\/div>\n\t\t\t\t\t<div class=\"plan-body\">\n\t\t\t\t\t\t<p>Dans certains cas, nous pouvons envisager d&#8217;accepter un litige ou une action en justice avec des frais initiaux et des frais de r\u00e9sultat. Pour plus de d\u00e9tails, n&#8217;h\u00e9sitez pas \u00e0 nous contacter.<\/p>\n\t\t\t\t\t\t<p><\/p>\n\t\t\t\t\t\t<p class=\"txt-s\"><\/p>\n\t\t\t\t\t<\/div>\n\t\t\t\t\t<\/div>\n\t\t\t\t<\/li>\n\t\t\t\t<li class=\"txt-left\">\n\t\t\t\t\t<div class=\"plan-inner\">\n\t\t\t\t\t<div class=\"plan-header\">\n\t\t\t\t\t\t<h4 class=\"plan-title\">R\u00e9daction de contrats<\/h4>\n\t\t\t\t\t\t<div class=\"plan-price\">\n\t\t\t\t\t\t<div class=\"plan-price\"><span class=\"price-value\">De<\/span><span class=\"price-figure\">$500<\/span><span class=\"price-value\">\u00e0 $2,000 ou plus<\/span><\/div>\n<\/div>\n\t\t\t\t\t<\/div>\n\t\t\t\t\t<div class=\"plan-body\">\n\t\t\t\t\t\t<p>La structure tarifaire peut varier en fonction du type et de la quantit\u00e9 de contrats. Nous serions ravis de vous fournir une estimation pr\u00e9liminaire sur demande, vous encourageant ainsi \u00e0 nous contacter pour plus de d\u00e9tails.\n<\/p>\n\t\t\t\t\t\t<p class=\"txt-s\"><\/p>\n\t\t\t\t\t<\/div>\n\t\t\t\t\t<\/div>\n\t\t\t\t<\/li>\n\t\t\t\t<li class=\"txt-left\">\n\t\t\t\t\t<div class=\"plan-inner\">\n\t\t\t\t\t<div class=\"plan-header\">\n\t\t\t\t\t<h4 class=\"plan-title\">Autres Services<\/h4>\n\t\t\t\t\t<div class=\"plan-price\">\n\t\t\t\t\t\t<div class=\"plan-price\"><span class=\"price-figure\">Contactez-nous<\/span><\/div>\n\t\t\t\t\t<\/div>\n\t\t\t\t\t<div class=\"plan-body\">\n\t\t\t\t\t\t<p>Nous proposons une large gamme de services, y compris la cr\u00e9ation de soci\u00e9t\u00e9s, la r\u00e9vision de contrats, des avis juridiques, des \u00e9tudes de cas, ou des lettres de recherche. Si vous avez des questions ou des pr\u00e9occupations, nous vous invitons cordialement \u00e0 nous contacter, et notre \u00e9quipe comp\u00e9tente sera heureuse de vous aider.<\/p>\n\t\t\t\t\t\t<p>\n<\/p>\n\t\t\t\t\t\t<p class=\"txt-s\"><\/p>\n\t\t\t\t\t<\/div>\n\t\t\t\t\t<\/div>\n\t\t\t\t<\/li>\n\t\t\t<\/ul>\n\t\t<\/div>\n\t<\/div>\n<\/section>\n<section class=\"white-section\">\n\t<div class=\"section-inner\">\n\t\t<div class=\"btn-area\">\n\t\t\t<div class=\"btn icon-contact\"><a href=\"\/fr\/contact\">Contactez-nous<\/a><\/div>\n\t\t<\/div>\n\t<\/div>\n<\/section>\n","protected":false},"excerpt":{"rendered":"<p>Informatique Dans une soci\u00e9t\u00e9 o\u00f9 la technologie continue d&#8217;\u00e9voluer rapidement, une compr\u00e9hension approfondie de l&#8217;informatique et de la propri\u00e9t\u00e9 intellectuelle d&#8217;une entreprise est  [&hellip;]<\/p>\n","protected":false},"author":1,"featured_media":57140,"parent":0,"menu_order":0,"comment_status":"closed","ping_status":"closed","template":"non-other-page-temp.php","meta":{"footnotes":""},"acf":[],"_links":{"self":[{"href":"https:\/\/monolith.law\/fr\/wp-json\/wp\/v2\/pages\/56075"}],"collection":[{"href":"https:\/\/monolith.law\/fr\/wp-json\/wp\/v2\/pages"}],"about":[{"href":"https:\/\/monolith.law\/fr\/wp-json\/wp\/v2\/types\/page"}],"author":[{"embeddable":true,"href":"https:\/\/monolith.law\/fr\/wp-json\/wp\/v2\/users\/1"}],"replies":[{"embeddable":true,"href":"https:\/\/monolith.law\/fr\/wp-json\/wp\/v2\/comments?post=56075"}],"version-history":[{"count":33,"href":"https:\/\/monolith.law\/fr\/wp-json\/wp\/v2\/pages\/56075\/revisions"}],"predecessor-version":[{"id":72547,"href":"https:\/\/monolith.law\/fr\/wp-json\/wp\/v2\/pages\/56075\/revisions\/72547"}],"wp:featuredmedia":[{"embeddable":true,"href":"https:\/\/monolith.law\/fr\/wp-json\/wp\/v2\/media\/57140"}],"wp:attachment":[{"href":"https:\/\/monolith.law\/fr\/wp-json\/wp\/v2\/media?parent=56075"}],"curies":[{"name":"wp","href":"https:\/\/api.w.org\/{rel}","templated":true}]}}