{"id":56080,"date":"2023-11-05T11:50:59","date_gmt":"2023-11-05T02:50:59","guid":{"rendered":"https:\/\/monolith.law\/en\/?page_id=56080"},"modified":"2024-08-05T17:59:20","modified_gmt":"2024-08-05T08:59:20","slug":"internet","status":"publish","type":"page","link":"https:\/\/monolith.law\/fr\/internet","title":{"rendered":"Internet"},"content":{"rendered":"\n<section class=\"heading-area\">\n\t<div class=\"heading-area-inner\">\n\t\t<h2 class=\"icon-internet\">Internet<\/h2>\n\t\t<p>En tant que cabinet d&#8217;avocats dot\u00e9 d&#8217;une solide expertise en informatique, nous avons fait nos preuves en fournissant un soutien juridique complet aux entrepreneurs de l&#8217;industrie de l&#8217;internet, y compris aux YouTubers. Nous sommes \u00e9galement sp\u00e9cialis\u00e9s dans la gestion des litiges li\u00e9s aux plateformes en ligne et avons r\u00e9ussi \u00e0 aider nos clients \u00e0 supprimer des pages web n\u00e9gatives et \u00e0 r\u00e9soudre des conflits en ligne.<\/p>\n\t<\/div>\n<\/section>\n\n<section class=\"white-section\">\n\t<div class=\"section-inner pdt0  border-bottom-section\">\n\t\t<p class=\"mgb-small\">MONOLITH LAW OFFICE, fort de son vaste exp\u00e9rience en mati\u00e8re de droit de l&#8217;informatique, est particuli\u00e8rement comp\u00e9tent pour soutenir les entreprises bas\u00e9es sur Internet, notamment les YouTubers et les soci\u00e9t\u00e9s engag\u00e9es dans des activit\u00e9s li\u00e9es \u00e0 YouTube.<\/p>\n\t\t<p>Nous comprenons les risques inh\u00e9rents \u00e0 Internet, tels que les pages web n\u00e9gatives et les publications sur les forums en ligne. Notre cabinet a g\u00e9r\u00e9 avec succ\u00e8s de nombreuses affaires li\u00e9es \u00e0 la gestion de la r\u00e9putation en ligne pour une gamme diversifi\u00e9e de clients, des particuliers aux grandes entreprises. Les pages web n\u00e9gatives pr\u00e9sentent un d\u00e9fi juridique unique au Japon, et nos avocats qualifi\u00e9s sont \u00e9quip\u00e9s pour fournir des solutions efficaces. Nous sommes impatients de vous consulter, en exploitant notre expertise et notre exp\u00e9rience dans la r\u00e9solution des probl\u00e8mes li\u00e9s aux pages web n\u00e9gatives.<\/p>\n\t<\/div>\n<\/section>\n\n<section class=\"second-nav\">\n\t<div class=\"second-nav-inner\">\n\t\t<p>MENU<\/p>\n\t\t<nav>\n\t\t\t<ul>\n\t\t\t\t<li><a href=\"#legal-support-for-youtuber\">Soutien juridique pour les YouTubers<\/a><\/li>\n\t\t\t\t<li><a href=\"#legal-support-for-vtuber\">Soutien juridique pour les VTubers<\/a><\/li>\n\t\t\t\t<li><a href=\"#manda-of-sns-accounts\">Fusion et acquisition de comptes de m\u00e9dias sociaux (SNS)<\/a><\/li>\n\t\t\t\t<li><a href=\"#mitigating-reputational-damage\">Att\u00e9nuation des dommages \u00e0 la r\u00e9putation<\/a><\/li>\n\t\t\t\t<li><a href=\"#id-of-the-defamatory-statement\">Identifiant de l&#8217;affirmation diffamatoire<\/a><\/li>\n\t\t\t\t<li><a href=\"#corporate-reputation-management\">Gestion de la r\u00e9putation d&#8217;entreprise<\/a><\/li>\n\t\t\t\t<li><a href=\"#removal-of-past-unwanted-info\">Suppression d&#8217;informations ind\u00e9sirables pass\u00e9es<\/a><\/li>\n\t\t\t\t<li><a href=\"#monolith-law-magazine\">MONOLITH LAW MAGAZINE<\/a><\/li>\n\t\t\t\t<li><a href=\"#fee-structure\">Structure tarifaire<\/a><\/li>\n\t\t\t<\/ul>\n\t\t<\/nav>\n\t<\/div>\n<\/section>\n\n<section class=\"purple-section mgt-section\">\n\t<div class=\"anchor\" id=\"legal-support-for-youtuber\"><\/div>\n\t<div class=\"section-inner\">\n\t\t<div class=\"flex\">\n\t\t\t<div class=\"width41\"><img decoding=\"async\" src=\"\/wp-content\/themes\/monolith2021\/img\/pic\/pic_practices-youtuberlaw.jpg\" alt=\"Legal Support for YouTuber\"><\/div>\n\t\t\t<div class=\"width51\">\n\t\t\t\t<h3>Soutien juridique pour les YouTubers<\/h3>\n\t\t\t\t<p class=\"mgb-small\">Les cha\u00eenes YouTube g\u00e9r\u00e9es par des agences de YouTubers, les entreprises qui exploitent des YouTubers virtuels (VTubers) et les soci\u00e9t\u00e9s commerciales ont toutes besoin de conseillers juridiques dot\u00e9s de connaissances sp\u00e9cialis\u00e9es et d&#8217;exp\u00e9rience au Japon.<\/p>\n\t\t\t\t<p class=\"mgb-middle\">Nos clients comprennent de grandes soci\u00e9t\u00e9s de gestion de YouTubers japonaises, des YouTubers individuels de premier plan et diverses soci\u00e9t\u00e9s de gestion d&#8217;entreprises VTubers \u00e0 travers le Japon. Nous fournissons \u00e9galement un soutien hautement sp\u00e9cialis\u00e9 pour la r\u00e9daction et la revue de contrats li\u00e9s aux YouTubers et aux VTubers, ainsi que pour la r\u00e9solution de probl\u00e8mes juridiques li\u00e9s \u00e0 la cr\u00e9ation de vid\u00e9os au Japon.<\/p>\n\t\t\t\t<div class=\"btn-area align-left\">\n\t\t\t\t\t<div class=\"btn icon-legal-support-for-youtuber\"><a href=\"\/fr\/legal-support-for-youtuber\/\">Legal Support for YouTuber<\/a><\/div>\n\t\t\t\t<\/div>\n\t\t\t<\/div>\n\t\t<\/div>\n\t<\/div>\n<\/section>\n\n<section class=\"white-section\">\n\t<div class=\"anchor\" id=\"legal-support-for-vtuber\"><\/div>\n\t<div class=\"section-inner\">\n\t\t<div class=\"flex reverse\">\n\t\t\t<div class=\"width41\"><img decoding=\"async\" src=\"\/wp-content\/themes\/monolith2021\/img\/vtuberlaw\/pic_practices-vtuberlaw.jpg\" alt=\"Legal Support for VTuber\"><\/div>\n\t\t\t<div class=\"width51\">\n\t\t\t\t<h3>Soutien juridique pour les VTubers<\/h3>\n\t\t\t\t<p class=\"mgb-small\">La popularit\u00e9 des VTubers, des YouTubers qui utilisent des avatars en 2D ou 3D pour cr\u00e9er des vid\u00e9os et des diffusions en direct, s&#8217;est bien \u00e9tablie. Cela a commenc\u00e9 au Japon et s&#8217;est maintenant \u00e9tendu \u00e0 des pays du monde entier.\n<\/p>\n\t\t\t\t<p class=\"mgb-middle\">Depuis 2017, nous g\u00e9rons des questions juridiques li\u00e9es aux VTubers au Japon, et nous avons accumul\u00e9 une grande exp\u00e9rience et un solide historique. Nous nous engageons pleinement \u00e0 fournir un soutien complet aux VTubers et \u00e0 leurs soci\u00e9t\u00e9s et agences affili\u00e9es dans le monde entier.<\/p>\n\t\t\t\t<div class=\"btn-area align-left\">\n\t\t\t\t\t<div class=\"btn icon-legal-support-for-vtuber\"><a href=\"\/fr\/legal-support-for-vtuber\/\">Soutien juridique pour les VTubers<\/a><\/div>\n\t\t\t\t<\/div>\n\t\t\t<\/div>\n\t\t<\/div>\n\t<\/div>\n<\/section>\n\n<section class=\"white-section\">\n\t<div class=\"anchor\" id=\"manda-of-sns-accounts\"><\/div>\n\t<div class=\"section-inner\">\n\t\t<div class=\"flex\">\n\t\t\t<div class=\"width41\"><img decoding=\"async\" src=\"\/wp-content\/themes\/monolith2021\/img\/pic\/pic_sns_manda.jpg\" alt=\"M&amp;A of SNS accounts\"><\/div>\n\t\t\t<div class=\"width51\">\n\t\t\t\t<h3>Fusion et acquisition de comptes de m\u00e9dias sociaux (SNS)<\/h3>\n\t\t\t\t<p class=\"mgb-small\">Tout comme les sites Web, les cha\u00eenes YouTube et les comptes Twitter sont \u00e9galement soumis \u00e0 des fusions et acquisitions (M&amp;A). Cependant, \u00e9tant donn\u00e9 que ces M&amp;A sont des cas particuliers, un cabinet d&#8217;avocats disposant de connaissances sp\u00e9cialis\u00e9es et de savoir-faire est requis. Le cabinet d&#8217;avocats Monolith est sp\u00e9cialis\u00e9 dans les domaines de l&#8217;informatique, de l&#8217;Internet et des affaires. Nos avocats s&#8217;occupent de tout, de la r\u00e9daction de contrats \u00e0 la due diligence (DD), pour de nombreuses op\u00e9rations de fusion et acquisition, qu&#8217;il s&#8217;agisse de petits projets impliquant des cha\u00eenes YouTube ou de projets d\u00e9passant les 100 millions de yens.<\/p>\n\t\t\t\t<div class=\"btn-area align-left\">\n\t\t\t\t\t<div class=\"btn icon-m-and-a-of-sns-accounts\"><a href=\"\/fr\/m-and-a-of-sns-accounts\/\">Fusion et acquisition (M&amp;A) de comptes de m\u00e9dias sociaux (SNS)<\/a><\/div>\n\t\t\t\t<\/div>\n\n\t\t\t<\/div>\n\t\t<\/div>\n\t<\/div>\n<\/section>\n\n<section class=\"purple-section\">\n\t<div class=\"anchor\" id=\"mitigating-reputational-damage\"><\/div>\n\t<div class=\"section-inner\">\n\t\t<div class=\"flex reverse\">\n\t\t\t<div class=\"width41\"><img decoding=\"async\" src=\"\/wp-content\/themes\/monolith2021\/img\/pic\/pic_practices-reputation.jpg\" alt=\"Mitigating Reputational Damage\"><\/div>\n\t\t\t<div class=\"width51\">\n\t\t\t\t<h3>Att\u00e9nuation des dommages \u00e0 la r\u00e9putation<\/h3>\n\t\t\t\t<p class=\"mgb-small\">Les pages web n\u00e9gatives qui attaquent les entreprises ou les individus peuvent avoir des effets pr\u00e9judiciables sur leur r\u00e9putation. Cependant, la loi japonaise pr\u00e9voit des dispositions pour la suppression de telles pages web si elles constituent de la diffamation ou une atteinte \u00e0 la vie priv\u00e9e. Au MONOLITH LAW OFFICE, nous sommes sp\u00e9cialis\u00e9s dans les questions juridiques li\u00e9es \u00e0 Internet et avons trait\u00e9 avec succ\u00e8s de nombreuses affaires concernant la suppression d&#8217;informations pr\u00e9judiciables sur Internet.<\/p>\n\t\t\t\t<p class=\"mgb-middle\">Avec notre solide exp\u00e9rience dans le domaine de l&#8217;Internet et notre compr\u00e9hension approfondie des principes juridiques japonais, notre \u00e9quipe d\u00e9vou\u00e9e a aid\u00e9 un large \u00e9ventail de clients, notamment de grandes entreprises et des particuliers, \u00e0 lutter efficacement contre les pages web n\u00e9gatives. Gr\u00e2ce \u00e0 des interventions juridiques strat\u00e9giques, nous travaillons diligemment pour prot\u00e9ger la r\u00e9putation de nos clients et att\u00e9nuer les dommages caus\u00e9s par des contenus diffamatoires ou envahissants pour la vie priv\u00e9e.<\/p>\n\t\t\t\t<div class=\"btn-area align-left\">\n\t\t\t\t\t<div class=\"btn icon-mitigating-reputational-damage\"><a href=\"\/fr\/mitigating-reputational-damage\/\">Att\u00e9nuation des dommages \u00e0 la r\u00e9putation<\/a><\/div>\n\t\t\t\t<\/div>\n\t\t\t<\/div>\n\t\t<\/div>\n\t<\/div>\n<\/section>\n\n<section class=\"white-section\">\n\t<div class=\"anchor\" id=\"id-of-the-defamatory-statement\"><\/div>\n\t<div class=\"section-inner\">\n\t\t<div class=\"flex\">\n\t\t\t<div class=\"width41\"><img decoding=\"async\" src=\"\/wp-content\/themes\/monolith2021\/img\/pic\/pic_reputation.jpg\" alt=\"ID of the Defamatory Statement Source\"><\/div>\n\t\t\t<div class=\"width51\">\n\t\t\t\t<h3>Identifiant de l&#8217;affirmation diffamatoire<\/h3>\n\t\t\t\t<p class=\"mgb-small\">En vertu de la loi japonaise, l&#8217;identification des personnes responsables de publications ill\u00e9gales, telles que celles constituant une diffamation, peut \u00eatre poursuivie par le biais des dispositions de la Loi sur la limitation de la responsabilit\u00e9 des fournisseurs. Cette proc\u00e9dure l\u00e9gale est men\u00e9e devant un tribunal japonais.<\/p>\n\t\t\t\t<p class=\"mgb-middle\">Dans les cas de publications extr\u00eamement malveillantes qui ne peuvent pas \u00eatre ignor\u00e9es, telles que de fausses all\u00e9gations liant un propri\u00e9taire d&#8217;entreprise \u00e0 des forces antisociales, il est crucial d&#8217;identifier les auteurs et de rechercher des sanctions l\u00e9gales appropri\u00e9es. De plus, lorsque des publications ill\u00e9gales se produisent de mani\u00e8re persistante, des efforts doivent \u00eatre d\u00e9ploy\u00e9s pour identifier et pr\u00e9venir leur r\u00e9currence.<\/p>\n\t\t\t\t<div class=\"btn-area align-left\">\n\t\t\t\t\t<div class=\"btn icon-id-of-the-defamatory-statement\"><a href=\"\/fr\/id-of-the-defamatory-statement\/\">Identifiant de l&#8217;affirmation diffamatoire<\/a><\/div>\n\t\t\t<\/div>\n\t\t<\/div>\n\t<\/div>\n<\/section>\n\n<section class=\"orange-section\">\n\t<div class=\"anchor\" id=\"corporate-reputation-management\"><\/div>\n\t<div class=\"section-inner\">\n\t\t<div class=\"flex reverse\">\n\t\t\t<div class=\"width41\"><img decoding=\"async\" src=\"\/en\/wp-content\/uploads\/sites\/6\/2023\/06\/pic_practices-listedcompany.jpg\" alt=\"Corporate Reputational Management\"><\/div>\n\t\t\t<div class=\"width51\">\n\t\t\t\t<h3>Gestion de la r\u00e9putation d&#8217;entreprise<\/h3>\n\t\t\t\t<p class=\"mgb-small\">Lorsqu&#8217;une grande entreprise est confront\u00e9e \u00e0 des dommages \u00e0 sa r\u00e9putation en raison de nombreuses pages Web n\u00e9gatives sur Internet, la r\u00e9solution du probl\u00e8me devient complexe. La priorisation des pages \u00e0 supprimer et l&#8217;\u00e9valuation de la rentabilit\u00e9 des efforts de suppression posent d&#8217;importants d\u00e9fis. En tant que cabinet d&#8217;avocats dot\u00e9 \u00e0 la fois d&#8217;une expertise juridique et d&#8217;une expertise en conseil en informatique, nous proposons des solutions globales adapt\u00e9es \u00e0 ces sc\u00e9narios de probl\u00e8me complexes.<\/p>\n\t\t\t\t<p>Notre \u00e9quipe d&#8217;avocats et de consultants en informatique fournit une expertise en mati\u00e8re de d\u00e9finition des priorit\u00e9s, de conception d&#8217;indicateurs cl\u00e9s de performance (KPI) et d&#8217;estimation des ratios co\u00fbt-avantage en ce qui concerne l&#8217;allocation budg\u00e9taire. Nous abordons la situation de mani\u00e8re similaire aux cabinets de conseil, en offrant une orientation strat\u00e9gique et une analyse pour naviguer efficacement dans le processus.<\/p>\n\t\t\t<\/div>\n\t\t<\/div>\n\t<\/div>\n<\/section>\n\n<section class=\"white-section\">\n\t<div class=\"anchor\" id=\"removal-of-past-unwanted-info\"><\/div>\n\t<div class=\"section-inner\">\n\t\t<div class=\"flex\">\n\t\t\t<div class=\"width41\"><img decoding=\"async\" src=\"\/en\/wp-content\/uploads\/sites\/6\/2023\/06\/pastunwantedcontent.jpg\" alt=\"Removal of Past Unwanted Content\"><\/div>\n\t\t\t<div class=\"width51\">\n\t\t\t\t<h3>Suppression d&#8217;informations ind\u00e9sirables pass\u00e9es<\/h3>\n\t\t\t\t<p class=\"mgb-small\">MONOLITH LAW OFFICE est sp\u00e9cialis\u00e9 dans la r\u00e9solution du d\u00e9fi de la gestion de la pr\u00e9sence en ligne, en particulier pour les individus impliqu\u00e9s dans l&#8217;industrie du divertissement. Nous comprenons que les informations, qu&#8217;elles soient officielles ou non officielles, peuvent avoir un impact durable sur la vie personnelle et professionnelle. Notre cabinet propose des solutions compl\u00e8tes pour r\u00e9pondre \u00e0 ces pr\u00e9occupations, en utilisant une combinaison unique d&#8217;expertise juridique et de technologie de l&#8217;information. Que ce soit pour supprimer du contenu ind\u00e9sirable, g\u00e9rer les empreintes num\u00e9riques ou naviguer dans les probl\u00e8mes de &#8220;droit \u00e0 l&#8217;oubli&#8221;, nous offrons une solution tout-en-un pour prot\u00e9ger votre r\u00e9putation en ligne.<\/p>\n\t\t\t\t<p>Faites confiance \u00e0 MONOLITH LAW OFFICE pour prot\u00e9ger votre vie priv\u00e9e et assurer une transition en douceur vers vos projets futurs.<\/p>\n\t\t\t<\/div>\n\t\t<\/div>\n\t<\/div>\n<\/section>\n\n<section class=\"purple2-section\">\n\t<div class=\"anchor\" id=\"monolith-law-magazine\"><\/div>\n\t<div class=\"section-inner\">\n\t\t    <section class=\"white-section temp-article\">\n        <div class=\"section-inner\">\n            <h4>MONOLITH LAW MAGAZINE<\/h4>\n            <div class=\"articles type_practice_column\">\n                                                                    <div class=\"article article-area\">\n                        <figure>\n                            <div class=\"img-wrap\">\n                                <img alt=\"Apprendre de l'affaire judiciaire entre Dwango et FC2 : l'importance de la contrefa\u00e7on de brevets et du principe de territorialit\u00e9\" src=\"https:\/\/monolith.law\/fr\/wp-content\/uploads\/sites\/12\/2025\/07\/3d197fbdd689457ec22de396ff65b2df.webp\" width=\"500\" height=\"250\">\n                            <\/div>\n                            <figcaption>\n                                <div class=\"figcaption-inner\">\n                                    <h3>Apprendre de l'affaire judiciaire entre Dwango et FC2 : l'importance de la contr.<\/h3>\n                                <\/div>\n                            <\/figcaption>\n                            <a href=\"https:\/\/monolith.law\/fr\/internet\/patent-infringement-territoriality\"><\/a>\n                        <\/figure>\n                    <\/div>\n                                                    <div class=\"article article-area\">\n                        <figure>\n                            <div class=\"img-wrap\">\n                                <img alt=\"Jusqu'o\u00f9 la similarit\u00e9 des marques est-elle tol\u00e9r\u00e9e ? Explication des crit\u00e8res de similarit\u00e9 et des cas de violation des droits de marque\" src=\"https:\/\/monolith.law\/fr\/wp-content\/uploads\/sites\/12\/2025\/07\/eac576e0765af2cac6d210d899b2d93d.webp\" width=\"500\" height=\"250\">\n                            <\/div>\n                            <figcaption>\n                                <div class=\"figcaption-inner\">\n                                    <h3>Jusqu'o\u00f9 la similarit\u00e9 des marques est-elle tol\u00e9r\u00e9e ? Explication des crit\u00e8res d.<\/h3>\n                                <\/div>\n                            <\/figcaption>\n                            <a href=\"https:\/\/monolith.law\/fr\/internet\/trademark-infringement\"><\/a>\n                        <\/figure>\n                    <\/div>\n                                                    <div class=\"article article-area\">\n                        <figure>\n                            <div class=\"img-wrap\">\n                                <img alt=\"Quelle est la responsabilit\u00e9 juridique li\u00e9e \u00e0 la propagation et \u00e0 la diffusion de fausses informations ? Explication de deux responsabilit\u00e9s p\u00e9nales \u00e0 partir d'exemples d'arrestations\" src=\"https:\/\/monolith.law\/fr\/wp-content\/uploads\/sites\/12\/2025\/07\/7d8b9299c2a15a801c04913ba0d80d99.webp\" width=\"500\" height=\"250\">\n                            <\/div>\n                            <figcaption>\n                                <div class=\"figcaption-inner\">\n                                    <h3>Quelle est la responsabilit\u00e9 juridique li\u00e9e \u00e0 la propagation et \u00e0 la diffusion d.<\/h3>\n                                <\/div>\n                            <\/figcaption>\n                            <a href=\"https:\/\/monolith.law\/fr\/internet\/false-information-criminal-liability\"><\/a>\n                        <\/figure>\n                    <\/div>\n                                            <\/div>\n            <div class=\"btn-more\"><a href=\"https:\/\/monolith.law\/fr\/tag\/internet\">Read More<\/a><\/div>\n        <\/div>\n    <\/section>\n\t<\/div>\n<\/section>\n\n<section class=\"orange2-section\">\n\t<div class=\"anchor\" id=\"fee-structure\"><\/div>\n\t<div class=\"section-inner\">\n\t<div class=\"planWrap\">\n\t<h3>Structure tarifaire<\/h3>\n\t<ul class=\"plan\">\n\t\t<li class=\"txt-left\">\n\t\t\t<div class=\"plan-inner\">\n\t\t\t<div class=\"plan-header\">\n\t\t\t<h4 class=\"plan-title\">Taux horaire<\/h4>\n\t\t\t<div class=\"plan-price\"><span class=\"price-figure\">$300<\/span>par heur\u3000<span class=\"price-tax\"> <\/span><\/div>\n\t\t\t<\/div>\n\t\t\t<div class=\"plan-body\">Dans certains cas, nous pouvons envisager d&#8217;accepter un litige ou une action en justice avec des frais initiaux et des frais de r\u00e9sultat. Pour plus de d\u00e9tails, n&#8217;h\u00e9sitez pas \u00e0 nous contacter.<\/div>\n\t\t\t<\/div>\n\t\t<\/li>\n\t\t<li class=\"txt-left\">\n\t\t\t<div class=\"plan-inner\">\n\t\t\t<div class=\"plan-header\">\n\t\t\t<h4 class=\"plan-title\">Drafting Contracts<\/h4>\n\t\t\t<div class=\"plan-price\"><span class=\"price-value\">De<\/span><span class=\"price-figure\">$500<\/span><span class=\"price-value\">\u00e0  $2,000 ou plus<\/span><span class=\"price-tax\"><\/span><\/div>\n\t\t\t<\/div>\n\t\t\t<div class=\"plan-body\">La structure tarifaire peut varier en fonction du type et de la quantit\u00e9 de contrats. Nous serions ravis de vous fournir une estimation pr\u00e9liminaire sur demande, vous encourageant ainsi \u00e0 nous contacter pour plus de d\u00e9tails.<\/div>\n\t\t\t<\/div>\n\t\t<\/li>\n\t\t<li class=\"txt-left\">\n\t\t\t<div class=\"plan-inner\">\n\t\t\t<div class=\"plan-header\">\n\t\t\t<h4 class=\"plan-title\">Autres Services<\/h4>\n\t\t\t<div class=\"plan-price\"><span class=\"price-figure\">Contactez-nous<\/span><\/div>\n\t\t\t<\/div>\n\t\t\t<div class=\"plan-body\">Nous proposons une large gamme de services, y compris la cr\u00e9ation de soci\u00e9t\u00e9s, la r\u00e9vision de contrats, des avis juridiques, des \u00e9tudes de cas, ou des lettres de recherche. Si vous avez des questions ou des pr\u00e9occupations, nous vous invitons cordialement \u00e0 nous contacter, et notre \u00e9quipe comp\u00e9tente sera heureuse de vous aider.<\/div>\n\t\t\t<\/div>\n\t\t\t<\/div>\n\t\t<\/li>\n\t<\/ul>\n\t<\/div>\n\t<\/div>\n<\/section>\n\n<section class=\"white-section\">\n\t<div class=\"section-inner\">\n\t\t<div class=\"btn-area\">\n\t\t\t<div class=\"btn icon-contact\"><a href=\"\/fr\/contact\">Contactez-nous<\/a><\/div>\n\t\t<\/div>\n\t<\/div>\n<\/section>\n","protected":false},"excerpt":{"rendered":"<p>Internet En tant que cabinet d&#8217;avocats dot\u00e9 d&#8217;une solide expertise en informatique, nous avons fait nos preuves en fournissant un soutien juridique complet aux entrepreneurs de l&#8217;ind [&hellip;]<\/p>\n","protected":false},"author":1,"featured_media":57159,"parent":0,"menu_order":0,"comment_status":"closed","ping_status":"closed","template":"other-page-temp.php","meta":{"footnotes":""},"acf":[],"_links":{"self":[{"href":"https:\/\/monolith.law\/fr\/wp-json\/wp\/v2\/pages\/56080"}],"collection":[{"href":"https:\/\/monolith.law\/fr\/wp-json\/wp\/v2\/pages"}],"about":[{"href":"https:\/\/monolith.law\/fr\/wp-json\/wp\/v2\/types\/page"}],"author":[{"embeddable":true,"href":"https:\/\/monolith.law\/fr\/wp-json\/wp\/v2\/users\/1"}],"replies":[{"embeddable":true,"href":"https:\/\/monolith.law\/fr\/wp-json\/wp\/v2\/comments?post=56080"}],"version-history":[{"count":28,"href":"https:\/\/monolith.law\/fr\/wp-json\/wp\/v2\/pages\/56080\/revisions"}],"predecessor-version":[{"id":70210,"href":"https:\/\/monolith.law\/fr\/wp-json\/wp\/v2\/pages\/56080\/revisions\/70210"}],"wp:featuredmedia":[{"embeddable":true,"href":"https:\/\/monolith.law\/fr\/wp-json\/wp\/v2\/media\/57159"}],"wp:attachment":[{"href":"https:\/\/monolith.law\/fr\/wp-json\/wp\/v2\/media?parent=56080"}],"curies":[{"name":"wp","href":"https:\/\/api.w.org\/{rel}","templated":true}]}}