{"id":25864,"date":"2023-11-11T23:30:39","date_gmt":"2023-11-11T14:30:39","guid":{"rendered":"https:\/\/monolith.law\/?page_id=25864"},"modified":"2024-04-25T17:25:15","modified_gmt":"2024-04-25T08:25:15","slug":"access","status":"publish","type":"page","link":"https:\/\/monolith.law\/hu\/access","title":{"rendered":"Hozz\u00e1f\u00e9r\u00e9s"},"content":{"rendered":"\n<section class=\"heading-area\">\n\t<div class=\"heading-area-inner\">\n\t\t<h2 class=\"icon-access\">Hozz\u00e1f\u00e9r\u00e9s<\/h2>\n\t<\/div>\n<\/section>\n<section class=\"second-nav\">\n\t<div class=\"second-nav-inner\">\n\t\t<p>T\u00c9M\u00c1K<\/p>\n\t\t<nav>\n\t\t\t<ul>\n\t\t\t\t<li><a href=\"#law-firm-with-strength-in-it-internet-and-business\">Jogi Iroda, mely er\u0151s az IT-ben, Interneten \u00e9s \u00dczleti ter\u00fcleten<\/a><\/li>\n\t\t\t\t<li><a href=\"#access-map\">Hozz\u00e1f\u00e9r\u00e9si T\u00e9rk\u00e9p<\/a><\/li>\n\t\t\t\t<li><a href=\"#expansion-and-relocation-to-otemachi-financial-city\">B\u0151v\u00edt\u00e9s \u00e9s K\u00f6lt\u00f6z\u00e9s az Otemachi P\u00e9nz\u00fcgyi V\u00e1rosba<\/a><\/li>\n\t\t\t<\/ul>\n\t\t<\/nav>\n\t<\/div>\n<\/section>\n<section class=\"white-section\">\n\t<div class=\"anchor\" id=\"law-firm-with-strength-in-it-internet-and-business\"><\/div>\n\t<div class=\"section-inner\">\n\t\t<div class=\"flex\">\n\t\t\t<div class=\"width41\"><img decoding=\"async\" src=\"\/wp-content\/themes\/monolith2021\/img\/access\/access_pic1.jpg\" alt=\"Jogi Iroda, mely er\u0151s az IT-ben, Interneten \u00e9s \u00dczleti ter\u00fcleten\"><\/div>\n\t\t\t<div class=\"width51\">\n\t\t\t\t<h3>Jogi Iroda, mely er\u0151s az IT-ben, Interneten \u00e9s \u00dczleti ter\u00fcleten<\/h3>\n\t\t\t\t<p class=\"mgb-small\">A MONOLITH LAW OFFICE egy Toki\u00f3, Chiyoda-ku, Otemachi-ben tal\u00e1lhat\u00f3 jogi iroda. K\u00f6zvetlen \u00f6sszek\u00f6ttet\u00e9sben \u00e1ll az Otemachi \u00e1llom\u00e1ssal \u00e9s 7 perces s\u00e9t\u00e1ra van a Toki\u00f3i \u00e1llom\u00e1st\u00f3l.<\/p>\n\t\t\t\t<p class=\"mgb-small\">Jogi tan\u00e1csad\u00f3k\u00e9nt szolg\u00e1ltunk m\u00e1r 1087 v\u00e1llalatnak, amelyek k\u00f6z\u00f6tt megtal\u00e1lhat\u00f3ak a TSE prime-on jegyzett t\u00e1rsas\u00e1gokt\u00f3l kezdve a magvet\u0151 szakaszban l\u00e9v\u0151 v\u00e1llalkoz\u00e1sokig. Az IT\/internet ter\u00fclet\u00e9n v\u00e9gzett munk\u00e1nk mag\u00e1ban foglalja a h\u00edrn\u00e9v k\u00e1ros\u00edt\u00e1s\u00e1nak megel\u0151z\u00e9s\u00e9t, a r\u00e1galmaz\u00e1s elleni v\u00e9dekez\u00e9st \u00e9s a rendszerfejleszt\u00e9ssel kapcsolatos vit\u00e1k rendez\u00e9s\u00e9t. Emellett jogi szolg\u00e1ltat\u00e1sokat ny\u00fajtunk startup v\u00e1llalatok sz\u00e1m\u00e1ra is, bele\u00e9rtve a TSE-n jegyzett v\u00e1llalatok 100 milli\u00f3 jen feletti befektet\u00e9seit \u00e9s a v\u00e1llalkoz\u00e1sok \u00e1ltal v\u00e9grehajtott M&amp;A tranzakci\u00f3kat. Eddig 1855 \u00fcgyf\u00e9l r\u00e9sz\u00e9re ny\u00fajtottunk jogi szolg\u00e1ltat\u00e1sokat.<\/p>\n\t\t\t\t<p class=\"mgb-middle\">&#8220;Az IT \u00e9s az \u00fczleti \u00e9let meg\u00e9rt\u00e9se&#8221; az, ami k\u00fcl\u00f6nlegess\u00e9 tesz minket.<\/p>\n\t\t\t\t<div class=\"btn-area\">\n\t\t\t\t\t<div class=\"btn icon-services\"><a href=\"\/hu\/services\">Szolg\u00e1ltat\u00e1sok<\/a><\/div>\n\t\t\t\t\t<div class=\"btn icon-overview-of-our-firm\"><a href=\"\/hu\/overview-of-our-firm\">Irod\u00e1nk bemutat\u00e1sa<\/a><\/div>\n\t\t\t\t<\/div>\n\t\t\t<\/div>\n\t\t<\/div>\n\t<\/div>\n<\/section>\n<section class=\"purple-section\">\n\t<div class=\"anchor\" id=\"access-map\"><\/div>\n\t<div class=\"section-inner\">\n\t\t<div class=\"flex reverse\">\n\t\t\t<div class=\"width41\"><img decoding=\"async\" src=\"\/wp-content\/themes\/monolith2021\/img\/about\/about_pic2.jpg\" alt=\"MONOLITH LAW OFFICE\"><\/div>\n\t\t\t<div class=\"width51\">\n\t\t\t\t<h3>MONOLITH LAW OFFICE (Otemachi iroda)<\/h3>\n\t\t\t\t<p><a href=\"https:\/\/goo.gl\/maps\/YfcgPhBgXFyg1hHF6\" target=\"_blank\" rel=\"noopener noreferrer\">21\/F Financial City North Tower 1-9-5 Otemachi, Chiyoda-ku Tokyo 100-0004, Japan <\/a><\/p>\n\t\t\t\t<p>Toki\u00f3i metr\u00f3: Marunouchi vonal, Tozai vonal, Chiyoda vonal, Hanzomon vonal, Toei metr\u00f3 Mita vonal<\/p>\n\t\t\t\t<p class=\"mgb-small\"><a href=\"https:\/\/www.tokyometro.jp\/station\/otemachi\/yardmap\/index.html\" target=\"_blank\" rel=\"noopener noreferrer\">K\u00f6zvetlen hozz\u00e1f\u00e9r\u00e9s az Otemachi \u00e1llom\u00e1s A1 kij\u00e1rat\u00e1t\u00f3l<\/a><\/p>\n\t\t\t\t<p>Sinkanszen: Tohoku Sinkanszen, Joetsu Sinkanszen, Hokuriku Sinkanszen, Hokkaido Sinkanszen, Yamagata Sinkanszen, Akita Sinkanszen, JR Tokaido vonal, Keihin Tohoku vonal, Yamanote vonal, Chuo vonal, Yokosuka vonal, Keiyo vonal, Toki\u00f3i metr\u00f3 Marunouchi vonal<\/p>\n\t\t\t\t<p class=\"mgb-small\"><a href=\"https:\/\/www.tokyometro.jp\/station\/tokyo\/index.html\" target=\"_blank\" rel=\"noopener noreferrer\">7 perc s\u00e9ta a Tokyo \u00e1llom\u00e1s Marunouchi \u00c9szaki kij\u00e1rat\u00e1t\u00f3l<\/a><\/p>\n\t\t\t\t<p>Otemachi P\u00e9nz\u00fcgyi V\u00e1ros Parkol\u00f3ja<\/p>\n\t\t\t\t<p class=\"mgb-middle\"><a href=\"https:\/\/www.otemachi-financialcity.jp\/access\/\">1-9-5, 1-9-7, Otemachi, Chiyoda-ku, Tokyo<\/a><\/p>\n\t\t\t\t<div class=\"btn-area align-left\">\n\t\t\t\t\t<div class=\"btn icon-contact\"><a href=\"\/hu\/contact\">Kapcsolatfelv\u00e9tel<\/a><\/div>\n\t\t\t\t<\/div>\n\t\t\t<\/div>\n\t\t<\/div>\n\t<\/div>\n<\/section>\t \n<section class=\"google-maps\"><\/section>\n<section class=\"white-section\">\n\t<div class=\"anchor\" id=\"expansion-and-relocation-to-otemachi-financial-city\"><\/div>\n\t<div class=\"section-inner\">\n\t\t<div class=\"flex\">\n\t\t\t<div class=\"width41\"><img decoding=\"async\" src=\"\/wp-content\/uploads\/2022\/11\/financialcity.jpg\" alt=\"B\u0151v\u00edt\u00e9s \u00e9s k\u00f6lt\u00f6z\u00e9s az Otemachi P\u00e9nz\u00fcgyi V\u00e1rosba\"><\/div>\n\t\t\t<div class=\"width51\">\n\t\t\t\t<h3>B\u0151v\u00edt\u00e9s \u00e9s K\u00f6lt\u00f6z\u00e9s az Otemachi P\u00e9nz\u00fcgyi V\u00e1rosba<\/h3>\n\t\t\t\t<p class=\"mgb-small\">A MONOLITH LAW OFFICE 2017 m\u00e1rcius\u00e1ban nyitotta meg kapuit Yotsuy\u00e1ban, Shinjuku-ku, Toki\u00f3ban, majd 2018 augusztus\u00e1ban, k\u00f6sz\u00f6nhet\u0151en a t\u00e1mogat\u00e1suknak, Otemachiba k\u00f6lt\u00f6z\u00f6tt (Asahi Seimei Otemachi \u00e9p\u00fclet). 2020 m\u00e1rcius\u00e1ban jogi irod\u00e1v\u00e1 alakult. 2020 december\u00e9ben megnyitottuk fi\u00f3k irod\u00e1nkat ugyanabban az \u00e9p\u00fcletben, ahol az Otemachi irod\u00e1nk tal\u00e1lhat\u00f3 (Asahi Seimei Otemachi \u00e9p\u00fclet), a 29. emeleten.<\/p>\n\t\t\t\t<p class=\"mgb-small\">Ezt k\u00f6vet\u0151en, 2022 szeptember\u00e9ben b\u0151v\u00edtett\u00fcnk \u00e9s az Otemachi P\u00e9nz\u00fcgyi V\u00e1rosba k\u00f6lt\u00f6zt\u00fcnk.<\/p>\n\t\t\t\t<p class=\"mgb-small\">V\u00e1rjuk a tov\u00e1bbi egy\u00fcttm\u0171k\u00f6d\u00e9st.<\/p>\n\t\t\t<\/div>\n\t\t<\/div>\n\t<\/div>\n<\/section>\n","protected":false},"excerpt":{"rendered":"<p>Hozz\u00e1f\u00e9r\u00e9s T\u00c9M\u00c1K Jogi Iroda, mely er\u0151s az IT-ben, Interneten \u00e9s \u00dczleti ter\u00fcleten Hozz\u00e1f\u00e9r\u00e9si T\u00e9rk\u00e9p B\u0151v\u00edt\u00e9s \u00e9s K\u00f6lt\u00f6z\u00e9s az Otemachi P\u00e9nz\u00fcgyi V\u00e1rosba Jogi Iroda, mely er\u0151s az IT-ben, Interneten \u00e9s \u00dczle [&hellip;]<\/p>\n","protected":false},"author":1,"featured_media":57041,"parent":0,"menu_order":10,"comment_status":"closed","ping_status":"closed","template":"other-page-temp.php","meta":{"footnotes":""},"acf":[],"_links":{"self":[{"href":"https:\/\/monolith.law\/hu\/wp-json\/wp\/v2\/pages\/25864"}],"collection":[{"href":"https:\/\/monolith.law\/hu\/wp-json\/wp\/v2\/pages"}],"about":[{"href":"https:\/\/monolith.law\/hu\/wp-json\/wp\/v2\/types\/page"}],"author":[{"embeddable":true,"href":"https:\/\/monolith.law\/hu\/wp-json\/wp\/v2\/users\/1"}],"replies":[{"embeddable":true,"href":"https:\/\/monolith.law\/hu\/wp-json\/wp\/v2\/comments?post=25864"}],"version-history":[{"count":29,"href":"https:\/\/monolith.law\/hu\/wp-json\/wp\/v2\/pages\/25864\/revisions"}],"predecessor-version":[{"id":64076,"href":"https:\/\/monolith.law\/hu\/wp-json\/wp\/v2\/pages\/25864\/revisions\/64076"}],"wp:featuredmedia":[{"embeddable":true,"href":"https:\/\/monolith.law\/hu\/wp-json\/wp\/v2\/media\/57041"}],"wp:attachment":[{"href":"https:\/\/monolith.law\/hu\/wp-json\/wp\/v2\/media?parent=25864"}],"curies":[{"name":"wp","href":"https:\/\/api.w.org\/{rel}","templated":true}]}}