{"id":30628,"date":"2023-11-07T23:40:08","date_gmt":"2023-11-07T14:40:08","guid":{"rendered":"https:\/\/monolith.law\/?page_id=30628"},"modified":"2024-04-25T18:15:22","modified_gmt":"2024-04-25T09:15:22","slug":"contract-drafting-and-review","status":"publish","type":"page","link":"https:\/\/monolith.law\/hu\/contract-drafting-and-review","title":{"rendered":"Szerz\u0151d\u00e9stervez\u00e9s \u00e9s Fel\u00fclvizsg\u00e1lat"},"content":{"rendered":"\n<section class=\"heading-area\">\n\t<div class=\"heading-area-inner\">\n\t\t<h2 class=\"icon-contract-drafting-and-review\">Szerz\u0151d\u00e9stervez\u00e9s \u00e9s Fel\u00fclvizsg\u00e1lat<\/h2>\n\t\t<p>IT \u00e9s startup v\u00e1llalatok jogi tan\u00e1csad\u00f3jak\u00e9nt, illetve alkalmank\u00e9nt v\u00e1llalatok IT jogi tan\u00e1csad\u00f3jak\u00e9nt sz\u00e9les k\u00f6r\u0171, magasan szakosodott IT-joghoz kapcsol\u00f3d\u00f3 szerz\u0151d\u00e9seket tervez\u00fcnk \u00e9s vizsg\u00e1lunk fel\u00fcl. C\u00e9lunk, hogy biztos poz\u00edci\u00f3t biztos\u00edtsunk a gyorsan v\u00e1ltoz\u00f3 \u00fczleti k\u00f6rnyezetben Jap\u00e1nban.<\/p>\n\t<\/div>\n<\/section>\n<section class=\"white-section mgb-section\">\n\t<div class=\"section-inner pdt0 border-bottom-section\">\n\t\t<p>A MONOLITH LAW OFFICE jogi tan\u00e1csad\u00f3k\u00e9nt m\u0171k\u00f6dik a jap\u00e1n IT \u00e9s startup v\u00e1llalatok sz\u00e1m\u00e1ra k\u00fcl\u00f6nf\u00e9le szerz\u0151d\u00e9sekkel kapcsolatban, bele\u00e9rtve az \u00e1tadott m\u0171veletekkel kapcsolatos kiszervez\u00e9si szerz\u0151d\u00e9seket, term\u00e9keikkel kapcsolatos felhaszn\u00e1l\u00e1si \u00e9s \u00fcgyn\u00f6ki szerz\u0151d\u00e9seket, t\u0151kebeli szerz\u0151d\u00e9sekhez kapcsol\u00f3d\u00f3 befektet\u00e9si szerz\u0151d\u00e9seket \u00e9s r\u00e9szv\u00e9nyesi meg\u00e1llapod\u00e1sokat, valamint a v\u00e1llalathoz kapcsol\u00f3d\u00f3 munkaszerz\u0151d\u00e9seket. Emellett jap\u00e1n \u00fczleti v\u00e1llalatok IT jogi k\u00e9pvisel\u0151jek\u00e9nt is tev\u00e9kenyked\u00fcnk.<br>Tov\u00e1bb\u00e1, mint m\u0171k\u00f6d\u0151 v\u00e1llalatok IT jogi k\u00e9pvisel\u0151i, \u00faj IT-kapcsolatos \u00fczleti tev\u00e9kenys\u00e9gekkel kapcsolatos szerz\u0151d\u00e9seket tervez\u00fcnk \u00e9s vizsg\u00e1lunk fel\u00fcl, IT v\u00e1llalatoknak t\u00f6rt\u00e9n\u0151 kiszervez\u00e9ssel kapcsolatos szerz\u0151d\u00e9seket, \u00e9s egy\u00e9b szerz\u0151d\u00e9seket is.<\/p>\n\t<\/div>\n<\/section>\n<section class=\"white-section\">\n\t<div class=\"section-inner pdt0\">\n\t\t<h3 class=\"ttl-enjp mgb-middle\"><span class=\"en\"><\/span><span class=\"ja\">A MONOLITH LAW OFFICE jellemz\u0151i<\/span><\/h3>\n\t\t<ol class=\"practices-list\">\n\t\t\t<li>\n\t\t\t\t<h4><img decoding=\"async\" src=\"\/wp-content\/themes\/monolith_en\/img\/practices\/practices_1_1.svg\" alt=\"1. Start-up Jogi Szolg\u00e1ltat\u00e1sok\"><\/h4>\n\t\t\t\t<img decoding=\"async\" src=\"\/wp-content\/themes\/monolith2021\/img\/practices\/practices_1_1_pic.png\" alt=\"Start-up Jogi Szolg\u00e1ltat\u00e1sok\">\n\t\t\t\t<p>Rendelkez\u00fcnk sz\u00e9lesk\u00f6r\u0171 tapasztalattal a v\u00e1llalkoz\u00e1sokkal \u00e9s t\u0151k\u00e9vel kapcsolatos jogi szolg\u00e1ltat\u00e1sok ter\u00e9n, bele\u00e9rtve a finansz\u00edroz\u00e1s bevon\u00e1s\u00e1t, \u00fczleti \u00e1tad\u00e1sokat \u00e9s felv\u00e1s\u00e1rl\u00e1sokat Jap\u00e1nban.<\/p>\n\t\t\t<\/li>\n\t\t\t<li>\n\t\t\t\t<h4><img decoding=\"async\" src=\"\/wp-content\/themes\/monolith_en\/img\/practices\/practices_1_2.svg\" alt=\"2. IT \u00e9s Szellemi Tulajdon Jogi Szolg\u00e1ltat\u00e1sok\"><\/h4>\n\t\t\t\t<img decoding=\"async\" src=\"\/wp-content\/themes\/monolith2021\/img\/practices\/practices_1_2_pic.png\" alt=\"IT \u00e9s Szellemi Tulajdon Jogi Szolg\u00e1ltat\u00e1sok\">\n\t\t\t\t<p>\u00dcgyv\u00e9deink, bele\u00e9rtve alap\u00edt\u00f3 \u00fcgyv\u00e9d\u00fcnket, aki kor\u00e1bban m\u00e9rn\u00f6k volt, igyekeznek m\u00e9lyrehat\u00f3an meg\u00e9rteni term\u00e9k\u00e9t, n\u00e9ha a k\u00f3d olvas\u00e1s\u00e1val.<\/p>\n\t\t\t<\/li>\n\t\t\t<li>\n\t\t\t\t<h4><img decoding=\"async\" src=\"\/wp-content\/themes\/monolith_en\/img\/practices\/practices_1_3.svg\" alt=\"3. Gyorsas\u00e1g\"><\/h4>\n\t\t\t\t<img decoding=\"async\" src=\"\/wp-content\/themes\/monolith2021\/img\/practices\/practices_1_3_pic.png\" alt=\"Gyorsas\u00e1g\">\n\t\t\t\t<p>Tiszt\u00e1ban vagyunk a gyors v\u00e1laszad\u00e1s fontoss\u00e1g\u00e1val \u00fczleti ig\u00e9nyeire, \u00e9s \u00e1ltal\u00e1ban egy munkanapon bel\u00fcl v\u00e1laszolunk.<\/p>\n\t\t\t<\/li>\n\t\t\t<li>\n\t\t\t\t<h4><img decoding=\"async\" src=\"\/wp-content\/themes\/monolith_en\/img\/practices\/practices_1_4.svg\" alt=\"4. KKV-k sz\u00e1m\u00e1ra ny\u00fajtott v\u00e1llalati jogi szolg\u00e1ltat\u00e1sok\"><\/h4>\n\t\t\t\t<img decoding=\"async\" src=\"\/wp-content\/themes\/monolith2021\/img\/practices\/practices_1_4_pic.png\" alt=\"KKV-k sz\u00e1m\u00e1ra ny\u00fajtott v\u00e1llalati jogi szolg\u00e1ltat\u00e1sok\">\n\t\t\t\t<p>Alap\u00edt\u00f3 \u00fcgyv\u00e9d\u00fcnk, aki rendelkezik tapasztalattal a jap\u00e1n v\u00e1llalati menedzsmentben, meg\u00e9rti a v\u00e1llalkoz\u00e1s m\u0171k\u00f6dtet\u00e9s\u00e9nek kih\u00edv\u00e1sait.<\/p>\n\t\t\t<\/li>\n\t\t<\/ol>\n\t<\/div>\n<\/section>\n<section class=\"second-nav\">\n\t<div class=\"second-nav-inner\">\n\t\t<p>T\u00c9M\u00c1K<\/p>\n\t\t<nav>\n\t\t\t<ul>\n\t\t\t\t<li><a href=\"#our-experience-in-contract-drafting-etc\">Tapasztalataink a szerz\u0151d\u00e9sk\u00e9sz\u00edt\u00e9sben, stb.<\/a><\/li>\n\t\t\t\t<li><a href=\"#handling-more-than-3000-contracts-per-year-as-an-organization\">\u00c9vente t\u00f6bb mint 3 000 szerz\u0151d\u00e9s kezel\u00e9se<\/a><\/li>\n\t\t\t\t<li><a href=\"#IT\">IT<\/a><\/li>\n\t\t\t\t<li><a href=\"#extensive-experience-in-investment-contracts-etc\">Kiterjedt tapasztalatok a befektet\u00e9si meg\u00e1llapod\u00e1sokban, stb.<\/a><\/li>\n\t\t\t\t<li><a href=\"#examples-of-support-provided-by-our-firm\">A MONOLITH LAW OFFICE \u00e1ltal ny\u00fajtott t\u00e1mogat\u00e1s p\u00e9ld\u00e1i<\/a><\/li>\n\t\t\t\t<li><a href=\"#monolith-law-magazine\">MONOLITH LAW MAGAZINE<\/a><\/li>\n\t\t\t\t<li><a href=\"#fee-structure\">D\u00edjszab\u00e1s<\/a><\/li>\n\t\t\t<\/ul>\n\t\t<\/nav>\n\t<\/div>\n<\/section>\n<section class=\"white-section mgt-section mgb-section\">\n\t<div class=\"anchor\" id=\"our-experience-in-contract-drafting-etc\"><\/div>\n\t<div class=\"section-inner-black\">\n\t\t<h3>Tapasztalataink a szerz\u0151d\u00e9sk\u00e9sz\u00edt\u00e9sben,<br class=\"spOnly\">stb.<\/h3>\n\t\t<p class=\"mgb-middle\">A MONOLITH LAW OFFICE, mint egy &#8220;IT, Internet \u00e9s \u00dczlet&#8221; ter\u00fclet\u00e9n szakosodott \u00fcgyv\u00e9di iroda, k\u00fcl\u00f6nf\u00e9le IT-vel \u00e9s \u00fczlettel kapcsolatos szerz\u0151d\u00e9sek k\u00e9sz\u00edt\u00e9s\u00e9vel \u00e9s fel\u00fclvizsg\u00e1lat\u00e1val foglalkoz\u00f3 szolg\u00e1ltat\u00e1sokat ny\u00fajt. Szolg\u00e1ltat\u00e1saink k\u00f6z\u00e9 tartoznak, de nem korl\u00e1toz\u00f3dnak az al\u00e1bbiakra:<\/p>\n\t\t<p class=\"mgb-middle\">SEO kiszervez\u00e9si szerz\u0151d\u00e9s, SNS kezel\u00e9si kiszervez\u00e9si szerz\u0151d\u00e9s, F\u00fazi\u00f3s szerz\u0151d\u00e9s, R\u00e9szv\u00e9ny\u00e1tad\u00e1si szerz\u0151d\u00e9s, R\u00e9szv\u00e9nyel\u0151fizet\u00e9si szerz\u0151d\u00e9s, K\u00f6z\u00f6s kutat\u00e1si szerz\u0151d\u00e9s, K\u00f6z\u00f6s v\u00e1llalkoz\u00e1si szerz\u0151d\u00e9s, Szolg\u00e1ltat\u00e1si szerz\u0151d\u00e9s, \u00dczleti egy\u00fcttm\u0171k\u00f6d\u00e9si szerz\u0151d\u00e9s, K\u00f6lcs\u00f6nszerz\u0151d\u00e9s, Rekl\u00e1mkiszervez\u00e9si szerz\u0151d\u00e9s, Alapvet\u0151 rekl\u00e1m\u00fcgyleti szerz\u0151d\u00e9s, Tan\u00e1csad\u00f3i szerz\u0151d\u00e9s, Munkaszerz\u0151d\u00e9s, Tan\u00e1csad\u00f3i szerz\u0151d\u00e9s, K\u00f6vetel\u00e9s\u00e1truh\u00e1z\u00e1si szerz\u0151d\u00e9s, Biztos\u00edt\u00e9ki jog \u00e1truh\u00e1z\u00e1si szerz\u0151d\u00e9s, \u00dczlet\u00e1truh\u00e1z\u00e1si szerz\u0151d\u00e9s, V\u00e9djegy\u00e1truh\u00e1z\u00e1si szerz\u0151d\u00e9s, Alapvet\u0151 toborz\u00e1si szerz\u0151d\u00e9s, T\u0151ke- \u00e9s \u00fczleti egy\u00fcttm\u0171k\u00f6d\u00e9si szerz\u0151d\u00e9s, Korl\u00e1tozott felel\u0151ss\u00e9g\u0171 szerz\u0151d\u00e9s, Tehets\u00e9gkezel\u00e9si szerz\u0151d\u00e9s, V\u00e9gkiel\u00e9g\u00edt\u00e9si szerz\u0151d\u00e9s, \u00dcgyn\u00f6ki szerz\u0151d\u00e9s, Szerz\u0151i jog \u00e1truh\u00e1z\u00e1si szerz\u0151d\u00e9s, Befektet\u00e9si szerz\u0151d\u00e9s, Alapvet\u0151 v\u00e1s\u00e1rl\u00e1si szerz\u0151d\u00e9s, Disztrib\u00fatori szerz\u0151d\u00e9s, Titoktart\u00e1si szerz\u0151d\u00e9s, Franchise szerz\u0151d\u00e9s, \u00c1ltal\u00e1nos el\u0151fizet\u00e9si szerz\u0151d\u00e9s, Menedzsment szerz\u0151d\u00e9s, MEO szerz\u0151d\u00e9s, Licencszerz\u0151d\u00e9s, Munkaer\u0151-k\u00f6lcs\u00f6nz\u00e9si szerz\u0151d\u00e9s, Egyezs\u00e9gi szerz\u0151d\u00e9s<\/p>\n\t<\/div>\n<\/section>\n<section class=\"purple-section\">\n\t<div class=\"anchor\" id=\"handling-more-than-3000-contracts-per-year-as-an-organization\"><\/div>\n\t<div class=\"section-inner\">\n\t\t<div class=\"flex\">\n\t\t\t<div class=\"width51\">\n\t\t\t\t<h3>\u00c9vente t\u00f6bb mint 3 000 szerz\u0151d\u00e9s kezel\u00e9se<\/h3>\n\t\t\t\t<p class=\"mgb-small\">A MONOLITH LAW OFFICE egy olyan szervezet, amelyet 30 \u00fcgyv\u00e9d alkot, \u00e9l\u00e9n a megalap\u00edt\u00f3 \u00fcgyv\u00e9d\u00fcnkkel, aki kor\u00e1bban IT m\u00e9rn\u00f6k \u00e9s \u00fczleti vezet\u0151 volt.<\/p>\n\t\t\t\t<p class=\"mgb-small\">C\u00e9g\u00fcnk \u00e9vente t\u00f6bb mint 3 000 szerz\u0151d\u00e9st k\u00e9sz\u00edt \u00e9s vizsg\u00e1l fel\u00fcl, ami sz\u00e9lesk\u00f6r\u0171 tapasztalatot \u00e9s szak\u00e9rtelmet mutat ezen a ter\u00fcleten.<\/p>\n\t\t\t\t<p>*A grafikonok becsl\u00e9seken alapul\u00f3 adatokon alapulnak, \u00e9s ak\u00e1r 20%-os hiba is el\u0151fordulhat.<\/p>\n\t\t\t<\/div>\n\t\t\t<div class=\"width41\"><img decoding=\"async\" src=\"\/wp-content\/themes\/monolith_en\/img\/contractcreation\/contractcreation_pic1.png\" alt=\"\u00c9vente t\u00f6bb mint 2 000 szerz\u0151d\u00e9s kezel\u00e9se szervezetk\u00e9nt\"><\/div>\n\t\t<\/div>\n\t<\/div>\n<\/section>\n\n<section class=\"white-section\">\n\t<div id=\"IT\"><\/div>\n\t<div class=\"section-inner\">\n\t<div class=\"flex\">\n\t<div class=\"width41\"><img decoding=\"async\" src=\"\/wp-content\/themes\/monolith2021\/img\/pic\/pic_practices-itlaw.jpg\" alt=\"IT\" \/><\/div>\n\t<div class=\"width51\">\n\t\t<h3>IT<\/h3>\n\t\t<p class=\"mgb-middle\">A MONOLITH LAW OFFICE az IT jog ter\u00fclet\u00e9n specializ\u00e1l\u00f3dott, \u00e9s \u00e1tfog\u00f3 jogi t\u00e1mogat\u00e1st ny\u00fajt k\u00fcl\u00f6nb\u00f6z\u0151 IT v\u00e1llalatok sz\u00e1m\u00e1ra. Szak\u00e9rtelm\u00fcnk mag\u00e1ban foglalja a cs\u00facstechnol\u00f3gi\u00e1val kapcsolatos szerz\u0151d\u00e9sek megfogalmaz\u00e1s\u00e1t, valamint a startup v\u00e1llalatokba t\u00f6rt\u00e9n\u0151 befektet\u00e9seket \u00e9s M&amp;A tranzakci\u00f3kat. Sz\u00e9lesk\u00f6r\u0171 tapasztalatunkkal a szerz\u0151d\u00e9sek megfogalmaz\u00e1s\u00e1ban, k\u00fcl\u00f6n\u00f6sen az IT szektorban, j\u00f3l felk\u00e9sz\u00fclt\u00fcnk a technol\u00f3giai v\u00e1llalkoz\u00e1sok egyedi jogi ig\u00e9nyeinek kiel\u00e9g\u00edt\u00e9s\u00e9re.<\/p>\n\t\t<div class=\"btn-area align-left\">\n\t\t\t<div class=\"btn icon-it\"><a href=\"\/hu\/it\">IT<\/a><\/div>\n\t\t<\/div>\n\t<\/div>\n\t<\/div>\n\t<\/div>\n<\/section>\n\n<section class=\"white-section\">\n\t<div class=\"anchor\" id=\"extensive-experience-in-investment-contracts-etc\"><\/div>\n\t<div class=\"section-inner-black\">\n\t\t<h3>Kiterjedt tapasztalatok a befektet\u00e9si meg\u00e1llapod\u00e1sokban, stb.<\/h3>\n\t\t<p class=\"mgb-middle\">A harmadik felek r\u00e9sz\u00e9re t\u00f6rt\u00e9n\u0151 r\u00e9szv\u00e9nykiad\u00e1sok kapcs\u00e1n a MONOLITH LAW OFFICE minden l\u00e9p\u00e9st kezel, a felt\u00e9telek meghat\u00e1roz\u00e1s\u00e1t\u00f3l kezdve az befektet\u00e9si meg\u00e1llapod\u00e1sok \u00e9s r\u00e9szv\u00e9nyesi meg\u00e1llapod\u00e1sok kidolgoz\u00e1s\u00e1ig. Foglalkozunk tov\u00e1bb\u00e1 a preferenci\u00e1lis kifizet\u00e9seket el\u0151\u00edr\u00f3 oszt\u00e1lyr\u00e9szv\u00e9nyek tervez\u00e9s\u00e9vel, r\u00e9szv\u00e9nyopci\u00f3k kibocs\u00e1t\u00e1s\u00e1val, alap\u00edt\u00f3k k\u00f6z\u00f6tti meg\u00e1llapod\u00e1sokkal, r\u00e9szv\u00e9nyek \u00e1truh\u00e1z\u00e1s\u00e1val, valamint k\u00fcl\u00f6nf\u00e9le egy\u00e9b t\u0151kealap\u00fa strat\u00e9gi\u00e1kkal \u00e9s szerz\u0151d\u00e9sekkel.<\/p>\n\t<\/div>\n<\/section>\n\n<section class=\"orange-section mgt-section\">\n\t<div class=\"anchor\" id=\"examples-of-support-provided-by-our-firm\"><\/div>\n\t<div class=\"section-inner\">\n\t\t<h3 class=\"mgb-middle\">A MONOLITH LAW OFFICE \u00e1ltal ny\u00fajtott t\u00e1mogat\u00e1s p\u00e9ld\u00e1i<\/h3>\n\t\t<p class=\"mgb-middle\">A MONOLITH LAW OFFICE jogi tan\u00e1csad\u00f3k\u00e9nt m\u0171k\u00f6dik jap\u00e1n IT \u00e9s startup v\u00e1llalatok sz\u00e1m\u00e1ra k\u00fcl\u00f6nf\u00e9le szerz\u0151d\u00e9sekkel kapcsolatban, bele\u00e9rtve a kiszervezett m\u0171veletekre vonatkoz\u00f3 szerz\u0151d\u00e9seket, a v\u00e1llalati term\u00e9kek haszn\u00e1lat\u00e1ra \u00e9s \u00fcgyn\u00f6ks\u00e9gi szerz\u0151d\u00e9seket, t\u0151kealap\u00fa szerz\u0151d\u00e9sekhez kapcsol\u00f3d\u00f3 befektet\u00e9si szerz\u0151d\u00e9seket \u00e9s r\u00e9szv\u00e9nyesi meg\u00e1llapod\u00e1sokat, valamint a v\u00e1llalathoz kapcsol\u00f3d\u00f3 munkaszerz\u0151d\u00e9seket. Jap\u00e1n \u00fczleti v\u00e1llalatok IT jogi k\u00e9pvisel\u0151jek\u00e9nt is tev\u00e9kenyked\u00fcnk, \u00faj IT-kapcsolatos \u00fczleti tev\u00e9kenys\u00e9gek szerz\u0151d\u00e9seinek megfogalmaz\u00e1s\u00e1val \u00e9s fel\u00fclvizsg\u00e1lat\u00e1val, valamint IT v\u00e1llalatokhoz kapcsol\u00f3d\u00f3 szerz\u0151d\u00e9sekkel.<\/p>\n\t\t<div class=\"white-base\">\n\t\t\t<ul>\n\t\t\t\t<li class=\"mgb-small\">\n\t\t\t\t\t<figure><img decoding=\"async\" alt=\"HAZAMA ANDO CORPORATION\" src=\"\/wp-content\/themes\/monolith2021\/img\/clients\/logo_andohazama.png\"><\/figure>\n\t\t\t\t\t<h4 class=\"mgt-small mgb-small\">HAZAMA ANDO CORPORATION<\/h4>\n\t\t\t\t\t<p>C\u00e9g\u00fcnk egy IT-kapcsolatos szerz\u0151d\u00e9st fogalmazott meg ezen \u00fcgyf\u00e9l sz\u00e1m\u00e1ra, aki egy a Toki\u00f3i \u00c9rt\u00e9kt\u0151zsd\u00e9n Prime kateg\u00f3ri\u00e1ban jegyzett jelent\u0151s \u00e1ltal\u00e1nos v\u00e1llalkoz\u00f3.<\/p>\n\t\t\t\t<\/li>\n\t\t\t\t<li class=\"mgb-small\">\n\t\t\t\t\t<figure><img decoding=\"async\" alt=\"Gftd Japan\" src=\"\/wp-content\/themes\/monolith2021\/img\/clients\/logo_gftd.png\"><\/figure>\n\t\t\t\t\t<h4 class=\"mgt-small mgb-small\">Gftd Japan<\/h4>\n\t\t\t\t\t<p>A Gftd Japan egy blockchain-kapcsolatos startup v\u00e1llalat, melynek sz\u00e1mos szerz\u0151d\u00e9st\u00edpust dolgoztunk ki, az \u00fczleti szerz\u0151d\u00e9sekt\u0151l kezdve a munkaszerz\u0151d\u00e9sekig.<\/p>\n\t\t\t\t<\/li>\n\t\t\t\t<li class=\"mgb-small\">\n\t\t\t\t\t<figure><img decoding=\"async\" alt=\"TOKIUM Inc.\" src=\"\/wp-content\/uploads\/2022\/04\/logo_tokium.png\"><\/figure>\n\t\t\t\t\t<h4 class=\"mgt-small mgb-small\">TOKIUM Inc.<\/h4>\n\t\t\t\t\t<p>A Tokium egy fintech-kapcsolatos startup v\u00e1llalat, melynek a t\u0151ke- \u00e9s \u00fczleti sz\u00f6vets\u00e9gi meg\u00e1llapod\u00e1sokt\u00f3l kezdve az \u00fczleti szerz\u0151d\u00e9sekig terjed\u0151 szerz\u0151d\u00e9seket dolgoztunk ki.<\/p>\n\t\t\t\t<\/li>\n\t\t\t\t<li class=\"mgb-small\">\n\t\t\t\t\t<figure><img decoding=\"async\" alt=\"MI-6 Ltd.\" src=\"\/wp-content\/themes\/monolith2021\/img\/clients\/logo_mi-6.png\"><\/figure>\n\t\t\t\t\t<h4 class=\"mgt-small mgb-small\">MI-6 Ltd.<\/h4>\n\t\t\t\t\t<p>C\u00e9g\u00fcnk befektet\u00e9si szerz\u0151d\u00e9seket, J-KISS t\u00edpus\u00fa r\u00e9szv\u00e9nyopci\u00f3s kibocs\u00e1t\u00e1sokat \u00e9s k\u00f6z\u00f6s kutat\u00e1si szerz\u0151d\u00e9seket k\u00e9sz\u00edtett el\u0151.<\/p>\n\t\t\t\t<\/li>\n\t\t\t<\/ul><p class=\"mgb-small\">\n\t\t<p class=\"txt-s\">*Sz\u00e1mos m\u00e1s \u00fcgyf\u00e9l projektjei\u00e9rt is felel\u0151ss\u00e9get v\u00e1llalunk. Csak azokat az \u00fcgyfeleinket soroljuk fel, akik enged\u00e9lyezt\u00e9k \u00fcgyf\u00e9lk\u00e9nt val\u00f3 st\u00e1tuszuk nyilv\u00e1noss\u00e1gra hozatal\u00e1t (vagy bejegyzett igazgat\u00f3s\u00e1gi tagk\u00e9nt szerepelnek). \u00c1ltal\u00e1nos szab\u00e1lyk\u00e9nt az \u00fcgyf\u00e9l titoktart\u00e1s\u00e1t a titoktart\u00e1si k\u00f6telezetts\u00e9g alapj\u00e1n meg\u0151rizz\u00fck.<\/p>\n\t<\/div><\/div>\n<\/section>\n\n<section class=\"purple2-section\">\n\t<div class=\"anchor\" id=\"monolith-law-magazine\"><\/div>\n\t<div class=\"section-inner\">\n\t\t    <section class=\"white-section temp-article\">\n        <div class=\"section-inner\">\n            <h4>MONOLITH LAW MAGAZINE<\/h4>\n            <div class=\"articles type_practice_column\">\n                                                                    <div class=\"article article-area\">\n                        <figure>\n                            <div class=\"img-wrap\">\n                                <img alt=\"Mi az \u00faj szab\u00e1lyoz\u00e1s a szabad\u00fasz\u00f3kra? P\u00e9ldaszerz\u0151d\u00e9sek alapj\u00e1n ismertetj\u00fck az \u00faj jogszab\u00e1lyhoz val\u00f3 alkalmazkod\u00e1s ellen\u0151rz\u00e9si pontjait\" src=\"https:\/\/monolith.law\/hu\/wp-content\/uploads\/sites\/31\/2025\/08\/873e76645ec995ae22ee695f1ecd9a55.webp\" width=\"500\" height=\"250\">\n                            <\/div>\n                            <figcaption>\n                                <div class=\"figcaption-inner\">\n                                    <h3>Mi az \u00faj szab\u00e1lyoz\u00e1s a szabad\u00fasz\u00f3kra? P\u00e9ldaszerz\u0151d\u00e9sek alapj\u00e1n ismertetj\u00fck az \u00faj.<\/h3>\n                                <\/div>\n                            <\/figcaption>\n                            <a href=\"https:\/\/monolith.law\/hu\/general-corporate\/freelance-law-contract\"><\/a>\n                        <\/figure>\n                    <\/div>\n                                                    <div class=\"article article-area\">\n                        <figure>\n                            <div class=\"img-wrap\">\n                                <img alt=\"A szabad\u00fasz\u00f3kra vonatkoz\u00f3 \u00faj t\u00f6rv\u00e9ny megs\u00e9rt\u00e9s\u00e9nek b\u00fcntet\u0151int\u00e9zked\u00e9sei h\u00e1rom p\u00e9ld\u00e1n kereszt\u00fcl magyar\u00e1zva\" src=\"https:\/\/monolith.law\/hu\/wp-content\/uploads\/sites\/31\/2025\/08\/6d129f9213bc4489ca4b5e0a5df7378f.webp\" width=\"500\" height=\"250\">\n                            <\/div>\n                            <figcaption>\n                                <div class=\"figcaption-inner\">\n                                    <h3>A szabad\u00fasz\u00f3kra vonatkoz\u00f3 \u00faj t\u00f6rv\u00e9ny megs\u00e9rt\u00e9s\u00e9nek b\u00fcntet\u0151int\u00e9zked\u00e9sei h\u00e1rom p\u00e9l.<\/h3>\n                                <\/div>\n                            <\/figcaption>\n                            <a href=\"https:\/\/monolith.law\/hu\/general-corporate\/freelance-law-penalties\"><\/a>\n                        <\/figure>\n                    <\/div>\n                                                    <div class=\"article article-area\">\n                        <figure>\n                            <div class=\"img-wrap\">\n                                <img alt=\"Az e-sport csapatok azonos\u00edt\u00f3 jelz\u00e9seinek v\u00e9delme szellemi tulajdonjogok r\u00e9v\u00e9n\" src=\"https:\/\/monolith.law\/hu\/wp-content\/uploads\/sites\/31\/2025\/03\/f4961bda12c5a109bc6d1a1876f6755e-1024x538.jpg\" width=\"500\" height=\"250\">\n                            <\/div>\n                            <figcaption>\n                                <div class=\"figcaption-inner\">\n                                    <h3>Az e-sport csapatok azonos\u00edt\u00f3 jelz\u00e9seinek v\u00e9delme szellemi tulajdonjogok r\u00e9v\u00e9n<\/h3>\n                                <\/div>\n                            <\/figcaption>\n                            <a href=\"https:\/\/monolith.law\/hu\/general-corporate\/protecting-identity-e-sports-teams-intellectual-property-rights\"><\/a>\n                        <\/figure>\n                    <\/div>\n                                            <\/div>\n            <div class=\"btn-more\"><a href=\"https:\/\/monolith.law\/hu\/tag\/contract-drafting-and-review\">Read More<\/a><\/div>\n        <\/div>\n    <\/section>\n\t<\/div>\n<\/section>\n\n<section class=\"orange2-section\">\n\t<div id=\"fee-structure\"><\/div>\n\t<div class=\"section-inner\">\n\t<div class=\"planWrap\">\n\t<h3>D\u00edjszab\u00e1s<\/h3>\n\t<ul class=\"plan\">\n\t\t<li class=\"txt-left\">\n\t\t\t<div class=\"plan-inner\">\n\t\t\t<div class=\"plan-header\">\n\t\t\t<h4 class=\"plan-title\">\u00d3rad\u00edj<\/h4>\n\t\t\t<div class=\"plan-price\"><span class=\"price-figure\">$300<\/span> \u00f3r\u00e1nk\u00e9nt <span class=\"price-value\"><\/span><\/div>\n\t\t\t<\/div>\n\t\t\t<div class=\"plan-body\">Bizonyos esetekben megfontolhatjuk egy vita vagy peres \u00fcgy elv\u00e1llal\u00e1s\u00e1t kezdeti d\u00edj \u00e9s sikerd\u00edj ellen\u00e9ben. Tov\u00e1bbi r\u00e9szletek\u00e9rt k\u00e9rj\u00fck, ne habozzon kapcsolatba l\u00e9pni vel\u00fcnk.<\/div>\n\t\t\t<\/div>\n\t\t<\/li>\n\t\t<li class=\"txt-left\">\n\t\t\t<div class=\"plan-inner\">\n\t\t\t<div class=\"plan-header\">\n\t\t\t<h4 class=\"plan-title\">Szerz\u0151d\u00e9sek k\u00e9sz\u00edt\u00e9se<\/h4>\n\t\t\t<div class=\"plan-price\"><span class=\"price-value\">t\u00f3l<\/span><span class=\"price-figure\">$500<\/span><span class=\"price-value\">ig $2,000 vagy t\u00f6bb<\/span><\/div>\n\t\t\t<\/div>\n\t\t\t<div class=\"plan-body\">Az \u00e1raz\u00e1si strukt\u00fara v\u00e1ltozhat a szerz\u0151d\u00e9sek t\u00edpus\u00e1t\u00f3l \u00e9s mennyis\u00e9g\u00e9t\u0151l f\u00fcgg\u0151en. \u00d6r\u00f6mmel k\u00e9sz\u00edt\u00fcnk el\u0151zetes becsl\u00e9st \u00e9rdekl\u0151d\u00e9se alapj\u00e1n, ez\u00e9rt b\u00e1tran forduljon hozz\u00e1nk tov\u00e1bbi r\u00e9szletek\u00e9rt.<\/div>\n\t\t\t<\/div>\n\t\t<\/li>\n\t\t<li class=\"txt-left\">\n\t\t\t<div class=\"plan-inner\">\n\t\t\t<div class=\"plan-header\">\n\t\t\t<h4 class=\"plan-title\">Egy\u00e9b szolg\u00e1ltat\u00e1sok<\/h4>\n\t\t\t<div class=\"plan-price\"><span class=\"price-figure\">Vegye fel vel\u00fcnk a kapcsolatot<\/span><\/div>\n\t\t\t<\/div>\n\t\t\t<div class=\"plan-body\">Sz\u00e9lesk\u00f6r\u0171 szolg\u00e1ltat\u00e1sokat k\u00edn\u00e1lunk, t\u00f6bbek k\u00f6z\u00f6tt c\u00e9galap\u00edt\u00e1s, szerz\u0151d\u00e9s fel\u00fclvizsg\u00e1lat, jogi v\u00e9lem\u00e9ny, \u00fcgyek \u00e1ttekint\u00e9se vagy kutat\u00e1si levelek. Amennyiben k\u00e9rd\u00e9se vagy aggodalma van, szeretettel v\u00e1rjuk, hogy vegye fel vel\u00fcnk a kapcsolatot, \u00e9s tapasztalt csapatunk k\u00e9szs\u00e9ggel \u00e1ll rendelkez\u00e9s\u00e9re.<\/div>\n\t\t\t<\/div>\n\t\t<\/li>\n\t<\/ul>\n\t<\/div>\n\t<\/div>\n<\/section>\n\n<section class=\"white-section\">\n\t<div class=\"section-inner\">\n\t<div class=\"btn-area\">\n\t<div class=\"btn icon-contact\"><a href=\"\/hu\/contact\">Vegye fel vel\u00fcnk a kapcsolatot<\/a><\/div>\n\t<\/div>\n\t<\/div>\n<\/section>\n","protected":false},"excerpt":{"rendered":"<p>Szerz\u0151d\u00e9stervez\u00e9s \u00e9s Fel\u00fclvizsg\u00e1lat IT \u00e9s startup v\u00e1llalatok jogi tan\u00e1csad\u00f3jak\u00e9nt, illetve alkalmank\u00e9nt v\u00e1llalatok IT jogi tan\u00e1csad\u00f3jak\u00e9nt sz\u00e9les k\u00f6r\u0171, magasan szakosodott IT-joghoz kapcsol\u00f3d\u00f3 szerz\u0151d [&hellip;]<\/p>\n","protected":false},"author":1,"featured_media":57034,"parent":0,"menu_order":7,"comment_status":"closed","ping_status":"closed","template":"other-page-temp.php","meta":{"footnotes":""},"acf":[],"_links":{"self":[{"href":"https:\/\/monolith.law\/hu\/wp-json\/wp\/v2\/pages\/30628"}],"collection":[{"href":"https:\/\/monolith.law\/hu\/wp-json\/wp\/v2\/pages"}],"about":[{"href":"https:\/\/monolith.law\/hu\/wp-json\/wp\/v2\/types\/page"}],"author":[{"embeddable":true,"href":"https:\/\/monolith.law\/hu\/wp-json\/wp\/v2\/users\/1"}],"replies":[{"embeddable":true,"href":"https:\/\/monolith.law\/hu\/wp-json\/wp\/v2\/comments?post=30628"}],"version-history":[{"count":102,"href":"https:\/\/monolith.law\/hu\/wp-json\/wp\/v2\/pages\/30628\/revisions"}],"predecessor-version":[{"id":64084,"href":"https:\/\/monolith.law\/hu\/wp-json\/wp\/v2\/pages\/30628\/revisions\/64084"}],"wp:featuredmedia":[{"embeddable":true,"href":"https:\/\/monolith.law\/hu\/wp-json\/wp\/v2\/media\/57034"}],"wp:attachment":[{"href":"https:\/\/monolith.law\/hu\/wp-json\/wp\/v2\/media?parent=30628"}],"curies":[{"name":"wp","href":"https:\/\/api.w.org\/{rel}","templated":true}]}}