{"id":30684,"date":"2023-11-05T23:00:20","date_gmt":"2023-11-05T14:00:20","guid":{"rendered":"https:\/\/monolith.law\/?page_id=30684"},"modified":"2024-05-01T12:31:01","modified_gmt":"2024-05-01T03:31:01","slug":"id-of-the-defamatory-statement","status":"publish","type":"page","link":"https:\/\/monolith.law\/hu\/id-of-the-defamatory-statement","title":{"rendered":"A r\u00e1galmaz\u00f3 \u00e1ll\u00edt\u00e1s azonos\u00edt\u00e1sa"},"content":{"rendered":"\n<section class=\"heading-area\">\n\t<div class=\"heading-area-inner\">\n\t\t<h2 class=\"icon-id-of-the-defamatory-statement\">A r\u00e1galmaz\u00f3 \u00e1ll\u00edt\u00e1s azonos\u00edt\u00e1sa<\/h2>\n\t\t<p>A jap\u00e1n t\u00f6rv\u00e9nyek \u00e9rtelm\u00e9ben, ha egy v\u00e1llalat vagy egy\u00e9n r\u00e1galmaz\u00e1s vagy mag\u00e1n\u00e9leti jog megs\u00e9rt\u00e9se \u00e1ldozat\u00e1v\u00e1 v\u00e1lik az interneten n\u00e9vtelen felhaszn\u00e1l\u00f3k \u00e1ltal, lehets\u00e9ges az anonim hozz\u00e1sz\u00f3l\u00f3 szem\u00e9lyazonoss\u00e1g\u00e1nak meg\u00e1llap\u00edt\u00e1sa a b\u00edr\u00f3s\u00e1g \u00e1ltal el\u0151seg\u00edtett k\u00fcl\u00f6nb\u00f6z\u0151 jogi elj\u00e1r\u00e1sokon kereszt\u00fcl. B\u00e1r el\u0151fordulnak r\u00e1galmaz\u00e1s esetei n\u00e9vtelen felhaszn\u00e1l\u00f3k r\u00e9sz\u00e9r\u0151l a jap\u00e1n online t\u00e9rben, \u00fcgyv\u00e9d seg\u00edts\u00e9g\u00e9vel lehets\u00e9ges azonos\u00edtani a hozz\u00e1sz\u00f3l\u00f3t \u00e9s k\u00e1rt\u00e9r\u00edt\u00e9si ig\u00e9nyt t\u00e1masztani.<\/p>\n\t<\/div>\n<\/section>\n\n<section class=\"white-section\">\n\t<div class=\"section-inner pdt0 border-bottom-section\">\n\t\t<p class=\"mgb-small\">Ha \u00d6nt is \u00e9rte r\u00e1galmaz\u00e1s n\u00e9vtelen internetes felhaszn\u00e1l\u00f3 r\u00e9sz\u00e9r\u0151l \u00e9s k\u00e1rt\u00e9r\u00edt\u00e9si ig\u00e9nyt szeretne \u00e9rv\u00e9nyes\u00edteni, el\u0151sz\u00f6r sz\u00fcks\u00e9ges azonos\u00edtani a felhaszn\u00e1l\u00f3 szem\u00e9lyazonoss\u00e1g\u00e1t. A jap\u00e1n t\u00f6rv\u00e9nyek jogi elj\u00e1r\u00e1sokat biztos\u00edtanak az interneten n\u00e9vtelen felhaszn\u00e1l\u00f3k azonos\u00edt\u00e1s\u00e1ra.<\/p>\n\t\t<p>A MONOLITH LAW OFFICE egy jap\u00e1n jogi szak\u00e9rt\u0151i iroda, amely az internethez kapcsol\u00f3d\u00f3 \u00fcgyekre specializ\u00e1l\u00f3dott. K\u00fcl\u00f6nb\u00f6z\u0151 \u00fcgyfelek, t\u00f6bbek k\u00f6z\u00f6tt hazai t\u0151zsdei c\u00e9gek, kiemelked\u0151 vezet\u0151k \u00e9s befoly\u00e1sos szem\u00e9lyek k\u00e9r\u00e9s\u00e9re foglalkozunk a r\u00e1galmaz\u00f3 hozz\u00e1sz\u00f3l\u00f3k azonos\u00edt\u00e1s\u00e1val. Sz\u00e9lesk\u00f6r\u0171 tapasztalatunkkal \u00e9s sikeres \u00fcgyt\u00f6rt\u00e9net\u00fcnkkel felv\u00e9rtezve k\u00e9pesek vagyunk kezelni a vit\u00e1kat a jap\u00e1n online t\u00e9rben.<\/p>\n\t<\/div>\n<\/section>\n\n<section class=\"second-nav\">\n\t<div class=\"second-nav-inner\">\n\t\t<p>T\u00c9M\u00c1K<\/p>\n\t\t<nav>\n\t\t\t<ul>\n\t\t\t\t<li><a href=\"#identification-of-the-defamatory-statement\">A r\u00e1galmaz\u00f3 kijelent\u00e9s azonos\u00edt\u00e1sa<\/a><\/li>\n\t\t\t\t<li><a href=\"#examples-of-identifications-by-our-firm-target-sites\">Azonos\u00edt\u00e1sok p\u00e9ld\u00e1i irod\u00e1nk \u00e1ltal: C\u00e9lpont oldalak<\/a><\/li>\n\t\t\t\t<li><a href=\"#examples-of-support-provided-by-our-firm\">Irod\u00e1nk \u00e1ltal ny\u00fajtott t\u00e1mogat\u00e1s p\u00e9ld\u00e1i<\/a><\/li>\n\t\t\t\t<li><a href=\"#procedures-for-identifying-authors-under-japanese-law\">A szerz\u0151k azonos\u00edt\u00e1s\u00e1nak elj\u00e1r\u00e1sai a jap\u00e1n jog szerint<\/a><\/li>\n\t\t\t\t<li><a href=\"#publications-as-a-lawyer-specializing-in-mitigating-reputational-damage\">Publik\u00e1ci\u00f3k mint h\u00edrn\u00e9vk\u00e1rosod\u00e1s enyh\u00edt\u00e9s\u00e9re szakosodott \u00fcgyv\u00e9d<\/a><\/li>\n\t\t\t\t<li><a href=\"#monolith-law-magazine\">MONOLITH LAW MAGAZINE<\/a><\/li>\n\t\t\t\t<li><a href=\"#fee-structure\">D\u00edjszab\u00e1s<\/a><\/li>\n\t\t\t<\/ul>\n\t\t<\/nav>\n\t<\/div>\n<\/section>\n\n<section class=\"white-section\">\n\t<div class=\"anchor\" id=\"identification-of-the-defamatory-statement\"><\/div>\n\t<div class=\"section-inner\">\n\t\t<div class=\"flex\">\n\t\t\t<div class=\"width41\"><img decoding=\"async\" src=\"\/wp-content\/themes\/monolith2021\/img\/pic\/pic_reputation.jpg\" alt=\"A r\u00e1galmaz\u00f3 \u00e1ll\u00edt\u00e1s forr\u00e1s\u00e1nak azonos\u00edt\u00e1sa\"><\/div>\n\t\t\t<div class=\"width51\">\n\t\t\t\t<h3>A r\u00e1galmaz\u00f3 kijelent\u00e9s azonos\u00edt\u00e1sa<\/h3>\n\t\t\t\t<p>A jap\u00e1n t\u00f6rv\u00e9nyek \u00e9rtelm\u00e9ben lehets\u00e9ges jogi l\u00e9p\u00e9seket tenni az illeg\u00e1lis bejegyz\u00e9sek\u00e9rt, bele\u00e9rtve a r\u00e1galmaz\u00f3 \u00e1ll\u00edt\u00e1sokat is, felel\u0151s szem\u00e9lyek azonos\u00edt\u00e1s\u00e1ra b\u00edr\u00f3s\u00e1gi elj\u00e1r\u00e1s keret\u00e9ben. Ha v\u00e1llalat\u00e1t n\u00e9vtelen internetez\u0151k c\u00e9lozz\u00e1k meg, akik t\u00e1mad\u00e1sokat ind\u00edtanak a jap\u00e1n interneten, akkor egy magasan specializ\u00e1lt \u00fcgyv\u00e9ddel val\u00f3 konzult\u00e1ci\u00f3 r\u00e9v\u00e9n lehets\u00e9ges lehet a n\u00e9vtelen felhaszn\u00e1l\u00f3 szem\u00e9lyazonoss\u00e1g\u00e1nak, bele\u00e9rtve a nev\u00e9t \u00e9s c\u00edm\u00e9t, felfed\u00e9se. Az azonoss\u00e1g felfed\u00e9se ut\u00e1n lehet\u0151s\u00e9ge ny\u00edlhat k\u00e1rt\u00e9r\u00edt\u00e9si ig\u00e9ny beny\u00fajt\u00e1s\u00e1ra az internetez\u0151vel szemben. L\u00e9tfontoss\u00e1g\u00fa egy tapasztalt \u00fcgyv\u00e9ddel egy\u00fcttm\u0171k\u00f6dni, aki v\u00e9gigvezeti \u00d6nt a jogi folyamaton \u00e9s v\u00e9di v\u00e1llalata \u00e9rdekeit.<\/p>\n\t\t\t<\/div>\n\t\t<\/div>\n\t<\/div>\n<\/section>\n\n<section class=\"white-section mgb-section\">\n\t<div class=\"anchor\" id=\"examples-of-identifications-by-our-firm-target-sites\"><\/div>\n\t<div class=\"section-inner-black\">\n\t\t<h3 class=\"mgb-middle\">Azonos\u00edt\u00e1sok p\u00e9ld\u00e1i irod\u00e1nk \u00e1ltal: C\u00e9lpont oldalak<\/h3>\n\t\t<p class=\"mgb-middle\">A MONOLITH LAW OFFICE rendelkezik tapasztalattal \u00e9s szak\u00e9rtelemmel a k\u00fcl\u00f6nb\u00f6z\u0151 weboldalakon megjelent r\u00e1galmaz\u00f3 bejegyz\u00e9sek szerz\u0151inek azonos\u00edt\u00e1s\u00e1ban, bele\u00e9rtve, de nem kiz\u00e1r\u00f3lagosan a r\u00e1galmaz\u00e1s, a mag\u00e1n\u00e9let megs\u00e9rt\u00e9se, a szerz\u0151i jogok megs\u00e9rt\u00e9se \u00e9s a szem\u00e9lyis\u00e9g hamis\u00edt\u00e1sa eseteit. Sikeresen seg\u00edtett\u00fcnk \u00fcgyfeleinknek az ilyen bejegyz\u00e9sek m\u00f6g\u00f6tt \u00e1ll\u00f3 szerz\u0151k azonos\u00edt\u00e1s\u00e1ban, kihaszn\u00e1lva tapasztalatunkat \u00e9s tud\u00e1sunkat a ter\u00fcleten.<\/p>\n\t\t<p class=\"mgb-middle\">2channel, 5channel, Twitter, Facebook, Instagram, Google Maps (My Business), Yahoo! Finance, Food Log, Amazon v\u00e1s\u00e1rl\u00f3i v\u00e9lem\u00e9nyek, Girls Channel, Bakusai, Mansion Community, Hostlove, \u00e9s k\u00fcl\u00f6nb\u00f6z\u0151 m\u00e1s f\u00f3rum oldalak. Yahoo! Chiebukuro, NAVER \u00f6sszefoglal\u00f3, telefonsz\u00e1m keres\u0151 (jpnumber, stb.), Livedoor Blog, FC2 Blog, Ameba Blog, Hatena Blog, stb. Egy\u00e9b k\u00fcl\u00f6nb\u00f6z\u0151 blog oldalak, YouTube, Nico Nico Douga, FC2 Video, \u00e9s egy\u00e9b vide\u00f3 oldalak. MILKCAFE, openwork, Lighthouse (kor\u00e1bbi Kaisha\u2019s Reputation), egy\u00e9b munkahelyi \u00e9rt\u00e9kel\u0151 oldalak, egy\u00e9b eredeti domain oldalak.<\/p>\n\t<\/div>\n<\/section>\n\n<section class=\"purple-section\">\n\t<div class=\"anchor\" id=\"examples-of-support-provided-by-our-firm\"><\/div>\n\t<div class=\"section-inner\">\n\t\t<h3 class=\"mgb-middle\">Irod\u00e1nk \u00e1ltal ny\u00fajtott t\u00e1mogat\u00e1s p\u00e9ld\u00e1i<\/h3>\n\t\t<ul class=\"layout-column4 mgb-big\">\n\t\t\t<li>\n\t\t\t\t<div><img decoding=\"async\" src=\"\/wp-content\/themes\/monolith2021\/img\/identificationofslander\/identificationofslander_support_pic1.jpg\" alt=\"TSE t\u0151zsdei v\u00e1llalat\"><\/div>\n\t\t\t\t<h4>TSE-n jegyzett v\u00e1llalat<\/h4>\n\t\t\t\t<p>A MONOLITH LAW OFFICE azonos\u00edtotta azokat a szerz\u0151ket, akik kitart\u00f3an terjesztettek hamis inform\u00e1ci\u00f3kat, mint p\u00e9ld\u00e1ul bels\u0151 botr\u00e1nyokat, olyan platformokon, mint a Yahoo! Finance \u00e9s a Google Reviews.<\/p>\n\t\t\t<\/li>\n\t\t\t<li>\n\t\t\t\t<div><img decoding=\"async\" src=\"\/wp-content\/themes\/monolith2021\/img\/identificationofslander\/identificationofslander_support_pic2.jpg\" alt=\"Kiemelked\u0151 vezet\u0151\"><\/div>\n\t\t\t\t<h4>Kiemelked\u0151 vezet\u0151<\/h4>\n\t\t\t\t<p>A MONOLITH LAW OFFICE elv\u00e9gezte a Twitteren r\u00e1galmaz\u00f3, szem\u00e9lyis\u00e9gi jogokat s\u00e9rt\u0151 \u00e9s lealacsony\u00edt\u00f3 bejegyz\u00e9seket k\u00f6zz\u00e9tev\u0151 fi\u00f3kok szerz\u0151inek azonos\u00edt\u00e1s\u00e1t, amelyek egyes vezet\u0151k ellen ir\u00e1nyultak.<\/p>\n\t\t\t<\/li>\n\t\t\t<li>\n\t\t\t\t<div><img decoding=\"async\" src=\"\/wp-content\/themes\/monolith2021\/img\/systemdevelopment\/systemdevelopment_support_pic3.jpg\" alt=\"\u00dczleti t\u00e1rsas\u00e1g\"><\/div>\n\t\t\t\t<h4>\u00dczleti t\u00e1rsas\u00e1g<\/h4>\n\t\t\t\t<p>A MONOLITH LAW OFFICE v\u00e9grehajtotta az anonim \u00fczen\u0151falakon, mint p\u00e9ld\u00e1ul a 5channel \u00e9s a Google Reviews, bizonyos vezet\u0151k ellen ir\u00e1nyul\u00f3 r\u00e1galmaz\u00f3 bejegyz\u00e9sek szerz\u0151inek azonos\u00edt\u00e1s\u00e1t.<\/p>\n\t\t\t<\/li>\n\t\t\t<li>\n\t\t\t\t<div><img decoding=\"async\" src=\"\/wp-content\/themes\/monolith2021\/img\/identificationofslander\/identificationofslander_support_pic4.jpg\" alt=\"Kiemelked\u0151 YouTuber\"><\/div>\n\t\t\t\t<h4>Kiemelked\u0151 YouTuber<\/h4>\n\t\t\t\t<p>A MONOLITH LAW OFFICE seg\u00edts\u00e9get ny\u00fajtott abban, hogy azonos\u00edts\u00e1k azokat a szerz\u0151ket, akik szem\u00e9lyes inform\u00e1ci\u00f3k sziv\u00e1rogtat\u00e1s\u00e1val \u00e9s r\u00e1galmaz\u00f3 megjegyz\u00e9sekkel t\u00e1madtak m\u00e1s YouTuberek vide\u00f3it, szem\u00e9lyes blogokat \u00e9s egy\u00e9b platformokat.<\/p>\n\t\t\t<\/li>\n\t\t<\/ul>\n\t\t<div class=\"frame2-white max-width860 txt-center-pc\">\n\t\t\t<p class=\"txt-l bold\">A szerz\u0151k azonos\u00edt\u00e1sa magas szint\u0171 szak\u00e9rtelmet ig\u00e9nyel, amely a strat\u00e9giai tervez\u00e9st\u0151l kezdve a konkr\u00e9t operat\u00edv feladatokig terjed.<\/p>\n\t\t<\/div>\n\t<\/div>\n<\/section>\n\n<section class=\"white-section\">\n\t<div class=\"anchor\" id=\"procedures-for-identifying-authors-under-japanese-law\"><\/div>\n\t<div class=\"section-inner pdb0\">\n\t\t<h3>A szerz\u0151k azonos\u00edt\u00e1s\u00e1nak elj\u00e1r\u00e1sai a jap\u00e1n jog szerint<\/h3>\n\t\t<p class=\"mgb-middle\">Jap\u00e1nban sz\u00e1mos jogi elj\u00e1r\u00e1s \u00e1ll rendelkez\u00e9sre a r\u00e1galmaz\u00f3 online bejegyz\u00e9sek szerz\u0151inek azonos\u00edt\u00e1s\u00e1ra \u00e9s a kiberb\u0171n\u00f6z\u00e9s elleni k\u00fczdelemre. Jogi szakemberekk\u00e9nt ezeket az elj\u00e1r\u00e1sokat szelekt\u00edven \u00e9s kombin\u00e1lva alkalmazzuk a szerz\u0151k azonos\u00edt\u00e1s\u00e1nak el\u00e9r\u00e9se \u00e9rdek\u00e9ben. B\u00e1r ezen elj\u00e1r\u00e1sok magas szint\u0171 szak\u00e9rtelmet ig\u00e9nyl\u0151 term\u00e9szete miatt neh\u00e9z teljes k\u00f6r\u0171 magyar\u00e1zatot adni ezen az oldalon, egy \u00e1ttekint\u00e9st az\u00e9rt ny\u00fajtunk.<\/p>\n\t\t<ul class=\"layout-datalist\">\n\t\t\t<li>\n\t\t\t\t<h4>A: Felfed\u00e9si k\u00e9relem (Ideiglenes int\u00e9zked\u00e9s)<\/h4>\n\t\t\t\t<p>Ez a gyors\u00edtott ideiglenes int\u00e9zked\u00e9s lehet\u0151v\u00e9 teszi sz\u00e1munkra, hogy a weboldal \u00fczemeltet\u0151it\u0151l vagy a t\u00e1rhelyszolg\u00e1ltat\u00f3k adminisztr\u00e1torait\u00f3l k\u00e9rj\u00fck a bejegyz\u00e9s szerz\u0151j\u00e9nek IP-c\u00edm\u00e9nek felfed\u00e9s\u00e9t, form\u00e1lis peres elj\u00e1r\u00e1s n\u00e9lk\u00fcl. Fontos azonban megjegyezni, hogy egyes weboldalak \u00f6nk\u00e9nt is felfedhetik az IP-c\u00edmet inform\u00e1lis t\u00e1rgyal\u00e1sok \u00fatj\u00e1n, ezen elj\u00e1r\u00e1s ig\u00e9nybev\u00e9tele n\u00e9lk\u00fcl. Az ilyen esetekben helyes \u00edt\u00e9letet hozni csak tapasztalt \u00e9s szakk\u00e9pzett \u00fcgyv\u00e9dek tud\u00e1s\u00e1val \u00e9s tapasztalat\u00e1val lehets\u00e9ges.<\/p>\n\t\t\t<\/li>\n\t\t\t<li>\n\t\t\t\t<h4>B: Az inform\u00e1ci\u00f3 t\u00f6rl\u00e9s\u00e9nek megtilt\u00e1sa<\/h4>\n\t\t\t\t<p>Az Elj\u00e1r\u00e1s A sor\u00e1n felfedett IP-c\u00edm elemz\u00e9s\u00e9vel meg\u00e1llap\u00edthat\u00f3 az anonim felhaszn\u00e1l\u00f3 \u00e1ltal haszn\u00e1lt internet-szolg\u00e1ltat\u00f3 (ISP). Az Elj\u00e1r\u00e1s C sor\u00e1n l\u00e9tfontoss\u00e1g\u00fa, hogy k\u00e9rj\u00fck az ISP-t, hogy ne t\u00f6r\u00f6lje az adatk\u00fcld\u0151 inform\u00e1ci\u00f3it (a felhaszn\u00e1l\u00f3 internetkapcsolat\u00e1val kapcsolatos napl\u00f3adatok), hogy bizony\u00edt\u00e9kokat \u0151rizzen meg.<\/p>\n\t\t\t<\/li>\n\t\t\t<li>\n\t\t\t\t<h4>C: Felfed\u00e9si k\u00e9relem (Peres elj\u00e1r\u00e1s)<\/h4>\n\t\t\t\t<p>Ez az elj\u00e1r\u00e1s azt jelenti, hogy beperelj\u00fck a meg\u00e1llap\u00edtott ISP-t, mint alperest, hogy felfedje az anonim felhaszn\u00e1l\u00f3 c\u00edm\u00e9t \u00e9s nev\u00e9t. Abban az esetben, ha az anonim felhaszn\u00e1l\u00f3 telefonsz\u00e1mot regisztr\u00e1lt a weboldalon, ezt az elj\u00e1r\u00e1st a weboldal \u00fczemeltet\u0151je ellen is alkalmazhatjuk, hogy k\u00e9rj\u00fck a telefonsz\u00e1m felfed\u00e9s\u00e9t. Ebben az elj\u00e1r\u00e1sban nem alkalmazhat\u00f3k az azonnali ideiglenes int\u00e9zked\u00e9sek, \u00e9s a jap\u00e1n jogi precedensek szerint form\u00e1lis peres elj\u00e1r\u00e1s sz\u00fcks\u00e9ges.<\/p>\n\t\t\t<\/li>\n\t\t\t<li>\n\t\t\t\t<h4>D: Felfed\u00e9si utas\u00edt\u00e1s (a 2022-es m\u00f3dos\u00edt\u00e1s)<\/h4>\n\t\t\t\t<p>Ez az \u00fajonnan bevezetett jogi keretrendszer az A, B \u00e9s C elj\u00e1r\u00e1sokat egyetlen elj\u00e1r\u00e1sba egyes\u00edti, lehet\u0151v\u00e9 t\u00e9ve az \u00f6sszes l\u00e9p\u00e9s (A, B \u00e9s C) r\u00f6videbb id\u0151 alatt t\u00f6rt\u00e9n\u0151 v\u00e9grehajt\u00e1s\u00e1t. Ez az elj\u00e1r\u00e1s egy gyors\u00edtott mechanizmust haszn\u00e1l. Jelenleg ezt az elj\u00e1r\u00e1st tekintik az \u00e1ltal\u00e1nos elvnek a szerz\u0151k azonos\u00edt\u00e1s\u00e1ra. Azonban vannak kiv\u00e9telek, mint p\u00e9ld\u00e1ul azok a weboldalak, ahol csak egy telefonsz\u00e1m van regisztr\u00e1lva IP-c\u00edm n\u00e9lk\u00fcl, vagy azok az esetek, amikor az IP-c\u00edm felfed\u00e9se \u00f6nk\u00e9ntes t\u00e1rgyal\u00e1sok \u00fatj\u00e1n \u00e9rhet\u0151 el. A jogi szakemberek szaktud\u00e1sa \u00e9s know-how-ja elengedhetetlen ezeknek a kiv\u00e9teleknek a kezel\u00e9s\u00e9ben.<\/p>\n\t\t\t<\/li>\n\t\t\t<li>\n\t\t\t\t<h4>E: \u00c9rdekl\u0151d\u00e9si elj\u00e1r\u00e1s az \u00dcgyv\u00e9di Kamar\u00e1n kereszt\u00fcl<\/h4>\n\t\t\t\t<p>Abban az esetben, ha a fent eml\u00edtett elj\u00e1r\u00e1sok sor\u00e1n ismertt\u00e9 v\u00e1lik a bejegyz\u00e9s szerz\u0151j\u00e9nek telefonsz\u00e1ma, sz\u00fcks\u00e9ges a telekommunik\u00e1ci\u00f3s szolg\u00e1ltat\u00f3t\u00f3l annak a telefonsz\u00e1mnak a c\u00edm\u00e9nek vagy tulajdonos\u00e1nak nev\u00e9nek kiad\u00e1s\u00e1t k\u00e9rni. Jap\u00e1nban a mobiltelefon-szolg\u00e1ltat\u00f3knak az a gyakorlata, hogy inform\u00e1ci\u00f3kat adnak ki, ha egy \u00fcgyv\u00e9d megfelel\u0151 \u00e9rdekl\u0151d\u00e9st mutat az \u0151t k\u00e9pvisel\u0151 \u00fcgyv\u00e9di kamara fel\u00e9.<\/p>\n\t\t\t<\/li>\n\t\t<\/ul>\n\t<\/div>\n<\/section>\n\n<section class=\"white-section\">\n\t<div class=\"section-inner\">\n\t\t<div class=\"frame2 max-width860 txt-center-pc\">\n\t\t\t<p class=\"bold txt-l\">A r\u00e1galmaz\u00f3 bejegyz\u00e9sek szerz\u0151inek azonos\u00edt\u00e1sa a jap\u00e1n t\u00f6rv\u00e9nyek szerint val\u00f3ban egy rendk\u00edv\u00fcl bonyolult \u00e9s szakosodott ter\u00fclet. Ha b\u00e1rmilyen k\u00e9rd\u00e9se vagy aggodalma van, bele\u00e9rtve a megval\u00f3s\u00edthat\u00f3s\u00e1g \u00e9s a k\u00f6lts\u00e9gek k\u00e9rd\u00e9seit is, ne habozzon kapcsolatba l\u00e9pni vel\u00fcnk. Itt vagyunk, hogy seg\u00edts\u00fcnk \u00d6nnek \u00e9s a sz\u00fcks\u00e9ges \u00fatmutat\u00e1st ny\u00fajtsuk.<\/p>\n\t\t<\/div>\n\t<\/div>\n<\/section>\n\n<section class=\"orange-section\">\n\t<div class=\"anchor\" id=\"publications-as-a-lawyer-specializing-in-mitigating-reputational-damage\"><\/div>\n\t<div class=\"section-inner\">\n\t\t<div class=\"flex\">\n\t\t\t<div class=\"width41\"><img decoding=\"async\" src=\"\/wp-content\/themes\/monolith2021\/img\/pic\/pic_publishing2.jpg\" alt=\"K\u00f6zz\u00e9t\u00e9telek, mint a h\u00edrn\u00e9v k\u00e1rosod\u00e1s\u00e1nak enyh\u00edt\u00e9s\u00e9re szakosodott \u00fcgyv\u00e9d\"><\/div>\n\t\t\t<div class=\"width51\">\n\t\t\t\t<h3>Publik\u00e1ci\u00f3k mint h\u00edrn\u00e9vk\u00e1rosod\u00e1s enyh\u00edt\u00e9s\u00e9re szakosodott \u00fcgyv\u00e9d<\/h3>\n\t\t\t\t<p class=\"mgb-small\">R\u00e9szt vettem a &#8220;Szolg\u00e1ltat\u00f3i Felel\u0151ss\u00e9g Korl\u00e1toz\u00e1s\u00e1r\u00f3l sz\u00f3l\u00f3 T\u00f6rv\u00e9ny&#8221; b\u00edr\u00f3s\u00e1gi precedenseinek \u00f6ssze\u00e1ll\u00edt\u00e1s\u00e1ban, amely a h\u00edrn\u00e9vk\u00e1rosod\u00e1s elleni int\u00e9zked\u00e9sek gy\u0171jtem\u00e9nye, az \u00fcgyv\u00e9dek \u00e1ltal l\u00e9trehozott Gyakorlati Tanulm\u00e1nyi Csoport keret\u00e9ben.<\/p>\n\t\t\t\t<p>A &#8220;Digit\u00e1lis Tetov\u00e1l\u00e1s &#8211; Internetes R\u00e1galmaz\u00e1s \u00e9s H\u00edrn\u00e9vk\u00e1rosod\u00e1s Esetf\u00e1jl&#8221; c\u00edm\u0171 m\u0171vet a &#8220;Gendai Yogo no Kihonjitsu&#8221; (A Modern Terminol\u00f3gia Alapjai) kiad\u00f3j\u00e1t\u00f3l, a Jiyuukokumin-sh\u00e1t\u00f3l jelentettem meg, \u00e9s felel\u0151s voltam az ezen publik\u00e1ci\u00f3s rekord alapj\u00e1n k\u00e9sz\u00fclt NHK szombati dr\u00e1ma &#8220;Digit\u00e1lis Tetov\u00e1l\u00e1s&#8221; v\u00e1zlat\u00e1nak meg\u00edr\u00e1s\u00e1\u00e9rt.<\/p>\n\t\t\t<\/div>\n\t\t<\/div>\n\t<\/div>\n<\/section>\n\n<section class=\"purple2-section\">\n\t<div class=\"anchor\" id=\"monolith-law-magazine\"><\/div>\n\t<div class=\"section-inner\">\n\t\t    <section class=\"white-section temp-article\">\n        <div class=\"section-inner\">\n            <h4>MONOLITH LAW MAGAZINE<\/h4>\n            <div class=\"articles type_practice_column\">\n                                                                    <div class=\"article article-area\">\n                        <figure>\n                            <div class=\"img-wrap\">\n                                <img alt=\"Hogyan biztos\u00edtsuk az Instagramon t\u00f6rt\u00e9n\u0151 r\u00e1galmaz\u00e1s bizony\u00edt\u00e9kait? Magyar\u00e1zat a b\u00edr\u00f3s\u00e1gon felhaszn\u00e1lhat\u00f3 bizony\u00edt\u00e9kok meg\u0151rz\u00e9s\u00e9nek m\u00f3dj\u00e1r\u00f3l\" src=\"https:\/\/monolith.law\/hu\/wp-content\/uploads\/sites\/31\/2025\/08\/b7a6d88c3f4a061d0c0c2cfa711ac604.webp\" width=\"500\" height=\"250\">\n                            <\/div>\n                            <figcaption>\n                                <div class=\"figcaption-inner\">\n                                    <h3>Hogyan biztos\u00edtsuk az Instagramon t\u00f6rt\u00e9n\u0151 r\u00e1galmaz\u00e1s bizony\u00edt\u00e9kait? Magyar\u00e1zat a.<\/h3>\n                                <\/div>\n                            <\/figcaption>\n                            <a href=\"https:\/\/monolith.law\/hu\/it\/instagram-preservation-evidence\"><\/a>\n                        <\/figure>\n                    <\/div>\n                                                    <div class=\"article article-area\">\n                        <figure>\n                            <div class=\"img-wrap\">\n                                <img alt=\"Lehet k\u00e9rni az online j\u00e1t\u00e9kokban elhangzott durva besz\u00e9d \u00e9s r\u00e1galmaz\u00e1s felfed\u00e9s\u00e9t? Ismertetj\u00fck az ellenf\u00e9l azonos\u00edt\u00e1s\u00e1ra ir\u00e1nyul\u00f3 b\u00edr\u00f3s\u00e1gi elj\u00e1r\u00e1sokat\" src=\"https:\/\/monolith.law\/hu\/wp-content\/uploads\/sites\/31\/2024\/11\/onlinegame1.webp\" width=\"500\" height=\"250\">\n                            <\/div>\n                            <figcaption>\n                                <div class=\"figcaption-inner\">\n                                    <h3>Lehet k\u00e9rni az online j\u00e1t\u00e9kokban elhangzott durva besz\u00e9d \u00e9s r\u00e1galmaz\u00e1s felfed\u00e9s\u00e9.<\/h3>\n                                <\/div>\n                            <\/figcaption>\n                            <a href=\"https:\/\/monolith.law\/hu\/internet\/onlinegame-defamation\"><\/a>\n                        <\/figure>\n                    <\/div>\n                                                    <div class=\"article article-area\">\n                        <figure>\n                            <div class=\"img-wrap\">\n                                <img alt=\"Lehets\u00e9ges az egyszer haszn\u00e1latos fi\u00f3kok azonos\u00edt\u00e1sa? Az azonos\u00edt\u00e1s folyamat\u00e1r\u00f3l \u00e9s a megfelel\u0151 jogi int\u00e9zked\u00e9sekr\u0151l\" src=\"https:\/\/monolith.law\/hu\/wp-content\/uploads\/sites\/31\/2024\/11\/29306999_m-1024x683-1.webp\" width=\"500\" height=\"250\">\n                            <\/div>\n                            <figcaption>\n                                <div class=\"figcaption-inner\">\n                                    <h3>Lehets\u00e9ges az egyszer haszn\u00e1latos fi\u00f3kok azonos\u00edt\u00e1sa? Az azonos\u00edt\u00e1s folyamat\u00e1r\u00f3l.<\/h3>\n                                <\/div>\n                            <\/figcaption>\n                            <a href=\"https:\/\/monolith.law\/hu\/internet\/throwaway-account\"><\/a>\n                        <\/figure>\n                    <\/div>\n                                            <\/div>\n            <div class=\"btn-more\"><a href=\"https:\/\/monolith.law\/hu\/tag\/id-of-the-defamatory-statement\">Read More<\/a><\/div>\n        <\/div>\n    <\/section>\n\t<\/div>\n<\/section>\n\n<section class=\"orange2-section\">\n\t<div class=\"anchor\" id=\"fee-structure\"><\/div>\n\t<div class=\"section-inner\">\n\t<div class=\"planWrap\">\n\t<h3>Fee Structure<\/h3>\n\t<ul class=\"plan\">\n\t\t<li class=\"txt-left\">\n\t\t\t<div class=\"plan-inner\">\n\t\t\t<div class=\"plan-header\">\n\t\t\t<h4 class=\"plan-title\">\u00d3rad\u00edj<\/h4>\n\t\t\t<div class=\"plan-price\"><span class=\"price-figure\">$300<\/span> \u00f3r\u00e1nk\u00e9nt <span class=\"price-tax\"><\/span><\/div>\n\t\t\t<\/div>\n\t\t\t<div class=\"plan-body\">Bizonyos esetekben megfontolhatjuk egy vita vagy peres elj\u00e1r\u00e1s elind\u00edt\u00e1s\u00e1t kezdeti d\u00edj \u00e9s sikerd\u00edj ellen\u00e9ben. Tov\u00e1bbi r\u00e9szletek\u00e9rt k\u00e9rj\u00fck, l\u00e9pjen vel\u00fcnk kapcsolatba.<\/div>\n\t\t\t<\/div>\n\t\t<\/li>\n\t\t<li class=\"txt-left\">\n\t\t\t<div class=\"plan-inner\">\n\t\t\t<div class=\"plan-header\">\n\t\t\t<h4 class=\"plan-title\">Szerz\u0151d\u00e9sek megfogalmaz\u00e1sa<\/h4>\n\t\t\t<div class=\"plan-price\"><span class=\"price-value\">t\u00f3l<\/span><span class=\"price-figure\">$500<\/span><span class=\"price-value\">ig $2,000 vagy t\u00f6bb<\/span><span class=\"price-tax\"><\/span><\/div>\n\t\t\t<\/div>\n\t\t\t<div class=\"plan-body\">Az \u00e1raz\u00e1si strukt\u00fara v\u00e1ltozhat a szerz\u0151d\u00e9sek t\u00edpus\u00e1t\u00f3l \u00e9s mennyis\u00e9g\u00e9t\u0151l f\u00fcgg\u0151en. \u00d6r\u00f6mmel k\u00e9sz\u00edt\u00fcnk el\u0151zetes becsl\u00e9st \u00e9rdekl\u0151d\u00e9s eset\u00e9n, ez\u00e9rt b\u00e1tran forduljon hozz\u00e1nk tov\u00e1bbi r\u00e9szletek\u00e9rt.<\/div>\n\t\t\t<\/div>\n\t\t<\/li>\n\t\t<li class=\"txt-left\">\n\t\t\t<div class=\"plan-inner\">\n\t\t\t<div class=\"plan-header\">\n\t\t\t<h4 class=\"plan-title\">Egy\u00e9b szolg\u00e1ltat\u00e1sok<\/h4>\n\t\t\t<div class=\"plan-price\"><span class=\"price-figure\">Vegye fel vel\u00fcnk a kapcsolatot<\/span><\/div>\n\t\t\t<\/div>\n\t\t\t<div class=\"plan-body\">Sz\u00e9les k\u00f6r\u0171 szolg\u00e1ltat\u00e1sokat k\u00edn\u00e1lunk, t\u00f6bbek k\u00f6z\u00f6tt c\u00e9galap\u00edt\u00e1s, szerz\u0151d\u00e9sek \u00e1ttekint\u00e9se, jogi v\u00e9lem\u00e9nyez\u00e9s, eset\u00e9rt\u00e9kel\u00e9s vagy kutat\u00e1si levelek. Amennyiben k\u00e9rd\u00e9se vagy aggodalma van, szeretettel v\u00e1rjuk, hogy vegye fel vel\u00fcnk a kapcsolatot, \u00e9s tapasztalt csapatunk \u00f6r\u00f6mmel \u00e1ll rendelkez\u00e9s\u00e9re.<\/div>\n\t\t\t<\/div>\n\t\t\t<\/div>\n\t\t<\/li>\n\t<\/ul>\n\t<\/div>\n\t<\/div>\n<\/section>\n\n<section class=\"white-section\">\n\t<div class=\"section-inner\">\n\t\t<div class=\"btn-area\">\n\t\t\t<div class=\"btn icon-contact\"><a href=\"\/hu\/contact\">Vegye fel vel\u00fcnk a kapcsolatot<\/a><\/div>\n\t\t<\/div>\n\t<\/div>\n<\/section>\n","protected":false},"excerpt":{"rendered":"<p>A r\u00e1galmaz\u00f3 \u00e1ll\u00edt\u00e1s azonos\u00edt\u00e1sa A jap\u00e1n t\u00f6rv\u00e9nyek \u00e9rtelm\u00e9ben, ha egy v\u00e1llalat vagy egy\u00e9n r\u00e1galmaz\u00e1s vagy mag\u00e1n\u00e9leti jog megs\u00e9rt\u00e9se \u00e1ldozat\u00e1v\u00e1 v\u00e1lik az interneten n\u00e9vtelen felhaszn\u00e1l\u00f3k \u00e1ltal, lehets\u00e9ge [&hellip;]<\/p>\n","protected":false},"author":1,"featured_media":57174,"parent":0,"menu_order":7,"comment_status":"closed","ping_status":"closed","template":"other-page-temp.php","meta":{"footnotes":""},"acf":[],"_links":{"self":[{"href":"https:\/\/monolith.law\/hu\/wp-json\/wp\/v2\/pages\/30684"}],"collection":[{"href":"https:\/\/monolith.law\/hu\/wp-json\/wp\/v2\/pages"}],"about":[{"href":"https:\/\/monolith.law\/hu\/wp-json\/wp\/v2\/types\/page"}],"author":[{"embeddable":true,"href":"https:\/\/monolith.law\/hu\/wp-json\/wp\/v2\/users\/1"}],"replies":[{"embeddable":true,"href":"https:\/\/monolith.law\/hu\/wp-json\/wp\/v2\/comments?post=30684"}],"version-history":[{"count":31,"href":"https:\/\/monolith.law\/hu\/wp-json\/wp\/v2\/pages\/30684\/revisions"}],"predecessor-version":[{"id":64139,"href":"https:\/\/monolith.law\/hu\/wp-json\/wp\/v2\/pages\/30684\/revisions\/64139"}],"wp:featuredmedia":[{"embeddable":true,"href":"https:\/\/monolith.law\/hu\/wp-json\/wp\/v2\/media\/57174"}],"wp:attachment":[{"href":"https:\/\/monolith.law\/hu\/wp-json\/wp\/v2\/media?parent=30684"}],"curies":[{"name":"wp","href":"https:\/\/api.w.org\/{rel}","templated":true}]}}