{"id":31513,"date":"2023-11-05T23:20:32","date_gmt":"2023-11-05T14:20:32","guid":{"rendered":"https:\/\/monolith.law\/?page_id=31513"},"modified":"2024-05-01T12:02:02","modified_gmt":"2024-05-01T03:02:02","slug":"m-and-a-of-sns-accounts","status":"publish","type":"page","link":"https:\/\/monolith.law\/hu\/m-and-a-of-sns-accounts","title":{"rendered":"K\u00f6z\u00f6ss\u00e9gi M\u00e9diafi\u00f3kok M&amp;A-ja"},"content":{"rendered":"\n<section class=\"heading-area\">\n\t<div class=\"heading-area-inner\">\n\t\t<h2 class=\"icon-m-and-a-of-sns-accounts\">K\u00f6z\u00f6ss\u00e9gi M\u00e9diafi\u00f3kok M&amp;A-ja<\/h2>\n\t\t<p>A YouTube-csatorn\u00e1k \u00e9s Twitter-fi\u00f3kok M&amp;A-ja egy rendk\u00edv\u00fcl specializ\u00e1lt ter\u00fclet, amely speci\u00e1lis tud\u00e1st \u00e9s know-how-t ig\u00e9nyel. Mint egy olyan jogi iroda, amely IT, internet \u00e9s \u00fczleti szak\u00e9rt\u0151ket foglalkoztat, sz\u00e9lesk\u00f6r\u0171 seg\u00edts\u00e9get ny\u00fajtunk ezen a ter\u00fcleten.<\/p>\n\t<\/div>\n<\/section>\n\n<section class=\"white-section\">\n\t<div class=\"section-inner pdt0 border-bottom-section\">\n\t\t<p>Similar to websites, YouTube channels and Twitter accounts are also subject to M&amp;A. However, because these M&amp;As are unique situations, it is necessary to hire a law firm with specialized knowledge and expertise. \nMonolith Law Office is a law firm specializing in IT, the Internet and business. Our attorneys handle every aspect of many M&amp;As, from small projects involving YouTube channels to projects worth more than 100 million yen, ranging from contract drafting to due diligence (DD).<\/p>\n\t<\/div>\n<\/section>\n\n<section class=\"second-nav\">\n\t<div class=\"second-nav-inner\">\n\t\t<p>T\u00c9M\u00c1K<\/p>\n\t\t<nav>\n\t\t\t<ul>\n\t\t\t\t<li><a href=\"#an-example-of-ma-track-record\">M&amp;A tranzakci\u00f3k p\u00e9ld\u00e1i<\/a><\/li>\n\t\t\t\t<li><a href=\"#ma-special-feature-on-sns-such-as-youtube\">K\u00fcl\u00f6nleges M&amp;A jellemz\u0151k k\u00f6z\u00f6ss\u00e9gi h\u00e1l\u00f3zatokon, mint p\u00e9ld\u00e1ul a YouTube<\/a><\/li>\n\t\t\t\t<li><a href=\"#responding-to-legal-due-diligence-dd\">Jogi due diligence-re adott v\u00e1lasz<\/a><\/li>\n\t\t\t\t<li><a href=\"#legal-due-diligence-dd-peculiarities-of-sns-etc\">A k\u00f6z\u00f6ss\u00e9gi m\u00e9dia jogi due diligence vizsg\u00e1lat\u00e1nak k\u00fcl\u00f6nleges jellemz\u0151i<\/a><\/li>\n\t\t\t\t<li><a href=\"#an-example-of-our-client\">\u00dcgyfeleink p\u00e9ld\u00e1i<\/a><\/li>\n\t\t\t\t<li><a href=\"#book-writing-records\">Publik\u00e1ci\u00f3s nyilv\u00e1ntart\u00e1s<\/a><\/li>\n\t\t\t\t<li><a href=\"#media-appearance-record\">M\u00e9dia megjelen\u00e9si rekordok<\/a><\/li>\n\t\t\t\t<li><a href=\"#monolith-law-magazine\">MONOLITH LAW MAGAZINE<\/a><\/li>\n\t\t\t\t<li><a href=\"#fee-structure\">D\u00edjszab\u00e1s<\/a><\/li>\n\t\t\t<\/ul>\n\t\t<\/nav>\n\t<\/div>\n<\/section>\n\n<section class=\"white-section\">\n\t<div class=\"anchor\" id=\"an-example-of-ma-track-record\"><\/div>\n\t<div class=\"section-inner\">\n\t\t<h3>M&amp;A tranzakci\u00f3k p\u00e9ld\u00e1i<\/h3>\n\t\t<ul class=\"layout-column4\">\n\t\t\t<li>\n\t\t\t\t<div><img decoding=\"async\" src=\"\/wp-content\/themes\/monolith2021\/img\/practices-youtuberlaw\/practices-youtuberlaw_necessity_pic3.jpg\" alt=\"YouTube channel\"><\/div>\n\t\t\t\t<h4>YouTube csatorn\u00e1k<\/h4>\n\t\t\t\t<p>T\u00f6bb mint 100 milli\u00f3 jen \u00e9rt\u00e9k\u0171 M&amp;A \u00e9s due diligence tranzakci\u00f3kban szerzett tapasztalatunk van, mint p\u00e9ld\u00e1ul VTuber \u00e9s anime YouTube csatorn\u00e1k \u00e1truh\u00e1z\u00e1sa.<\/p>\n\t\t\t<\/li>\n\t\t\t<li>\n\t\t\t\t<div><img decoding=\"async\" src=\"\/wp-content\/themes\/monolith2021\/img\/snsmalaw\/snsmalaw_example_pic2.jpg\" alt=\"Twitter account\"><\/div>\n\t\t\t\t<h4>Twitter fi\u00f3kok<\/h4>\n\t\t\t\t<p>Sz\u00e1mos szerz\u0151d\u00e9s \u00e9s due diligence folyamatot kezel\u00fcnk, amelyek a t\u00e1j\u00e9koztat\u00e1st ny\u00fajt\u00f3 Twitter fi\u00f3kok \u00e1truh\u00e1z\u00e1s\u00e1val kapcsolatosak.<\/p>\n\t\t\t<\/li>\n\t\t\t<li>\n\t\t\t\t<div><img decoding=\"async\" src=\"\/wp-content\/themes\/monolith2021\/img\/snsmalaw\/snsmalaw_example_pic3.jpg\" alt=\"Instagram account\"><\/div>\n\t\t\t\t<h4>Instagram fi\u00f3kok<\/h4>\n\t\t\t\t<p>T\u00e1mogatjuk az Instagram fi\u00f3kok \u00fczleti \u00e1truh\u00e1z\u00e1s keret\u00e9ben t\u00f6rt\u00e9n\u0151 \u00e1tad\u00e1s\u00e1t.<\/p>\n\t\t\t<\/li>\n\t\t\t<li>\n\t\t\t\t<div><img decoding=\"async\" src=\"\/wp-content\/themes\/monolith2021\/img\/snsmalaw\/snsmalaw_example_pic4.jpg\" alt=\"Other SNS\"><\/div>\n\t\t\t\t<h4>Egy\u00e9b k\u00f6z\u00f6ss\u00e9gi m\u00e9dia<\/h4>\n\t\t\t\t<p>M\u00e1s k\u00f6z\u00f6ss\u00e9gi m\u00e9dia \u00e9s webes szolg\u00e1ltat\u00e1sokkal kapcsolatban is rendelkez\u00fcnk tapasztalattal \u00e9s szak\u00e9rtelemmel.<\/p>\n\t\t\t<\/li>\n\t\t<\/ul>\n\t<\/div>\n<\/section>\n\n<section class=\"white-section\">\n\t<div class=\"section-inner pdt0\">\n\t\t<div class=\"frame2 max-width860 txt-center-pc\">\n\t\t\t<p class=\"bold txt-l\">A MONOLITH LAW OFFICE egy olyan \u00fcgyv\u00e9di iroda,<br class=\"pcOnly\"> amely az IT, az internet \u00e9s az \u00fczleti jogra specializ\u00e1l\u00f3dott.<br class=\"pcOnly\">Szolg\u00e1ltat\u00e1saink a szerz\u0151d\u00e9sek megfogalmaz\u00e1s\u00e1t\u00f3l a due diligence (DD) elj\u00e1r\u00e1sokig terjednek az M&amp;A \u00fcgyletek eset\u00e9ben, bele\u00e9rtve a YouTube csatorn\u00e1kat is,<br class=\"pcOnly\"> kisebb tranzakci\u00f3kt\u00f3l a 100 milli\u00f3 jent meghalad\u00f3 \u00fcgyletekig.<br class=\"pcOnly\"><\/p>\n\t\t<\/div>\n\t<\/div>\n<\/section>\n\n<section class=\"orange-section\">\n\t<div class=\"anchor\" id=\"ma-special-feature-on-sns-such-as-youtube\"><\/div>\n\t<div class=\"section-inner\">\n\t\t<h3>K\u00fcl\u00f6nleges M&amp;A jellemz\u0151k k\u00f6z\u00f6ss\u00e9gi h\u00e1l\u00f3zatokon, mint p\u00e9ld\u00e1ul a YouTube<\/h3>\n\t\t<ul class=\"layout-column4\">\n\t\t\t<li>\n\t\t\t\t<div><img decoding=\"async\" src=\"\/wp-content\/themes\/monolith2021\/img\/snsmalaw\/snsmalaw_specificity_pic1.jpg\" alt=\"IT\/Internet jogi \u00fcgyek\"><\/div>\n\t\t\t\t<h4>IT\/Internet jogi \u00fcgyek<\/h4>\n\t\t\t\t<p>Ha nem rendelkezik sz\u00e9lesk\u00f6r\u0171 tapasztalattal az IT \u00e9s az internet ter\u00fclet\u00e9n, neh\u00e9z lehet megfelel\u0151en meghat\u00e1rozni a tranzakci\u00f3 jogi ellen\u0151rz\u00e9si pontjait.<\/p>\n\t\t\t<\/li>\n\t\t\t<li>\n\t\t\t\t<div><img decoding=\"async\" src=\"\/wp-content\/themes\/monolith2021\/img\/snsmalaw\/snsmalaw_specificity_pic2.jpg\" alt=\"Szellemi tulajdonjog\"><\/div>\n\t\t\t\t<h4>Szellemi tulajdonjog<\/h4>\n\t\t\t\t<p>A k\u00f6z\u00f6ss\u00e9gi m\u00e9diafi\u00f3kok \u00e1truh\u00e1z\u00e1sakor a jogok megfelel\u0151 kezel\u00e9s\u00e9hez sz\u00fcks\u00e9g van a szerz\u0151i jogokhoz hasonl\u00f3 szellemi tulajdonjogok szak\u00e9rt\u0151i ismeret\u00e9re.<\/p>\n\t\t\t<\/li>\n\t\t\t<li>\n\t\t\t\t<div><img decoding=\"async\" src=\"\/wp-content\/themes\/monolith2021\/img\/snsmalaw\/snsmalaw_specificity_pic3.jpg\" alt=\"Licencel\u00e9s, stb.\"><\/div>\n\t\t\t\t<h4>IP Licencel\u00e9s<\/h4>\n\t\t\t\t<p>A k\u00fcl\u00f6nb\u00f6z\u0151 m\u00e9diumokban t\u00f6rt\u00e9n\u0151 tartalomterjeszt\u00e9s sor\u00e1n elengedhetetlen a harmadik felek \u00e1ltal be\u00e1ll\u00edtott licencfelt\u00e9telek meg\u00e9rt\u00e9se, \u00e9s ez helyesen nagyon szakosodott feladat.<\/p>\n\t\t\t<\/li>\n\t\t\t<li>\n\t\t\t\t<div><img decoding=\"async\" src=\"\/wp-content\/themes\/monolith2021\/img\/snsmalaw\/snsmalaw_specificity_pic4.jpg\" alt=\"Felt\u00e9telek \u00e9s Ir\u00e1nyelvek\"><\/div>\n\t\t\t\t<h4>Felt\u00e9telek<\/h4>\n\t\t\t\t<p>P\u00e9ld\u00e1ul a YouTube-csatorn\u00e1k Due Diligence (DD) folyamat\u00e1hoz sz\u00fcks\u00e9g van a terminol\u00f3gia ismeret\u00e9re, valamint az egyes ir\u00e1nyelvek legfrissebb v\u00e1ltozatainak naprak\u00e9sz ismeret\u00e9re.<\/p>\n\t\t\t<\/li>\n\t\t<\/ul>\n\t<\/div>\n<\/section>\n\n<section class=\"white-section\">\n\t<div class=\"anchor\" id=\"responding-to-legal-due-diligence-dd\"><\/div>\n\t<div class=\"section-inner\">\n\t\t<div class=\"flex reverse\">\n\t\t\t<div class=\"width41\"><img decoding=\"async\" src=\"\/wp-content\/themes\/monolith2021\/img\/pic\/pic_legalduediligence.jpg\" alt=\"Jogi due diligence (DD) kezel\u00e9se\"><\/div>\n\t\t\t<div class=\"width51\">\n\t\t\t\t<h3>Jogi due diligence-re adott v\u00e1lasz<\/h3>\n\t\t\t\t<p class=\"mgb-small\">Az olyan SNS fi\u00f3kok, mint a YouTube csatorn\u00e1k \u00e9s a Twitter, valamint az \u0151ket birtokl\u00f3 c\u00e9gek r\u00e9szv\u00e9nyeinek \u00fczleti \u00e1tad\u00e1sa olyan szerz\u0151d\u00e9sek, amelyek egyes esetekben jogi due diligence-t (DD) ig\u00e9nyelnek, ak\u00e1rcsak az \u00fagynevezett szok\u00e1sos M&amp;A.<\/p>\n\t\t\t\t<p class=\"mgb-small\">C\u00e9g\u00fcnk, a MONOLITH LAW OFFICE is k\u00e9sz\u00edt jogi due diligence-t (DD) \u00e9s DD jelent\u00e9seket az ilyen magasan specializ\u00e1lt M&amp;A tranzakci\u00f3khoz.<\/p>\n\t\t\t\t<p class=\"txt-s\">* DD jelent\u00e9s k\u00e9sz\u00edt\u00e9se eset\u00e9n az \u00fcgyv\u00e9d munkaideje alapelv szerint 30 \u00f3ra vagy ann\u00e1l t\u00f6bb (az \u00fcgyv\u00e9di d\u00edj 1 milli\u00f3 yen vagy ann\u00e1l t\u00f6bb).<\/p>\n\t\t\t<\/div>\n\t\t<\/div>\n\t<\/div>\n<\/section>\n\n<section class=\"white-section\">\n\t<div class=\"anchor\" id=\"legal-due-diligence-dd-peculiarities-of-sns-etc\"><\/div>\n\t<div class=\"section-inner-black\">\n\t\t<h3><br class=\"spOnly\">A k\u00f6z\u00f6ss\u00e9gi m\u00e9dia jogi due diligence vizsg\u00e1lat\u00e1nak k\u00fcl\u00f6nleges jellemz\u0151i<\/h3>\n\t\t<p class=\"mgb-small\">Amikor p\u00e9ld\u00e1ul egy YouTube csatorna M&amp;A DD vizsg\u00e1lat\u00e1t v\u00e9gezz\u00fck, figyelembe kell venni a csatorn\u00e1n k\u00f6zz\u00e9tett vide\u00f3k t\u00f6rv\u00e9nyess\u00e9g\u00e9t, valamint \u00f6sszhangj\u00e1t a YouTube felhaszn\u00e1l\u00e1si felt\u00e9teleivel \u00e9s k\u00fcl\u00f6nb\u00f6z\u0151 ir\u00e1nyelveivel. Ha ezek a probl\u00e9m\u00e1k felmer\u00fclnek, a nyilv\u00e1nos vide\u00f3k t\u00f6rl\u00e9sre ker\u00fclhetnek, \u00e9s a legrosszabb esetben olyan int\u00e9zked\u00e9sek, mint a fi\u00f3k felf\u00fcggeszt\u00e9se is \u00e9rv\u00e9nybe l\u00e9phetnek, ami f\u00e9lre\u00e9rtelmezheti a csatorna \u00e9rt\u00e9k\u00e9t.<\/p>\n\t\t<p class=\"mgb-small\">Ehhez sz\u00fcks\u00e9g van sz\u00e1mos ter\u00fcleten, t\u00f6bbek k\u00f6z\u00f6tt a vide\u00f3kban haszn\u00e1lt t\u00e1rgyak \u00e9s zene szerz\u0151i jogi ismereteire, az emberek megjelen\u00e9s\u00e9vel kapcsolatos arck\u00e9p- \u00e9s adatv\u00e9delmi jogokra, valamint az olyan rekl\u00e1mszab\u00e1lyoz\u00e1sokra, amelyek probl\u00e9m\u00e1sak lehetnek kozmetikumok \u00e9s eg\u00e9szs\u00e9ges \u00e9lelmiszerek bemutat\u00e1sakor. L\u00e9tfontoss\u00e1g\u00fa, hogy tiszt\u00e1ban legy\u00fcnk a felhaszn\u00e1l\u00e1si felt\u00e9telekkel \u00e9s k\u00fcl\u00f6nb\u00f6z\u0151 ir\u00e1nyelvekkel, valamint naprak\u00e9szen k\u00f6vess\u00fck azok leg\u00fajabb v\u00e1ltozatait.<\/p>\n\t\t<p class=\"mgb-middle\">Tov\u00e1bb\u00e1, mivel a felhaszn\u00e1l\u00e1si felt\u00e9teleket \u00e9s ir\u00e1nyelveket \u00f6nk\u00e9ntesen hozz\u00e1k l\u00e9tre, elengedhetetlen, hogy olyan jogi irod\u00e1val dolgozzunk egy\u00fctt, amely szakosodott ezen a ter\u00fcleten, mint p\u00e9ld\u00e1ul a MONOLITH LAW OFFICE.<\/p>\n\n\n\n\t<\/div>\n<\/section>\n\n<section class=\"white-section\">\n\t<div class=\"anchor\" id=\"an-example-of-our-client\"><\/div>\n\t<div class=\"section-inner\">\n\t\t<h3>\u00dcgyfeleink p\u00e9ld\u00e1i<\/h3>\n\t\t<ul class=\"layout-column4 mgb-middle\">\n\t\t\t<li>\n\t\t\t\t<div><img decoding=\"async\" src=\"\/wp-content\/themes\/monolith2021\/img\/clients\/logo_zizai.png\" alt=\"ZIZAI\"><\/div>\n\t\t\t\t<h4><a href=\"https:\/\/zizai.co.jp\/\" target=\"_blank\" rel=\"noopener noreferrer\">ZIZAI Inc.<\/a><\/h4>\n\t\t\t\t<p>A ZIZAI Inc. projektj\u00e9n dolgozunk, amely a VTuber\/virtu\u00e1lis YouTuber Miraiakari \u00e9s a pachinko\/slot tr\u00e9ningvide\u00f3 csatorna, a Sulopachi Station m\u0171k\u00f6dtet\u00e9s\u00e9\u00e9rt felel\u0151s.<\/p>\n\t\t\t<\/li>\n\t\t\t<li>\n\t\t\t\t<div><img decoding=\"async\" src=\"\/wp-content\/themes\/monolith2021\/img\/clients\/logo_plott.png\" alt=\"Plott Inc.\"><\/div>\n\t\t\t\t<h4><a href=\"https:\/\/plott.tokyo\/\" target=\"_blank\" rel=\"noopener noreferrer\">Plott Inc.<\/a><\/h4>\n\t\t\t\t<p>A Plott Co., Ltd. projektj\u00e9n dolgozunk, amely olyan anime YouTube csatorn\u00e1kat kezel, mint a &#8220;Teikou Penguin&#8221;, a &#8220;KAREKORE of MIXED BLOOD&#8221;, a &#8220;Grim Reaper Flag Chan!&#8221;, \u00e9s a &#8220;Yaruminati&#8221;.<\/p>\n\t\t\t<\/li>\n\t\t\t<li>\n\t\t\t\t<div><img decoding=\"async\" src=\"\/wp-content\/themes\/monolith2021\/img\/clients\/logo_algorithm.png\" alt=\"Algorithm\"><\/div>\n\t\t\t\t<h4><a href=\"https:\/\/algorithms.co.jp\/\" target=\"_blank\" rel=\"noopenerrnoreferrer noopener\">Algorithm Inc.<\/a><\/h4>\n\t\t\t\t<p>Az Algorithm Inc. projektj\u00e9n dolgozunk, amelynek f\u0151 tev\u00e9kenys\u00e9ge az affiliate m\u00e9dia megszerz\u00e9se \u00e9s aktiv\u00e1l\u00e1sa, valamint a &#8220;feely&#8221; \u00e9s a &#8220;tabiyori&#8221; m\u0171k\u00f6dtet\u00e9se.<\/p>\n\t\t\t<\/li>\n\t\t\t<li>\n\t\t\t\t<div><img decoding=\"async\" src=\"\/wp-content\/themes\/monolith2021\/img\/clients\/logo_mediano.png\" alt=\"Mediano\"><\/div>\n\t\t\t\t<h4><a href=\"https:\/\/mediano-ltd.co.jp\/\" target=\"_blank\" rel=\"noopener noreferrer\">Mediano Co., Ltd.<\/a><\/h4>\n\t\t\t\t<p>A Mediano Co., Ltd. projektj\u00e9n dolgozunk, amelynek f\u0151 tev\u00e9kenys\u00e9ge az okostelefon-alkalmaz\u00e1sok, valamint az M&amp;A tranzakci\u00f3k, amelyek mindk\u00e9t f\u00e9l er\u0151ss\u00e9geit kihaszn\u00e1l\u00f3 egy\u00fcttm\u0171k\u00f6d\u00e9st val\u00f3s\u00edtanak meg \u00e9s \u00e1tad\u00e1sra ker\u00fcl\u0151 m\u00e9dia tartalmakat szereznek be.<\/p>\n\t\t\t<\/li>\n\t\t<\/ul>\n\t\t<p class=\"txt-s\">*Sz\u00e1mos m\u00e1s \u00fcgyf\u00e9l projektj\u00e9n is dolgozunk. Csak azoknak a c\u00e9geknek az inform\u00e1ci\u00f3it tessz\u00fck k\u00f6zz\u00e9, amelyek enged\u00e9lyezt\u00e9k \u00fczleti partner adataik nyilv\u00e1noss\u00e1gra hozatal\u00e1t. A bizalmas inform\u00e1ci\u00f3k miatt az, hogy \u00d6n a mi \u00fcgyfel\u00fcnk, szigor\u00faan bizalmasan kezelt.<\/p>\n\t<\/div>\n<\/section>\n\n<section class=\"white-section\">\n\t<div class=\"section-inner\">\n\t\t<div class=\"frame2 max-width860 txt-center-pc\">\n\t\t\t<p class=\"bold txt-l mgb-small\">Kiad\u00f3i tev\u00e9kenys\u00e9gek a YouTuber \/ VTuber jogi \u00fcgyek ter\u00e9n<\/p>\n\t\t\t<p>A YouTuberek\/VTuberek jogi \u00fcgyei egy rendk\u00edv\u00fcl specializ\u00e1lt ter\u00fcletet k\u00e9peznek. K\u00e9pvisel\u0151 \u00fcgyv\u00e9d\u00fcnk, Toki Kawase is kiad\u00f3i tev\u00e9kenys\u00e9get folytat e t\u00e9m\u00e1kban.<\/p>\n\t\t<\/div>\n\t<\/div>\n<\/section>\n<section class=\"orange-section\">\n\t<div class=\"anchor\" id=\"book-writing-records\"><\/div>\n\t<div class=\"section-inner\">\n\t\t<div class=\"flex reverse\">\n\t\t\t<div class=\"width41\"><img decoding=\"async\" src=\"\/wp-content\/uploads\/2022\/07\/it_law_book.jpg\" alt=\"Kiad\u00f3i tev\u00e9kenys\u00e9g rekordja, mint egy SNS-szel kapcsolatos jogi \u00fcgyekben er\u0151s \u00fcgyv\u00e9d, mint p\u00e9ld\u00e1ul a YouTube\"><\/div>\n\t\t\t<div class=\"width51\">\n\t\t\t\t<h3>Publik\u00e1ci\u00f3s tev\u00e9kenys\u00e9gek mint SNS jogi k\u00e9rd\u00e9sekben szak\u00e9rt\u0151 \u00fcgyv\u00e9d, bele\u00e9rtve a YouTube-ot<\/h3>\n\t\t\t\t<p>A &#8220;IT \u00dcgyv\u00e9d, K\u00e9rj\u00fck, Mondja El Ne\u00fcnk a YouTube T\u00f6rv\u00e9nyeit \u00e9s Felt\u00e9teleit&#8221; (Shodensha, 2022. j\u00falius 30.) c\u00edm\u0171 k\u00f6nyv kiad\u00e1sra ker\u00fclt, hogy elmagyar\u00e1zza a YouTube-hoz kapcsol\u00f3d\u00f3 szab\u00e1lyoz\u00e1sokat \u00e9s felt\u00e9teleket a kezd\u0151knek. A k\u00f6nyv k\u00e9rd\u00e9s-v\u00e1lasz form\u00e1tumban magyar\u00e1zza el, hogyan hozhat\u00f3k l\u00e9tre k\u00fcl\u00f6nb\u00f6z\u0151 szerz\u0151d\u00e9sek \u00e9s ellen\u0151rz\u0151 pontok minden t\u00e9m\u00e1hoz, az M&amp;A el\u0151felt\u00e9telek\u00e9nt szolg\u00e1l\u00f3 szerz\u0151d\u00e9sekt\u0151l kezdve az \u00fczlet\u00e1tad\u00e1si szerz\u0151d\u00e9sekig.<\/p>\n\t\t\t<\/div>\n\t\t<\/div>\n\t<\/div>\n<\/section>\n<section class=\"white-section\">\n\t<div class=\"anchor\" id=\"media-appearance-record\"><\/div>\n\t<div class=\"section-inner\">\n\t\t<div class=\"flex\">\n\t\t\t<div class=\"width41\"><img decoding=\"async\" src=\"\/wp-content\/themes\/monolith2021\/img\/practices-youtuberlaw\/practices-youtuberlaw_pic2.jpg\"><\/div>\n\t\t\t<div class=\"width51\">\n\t\t\t\t<h3>VTuber-rel kapcsolatos vend\u00e9gszerepl\u00e9s az &#8220;ABEMA Prime&#8221; m\u0171sorban<\/h3>\n\t\t\t\t<p>Az &#8220;ABEMA Prime&#8221; m\u0171sorban, amely 2022. febru\u00e1r 16-\u00e1n \u00e9s m\u00e1jus 20-\u00e1n ker\u00fclt ad\u00e1sba, k\u00e9pvisel\u0151 \u00fcgyv\u00e9d\u00fcnk, Toki Kawase, jogi k\u00e9rd\u00e9seket komment\u00e1lt, mint p\u00e9ld\u00e1ul a VTuberek mag\u00e1n\u00e9let\u00e9nek v\u00e9delme \u00e9s az interneten nagy vihart kavart vitatott influenszerek.<\/p>\n\t\t\t<\/div>\n\t\t<\/div>\n\t<\/div>\n<\/section>\n\n<section class=\"purple2-section\">\n\t<div class=\"anchor\" id=\"monolith-law-magazine\"><\/div>\n\t<div class=\"section-inner\">\n\t\t    <section class=\"white-section temp-article\">\n        <div class=\"section-inner\">\n            <h4>MONOLITH LAW MAGAZINE<\/h4>\n            <div class=\"articles type_practice_column\">\n                                                                    <div class=\"article article-area\">\n                        <figure>\n                            <div class=\"img-wrap\">\n                                <img alt=\"A Virtu\u00e1lis YouTuber-ek \u00e9s VTuber-ek felv\u00e1s\u00e1rl\u00e1sa \u00e9s \u00fczleti \u00e1tad\u00e1sa\" src=\"https:\/\/monolith.law\/hu\/wp-content\/uploads\/sites\/31\/2023\/12\/youtuber-vtubervirtual-youtuber-ma-1.jpg\" width=\"500\" height=\"250\">\n                            <\/div>\n                            <figcaption>\n                                <div class=\"figcaption-inner\">\n                                    <h3>A Virtu\u00e1lis YouTuber-ek \u00e9s VTuber-ek felv\u00e1s\u00e1rl\u00e1sa \u00e9s \u00fczleti \u00e1tad\u00e1sa<\/h3>\n                                <\/div>\n                            <\/figcaption>\n                            <a href=\"https:\/\/monolith.law\/hu\/internet\/virtual-youtuber-ma\"><\/a>\n                        <\/figure>\n                    <\/div>\n                                                    <div class=\"article article-area\">\n                        <figure>\n                            <div class=\"img-wrap\">\n                                <img alt=\"YouTuber v\u00e1llalkoz\u00e1sok \u00e1tad\u00e1sa \u00e9s az \u00e1tad\u00e1st k\u00f6vet\u0151 menedzsment szerz\u0151d\u00e9sek szerz\u0151d\u00e9sei\" src=\"https:\/\/monolith.law\/hu\/wp-content\/uploads\/sites\/31\/2024\/02\/youtuber-business-transfer-Management-contract-i.jpg\" width=\"500\" height=\"250\">\n                            <\/div>\n                            <figcaption>\n                                <div class=\"figcaption-inner\">\n                                    <h3>YouTuber v\u00e1llalkoz\u00e1sok \u00e1tad\u00e1sa \u00e9s az \u00e1tad\u00e1st k\u00f6vet\u0151 menedzsment szerz\u0151d\u00e9sek szer.<\/h3>\n                                <\/div>\n                            <\/figcaption>\n                            <a href=\"https:\/\/monolith.law\/hu\/internet\/youtuber-business-transfer-management-contract\"><\/a>\n                        <\/figure>\n                    <\/div>\n                                            <\/div>\n            <div class=\"btn-more\"><a href=\"https:\/\/monolith.law\/hu\/tag\/m-and-a-of-sns-accounts\">Read More<\/a><\/div>\n        <\/div>\n    <\/section>\n\t<\/div>\n<\/section>\n\n<section class=\"orange2-section\">\n\t<div class=\"anchor\" id=\"fee-structure\"><\/div>\n\t<div class=\"section-inner\">\n\t<div class=\"planWrap\">\n\t<h3>D\u00edjszab\u00e1s<\/h3>\n\t<ul class=\"plan\">\n\t\t<li class=\"txt-left\">\n\t\t\t<div class=\"plan-inner\">\n\t\t\t<div class=\"plan-header\">\n\t\t\t<h4 class=\"plan-title\">\u00d3rad\u00edj<\/h4>\n\t\t\t<div class=\"plan-price\"><span class=\"price-figure\">$300<\/span> \u00f3r\u00e1nk\u00e9nt <span class=\"price-tax\"><\/span><\/div>\n\t\t\t<\/div>\n\t\t\t<div class=\"plan-body\">Bizonyos esetekben megfontolhatjuk egy vita vagy peres elj\u00e1r\u00e1s elind\u00edt\u00e1s\u00e1t kezdeti d\u00edj \u00e9s sikerd\u00edj ellen\u00e9ben. Tov\u00e1bbi r\u00e9szletek\u00e9rt k\u00e9rj\u00fck, l\u00e9pjen kapcsolatba vel\u00fcnk.<\/div>\n\t\t\t<\/div>\n\t\t<\/li>\n\t\t<li class=\"txt-left\">\n\t\t\t<div class=\"plan-inner\">\n\t\t\t<div class=\"plan-header\">\n\t\t\t<h4 class=\"plan-title\">Szerz\u0151d\u00e9sek k\u00e9sz\u00edt\u00e9se<\/h4>\n\t\t\t<div class=\"plan-price\"><span class=\"price-value\">t\u00f3l<\/span><span class=\"price-figure\">$500<\/span><span class=\"price-value\">ig $2,000 vagy t\u00f6bb<\/span><span class=\"price-tax\"><\/span><\/div>\n\t\t\t<\/div>\n\t\t\t<div class=\"plan-body\">Az \u00e1raz\u00e1si strukt\u00fara v\u00e1ltozhat a szerz\u0151d\u00e9sek t\u00edpus\u00e1t\u00f3l \u00e9s mennyis\u00e9g\u00e9t\u0151l f\u00fcgg\u0151en. \u00d6r\u00f6mmel k\u00e9sz\u00edt\u00fcnk el\u0151zetes becsl\u00e9st \u00e9rdekl\u0151d\u00e9se alapj\u00e1n, ez\u00e9rt b\u00e1tran forduljon hozz\u00e1nk tov\u00e1bbi r\u00e9szletek\u00e9rt.<\/div>\n\t\t\t<\/div>\n\t\t<\/li>\n\t\t<li class=\"txt-left\">\n\t\t\t<div class=\"plan-inner\">\n\t\t\t<div class=\"plan-header\">\n\t\t\t<h4 class=\"plan-title\">Egy\u00e9b szolg\u00e1ltat\u00e1sok<\/h4>\n\t\t\t<div class=\"plan-price\"><span class=\"price-figure\">Vegye fel vel\u00fcnk a kapcsolatot<\/span><\/div>\n\t\t\t<\/div>\n\t\t\t<div class=\"plan-body\">Sz\u00e9les k\u00f6r\u0171 szolg\u00e1ltat\u00e1sokat k\u00edn\u00e1lunk, t\u00f6bbek k\u00f6z\u00f6tt c\u00e9galap\u00edt\u00e1s, szerz\u0151d\u00e9s fel\u00fclvizsg\u00e1lat, jogi v\u00e9lem\u00e9ny, \u00fcgyek \u00e1ttekint\u00e9se vagy kutat\u00e1si levelek. Amennyiben k\u00e9rd\u00e9se vagy aggodalma van, szeretettel v\u00e1rjuk, hogy vegye fel vel\u00fcnk a kapcsolatot, \u00e9s tapasztalt csapatunk k\u00e9szs\u00e9ggel \u00e1ll rendelkez\u00e9s\u00e9re.<\/div>\n\t\t\t<\/div>\n\t\t\t<\/div>\n\t\t<\/li>\n\t<\/ul>\n\t<\/div>\n\t<\/div>\n<\/section>\n\n<section class=\"white-section\">\n\t<div class=\"section-inner\">\n\t\t<div class=\"btn-area\">\n\t\t\t<div class=\"btn icon-contact\"><a href=\"\/hu\/contact\">Vegye fel vel\u00fcnk a kapcsolatot<\/a><\/div>\n\t\t<\/div>\n\t<\/div>\n<\/section>\n","protected":false},"excerpt":{"rendered":"<p>K\u00f6z\u00f6ss\u00e9gi M\u00e9diafi\u00f3kok M&amp;A-ja A YouTube-csatorn\u00e1k \u00e9s Twitter-fi\u00f3kok M&amp;A-ja egy rendk\u00edv\u00fcl specializ\u00e1lt ter\u00fclet, amely speci\u00e1lis tud\u00e1st \u00e9s know-how-t ig\u00e9nyel. Mint egy olyan jogi iroda, amely IT, [&hellip;]<\/p>\n","protected":false},"author":1,"featured_media":57173,"parent":0,"menu_order":7,"comment_status":"closed","ping_status":"closed","template":"other-page-temp.php","meta":{"footnotes":""},"acf":[],"_links":{"self":[{"href":"https:\/\/monolith.law\/hu\/wp-json\/wp\/v2\/pages\/31513"}],"collection":[{"href":"https:\/\/monolith.law\/hu\/wp-json\/wp\/v2\/pages"}],"about":[{"href":"https:\/\/monolith.law\/hu\/wp-json\/wp\/v2\/types\/page"}],"author":[{"embeddable":true,"href":"https:\/\/monolith.law\/hu\/wp-json\/wp\/v2\/users\/1"}],"replies":[{"embeddable":true,"href":"https:\/\/monolith.law\/hu\/wp-json\/wp\/v2\/comments?post=31513"}],"version-history":[{"count":68,"href":"https:\/\/monolith.law\/hu\/wp-json\/wp\/v2\/pages\/31513\/revisions"}],"predecessor-version":[{"id":64135,"href":"https:\/\/monolith.law\/hu\/wp-json\/wp\/v2\/pages\/31513\/revisions\/64135"}],"wp:featuredmedia":[{"embeddable":true,"href":"https:\/\/monolith.law\/hu\/wp-json\/wp\/v2\/media\/57173"}],"wp:attachment":[{"href":"https:\/\/monolith.law\/hu\/wp-json\/wp\/v2\/media?parent=31513"}],"curies":[{"name":"wp","href":"https:\/\/api.w.org\/{rel}","templated":true}]}}