{"id":31896,"date":"2023-11-06T23:00:19","date_gmt":"2023-11-06T14:00:19","guid":{"rendered":"https:\/\/monolith.law\/?page_id=31896"},"modified":"2024-04-30T18:43:38","modified_gmt":"2024-04-30T09:43:38","slug":"cybercrime","status":"publish","type":"page","link":"https:\/\/monolith.law\/hu\/cybercrime","title":{"rendered":"Kiberb\u0171n\u00f6z\u00e9s"},"content":{"rendered":"\n<section class=\"heading-area\">\n\t<div class=\"heading-area-inner\">\n\t\t<h2 class=\"icon-cybercrime\">Kiberb\u0171n\u00f6z\u00e9s<\/h2>\n\t\t<p>A kiberb\u0171n\u00f6z\u00e9s komoly probl\u00e9ma a mai t\u00e1rsadalomban, \u00e9s l\u00e9tfontoss\u00e1g\u00fa, hogy a v\u00e1llalatok megfelel\u0151 l\u00e9p\u00e9seket tegyenek, amikor ilyen b\u0171ncselekm\u00e9nyek \u00e1ldozataiv\u00e1 v\u00e1lnak. A MONOLITH LAW OFFICE jogi ismeretekkel \u00e9s IT-szak\u00e9rtelemmel rendelkez\u0151 \u00fcgyv\u00e9dekb\u0151l, valamint akt\u00edv IT-m\u00e9rn\u00f6k\u00f6kb\u0151l \u00e9s IT-tan\u00e1csad\u00f3kb\u00f3l \u00e1ll\u00f3 csapata pontos tan\u00e1csokkal szolg\u00e1lhat az adott v\u00e1llalat specifikus helyzet\u00e9re szabva, \u00e9s seg\u00edts\u00e9get ny\u00fajthat a b\u00fcntet\u0151elj\u00e1r\u00e1s megind\u00edt\u00e1s\u00e1ban.<\/p>\n\t<\/div>\n<\/section>\n\n<section class=\"white-section\">\n\t<div class=\"section-inner pdt0  border-bottom-section\">\n\t\t<p>Hat\u00e9kony lehet szak\u00e9rt\u0151k bevon\u00e1sa, akik j\u00f3l ismerik a jap\u00e1n b\u00fcntet\u0151elj\u00e1r\u00e1sokat, hogy felgyors\u00edts\u00e1k a nyomoz\u00e1st \u00e9s az \u0151rizetbe v\u00e9telt a jap\u00e1n rend\u0151rs\u00e9g \u00e1ltal olyan esetekben, amikor Jap\u00e1nban jogosulatlan hozz\u00e1f\u00e9r\u00e9s t\u00f6rt\u00e9nik. Mint IT-re specializ\u00e1l\u00f3dott jogi iroda, jogi seg\u00edts\u00e9get ny\u00fajtunk azoknak a v\u00e1llalatoknak, amelyek kiberb\u0171ncselekm\u00e9nyek, mint p\u00e9ld\u00e1ul jogosulatlan hozz\u00e1f\u00e9r\u00e9s \u00e9s jogellenes adatki\u00e1raml\u00e1s \u00e1ldozataiv\u00e1 v\u00e1ltak, bele\u00e9rtve a b\u00fcntet\u0151feljelent\u00e9sek \u00e9s jelent\u00e9sek beny\u00fajt\u00e1s\u00e1ban ny\u00fajtott seg\u00edts\u00e9get a b\u00fcntet\u0151elj\u00e1r\u00e1s megind\u00edt\u00e1s\u00e1hoz.<\/p>\n\t<\/div>\n<\/section>\n\n<section class=\"second-nav\">\n\t<div class=\"second-nav-inner\">\n\t\t<p>T\u00c9M\u00c1K<\/p>\n\t\t<nav>\n\t\t\t<ul>\n\t\t\t\t<li><a href=\"#specialized-expertise-in-cybersecurity\">Szakosodott szak\u00e9rtelem a kiberbiztons\u00e1g ter\u00fclet\u00e9n<\/a><\/li>\n\t\t\t\t<li><a href=\"#the-need-for-addressing-cybercrime\">A kiberb\u0171n\u00f6z\u00e9s kezel\u00e9s\u00e9nek sz\u00fcks\u00e9gess\u00e9ge<\/a><\/li>\n\t\t\t\t<li><a href=\"#the-challenges-of-criminal-prosecution-in-cybercrime-cases\">A b\u00fcntet\u0151\u00fcgyek kih\u00edv\u00e1sai kiberb\u0171n\u00f6z\u00e9si esetekben<\/a><\/li>\n\t\t\t\t<li><a href=\"#synergy-of-lawyers-and-it-consultants\">\u00dcgyv\u00e9dek \u00e9s IT-tan\u00e1csad\u00f3k egy\u00fcttm\u0171k\u00f6d\u00e9se<\/a><\/li>\n\t\t\t\t<li><a href=\"#monolith-law-magazine\">MONOLITH LAW MAGAZINE<\/a><\/li>\n\t\t\t\t<li><a href=\"#fee-structure\">D\u00edjszerkezet<\/a><\/li>\n\t\t\t<\/ul>\n\t\t<\/nav>\n\t<\/div>\n<\/section>\n\n<section class=\"white-section\">\n\t<div class=\"anchor\" id=\"specialized-expertise-in-cybersecurity\"><\/div>\n\t<div class=\"section-inner pdb0\">\n\t\t<h3>Kiberbiztons\u00e1gi szak\u00e9rtelem<\/h3>\n\t\t<div class=\"max-width980 mgb-small\"><img decoding=\"async\" src=\"\/wp-content\/themes\/monolith2021\/img\/dispute\/dispute_member.jpg\" alt=\"Specialized Expertise in Cybersecurity\"><\/div>\n\t\t<div class=\"frame2 max-width860 txt-center-pc\">\n\t\t\t<p class=\"bold txt-l\">A MONOLITH LAW OFFICE szakosodott IT jogi szak\u00e9rtelmet ny\u00fajt, melyet egy kor\u00e1bbi IT m\u00e9rn\u00f6k \u00e9s vezet\u0151i tapasztalattal rendelkez\u0151 k\u00e9pvisel\u0151 \u00fcgyv\u00e9d vezet. A c\u00e9g 30 \u00fcgyv\u00e9db\u0151l, Kenji Shinjo (tan\u00e1csad\u00f3), a Tokyo High Public Prosecutors Office kor\u00e1bbi \u00fcgy\u00e9sz\u00e9b\u0151l, \u00e9s 16 IT tan\u00e1csad\u00f3b\u00f3l \u00e1ll\u00f3 csapatot foglal mag\u00e1ban. Megold\u00e1sokat k\u00edn\u00e1lunk a kiberbiztons\u00e1ggal kapcsolatos \u00f6sszetett vit\u00e1k megold\u00e1s\u00e1ra, kihaszn\u00e1lva csapatunk m\u00e9ly ismereteit \u00e9s tapasztalatait az IT jog ter\u00fclet\u00e9n.<\/p>\n\t\t<\/div>\n\t<\/div>\n<\/section>\n\n<section class=\"orange-section mgt-section\">\n\t<div class=\"anchor\" id=\"the-need-for-addressing-cybercrime\"><\/div>\n\t<div class=\"section-inner\">\n\t\t<div class=\"flex\">\n\t\t\t<div class=\"width41\"><img decoding=\"async\" src=\"\/wp-content\/uploads\/2023\/05\/dispute_pic2.jpg\" alt=\"The Need for Addressing Cybercrime\"><\/div>\n\t\t\t<div class=\"width51\">\n\t\t\t\t<h3>A kiberb\u0171n\u00f6z\u00e9s kezel\u00e9s\u00e9nek sz\u00fcks\u00e9gess\u00e9ge<\/h3>\n\t\t\t\t<p class=\"mgb-small\">A modern vil\u00e1gban a kiberb\u0171n\u00f6z\u00e9s egyre jelent\u0151sebb fenyeget\u00e9st jelent. Sz\u00e1mos t\u00edpus\u00fa kibert\u00e1mad\u00e1s l\u00e9tezik, t\u00f6bbek k\u00f6z\u00f6tt jogosulatlan hozz\u00e1f\u00e9r\u00e9s, jogellenes adatki\u00e1raml\u00e1s, spam e-mailek, adathal\u00e1sz csal\u00e1sok \u00e9s k\u00e1rt\u00e9kony szoftverek \u00e1ltali t\u00e1mad\u00e1sok.<\/p>\n\t\t\t\t<p class=\"mgb-small\">A jogosulatlan hozz\u00e1f\u00e9r\u00e9s olyan sz\u00e1m\u00edt\u00f3g\u00e9pes rendszerekbe val\u00f3 behatol\u00e1st jelent, amelynek c\u00e9lja inform\u00e1ci\u00f3k ellop\u00e1sa vagy megv\u00e1ltoztat\u00e1sa. A v\u00e1llalatok sz\u00e1m\u00e1ra ez a bizalmas inform\u00e1ci\u00f3k ellop\u00e1s\u00e1hoz vagy a rendszer meghib\u00e1sod\u00e1s\u00e1hoz vezethet, ami cs\u00f6kkenti a termel\u00e9kenys\u00e9get. A jogellenes adatki\u00e1raml\u00e1s a v\u00e1llalati \u00e9rz\u00e9keny inform\u00e1ci\u00f3k k\u00fcls\u0151 forr\u00e1sokba t\u00f6rt\u00e9n\u0151 sziv\u00e1rg\u00e1s\u00e1t foglalja mag\u00e1ban. Ez akkor t\u00f6rt\u00e9nhet meg, amikor a munkav\u00e1llal\u00f3k, mint bels\u0151 szem\u00e9lyek, kiviszik a bizalmas inform\u00e1ci\u00f3kat a v\u00e1llalatb\u00f3l, vagy amikor k\u00fcls\u0151 t\u00e1mad\u00f3k jogosulatlan hozz\u00e1f\u00e9r\u00e9ssel lopj\u00e1k el az inform\u00e1ci\u00f3kat.<\/p>\n\t\t\t\t<p>Ezek a kibert\u00e1mad\u00e1sok nemcsak jelent\u0151s k\u00e1rokat okoznak a v\u00e1llalatoknak, mint p\u00e9ld\u00e1ul adatsziv\u00e1rg\u00e1sok \u00e9s az \u00fczleti m\u0171veletek zavarai, hanem al\u00e1\u00e1ss\u00e1k a v\u00e1llalat t\u00e1rsadalmi bizalm\u00e1t a szem\u00e9lyes inform\u00e1ci\u00f3k sziv\u00e1rg\u00e1sa r\u00e9v\u00e9n. Alapvet\u0151 fontoss\u00e1g\u00fa, hogy jogi int\u00e9zked\u00e9seket tegy\u00fcnk a kiberb\u0171n\u00f6z\u00e9s kezel\u00e9s\u00e9re annak \u00e9rdek\u00e9ben, hogy megv\u00e9dj\u00fck a v\u00e1llalatok \u00e9s az egy\u00e9nek biztons\u00e1g\u00e1t.<\/p>\n\t\t\t<\/div>\n\t\t<\/div>\n\t<\/div>\n<\/section>\n\n<section class=\"white-section\">\n\t<div class=\"anchor\" id=\"the-challenges-of-criminal-prosecution-in-cybercrime-cases\"><\/div>\n\t<div class=\"section-inner\">\n\t\t<div class=\"flex reverse\">\n\t\t\t<div class=\"width41\"><img decoding=\"async\" src=\"\/wp-content\/uploads\/2023\/05\/dispute_pic2-1.jpg\" alt=\"A kiberb\u0171n\u00f6z\u00e9si esetek b\u00fcntet\u0151jogi \u00fcld\u00f6z\u00e9s\u00e9nek kih\u00edv\u00e1sai\"><\/div>\n\t\t\t<div class=\"width51\">\n\t\t\t\t<h3>A b\u00fcntet\u0151\u00fcgyek kih\u00edv\u00e1sai kiberb\u0171n\u00f6z\u00e9si esetekben<\/h3>\n\t\t\t\t<p class=\"mgb-small\">Ha egy szem\u00e9ly kiberb\u0171n\u00f6z\u00e9s \u00e1ldozat\u00e1v\u00e1 v\u00e1lik \u00e9s jelenti az esetet a rend\u0151rs\u00e9gnek, \u00e1ltal\u00e1ban elv\u00e1r\u00e1s, hogy a rend\u0151rs\u00e9g nyomoz\u00e1st folytat, azonos\u00edtja az elk\u00f6vet\u0151t, \u00e9s megteszi a letart\u00f3ztat\u00e1si \u00e9s v\u00e1demel\u00e9si l\u00e9p\u00e9seket. Ez az &#8220;\u00e1tlagpolg\u00e1r felfog\u00e1sa&#8221;. Azonban sajnos Jap\u00e1nban, amikor gazdas\u00e1gi b\u0171ncselekm\u00e9nyekr\u0151l van sz\u00f3, amelyek nem jelentenek fenyeget\u00e9st az emberi \u00e9letre vagy a fizikai j\u00f3l\u00e9tre, k\u00fcl\u00f6n\u00f6sen a kiberb\u0171n\u00f6z\u00e9s eset\u00e9ben, a rend\u0151rs\u00e9g nyomozati er\u0151forr\u00e1sai gyakorlatilag korl\u00e1tozottak. Az \u00e1ldozat \u00e1ltal v\u00e9gzett alapos nyomoz\u00e1s \u00e9s sz\u00e9lesk\u00f6r\u0171 dokument\u00e1ci\u00f3, mint p\u00e9ld\u00e1ul az &#8220;esem\u00e9nyjelent\u00e9sek&#8221; l\u00e9trehoz\u00e1sa n\u00e9lk\u00fcl, neh\u00e9z hat\u00e9konyan el\u0151mozd\u00edtani a rend\u0151rs\u00e9gi nyomoz\u00e1sokat.<\/p>\n\t\t\t\t<p class=\"mgb-small\">A MONOLITH LAW OFFICE \u00e1ltal egy konkr\u00e9t kiberb\u0171n\u00f6z\u00e9si esetben l\u00e9trehozott dokumentumok mennyis\u00e9g\u00e9t, amelyek sz\u00fcks\u00e9gesek voltak az elk\u00f6vet\u0151 t\u00e9nyleges letart\u00f3ztat\u00e1s\u00e1hoz \u00e9s el\u00edt\u00e9l\u00e9s\u00e9hez, a jobb oldali f\u00e9nyk\u00e9pen l\u00e1that\u00f3. M\u00e9g a b\u0171n\u00fcgyi feljelent\u00e9s vagy a s\u00e9rtetti jelent\u00e9s beny\u00fajt\u00e1sa ut\u00e1n is az \u00e1ldozatnak folyamatosan k\u00fcl\u00f6nf\u00e9le r\u00e9szletes anyagokat kell l\u00e9trehoznia \u00e9s beny\u00fajtania a rend\u0151rs\u00e9g k\u00e9r\u00e9s\u00e9re. A nyomoz\u00e1sok \u00e9s letart\u00f3ztat\u00e1sok megk\u00f6nny\u00edt\u00e9se \u00e9rdek\u00e9ben jelent\u0151s mennyis\u00e9g\u0171 dokument\u00e1ci\u00f3t kell el\u0151k\u00e9sz\u00edteni \u00e9s beny\u00fajtani.<\/p>\n\t\t\t\t<p>A kiberb\u0171n\u00f6z\u00e9s \u00e1ldozatainak b\u00fcntet\u0151jogi t\u00e1mogat\u00e1sa olyan \u00fcgyv\u00e9di irod\u00e1t ig\u00e9nyel, amely magas szak\u00e9rtelmi \u00e9s szervezeti k\u00e9pess\u00e9gekkel rendelkezik, hasonl\u00f3an az IT ter\u00fclet\u00e9n folytatott nagyszab\u00e1s\u00fa peres elj\u00e1r\u00e1sokhoz.<\/p>\n\t\t\t<\/div>\n\t\t<\/div>\n\t<\/div>\n<\/section>\n\n<section class=\"purple-section\">\n\t<div class=\"anchor\" id=\"synergy-of-lawyers-and-it-consultants\"><\/div>\n\t<div class=\"section-inner\">\n\t\t<div class=\"flex reverse\">\n\t\t\t<div class=\"width51\">\n\t\t\t\t<h3>\u00dcgyv\u00e9dek \u00e9s IT tan\u00e1csad\u00f3k egy\u00fcttm\u0171k\u00f6d\u00e9se<\/h3>\n\t\t\t\t<p class=\"mgb-small\">A kiberb\u0171n\u00f6z\u00e9s okozta k\u00e1rok m\u00e9rt\u00e9k\u00e9nek hat\u00e9kony jelent\u00e9se \u00e9s az elk\u00f6vet\u0151kh\u00f6z vezet\u0151 inform\u00e1ci\u00f3k rend\u0151rs\u00e9gnek t\u00f6rt\u00e9n\u0151 megad\u00e1sa \u00e9rdek\u00e9ben elengedhetetlen az el\u0151rehaladott IT ismeretek \u00e9s a jogi elemz\u00e9s kombin\u00e1ci\u00f3ja. P\u00e9ld\u00e1ul jogosulatlan hozz\u00e1f\u00e9r\u00e9s eset\u00e9n sz\u00fcks\u00e9ges az Apache \u00e9s hasonl\u00f3 platformok logjainak \u00e9rtelmez\u00e9se, a probl\u00e9m\u00e1s hozz\u00e1f\u00e9r\u00e9sek azonos\u00edt\u00e1sa \u00e9s jogi k\u00f6vetkezm\u00e9nyeik felm\u00e9r\u00e9se annak megmagyar\u00e1z\u00e1s\u00e1ra, hogy mi\u00e9rt min\u0151s\u00fclnek &#8220;jogosulatlan&#8221; hozz\u00e1f\u00e9r\u00e9snek. Ezeket az eredm\u00e9nyeket logikailag \u00f6sszef\u00fcgg\u0151 dokumentumban kell bemutatni.<\/p>\n\t\t\t\t<p class=\"mgb-small\">Ehhez IT m\u00e9rn\u00f6k\u00f6knek megfelel\u0151 szak\u00e9rtelemre \u00e9s az IT jogokra specializ\u00e1l\u00f3dott ismeretekre van sz\u00fcks\u00e9g.<\/p>\n\t\t\t\t<p>A MONOLITH LAW OFFICE jogi irod\u00e1nk 30 \u00fcgyv\u00e9det foglalkoztat, \u00e9l\u00fck\u00f6n egy k\u00e9pvisel\u0151 \u00fcgyv\u00e9ddel, aki kor\u00e1bban IT m\u00e9rn\u00f6k volt \u00e9s web-alap\u00fa v\u00e1llalatokn\u00e1l szerzett tapasztalatokkal rendelkezik, valamint egy 16 IT tan\u00e1csad\u00f3b\u00f3l \u00e9s 85 munkat\u00e1rsb\u00f3l \u00e1ll\u00f3 csapattal. Ezzel a szervezeti fel\u00e9p\u00edt\u00e9ssel egyed\u00fcl\u00e1ll\u00f3 m\u00f3don \u00e1llunk rendelkez\u00e9sre, hogy \u00e1tfog\u00f3, egyablakos megold\u00e1sokat ny\u00fajtsunk.<\/p>\n\t\t\t<\/div>\n\t\t\t<div class=\"width41\"><img decoding=\"async\" src=\"\/wp-content\/themes\/monolith_en\/img\/operationofofmedia\/operationofofmedia_pic5.svg\" alt=\"\u00dcgyv\u00e9dek \u00e9s IT tan\u00e1csad\u00f3k szinergi\u00e1ja\"><\/div>\n\t\t<\/div>\n\t<\/div>\n<\/section>\n\n<section class=\"purple2-section\">\n\t<div class=\"anchor\" id=\"monolith-law-magazine\"><\/div>\n\t<div class=\"section-inner\">\n\t\t    <section class=\"white-section temp-article\">\n        <div class=\"section-inner\">\n            <h4>MONOLITH LAW MAGAZINE<\/h4>\n            <div class=\"articles type_practice_column\">\n                                                                    <div class=\"article article-area\">\n                        <figure>\n                            <div class=\"img-wrap\">\n                                <img alt=\"A k\u00e9perny\u0151k\u00e9p szerz\u0151i jogi jogs\u00e9rt\u00e9s? Magyar\u00e1zat a bejegyz\u00e9s szerz\u0151j\u00e9nek azonos\u00edt\u00e1s\u00e1ra \u00e9s az elt\u00e1vol\u00edt\u00e1s m\u00f3dj\u00e1ra\" src=\"https:\/\/monolith.law\/hu\/wp-content\/uploads\/sites\/31\/2024\/11\/30375485_m-1024x683-1.webp\" width=\"500\" height=\"250\">\n                            <\/div>\n                            <figcaption>\n                                <div class=\"figcaption-inner\">\n                                    <h3>A k\u00e9perny\u0151k\u00e9p szerz\u0151i jogi jogs\u00e9rt\u00e9s? Magyar\u00e1zat a bejegyz\u00e9s szerz\u0151j\u00e9nek azonos\u00ed.<\/h3>\n                                <\/div>\n                            <\/figcaption>\n                            <a href=\"https:\/\/monolith.law\/hu\/it\/screenshots-copyright\"><\/a>\n                        <\/figure>\n                    <\/div>\n                                                    <div class=\"article article-area\">\n                        <figure>\n                            <div class=\"img-wrap\">\n                                <img alt=\"\u3010Gyorsjelent\u00e9s\u3011A jogosulatlan hozz\u00e1f\u00e9r\u00e9s felismer\u00e9s\u00e9nek sz\u00e1ma h\u00e1romszoros\u00e1ra n\u0151tt egy \u00e9v alatt a Reiwa 5 (2023) \u00e9vben\" src=\"https:\/\/monolith.law\/hu\/wp-content\/uploads\/sites\/31\/2024\/07\/Shutterstock_2236181323.webp\" width=\"500\" height=\"250\">\n                            <\/div>\n                            <figcaption>\n                                <div class=\"figcaption-inner\">\n                                    <h3>\u3010Gyorsjelent\u00e9s\u3011A jogosulatlan hozz\u00e1f\u00e9r\u00e9s felismer\u00e9s\u00e9nek sz\u00e1ma h\u00e1romszoros\u00e1ra n\u0151t.<\/h3>\n                                <\/div>\n                            <\/figcaption>\n                            <a href=\"https:\/\/monolith.law\/hu\/it\/unauthorized-access-statistics-2023\"><\/a>\n                        <\/figure>\n                    <\/div>\n                                                    <div class=\"article article-area\">\n                        <figure>\n                            <div class=\"img-wrap\">\n                                <img alt=\"Az \u201eIlleg\u00e1lis Hozz\u00e1f\u00e9r\u00e9s Megtilt\u00e1s\u00e1r\u00f3l sz\u00f3l\u00f3 Jap\u00e1n T\u00f6rv\u00e9ny\u201d \u00e1ltal tiltott cselekm\u00e9nyek \u00e9s p\u00e9ld\u00e1k - egy \u00fcgyv\u00e9d magyar\u00e1zata\" src=\"https:\/\/monolith.law\/hu\/wp-content\/uploads\/sites\/31\/2024\/02\/shutterstock_772039471-1024x683-1.jpg\" width=\"500\" height=\"250\">\n                            <\/div>\n                            <figcaption>\n                                <div class=\"figcaption-inner\">\n                                    <h3>Az \u201eIlleg\u00e1lis Hozz\u00e1f\u00e9r\u00e9s Megtilt\u00e1s\u00e1r\u00f3l sz\u00f3l\u00f3 Jap\u00e1n T\u00f6rv\u00e9ny\u201d \u00e1ltal tiltott cselek.<\/h3>\n                                <\/div>\n                            <\/figcaption>\n                            <a href=\"https:\/\/monolith.law\/hu\/it\/injustice-access-law\"><\/a>\n                        <\/figure>\n                    <\/div>\n                                            <\/div>\n            <div class=\"btn-more\"><a href=\"https:\/\/monolith.law\/hu\/tag\/cybercrime\">Read More<\/a><\/div>\n        <\/div>\n    <\/section>\n\t<\/div>\n<\/section>\n\n<section class=\"orange2-section\">\n\t<div class=\"anchor\" id=\"fee-structure\"><\/div>\n\t<div class=\"section-inner\">\n\t<div class=\"planWrap\">\n\t<h3>D\u00edjszab\u00e1s<\/h3>\n\t<ul class=\"plan\">\n\t\t<li class=\"txt-left\">\n\t\t\t<div class=\"plan-inner\">\n\t\t\t<div class=\"plan-header\">\n\t\t\t<h4 class=\"plan-title\">\u00d3rad\u00edj<\/h4>\n\t\t\t<div class=\"plan-price\"><span class=\"price-figure\">$300<\/span> \u00f3r\u00e1nk\u00e9nt <span class=\"price-tax\"><\/span><\/div>\n\t\t\t<\/div>\n\t\t\t<div class=\"plan-body\">Bizonyos esetekben megfontolhatjuk egy vita vagy peres elj\u00e1r\u00e1s kezel\u00e9s\u00e9t kezdeti d\u00edj \u00e9s sikerd\u00edj alkalmaz\u00e1s\u00e1val. Tov\u00e1bbi r\u00e9szletek\u00e9rt k\u00e9rj\u00fck, l\u00e9pjen kapcsolatba vel\u00fcnk.<\/div>\n\t\t\t<\/div>\n\t\t<\/li>\n\t\t<li class=\"txt-left\">\n\t\t\t<div class=\"plan-inner\">\n\t\t\t<div class=\"plan-header\">\n\t\t\t<h4 class=\"plan-title\">Szerz\u0151d\u00e9sek k\u00e9sz\u00edt\u00e9se<\/h4>\n\t\t\t<div class=\"plan-price\"><span class=\"price-value\">t\u00f3l<\/span><span class=\"price-figure\">$500<\/span><span class=\"price-value\">ig $2,000 vagy t\u00f6bb<\/span><span class=\"price-tax\"><\/span><\/div>\n\t\t\t<\/div>\n\t\t\t<div class=\"plan-body\">Az \u00e1raz\u00e1si strukt\u00fara v\u00e1ltozhat a szerz\u0151d\u00e9sek t\u00edpus\u00e1t\u00f3l \u00e9s mennyis\u00e9g\u00e9t\u0151l f\u00fcgg\u0151en. \u00d6r\u00f6mmel k\u00e9sz\u00edt\u00fcnk el\u0151zetes becsl\u00e9st \u00e9rdekl\u0151d\u00e9se alapj\u00e1n, ez\u00e9rt b\u00e1tran forduljon hozz\u00e1nk tov\u00e1bbi r\u00e9szletek\u00e9rt.<\/div>\n\t\t\t<\/div>\n\t\t<\/li>\n\t\t<li class=\"txt-left\">\n\t\t\t<div class=\"plan-inner\">\n\t\t\t<div class=\"plan-header\">\n\t\t\t<h4 class=\"plan-title\">Egy\u00e9b szolg\u00e1ltat\u00e1sok<\/h4>\n\t\t\t<div class=\"plan-price\"><span class=\"price-figure\">Vegye fel vel\u00fcnk a kapcsolatot<\/span><\/div>\n\t\t\t<\/div>\n\t\t\t<div class=\"plan-body\">Sz\u00e9lesk\u00f6r\u0171 szolg\u00e1ltat\u00e1sokat k\u00edn\u00e1lunk, t\u00f6bbek k\u00f6z\u00f6tt c\u00e9galap\u00edt\u00e1s, szerz\u0151d\u00e9s fel\u00fclvizsg\u00e1lat, jogi v\u00e9lem\u00e9ny, \u00fcgyek \u00e1ttekint\u00e9se vagy kutat\u00e1si levelek k\u00e9sz\u00edt\u00e9se ter\u00e9n. Amennyiben k\u00e9rd\u00e9se vagy \u00e9szrev\u00e9tele van, sz\u00edvesen l\u00e1tjuk, hogy vegye fel vel\u00fcnk a kapcsolatot, \u00e9s tapasztalt csapatunk k\u00e9szs\u00e9ggel \u00e1ll rendelkez\u00e9s\u00e9re.<\/div>\n\t\t\t<\/div>\n\t\t\t<\/div>\n\t\t<\/li>\n\t<\/ul>\n\t<\/div>\n\t<\/div>\n<\/section>\n\n<section class=\"white-section\">\n\t<div class=\"section-inner\">\n\t\t<div class=\"btn-area\">\n\t\t\t<div class=\"btn icon-contact\"><a href=\"\/hu\/contact\">Vegye fel vel\u00fcnk a kapcsolatot<\/a><\/div>\n\t\t<\/div>\n\t<\/div>\n<\/section>\n","protected":false},"excerpt":{"rendered":"<p>Kiberb\u0171n\u00f6z\u00e9s A kiberb\u0171n\u00f6z\u00e9s komoly probl\u00e9ma a mai t\u00e1rsadalomban, \u00e9s l\u00e9tfontoss\u00e1g\u00fa, hogy a v\u00e1llalatok megfelel\u0151 l\u00e9p\u00e9seket tegyenek, amikor ilyen b\u0171ncselekm\u00e9nyek \u00e1ldozataiv\u00e1 v\u00e1lnak. A MONOLITH LAW OFFIC [&hellip;]<\/p>\n","protected":false},"author":1,"featured_media":57158,"parent":0,"menu_order":7,"comment_status":"closed","ping_status":"closed","template":"other-page-temp.php","meta":{"footnotes":""},"acf":[],"_links":{"self":[{"href":"https:\/\/monolith.law\/hu\/wp-json\/wp\/v2\/pages\/31896"}],"collection":[{"href":"https:\/\/monolith.law\/hu\/wp-json\/wp\/v2\/pages"}],"about":[{"href":"https:\/\/monolith.law\/hu\/wp-json\/wp\/v2\/types\/page"}],"author":[{"embeddable":true,"href":"https:\/\/monolith.law\/hu\/wp-json\/wp\/v2\/users\/1"}],"replies":[{"embeddable":true,"href":"https:\/\/monolith.law\/hu\/wp-json\/wp\/v2\/comments?post=31896"}],"version-history":[{"count":23,"href":"https:\/\/monolith.law\/hu\/wp-json\/wp\/v2\/pages\/31896\/revisions"}],"predecessor-version":[{"id":64125,"href":"https:\/\/monolith.law\/hu\/wp-json\/wp\/v2\/pages\/31896\/revisions\/64125"}],"wp:featuredmedia":[{"embeddable":true,"href":"https:\/\/monolith.law\/hu\/wp-json\/wp\/v2\/media\/57158"}],"wp:attachment":[{"href":"https:\/\/monolith.law\/hu\/wp-json\/wp\/v2\/media?parent=31896"}],"curies":[{"name":"wp","href":"https:\/\/api.w.org\/{rel}","templated":true}]}}