{"id":32253,"date":"2023-11-06T23:30:39","date_gmt":"2023-11-06T14:30:39","guid":{"rendered":"https:\/\/monolith.law\/?page_id=32253"},"modified":"2024-08-14T13:30:58","modified_gmt":"2024-08-14T04:30:58","slug":"system-development","status":"publish","type":"page","link":"https:\/\/monolith.law\/hu\/system-development","title":{"rendered":"Rendszerfejleszt\u00e9s"},"content":{"rendered":"\n<section class=\"heading-area\">\n\t<div class=\"heading-area-inner\">\n\t\t<h2 class=\"icon-system-development\">Rendszerfejleszt\u00e9s<\/h2>\n\t\t<p>A magasan specializ\u00e1lt rendszerfejleszt\u00e9s gyakran bonyolult k\u00e9rd\u00e9seket \u00e9s t\u00e1rgyal\u00e1sokat von maga ut\u00e1n szerz\u0151d\u00e9sk\u00f6t\u00e9skor. K\u00e9szen \u00e1llunk arra, hogy t\u00e1mogassuk v\u00e1llalat\u00e1t, felhaszn\u00e1lva tud\u00e1sunkat nemcsak jogi szak\u00e9rt\u0151k\u00e9nt, hanem IT szak\u00e9rt\u0151k\u00e9nt is, hogy meghat\u00e1rozzuk, mi a legfontosabb a c\u00e9g sz\u00e1m\u00e1ra.<\/p>\n\t<\/div>\n<\/section>\n\n<section class=\"white-section\">\n\t<div class=\"section-inner pdt0 border-bottom-section\">\n\t\t<p>A MONOLITH LAW OFFICE egy olyan \u00fcgyv\u00e9di iroda, amelyet egy kor\u00e1bbi IT m\u00e9rn\u00f6k \u00fcgyv\u00e9d vezet, \u00e9s mindenre kiterjed\u0151en foglalkozunk a magasan specializ\u00e1lt rendszerfejleszt\u00e9si szerz\u0151d\u00e9sek megfogalmaz\u00e1s\u00e1t\u00f3l, fel\u00fclvizsg\u00e1lat\u00e1t\u00f3l \u00e9s t\u00e1rgyal\u00e1s\u00e1t\u00f3l kezdve a felmer\u00fcl\u0151 vit\u00e1k rendez\u00e9s\u00e9ig. Szerz\u0151d\u00e9seket is k\u00e9sz\u00edt\u00fcnk a null\u00e1r\u00f3l, megl\u00e9v\u0151 anyagok, p\u00e9ld\u00e1ul aj\u00e1nlati dokumentumok alapj\u00e1n, minim\u00e1lis megbesz\u00e9l\u00e9sekkel.<\/p>\n\t<\/div>\n<\/section>\n\n<section class=\"second-nav\">\n\t<div class=\"second-nav-inner\">\n\t\t<p>T\u00c9M\u00c1K<\/p>\n\t\t<nav>\n\t\t\t<ul>\n\t\t\t\t<li><a href=\"#contract-drafting-in-system-development\">Rendszerfejleszt\u00e9si szerz\u0151d\u00e9sek el\u0151k\u00e9sz\u00edt\u00e9se<\/a><\/li>\n\t\t\t\t<li><a href=\"#dispute-resolution-in-system-development\">Vitarendez\u00e9s a rendszerfejleszt\u00e9sben<\/a><\/li>\n\t\t\t\t<li><a href=\"#drafting-with-minimal-operating-time\">P\u00e9ld\u00e1k a jogi c\u00e9g\u00fcnk \u00e1ltal ny\u00fajtott t\u00e1mogat\u00e1sra<\/a><\/li>\n\t\t\t\t<li><a href=\"#examples-of-support-provided-by-our-firm\">P\u00e9ld\u00e1k c\u00e9g\u00fcnk \u00e1ltal ny\u00fajtott t\u00e1mogat\u00e1sra<\/a><\/li>\n\t\t\t\t<li><a href=\"#publication-achievements-systems-development-legal\">Kiadv\u00e1nyokkal kapcsolatos eredm\u00e9nyek<\/a><\/li>\n\t\t\t\t<li><a href=\"#crypto-assets-and-blockchain\">Kripto eszk\u00f6z\u00f6k \u00e9s blokkl\u00e1nc<\/a><\/li>\n\t\t\t\t<li><a href=\"#manda\">M&amp;A<\/a><\/li>\n\t\t\t\t<li><a href=\"#monolith-law-magazine\">MONOLITH LAW MAGAZINE<\/a><\/li>\n\t\t\t\t<li><a href=\"#fee-structure\">D\u00edjszerkezet<\/a><\/li>\n\t\t\t<\/ul>\n\t\t<\/nav>\n\t<\/div>\n<\/section>\n\n<section class=\"white-section mgt-section mgb-section80\">\n\t<div class=\"anchor\" id=\"contract-drafting-in-system-development\"><\/div>\n\t<div class=\"section-inner-black\">\n\t\t<h3>Rendszerfejleszt\u00e9si szerz\u0151d\u00e9sek el\u0151k\u00e9sz\u00edt\u00e9se<\/h3>\n\t\t<p class=\"mgb-small\">Rendszerfejleszt\u00e9s eset\u00e9n, b\u00e1r el\u0151fordulhatnak absztrakt z\u00e1rad\u00e9kok, mint p\u00e9ld\u00e1ul a szerz\u0151d\u00e9ses nem megfelel\u0151s\u00e9g eset\u00e9n felmer\u00fcl\u0151 felel\u0151ss\u00e9g, a szerz\u0151d\u00e9s csak azt mondja, hogy &#8220;k\u00fcl\u00f6n meg\u00e1llapod\u00e1s szerint&#8221;. M\u00e1s sz\u00f3val, a rendszer- vagy projekt-specifikus k\u00f6r\u00fclm\u00e9nyeket nem eml\u00edtik k\u00f6zvetlen\u00fcl. Ennek eredm\u00e9nyek\u00e9nt gyakran nem vil\u00e1gos, mi lesz a kimenetel, ha val\u00f3di vita alakul ki.<\/p>\n\t\t<p class=\"mgb-middle\">Irod\u00e1nk nem csak a szerz\u0151d\u00e9sek megfogalmaz\u00e1s\u00e1t tartja fontosnak, hanem a kapcsol\u00f3d\u00f3 rendszerfejleszt\u00e9s m\u00e9lyrehat\u00f3 meg\u00e9rt\u00e9s\u00e9t is.<\/p>\n\n\t<\/div>\n<\/section>\n\n<section class=\"purple-section\">\n\t<div class=\"anchor\" id=\"dispute-resolution-in-system-development\"><\/div>\n\t<div class=\"section-inner\">\n\t\t<div class=\"flex\">\n\t\t\t<div class=\"width41\"><img decoding=\"async\" src=\"\/wp-content\/themes\/monolith2021\/img\/systemdevelopment\/systemdevelopment_pic1.jpg\" alt=\"Vita rendez\u00e9se a rendszerfejleszt\u00e9sben\"><\/div>\n\t\t\t<div class=\"width51\">\n\t\t\t\t<h3> Vitarendez\u00e9s a rendszerfejleszt\u00e9sben<\/h3>\n\t\t\t\t<p class=\"mgb-small\">Amennyiben vita alakul ki, felel\u0151ss\u00e9get v\u00e1llalunk a b\u00edr\u00f3s\u00e1gon k\u00edv\u00fcli k\u00e1rt\u00e9r\u00edt\u00e9si ig\u00e9nyek\u00e9rt, valamint az ideiglenes int\u00e9zked\u00e9sek\u00e9rt \u00e9s a peres elj\u00e1r\u00e1sok\u00e9rt.<\/p>\n\t\t\t\t<p>Azonban el\u0151ny\u00f6s, ha nem alakul ki vita, \u00e9s m\u00e9g ha ad\u00f3dna is alkalom a vit\u00e1ra, a legjobb, ha nem ker\u00fcl b\u00edr\u00f3s\u00e1gi t\u00e1rgyal\u00e1sra. Ez a mi alapvet\u0151 n\u00e9zet\u00fcnk \u00e9s \u00e1ll\u00e1spontunk, \u00e9s ezen alapelv alapj\u00e1n ny\u00fajtjuk napi jogi szolg\u00e1ltat\u00e1sainkat v\u00e1llalati \u00fcgyfeleinknek.<\/p>\n\t\t\t<\/div>\n\t\t<\/div>\n\t<\/div>\n<\/section>\n\n<section class=\"white-section\">\n\t<div class=\"anchor\" id=\"drafting-with-minimal-operating-time\"><\/div>\n\t<div class=\"section-inner\">\n\t\t<div class=\"flex reverse\">\n\t\t\t<div class=\"width41\"><img decoding=\"async\" src=\"\/wp-content\/themes\/monolith2021\/img\/pic\/pic_draft.jpg\" alt=\"Tervez\u00e9s minim\u00e1lis m\u0171k\u00f6d\u00e9si id\u0151vel\"><\/div>\n\t\t\t<div class=\"width51\">\n\t\t\t\t<h3>Szerz\u0151d\u00e9stervez\u00e9s minim\u00e1lis \u00fczemeltet\u00e9si id\u0151vel<\/h3>\n\t\t\t\t<p class=\"mgb-small\">Alap\u00edt\u00f3 \u00fcgyv\u00e9d\u00fcnk kor\u00e1bbi IT-m\u00e9rn\u00f6k.<\/p>\n\t\t\t\t<p class=\"mgb-small\">Ahhoz, hogy rendszerfejleszt\u00e9si szerz\u0151d\u00e9st fogalmazzunk meg \u00e9s ilyen szerz\u0151d\u00e9s alapj\u00e1ul szolg\u00e1l\u00f3 rendszert tervezz\u00fcnk, sz\u00fcks\u00e9ges meg\u00e9rteni a vonatkoz\u00f3 rendszer k\u00f6rvonalait. K\u00e9pesek vagyunk a v\u00e1llalatukban m\u00e1r megl\u00e9v\u0151 k\u00fcl\u00f6nf\u00e9le dokumentumokat \u00e9s adatokat, mint p\u00e9ld\u00e1ul a rendszerfejleszt\u00e9shez kapcsol\u00f3d\u00f3 k\u00f6vetelm\u00e9nydefin\u00edci\u00f3kat \u00e9s \u00e9rt\u00e9kes\u00edt\u00e9si anyagokat, a mi oldalunkon \u00e1ttekinteni.<\/p>\n\t\t\t\t<p>Ez\u00e9rt k\u00e9pesek vagyunk szerz\u0151d\u00e9stervezeteket \u00e9s egy\u00e9b dokumentumokat el\u0151k\u00e9sz\u00edteni a tal\u00e1lkoz\u00f3kra ford\u00edtott id\u0151 minimaliz\u00e1l\u00e1s\u00e1val, ezzel hat\u00e9konyan cs\u00f6kkentve a kommunik\u00e1ci\u00f3s k\u00f6lts\u00e9geket \u00e9s az el\u0151k\u00e9sz\u00edt\u00e9shez sz\u00fcks\u00e9ges id\u0151t.<\/p>\n\t\t\t<\/div>\n\t\t<\/div>\n\t<\/div>\n<\/section>\n\n<section class=\"orange-section\">\n\t<div class=\"anchor\" id=\"examples-of-support-provided-by-our-firm\"><\/div>\n\t<div class=\"section-inner\">\n\t\t<h3 class=\"mgb-middle\">P\u00e9ld\u00e1k a jogi c\u00e9g\u00fcnk \u00e1ltal ny\u00fajtott t\u00e1mogat\u00e1sra<\/h3>\n\t\t<ul class=\"layout-column4\">\n\t\t\t<li>\n\t\t\t\t<div><img decoding=\"async\" src=\"\/wp-content\/themes\/monolith2021\/img\/systemdevelopment\/systemdevelopment_support_pic1.jpg\"><\/div>\n\t\t\t\t<h4>IT-szolg\u00e1ltat\u00f3k<\/h4>\n\t\t\t\t<p>K\u00fcl\u00f6nf\u00e9le szolg\u00e1ltat\u00e1sokat ny\u00fajtunk a rendszerfejleszt\u00e9si szolg\u00e1ltat\u00e1sokat ny\u00fajt\u00f3 v\u00e1llalatok sz\u00e1m\u00e1ra, a rendszerfejleszt\u00e9ssel kapcsolatos szerz\u0151d\u00e9sek megfogalmaz\u00e1s\u00e1t\u00f3l kezdve a jogi tan\u00e1csad\u00e1son \u00e1t a vitarendez\u00e9sig. Foglalkozunk a leg\u00fajabb ter\u00fcletekkel is, mint p\u00e9ld\u00e1ul a blokkl\u00e1nc-kapcsolatos \u00fcgyekkel.<\/p>\n\t\t\t<\/li>\n\t\t\t<li>\n\t\t\t\t<div><img decoding=\"async\" src=\"\/wp-content\/themes\/monolith2021\/img\/systemdevelopment\/systemdevelopment_support_pic2.jpg\"><\/div>\n\t\t\t\t<h4>\u00dczleti v\u00e1llalatok<\/h4>\n\t\t\t\t<p>K\u00fcl\u00f6nf\u00e9le szolg\u00e1ltat\u00e1sokat ny\u00fajtunk azoknak az \u00fczleti v\u00e1llalatoknak, amelyek rendszerfejleszt\u00e9si munk\u00e1kat rendelnek. K\u00fcl\u00f6n\u00f6sen az IT-ben nem szakosodott v\u00e1llalatok \u00faj \u00fczleti tev\u00e9kenys\u00e9gei eset\u00e9n tudunk t\u00e1mogat\u00e1st ny\u00fajtani, bele\u00e9rtve az eg\u00e9sz \u00fczleti tev\u00e9kenys\u00e9g rendszertervez\u00e9s\u00e9t, a sz\u00e1ll\u00edt\u00e1s ut\u00e1ni k\u00f6vet\u00e9st is mag\u00e1ban foglalva.<\/p>\n\t\t\t<\/li>\n\t\t\t<li>\n\t\t\t\t<div><img decoding=\"async\" src=\"\/wp-content\/themes\/monolith2021\/img\/systemdevelopment\/systemdevelopment_support_pic3.jpg\"><\/div>\n\t\t\t\t<h4>Rendszerm\u00e9rn\u00f6ki szolg\u00e1ltat\u00e1sok (SES)<\/h4>\n\t\t\t\t<p>A MONOLITH LAW OFFICE jogi szolg\u00e1ltat\u00e1sokat ny\u00fajt sz\u00e1mos SES v\u00e1llalat sz\u00e1m\u00e1ra. Foglalkozunk SES-szel kapcsolatos szerz\u0151d\u00e9sek megfogalmaz\u00e1s\u00e1val, a konkr\u00e9t probl\u00e9m\u00e1kra vonatkoz\u00f3 peren k\u00edv\u00fcli vit\u00e1k rendez\u00e9s\u00e9vel \u00e9s a peres elj\u00e1r\u00e1sok lebonyol\u00edt\u00e1s\u00e1val.<\/p>\n\t\t\t<\/li>\n\t\t\t<li>\n\t\t\t\t<div><img decoding=\"async\" src=\"\/wp-content\/themes\/monolith2021\/img\/systemdevelopment\/systemdevelopment_support_pic4.jpg\"><\/div>\n\t\t\t\t<h4>Ny\u00edlt forr\u00e1sk\u00f3d\u00fa szoftverek (OSS)<\/h4>\n\t\t\t\t<p>A MONOLITH LAW OFFICE sikeresen ny\u00fajtott szakmai tervez\u00e9st \u00e9s fel\u00fcgyeletet a felhaszn\u00e1l\u00f3i dokument\u00e1ci\u00f3ra vonatkoz\u00f3an mind a GPL, mind m\u00e1s ny\u00edlt forr\u00e1sk\u00f3d\u00fa licencet, valamint kereskedelmi licencet k\u00edn\u00e1l\u00f3 c\u00e9gek sz\u00e1m\u00e1ra.<\/p>\n\t\t\t<\/li>\n\t\t<\/ul>\n\t<\/div>\n<\/section>\n\n<section class=\"white-section\">\n\t<div class=\"anchor\" id=\"publication-achievements-systems-development-legal\"><\/div>\n\t<div class=\"section-inner\">\n\t\t<div class=\"flex reverse\">\n\t\t\t<div class=\"width41\"><img decoding=\"async\" src=\"\/wp-content\/themes\/monolith2021\/img\/pic\/pic_publishing.jpg\" alt=\"K\u00f6nyvek kiad\u00e1sa a rendszerfejleszt\u00e9ssel kapcsolatos jogi k\u00e9rd\u00e9sekr\u0151l\"><\/div>\n\t\t\t<div class=\"width51\">\n\t\t\t\t<h3>K\u00f6nyvek kiad\u00e1sa a rendszerfejleszt\u00e9ssel kapcsolatos jogi k\u00e9rd\u00e9sekben<\/h3>\n\t\t\t\t<p class=\"mgb-small\">Mint egy olyan \u00fcgyv\u00e9di iroda, amely specializ\u00e1l\u00f3dott a webes szolg\u00e1ltat\u00e1sok, alkalmaz\u00e1sok \u00e9s j\u00e1t\u00e9kok rendszerfejleszt\u00e9s\u00e9re, kiadtuk az &#8220;IT m\u00e9rn\u00f6k\u00f6knek sz\u00f3l\u00f3 bevezet\u0151 jogi k\u00e9rd\u00e9sek \u00e9s v\u00e1laszok&#8221; c\u00edm\u0171 k\u00f6nyvet. A k\u00f6nyvben egy kor\u00e1bbi m\u00e9rn\u00f6k \u00fcgyv\u00e9d f\u0151k\u00e9nt az IT m\u00e9rn\u00f6k\u00f6k sz\u00e1m\u00e1ra magyar\u00e1zza el a jogi ismereteket.<\/p>\n\t\t\t\t<p>A k\u00f6nyv a Szerz\u0151i jogi buktat\u00f3k, Fejleszt\u00e9si szerz\u0151d\u00e9sek buktat\u00f3i, Munka\u00fcgyi kapcsolatok buktat\u00f3i, Szerz\u0151d\u00e9sek ellen\u0151rz\u00e9si pontjai fejezetekb\u0151l \u00e1ll, amelyekben jogi magyar\u00e1zatokat adnak a rendszerfejleszt\u00e9si helyzetekben val\u00f3ban probl\u00e9m\u00e1s lehet\u0151 pontokra.<\/p>\n\t\t\t<\/div>\n\t\t<\/div>\n\t<\/div>\n<\/section>\n\n<section class=\"purple-section\">\n\t<div class=\"anchor\" id=\"crypto-assets-and-blockchain\"><\/div>\n\t<div class=\"section-inner\">\n\t\t<div class=\"flex\">\n\t\t\t<div class=\"width41\"><img decoding=\"async\" src=\"\/wp-content\/uploads\/2022\/07\/shutterstock_1151380622_2.png\" alt=\"Crypto Assets and Blockchain\"><\/div>\n\t\t\t<div class=\"width51\">\n\t\t\t\t<h3>Kripto eszk\u00f6z\u00f6k \u00e9s blokkl\u00e1nc<\/h3>\n\t\t\t\t<p>A Blockchain egy decentraliz\u00e1lt adatb\u00e1zis, alacsony a rekordveszt\u00e9s kock\u00e1zata, \u00e9s neh\u00e9z megv\u00e1ltoztatni a kor\u00e1bbi rekordokat. Ez az IT technik\u00e1k, mint a konszenzus algoritmusok, a kriptogr\u00e1fia \u00e9s a P2P h\u00e1l\u00f3zatok seg\u00edts\u00e9g\u00e9vel val\u00f3sul meg. A MONOLITH LAW OFFICE 2017-es megnyit\u00e1sa \u00f3ta foglalkozik kripto eszk\u00f6z\u00f6kkel \u00e9s blockchain jogi munk\u00e1val.<\/p>\n\t\t\t<\/div>\n\t\t<\/div>\n\t<\/div>\n<\/section>\n\n<section class=\"white-section mgt-section mgb-section\">\n\t<div class=\"anchor\" id=\"manda\"><\/div>\n\t<div class=\"section-inner-black\">\n\t\t<h3>M&amp;A<\/h3>\n\t\t<p class=\"mgb-middle\">Sz\u00e9lesk\u00f6r\u0171 tapasztalattal rendelkez\u00fcnk az IT rendszerekkel kapcsolatos M&amp;A-ban, bele\u00e9rtve az \u00fczleti \u00e1tad\u00e1sokat \u00e9s az alkalmaz\u00e1sok \u00e9s web szolg\u00e1ltat\u00e1sok megszerz\u00e9s\u00e9t.<\/p>\n\t<\/div>\n<\/section>\n\n<section class=\"purple2-section\">\n\t<div class=\"anchor\" id=\"monolith-law-magazine\"><\/div>\n\t<div class=\"section-inner\">\n\t\t    <section class=\"white-section temp-article\">\n        <div class=\"section-inner\">\n            <h4>MONOLITH LAW MAGAZINE<\/h4>\n            <div class=\"articles type_practice_column\">\n                                                                    <div class=\"article article-area\">\n                        <figure>\n                            <div class=\"img-wrap\">\n                                <img alt=\"Milyen m\u00e9rt\u00e9kig terjed a sz\u00e1ll\u00edt\u00f3 felel\u0151ss\u00e9ge az OSS-t tartalmaz\u00f3 sz\u00e1ll\u00edt\u00e1si elemek eset\u00e9ben? Polg\u00e1ri jogi felel\u0151ss\u00e9g \u00e9s int\u00e9zked\u00e9sek magyar\u00e1zata szerz\u0151d\u00e9st\u00edpusonk\u00e9nt\" src=\"https:\/\/monolith.law\/hu\/wp-content\/uploads\/sites\/31\/2025\/08\/a3e2bebbbd18ab9195487c8b62e3ba94.webp\" width=\"500\" height=\"250\">\n                            <\/div>\n                            <figcaption>\n                                <div class=\"figcaption-inner\">\n                                    <h3>Milyen m\u00e9rt\u00e9kig terjed a sz\u00e1ll\u00edt\u00f3 felel\u0151ss\u00e9ge az OSS-t tartalmaz\u00f3 sz\u00e1ll\u00edt\u00e1si ele.<\/h3>\n                                <\/div>\n                            <\/figcaption>\n                            <a href=\"https:\/\/monolith.law\/hu\/it\/oss-contract\"><\/a>\n                        <\/figure>\n                    <\/div>\n                                                    <div class=\"article article-area\">\n                        <figure>\n                            <div class=\"img-wrap\">\n                                <img alt=\"Nyolc jogi k\u00e9rd\u00e9s, amely probl\u00e9m\u00e1t jelenthet az open source szoftverek (OSS) felhaszn\u00e1l\u00e1s\u00e1val t\u00f6rt\u00e9n\u0151 szoftverfejleszt\u00e9s sor\u00e1n\" src=\"https:\/\/monolith.law\/hu\/wp-content\/uploads\/sites\/31\/2025\/08\/2e3dcd72416c364f481cdcf21967a2a8.webp\" width=\"500\" height=\"250\">\n                            <\/div>\n                            <figcaption>\n                                <div class=\"figcaption-inner\">\n                                    <h3>Nyolc jogi k\u00e9rd\u00e9s, amely probl\u00e9m\u00e1t jelenthet az open source szoftverek (OSS) fel.<\/h3>\n                                <\/div>\n                            <\/figcaption>\n                            <a href=\"https:\/\/monolith.law\/hu\/it\/oss-law\"><\/a>\n                        <\/figure>\n                    <\/div>\n                                                    <div class=\"article article-area\">\n                        <figure>\n                            <div class=\"img-wrap\">\n                                <img alt=\"Figyelemre m\u00e9lt\u00f3 szempontok az OSS haszn\u00e1latakor szoftverfejleszt\u00e9si megb\u00edz\u00e1si szerz\u0151d\u00e9sekben\" src=\"https:\/\/monolith.law\/hu\/wp-content\/uploads\/sites\/31\/2025\/08\/9132dea58501d53c6b72439e72a5a1e0.webp\" width=\"500\" height=\"250\">\n                            <\/div>\n                            <figcaption>\n                                <div class=\"figcaption-inner\">\n                                    <h3>Figyelemre m\u00e9lt\u00f3 szempontok az OSS haszn\u00e1latakor szoftverfejleszt\u00e9si megb\u00edz\u00e1si s.<\/h3>\n                                <\/div>\n                            <\/figcaption>\n                            <a href=\"https:\/\/monolith.law\/hu\/it\/oss-development-contract\"><\/a>\n                        <\/figure>\n                    <\/div>\n                                            <\/div>\n            <div class=\"btn-more\"><a href=\"https:\/\/monolith.law\/hu\/tag\/system-development\">Read More<\/a><\/div>\n        <\/div>\n    <\/section>\n\t<\/div>\n<\/section>\n\n<section class=\"orange2-section\">\n\t<div class=\"anchor\" id=\"fee-structure\"><\/div>\n\t<div class=\"section-inner\">\n\t<div class=\"planWrap\">\n\t<h3>D\u00edjszab\u00e1s<\/h3>\n\t<ul class=\"plan\">\n\t\t<li class=\"txt-left\">\n\t\t\t<div class=\"plan-inner\">\n\t\t\t<div class=\"plan-header\">\n\t\t\t<h4 class=\"plan-title\">\u00d3rad\u00edj<\/h4>\n\t\t\t<div class=\"plan-price\"><span class=\"price-figure\">$300<\/span> \u00f3r\u00e1nk\u00e9nt <span class=\"price-tax\"><\/span><\/div>\n\t\t\t<\/div>\n\t\t\t<div class=\"plan-body\">Bizonyos esetekben megfontolhatjuk egy vita vagy peres elj\u00e1r\u00e1s kezel\u00e9s\u00e9t kezdeti d\u00edj \u00e9s sikerd\u00edj alapj\u00e1n. Tov\u00e1bbi r\u00e9szletek\u00e9rt k\u00e9rj\u00fck, l\u00e9pjen kapcsolatba vel\u00fcnk.<\/div>\n\t\t\t<\/div>\n\t\t<\/li>\n\t\t<li class=\"txt-left\">\n\t\t\t<div class=\"plan-inner\">\n\t\t\t<div class=\"plan-header\">\n\t\t\t<h4 class=\"plan-title\">Szerz\u0151d\u00e9sek k\u00e9sz\u00edt\u00e9se<\/h4>\n\t\t\t<div class=\"plan-price\"><span class=\"price-value\">t\u00f3l<\/span><span class=\"price-figure\">$500<\/span><span class=\"price-value\">ig $2,000 vagy t\u00f6bb<\/span><span class=\"price-tax\"><\/span><\/div>\n\t\t\t<\/div>\n\t\t\t<div class=\"plan-body\">Az \u00e1raz\u00e1si strukt\u00fara v\u00e1ltozhat a szerz\u0151d\u00e9sek t\u00edpus\u00e1t\u00f3l \u00e9s mennyis\u00e9g\u00e9t\u0151l f\u00fcgg\u0151en. \u00d6r\u00f6mmel k\u00e9sz\u00edt\u00fcnk el\u0151zetes becsl\u00e9st \u00e9rdekl\u0151d\u00e9se alapj\u00e1n, ez\u00e9rt b\u00e1tran forduljon hozz\u00e1nk tov\u00e1bbi r\u00e9szletek\u00e9rt.<\/div>\n\t\t\t<\/div>\n\t\t<\/li>\n\t\t<li class=\"txt-left\">\n\t\t\t<div class=\"plan-inner\">\n\t\t\t<div class=\"plan-header\">\n\t\t\t<h4 class=\"plan-title\">Egy\u00e9b szolg\u00e1ltat\u00e1sok<\/h4>\n\t\t\t<div class=\"plan-price\"><span class=\"price-figure\">Vegye fel vel\u00fcnk a kapcsolatot<\/span><\/div>\n\t\t\t<\/div>\n\t\t\t<div class=\"plan-body\">Sz\u00e9les k\u00f6r\u0171 szolg\u00e1ltat\u00e1sokat k\u00edn\u00e1lunk, t\u00f6bbek k\u00f6z\u00f6tt c\u00e9galap\u00edt\u00e1s, szerz\u0151d\u00e9s fel\u00fclvizsg\u00e1lat, jogi v\u00e9lem\u00e9ny, \u00fcgyek \u00e1ttekint\u00e9se vagy kutat\u00e1si levelek. Amennyiben k\u00e9rd\u00e9se vagy aggodalma van, sz\u00edvesen l\u00e1tjuk, hogy vegye fel vel\u00fcnk a kapcsolatot, \u00e9s tapasztalt csapatunk k\u00e9szs\u00e9ggel \u00e1ll rendelkez\u00e9s\u00e9re.<\/div>\n\t\t\t<\/div>\n\t\t\t<\/div>\n\t\t<\/li>\n\t<\/ul>\n\t<\/div>\n\t<\/div>\n<\/section>\n\n<section class=\"white-section\">\n\t<div class=\"section-inner\">\n\t\t<div class=\"btn-area\">\n\t\t\t<div class=\"btn icon-contact\"><a href=\"\/hu\/contact\">Vegye fel vel\u00fcnk a kapcsolatot<\/a><\/div>\n\t\t<\/div>\n\t<\/div>\n<\/section>\n","protected":false},"excerpt":{"rendered":"<p>Rendszerfejleszt\u00e9s A magasan specializ\u00e1lt rendszerfejleszt\u00e9s gyakran bonyolult k\u00e9rd\u00e9seket \u00e9s t\u00e1rgyal\u00e1sokat von maga ut\u00e1n szerz\u0151d\u00e9sk\u00f6t\u00e9skor. K\u00e9szen \u00e1llunk arra, hogy t\u00e1mogassuk v\u00e1llalat\u00e1t, felhaszn\u00e1lva [&hellip;]<\/p>\n","protected":false},"author":1,"featured_media":57152,"parent":0,"menu_order":7,"comment_status":"closed","ping_status":"closed","template":"other-page-temp.php","meta":{"footnotes":""},"acf":[],"_links":{"self":[{"href":"https:\/\/monolith.law\/hu\/wp-json\/wp\/v2\/pages\/32253"}],"collection":[{"href":"https:\/\/monolith.law\/hu\/wp-json\/wp\/v2\/pages"}],"about":[{"href":"https:\/\/monolith.law\/hu\/wp-json\/wp\/v2\/types\/page"}],"author":[{"embeddable":true,"href":"https:\/\/monolith.law\/hu\/wp-json\/wp\/v2\/users\/1"}],"replies":[{"embeddable":true,"href":"https:\/\/monolith.law\/hu\/wp-json\/wp\/v2\/comments?post=32253"}],"version-history":[{"count":35,"href":"https:\/\/monolith.law\/hu\/wp-json\/wp\/v2\/pages\/32253\/revisions"}],"predecessor-version":[{"id":64454,"href":"https:\/\/monolith.law\/hu\/wp-json\/wp\/v2\/pages\/32253\/revisions\/64454"}],"wp:featuredmedia":[{"embeddable":true,"href":"https:\/\/monolith.law\/hu\/wp-json\/wp\/v2\/media\/57152"}],"wp:attachment":[{"href":"https:\/\/monolith.law\/hu\/wp-json\/wp\/v2\/media?parent=32253"}],"curies":[{"name":"wp","href":"https:\/\/api.w.org\/{rel}","templated":true}]}}