{"id":4096,"date":"2023-11-11T23:50:29","date_gmt":"2023-11-11T14:50:29","guid":{"rendered":"https:\/\/monolith.law\/?page_id=4096"},"modified":"2024-04-25T17:04:53","modified_gmt":"2024-04-25T08:04:53","slug":"overview-of-our-firm","status":"publish","type":"page","link":"https:\/\/monolith.law\/hu\/overview-of-our-firm","title":{"rendered":"Iroda bemutat\u00e1sa"},"content":{"rendered":"\n<section class=\"heading-area\">\n\t<div class=\"heading-area-inner\">\n\t\t<h2 class=\"icon-overview-of-our-firm\">Iroda bemutat\u00e1sa<\/h2>\n\t\t<p>A MONOLITH LAW OFFICE egy Toki\u00f3ban sz\u00e9kel\u0151 jap\u00e1n jogi iroda, amely az IT, az internet \u00e9s az \u00fczleti ter\u00fcleteken szerzett szak\u00e9rtelemmel rendelkezik, \u00e9s IT-szakemberekb\u0151l \u00e1ll, bele\u00e9rtve az alap\u00edt\u00f3 \u00fcgyv\u00e9det, Toki Kawase-t, aki jelent\u0151s tapasztalattal rendelkezik IT-m\u00e9rn\u00f6kk\u00e9nt.<\/p>\n\t<\/div>\n<\/section>\n<section class=\"white-section\">\n\t<div class=\"section-inner pdt0 border-bottom-section\">\n\t\t<p>Alap\u00edt\u00f3 \u00fcgyv\u00e9d\u00fcnk, Toki Kawase m\u00e1r az \u00e1ltal\u00e1nos iskola harmadik oszt\u00e1ly\u00e1ban \u00e9rdekl\u0151d\u00f6tt a programoz\u00e1s ir\u00e1nt, \u00e9s egyetemi hallgat\u00f3k\u00e9nt dolgozott az IT-iparban. Huszon\u00e9ves kor\u00e1ban startup v\u00e1llalkoz\u00e1sok \u00e9s nagyobb c\u00e9gek menedzsel\u00e9s\u00e9ben szerzett tapasztalatot. Ezeknek az egyedi tapasztalatoknak az \u00f6sszegz\u00e9s\u00e9vel irod\u00e1nk olyan IT-szakemberek csapat\u00e1val rendelkezik, akik megold\u00e1sokat k\u00edn\u00e1lnak \u00fcgyfeleink sz\u00e1m\u00e1ra. <br>A MONOLITH LAW OFFICE teljes m\u00e9rt\u00e9kben kihaszn\u00e1lva az IT ter\u00fcleten szerzett er\u0151ss\u00e9g\u00e9t, jogi tan\u00e1csad\u00e1si szolg\u00e1ltat\u00e1sokat ny\u00fajt. \u00dcgyfeleink a legfels\u0151bb szint\u0171 v\u00e1llalatokt\u00f3l a magvet\u0151 szakaszban l\u00e9v\u0151 startup v\u00e1llalatokig terjednek. Sz\u00e9lesk\u00f6r\u0171 tapasztalattal rendelkez\u00fcnk az IT-vel kapcsolatos jogi szolg\u00e1ltat\u00e1sok ny\u00fajt\u00e1s\u00e1ban k\u00fcl\u00f6nb\u00f6z\u0151 v\u00e1llalatok sz\u00e1m\u00e1ra.<\/p>\n\t<\/div>\n<\/section>\n<section class=\"second-nav\">\n\t<div class=\"second-nav-inner\">\n\t\t<p>T\u00c9M\u00c1K<\/p>\n\t\t<nav>\n\t\t\t<ul>\n\t\t\t\t<li><a href=\"#specialization-in-it\">IT-ben val\u00f3 szakosod\u00e1s<\/a><\/li>\n\t\t\t\t<li><a href=\"#law-firm-at-otemachi-tokyo\">Jogi iroda Otemachiban, Toki\u00f3ban<\/a><\/li>\n\t\t\t\t<li><a href=\"#what-is-a-monolith\">Mi az a Monolith<\/a><\/li>\n\t\t\t\t<li><a href=\"#from-legal-advisor-to-it-specialized-lawyer\">Jogi tan\u00e1csad\u00f3b\u00f3l IT-jogi szak\u00e9rt\u0151kk\u00e9<\/a><\/li>\n\t\t\t\t<li><a href=\"#handling-cross-border-legal-matters\">Hat\u00e1rokon \u00e1tny\u00fal\u00f3 jogi \u00fcgyek kezel\u00e9se<\/a><\/li>\n\t\t\t\t<li><a href=\"#our-clients\">\u00dcgyfeleink<\/a><\/li>\n\t\t\t<\/ul>\n\t\t<\/nav>\n\t<\/div>\n<\/section>\n<section class=\"white-section\">\n\t<div class=\"anchor\" id=\"specialization-in-it\"><\/div>\n\t<div class=\"section-inner\">\n\t\t<div class=\"flex\">\n\t\t\t<div class=\"width41\"><img decoding=\"async\" src=\"\/wp-content\/uploads\/2023\/06\/about_pic1.jpg\" alt=\"Specialization in IT\"><\/div>\n\t\t\t<div class=\"width51\">\n\t\t\t\t<h3>IT-ben val\u00f3 szakosod\u00e1s<\/h3>\n\t\t\t\t<p class=\"mgb-small\">A MONOLITH LAW OFFICE egy Toki\u00f3ban m\u0171k\u00f6d\u0151 jap\u00e1n jogi iroda, amely k\u00fcl\u00f6n\u00f6sen er\u0151s az IT ter\u00fclet\u00e9n. Nemcsak olyan \u00fcgyv\u00e9dekb\u0151l \u00e1ll\u00f3 csapatunk van, akik az IT k\u00fcl\u00f6nb\u00f6z\u0151 ter\u00fcleteire specializ\u00e1l\u00f3dtak, hanem IT tan\u00e1csad\u00f3kb\u00f3l \u00e1ll\u00f3 csapatunk is van, akik sz\u00e9lesk\u00f6r\u0171 ismeretekkel rendelkeznek az IT-r\u0151l. A jog \u00e9s az IT szinergi\u00e1j\u00e1n kereszt\u00fcl biztos\u00edtjuk \u00fcgyfeleink legjobb \u00e9rdekeit.<\/p>\n\t\t\t\t<p class=\"mgb-small\">K\u00e9pvisel\u0151 \u00fcgyv\u00e9d\u00fcnk, Toki Kawase m\u00e1r az \u00e1ltal\u00e1nos iskola harmadik oszt\u00e1ly\u00e1ban elkezdett programozni. Toki az egyetemi \u00e9vei ut\u00e1n teljes m\u00e9rt\u00e9kben az IT ipar\u00e1gban mer\u00fclt el; valamint a v\u00e1llalkoz\u00e1sokban, k\u00fcl\u00f6n\u00f6sen a startupokban \u00e9s a kis- \u00e9s k\u00f6z\u00e9pv\u00e1llalkoz\u00e1sokban szerzett tapasztalatokban, amelyekkel a h\u00faszas \u00e9veiben tal\u00e1lkozott. Ezek Toki Kawase, a MONOLITH LAW OFFICE alap\u00edt\u00f3 \u00fcgyv\u00e9dj\u00e9nek er\u0151ss\u00e9gei \u00e9s gyakorlati ter\u00fcletei.<\/p>\n\t\t\t\t<p class=\"mgb-middle\">Ezeket a szempontokat figyelembe v\u00e9ve a MONOLITH LAW OFFICE az &#8220;IT&#8221; kulcssz\u00f3val kapcsolatos tan\u00e1csad\u00e1si \u00e9s egy\u00e9b szolg\u00e1ltat\u00e1sokra \u00f6sszpontos\u00edt, a legfels\u0151 szint\u0171 v\u00e1llalatokt\u00f3l a magvet\u0151 szakaszban l\u00e9v\u0151 startupokig, valamint az &#8220;Internet&#8221; \u00e9s &#8220;\u00dczlet&#8221; kulcsszavakkal kapcsolatos szolg\u00e1ltat\u00e1sokra, az internetes jogi \u00fcgyekt\u0151l a t\u0151zsdei c\u00e9gek sz\u00e1m\u00e1ra eg\u00e9szen az M&amp;A-ig.<\/p>\n\t\t\t\t<div class=\"btn-area\">\n\t\t\t\t\t<div class=\"btn icon-services\"><a href=\"\/hu\/services\">Szolg\u00e1ltat\u00e1sok<\/a><\/div>\n\t\t\t\t\t<div class=\"btn icon-people\"><a href=\"\/en\/people\">Csapatunk<\/a><\/div>\n\t\t\t\t<\/div>\n\t\t\t<\/div>\n\t\t<\/div>\n\t<\/div>\n<\/section>\n<section class=\"purple-section\">\n\t<div class=\"anchor\" id=\"law-firm-at-otemachi-tokyo\"><\/div>\n\t<div class=\"section-inner\">\n\t\t<div class=\"flex reverse\">\n\t\t\t<div class=\"width41\"><img decoding=\"async\" src=\"\/wp-content\/uploads\/2023\/06\/about_pic2.jpg\" alt=\"Law Firm at Otemachi, Tokyo\"><\/div>\n\t\t\t<div class=\"width51\">\n\t\t\t\t<div class=\"inline-inner\">\n\t\t\t\t\t<h3>Jogi iroda Otemachiban, Toki\u00f3ban<\/h3>\n\t\t\t\t\t<p class=\"mgb-small\">A MONOLITH LAW OFFICE egy jap\u00e1n jogi iroda, amely Otemachiban, Chiyoda-ku, Toki\u00f3ban tal\u00e1lhat\u00f3.<\/p>\n\t\t\t\t\t<p class=\"mgb-small\">K\u00f6r\u00fclbel\u00fcl 1087 IT v\u00e1llalat jogi tan\u00e1csad\u00f3ik\u00e9nt szolg\u00e1ltunk, a kezdeti st\u00e1dium\u00fa startup v\u00e1llalatokt\u00f3l kezdve a Toki\u00f3i T\u0151zsde Els\u0151 Szekci\u00f3j\u00e1ban jegyzett legnagyobb \u00e9s legelismertebb v\u00e1llalatokig. \u00d6sszesen 1855 \u00fcgyf\u00e9lnek ny\u00fajtunk jogi szolg\u00e1ltat\u00e1sokat, f\u0151k\u00e9nt az IT-vel kapcsolatos jogi k\u00e9rd\u00e9sekben, mint p\u00e9ld\u00e1ul a h\u00edrn\u00e9v k\u00e1rosod\u00e1s\u00e1nak megel\u0151z\u00e9se, a r\u00e1galmaz\u00e1s elleni v\u00e9dekez\u00e9s \u00e9s a rendszerfejleszt\u00e9ssel kapcsolatos vit\u00e1k.<\/p>\n\t\t\t\t\t<p class=\"mgb-middle\">&#8220;Szak\u00e9rtelem az IT-ben \u00e9s az \u00fczleti \u00e9letben&#8221; &#8211; ez tesz minket k\u00fcl\u00f6nlegess\u00e9.<\/p>\n\t\t\t\t\t<div class=\"btn-area\">\n\t\t\t\t\t\t<div class=\"btn icon-access\"><a href=\"\/hu\/access\">Access<\/a><\/div>\n\t\t\t\t\t<\/div>\n\t\t\t\t<\/div>\n\t\t\t<\/div>\n\t\t<\/div>\n\t<\/div>\n<\/section>\n<section class=\"white-section\">\n\t<div class=\"anchor\" id=\"what-is-a-monolith\"><\/div>\n\t<div class=\"section-inner\">\n\t\t<div class=\"flex\">\n\t\t\t<div class=\"width41\"><img decoding=\"async\" src=\"\/wp-content\/themes\/monolith2021\/img\/about\/about_pic3.jpg\" alt=\"What is a Monolith\"><\/div>\n\t\t\t<div class=\"width51\">\n\t\t\t\t<h3>Mi az a Monolith<\/h3>\n\t\t\t\t<p class=\"mgb-small\">A &#8220;monolit&#8221; sz\u00f3 latin eredet\u0171, ami egyetlen vagy elszigetelt szikl\u00e1t jelent. Stanley Kubrick &#8220;2001: \u0170rodissz\u00e9ia&#8221; c\u00edm\u0171 filmj\u00e9ben ezeket f\u00f6ld\u00f6nk\u00edv\u00fcli intelligencia eszk\u00f6zeik\u00e9nt \u00e1br\u00e1zolj\u00e1k, amelyek az emberi evol\u00faci\u00f3 kataliz\u00e1torai.<\/p>\n\t\t\t\t<p class=\"mgb-small\">A MONOLITH LAW OFFICE k\u00fcldet\u00e9se, mint jogi szak\u00e9rt\u0151, hogy el\u0151seg\u00edtse az IT \u00e9s m\u00e1s technol\u00f3gi\u00e1k, valamint a t\u00e1rsadalmi rendszerek evol\u00faci\u00f3j\u00e1t. A MONOLITH azon dolgozik, hogy tesztelje a startup v\u00e1llalatok \u00e1ltal felvetett hipot\u00e9ziseket, \u00f6sszehangolja az IT-t \u00e9s a jogot a h\u00edrn\u00e9v k\u00e1rosod\u00e1sa elleni int\u00e9zked\u00e9sekben, valamint a vitarendez\u00e9sben, \u00e9s sim\u00e1bb \u00fczleti rendszereket \u00e9p\u00edt.<\/p>\n\t\t\t\t<p class=\"mgb-small\">A MONOLITH LAW OFFICE hisz abban, hogy a jog a technol\u00f3gia \u00e9s a t\u00e1rsadalom r\u00e9v\u00e9n kataliz\u00e1lja az emberis\u00e9g evol\u00faci\u00f3j\u00e1t.<\/p>\n\t\t\t\t<p class=\"mgb-middle\">A MONOLITH LAW OFFICE v\u00e9gs\u0151 c\u00e9lja az IT, a t\u00e1rsadalom \u00e9s az emberis\u00e9g evol\u00faci\u00f3j\u00e1nak el\u0151seg\u00edt\u00e9se.<\/p>\n\t\t<\/div>\n\t<\/div>\n<\/section>\n<section class=\"orange-section\">\n\t<div class=\"anchor\" id=\"from-legal-advisor-to-it-specialized-lawyer\"><\/div>\n\t<div class=\"section-inner\">\n\t\t<div class=\"flex reverse\">\n\t\t\t<div class=\"width41\"><img decoding=\"async\" src=\"\/wp-content\/uploads\/2023\/06\/about_pic4.jpg\" alt=\"From \"><\/div>\n\t\t\t<div class=\"width51\">\n\t\t\t\t<h3>Jogi tan\u00e1csad\u00f3b\u00f3l IT-jogi szak\u00e9rt\u0151kk\u00e9<\/h3>\n\t\t\t\t<p class=\"mgb-small\">A MONOLITH LAW OFFICE kiemeli el\u0151nyeit az &#8220;IT jogi \u00fcgyek, internetes jogi \u00fcgyek \u00e9s \u00fczleti jogi \u00fcgyek&#8221; ter\u00fclet\u00e9n. Sz\u00e1mos v\u00e1llalatnak ny\u00fajtunk jogi szolg\u00e1ltat\u00e1sokat az IT-re \u00f6sszpontos\u00edtva. K\u00e9t f\u0151 t\u00edpus\u00fa jogi szolg\u00e1ltat\u00e1st k\u00edn\u00e1lunk.<\/p>\n\t\t\t\t<p class=\"mgb-small\">Az egyik szolg\u00e1ltat\u00e1s az &#8220;\u00c1ltal\u00e1nos Jogi Tan\u00e1csad\u00f3&#8221; vagy &#8220;F\u0151 Jogi Tisztvisel\u0151&#8221; poz\u00edci\u00f3 alapj\u00e1n ny\u00fajtott szolg\u00e1ltat\u00e1s egy IT v\u00e1llalat sz\u00e1m\u00e1ra. Mivel a v\u00e1llalat f\u0151 tev\u00e9kenys\u00e9ge IT-vel kapcsolatos, \u00fcgyv\u00e9di irod\u00e1nkat az\u00e9rt v\u00e1lasztj\u00e1k, mert k\u00e9pesek vagyunk meg\u00e9rteni az \u00fcgyf\u00e9l IT technol\u00f3gi\u00e1j\u00e1t \u00e9s \u00fczleti tev\u00e9kenys\u00e9g\u00e9t.<\/p>\n\t\t\t\t<p class=\"mgb-small\">A m\u00e1sodik az, hogy &#8220;IT\/Internet jogi szakemberk\u00e9nt&#8221; dolgozunk olyan v\u00e1llalatok sz\u00e1m\u00e1ra, ahol az IT nem az alaptev\u00e9kenys\u00e9g. B\u00e1r az IT nem az alapja olyan \u00fczleti ter\u00fcleteknek, mint a p\u00e9nz\u00fcgy, az ingatlan vagy az \u00e9ttermek, ezek m\u00e1r nem l\u00e9tezhetnek IT \u00e9s internet n\u00e9lk\u00fcl. Jogi szempontb\u00f3l t\u00e1mogat\u00e1st ny\u00fajtunk a v\u00e1llalatoknak az IT-vel \u00e9s internettel kapcsolatos m\u0171veleteikben.<\/p>\n\t\t\t\t<p class=\"mgb-middle\">A MONOLITH LAW OFFICE k\u00fcl\u00f6nb\u00f6z\u0151 poz\u00edci\u00f3kban dolgozik \u00d6nnel egy\u00fctt, kiemelked\u0151 szak\u00e9rtelm\u00fcnkre alapozva, hogy t\u00e1mogassa v\u00e1llalata fejl\u0151d\u00e9s\u00e9t.<\/p>\n\t\t\t\t<div class=\"btn-area\">\n\t\t\t\t\t<div class=\"btn icon-general-corporate\"><a href=\"\/hu\/services#general-corporate\">\u00c1ltal\u00e1nos v\u00e1llalati<\/a><\/div>\n\t\t\t\t\t<div class=\"btn icon-it\"><a href=\"\/hu\/services#it\">IT<\/a><\/div>\n\t\t\t\t<\/div>\n\t\t\t<\/div>\n\t\t<\/div>\n\t<\/div>\n<\/section>\n<section class=\"white-section\">\n\t<div class=\"anchor\" id=\"handling-cross-border-legal-matters\"><\/div>\n\t<div class=\"section-inner\">\n\t\t<div class=\"flex\">\n\t\t\t<div class=\"width41\"><img decoding=\"async\" src=\"\/wp-content\/uploads\/2023\/06\/about_pic5.jpg\" alt=\"Handling cross-border legal matters\"><\/div>\n\t\t\t<div class=\"width51\">\n\t\t\t\t<h3>Hat\u00e1rokon \u00e1tny\u00fal\u00f3 jogi \u00fcgyek kezel\u00e9se<\/h3>\n\t\t\t\t<p class=\"mgb-small\">Szakter\u00fclet\u00fcnk az IT \u00e9s az internet szektorban felmer\u00fcl\u0151 hat\u00e1rokon \u00e1tny\u00fal\u00f3 jogi k\u00e9rd\u00e9sek menedzsel\u00e9se. A globaliz\u00e1ci\u00f3 \u00e9s a hat\u00e1rokon \u00e1tny\u00fal\u00f3 tev\u00e9kenys\u00e9gek fontoss\u00e1g\u00e1nak n\u00f6veked\u00e9s\u00e9vel elengedhetetlenn\u00e9 v\u00e1lik a megfelel\u0151 jogi t\u00e1mogat\u00e1s.<\/p>\n\t\t\t\t<p class=\"mgb-small\">P\u00e9ld\u00e1ul, amikor egy jap\u00e1n SaaS v\u00e1llalat nemzetk\u00f6zi piacokra l\u00e9p, a helyi jogi el\u0151\u00edr\u00e1soknak \u00e9s szab\u00e1lyoz\u00e1soknak val\u00f3 megfelel\u00e9s l\u00e9tfontoss\u00e1g\u00fav\u00e1 v\u00e1lik. Hasonl\u00f3k\u00e9ppen, k\u00fclf\u00f6ldi befektet\u00e9sek fogad\u00e1sakor sz\u00fcks\u00e9g van a befektet\u00e9si meg\u00e1llapod\u00e1sok \u00e9s a kapcsol\u00f3d\u00f3 jogi dokumentumok megfogalmaz\u00e1s\u00e1ban \u00e9s t\u00e1rgyal\u00e1s\u00e1ban val\u00f3 seg\u00edts\u00e9gre. Ford\u00edtott esetben, a k\u00fclf\u00f6ldi M&amp;A tranzakci\u00f3kban vagy glob\u00e1lis terjeszked\u00e9sben \u00e9rintett jap\u00e1n v\u00e1llalatok sz\u00e1m\u00e1ra elengedhetetlen a helyi t\u00f6rv\u00e9nyek \u00e9s szab\u00e1lyoz\u00e1sok ismerete. Tov\u00e1bb\u00e1, az influencer marketinghez \u00e9s a bej\u00f6v\u0151 kereslethez kapcsol\u00f3d\u00f3 nyelvi \u00e9s kultur\u00e1lis akad\u00e1lyok lek\u00fczd\u00e9se eset\u00e9n a helyi t\u00f6rv\u00e9nyekkel \u00e9s szerz\u0151d\u00e9ses k\u00e9rd\u00e9sekkel kell foglalkozni.<\/p>\n\t\t\t\t<p class=\"mgb-middle\">A MONOLITH LAW OFFICE meger\u0151s\u00edtette k\u00e9pess\u00e9geit a leg\u00fajabb jogi ter\u00fcleteken, hogy megfeleljen a hat\u00e1rokon \u00e1tny\u00fal\u00f3 tev\u00e9kenys\u00e9gek \u00e9s a globaliz\u00e1ci\u00f3 ig\u00e9nyeinek. \u00dcgyv\u00e9deink csapat\u00e1nak m\u00e9rn\u00f6k\u00f6kkel \u00e9s m\u00e1s szakemberekkel val\u00f3 \u00f6sszekapcsol\u00e1s\u00e1val \u00e1tfog\u00f3 t\u00e1mogat\u00e1st ny\u00fajtunk, kihaszn\u00e1lva a m\u0171szaki tud\u00e1st \u00e9s a jogi szak\u00e9rtelemet \u00fcgyfeleink nemzetk\u00f6zi terjeszked\u00e9s\u00e9hez \u00e9s glob\u00e1lis \u00fczleti t\u00f6rekv\u00e9seihez.<\/p>\n\t\t\t\t<div class=\"btn-area\">\n\t\t\t\t\t<div class=\"btn icon-cross-border\"><a href=\"\/hu\/services#cross-border\">Cross-border<\/a><\/div>\n\t\t\t\t<\/div>\n\t\t\t<\/div>\n\t\t<\/div>\n\t<\/div>\n<\/section>\n<section class=\"purple-section\">\n\t<div class=\"anchor\" id=\"our-clients\"><\/div>\n\t<div class=\"section-inner\">\n\t\t<div class=\"flex reverse\">\n\t\t\t<div class=\"width41\"><img decoding=\"async\" src=\"\/wp-content\/uploads\/2019\/09\/beartail_kurosaki.jpg\" alt=\"Our Clients\"><\/div>\n\t\t\t<div class=\"width51\">\n\t\t\t\t<h3>\u00dcgyfeleink<\/h3>\n\t\t\t\t<p class=\"mgb-small\">A MONOLITH LAW OFFICE k\u00e9t f\u0151 szolg\u00e1ltat\u00e1st ny\u00fajt. Az egyik, hogy \u00e1ltal\u00e1nos tan\u00e1csad\u00f3k\u00e9nt vagy f\u0151jogi tisztvisel\u0151k\u00e9nt m\u0171k\u00f6d\u00fcnk egy IT \u00e9s startup v\u00e1llalatn\u00e1l, kezelve a v\u00e1llalat teljes jogi \u00fcgyeit. A m\u00e1sodik, hogy &#8220;IT \u00e9s IP jog\u00e1szk\u00e9nt&#8221; m\u0171k\u00f6d\u00fcnk k\u00fcl\u00f6nb\u00f6z\u0151 v\u00e1llalatok sz\u00e1m\u00e1ra, \u00e9s kezelj\u00fck a v\u00e1llalat IT \u00e9s IP jogi \u00fcgyeit.<\/p>\n\t\t\t\t<p class=\"mgb-small\">Az al\u00e1bbi \u00fczenetet kaptuk \u00fcgyfeleinkt\u0151l:<\/p>\n\t\t\t\t<p class=\"mgb-small\">&#8220;A jogi kock\u00e1zat felv\u00e1llal\u00e1sa technol\u00f3giai meg\u00e9rt\u00e9st ig\u00e9nyel, \u00e9s a MONOLITH LAW OFFICE ezen a ter\u00fcleten szakember.&#8221;<\/p>\n\t\t\t\t<p class=\"mgb-small\">&#8220;A MONOLITH LAW OFFICE hasznos, mert vel\u00fcnk egy\u00fctt dolgoznak azon, hogy kider\u00edts\u00e9k, &#8216;hogyan lehet kock\u00e1zatot kezelni&#8217; egy v\u00e1llalati vezet\u0151 szempontj\u00e1b\u00f3l.&#8221;<\/p>\n\t\t\t\t<p class=\"mgb-middle\">&#8220;A MONOLITH LAW OFFICE egyszerre jogi iroda \u00e9s menedzsment tan\u00e1csad\u00f3. Jogi alapot biztos\u00edtanak magyar\u00e1zataikhoz.&#8221;<\/p>\n\t\t\t\t\n\t\t<\/div>\n\t<\/div>\n<\/section>\n","protected":false},"excerpt":{"rendered":"<p>Iroda bemutat\u00e1sa A MONOLITH LAW OFFICE egy Toki\u00f3ban sz\u00e9kel\u0151 jap\u00e1n jogi iroda, amely az IT, az internet \u00e9s az \u00fczleti ter\u00fcleteken szerzett szak\u00e9rtelemmel rendelkezik, \u00e9s IT-szakemberekb\u0151l \u00e1ll, bele\u00e9rtve [&hellip;]<\/p>\n","protected":false},"author":1,"featured_media":56658,"parent":0,"menu_order":1,"comment_status":"closed","ping_status":"closed","template":"other-page-temp.php","meta":{"footnotes":""},"acf":[],"_links":{"self":[{"href":"https:\/\/monolith.law\/hu\/wp-json\/wp\/v2\/pages\/4096"}],"collection":[{"href":"https:\/\/monolith.law\/hu\/wp-json\/wp\/v2\/pages"}],"about":[{"href":"https:\/\/monolith.law\/hu\/wp-json\/wp\/v2\/types\/page"}],"author":[{"embeddable":true,"href":"https:\/\/monolith.law\/hu\/wp-json\/wp\/v2\/users\/1"}],"replies":[{"embeddable":true,"href":"https:\/\/monolith.law\/hu\/wp-json\/wp\/v2\/comments?post=4096"}],"version-history":[{"count":100,"href":"https:\/\/monolith.law\/hu\/wp-json\/wp\/v2\/pages\/4096\/revisions"}],"predecessor-version":[{"id":64072,"href":"https:\/\/monolith.law\/hu\/wp-json\/wp\/v2\/pages\/4096\/revisions\/64072"}],"wp:featuredmedia":[{"embeddable":true,"href":"https:\/\/monolith.law\/hu\/wp-json\/wp\/v2\/media\/56658"}],"wp:attachment":[{"href":"https:\/\/monolith.law\/hu\/wp-json\/wp\/v2\/media?parent=4096"}],"curies":[{"name":"wp","href":"https:\/\/api.w.org\/{rel}","templated":true}]}}