{"id":41151,"date":"2023-11-14T14:33:54","date_gmt":"2023-11-14T05:33:54","guid":{"rendered":"https:\/\/monolith.law\/?page_id=41151"},"modified":"2025-08-30T09:19:14","modified_gmt":"2025-08-30T00:19:14","slug":"home","status":"publish","type":"page","link":"https:\/\/monolith.law\/hu\/","title":{"rendered":"MONOLITH LAW OFFICE | Toki\u00f3, Jap\u00e1n"},"content":{"rendered":"\n<p>\n<\/p>\n\n\n\n<section class=\"white-section front-top\" data-delighter=\"\">\n\t<div class=\"section-inner\">\n\t<div class=\"top-logo\">\n\t<div class=\"base\"><\/div>\n\t<img decoding=\"async\" src=\"\/wp-content\/themes\/monolith2021\/img\/top\/top_logo_m.svg\" alt=\"M\" class=\"top-logo-1\">\n\t<img decoding=\"async\" src=\"\/wp-content\/themes\/monolith2021\/img\/top\/top_logo_o.svg\" alt=\"O\" class=\"top-logo-2\">\n\t<img decoding=\"async\" src=\"\/wp-content\/themes\/monolith2021\/img\/top\/top_logo_n.svg\" alt=\"N\" class=\"top-logo-3\">\n\t<img decoding=\"async\" src=\"\/wp-content\/themes\/monolith2021\/img\/top\/top_logo_o.svg\" alt=\"O\" class=\"top-logo-4\">\n\t<img decoding=\"async\" src=\"\/wp-content\/themes\/monolith2021\/img\/top\/top_logo_l.svg\" alt=\"L\" class=\"top-logo-5\">\n\t<img decoding=\"async\" src=\"\/wp-content\/themes\/monolith2021\/img\/top\/top_logo_i.svg\" alt=\"I\" class=\"top-logo-6\">\n\t<img decoding=\"async\" src=\"\/wp-content\/themes\/monolith2021\/img\/top\/top_logo_t.svg\" alt=\"T\" class=\"top-logo-7\">\n\t<img decoding=\"async\" src=\"\/wp-content\/themes\/monolith2021\/img\/top\/top_logo_h.svg\" alt=\"H\" class=\"top-logo-8\">\n\t<\/div>\n\t<p class=\"text1\"><strong>Az IT evol\u00faci\u00f3ja<\/strong><\/p>\n\t<p class=\"text2\">Ma az IT a modern \u00fczleti m\u0171veletek k\u00f6z\u00e9ppontj\u00e1ban \u00e1ll, <br class=\"sp-none\">de az IT \u00fczleti c\u00e9l\u00fa haszn\u00e1lata jogi kock\u00e1zatkezel\u00e9st ig\u00e9nyel.<br>A MONOLITH LAW OFFICE-n\u00e1l jog\u00e1szaink \u00e9s IT tan\u00e1csad\u00f3ink csapatban dolgoznak, hogy megoldj\u00e1k az \u00fcgyfelek probl\u00e9m\u00e1it.<br class=\"sp-none\">K\u00fcldet\u00e9s\u00fcnk, hogy beind\u00edtsuk az IT innov\u00e1ci\u00f3t \u00e9s t\u00e1mogassuk a n\u00f6veked\u00e9st Jap\u00e1nban, lehet\u0151v\u00e9 t\u00e9ve a v\u00e1llalkoz\u00e1sok sz\u00e1m\u00e1ra, hogy p\u00e9ld\u00e1tlan magass\u00e1gokba emelkedjenek.<\/p>\n\t\n\t<\/div>\n<\/section>\n<section class=\"white-section front-about\">\n\t<div class=\"section-inner\">\n\t<div class=\"text\">\n\t<p class=\"en\">A MONOLITH LAW OFFICE-r\u00f3l<\/p>\n\t<h2>Misszi\u00f3nk mint jogi szakemberek IT m\u00e9rn\u00f6ki h\u00e1tt\u00e9rrel<\/h2>\n\t<p class=\"text\">A MONOLITH LAW OFFICE egy Toki\u00f3ban sz\u00e9kel\u0151 jap\u00e1n jogi iroda, amely IT jogi szolg\u00e1ltat\u00e1sokat ny\u00fajt a v\u00e1llalatok sz\u00e9les k\u00f6r\u00e9nek.<br>Toki Kawase, \u00fcgyvezet\u0151 \u00fcgyv\u00e9d\u00fcnk, m\u00e1r egyetemi hallgat\u00f3k\u00e9nt dolgozott szabad\u00fasz\u00f3 IT m\u00e9rn\u00f6kk\u00e9nt. Tapasztalata van IT v\u00e1llalat alap\u00edt\u00e1s\u00e1ban, \u00e9s IT m\u00e9rn\u00f6kk\u00e9nt is dolgozott. Toki saj\u00e1t szem\u00e9vel l\u00e1tta a startupok \u00e9s m\u00e1s v\u00e1llalatok jelent\u0151s n\u00f6veked\u00e9s\u00e9t az IT seg\u00edts\u00e9g\u00e9vel, \u00e9s a folyamat sor\u00e1n felmer\u00fcl\u0151 k\u00fcl\u00f6nb\u00f6z\u0151 kock\u00e1zatokat. Meg\u00e9rti, hogy az IT-nek a j\u00f6v\u0151ben folyamatosan nagy el\u0151ny\u00f6ket kell hoznia a v\u00e1llalatok sz\u00e1m\u00e1ra, ehhez pedig sz\u00fcks\u00e9g van egy innovat\u00edv jogi szeml\u00e9letm\u00f3dra.<br>Ezen tapasztalatok alapj\u00e1n alap\u00edtotta meg a MONOLITH LAW OFFICE-t, egy olyan szervezetet, amely magasan k\u00e9pzett \u00fcgyv\u00e9dekb\u0151l \u00e9s IT tan\u00e1csad\u00f3kb\u00f3l \u00e1ll, hogy sz\u00e9les k\u00f6r\u0171 megold\u00e1sokat k\u00edn\u00e1ljon.<\/p>\n\t<\/div>\n\t<div class=\"pic\"><img decoding=\"async\" src=\"\/wp-content\/themes\/monolith2021\/img\/top\/kawase_pic.png\" alt=\"Alap\u00edt\u00f3 \u00fcgyv\u00e9d\u00fcnk, Toki Kawase\"><\/div>\n\t<\/div>\n<\/section>\n<section class=\"white-section front-numbers\">\n\t<div class=\"section-inner\">\n\t<p class=\"en\">A MONOLITH LAW OFFICE SZ\u00c1MOKBAN<\/p>\n\t<h2>Tapasztalatunk jogi irodak\u00e9nt \u00e9s v\u00e1llalati IT szak\u00e9rt\u0151k\u00e9nt.<\/h2>\n\t<div class=\"box-wrap\">\n\t<div class=\"sub-box\">\n\t\t<h3>\u00dcgyfelek<\/h3>\n\t\t<p class=\"code\">1855\n\t\t<p class=\"text\">T\u00e1mogat\u00e1st ny\u00fajtunk a legk\u00fcl\u00f6nb\u00f6z\u0151bb ipar\u00e1gakban m\u0171k\u00f6d\u0151 v\u00e1llalatok sz\u00e1m\u00e1ra. \u00dcgyf\u00e9lk\u00f6r\u00fcnk Jap\u00e1n legnagyobb szervezeteit\u0151l a kis- \u00e9s k\u00f6z\u00e9pv\u00e1llalkoz\u00e1sokig terjed. Szolg\u00e1ltat\u00e1sainkat minden \u00fcgyf\u00e9l ig\u00e9nyeihez igaz\u00edtjuk.<\/p>\n\t<\/div>\n\t<div class=\"sub-box\">\n\t\t<h3>Eredeti IT megold\u00e1sok<\/h3>\n\t\t<p class=\"code\">7\n\t\t<p class=\"text\">C\u00e9g\u00fcnk, a MONOLITH LAW OFFICE, egy olyan csapat, amely a v\u00e1llalati IT-re specializ\u00e1l\u00f3dott. Tapasztalt jog\u00e1szokb\u00f3l \u00e9s IT tan\u00e1csad\u00f3kb\u00f3l \u00e1ll\u00f3 csapatunk az \u00d6n specifikus ig\u00e9nyeire szabott megold\u00e1sokat k\u00e9sz\u00edt.<\/p>\n\t<\/div>\n\t<div class=\"sub-box\">\n\t\t<h3>\u00dcgyv\u00e9dek<\/h3>\n\t\t<p class=\"code\">30\n\t\t<p class=\"text\">Az IT probl\u00e9m\u00e1k megold\u00e1s\u00e1nak legfontosabb t\u00e9nyez\u0151je az els\u0151dleges v\u00e1lasz gyorsas\u00e1ga. A MONOLITH LAW OFFICE sz\u00e1mos \u00fcgyv\u00e9det foglalkoztat, akik k\u00e9pesek naponta sz\u00e9les k\u00f6r\u0171 konzult\u00e1ci\u00f3kra v\u00e1laszolni.<\/p>\n\t<\/div>\n\t<div class=\"sub-box\">\n\t\t<h3>IT tan\u00e1csad\u00f3k<\/h3>\n\t\t<p class=\"code\">16\n\t\t<p class=\"text\">\u00dagy gondoljuk, hogy az IT tan\u00e1csad\u00f3k ugyanolyan fontosak, mint az \u00fcgyv\u00e9dek, hogy l\u00e9p\u00e9st tudjunk tartani az \u00e1lland\u00f3an fejl\u0151d\u0151 technol\u00f3gi\u00e1val \u00e9s meg tudjunk felelni a egyre \u00f6sszetettebb v\u00e1llalati IT kih\u00edv\u00e1soknak.<\/p>\n\t<\/div>\n\t<div class=\"sub-box\">\n<h3>T\u00e1mogatott orsz\u00e1gok<\/h3>\n\t\t<p class=\"code\">18\n\t\t<p class=\"text\">Jap\u00e1n jogi iroda, amely nemzetk\u00f6zi \u00fcgyekben szakosodott. Szak\u00e9rt\u0151i vagyunk a nemzetk\u00f6zi tranzakci\u00f3kban, peres \u00fcgyekben \u00e9s szab\u00e1lyoz\u00e1si megfelel\u0151s\u00e9gben. Szem\u00e9lyre szabott megold\u00e1sokat k\u00edn\u00e1lunk glob\u00e1lis \u00fcgyfeleinknek \u00fczleti \u00e9s jogi k\u00e9rd\u00e9sekben.<\/p>\n\t<\/div>\n\t<div class=\"sub-box\">\n\t\t<h3>IT- \u00e9s Jogi Elemz\u0151 Cikkek<\/h3>\n\t\t<p class=\"code\">988\n\t\t<p class=\"text\">Elemz\u00fcnk \u00e9s magyar\u00e1zunk k\u00fcl\u00f6nf\u00e9le v\u00e1llalati IT-esettanulm\u00e1nyokat a \u201cMONOLITH LAW MAGAZINE\u201d weboldalon. Folyamatosan kutatunk megfelel\u0151 megold\u00e1sokat a v\u00e1llalati IT egyre \u00f6sszetettebb \u00e9s soksz\u00edn\u0171bb kih\u00edv\u00e1saira.<\/p>\n\t<\/div>\n\t<\/div>\n\t<\/div>\n<\/section>\n<section class=\"front-service\">\n\t<div class=\"section-inner\">\n\t\t<p class=\"en\">A MONOLITH LAW OFFICE SZOLG\u00c1LTAT\u00c1SAI<\/p>\n\t\t<h2>\u00d6sszetett IT kock\u00e1zatokra adott megold\u00e1saink.<\/h2>\n\t<\/div>\n\t<div class=\"front-service-field\">\n\t<div class=\"section-inner\">\n\t<h3><a href=\"\/hu\/services\">Szolg\u00e1ltat\u00e1sok<\/a><\/h3>\n\t<div class=\"box-wrap\">\n\t<div class=\"sub-box\">\n\t\t<h4>\u00c1ltal\u00e1nos v\u00e1llalati<\/h4>\n\t\t<div class=\"icon\"><img decoding=\"async\" src=\"\/wp-content\/themes\/monolith_en\/img\/top\/service_general-corporate.svg\" alt=\"V\u00e1llalati jogi \u00fcgyek IT \u00e9s startup v\u00e1llalkoz\u00e1sok sz\u00e1m\u00e1ra\"><\/div>\n\t\t<p>A szak\u00e9rtelem \u00e9s tapasztalat elengedhetetlen az IT \u00e9s startup v\u00e1llalatokra jellemz\u0151 dinamikus k\u00f6rnyezetben ny\u00fajtott pontos jogi t\u00e1mogat\u00e1shoz. Irod\u00e1nkban sz\u00e1mos szak\u00e9rt\u0151 dolgozik ezen a ter\u00fcleten, \u00e9s jogi tan\u00e1csad\u00f3k\u00e9nt m\u0171k\u00f6dt\u00fcnk 1087 v\u00e1llalat sz\u00e1m\u00e1ra, f\u0151k\u00e9nt IT v\u00e1llalatoknak, a TSE els\u0151 szekci\u00f3j\u00e1ban jegyzett v\u00e1llalatokt\u00f3l a kezdeti szakaszban l\u00e9v\u0151 startupokig.<\/p>\n\t\t<div class=\"btn-more\"><a href=\"\/hu\/general-corporate\">Tov\u00e1bbi inform\u00e1ci\u00f3<\/a><\/div>\n\t<\/div>\n\t<div class=\"sub-box\">\n\t\t<h4>IT<\/h4>\n\t\t<div class=\"icon\"><img decoding=\"async\" src=\"\/wp-content\/themes\/monolith_en\/img\/top\/service_it.svg\" alt=\"IT \u00e9s IP jogi \u00fcgyek k\u00fcl\u00f6nb\u00f6z\u0151 v\u00e1llalatok sz\u00e1m\u00e1ra\"><\/div>\n\t\t<p>Manaps\u00e1g minden v\u00e1llalat, f\u00fcggetlen\u00fcl tev\u00e9kenys\u00e9gi k\u00f6r\u00e9t\u0151l vagy m\u00e9ret\u00e9t\u0151l, valamilyen m\u00f3don \u00e9rintett az IT-val v\u00e1llalati tev\u00e9kenys\u00e9ge sor\u00e1n. Szerepet v\u00e1llalhatunk &#8220;az IT \u00e9s szellemi tulajdon ter\u00fclet\u00e9n szakosodott \u00fcgyv\u00e9dk\u00e9nt&#8221; azoknak a v\u00e1llalatoknak, amelyeknek m\u00e1r van els\u0151dleges jogi tan\u00e1csad\u00f3juk, vagy ak\u00e1r azoknak a v\u00e1llalatoknak is, amelyek f\u0151 tev\u00e9kenys\u00e9ge nem az IT.<\/p>\n\t\t<div class=\"btn-more\"><a href=\"\/hu\/it\">Tov\u00e1bbi inform\u00e1ci\u00f3<\/a><\/div>\n\t<\/div>\n\t<div class=\"sub-box\">\n\t\t<h4>K\u00fclf\u00f6ldi<\/h4>\n\t\t<div class=\"icon\"><img decoding=\"async\" src=\"\/wp-content\/themes\/monolith_en\/img\/top\/service_cross-border.svg\" alt=\"Nemzetk\u00f6zi jogi \u00fcgyek\"><\/div>\n\t\t<p>F\u0151 c\u00e9lunk, hogy \u00e1tfog\u00f3 jogi szolg\u00e1ltat\u00e1sokat ny\u00fajtsunk a nemzetk\u00f6zi piacra l\u00e9p\u0151 jap\u00e1n IT v\u00e1llalatok sz\u00e1m\u00e1ra. Emellett professzion\u00e1lis jogi t\u00e1mogat\u00e1st biztos\u00edtunk Jap\u00e1nban m\u0171k\u00f6d\u0151 k\u00fclf\u00f6ldi IT v\u00e1llalatoknak is. Irod\u00e1nk k\u00fcl\u00f6nb\u00f6z\u0151 orsz\u00e1gokb\u00f3l \u00e9s r\u00e9gi\u00f3kb\u00f3l sz\u00e1rmaz\u00f3 k\u00fclf\u00f6ldi jogosults\u00e1ggal rendelkez\u0151 \u00fcgyv\u00e9dekkel dolgozik egy\u00fctt a hat\u00e1rokon \u00e1tny\u00fal\u00f3 tranzakci\u00f3k hat\u00e9kony t\u00e1mogat\u00e1sa \u00e9rdek\u00e9ben.<\/p>\n\t\t<div class=\"btn-more\"><a href=\"\/hu\/cross-border\">Tov\u00e1bbi inform\u00e1ci\u00f3<\/a><\/div>\n\t<\/div>\n\t<div class=\"sub-box\">\n\t\t<h4>Internet<\/h4>\n\t\t<div class=\"icon\"><img decoding=\"async\" src=\"\/wp-content\/themes\/monolith_en\/img\/top\/service_internet.svg\" alt=\"Influencer Marketing\"><\/div>\n\t\t<p>Az internetjog ter\u00fclet\u00e9n szerzett szak\u00e9rtelemmel rendelkez\u00fcnk, \u00e9s \u00e1tfog\u00f3 jogi t\u00e1mogat\u00e1st ny\u00fajtunk internetes v\u00e1llalkoz\u00f3knak, bele\u00e9rtve a YouTubereket \u00e9s az SNS-t haszn\u00e1l\u00f3 v\u00e1llalatokat. Specializ\u00e1l\u00f3dunk az online vit\u00e1k rendez\u00e9s\u00e9re, a negat\u00edv weboldalak elt\u00e1vol\u00edt\u00e1s\u00e1ra \u00e9s az online h\u00edrn\u00e9v kezel\u00e9s\u00e9re. Forduljon hozz\u00e1nk, ha hat\u00e9kony megold\u00e1sokra van sz\u00fcks\u00e9ge az interneten.<\/p>\n\t\t<div class=\"btn-more\"><a href=\"\/hu\/internet\">Tov\u00e1bbi inform\u00e1ci\u00f3<\/a><\/div>\n\t<\/div>\n\t<\/div>\n\t<\/div>\n\t<\/div>\n\t<div class=\"front-service-example\">\n\t<div class=\"section-inner\">\n\t<p>P\u00e9ld\u00e1ul<\/p>\n\t<ul class=\"clearfix\">\n\t\t<li>\n\t\t\t<div class=\"icon\"><a href=\"\/hu\/system-development\/\"><img decoding=\"async\" src=\"\/wp-content\/themes\/monolith_en\/img\/top\/service_ex_system-development.svg\" alt=\"Rendszerfejleszt\u00e9s\"><\/a><\/div>\n\t\t\t<p>Rendszer<br>Fejleszt\u00e9s<\/p>\n\t\t<\/li>\n\t\t<li>\n\t\t\t<div class=\"icon\"><a href=\"\/hu\/crypto-asset-and-blockchain\/\"><img decoding=\"async\" src=\"\/wp-content\/themes\/monolith_en\/img\/top\/service_ex_crypto-asset-and-blockchain.svg\" alt=\"Kripto Eszk\u00f6z \u00e9s Blockchain\"><\/a><\/div>\n\t\t\t<p>Kripto Eszk\u00f6z <br>\u00e9s Blockchain<\/p>\n\t\t<\/li>\n\t\t<li>\n\t\t\t<div class=\"icon\"><a href=\"\/hu\/ai\/\"><img decoding=\"async\" src=\"\/wp-content\/themes\/monolith_en\/img\/top\/service_ex_ai.svg\" alt=\"ai\"><\/a><\/div>\n\t\t\t<p>AI<br>(ChatGPT stb.)<\/p>\n\t\t<\/li>\n\t\t<li>\n\t\t\t<div class=\"icon\"><a href=\"\/hu\/advertisement-review\/\"><img decoding=\"async\" src=\"\/wp-content\/themes\/monolith_en\/img\/top\/service_ex_advertisement-review.svg\" alt=\"Rekl\u00e1m Fel\u00fclvizsg\u00e1lat\"><\/a><\/div>\n\t\t\t<p>Rekl\u00e1m<br>Fel\u00fclvizsg\u00e1lat<\/p>\n\t\t<\/li>\n\t\t<li>\n\t\t\t<div class=\"icon\"><a href=\"\/hu\/mitigating-reputational-damage\/\"><img decoding=\"async\" src=\"\/wp-content\/themes\/monolith_en\/img\/top\/service_ex_mitigating-reputational-damage.svg\" alt=\"H\u00edrn\u00e9v K\u00e1rosod\u00e1s\u00e1nak M\u00e9rs\u00e9kl\u00e9se\"><\/a><\/div>\n\t\t\t<p>H\u00edrn\u00e9v<br>K\u00e1rosod\u00e1s\u00e1nak<br>M\u00e9rs\u00e9kl\u00e9se<\/p>\n\t\t<\/li>\n\t<\/ul>\n\t<\/div>\n\t<\/div>\n<\/section>\n<section class=\"white-section front-client\">\n\t<div class=\"section-inner\">\n\t\t<h2>\u00dcGYF\u00c9L<\/h2>\n\t\t<ul>\n\t\t\t<li><img src=\"https:\/\/monolith.law\/hu\/wp-content\/themes\/monolith_hu\/img\/clients\/logo_01.png\"><\/li>\n\t\t\t<li><img src=\"https:\/\/monolith.law\/hu\/wp-content\/themes\/monolith_hu\/img\/clients\/logo_02.png\"><\/li>\n\t\t\t<li><img src=\"https:\/\/monolith.law\/hu\/wp-content\/themes\/monolith_hu\/img\/clients\/logo_03.png\"><\/li>\n\t\t\t<li><img src=\"https:\/\/monolith.law\/hu\/wp-content\/themes\/monolith_hu\/img\/clients\/logo_04.png\"><\/li>\n\t\t\t<li><img src=\"https:\/\/monolith.law\/hu\/wp-content\/themes\/monolith_hu\/img\/clients\/logo_05.png\"><\/li>\n\t\t\t<li><img src=\"https:\/\/monolith.law\/hu\/wp-content\/themes\/monolith_hu\/img\/clients\/logo_06.png\"><\/li>\n\t\t\t<li><img src=\"https:\/\/monolith.law\/hu\/wp-content\/themes\/monolith_hu\/img\/clients\/logo_07.png\"><\/li>\n\t\t\t<li><img src=\"https:\/\/monolith.law\/hu\/wp-content\/themes\/monolith_hu\/img\/clients\/logo_08.png\"><\/li>\n\t\t\t<li><img src=\"https:\/\/monolith.law\/hu\/wp-content\/themes\/monolith_hu\/img\/clients\/logo_09.png\"><\/li>\n\t\t\t<li><img src=\"https:\/\/monolith.law\/hu\/wp-content\/themes\/monolith_hu\/img\/clients\/logo_10.png\"><\/li>\n\t\t\t<li><img src=\"https:\/\/monolith.law\/hu\/wp-content\/themes\/monolith_hu\/img\/clients\/logo_11.png\"><\/li>\n\t\t\t<li><img src=\"https:\/\/monolith.law\/hu\/wp-content\/themes\/monolith_hu\/img\/clients\/logo_12.png\"><\/li>\n\t\t\t<li><img src=\"https:\/\/monolith.law\/hu\/wp-content\/themes\/monolith_hu\/img\/clients\/logo_13.png\"><\/li>\n\t\t\t<li><img src=\"https:\/\/monolith.law\/hu\/wp-content\/themes\/monolith_hu\/img\/clients\/logo_14.png\"><\/li>\n\t\t\t<li><img src=\"https:\/\/monolith.law\/hu\/wp-content\/themes\/monolith_hu\/img\/clients\/logo_15.png\"><\/li>\n\t\t<\/ul>\n\t\t<!--<div class=\"btn-more\"><a href=\"https:\/\/monolith.law\/hu\/clients\">See More<\/a><\/div>-->\n\t<\/div>\n<\/section>\n<section class=\"white-section front-news\">\n    <div class=\"section-inner\">\n        <h2>H\u00edrek [en]<\/h2>\n        <div>\n                        <ul>\n                                                    <li><span class=\"date\">2026.04.01<\/span><span class=\"category news-category-2\">NEWS<\/span><span class=\"subject\">Attorney Shota Akiyama has joined the firm.<\/span><\/li>\n                                                                <li><span class=\"date\">2026.03.26<\/span><span class=\"category news-category-2\">NEWS<\/span><span class=\"subject\">Attorneys Miki Takatsuki, Toko Takayanagi, Mizuki Kobayashi, Ryo Watanabe, and Shuto Ishimura have joined our firm.<\/span><\/li>\n                                                                <li><span class=\"date\">2025.05.08<\/span><span class=\"category news-category-2\">NEWS<\/span><span class=\"subject\">Monolith Law Office has been selected as a finalist for the Rising Law Firm of the Year category of the ALB Japan Law Awards, hosted by Asian Legal Business, an international law firm evaluation organization.<\/span><\/li>\n                                                                <li><span class=\"date\">2025.04.01<\/span><span class=\"category news-category-2\">NEWS<\/span><span class=\"subject\">Attorney Keita Yokoyama has joined the firm.<\/span><\/li>\n                                                                <li><span class=\"date\">2025.03.27<\/span><span class=\"category news-category-2\">NEWS<\/span><span class=\"subject\">Attorneys Yusuke Mizutani, Ryusei Juman, Mizuki Koyama, and Yusuke Muto have joined the firm.<\/span><\/li>\n                                                                <li><span class=\"date\">2024.06.12<\/span><span class=\"category news-category-2\">NEWS<\/span><span class=\"subject\">Attorney Akira Yoshida has joined the firm.<\/span><\/li>\n                                                            <\/ul>\n            <div class=\"btn-more\"><a href=\"\/en\/news\/\">Tov\u00e1bbi inform\u00e1ci\u00f3<\/a><\/div>\n        <\/div>\n    <\/div>\n<\/section>\n<section class=\"white-section front-banner\">\n<div class=\"section-inner\">\n<div class=\"banner-slider\">\n<div><a href=\"\/hu\/cross-border\"><img decoding=\"async\" src=\"\/wp-content\/themes\/monolith_en\/img\/top\/banner_crossborder.png\" alt=\"K\u00fclf\u00f6ldi\"><\/a><\/div>\n<div><a href=\"\/en\/job-openings\"><img decoding=\"async\" src=\"\/wp-content\/themes\/monolith_en\/img\/top\/banner_jobopenings.png\" alt=\"\u00c1ll\u00e1saj\u00e1nlatok\"><\/a><\/div>\n<div><a href=\"https:\/\/www.linkedin.com\/company\/monolith-law-office\/\" target=\"\u201d_blank\u201d\" rel=\"noopener\"><img decoding=\"async\" src=\"\/wp-content\/themes\/monolith_en\/img\/top\/banner_linkedin.png\" alt=\"LinkedIn\"><\/a><\/div>\n<div><a href=\"\/hu\/article\"><img decoding=\"async\" src=\"\/wp-content\/themes\/monolith_en\/img\/top\/banner_monolithlawmagazine.svg\" alt=\"MONOLITH LAW MAGAZINE\"><\/a><\/div>\n<\/div>\n<\/div>\n<\/section>\n","protected":false},"excerpt":{"rendered":"<p>Az IT evol\u00faci\u00f3ja Ma az IT a modern \u00fczleti m\u0171veletek k\u00f6z\u00e9ppontj\u00e1ban \u00e1ll, de az IT \u00fczleti c\u00e9l\u00fa haszn\u00e1lata jogi kock\u00e1zatkezel\u00e9st ig\u00e9nyel.A MONOLITH LAW OFFICE-n\u00e1l jog\u00e1szaink \u00e9s IT tan\u00e1csad\u00f3ink csapatban  [&hellip;]<\/p>\n","protected":false},"author":1,"featured_media":56656,"parent":0,"menu_order":0,"comment_status":"closed","ping_status":"closed","template":"front-page-temp.php","meta":{"footnotes":""},"acf":[],"_links":{"self":[{"href":"https:\/\/monolith.law\/hu\/wp-json\/wp\/v2\/pages\/41151"}],"collection":[{"href":"https:\/\/monolith.law\/hu\/wp-json\/wp\/v2\/pages"}],"about":[{"href":"https:\/\/monolith.law\/hu\/wp-json\/wp\/v2\/types\/page"}],"author":[{"embeddable":true,"href":"https:\/\/monolith.law\/hu\/wp-json\/wp\/v2\/users\/1"}],"replies":[{"embeddable":true,"href":"https:\/\/monolith.law\/hu\/wp-json\/wp\/v2\/comments?post=41151"}],"version-history":[{"count":127,"href":"https:\/\/monolith.law\/hu\/wp-json\/wp\/v2\/pages\/41151\/revisions"}],"predecessor-version":[{"id":66215,"href":"https:\/\/monolith.law\/hu\/wp-json\/wp\/v2\/pages\/41151\/revisions\/66215"}],"wp:featuredmedia":[{"embeddable":true,"href":"https:\/\/monolith.law\/hu\/wp-json\/wp\/v2\/media\/56656"}],"wp:attachment":[{"href":"https:\/\/monolith.law\/hu\/wp-json\/wp\/v2\/media?parent=41151"}],"curies":[{"name":"wp","href":"https:\/\/api.w.org\/{rel}","templated":true}]}}