{"id":4213,"date":"2023-11-08T04:28:26","date_gmt":"2023-11-07T19:28:26","guid":{"rendered":"https:\/\/monolith.law\/?page_id=4213"},"modified":"2024-04-25T17:38:17","modified_gmt":"2024-04-25T08:38:17","slug":"services","status":"publish","type":"page","link":"https:\/\/monolith.law\/hu\/services","title":{"rendered":"Szolg\u00e1ltat\u00e1sok"},"content":{"rendered":"\n<section class=\"heading-area\">\n\t<div class=\"heading-area-inner\">\n\t\t<h2 class=\"icon-services\">Szolg\u00e1ltat\u00e1sok<\/h2>\n\t\t<p>\u00dcgyvezet\u0151 \u00fcgyv\u00e9d\u00fcnk IT m\u00e9rn\u00f6ki h\u00e1tter\u00e9vel \u00e9s IT v\u00e1llalatok ir\u00e1ny\u00edt\u00e1s\u00e1ban szerzett tapasztalat\u00e1val a MONOLITH LAW OFFICE Jap\u00e1n vezet\u0151 jogi irod\u00e1ja az IT, \u00fczleti \u00e9s internetes szakter\u00fcleteken. Glob\u00e1lis szervezet\u00fcnk lehet\u0151v\u00e9 teszi sz\u00e1munkra, hogy ezekben a ter\u00fcleteken magasan specializ\u00e1lt jogi szolg\u00e1ltat\u00e1sokat ny\u00fajtsunk.<\/p>\n\t<\/div>\n<\/section>\n<section class=\"second-nav\">\n\t<div class=\"second-nav-inner\">\n\t\t<p>T\u00c9M\u00c1K<\/p>\n\t\t<nav>\n\t\t\t<ul>\n\t\t\t\t<li><a href=\"#general-corporate\">\u00c1ltal\u00e1nos v\u00e1llalati<\/a><\/li>\n\t\t\t\t<li><a href=\"#it\">IT<\/a><\/li>\n\t\t\t\t<li><a href=\"#cross-border\">Hat\u00e1rokon \u00e1tny\u00fal\u00f3<\/a><\/li>\n\t\t\t\t<li><a href=\"#internet\">Internet<\/a><\/li>\n\t\t\t<\/ul>\n\t\t<\/nav>\n\t<\/div>\n<\/section>\n<section class=\"white-section\">\n\t<div class=\"anchor\" id=\"general-corporate\"><\/div>\n\t<div class=\"section-inner pdb0\">\n\t\t<div class=\"flex\">\n\t\t\t<div class=\"width41\"><img decoding=\"async\" src=\"\/wp-content\/themes\/monolith2021\/img\/pic\/pic_practices-corporate.jpg\" alt=\"\u00c1ltal\u00e1nos v\u00e1llalati\"><\/div>\n\t\t\t<div class=\"width51\">\n\t\t\t\t<div class=\"inline-inner\">\n\t\t\t\t\t<h3>\u00c1ltal\u00e1nos v\u00e1llalati<\/h3>\n\t\t\t\t\t<p>Az IT \u00e9s a startup v\u00e1llalkoz\u00e1sok gyorsan v\u00e1ltoz\u00f3 k\u00f6rnyezet\u00e9ben pontos jogi t\u00e1mogat\u00e1s ny\u00fajt\u00e1s\u00e1hoz elengedhetetlen a szakter\u00fcleti tud\u00e1s \u00e9s tapasztalat. \u00dcgyv\u00e9di irod\u00e1nkban, a MONOLITH LAW OFFICE-ban sz\u00e1mos szak\u00e9rt\u0151 dolgozik ezen a ter\u00fcleten, \u00e9s jelent\u0151s tapasztalatokkal rendelkez\u00fcnk jogi tan\u00e1csad\u00f3k\u00e9nt (bele\u00e9rtve a k\u00fcl\u00f6nb\u00f6z\u0151 szerz\u0151d\u00e9seket igazgat\u00f3k, vezet\u0151 tiszts\u00e9gvisel\u0151k stb. sz\u00e1m\u00e1ra) 1087 v\u00e1llalat r\u00e9sz\u00e9re, amelyek t\u00f6bbs\u00e9ge IT v\u00e1llalatok, Jap\u00e1nban a legnagyobb c\u00e9gekt\u0151l a kezdeti szakaszban l\u00e9v\u0151 startupokig.<\/p>\n\t\t\t\t<\/div>\n\t\t\t<\/div>\n\t\t<\/div>\n\t<\/div>\n<\/section>\n<section class=\"white-section\">\n\t<div class=\"section-inner\">\n\t\t<ol class=\"practices-list mgb-big\">\n\t\t\t<li>\n\t\t\t\t<h4><img decoding=\"async\" src=\"\/wp-content\/themes\/monolith_en\/img\/practices\/practices_1_1.svg\" alt=\"1.Venture Law \"><\/h4>\n\t\t\t\t<img decoding=\"async\" src=\"\/wp-content\/themes\/monolith2021\/img\/practices\/practices_1_1_pic.png\" alt=\"Venture Law \">\n\t\t\t\t<p>Sz\u00e9lesk\u00f6r\u0171 tapasztalattal rendelkez\u00fcnk az \u00fczleti \u00e9s t\u0151kejogi k\u00e9rd\u00e9sekben, bele\u00e9rtve a finansz\u00edroz\u00e1st, \u00fczleti \u00e1tad\u00e1sokat \u00e9s felv\u00e1s\u00e1rl\u00e1sokat.<\/p>\n\t\t\t<\/li>\n\t\t\t<li>\n\t\t\t\t<h4><img decoding=\"async\" src=\"\/wp-content\/themes\/monolith_en\/img\/practices\/practices_1_2.svg\" alt=\"2.IT \u00e9s Szellemi Tulajdon Joga\"><\/h4>\n\t\t\t\t<img decoding=\"async\" src=\"\/wp-content\/themes\/monolith2021\/img\/practices\/practices_1_2_pic.png\" alt=\"IT \u00e9s Szellemi Tulajdon Joga\">\n\t\t\t\t<p>Toki Kawase, a k\u00e9pviselet\u00fcnket ell\u00e1t\u00f3 \u00fcgyv\u00e9d, kor\u00e1bbi m\u00e9rn\u00f6ki tapasztalataival m\u00e9lyrehat\u00f3an meg\u00e9rti v\u00e1llalat\u00e1nak term\u00e9keit, n\u00e9ha t\u00e9nylegesen \u00e1ttanulm\u00e1nyozva a k\u00f3dot.<\/p>\n\t\t\t<\/li>\n\t\t\t<li>\n\t\t\t\t<h4><img decoding=\"async\" src=\"\/wp-content\/themes\/monolith_en\/img\/practices\/practices_1_3.svg\" alt=\"3.Gyorsas\u00e1g\"><\/h4>\n\t\t\t\t<img decoding=\"async\" src=\"\/wp-content\/themes\/monolith2021\/img\/practices\/practices_1_3_pic.png\" alt=\"Gyorsas\u00e1g\">\n\t\t\t\t<p>Tiszt\u00e1ban vagyunk a gyors v\u00e1laszad\u00e1s fontoss\u00e1g\u00e1val \u00fczleti tev\u00e9kenys\u00e9g\u00e9hez \u00e9s v\u00e1llalat\u00e1hoz. \u00c1ltal\u00e1nos szab\u00e1lyk\u00e9nt egy munkanapon bel\u00fcl v\u00e1laszolunk.<\/p>\n\t\t\t<\/li>\n\t\t\t<li>\n\t\t\t\t<h4><img decoding=\"async\" src=\"\/wp-content\/themes\/monolith_en\/img\/practices\/practices_1_4.svg\" alt=\"4.Kis- \u00e9s K\u00f6z\u00e9pv\u00e1llalkoz\u00e1sok Jogi \u00dcgyei\"><\/h4>\n\t\t\t\t<img decoding=\"async\" src=\"\/wp-content\/themes\/monolith2021\/img\/practices\/practices_1_4_pic.png\" alt=\"Kis- \u00e9s K\u00f6z\u00e9pv\u00e1llalkoz\u00e1sok Jogi \u00dcgyei\">\n\t\t\t\t<p>Alap\u00edt\u00f3 \u00fcgyv\u00e9d\u00fcnk, aki v\u00e1llalatir\u00e1ny\u00edt\u00e1si tapasztalattal is rendelkezik, saj\u00e1t tapasztalataib\u00f3l \u00e9rti a menedzsment neh\u00e9zs\u00e9geit.<\/p>\n\t\t\t<\/li>\n\t\t<\/ol>\n\t\t<div class=\"btn-area\">\n\t\t\t<div class=\"btn icon-general-corporate\"><a href=\"\/hu\/general-corporate\">\u00c1ltal\u00e1nos v\u00e1llalati jog<\/a><\/div>\n\t\t<\/div>\n\t<\/div>\n<\/section>\n<section class=\"purple-section\">\n\t<div class=\"anchor\" id=\"it\"><\/div>\n\t<div class=\"section-inner\">\n\t\t<div class=\"flex mgb-middle\">\n\t\t\t<div class=\"width41\"><img decoding=\"async\" src=\"\/wp-content\/themes\/monolith2021\/img\/pic\/pic_practices-itlaw.jpg\" alt=\"IT\"><\/div>\n\t\t\t<div class=\"width51\">\n\t\t\t\t<div class=\"inline-inner\">\n\t\t\t\t\t<h3>IT<\/h3>\n\t\t\t\t\t<p class=\" mgb-middle\">Az IT v\u00e1llalatok \u00fcgyv\u00e9dei sz\u00e1m\u00e1ra fontos, hogy meg\u00e9rts\u00e9k az IT-val \u00e9s a szellemi tulajdonnal kapcsolatos technol\u00f3gi\u00e1kat \u00e9s m\u0171veleteket, amelyek a v\u00e1llalat napi \u00fczleti tev\u00e9kenys\u00e9g\u00e9ben jelen vannak. A MONOLITH LAW OFFICE jogi tan\u00e1csad\u00f3k\u00e9nt \u00e9s f\u0151jogi tisztvisel\u0151k\u00e9nt m\u0171k\u00f6dik az IT v\u00e1llalatok sz\u00e1m\u00e1ra, \u00e9s kezeli az IT-joghoz kapcsol\u00f3d\u00f3 specializ\u00e1lt \u00e9s \u00f6sszetett jogi \u00fcgyeket, mint p\u00e9ld\u00e1ul a rendszerfejleszt\u00e9st, alkalmaz\u00e1sok \u00e9s szolg\u00e1ltat\u00e1sok felhaszn\u00e1l\u00e1si felt\u00e9teleinek karbantart\u00e1s\u00e1t, m\u00e9diakezel\u00e9st, marketingm\u0171veleteket, blokkl\u00e1ncot, AI-t, szem\u00e9lyes adatok v\u00e9delm\u00e9t \u00e9s a szellemi tulajdonhoz kapcsol\u00f3d\u00f3 jogi \u00fcgyeket Jap\u00e1nban.<\/p>\n\t\t\t\t<\/div>\n\t\t\t<\/div>\n\t\t<\/div>\n\t\t<ul class=\"layout-column4 mgb-big\">\n\t\t\t<li>\n\t\t\t\t<div><img decoding=\"async\" src=\"\/wp-content\/themes\/monolith2021\/img\/practices-itlaw\/practices-itlaw_pic1.jpg\"><\/div>\n\t\t\t\t<h4>Rendszerfejleszt\u00e9s<\/h4>\n\t\t\t\t<p>Szerz\u0151d\u00e9sek tervez\u00e9s\u00e9t\u0151l, fel\u00fclvizsg\u00e1lat\u00e1t\u00f3l \u00e9s t\u00e1rgyal\u00e1s\u00e1t\u00f3l kezdve a probl\u00e9m\u00e1k felmer\u00fcl\u00e9sekor t\u00f6rt\u00e9n\u0151 vit\u00e1k megold\u00e1s\u00e1ig<\/p>\n\t\t\t<\/li>\n\t\t\t<li>\n\t\t\t\t<div><img decoding=\"async\" src=\"\/wp-content\/themes\/monolith2021\/img\/practices-itlaw\/practices-itlaw_pic2.jpg\"><\/div>\n\t\t\t\t<h4>Felhaszn\u00e1l\u00e1si Felt\u00e9telek<\/h4>\n\t\t\t\t<p>A k\u00f6zz\u00e9t\u00e9telhez vagy m\u0171k\u00f6dtet\u00e9shez sz\u00fcks\u00e9ges felhaszn\u00e1l\u00e1si felt\u00e9telek \u00e9s adatv\u00e9delmi ir\u00e1nyelvek l\u00e9trehoz\u00e1sa \u00e9s m\u00f3dos\u00edt\u00e1sa.<\/p>\n\t\t\t<\/li>\n\t\t\t<li>\n\t\t\t\t<div><img decoding=\"async\" src=\"\/wp-content\/uploads\/2023\/05\/oss.jpg\"><\/div>\n\t\t\t\t<h4>OSS<\/h4>\n\t\t\t\t<p>K\u00fcl\u00f6nf\u00e9le t\u00edpus\u00fa t\u00e1mogat\u00e1s a szoftverek meg\u00e9rt\u00e9s\u00e9n alapulva, bele\u00e9rtve a licencel\u00e9si tervez\u00e9st \u00e9s a licencszerz\u0151d\u00e9seket<\/p>\n\t\t\t<\/li>\n\t\t\t<li>\n\t\t\t\t<div><img decoding=\"async\" src=\"\/wp-content\/uploads\/2022\/07\/shutterstock_1151380622_2.png\"><\/div>\n\t\t\t\t<h4>Kripto Eszk\u00f6z\u00f6k<\/h4>\n\t\t\t\t<p>Jogi t\u00e1mogat\u00e1s a blokkl\u00e1nccal kapcsolatos \u00fczleti tev\u00e9kenys\u00e9gek sz\u00e1m\u00e1ra, bele\u00e9rtve a finansz\u00edroz\u00e1st, a tartalmi v\u00e1llalkoz\u00e1sokat \u00e9s az NFT-ket<\/p>\n\t\t\t<\/li>\n\t\t<\/ul>\n\t\t<div class=\"btn-area\">\n\t\t\t<div class=\"btn icon-it\"><a href=\"\/hu\/it\">IT<\/a><\/div>\n\t\t<\/div>\n\t<\/div>\n<\/section>\n<section class=\"white-section\">\n\t<div class=\"anchor\" id=\"cross-border\"><\/div>\n\t<div class=\"section-inner\">\n\t\t<div class=\"flex reverse\">\n\t\t\t<div class=\"width41\"><img decoding=\"async\" src=\"\/en\/wp-content\/uploads\/sites\/6\/2023\/06\/global.jpg\" alt=\"Cross Border\"><\/div>\n\t\t\t<div class=\"width51\">\n\t\t\t\t<div class=\"inline-inner\">\n\t\t\t\t\t<h3>Hat\u00e1rokon \u00e1tny\u00fal\u00f3<\/h3>\n\t\t\t\t\t<p class=\"mgb-small\">A MONOLITH LAW OFFICE sz\u00e9lesk\u00f6r\u0171 jogi szolg\u00e1ltat\u00e1sokat ny\u00fajt azon k\u00fclf\u00f6ldi v\u00e1llalatok sz\u00e1m\u00e1ra, amelyek a jap\u00e1n piacra l\u00e9pni k\u00edv\u00e1nnak. IT \u00e9s startupok ter\u00e9n szerzett szak\u00e9rtelm\u00fcnkkel tapasztalt \u00fcgyv\u00e9deink t\u00e1mogat\u00e1st ny\u00fajtanak licencmeg\u00e1llapod\u00e1sokban, szellemi tulajdonjogokban, adatv\u00e9delmi megfelel\u0151s\u00e9gben, szerz\u0151d\u00e9ses t\u00e1rgyal\u00e1sokban \u00e9s jogi kock\u00e1zatkezel\u00e9sben.<\/p>\n\t\t\t\t\t<p class=\"mgb-small\">Emellett specializ\u00e1l\u00f3dunk a startupok t\u00e1mogat\u00e1s\u00e1ra a finansz\u00edroz\u00e1sban, befektet\u00e9si meg\u00e1llapod\u00e1sokban \u00e9s a t\u0151zsd\u00e9re l\u00e9p\u00e9sben (IPO), el\u0151seg\u00edtve n\u00f6veked\u00e9s\u00fcket \u00e9s siker\u00fcket strat\u00e9giai jogi t\u00e1mogat\u00e1ssal. Csapatunk meg\u00e9rti minden \u00fczlet egyedi jellemz\u0151it \u00e9s c\u00e9ljait, szem\u00e9lyre szabott tan\u00e1csokat \u00e9s megold\u00e1sokat k\u00edn\u00e1lva, amelyek nemzetk\u00f6zi perspekt\u00edv\u00e1t \u00f6tv\u00f6znek a helyi ismeretekkel.<\/p>\n\t\t\t\t\t<p class=\"mgb-small\">A jogi probl\u00e9m\u00e1k megold\u00e1sa l\u00e9tfontoss\u00e1g\u00fa a sikeres jap\u00e1norsz\u00e1gi terjeszked\u00e9shez. Vegye fel vel\u00fcnk a kapcsolatot, hogy megvitassuk, hogyan seg\u00edthetj\u00fck v\u00e1llalkoz\u00e1s\u00e1t a jap\u00e1n piacon val\u00f3 vir\u00e1gz\u00e1sban.<\/p>\n\t\t\t\t<\/div>\n\t\t\t<\/div>\n\t\t<\/div>\n\t\t<div class=\"max-width980 mgb-small\"><img decoding=\"async\" src=\"\/wp-content\/uploads\/2023\/05\/global_map.png\" alt=\"T\u00e1mogatott Orsz\u00e1gok\"><\/div>\n\t\t<div class=\"frame2 max-width860 mgb-big txt-center-pc\">\n\t\t\t<p>Glob\u00e1lis Jogi Szolg\u00e1ltat\u00e1sok: Szak\u00e9rtelem \u00e9s Hat\u00f3k\u00f6r Hat\u00e1rokon T\u00fal. \u00c1tfog\u00f3 seg\u00edts\u00e9g vil\u00e1gszerte megb\u00edzhat\u00f3 partner\u00fcgyv\u00e9di irod\u00e1kon kereszt\u00fcl. Vegye fel vel\u00fcnk a kapcsolatot hat\u00e1rokon \u00e1tny\u00fal\u00f3 jogi ig\u00e9nyek eset\u00e9n.<\/p>\n\t\t<\/div>\n\t\t<div class=\"btn-area\">\n\t\t\t<div class=\"btn icon-cross-border\"><a href=\"\/hu\/cross-border\">Hat\u00e1rokon \u00e1tny\u00fal\u00f3<\/a><\/div>\n\t\t<\/div>\n\t<\/div>\n<\/section>\n\n<section class=\"orange-section\">\n\t<div class=\"anchor\" id=\"internet\"><\/div>\n\t<div class=\"section-inner\">\n\t\t<div class=\"flex mgb-middle\">\n\t\t\t<div class=\"width41\"><img decoding=\"async\" src=\"\/en\/wp-content\/uploads\/sites\/6\/2023\/06\/internet.jpg\" alt=\"Internet\"><\/div>\n\t\t\t<div class=\"width51\">\n\t\t\t\t<h3>Internet<\/h3>\n\t\t\t\t<p class=\"mgb-small\">A MONOLITH LAW OFFICE sz\u00e9lesk\u00f6r\u0171 tapasztalattal rendelkezik az IT-joggal kapcsolatos \u00fcgyekben, \u00e9s k\u00fcl\u00f6n\u00f6sen j\u00e1rtas az internet-alap\u00fa v\u00e1llalkoz\u00e1sok, t\u00f6bbek k\u00f6z\u00f6tt a YouTuberek \u00e9s a YouTube-hoz kapcsol\u00f3d\u00f3 tev\u00e9kenys\u00e9geket folytat\u00f3 c\u00e9gek t\u00e1mogat\u00e1s\u00e1ban.<\/p>\n\t\t\t\t<p class=\"mgb-middle\">Tiszt\u00e1ban vagyunk az internettel j\u00e1r\u00f3 velej\u00e1r\u00f3 kock\u00e1zatokkal, mint p\u00e9ld\u00e1ul a negat\u00edv weboldalak \u00e9s az online f\u00f3rumokon t\u00f6rt\u00e9n\u0151 bejegyz\u00e9sek. Irod\u00e1nk sz\u00e1mos esetben kezelte sikeresen az online h\u00edrn\u00e9v menedzsel\u00e9s\u00e9t k\u00fcl\u00f6nb\u00f6z\u0151 \u00fcgyfelek sz\u00e1m\u00e1ra, egy\u00e9nekt\u0151l a nagyv\u00e1llalatokig. A negat\u00edv weboldalak egyed\u00fcl\u00e1ll\u00f3 jogi kih\u00edv\u00e1st jelentenek Jap\u00e1nban, \u00e9s k\u00e9pzett \u00fcgyv\u00e9deink hat\u00e9kony megold\u00e1sokat tudnak ny\u00fajtani. \u00d6r\u00f6mmel konzult\u00e1lunk \u00d6nnel, kihaszn\u00e1lva szak\u00e9rtelm\u00fcnket \u00e9s tapasztalatunkat a negat\u00edv weboldalakkal kapcsolatos probl\u00e9m\u00e1k megold\u00e1s\u00e1ban.<\/p>\n\t\t\t<\/div>\n\t\t<\/div>\n\t\t<ul class=\"layout-column4 mgb-big\">\n\t\t\t<li>\n\t\t\t\t<div><img decoding=\"async\" src=\"\/wp-content\/themes\/monolith2021\/img\/pic\/pic_practices-youtuberlaw.jpg\" alt=\"YouTuber\"><\/div>\n\t\t\t\t<h4>YouTuber<\/h4>\n\t\t\t\t<p>Szak\u00e9rt\u0151k vagyunk az influencer menedzsment ter\u00fclet\u00e9n. Ismerj\u00fck a jap\u00e1n t\u00f6rv\u00e9nyeket \u00e9s az internet folyamatosan v\u00e1ltoz\u00f3 t\u00e1j\u00e1t. A legfels\u0151 szint\u0171 YouTuber \u00fcgyn\u00f6ks\u00e9gek, VTuber c\u00e9gek \u00e9s tartalomk\u00e9sz\u00edt\u0151k b\u00edznak meg minket. Jap\u00e1nban specializ\u00e1lt jogi t\u00e1mogat\u00e1st ny\u00fajtunk szerz\u0151d\u00e9sekkel \u00e9s vide\u00f3kkal kapcsolatos k\u00e9rd\u00e9sekben.<\/p>\n\t\t\t<\/li>\n\t\t\t<li>\n\t\t\t\t<div><img decoding=\"async\" src=\"\/wp-content\/themes\/monolith2021\/img\/pic\/pic_sns_manda.jpg\" alt=\"M&amp;A of SNS\"><\/div>\n\t\t\t\t<h4>SNS M&amp;A<\/h4>\n\t\t\t\t<p>Szak\u00e9rt\u0151k vagyunk a k\u00f6z\u00f6ss\u00e9gi m\u00e9dia M&amp;A ter\u00fclet\u00e9n. \u00dcgyv\u00e9di irod\u00e1nk tiszt\u00e1ban van a YouTube \u00e9s Twitter fi\u00f3k tranzakci\u00f3inak egyedi jelleg\u00e9vel. Er\u0151s IT \u00e9s internetes tud\u00e1ssal rendelkez\u00fcnk, \u00edgy \u00e1tfog\u00f3 t\u00e1mogat\u00e1st ny\u00fajtunk szerz\u0151d\u00e9sekkel, due diligence-szel \u00e9s jogi szempontokkal kapcsolatban. B\u00edzza r\u00e1nk digit\u00e1lis eszk\u00f6zei v\u00e9delm\u00e9t \u00e9s \u00e9rt\u00e9k\u00e9nek maximaliz\u00e1l\u00e1s\u00e1t.<\/p>\n\t\t\t<\/li>\n\t\t\t<li>\n\t\t\t\t<div><img decoding=\"async\" src=\"\/wp-content\/themes\/monolith2021\/img\/pic\/pic_practices-reputation.jpg\" alt=\"Negative Web Pages\"><\/div>\n\t\t\t\t<h4>Negat\u00edv Weboldalak<\/h4>\n\t\t\t\t<p>V\u00e9dekez\u00e9s az online t\u00e1mad\u00e1sok ellen. Az internetjog ter\u00fclet\u00e9n specializ\u00e1l\u00f3dva elt\u00e1vol\u00edtjuk azokat a k\u00e1ros weboldalakat, amelyek rong\u00e1lj\u00e1k a h\u00edrnevet. V\u00e1llalatok \u00e9s egy\u00e9nek \u00e1ltal megb\u00edzottk\u00e9nt strat\u00e9giai jogi beavatkoz\u00e1sokat \u00e9s \u00e1tfog\u00f3 megold\u00e1sokat ny\u00fajtunk az online jelenl\u00e9t \u00e9s h\u00edrn\u00e9v v\u00e9delm\u00e9ben.<\/p>\n\t\t\t<\/li>\n\t\t\t<li>\n\t\t\t\t<div><img decoding=\"async\" src=\"\/wp-content\/themes\/monolith2021\/img\/pic\/pic_reputation.jpg\" alt=\"Identification of Posters\"><\/div>\n\t\t\t\t<h4>Bejegyz\u00e9sek szerz\u0151inek azonos\u00edt\u00e1sa<\/h4>\n\t\t\t\t<p>Az illeg\u00e1lis bejegyz\u00e9sek\u00e9rt felel\u0151s szem\u00e9lyek azonos\u00edt\u00e1sa. A MONOLITH LAW OFFICE az internetjog ter\u00fclet\u00e9n specializ\u00e1l\u00f3dott \u00e9s sz\u00e9lesk\u00f6r\u0171 tapasztalattal rendelkezik a negat\u00edv online tartalmakkal kapcsolatos \u00fcgyek kezel\u00e9s\u00e9ben. Jogi folyamatokat ir\u00e1ny\u00edtunk a jogos ig\u00e9nyek \u00e9rv\u00e9nyes\u00edt\u00e9se \u00e9s \u00fcgyfeleink \u00e9rdekeinek v\u00e9delme \u00e9rdek\u00e9ben.<\/p>\n\t\t\t<\/li>\n\t\t<\/ul>\n\t\t<div class=\"btn-area\">\n\t\t\t<div class=\"btn icon-internet\"><a href=\"\/hu\/internet\">Internet<\/a><\/div>\n\t\t<\/div>\n\t<\/div>\n<\/section>\n","protected":false},"excerpt":{"rendered":"<p>Szolg\u00e1ltat\u00e1sok \u00dcgyvezet\u0151 \u00fcgyv\u00e9d\u00fcnk IT m\u00e9rn\u00f6ki h\u00e1tter\u00e9vel \u00e9s IT v\u00e1llalatok ir\u00e1ny\u00edt\u00e1s\u00e1ban szerzett tapasztalat\u00e1val a MONOLITH LAW OFFICE Jap\u00e1n vezet\u0151 jogi irod\u00e1ja az IT, \u00fczleti \u00e9s internetes szakter\u00fclet [&hellip;]<\/p>\n","protected":false},"author":1,"featured_media":57138,"parent":0,"menu_order":4,"comment_status":"closed","ping_status":"closed","template":"practices-page-temp.php","meta":{"footnotes":""},"acf":[],"_links":{"self":[{"href":"https:\/\/monolith.law\/hu\/wp-json\/wp\/v2\/pages\/4213"}],"collection":[{"href":"https:\/\/monolith.law\/hu\/wp-json\/wp\/v2\/pages"}],"about":[{"href":"https:\/\/monolith.law\/hu\/wp-json\/wp\/v2\/types\/page"}],"author":[{"embeddable":true,"href":"https:\/\/monolith.law\/hu\/wp-json\/wp\/v2\/users\/1"}],"replies":[{"embeddable":true,"href":"https:\/\/monolith.law\/hu\/wp-json\/wp\/v2\/comments?post=4213"}],"version-history":[{"count":115,"href":"https:\/\/monolith.law\/hu\/wp-json\/wp\/v2\/pages\/4213\/revisions"}],"predecessor-version":[{"id":64078,"href":"https:\/\/monolith.law\/hu\/wp-json\/wp\/v2\/pages\/4213\/revisions\/64078"}],"wp:featuredmedia":[{"embeddable":true,"href":"https:\/\/monolith.law\/hu\/wp-json\/wp\/v2\/media\/57138"}],"wp:attachment":[{"href":"https:\/\/monolith.law\/hu\/wp-json\/wp\/v2\/media?parent=4213"}],"curies":[{"name":"wp","href":"https:\/\/api.w.org\/{rel}","templated":true}]}}