{"id":4232,"date":"2023-11-11T23:40:45","date_gmt":"2023-11-11T14:40:45","guid":{"rendered":"https:\/\/monolith.law\/?page_id=4232"},"modified":"2024-04-25T17:15:20","modified_gmt":"2024-04-25T08:15:20","slug":"greetings-from-the-managing-attorney","status":"publish","type":"page","link":"https:\/\/monolith.law\/hu\/greetings-from-the-managing-attorney","title":{"rendered":"\u00dcdv\u00f6zlet a vezet\u0151 \u00fcgyv\u00e9dt\u0151l"},"content":{"rendered":"\n<section class=\"heading-area\">\n\t<div class=\"heading-area-inner\">\n\t\t<h2 class=\"icon-greetings-from-the-managing-attorney\">\u00dcdv\u00f6zlet a vezet\u0151 \u00fcgyv\u00e9dt\u0151l<\/h2>\n\t<\/div>\n<\/section>\n\n<section class=\"white-section\">\n\t<div class=\"section-inner section-inner-bottomhalf pdt0 border-bottom-section\">\n\t\t<div class=\"tagline\">\n\t\t\t<div class=\"textArea\">\n\t\t\t\t<p>Az inform\u00e1ci\u00f3s technol\u00f3gia (IT) erej\u00e9nek kihaszn\u00e1l\u00e1sa forradalmas\u00edtotta az emberis\u00e9g t\u00f6rt\u00e9nelm\u00e9t,<br class=\"pcOnly\"> hasonl\u00f3an a dinamit hat\u00e1s\u00e1hoz.<br>Az internet k\u00fcl\u00f6n\u00f6sen gyorsan \u00e1talak\u00edtotta az evol\u00faci\u00f3 menet\u00e9t,<br class=\"pcOnly\"> p\u00e9ld\u00e1tlan sebess\u00e9ggel rep\u00edtve el\u0151re az emberis\u00e9get.<br>Azonban hatalmas erej\u00e9vel nagy kock\u00e1zatok is j\u00e1rnak.<\/p>\n\t\t\t\t<p>A MONOLITH LAW OFFICE-n\u00e1l hat\u00e1rozottan hissz\u00fck, hogy felel\u0151ss\u00e9g\u00fcnk biztos\u00edtani,<br class=\"pcOnly\"> hogy korunk Er\u0151i ne \u00fczleti fenyeget\u00e9sk\u00e9nt, hanem forradalmi evol\u00faci\u00f3juk kataliz\u00e1torak\u00e9nt szolg\u00e1ljanak.<br>T\u00f6rekv\u00e9s\u00fcnk, hogy innovat\u00edv \u00e9s el\u0151remutat\u00f3 csapat legy\u00fcnk, jogi \u00fatmutat\u00e1st<br class=\"pcOnly\"> \u00e9s t\u00e1mogat\u00e1st ny\u00fajtva, amely lehet\u0151v\u00e9 teszi a v\u00e1llalatok sz\u00e1m\u00e1ra az inform\u00e1ci\u00f3s technol\u00f3gia teljes potenci\u00e1lj\u00e1nak kiakn\u00e1z\u00e1s\u00e1t.<\/p>\n\t\t\t\t<p>K\u00fcldet\u00e9s\u00fcnk, hogy navig\u00e1ljunk a bonyolult jogi t\u00e1jon, felhatalmazva a v\u00e1llalkoz\u00e1sokat<br class=\"pcOnly\"> az IT teljes m\u00e9rt\u00e9k\u0171 kihaszn\u00e1l\u00e1s\u00e1ra. A digit\u00e1lis kor \u00e1ltal k\u00edn\u00e1lt lehet\u0151s\u00e9gek megragad\u00e1s\u00e1val c\u00e9lunk, hogy el\u0151seg\u00edts\u00fck \u00fcgyfeleink \u00fczleti tev\u00e9kenys\u00e9g\u00e9nek \u00e1talakul\u00f3 n\u00f6veked\u00e9s\u00e9t.<\/p>\n\t\t\t\t<p class=\"txt-l\">Az IT evol\u00faci\u00f3ja<\/p>\n\t\t\t\t<p>MONOLITH LAW OFFICE<\/p>\n\t\t\t<\/div>\n\t\t\t<div class=\"logo\"><img decoding=\"async\" src=\"\/wp-content\/themes\/monolith2021\/img\/logo.svg\" alt=\"MONOLITH LAW OFFICE\"><\/div>\n\t\t<\/div>\n\t<\/div>\n<\/section>\n\n<section class=\"second-nav\">\n\t<div class=\"second-nav-inner\">\n\t\t<p>T\u00c9M\u00c1K<\/p>\n\t\t<nav>\n\t\t\t<ul>\n\t\t\t\t<li><a href=\"#law-firm-led-by-former-it-engineer-turned-lawyer-with-corporate-management-experience\">Egykori IT-m\u00e9rn\u00f6k \u00e1ltal vezetett \u00fcgyv\u00e9di iroda, aki v\u00e1llalatir\u00e1ny\u00edt\u00e1si tapasztalattal rendelkezik<\/a><\/li>\n\t\t\t\t<li><a href=\"#a-law-firm-emphasizing-it-internet-and-business-expertise\">Egy jogi iroda, amely az IT-ra, az internetre \u00e9s az \u00fczleti szak\u00e9rtelemre helyezi a hangs\u00falyt<\/a><\/li>\n\t\t\t\t<li><a href=\"#corporate-law-and-it-legal-expertise\">V\u00e1llalati jog \u00e9s IT-jogi szaktud\u00e1s<\/a><\/li>\n\t\t\t\t<li><a href=\"#a-team-of-lawyers-and-it-consultants\">\u00dcgyv\u00e9dek \u00e9s IT-tan\u00e1csad\u00f3k csapata<\/a><\/li>\n\t\t\t<\/ul>\n\t\t<\/nav>\n\t<\/div>\n<\/section>\n\n<section class=\"white-section\">\n\t<div class=\"anchor\" id=\"law-firm-led-by-former-it-engineer-turned-lawyer-with-corporate-management-experience\"><\/div>\n\t<div class=\"section-inner\">\n\t\t<div class=\"flex\">\n\t\t\t<div class=\"width41\"><img decoding=\"async\" src=\"\/wp-content\/uploads\/2023\/06\/message_1.jpg\" alt=\"\u00dcgyv\u00e9di iroda, melyet kor\u00e1bbi IT-m\u00e9rn\u00f6k vezet, aki \u00fcgyv\u00e9dd\u00e9 \u00e9s v\u00e1llalatvezet\u0151v\u00e9 v\u00e1lt\"><\/div>\n\t\t\t<div class=\"width51\">\n\t\t\t\t<h3>Egykori IT-m\u00e9rn\u00f6k \u00e1ltal vezetett \u00fcgyv\u00e9di iroda, aki v\u00e1llalatir\u00e1ny\u00edt\u00e1si tapasztalattal rendelkezik<\/h3>\n\t\t\t\t<p class=\"font-h3 txt-right mgb-middle\">\u00dcgyvezet\u0151 \u00fcgyv\u00e9d: Toki Kawase<\/p>\n\t\t\t\t<p class=\"mgb-small\">M\u00e1r fiatal korom \u00f3ta szenved\u00e9lyesen \u00e9rdekeltek a sz\u00e1m\u00edt\u00f3g\u00e9pek \u00e9s a technol\u00f3gia, ami miatt &#8220;sz\u00e1m\u00edt\u00f3g\u00e9p-m\u00e1ni\u00e1snak&#8221; neveztek. Tin\u00e9dzser \u00e9veim alatt \u00e9s a korai feln\u0151ttkoromban teljes m\u00e9rt\u00e9kben az IT vil\u00e1g\u00e1ba mer\u00fcltem, saj\u00e1t v\u00e1llalkoz\u00e1st vezettem \u00e9s \u00e9rt\u00e9kes tapasztalatokat szereztem.<\/p>\n\t\t\t\t<p class=\"mgb-small\">Az utam az \u00e1ltal\u00e1nos iskol\u00e1ban kezd\u0151d\u00f6tt, amikor elkezdtem programozni az els\u0151 PC-men, egy &#8220;MSX 2+&#8221;-on. A k\u00f6z\u00e9piskol\u00e1ban csatlakoztam az iskola sz\u00e1m\u00edt\u00f3g\u00e9pes csapat\u00e1hoz, ami tov\u00e1bb f\u0171t\u00f6tte a programoz\u00e1s ir\u00e1nti szenved\u00e9lyemet. Egyetemi \u00e9veim alatt ad\u00f3dott egy lehet\u0151s\u00e9g, hogy egy c\u00e9gnek weboldalt k\u00e9sz\u00edtsek, ami karrierem egy fordul\u00f3pontja lett. Ennek rugalmass\u00e1ga \u00e9s anyagi el\u0151nyei arra \u00f6szt\u00f6n\u00f6ztek, hogy k\u00fcl\u00f6nf\u00e9le IT-vel kapcsolatos v\u00e1llalkoz\u00e1sokat fedezzek fel, mint p\u00e9ld\u00e1ul webfejleszt\u00e9s, webszolg\u00e1ltat\u00e1sok l\u00e9trehoz\u00e1sa \u00e9s SEO optimaliz\u00e1l\u00e1s.<\/p>\n\t\t\t\t<p class=\"mgb-small\">Ebben az id\u0151szakban az IT ter\u00fclet\u00e9n tev\u00e9kenyked\u0151 fiatal szakemberek \u00e1ltal vezetett startupok lend\u00fcletet vettek, \u00e9s \u00e9n teljes m\u00e9rt\u00e9kben elmer\u00fcltem az v\u00e1llalkoz\u00f3i vil\u00e1g dinamikus \u00e9s gyorsan v\u00e1ltoz\u00f3 k\u00f6rnyezet\u00e9ben. Sz\u00fcntelen\u00fcl dolgozva r\u00e9szt vettem belf\u00f6ldi \u00e9s hat\u00e1rokon \u00e1tny\u00fal\u00f3 projektekben, egy\u00fcttm\u0171k\u00f6dtem nemzetk\u00f6zi partnerekkel \u00e9s folyamatosan alkalmazkodtam a v\u00e1ltoz\u00f3 k\u00f6r\u00fclm\u00e9nyekhez.<\/p>\n\t\t\t\t<p class=\"mgb-small\">Azonban a h\u00faszas \u00e9veim v\u00e9g\u00e9n \u00e9letre sz\u00f3l\u00f3 d\u00f6nt\u00e9st hoztam. \u00c1tadtam az IT-\u00fczlet\u00e1g vezet\u00e9s\u00e9t m\u00e1soknak \u00e9s \u00faj \u00fatra l\u00e9ptem. Jogtudom\u00e1nyi egyetemre iratkoztam be azzal a c\u00e9llal, hogy technikai szaktud\u00e1somat jogi ismeretekkel \u00f6tv\u00f6zzem. Ma, mint \u00fcgyv\u00e9d \u00e9s kor\u00e1bbi IT-m\u00e9rn\u00f6k, aki v\u00e1llalatir\u00e1ny\u00edt\u00e1si tapasztalattal is rendelkezik, egy olyan \u00fcgyv\u00e9di irod\u00e1t vezetek, amely \u00e9rti az IT-ipar\u00e1g bonyolults\u00e1gait \u00e9s \u00e1tfog\u00f3 jogi szolg\u00e1ltat\u00e1sokat k\u00edn\u00e1l.<\/p>\n\t\t\t\t<p>C\u00e9g\u00fcnkn\u00e9l egyed\u00fcl\u00e1ll\u00f3 IT ismereteket \u00e9s jogi szaktud\u00e1st \u00f6tv\u00f6z\u00fcnk, hogy hat\u00e9kony \u00fatmutat\u00e1st \u00e9s t\u00e1mogat\u00e1st ny\u00fajtsunk \u00fcgyfeleinknek. Tiszt\u00e1ban vagyunk a digit\u00e1lis kor kih\u00edv\u00e1saival \u00e9s lehet\u0151s\u00e9geivel, \u00e9s elk\u00f6telezettek vagyunk amellett, hogy seg\u00edts\u00fcnk a v\u00e1llalkoz\u00e1soknak a jogi t\u00e1j\u00e9koz\u00f3d\u00e1sban \u00e9s c\u00e9ljaik el\u00e9r\u00e9s\u00e9ben.<\/p>\n\t\t\t<\/div>\n\t\t<\/div>\n\t<\/div>\n<\/section>\n\n<section class=\"purple-section\">\n\t<div class=\"anchor\" id=\"a-law-firm-emphasizing-it-internet-and-business-expertise\"><\/div>\n\t<div class=\"section-inner\">\n\t\t<div class=\"flex reverse\">\n\t\t\t<div class=\"width41\"><img decoding=\"async\" src=\"\/wp-content\/uploads\/2023\/06\/message_2.jpg\" alt=\"Egy IT, internet \u00e9s \u00fczleti szak\u00e9rtelemre \u00f6sszpontos\u00edt\u00f3 \u00fcgyv\u00e9di iroda\"><\/div>\n\t\t\t<div class=\"width51\">\n\t\t\t\t<h3>Egy jogi iroda, amely az IT-ra, az internetre \u00e9s az \u00fczleti szak\u00e9rtelemre helyezi a hangs\u00falyt<\/h3>\n\t\t\t\t<p class=\"mgb-small\">Az emberek gyakran \u00fagy \u00e9rz\u00e9kelik, hogy az IT-\u00fczlet\u00e1g tulajdonos\u00e1b\u00f3l \u00fcgyv\u00e9dd\u00e9 v\u00e1l\u00e1som teljes, 180 fokos fordulatot jelentett. Azonban \u00fagy v\u00e9lem, hogy a v\u00e1ltoz\u00e1s nem volt olyan drasztikus, mint amilyennek els\u0151re t\u0171nhetett.<\/p>\n\t\t\t\t<p class=\"mgb-small\">A m\u00faltamon visszatekintve r\u00e1j\u00f6v\u00f6k, hogy m\u00e9g mint term\u00e9szettudom\u00e1nyos be\u00e1ll\u00edtotts\u00e1g\u00fa IT-m\u00e9rn\u00f6k is, term\u00e9szetes hajlamom volt a b\u00f6lcs\u00e9szeti gondolkod\u00e1sra. A v\u00e1llalkoz\u00e1s vil\u00e1ga vonzott, ami arra \u00f6szt\u00f6nz\u00f6tt, hogy v\u00e1llalkoz\u00f3k\u00e9nt kezdjek el dolgozni, nem pedig hogy hagyom\u00e1nyos IT-m\u00e9rn\u00f6ki p\u00e1ly\u00e1t folytassak.<\/p>\n\t\t\t\t<p class=\"mgb-small\">Ma, mint \u00fcgyv\u00e9d, olyan szem\u00e9ly vagyok, aki tudom\u00e1nyos gondolkod\u00e1ssal kiemelkedik egy hagyom\u00e1nyosan b\u00f6lcs\u00e9szeti ter\u00fcleten. Ez a h\u00e1tt\u00e9r teszi lehet\u0151v\u00e9 sz\u00e1momra, hogy a MONOLITH LAW OFFICE \u00fcgyvezet\u0151 \u00fcgyv\u00e9djek\u00e9nt dolgozzam, ahol nagy hangs\u00falyt fektet\u00fcnk az IT, az internet \u00e9s az \u00fczleti \u00fcgyekre.<\/p>\n\t\t\t\t<p class=\"mgb-big\">B\u00e1r a karrierem elt\u00e9rhet egy tipikus IT-m\u00e9rn\u00f6k\u00e9t\u0151l, az IT-m\u00e9rn\u00f6kb\u0151l \u00fcgyv\u00e9dd\u00e9 v\u00e1l\u00e1somat ink\u00e1bb fokozatos \u00e1tmenetk\u00e9nt l\u00e1tom, tal\u00e1n n\u00e9h\u00e1ny tucat fokos v\u00e1ltoz\u00e1sk\u00e9nt, semmint teljes fordulatk\u00e9nt. Val\u00f3j\u00e1ban term\u00e9szetes fejl\u0151d\u00e9sk\u00e9nt \u00e9rz\u00e9kelem, amely lehet\u0151v\u00e9 teszi sz\u00e1momra, hogy egyedi k\u00e9pess\u00e9geimet \u00e9s tud\u00e1somat felhaszn\u00e1lva jobban szolg\u00e1ljam \u00fcgyfeleinket az IT, az internet \u00e9s az \u00fczleti szektorokban.<\/p>\n\t\t\t\t<div class=\"btn-area align-left\">\n\t\t\t\t\t<div class=\"btn icon-services\"><a href=\"\/hu\/services\">Szolg\u00e1ltat\u00e1sok<\/a><\/div>\n\t\t\t\t<\/div>\n\t\t\t<\/div>\n\t\t<\/div>\n\t<\/div>\n<\/section>\n\n<section class=\"white-section\">\n\t<div class=\"anchor\" id=\"corporate-law-and-it-legal-expertise\"><\/div>\n\t<div class=\"section-inner\">\n\t\t<div class=\"flex\">\n\t\t\t<div class=\"width41\"><img decoding=\"async\" src=\"\/wp-content\/uploads\/2023\/06\/message_3.jpg\" alt=\"Corporate Law and IT Legal Expertise\"><\/div>\n\t\t\t<div class=\"width51\">\n\t\t\t\t<h3>V\u00e1llalati jog \u00e9s IT-jogi szaktud\u00e1s<\/h3>\n\t\t\t\t<p class=\"mgb-small\">A MONOLITH LAW OFFICE-n\u00e1l kett\u0151s szerepet t\u00f6lt\u00f6k be. El\u0151sz\u00f6r is, v\u00e1llalati jogi t\u00e1mogat\u00e1st ny\u00fajtok IT-c\u00e9geknek \u00e9s startupoknak tan\u00e1csad\u00f3k\u00e9nt. Az IT-ipar\u00e1g saj\u00e1toss\u00e1gainak \u00e9s a startupok \u00e1ltal szembes\u00fcl\u0151 egyedi kih\u00edv\u00e1soknak a meg\u00e9rt\u00e9se elengedhetetlen ahhoz, hogy hat\u00e9kony, az ig\u00e9nyeikre szabott jogi szolg\u00e1ltat\u00e1sokat ny\u00fajthassak. K\u00f6zvetlen tapasztalataimmal \u00e9s szak\u00e9rtelmemmel az IT \u00e9s a startup k\u00f6rnyezetben kiv\u00e1l\u00f3an felk\u00e9sz\u00fclt vagyok arra, hogy kiv\u00e9teles jogi seg\u00edts\u00e9get ny\u00fajtsak ezeknek az \u00fcgyfeleknek.<\/p>\n\t\t\t\t<p class=\"mgb-small\">M\u00e1sodszor, egy IT \u00e9s jogi szakemberekb\u0151l \u00e1ll\u00f3 csapat tagjak\u00e9nt dolgozom, tan\u00e1csad\u00f3i szolg\u00e1ltat\u00e1sokat ny\u00fajtva k\u00fcl\u00f6nb\u00f6z\u0151 ipar\u00e1gakban m\u0171k\u00f6d\u0151 v\u00e1llalatoknak, amelyeknek ir\u00e1nymutat\u00e1sra van sz\u00fcks\u00e9g\u00fck az IT-joggal kapcsolatos k\u00e9rd\u00e9sekben. Csapatunk \u00f6sszeveti IT \u00e9s jogi ismereteinket, hogy \u00f6ssze\u00e1ll\u00edtsunk \u00e9s sz\u00e1ll\u00edtsunk optim\u00e1lis megold\u00e1sokat, amelyek minden egyes \u00fcgyf\u00e9l specifikus k\u00f6vetelm\u00e9nyeinek megfelelnek.<\/p>\n\t\t\t\t<p class=\"mgb-small\">M\u00edg a hagyom\u00e1nyos jogi szolg\u00e1ltat\u00e1sok gyakran arra \u00f6sszpontos\u00edtanak, hogy konkr\u00e9t term\u00e9keket ny\u00fajtsanak, mint p\u00e9ld\u00e1ul keresetind\u00edt\u00e1st k\u00e9r\u00e9sre, \u00e9n felismerem annak fontoss\u00e1g\u00e1t, hogy a ny\u00fajtott megold\u00e1sok val\u00f3ban megfeleljenek az \u00fcgyf\u00e9l ig\u00e9nyeinek. Vajon kiz\u00e1r\u00f3lag az \u00fcgyf\u00e9lre hagyatkozhatunk-e egy olyan megold\u00e1s kialak\u00edt\u00e1s\u00e1ban, amely hat\u00e9konyan kezeli az egyedi kih\u00edv\u00e1saikat? Ezeket a kritikus szempontokat mindig szem el\u0151tt tartom.<\/p>\n\t\t\t\t<p class=\"mgb-small\">P\u00e9ldak\u00e9nt vegy\u00fck figyelembe a jap\u00e1n t\u0151zsd\u00e9re val\u00f3 bevezet\u00e9s (IPO) t\u00e1mogat\u00e1s\u00e1t. A megfelel\u0151s\u00e9g biztos\u00edt\u00e1sa \u00e9rdek\u00e9ben a v\u00e1llalatoknak alaposan meg kell vizsg\u00e1lniuk az \u00f6sszes lehets\u00e9ges m\u00f3dos\u00edt\u00e1st a jap\u00e1n t\u00f6rv\u00e9nyekben \u00e9s szab\u00e1lyoz\u00e1sokban, amelyek befoly\u00e1solhatj\u00e1k m\u0171k\u00f6d\u00e9s\u00fcket, \u00e9s megfelel\u0151 int\u00e9zked\u00e9seket kell hozniuk. Azonban a sz\u00e1mos m\u00f3dos\u00edt\u00e1s, bele\u00e9rtve a kisebbeket is, nyomon k\u00f6vet\u00e9se kih\u00edv\u00e1st jelenthet a jog\u00e1szok sz\u00e1m\u00e1ra a mindennapi munk\u00e1juk sor\u00e1n.<\/p>\n\t\t\t\t<p>IT \u00e9s jogi szak\u00e9rt\u0151k\u00e9nt arra t\u00f6rekszem, hogy olyan &#8220;megold\u00e1sokat&#8221; ny\u00fajtsak, amelyek az IT \u00e9s a jog erej\u00e9t \u00f6tv\u00f6zik a bonyolult probl\u00e9m\u00e1k hat\u00e9kony kezel\u00e9s\u00e9re.<\/p>\n\t\t\t<\/div>\n\t\t<\/div>\n\t<\/div>\n<\/section>\n\n<section class=\"orange-section\">\n\t<div class=\"anchor\" id=\"a-team-of-lawyers-and-it-consultants\"><\/div>\n\t<div class=\"section-inner\">\n\t\t<div class=\"flex reverse\">\n\t\t\t<div class=\"width41\"><img decoding=\"async\" src=\"\/wp-content\/uploads\/2023\/06\/message_4.jpg\" alt=\"\u00dcgyv\u00e9dek \u00e9s IT tan\u00e1csad\u00f3k csapata\"><\/div>\n\t\t\t<div class=\"width51\">\n\t\t\t\t<h3>\u00dcgyv\u00e9dek \u00e9s IT-tan\u00e1csad\u00f3k csapata<\/h3>\n\t\t\t\t<p class=\"mgb-small\">Az IPO-t\u00e1mogat\u00e1s p\u00e9ld\u00e1j\u00e1n t\u00fal sz\u00e1mos helyzetben elengedhetetlen az IT \u00e9s a jog kombin\u00e1l\u00e1sa az \u00fcgyfelek ig\u00e9nyeinek kiel\u00e9g\u00edt\u00e9s\u00e9hez. A bonyolult probl\u00e9mahelyzetek kezel\u00e9se olyan csapatot ig\u00e9nyel, amely rendelkezik a t\u00e1j\u00e9kozott d\u00f6nt\u00e9sek meghozatal\u00e1hoz \u00e9s a sz\u00e9lesk\u00f6r\u0171 lehet\u0151s\u00e9gek k\u00f6z\u00fcl hat\u00e9kony int\u00e9zked\u00e9sek v\u00e9grehajt\u00e1s\u00e1hoz sz\u00fcks\u00e9ges k\u00e9szs\u00e9gekkel \u00e9s k\u00e9pess\u00e9gekkel. B\u00e1r a jog\u00e1szok jogi szakemberek \u00e9s szak\u00e9rt\u0151k a jogi k\u00e9rd\u00e9sekben, egy \u00e1tfog\u00f3 &#8220;megold\u00e1s&#8221; kidolgoz\u00e1s\u00e1hoz t\u00f6bbre van sz\u00fcks\u00e9g, mint csup\u00e1n jogi szaktud\u00e1sra.<\/p>\n\t\t\t\t<p class=\"mgb-small\">Ez\u00e9rt csapatunk nem csak jog\u00e1szokb\u00f3l \u00e1ll, hanem olyan IT-tan\u00e1csad\u00f3kb\u00f3l is, akik sokr\u00e9t\u0171 k\u00e9szs\u00e9geket hoznak magukkal. Az internetes kutat\u00e1sok elv\u00e9gz\u00e9s\u00e9nek, megold\u00e1si javaslatok magyar\u00e1zat\u00e1nak k\u00e9pess\u00e9g\u00e9vel \u00e9s a hagyom\u00e1nyos jogi ismereteken t\u00falmutat\u00f3 betekint\u00e9sekkel k\u00e9pesek vagyunk \u00e1tfog\u00f3 \u00e9s hat\u00e9kony megold\u00e1sokat ny\u00fajtani. A hat\u00e1rokon \u00e1tny\u00fal\u00f3 jogi \u00fcgyek kezel\u00e9sekor l\u00e9tfontoss\u00e1g\u00fa a jog\u00e1szokon t\u00falmutat\u00f3 csapatokkal val\u00f3 egy\u00fcttm\u0171k\u00f6d\u00e9s. Csapatunk idegen nyelveket besz\u00e9l\u0151 tagjai \u00e9s a k\u00fclf\u00f6ldi \u00fczleti k\u00f6rnyezetek m\u00e9lyrehat\u00f3 ismerete lehet\u0151v\u00e9 teszi sz\u00e1munkra, hogy navig\u00e1ljunk a hat\u00e1rokon \u00e1tny\u00fal\u00f3 IT-szektor cs\u00facstechnol\u00f3gi\u00e1j\u00fa ter\u00fcletein.<\/p>\n\t\t\t\t<p class=\"mgb-small\">A toborz\u00e1s kapcs\u00e1n fontos megjegyezni, hogy sok jog\u00e1szunk nem rendelkezik kiterjedt IT-szaktud\u00e1ssal, amikor csatlakozik a MONOLITH LAW OFFICE-hoz. Olyan egy\u00fcttm\u0171k\u00f6d\u0151 k\u00f6rnyezetet alak\u00edtunk ki, ahol a k\u00fcl\u00f6nb\u00f6z\u0151 h\u00e1tt\u00e9rrel \u00e9s IT-joggal kapcsolatos tapasztalatokkal rendelkez\u0151 jog\u00e1szok csapatk\u00e9nt dolgoznak egy\u00fctt. A nem jog\u00e1sz csapattagok feladatait gyakran az \u0151 k\u00e9pess\u00e9geik \u00e9s jellemz\u0151ik alapj\u00e1n hat\u00e1rozzuk meg a c\u00e9ghez val\u00f3 csatlakoz\u00e1suk \u00e9s a k\u00fcl\u00f6nb\u00f6z\u0151 \u00fczleti tev\u00e9kenys\u00e9gekkel val\u00f3 foglalkoz\u00e1suk ut\u00e1n. Szeretettel v\u00e1rjuk azoknak a jog\u00e1szoknak a jelentkez\u00e9s\u00e9t, akik nem rendelkeznek szakosodott IT-tud\u00e1ssal vagy vonakodnak a &#8220;szak\u00e9rt\u0151&#8221; c\u00edmk\u00e9t\u0151l.<\/p>\n\t\t\t\t<p class=\"mgb-big\">A MONOLITH LAW OFFICE-n\u00e1l \u00e9rt\u00e9kelj\u00fck minden csapattag kollekt\u00edv szaktud\u00e1s\u00e1t \u00e9s hozz\u00e1j\u00e1rul\u00e1s\u00e1t, ezzel dinamikus \u00e9s innovat\u00edv k\u00f6rnyezetet teremtve, amely \u00f6tv\u00f6zi a jogi hozz\u00e1\u00e9rt\u00e9st az IT-betekint\u00e9ssel.<\/p>\n\t\t\t\t<div class=\"btn-area align-left\">\n\t\t\t\t\t<div class=\"btn icon-job-openings\"><a href=\"\/en\/job-openings\/\">\u00c1ll\u00e1saj\u00e1nlatok<\/a><\/div>\n\t\t\t\t<\/div>\n\t\t\t<\/div>\n\t\t<\/div>\n\t<\/div>\n<\/section>\n","protected":false},"excerpt":{"rendered":"<p>\u00dcdv\u00f6zlet a vezet\u0151 \u00fcgyv\u00e9dt\u0151l Az inform\u00e1ci\u00f3s technol\u00f3gia (IT) erej\u00e9nek kihaszn\u00e1l\u00e1sa forradalmas\u00edtotta az emberis\u00e9g t\u00f6rt\u00e9nelm\u00e9t, hasonl\u00f3an a dinamit hat\u00e1s\u00e1hoz.Az internet k\u00fcl\u00f6n\u00f6sen gyorsan \u00e1talak\u00edtotta a [&hellip;]<\/p>\n","protected":false},"author":1,"featured_media":57134,"parent":0,"menu_order":8,"comment_status":"closed","ping_status":"closed","template":"other-page-temp.php","meta":{"footnotes":""},"acf":[],"_links":{"self":[{"href":"https:\/\/monolith.law\/hu\/wp-json\/wp\/v2\/pages\/4232"}],"collection":[{"href":"https:\/\/monolith.law\/hu\/wp-json\/wp\/v2\/pages"}],"about":[{"href":"https:\/\/monolith.law\/hu\/wp-json\/wp\/v2\/types\/page"}],"author":[{"embeddable":true,"href":"https:\/\/monolith.law\/hu\/wp-json\/wp\/v2\/users\/1"}],"replies":[{"embeddable":true,"href":"https:\/\/monolith.law\/hu\/wp-json\/wp\/v2\/comments?post=4232"}],"version-history":[{"count":35,"href":"https:\/\/monolith.law\/hu\/wp-json\/wp\/v2\/pages\/4232\/revisions"}],"predecessor-version":[{"id":64074,"href":"https:\/\/monolith.law\/hu\/wp-json\/wp\/v2\/pages\/4232\/revisions\/64074"}],"wp:featuredmedia":[{"embeddable":true,"href":"https:\/\/monolith.law\/hu\/wp-json\/wp\/v2\/media\/57134"}],"wp:attachment":[{"href":"https:\/\/monolith.law\/hu\/wp-json\/wp\/v2\/media?parent=4232"}],"curies":[{"name":"wp","href":"https:\/\/api.w.org\/{rel}","templated":true}]}}