{"id":56080,"date":"2023-11-05T23:50:59","date_gmt":"2023-11-05T14:50:59","guid":{"rendered":"https:\/\/monolith.law\/hu\/?page_id=56080"},"modified":"2024-08-14T13:31:59","modified_gmt":"2024-08-14T04:31:59","slug":"internet","status":"publish","type":"page","link":"https:\/\/monolith.law\/hu\/internet","title":{"rendered":"Internet"},"content":{"rendered":"\n<section class=\"heading-area\">\n\t<div class=\"heading-area-inner\">\n\t\t<h2 class=\"icon-internet\">Internet<\/h2>\n\t\t<p>Mint egy er\u0151s IT szak\u00e9rtelemmel rendelkez\u0151 jogi iroda, a MONOLITH LAW OFFICE bizony\u00edtottan sikeres jogi t\u00e1mogat\u00e1st ny\u00fajt az internetiparban tev\u00e9kenyked\u0151 v\u00e1llalkoz\u00f3knak, bele\u00e9rtve a YouTubereket is. Szakosodunk az online platformokkal kapcsolatos vit\u00e1k kezel\u00e9s\u00e9re, \u00e9s sikeresen seg\u00edtett\u00fcnk \u00fcgyfeleinknek negat\u00edv weboldalak elt\u00e1vol\u00edt\u00e1s\u00e1ban \u00e9s online konfliktusok megold\u00e1s\u00e1ban.<\/p>\n\t<\/div>\n<\/section>\n\n<section class=\"white-section\">\n\t<div class=\"section-inner pdt0  border-bottom-section\">\n\t\t<p class=\"mgb-small\">A MONOLITH LAW OFFICE sz\u00e9lesk\u00f6r\u0171 tapasztalattal rendelkezik az IT-joggal kapcsolatos \u00fcgyekben, \u00e9s k\u00fcl\u00f6n\u00f6sen j\u00e1rtas az internetalap\u00fa v\u00e1llalkoz\u00e1sok, bele\u00e9rtve a YouTubereket \u00e9s a YouTube-hoz kapcsol\u00f3d\u00f3 tev\u00e9kenys\u00e9geket v\u00e9gz\u0151 c\u00e9geket t\u00e1mogat\u00e1s\u00e1ban.<\/p>\n\t\t<p>Tiszt\u00e1ban vagyunk az internethez kapcsol\u00f3d\u00f3 saj\u00e1tos kock\u00e1zatokkal, mint p\u00e9ld\u00e1ul a negat\u00edv weboldalak \u00e9s az online f\u00f3rumbejegyz\u00e9sek. Irod\u00e1nk sz\u00e1mos esetben sikeresen kezelte az online h\u00edrn\u00e9vmenedzsmenttel kapcsolatos \u00fcgyeket, k\u00fcl\u00f6nb\u00f6z\u0151 \u00fcgyfelek sz\u00e1m\u00e1ra, egy\u00e9nekt\u0151l a nagyv\u00e1llalatokig. A negat\u00edv weboldalak egyed\u00fcl\u00e1ll\u00f3 jogi kih\u00edv\u00e1st jelentenek Jap\u00e1nban, \u00e9s k\u00e9pzett \u00fcgyv\u00e9deink hat\u00e9kony megold\u00e1sokat tudnak ny\u00fajtani. \u00d6r\u00f6mmel konzult\u00e1lunk \u00d6nnel, kihaszn\u00e1lva szak\u00e9rtelm\u00fcnket \u00e9s tapasztalatunkat a negat\u00edv weboldalakkal kapcsolatos probl\u00e9m\u00e1k megold\u00e1s\u00e1ban.<\/p>\n\t<\/div>\n<\/section>\n\n<section class=\"second-nav\">\n\t<div class=\"second-nav-inner\">\n\t\t<p>T\u00c9M\u00c1K<\/p>\n\t\t<nav>\n\t\t\t<ul>\n\t\t\t\t<li><a href=\"#legal-support-for-youtuber\">Jogi t\u00e1mogat\u00e1s YouTubereknek<\/a><\/li>\n\t\t\t\t<li><a href=\"#legal-support-for-vtuber\">Jogi t\u00e1mogat\u00e1s VTubereknek<\/a><\/li>\n\t\t\t\t<li><a href=\"#manda-of-sns-accounts\">SNS fi\u00f3kok M&amp;A-ja\n<\/a><\/li>\n\t\t\t\t<li><a href=\"#mitigating-reputational-damage\">H\u00edrn\u00e9v k\u00e1rosod\u00e1s\u00e1nak m\u00e9rs\u00e9kl\u00e9se<\/a><\/li>\n\t\t\t\t<li><a href=\"#id-of-the-defamatory-statement\">R\u00e1galmaz\u00f3 kijelent\u00e9s azonos\u00edt\u00e1sa<\/a><\/li>\n\t\t\t\t<li><a href=\"#corporate-reputation-management\">V\u00e1llalati h\u00edrn\u00e9vkezel\u00e9s<\/a><\/li>\n\t\t\t\t<li><a href=\"#removal-of-past-unwanted-info\">Nem k\u00edv\u00e1nt inform\u00e1ci\u00f3k elt\u00e1vol\u00edt\u00e1sa<\/a><\/li>\n\t\t\t\t<li><a href=\"#monolith-law-magazine\">MONOLITH LAW MAGAZINE<\/a><\/li>\n\t\t\t\t<li><a href=\"#fee-structure\">D\u00edjszab\u00e1s<\/a><\/li>\n\t\t\t<\/ul>\n\t\t<\/nav>\n\t<\/div>\n<\/section>\n\n<section class=\"purple-section mgt-section\">\n\t<div class=\"anchor\" id=\"legal-support-for-youtuber\"><\/div>\n\t<div class=\"section-inner\">\n\t\t<div class=\"flex\">\n\t\t\t<div class=\"width41\"><img decoding=\"async\" src=\"\/wp-content\/themes\/monolith2021\/img\/pic\/pic_practices-youtuberlaw.jpg\" alt=\"Jogi t\u00e1mogat\u00e1s YouTubereknek\"><\/div>\n\t\t\t<div class=\"width51\">\n\t\t\t\t<h3>Jogi t\u00e1mogat\u00e1s YouTubereknek<\/h3>\n\t\t\t\t<p class=\"mgb-small\">A YouTuber \u00fcgyn\u00f6ks\u00e9gek \u00e1ltal kezelt YouTube csatorn\u00e1k, a Virtu\u00e1lis YouTuberek (VTuberek) m\u0171k\u00f6dtet\u00e9s\u00e9vel foglalkoz\u00f3 c\u00e9gek, valamint a k\u00fcl\u00f6nb\u00f6z\u0151 \u00fczleti v\u00e1llalatok mind sz\u00fcks\u00e9g\u00e9t \u00e9rzik Jap\u00e1nban specializ\u00e1lt tud\u00e1ssal \u00e9s tapasztalattal rendelkez\u0151 jogi tan\u00e1csad\u00f3knak.<\/p>\n\t\t\t\t<p class=\"mgb-middle\">\u00dcgyfeleink k\u00f6z\u00e9 tartoznak a nagyobb jap\u00e1n YouTuber menedzsment c\u00e9gek, kiemelked\u0151 egy\u00e9ni YouTuberek, valamint k\u00fcl\u00f6nb\u00f6z\u0151 VTuber \u00fczleti menedzsment c\u00e9gek Jap\u00e1nban. Emellett nagyon specializ\u00e1lt t\u00e1mogat\u00e1st ny\u00fajtunk a YouTuber \u00e9s VTuber kapcsolatos szerz\u0151d\u00e9sek kidolgoz\u00e1s\u00e1ban \u00e9s fel\u00fclvizsg\u00e1lat\u00e1ban, valamint a Jap\u00e1nban t\u00f6rt\u00e9n\u0151 vide\u00f3k\u00e9sz\u00edt\u00e9ssel kapcsolatos jogi k\u00e9rd\u00e9sek megv\u00e1laszol\u00e1s\u00e1ban.<\/p>\n\t\t\t\t<div class=\"btn-area align-left\">\n\t\t\t\t\t<div class=\"btn icon-legal-support-for-youtuber\"><a href=\"\/hu\/legal-support-for-youtuber\/\">Jogi t\u00e1mogat\u00e1s<br>YouTubereknek<\/a><\/div>\n\t\t\t\t<\/div>\n\t\t\t<\/div>\n\t\t<\/div>\n\t<\/div>\n<\/section>\n\n<section class=\"white-section\">\n\t<div class=\"anchor\" id=\"legal-support-for-vtuber\"><\/div>\n\t<div class=\"section-inner\">\n\t\t<div class=\"flex reverse\">\n\t\t\t<div class=\"width41\"><img decoding=\"async\" src=\"\/wp-content\/themes\/monolith2021\/img\/vtuberlaw\/pic_practices-vtuberlaw.jpg\" alt=\"Jogi t\u00e1mogat\u00e1s VTubereknek\"><\/div>\n\t\t\t<div class=\"width51\">\n\t\t\t\t<h3>Jogi t\u00e1mogat\u00e1s VTubereknek<\/h3>\n\t\t\t\t<p class=\"mgb-small\">A VTuberek, azaz a YouTuberek, akik 2D vagy 3D avat\u00e1rokat haszn\u00e1lnak vide\u00f3k \u00e9s \u00e9l\u0151 k\u00f6zvet\u00edt\u00e9sek l\u00e9trehoz\u00e1s\u00e1hoz, n\u00e9pszer\u0171s\u00e9ge m\u00e1r j\u00f3l megalapozott. Jap\u00e1nban kezd\u0151d\u00f6tt, \u00e9s m\u00e1ra m\u00e1r vil\u00e1gszerte elterjedt.<\/p>\n\t\t\t\t<p class=\"mgb-middle\">2017 \u00f3ta foglalkozunk a VTuberek jogi \u00fcgyeivel Jap\u00e1nban, \u00e9s ezen id\u0151 alatt sz\u00e9lesk\u00f6r\u0171 tapasztalatot \u00e9s megb\u00edzhat\u00f3 nyomon k\u00f6vethet\u0151s\u00e9get halmoztunk fel. Teljes m\u00e9rt\u00e9kben elk\u00f6telezettek vagyunk a VTuberek \u00e9s hozz\u00e1juk kapcsol\u00f3d\u00f3 v\u00e1llalatok \u00e9s \u00fcgyn\u00f6ks\u00e9gek glob\u00e1lis t\u00e1mogat\u00e1sa ir\u00e1nt.<\/p>\n\t\t\t\t<div class=\"btn-area align-left\">\n\t\t\t\t\t<div class=\"btn icon-legal-support-for-vtuber\"><a href=\"\/hu\/legal-support-for-vtuber\/\">Jogi t\u00e1mogat\u00e1s<br>VTuberek sz\u00e1m\u00e1ra<\/a><\/div>\n\t\t\t\t<\/div>\n\t\t\t<\/div>\n\t\t<\/div>\n\t<\/div>\n<\/section>\n\n<section class=\"white-section\">\n\t<div class=\"anchor\" id=\"manda-of-sns-accounts\"><\/div>\n\t<div class=\"section-inner\">\n\t\t<div class=\"flex\">\n\t\t\t<div class=\"width41\"><img decoding=\"async\" src=\"\/wp-content\/themes\/monolith2021\/img\/pic\/pic_sns_manda.jpg\" alt=\"M&amp;A of SNS accounts\"><\/div>\n\t\t\t<div class=\"width51\">\n\t\t\t\t<h3>SNS fi\u00f3kok M&amp;A-ja<\/h3>\n\t\t\t\t<p class=\"mgb-small\">A weboldalakhoz hasonl\u00f3an a YouTube csatorn\u00e1k \u00e9s Twitter fi\u00f3kok is M&amp;A t\u00e1rgyai lehetnek. Azonban ezek az M&amp;A-k speci\u00e1lis esetek, ez\u00e9rt sz\u00fcks\u00e9g van egy olyan \u00fcgyv\u00e9di irod\u00e1ra, amely rendelkezik a sz\u00fcks\u00e9ges specializ\u00e1lt tud\u00e1ssal \u00e9s know-how-val. A Monolith Law Office egy olyan \u00fcgyv\u00e9di iroda, amely az IT, internet \u00e9s \u00fczleti jog ter\u00fclet\u00e9n specializ\u00e1l\u00f3dott. \u00dcgyv\u00e9deink mindent kezelnek a szerz\u0151d\u00e9stervez\u00e9st\u0151l kezdve a due diligence (DD) vizsg\u00e1latokig sz\u00e1mos M&amp;A eset\u00e9ben, kis YouTube csatorn\u00e1kat \u00e9rint\u0151 projektekt\u0151l kezdve, eg\u00e9szen a 100 milli\u00f3 jent meghalad\u00f3 projektekig.<\/p>\n\t\t\t\t<div class=\"btn-area align-left\">\n\t\t\t\t\t<div class=\"btn icon-m-and-a-of-sns-accounts\"><a href=\"\/hu\/m-and-a-of-sns-accounts\/\">SNS fi\u00f3kok M&amp;A-ja<\/a><\/div>\n\t\t\t\t<\/div>\n\n\t\t\t<\/div>\n\t\t<\/div>\n\t<\/div>\n<\/section>\n\n<section class=\"purple-section\">\n\t<div class=\"anchor\" id=\"mitigating-reputational-damage\"><\/div>\n\t<div class=\"section-inner\">\n\t\t<div class=\"flex reverse\">\n\t\t\t<div class=\"width41\"><img decoding=\"async\" src=\"\/wp-content\/themes\/monolith2021\/img\/pic\/pic_practices-reputation.jpg\" alt=\"H\u00edrn\u00e9v k\u00e1rosod\u00e1s\u00e1nak enyh\u00edt\u00e9se\"><\/div>\n\t\t\t<div class=\"width51\">\n\t\t\t\t<h3>H\u00edrn\u00e9v k\u00e1rosod\u00e1s\u00e1nak m\u00e9rs\u00e9kl\u00e9se<\/h3>\n\t\t\t\t<p class=\"mgb-small\">A v\u00e1llalatokat vagy egy\u00e9neket t\u00e1mad\u00f3 negat\u00edv weboldalak k\u00e1ros hat\u00e1ssal lehetnek h\u00edrnev\u00fckre. Azonban a jap\u00e1n jogszab\u00e1lyok rendelkez\u00e9seket tartalmaznak az ilyen weboldalak elt\u00e1vol\u00edt\u00e1s\u00e1ra, amennyiben azok r\u00e1galmaz\u00e1st vagy a mag\u00e1n\u00e9let megs\u00e9rt\u00e9s\u00e9t jelentik. A MONOLITH LAW OFFICE-n\u00e1l szakosodtunk az internethez kapcsol\u00f3d\u00f3 jogi k\u00e9rd\u00e9sekre, \u00e9s sz\u00e1mos esetben sikeresen kezelt\u00fck az internetr\u0151l t\u00f6rt\u00e9n\u0151 k\u00e1ros inform\u00e1ci\u00f3k elt\u00e1vol\u00edt\u00e1s\u00e1t.<\/p>\n\t\t\t\t<p class=\"mgb-middle\">Er\u0151s internetes tapasztalatunkkal \u00e9s a jap\u00e1n jogi elvek m\u00e9lyrehat\u00f3 ismeret\u00e9vel elk\u00f6telezett csapatunk sz\u00e9les k\u00f6r\u0171 \u00fcgyf\u00e9lk\u00f6rnek, nagyv\u00e1llalatokt\u00f3l egy\u00e9nekig, ny\u00fajtott seg\u00edts\u00e9get a negat\u00edv weboldalakkal szembeni hat\u00e9kony fell\u00e9p\u00e9sben. Strat\u00e9giai jogi beavatkoz\u00e1sokon kereszt\u00fcl szorgalmasan dolgozunk \u00fcgyfeleink h\u00edrnev\u00e9nek v\u00e9delm\u00e9ben \u00e9s a r\u00e1galmaz\u00f3 vagy a mag\u00e1n\u00e9letet s\u00e9rt\u0151 tartalmak okozta k\u00e1r m\u00e9rs\u00e9kl\u00e9s\u00e9ben.<\/p>\n\t\t\t\t<div class=\"btn-area align-left\">\n\t\t\t\t\t<div class=\"btn icon-mitigating-reputational-damage\"><a href=\"\/hu\/mitigating-reputational-damage\/\">H\u00edrn\u00e9v k\u00e1rosod\u00e1s\u00e1nak<br>m\u00e9rs\u00e9kl\u00e9se<\/a><\/div>\n\t\t\t\t<\/div>\n\t\t\t<\/div>\n\t\t<\/div>\n\t<\/div>\n<\/section>\n\n<section class=\"white-section\">\n\t<div class=\"anchor\" id=\"id-of-the-defamatory-statement\"><\/div>\n\t<div class=\"section-inner\">\n\t\t<div class=\"flex\">\n\t\t\t<div class=\"width41\"><img decoding=\"async\" src=\"\/wp-content\/themes\/monolith2021\/img\/pic\/pic_reputation.jpg\" alt=\"A r\u00e1galmaz\u00f3 \u00e1ll\u00edt\u00e1s forr\u00e1s\u00e1nak azonos\u00edt\u00f3ja\"><\/div>\n\t\t\t<div class=\"width51\">\n\t\t\t\t<h3>R\u00e1galmaz\u00f3 kijelent\u00e9s azonos\u00edt\u00e1sa<\/h3>\n\t\t\t\t<p class=\"mgb-small\">A jap\u00e1n jog szerint az illeg\u00e1lis bejegyz\u00e9sek\u00e9rt, mint p\u00e9ld\u00e1ul a r\u00e1galmaz\u00e1s\u00e9rt felel\u0151s szem\u00e9lyek azonos\u00edt\u00e1sa a Szolg\u00e1ltat\u00f3 Felel\u0151ss\u00e9g Korl\u00e1toz\u00e1s\u00e1r\u00f3l sz\u00f3l\u00f3 t\u00f6rv\u00e9ny (Japanese Provider Liability Limitation Act) rendelkez\u00e9sei alapj\u00e1n k\u00f6vethet\u0151 nyomon. Ez a jogi elj\u00e1r\u00e1s a jap\u00e1n b\u00edr\u00f3s\u00e1gon folyik.<\/p>\n\t\t\t\t<p class=\"mgb-middle\">Azokban az esetekben, amikor nagyon rosszindulat\u00fa bejegyz\u00e9sek t\u00f6rt\u00e9nnek, amelyeket nem lehet figyelmen k\u00edv\u00fcl hagyni, mint p\u00e9ld\u00e1ul hamis v\u00e1dak, amelyek egy v\u00e1llalkoz\u00f3 tulajdonos\u00e1t antiszoci\u00e1lis er\u0151kh\u00f6z k\u00f6tik, l\u00e9tfontoss\u00e1g\u00fa a tettesek azonos\u00edt\u00e1sa \u00e9s a megfelel\u0151 jogi szankci\u00f3k keres\u00e9se. Tov\u00e1bb\u00e1, amikor az illeg\u00e1lis bejegyz\u00e9sek ism\u00e9tl\u0151dnek, er\u0151fesz\u00edt\u00e9seket kell tenni azok azonos\u00edt\u00e1s\u00e1ra \u00e9s a visszat\u00e9r\u00e9s\u00fck megakad\u00e1lyoz\u00e1s\u00e1ra.<\/p>\n\t\t\t\t<div class=\"btn-area align-left\">\n\t\t\t\t\t<div class=\"btn icon-id-of-the-defamatory-statement\"><a href=\"\/hu\/id-of-the-defamatory-statement\/\">R\u00e1galmaz\u00f3 \u00e1ll\u00edt\u00e1s<br>azonos\u00edt\u00e1sa<\/a><\/div>\n\t\t\t\t<\/div>\n\t\t\t<\/div>\n\t\t<\/div>\n\t<\/div>\n<\/section>\n\n<section class=\"orange-section\">\n\t<div class=\"anchor\" id=\"corporate-reputation-management\"><\/div>\n\t<div class=\"section-inner\">\n\t\t<div class=\"flex reverse\">\n\t\t\t<div class=\"width41\"><img decoding=\"async\" src=\"\/en\/wp-content\/uploads\/sites\/6\/2023\/06\/pic_practices-listedcompany.jpg\" alt=\"V\u00e1llalati h\u00edrn\u00e9vkezel\u00e9s\"><\/div>\n\t\t\t<div class=\"width51\">\n\t\t\t\t<h3>V\u00e1llalati h\u00edrn\u00e9vkezel\u00e9s<\/h3>\n\t\t\t\t<p class=\"mgb-small\">Amikor egy nagyv\u00e1llalat h\u00edrneve k\u00e1rosodik a negat\u00edv weboldalak miatt az interneten, a probl\u00e9ma kezel\u00e9se bonyolultt\u00e1 v\u00e1lik. A t\u00f6rlend\u0151 oldalak priorit\u00e1s\u00e1nak meghat\u00e1roz\u00e1sa \u00e9s a t\u00f6rl\u00e9si er\u0151fesz\u00edt\u00e9sek k\u00f6lts\u00e9ghat\u00e9konys\u00e1g\u00e1nak \u00e9rt\u00e9kel\u00e9se jelent\u0151s kih\u00edv\u00e1sokat jelent. Mint egy jogi \u00e9s IT tan\u00e1csad\u00e1ssal is rendelkez\u0151 \u00fcgyv\u00e9di iroda, \u00e1tfog\u00f3 megold\u00e1sokat k\u00edn\u00e1lunk ezekre a bonyolult probl\u00e9mahelyzetekre.<\/p>\n\t\t\t\t<p>Jog\u00e1szaink \u00e9s IT tan\u00e1csad\u00f3ink csapata szak\u00e9rtelmet ny\u00fajt a priorit\u00e1sok meghat\u00e1roz\u00e1s\u00e1ban, a kulcsfontoss\u00e1g\u00fa teljes\u00edtm\u00e9nymutat\u00f3k (KPI-k) kidolgoz\u00e1s\u00e1ban \u00e9s a k\u00f6lts\u00e9g-haszon ar\u00e1nyok becsl\u00e9s\u00e9ben a k\u00f6lts\u00e9gvet\u00e9si forr\u00e1sok eloszt\u00e1s\u00e1val kapcsolatban. Hasonl\u00f3an j\u00e1runk el, mint a tan\u00e1csad\u00f3 c\u00e9gek, strat\u00e9giai \u00fatmutat\u00e1st \u00e9s elemz\u00e9st k\u00edn\u00e1lunk a folyamat hat\u00e9kony navig\u00e1l\u00e1s\u00e1hoz.<\/p>\n\t\t\t<\/div>\n\t\t<\/div>\n\t<\/div>\n<\/section>\n\n<section class=\"white-section\">\n\t<div class=\"anchor\" id=\"removal-of-past-unwanted-info\"><\/div>\n\t<div class=\"section-inner\">\n\t\t<div class=\"flex\">\n\t\t\t<div class=\"width41\"><img decoding=\"async\" src=\"\/en\/wp-content\/uploads\/sites\/6\/2023\/06\/pastunwantedcontent.jpg\" alt=\"Nem k\u00edv\u00e1nt tartalom elt\u00e1vol\u00edt\u00e1sa a m\u00faltb\u00f3l\"><\/div>\n\t\t\t<div class=\"width51\">\n\t\t\t\t<h3>Nem k\u00edv\u00e1nt inform\u00e1ci\u00f3k elt\u00e1vol\u00edt\u00e1sa<\/h3>\n\t\t\t\t<p class=\"mgb-small\">A MONOLITH LAW OFFICE szakosodott az online jelenl\u00e9t kezel\u00e9s\u00e9nek kih\u00edv\u00e1saira, k\u00fcl\u00f6n\u00f6sen a sz\u00f3rakoztat\u00f3iparban tev\u00e9kenyked\u0151 szem\u00e9lyek sz\u00e1m\u00e1ra. Meg\u00e9rtj\u00fck, hogy az inform\u00e1ci\u00f3k, legyenek hivatalosak vagy nem hivatalosak, hossz\u00fa t\u00e1v\u00fa hat\u00e1ssal lehetnek a szem\u00e9lyes \u00e9s szakmai \u00e9letre. Irod\u00e1nk \u00e1tfog\u00f3 megold\u00e1sokat k\u00edn\u00e1l ezekre a probl\u00e9m\u00e1kra, egyed\u00fcl\u00e1ll\u00f3 m\u00f3don \u00f6tv\u00f6zve a jogi szaktud\u00e1st \u00e9s az inform\u00e1ci\u00f3s technol\u00f3gi\u00e1t. Ak\u00e1r nem k\u00edv\u00e1nt tartalom elt\u00e1vol\u00edt\u00e1s\u00e1r\u00f3l, digit\u00e1lis l\u00e1bnyomok kezel\u00e9s\u00e9r\u0151l, vagy a &#8220;felejt\u00e9shez val\u00f3 jog&#8221; k\u00e9rd\u00e9seinek navig\u00e1l\u00e1s\u00e1r\u00f3l van sz\u00f3, mi egyablakos megold\u00e1st k\u00edn\u00e1lunk online h\u00edrnev\u00e9nek v\u00e9delm\u00e9re.<\/p>\n\t\t\t\t<p>B\u00edzza a MONOLITH LAW OFFICE-ra szem\u00e9lyes adatainak v\u00e9delm\u00e9t \u00e9s a j\u00f6v\u0151beli t\u00f6rekv\u00e9sekhez val\u00f3 z\u00f6kken\u0151mentes \u00e1tmenet biztos\u00edt\u00e1s\u00e1t.<\/p>\n\t\t\t<\/div>\n\t\t<\/div>\n\t<\/div>\n<\/section>\n\n<section class=\"purple2-section\">\n\t<div class=\"anchor\" id=\"monolith-law-magazine\"><\/div>\n\t<div class=\"section-inner\">\n\t\t    <section class=\"white-section temp-article\">\n        <div class=\"section-inner\">\n            <h4>MONOLITH LAW MAGAZINE<\/h4>\n            <div class=\"articles type_practice_column\">\n                                                                    <div class=\"article article-area\">\n                        <figure>\n                            <div class=\"img-wrap\">\n                                <img alt=\"Meddig enged\u00e9lyezett a v\u00e9djegyek hasonl\u00f3s\u00e1ga? A hasonl\u00f3s\u00e1g krit\u00e9riumainak \u00e9s a v\u00e9djegyjog megs\u00e9rt\u00e9s\u00e9nek eseteinek ismertet\u00e9se\" src=\"https:\/\/monolith.law\/hu\/wp-content\/uploads\/sites\/31\/2025\/08\/eac576e0765af2cac6d210d899b2d93d.webp\" width=\"500\" height=\"250\">\n                            <\/div>\n                            <figcaption>\n                                <div class=\"figcaption-inner\">\n                                    <h3>Meddig enged\u00e9lyezett a v\u00e9djegyek hasonl\u00f3s\u00e1ga? A hasonl\u00f3s\u00e1g krit\u00e9riumainak \u00e9s a v.<\/h3>\n                                <\/div>\n                            <\/figcaption>\n                            <a href=\"https:\/\/monolith.law\/hu\/internet\/trademark-infringement\"><\/a>\n                        <\/figure>\n                    <\/div>\n                                                    <div class=\"article article-area\">\n                        <figure>\n                            <div class=\"img-wrap\">\n                                <img alt=\"Milyen jogi felel\u0151ss\u00e9ggel j\u00e1r a pletyk\u00e1k terjeszt\u00e9se \u00e9s sz\u00e9les k\u00f6r\u0171 elterjed\u00e9se? K\u00e9t b\u00fcntet\u0151jogi felel\u0151ss\u00e9g magyar\u00e1zata letart\u00f3ztat\u00e1si esetek alapj\u00e1n\" src=\"https:\/\/monolith.law\/hu\/wp-content\/uploads\/sites\/31\/2025\/08\/7d8b9299c2a15a801c04913ba0d80d99.webp\" width=\"500\" height=\"250\">\n                            <\/div>\n                            <figcaption>\n                                <div class=\"figcaption-inner\">\n                                    <h3>Milyen jogi felel\u0151ss\u00e9ggel j\u00e1r a pletyk\u00e1k terjeszt\u00e9se \u00e9s sz\u00e9les k\u00f6r\u0171 elterjed\u00e9se?.<\/h3>\n                                <\/div>\n                            <\/figcaption>\n                            <a href=\"https:\/\/monolith.law\/hu\/internet\/false-information-criminal-liability\"><\/a>\n                        <\/figure>\n                    <\/div>\n                                                    <div class=\"article article-area\">\n                        <figure>\n                            <div class=\"img-wrap\">\n                                <img alt=\"A Dwango \u00e9s az FC2 peres \u00fcgy\u00e9b\u0151l tanulni a szabadalmi jogok megs\u00e9rt\u00e9s\u00e9nek \u00e9s a ter\u00fcleti illet\u0151s\u00e9g fontoss\u00e1g\u00e1nak\" src=\"https:\/\/monolith.law\/hu\/wp-content\/uploads\/sites\/31\/2025\/08\/3d197fbdd689457ec22de396ff65b2df.webp\" width=\"500\" height=\"250\">\n                            <\/div>\n                            <figcaption>\n                                <div class=\"figcaption-inner\">\n                                    <h3>A Dwango \u00e9s az FC2 peres \u00fcgy\u00e9b\u0151l tanulni a szabadalmi jogok megs\u00e9rt\u00e9s\u00e9nek \u00e9s a t.<\/h3>\n                                <\/div>\n                            <\/figcaption>\n                            <a href=\"https:\/\/monolith.law\/hu\/internet\/patent-infringement-territoriality\"><\/a>\n                        <\/figure>\n                    <\/div>\n                                            <\/div>\n            <div class=\"btn-more\"><a href=\"https:\/\/monolith.law\/hu\/tag\/internet\">Read More<\/a><\/div>\n        <\/div>\n    <\/section>\n\t<\/div>\n<\/section>\n\n<section class=\"orange2-section\">\n\t<div class=\"anchor\" id=\"fee-structure\"><\/div>\n\t<div class=\"section-inner\">\n\t<div class=\"planWrap\">\n\t<h3>D\u00edjszab\u00e1s<\/h3>\n\t<ul class=\"plan\">\n\t\t<li class=\"txt-left\">\n\t\t\t<div class=\"plan-inner\">\n\t\t\t<div class=\"plan-header\">\n\t\t\t<h4 class=\"plan-title\">\u00d3rad\u00edj<\/h4>\n\t\t\t<div class=\"plan-price\"><span class=\"price-figure\">$300<\/span> \u00f3r\u00e1nk\u00e9nt <span class=\"price-tax\"><\/span><\/div>\n\t\t\t<\/div>\n\t\t\t<div class=\"plan-body\">Bizonyos esetekben megfontolhatjuk egy vita vagy peres elj\u00e1r\u00e1s kezel\u00e9s\u00e9t kezdeti d\u00edj \u00e9s sikerd\u00edj alkalmaz\u00e1s\u00e1val. Tov\u00e1bbi r\u00e9szletek\u00e9rt k\u00e9rj\u00fck, l\u00e9pjen kapcsolatba vel\u00fcnk.<\/div>\n\t\t\t<\/div>\n\t\t<\/li>\n\t\t<li class=\"txt-left\">\n\t\t\t<div class=\"plan-inner\">\n\t\t\t<div class=\"plan-header\">\n\t\t\t<h4 class=\"plan-title\">Szerz\u0151d\u00e9sek k\u00e9sz\u00edt\u00e9se<\/h4>\n\t\t\t<div class=\"plan-price\"><span class=\"price-value\">t\u00f3l<\/span><span class=\"price-figure\">$500<\/span><span class=\"price-value\">ig $2,000 vagy t\u00f6bb<\/span><span class=\"price-tax\"><\/span><\/div>\n\t\t\t<\/div>\n\t\t\t<div class=\"plan-body\">Az \u00e1raz\u00e1si strukt\u00fara v\u00e1ltozhat a szerz\u0151d\u00e9sek t\u00edpus\u00e1t\u00f3l \u00e9s mennyis\u00e9g\u00e9t\u0151l f\u00fcgg\u0151en. \u00d6r\u00f6mmel k\u00e9sz\u00edt\u00fcnk el\u0151zetes becsl\u00e9st \u00e9rdekl\u0151d\u00e9s eset\u00e9n, ez\u00e9rt b\u00e1tran forduljon hozz\u00e1nk tov\u00e1bbi r\u00e9szletek\u00e9rt.<\/div>\n\t\t\t<\/div>\n\t\t<\/li>\n\t\t<li class=\"txt-left\">\n\t\t\t<div class=\"plan-inner\">\n\t\t\t<div class=\"plan-header\">\n\t\t\t<h4 class=\"plan-title\">Egy\u00e9b szolg\u00e1ltat\u00e1sok<\/h4>\n\t\t\t<div class=\"plan-price\"><span class=\"price-figure\">Vegye fel vel\u00fcnk a kapcsolatot<\/span><\/div>\n\t\t\t<\/div>\n\t\t\t<div class=\"plan-body\">Sz\u00e9lesk\u00f6r\u0171 szolg\u00e1ltat\u00e1sokat k\u00edn\u00e1lunk, t\u00f6bbek k\u00f6z\u00f6tt c\u00e9galap\u00edt\u00e1s, szerz\u0151d\u00e9s fel\u00fclvizsg\u00e1lat, jogi v\u00e9lem\u00e9ny, \u00fcgyek \u00e1ttekint\u00e9se vagy kutat\u00e1si levelek. Amennyiben k\u00e9rd\u00e9se vagy aggodalma van, sz\u00edvesen l\u00e1tjuk, hogy vegye fel vel\u00fcnk a kapcsolatot, \u00e9s tapasztalt csapatunk k\u00e9szs\u00e9ggel \u00e1ll rendelkez\u00e9s\u00e9re.<\/div>\n\t\t\t<\/div>\n\t\t\t<\/div>\n\t\t<\/li>\n\t<\/ul>\n\t<\/div>\n\t<\/div>\n<\/section>\n\n<section class=\"white-section\">\n\t<div class=\"section-inner\">\n\t\t<div class=\"btn-area\">\n\t\t\t<div class=\"btn icon-contact\"><a href=\"\/hu\/contact\">Vegye fel vel\u00fcnk a kapcsolatot<\/a><\/div>\n\t\t<\/div>\n\t<\/div>\n<\/section>\n","protected":false},"excerpt":{"rendered":"<p>Internet Mint egy er\u0151s IT szak\u00e9rtelemmel rendelkez\u0151 jogi iroda, a MONOLITH LAW OFFICE bizony\u00edtottan sikeres jogi t\u00e1mogat\u00e1st ny\u00fajt az internetiparban tev\u00e9kenyked\u0151 v\u00e1llalkoz\u00f3knak, bele\u00e9rtve a YouTuberek [&hellip;]<\/p>\n","protected":false},"author":1,"featured_media":57159,"parent":0,"menu_order":0,"comment_status":"closed","ping_status":"closed","template":"other-page-temp.php","meta":{"footnotes":""},"acf":[],"_links":{"self":[{"href":"https:\/\/monolith.law\/hu\/wp-json\/wp\/v2\/pages\/56080"}],"collection":[{"href":"https:\/\/monolith.law\/hu\/wp-json\/wp\/v2\/pages"}],"about":[{"href":"https:\/\/monolith.law\/hu\/wp-json\/wp\/v2\/types\/page"}],"author":[{"embeddable":true,"href":"https:\/\/monolith.law\/hu\/wp-json\/wp\/v2\/users\/1"}],"replies":[{"embeddable":true,"href":"https:\/\/monolith.law\/hu\/wp-json\/wp\/v2\/comments?post=56080"}],"version-history":[{"count":29,"href":"https:\/\/monolith.law\/hu\/wp-json\/wp\/v2\/pages\/56080\/revisions"}],"predecessor-version":[{"id":64455,"href":"https:\/\/monolith.law\/hu\/wp-json\/wp\/v2\/pages\/56080\/revisions\/64455"}],"wp:featuredmedia":[{"embeddable":true,"href":"https:\/\/monolith.law\/hu\/wp-json\/wp\/v2\/media\/57159"}],"wp:attachment":[{"href":"https:\/\/monolith.law\/hu\/wp-json\/wp\/v2\/media?parent=56080"}],"curies":[{"name":"wp","href":"https:\/\/api.w.org\/{rel}","templated":true}]}}