{"id":9102,"date":"2023-11-12T14:22:42","date_gmt":"2023-11-12T05:22:42","guid":{"rendered":"https:\/\/monolith.law\/?page_id=9102"},"modified":"2024-03-15T17:40:54","modified_gmt":"2024-03-15T08:40:54","slug":"request","status":"publish","type":"page","link":"https:\/\/monolith.law\/hu\/request","title":{"rendered":"Inform\u00e1ci\u00f3 K\u00e9r\u00e9se"},"content":{"rendered":"\n<section class=\"heading-area\">\n\t<div class=\"heading-area-inner\">\n\t\t<h2 class=\"icon-request\">Inform\u00e1ci\u00f3 K\u00e9r\u00e9se <\/h2>\n\t<\/div>\n<\/section>\n\n<section class=\"white-section\">\n\t<div class=\"section-inner border-bottom-section pdt0\">\n\t\t<p class=\"mgb-small\">A MONOLITH LAW OFFICE egy jogi iroda Otemachi-ban, Toki\u00f3ban, amely az IT, az internet \u00e9s az \u00fczleti jogi szolg\u00e1ltat\u00e1sokra \u00f6sszpontos\u00edt. K\u00e9pviseleti \u00fcgyv\u00e9d\u00fcnk vezet\u00e9s\u00e9vel, aki kor\u00e1bban IT m\u00e9rn\u00f6k volt \u00e9s v\u00e1llalati menedzsmentben szerzett tapasztalatokkal rendelkezik, jogi tan\u00e1csad\u00e1st ny\u00fajtunk IT \u00e9s v\u00e1llalkoz\u00f3i c\u00e9geknek, valamint m\u00e1s c\u00e9geknek a h\u00edrn\u00e9v k\u00e1rosod\u00e1s\u00e1val, rendszerfejleszt\u00e9ssel, szellemi tulajdonnal \u00e9s m\u00e1s jogi k\u00e9rd\u00e9sekkel kapcsolatban.<\/p>\n\t\t<p class=\"mgb-middle\">K\u00e9rj\u00fck, nyugodtan forduljon hozz\u00e1nk jogi tan\u00e1csad\u00e1s\u00e9rt, h\u00edrn\u00e9vvel kapcsolatos \u00fcgyek\u00e9rt \u00e9s k\u00fcl\u00f6nf\u00e9le m\u00e1s konzult\u00e1ci\u00f3k\u00e9rt, valamint interj\u00fak\u00e9rt, publik\u00e1ci\u00f3k\u00e9rt \u00e9s m\u00e9dia-kapcsolatos \u00fcgyek\u00e9rt.<\/p>\n\t\t<p>*K\u00e9rj\u00fck, olvassa el \u00e9s fogadja el <a href=\"\/en\/privacypolicy\" target=\"_blank\" rel=\"noreferrer noopener\" title=\"\">Adatv\u00e9delmi Ir\u00e1nyelveinket<\/a> \u00fczenete elk\u00fcld\u00e9se el\u0151tt.<\/p>\n\t<\/div>\n<\/section>\n\n\n<div class=\"wpcf7 no-js\" id=\"wpcf7-f59722-o1\" lang=\"ja\" dir=\"ltr\">\n<div class=\"screen-reader-response\"><p role=\"status\" aria-live=\"polite\" aria-atomic=\"true\"><\/p> <ul><\/ul><\/div>\n<form action=\"\/hu\/wp-json\/wp\/v2\/pages\/9102#wpcf7-f59722-o1\" method=\"post\" class=\"wpcf7-form init\" aria-label=\"\u30b3\u30f3\u30bf\u30af\u30c8\u30d5\u30a9\u30fc\u30e0\" novalidate=\"novalidate\" data-status=\"init\">\n<div style=\"display: none;\">\n<input type=\"hidden\" name=\"_wpcf7\" value=\"59722\" \/>\n<input type=\"hidden\" name=\"_wpcf7_version\" value=\"5.8\" \/>\n<input type=\"hidden\" name=\"_wpcf7_locale\" value=\"ja\" \/>\n<input type=\"hidden\" name=\"_wpcf7_unit_tag\" value=\"wpcf7-f59722-o1\" \/>\n<input type=\"hidden\" name=\"_wpcf7_container_post\" value=\"0\" \/>\n<input type=\"hidden\" name=\"_wpcf7_posted_data_hash\" value=\"\" \/>\n<input type=\"hidden\" name=\"_wpcf7_recaptcha_response\" value=\"\" \/>\n<\/div>\n<section class=\"white-section\">\n\t<div class=\"section-inner\">\n\t\t<div class=\"contact-content\">\n\t\t\t<dl>\n\t\t\t\t<dt>\n\t\t\t\t\t<p><span class=\"label\">CompanyName<\/span><span class=\"required\">Required<\/span>\n\t\t\t\t\t<\/p>\n\t\t\t\t<\/dt>\n\t\t\t\t<dd>\n\t\t\t\t\t<p><span class=\"wpcf7-form-control-wrap\" data-name=\"your-company\"><input size=\"40\" class=\"wpcf7-form-control wpcf7-text wpcf7-validates-as-required\" id=\"name\" aria-required=\"true\" aria-invalid=\"false\" value=\"\" type=\"text\" name=\"your-company\" \/><\/span>\n\t\t\t\t\t<\/p>\n\t\t\t\t<\/dd>\n\t\t\t<\/dl>\n\t\t\t<dl>\n\t\t\t\t<dt>\n\t\t\t\t\t<p><span class=\"label\">Name<\/span><span class=\"required\">Required<\/span>\n\t\t\t\t\t<\/p>\n\t\t\t\t<\/dt>\n\t\t\t\t<dd>\n\t\t\t\t\t<p><span class=\"wpcf7-form-control-wrap\" data-name=\"your-name\"><input size=\"40\" class=\"wpcf7-form-control wpcf7-text wpcf7-validates-as-required\" aria-required=\"true\" aria-invalid=\"false\" value=\"\" type=\"text\" name=\"your-name\" \/><\/span>\n\t\t\t\t\t<\/p>\n\t\t\t\t<\/dd>\n\t\t\t<\/dl>\n\t\t\t<dl>\n\t\t\t\t<dt>\n\t\t\t\t\t<p><span class=\"label\">Email address<\/span><span class=\"required\">Required<\/span>\n\t\t\t\t\t<\/p>\n\t\t\t\t<\/dt>\n\t\t\t\t<dd>\n\t\t\t\t\t<p><span class=\"wpcf7-form-control-wrap\" data-name=\"your-email\"><input size=\"40\" class=\"wpcf7-form-control wpcf7-email wpcf7-validates-as-required wpcf7-text wpcf7-validates-as-email\" id=\"email\" aria-required=\"true\" aria-invalid=\"false\" value=\"\" type=\"email\" name=\"your-email\" \/><\/span>\n\t\t\t\t\t<\/p>\n\t\t\t\t<\/dd>\n\t\t\t<\/dl>\n\t\t\t<dl>\n\t\t\t\t<dt>\n\t\t\t\t\t<p><span class=\"label\">Message *If you are requesting information only, please leave this blank.<\/span>\n\t\t\t\t\t<\/p>\n\t\t\t\t<\/dt>\n\t\t\t\t<dd>\n\t\t\t\t\t<p><span class=\"wpcf7-form-control-wrap\" data-name=\"your-info\"><textarea cols=\"40\" rows=\"10\" class=\"wpcf7-form-control wpcf7-textarea\" id=\"info\" aria-invalid=\"false\" name=\"your-info\"><\/textarea><\/span>\n\t\t\t\t\t<\/p>\n\t\t\t\t<\/dd>\n\t\t\t<\/dl>\n\t\t\t<div class=\"submit-button\">\n\t\t\t\t<p><input class=\"wpcf7-form-control wpcf7-submit has-spinner\" type=\"submit\" value=\"Send\" \/>\n\t\t\t\t<\/p>\n\t\t\t<\/div>\n\t\t<\/div>\n\t\t<p><script>\ndocument.addEventListener( 'wpcf7mailsent', function( event ) {\n location = 'https:\/\/monolith.law\/hu\/request\/thanks';\n}, false );\n<\/script>\n\t\t<\/p>\n\t<\/div>\n<\/section><div class=\"wpcf7-response-output\" aria-hidden=\"true\"><\/div>\n<\/form>\n<\/div>\n\n","protected":false},"excerpt":{"rendered":"<p>Inform\u00e1ci\u00f3 K\u00e9r\u00e9se A MONOLITH LAW OFFICE egy jogi iroda Otemachi-ban, Toki\u00f3ban, amely az IT, az internet \u00e9s az \u00fczleti jogi szolg\u00e1ltat\u00e1sokra \u00f6sszpontos\u00edt. K\u00e9pviseleti \u00fcgyv\u00e9d\u00fcnk vezet\u00e9s\u00e9vel, aki kor\u00e1bban [&hellip;]<\/p>\n","protected":false},"author":1,"featured_media":57134,"parent":0,"menu_order":11,"comment_status":"closed","ping_status":"closed","template":"non-other-page-temp.php","meta":{"footnotes":""},"acf":[],"_links":{"self":[{"href":"https:\/\/monolith.law\/hu\/wp-json\/wp\/v2\/pages\/9102"}],"collection":[{"href":"https:\/\/monolith.law\/hu\/wp-json\/wp\/v2\/pages"}],"about":[{"href":"https:\/\/monolith.law\/hu\/wp-json\/wp\/v2\/types\/page"}],"author":[{"embeddable":true,"href":"https:\/\/monolith.law\/hu\/wp-json\/wp\/v2\/users\/1"}],"replies":[{"embeddable":true,"href":"https:\/\/monolith.law\/hu\/wp-json\/wp\/v2\/comments?post=9102"}],"version-history":[{"count":15,"href":"https:\/\/monolith.law\/hu\/wp-json\/wp\/v2\/pages\/9102\/revisions"}],"predecessor-version":[{"id":63913,"href":"https:\/\/monolith.law\/hu\/wp-json\/wp\/v2\/pages\/9102\/revisions\/63913"}],"wp:featuredmedia":[{"embeddable":true,"href":"https:\/\/monolith.law\/hu\/wp-json\/wp\/v2\/media\/57134"}],"wp:attachment":[{"href":"https:\/\/monolith.law\/hu\/wp-json\/wp\/v2\/media?parent=9102"}],"curies":[{"name":"wp","href":"https:\/\/api.w.org\/{rel}","templated":true}]}}