{"id":25864,"date":"2021-01-09T01:19:39","date_gmt":"2021-01-08T16:19:39","guid":{"rendered":"https:\/\/monolith.law\/?page_id=25864"},"modified":"2024-01-15T15:08:54","modified_gmt":"2024-01-15T06:08:54","slug":"access","status":"publish","type":"page","link":"https:\/\/monolith.law\/it\/access","title":{"rendered":"Accesso"},"content":{"rendered":"\n<section class=\"heading-area\">\n\t<div class=\"heading-area-inner\">\n\t\t<h2 class=\"icon-access\">Accesso<\/h2>\n\t<\/div>\n<\/section>\n<section class=\"second-nav\">\n\t<div class=\"second-nav-inner\">\n\t\t<p>ARGOMENTI<\/p>\n\t\t<nav>\n\t\t\t<ul>\n\t\t\t\t<li><a href=\"#law-firm-with-strength-in-it-internet-and-business\">Studio Legale Specializzato in IT, Internet e Affari<\/a><\/li>\n\t\t\t\t<li><a href=\"#access-map\">Mappa di Accesso<\/a><\/li>\n\t\t\t\t<li><a href=\"#expansion-and-relocation-to-otemachi-financial-city\">Espansione e Trasferimento a Otemachi Financial City<\/a><\/li>\n\t\t\t<\/ul>\n\t\t<\/nav>\n\t<\/div>\n<\/section>\n<section class=\"white-section\">\n\t<div class=\"anchor\" id=\"law-firm-with-strength-in-it-internet-and-business\"><\/div>\n\t<div class=\"section-inner\">\n\t\t<div class=\"flex\">\n\t\t\t<div class=\"width41\"><img decoding=\"async\" src=\"\/wp-content\/themes\/monolith2021\/img\/access\/access_pic1.jpg\" alt=\"Studio Legale Specializzato in IT, Internet e Affari\"><\/div>\n\t\t\t<div class=\"width51\">\n\t\t\t\t<h3>Studio Legale Specializzato in<br>IT, Internet e Diritto Commerciale.<\/h3>\n\t\t\t\t<p class=\"mgb-small\">Il MONOLITH LAW OFFICE \u00e8 uno studio legale situato a Otemachi, Chiyoda-ku, Tokyo, Giappone. \u00c8 direttamente collegato alla Stazione di Otemachi ed \u00e8 a 7 minuti a piedi dalla Stazione di Tokyo.<\/p>\n\t\t\t\t<p class=\"mgb-small\">Abbiamo agito come consulenti legali (includendo vari contratti con direttori, dirigenti esecutivi, ecc.) per circa 1087 aziende, che vanno dalle societ\u00e0 quotate nel TSE Prime fino alle imprese venture in fase di seed. Il nostro lavoro relativo a IT\/Internet comprende la prevenzione di danni alla reputazione, la lotta contro la diffamazione e le dispute legate allo sviluppo di sistemi. Forniamo inoltre servizi legali legati alle startup, che includono investimenti di 100 milioni di yen o pi\u00f9 da parte di societ\u00e0 quotate nel TSE e operazioni di fusione e acquisizione (M&amp;A) da parte di imprese venture. Fino ad ora, abbiamo fornito servizi legali a 1855 clienti.<\/p>\n\t\t\t\t<p class=\"mgb-middle\">&#8220;Comprendere l&#8217;IT e il business&#8221; \u00e8 ci\u00f2 che ci rende speciali.<\/p>\n\t\t\t\t<div class=\"btn-area\">\n\t\t\t\t\t<div class=\"btn icon-services\"><a href=\"\/it\/services\">Servizi<\/a><\/div>\n\t\t\t\t\t<div class=\"btn icon-overview-of-our-firm\"><a href=\"\/it\/overview-of-our-firm\">Panoramica del<br>Nostro Studio<\/a><\/div>\n\t\t\t\t<\/div>\n\t\t\t<\/div>\n\t\t<\/div>\n\t<\/div>\n<\/section>\n<section class=\"purple-section\">\n\t<div class=\"anchor\" id=\"access-map\"><\/div>\n\t<div class=\"section-inner\">\n\t\t<div class=\"flex reverse\">\n\t\t\t<div class=\"width41\"><img decoding=\"async\" src=\"\/wp-content\/themes\/monolith2021\/img\/about\/about_pic2.jpg\" alt=\"MONOLITH LAW OFFICE\"><\/div>\n\t\t\t<div class=\"width51\">\n\t\t\t\t<h3>MONOLITH LAW OFFICE (Ufficio di Otemachi)<\/h3>\n\t\t\t\t<p><a href=\"https:\/\/goo.gl\/maps\/YfcgPhBgXFyg1hHF6\" target=\"_blank\" rel=\"noopener noreferrer\">21\/F Financial City North Tower 1-9-5 Otemachi, Chiyoda-ku Tokyo 100-0004, Japan <\/a><\/p>\n\t\t\t\t<p>Metro di Tokyo: Linee Marunouchi, Tozai, Chiyoda, Hanzomon e Toei Subway Mita<\/p>\n\t\t\t\t<p class=\"mgb-small\"><a href=\"https:\/\/www.tokyometro.jp\/station\/otemachi\/yardmap\/index.html\" target=\"_blank\" rel=\"noopener noreferrer\">Accesso diretto dall&#8217;uscita A1 della stazione di Otemachi<\/a><\/p>\n\t\t\t\t<p>Shinkansen: Tohoku Shinkansen, Joetsu Shinkansen, Hokuriku Shinkansen, Hokkaido Shinkansen, Yamagata Shinkansen, Akita Shinkansen; JR: Linea Tokaido, Linea Keihin Tohoku, Linea Yamanote, Linea Chuo, Linea Yokosuka, Linea Keiyo; Metro di Tokyo: Linea Marunouchi<\/p>\n\t\t\t\t<p class=\"mgb-small\"><a href=\"https:\/\/www.tokyometro.jp\/station\/tokyo\/index.html\" target=\"_blank\" rel=\"noopener noreferrer\">7 minuti a piedi dall&#8217;uscita nord di Marunouchi della stazione di Tokyo<\/a><\/p>\n\t\t\t\t<p>Parcheggio di Otemachi Financial City<\/p>\n\t\t\t\t<p class=\"mgb-middle\"><a href=\"https:\/\/www.otemachi-financialcity.jp\/access\/\">1-9-5, 1-9-7, Otemachi, Chiyoda-ku, Tokyo<\/a><\/p>\n\t\t\t\t<div class=\"btn-area align-left\">\n\t\t\t\t\t<div class=\"btn icon-contact\"><a href=\"\/it\/contact\">Contattaci<\/a><\/div>\n\t\t\t\t<\/div>\n\t\t\t<\/div>\n\t\t<\/div>\n\t<\/div>\n<\/section>\t \n<section class=\"google-maps\"><iframe src=\"https:\/\/www.google.com\/maps\/embed?pb=!1m14!1m8!1m3!1d6480.976676769898!2d139.7597063!3d35.6895987!3m2!1i1024!2i768!4f13.1!3m3!1m2!1s0x60188cec724a6ae9%3A0x6efbadeb18528c88!2sMonolith%20Law%20Office!5e0!3m2!1sit!2sjp!4v1705298760894!5m2!1sit!2sjp\" width=\"600\" height=\"450\" style=\"border:0;\" allowfullscreen=\"\" loading=\"lazy\" referrerpolicy=\"no-referrer-when-downgrade\"><\/iframe><\/section>\n<section class=\"white-section\">\n\t<div class=\"anchor\" id=\"expansion-and-relocation-to-otemachi-financial-city\"><\/div>\n\t<div class=\"section-inner\">\n\t\t<div class=\"flex\">\n\t\t\t<div class=\"width41\"><img decoding=\"async\" src=\"\/wp-content\/uploads\/2022\/11\/financialcity.jpg\" alt=\"Espansione e Trasferimento a Otemachi Financial City\"><\/div>\n\t\t\t<div class=\"width51\">\n\t\t\t\t<h3>Espansione e Trasferimento a Otemachi Financial City<\/h3>\n\t\t\t\t<p class=\"mgb-small\">Dopo l&#8217;apertura a Yotsuya, Shinjuku-ku, Tokyo nel marzo 2017, MONOLITH LAW OFFICE si \u00e8 trasferito a Otemachi (Edificio Asahi Seimei Otemachi) nell&#8217;agosto 2018, grazie al vostro sostegno, ed \u00e8 stato incorporato come studio legale nel marzo 2020. Nel dicembre 2020, abbiamo aperto un ufficio distaccato al 29\u00b0 piano dello stesso edificio del nostro ufficio di Otemachi (Edificio Asahi Seimei Otemachi).<\/p>\n\t\t\t\t<p class=\"mgb-small\">Poi, nel settembre 2022, ci siamo espansi e trasferiti a Otemachi Financial City.<\/p>\n\t\t\t\t<p class=\"mgb-small\">Non vediamo l&#8217;ora di lavorare con voi.<\/p>\n\t\t\t<\/div>\n\t\t<\/div>\n\t<\/div>\n<\/section>\n","protected":false},"excerpt":{"rendered":"<p>Accesso ARGOMENTI Studio Legale Specializzato in IT, Internet e Affari Mappa di Accesso Espansione e Trasferimento a Otemachi Financial City Studio Legale Specializzato inIT, Internet e Diritto Commer [&hellip;]<\/p>\n","protected":false},"author":26,"featured_media":57041,"parent":0,"menu_order":10,"comment_status":"closed","ping_status":"closed","template":"other-page-temp.php","meta":{"footnotes":""},"acf":[],"_links":{"self":[{"href":"https:\/\/monolith.law\/it\/wp-json\/wp\/v2\/pages\/25864"}],"collection":[{"href":"https:\/\/monolith.law\/it\/wp-json\/wp\/v2\/pages"}],"about":[{"href":"https:\/\/monolith.law\/it\/wp-json\/wp\/v2\/types\/page"}],"author":[{"embeddable":true,"href":"https:\/\/monolith.law\/it\/wp-json\/wp\/v2\/users\/26"}],"replies":[{"embeddable":true,"href":"https:\/\/monolith.law\/it\/wp-json\/wp\/v2\/comments?post=25864"}],"version-history":[{"count":26,"href":"https:\/\/monolith.law\/it\/wp-json\/wp\/v2\/pages\/25864\/revisions"}],"predecessor-version":[{"id":61676,"href":"https:\/\/monolith.law\/it\/wp-json\/wp\/v2\/pages\/25864\/revisions\/61676"}],"wp:featuredmedia":[{"embeddable":true,"href":"https:\/\/monolith.law\/it\/wp-json\/wp\/v2\/media\/57041"}],"wp:attachment":[{"href":"https:\/\/monolith.law\/it\/wp-json\/wp\/v2\/media?parent=25864"}],"curies":[{"name":"wp","href":"https:\/\/api.w.org\/{rel}","templated":true}]}}