{"id":30684,"date":"2021-02-28T04:39:20","date_gmt":"2021-02-27T19:39:20","guid":{"rendered":"https:\/\/monolith.law\/?page_id=30684"},"modified":"2024-01-15T14:24:58","modified_gmt":"2024-01-15T05:24:58","slug":"id-of-the-defamatory-statement","status":"publish","type":"page","link":"https:\/\/monolith.law\/it\/id-of-the-defamatory-statement","title":{"rendered":"ID della Dichiarazione Diffamatoria"},"content":{"rendered":"\n<section class=\"heading-area\">\n\t<div class=\"heading-area-inner\">\n\t\t<h2 class=\"icon-id-of-the-defamatory-statement\">ID della Dichiarazione Diffamatoria<\/h2>\n\t\t<p>Secondo la legge giapponese, se un&#8217;azienda o un individuo subisce diffamazione o violazione della privacy da parte di un utente anonimo su internet, \u00e8 possibile identificare l&#8217;autore anonimo attraverso varie procedure legali facilitate dal tribunale. Anche se ci sono casi di diffamazione da parte di utenti anonimi nello spazio online giapponese, \u00e8 fattibile identificare l&#8217;autore e perseguire un risarcimento danni tramite un avvocato.<\/p>\n\t<\/div>\n<\/section>\n\n<section class=\"white-section\">\n\t<div class=\"section-inner pdt0 border-bottom-section\">\n\t\t<p class=\"mgb-small\">Se sei stato vittima di diffamazione da parte di un utente anonimo su internet e desideri richiedere un risarcimento danni, \u00e8 necessario prima identificare l&#8217;identit\u00e0 di tale utente. La legge giapponese prevede procedure legali per l&#8217;identificazione di utenti anonimi su internet.<\/p>\n\t\t<p>Il MONOLITH LAW OFFICE \u00e8 uno studio legale giapponese specializzato in questioni relative a internet. Abbiamo lavorato all&#8217;identificazione di autori di post diffamatori su richiesta di vari clienti, inclusi societ\u00e0 quotate in borsa, dirigenti di spicco e individui influenti. Con la nostra vasta esperienza e un track record comprovato, siamo attrezzati per gestire le controversie nello spazio online giapponese.<\/p>\n\t<\/div>\n<\/section>\n\n<section class=\"second-nav\">\n\t<div class=\"second-nav-inner\">\n\t\t<p>ARGOMENTI<\/p>\n\t\t<nav>\n\t\t\t<ul>\n\t\t\t\t<li><a href=\"#identification-of-the-defamatory-statement\">Identificazione della Dichiarazione Diffamatoria<\/a><\/li>\n\t\t\t\t<li><a href=\"#examples-of-identifications-by-our-firm-target-sites\">Esempi di identificazioni effettuate dal nostro studio: Siti Target<\/a><\/li>\n\t\t\t\t<li><a href=\"#examples-of-support-provided-by-our-firm\">Esempi di supporto fornito dal nostro studio<\/a><\/li>\n\t\t\t\t<li><a href=\"#procedures-for-identifying-authors-under-japanese-law\">Procedure per Identificare gli Autori secondo la Legge Giapponese<\/a><\/li>\n\t\t\t\t<li><a href=\"#publications-as-a-lawyer-specializing-in-mitigating-reputational-damage\">Pubblicazioni come Avvocato Specializzato nella Mitigazione dei Danni alla Reputazione<\/a><\/li>\n\t\t\t\t<li><a href=\"#monolith-law-magazine\">MONOLITH LAW MAGAZINE<\/a><\/li>\n\t\t\t\t<li><a href=\"#fee-structure\">Struttura dei Costi<\/a><\/li>\n\t\t\t<\/ul>\n\t\t<\/nav>\n\t<\/div>\n<\/section>\n\n<section class=\"white-section\">\n\t<div class=\"anchor\" id=\"identification-of-the-defamatory-statement\"><\/div>\n\t<div class=\"section-inner\">\n\t\t<div class=\"flex\">\n\t\t\t<div class=\"width41\"><img decoding=\"async\" src=\"\/wp-content\/themes\/monolith2021\/img\/pic\/pic_reputation.jpg\" alt=\"Fonte dell'Identificazione della Dichiarazione Diffamatoria\"><\/div>\n\t\t\t<div class=\"width51\">\n\t\t\t\t<h3>Identificazione della Dichiarazione Diffamatoria<\/h3>\n\t\t\t\t<p>Secondo la legge giapponese, \u00e8 possibile intraprendere azioni legali per identificare gli individui responsabili di post illegali, inclusi quelli diffamatori, attraverso una procedura giudiziaria. Se la tua azienda \u00e8 presa di mira da utenti internet anonimi che si impegnano in attacchi sul web giapponese, potrebbe essere possibile divulgare l&#8217;identit\u00e0, compreso il nome e l&#8217;indirizzo, dell&#8217;utente anonimo consultando un avvocato altamente specializzato. Una volta rivelata l&#8217;identit\u00e0, potresti avere l&#8217;opportunit\u00e0 di presentare una richiesta di risarcimento danni contro l&#8217;utente internet. \u00c8 fondamentale lavorare con un avvocato esperto che possa guidarti attraverso il processo legale e proteggere gli interessi della tua azienda.<\/p>\n\t\t\t<\/div>\n\t\t<\/div>\n\t<\/div>\n<\/section>\n\n<section class=\"white-section mgb-section\">\n\t<div class=\"anchor\" id=\"examples-of-identifications-by-our-firm-target-sites\"><\/div>\n\t<div class=\"section-inner-black\">\n\t\t<h3 class=\"mgb-middle\">Esempi di identificazioni effettuate dal nostro studio: Siti Target<\/h3>\n\t\t<p class=\"mgb-middle\">Il MONOLITH LAW OFFICE ha un&#8217;esperienza e competenza comprovate nell&#8217;identificare gli autori di post diffamatori su vari siti web, che includono casi di diffamazione, violazione della privacy, violazione del diritto d&#8217;autore e impersonificazione. Abbiamo assistito con successo i clienti nell&#8217;identificare gli autori dietro tali post, utilizzando la nostra esperienza e conoscenza nel campo.<\/p>\n\t\t<p class=\"mgb-middle\">2channel, 5channel, Twitter, Facebook, Instagram, Google Maps (My Business), Yahoo! Finance, Food Log, recensioni dei clienti su Amazon, Girls Channel, Bakusai, Mansion Community, Hostlove e vari altri siti di bacheche elettroniche. Yahoo! Chiebukuro, riepilogo NAVER, ricerca numeri di telefono (jpnumber, ecc.), Livedoor Blog, FC2 Blog, Ameba Blog, Hatena Blog, ecc. Altri vari siti di blog, YouTube, Nico Nico Douga, FC2 Video e altri siti di video. MILKCAFE, openwork, Lighthouse (precedentemente Reputazione di Kaisha), altri siti di recensioni di lavoro, altri siti con dominio originale.<\/p>\n\t<\/div>\n<\/section>\n\n<section class=\"purple-section\">\n\t<div class=\"anchor\" id=\"examples-of-support-provided-by-our-firm\"><\/div>\n\t<div class=\"section-inner\">\n\t\t<h3 class=\"mgb-middle\">Esempi di supporto fornito dal nostro studio<\/h3>\n\t\t<ul class=\"layout-column4 mgb-big\">\n\t\t\t<li>\n\t\t\t\t<div><img decoding=\"async\" src=\"\/wp-content\/themes\/monolith2021\/img\/identificationofslander\/identificationofslander_support_pic1.jpg\" alt=\"Societ\u00e0 quotata alla TSE\"><\/div>\n\t\t\t\t<h4>Azienda quotata alla TSE<\/h4>\n\t\t\t\t<p>Abbiamo identificato gli autori di post persistenti che diffondevano informazioni false, come scandali interni, su piattaforme come Yahoo! Finance e Google Reviews.<\/p>\n\t\t\t<\/li>\n\t\t\t<li>\n\t\t\t\t<div><img decoding=\"async\" src=\"\/wp-content\/themes\/monolith2021\/img\/identificationofslander\/identificationofslander_support_pic2.jpg\" alt=\"Esecutivo di spicco\"><\/div>\n\t\t\t\t<h4>Esecutivo di spicco<\/h4>\n\t\t\t\t<p>Abbiamo effettuato l&#8217;identificazione degli autori per account su Twitter coinvolti in diffamazione, impersonificazione e post denigratori diretti verso singoli esecutivi.<\/p>\n\t\t\t<\/li>\n\t\t\t<li>\n\t\t\t\t<div><img decoding=\"async\" src=\"\/wp-content\/themes\/monolith2021\/img\/systemdevelopment\/systemdevelopment_support_pic3.jpg\" alt=\"Societ\u00e0 commerciale\"><\/div>\n\t\t\t\t<h4>Societ\u00e0 commerciale<\/h4>\n\t\t\t\t<p>Abbiamo condotto l&#8217;identificazione degli autori di post diffamatori mirati a specifici esecutivi su bacheche di messaggi anonime come 5channel e Google Reviews.<\/p>\n\t\t\t<\/li>\n\t\t\t<li>\n\t\t\t\t<div><img decoding=\"async\" src=\"\/wp-content\/themes\/monolith2021\/img\/identificationofslander\/identificationofslander_support_pic4.jpg\" alt=\"YouTuber di rilievo\"><\/div>\n\t\t\t\t<h4>YouTuber di rilievo<\/h4>\n\t\t\t\t<p>Abbiamo assistito nell&#8217;identificazione degli autori in casi di fuga di informazioni personali e commenti diffamatori su video di altri YouTuber, blog personali e altre piattaforme.<\/p>\n\t\t\t<\/li>\n\t\t<\/ul>\n\t\t<div class=\"frame2-white max-width860 txt-center-pc\">\n\t\t\t<p class=\"txt-l bold\">L&#8217;identificazione degli autori richiede un&#8217;alta specializzazione, che comprende la pianificazione strategica e compiti operativi specifici.<\/p>\n\t\t<\/div>\n\t<\/div>\n<\/section>\n\n<section class=\"white-section\">\n\t<div class=\"anchor\" id=\"procedures-for-identifying-authors-under-japanese-law\"><\/div>\n\t<div class=\"section-inner pdb0\">\n\t\t<h3>Procedure per l&#8217;Identificazione degli Autori secondo la Legge Giapponese<\/h3>\n\t\t<p class=\"mgb-middle\">In Giappone, sono disponibili varie procedure legali per identificare gli autori di post diffamatori online e combattere la diffamazione cibernetica. Come professionisti legali, impieghiamo queste procedure in modo selettivo e combinato per ottenere l&#8217;identificazione dell&#8217;autore. Sebbene sia complesso fornire una spiegazione esaustiva in questa pagina a causa della natura altamente specializzata di queste procedure, forniremo una panoramica.<\/p>\n\t\t<ul class=\"layout-datalist\">\n\t\t\t<li>\n\t\t\t\t<h4>A: Richiesta di Divulgazione (Disposizione Provvisoria)<\/h4>\n\t\t\t\t<p>Questa misura provvisoria accelerata ci consente di richiedere agli operatori di siti web o agli amministratori di server di hosting di divulgare l&#8217;indirizzo IP dell&#8217;autore del post, senza ricorrere a un contenzioso formale. Tuttavia, \u00e8 importante notare che alcuni siti web possono fornire la divulgazione dell&#8217;indirizzo IP volontariamente attraverso negoziazioni informali senza la necessit\u00e0 di questo procedimento. Prendere la decisione giusta in tali casi richiede l&#8217;esperienza e la competenza di avvocati esperti.<\/p>\n\t\t\t<\/li>\n\t\t\t<li>\n\t\t\t\t<h4>B: Divieto di Cancellazione delle Informazioni<\/h4>\n\t\t\t\t<p>Analizzando l&#8217;indirizzo IP divulgato ottenuto tramite la Procedura A, \u00e8 possibile identificare il fornitore di servizi internet (ISP) utilizzato dall&#8217;utente anonimo. Nella Procedura C, \u00e8 fondamentale richiedere all&#8217;ISP di non eliminare le informazioni del mittente (dati di log relativi alla connessione internet dell&#8217;utente) per preservare le prove.<\/p>\n\t\t\t<\/li>\n\t\t\t<li>\n\t\t\t\t<h4>C: Richiesta di Divulgazione (Causa Legale)<\/h4>\n\t\t\t\t<p>Questa procedura comporta il citare in giudizio l&#8217;ISP identificato come convenuto per richiedere la divulgazione dell&#8217;indirizzo e del nome dell&#8217;utente anonimo. Nel caso di siti web dove l&#8217;utente anonimo ha registrato un numero di telefono, questa procedura pu\u00f2 essere utilizzata contro l&#8217;operatore del sito per richiedere la divulgazione di tale numero di telefono. Misure provvisorie rapide non possono essere utilizzate in questa procedura, e si richiede un contenzioso formale secondo i precedenti legali giapponesi.<\/p>\n\t\t\t<\/li>\n\t\t\t<li>\n\t\t\t\t<h4>D: Ordine di Divulgazione (Emendamento del 2022)<\/h4>\n\t\t\t\t<p>Questo nuovo quadro legale, introdotto con l&#8217;emendamento del 2022, combina le Procedure A, B e C in un&#8217;unica procedura, consentendo l&#8217;attuazione di tutti i passaggi (A, B e C) in un arco di tempo pi\u00f9 breve. Questa procedura utilizza un meccanismo accelerato. Attualmente, questa procedura \u00e8 considerata il principio generale per l&#8217;identificazione dell&#8217;autore. Tuttavia, ci sono eccezioni, come siti web dove \u00e8 registrato solo un numero di telefono senza un indirizzo IP o casi in cui la divulgazione dell&#8217;indirizzo IP pu\u00f2 essere ottenuta tramite negoziazioni volontarie. L&#8217;esperienza e il know-how dei professionisti legali sono essenziali nel gestire queste eccezioni.<\/p>\n\t\t\t<\/li>\n\t\t\t<li>\n\t\t\t\t<h4>E: Procedura di indagine attraverso l&#8217;Ordine degli Avvocati<\/h4>\n\t\t\t\t<p>Nei casi in cui il numero di telefono del poster diventa noto durante le procedure sopra menzionate, \u00e8 necessario richiedere la divulgazione dell&#8217;indirizzo o del nome della persona che utilizza quel numero di telefono dal gestore di telecomunicazioni. In Giappone, i gestori di telefonia mobile hanno la pratica di fornire la divulgazione delle informazioni quando un avvocato fa un&#8217;indagine appropriata attraverso il loro Ordine degli Avvocati affiliato.<\/p>\n\t\t\t<\/li>\n\t\t<\/ul>\n\t<\/div>\n<\/section>\n\n<section class=\"white-section\">\n\t<div class=\"section-inner\">\n\t\t<div class=\"frame2 max-width860 txt-center-pc\">\n\t\t\t<p class=\"bold txt-l\">Identificare gli autori di post diffamatori in conformit\u00e0 con la legge giapponese \u00e8 effettivamente un&#8217;area altamente complessa e specializzata. Se avete domande o preoccupazioni, compresi gli aspetti di fattibilit\u00e0 e costo, non esitate a contattarci. Siamo qui per assistervi e fornire la guida necessaria.<\/p>\n\t\t<\/div>\n\t<\/div>\n<\/section>\n\n<section class=\"orange-section\">\n\t<div class=\"anchor\" id=\"publications-as-a-lawyer-specializing-in-mitigating-reputational-damage\"><\/div>\n\t<div class=\"section-inner\">\n\t\t<div class=\"flex\">\n\t\t\t<div class=\"width41\"><img decoding=\"async\" src=\"\/wp-content\/themes\/monolith2021\/img\/pic\/pic_publishing2.jpg\" alt=\"Pubblicazioni come Avvocato Specializzato nella Mitigazione dei Danni alla Reputazione\"><\/div>\n\t\t\t<div class=\"width51\">\n\t\t\t\t<h3>Pubblicazioni come Avvocato Specializzato nella Mitigazione dei Danni alla Reputazione<\/h3>\n\t\t\t\t<p class=\"mgb-small\">Ho partecipato alla redazione di &#8220;Precedenti Giudiziari della Legge sulla Limitazione della Responsabilit\u00e0 dei Provider&#8221;, una raccolta di precedenti giudiziari sulle contromisure ai danni alla reputazione, come parte del Gruppo di Studio Pratico sulla Legge sulla Limitazione della Responsabilit\u00e0 dei Provider formato da avvocati.<\/p>\n\t\t\t\t<p>Ho pubblicato &#8220;Tatuaggio Digitale &#8211; Diffamazione su Internet e Archivio dei Casi di Danno alla Reputazione&#8221; con Jiyuukokumin-sha, editore di &#8220;Gendai Yogo no Kihonjitsu&#8221; (Conoscenza di Base della Terminologia Moderna), e sono stato incaricato di redigere la sceneggiatura del drama del sabato della NHK &#8220;Tatuaggio Digitale&#8221; basato su questo record di pubblicazione.<\/p>\n\t\t\t<\/div>\n\t\t<\/div>\n\t<\/div>\n<\/section>\n\n<section class=\"purple2-section\">\n\t<div class=\"anchor\" id=\"monolith-law-magazine\"><\/div>\n\t<div class=\"section-inner\">\n\t\t    <section class=\"white-section temp-article\">\n        <div class=\"section-inner\">\n            <h4>MONOLITH LAW MAGAZINE<\/h4>\n            <div class=\"articles type_practice_column\">\n                                                                    <div class=\"article article-area\">\n                        <figure>\n                            <div class=\"img-wrap\">\n                                <img alt=\"Come conservare le prove di diffamazione su Instagram? Guida al salvataggio di prove utilizzabili in tribunale\" src=\"https:\/\/monolith.law\/it\/wp-content\/uploads\/sites\/15\/2025\/08\/b7a6d88c3f4a061d0c0c2cfa711ac604.webp\" width=\"500\" height=\"250\">\n                            <\/div>\n                            <figcaption>\n                                <div class=\"figcaption-inner\">\n                                    <h3>Come conservare le prove di diffamazione su Instagram? Guida al salvataggio di p.<\/h3>\n                                <\/div>\n                            <\/figcaption>\n                            <a href=\"https:\/\/monolith.law\/it\/it\/instagram-preservation-evidence\"><\/a>\n                        <\/figure>\n                    <\/div>\n                                                    <div class=\"article article-area\">\n                        <figure>\n                            <div class=\"img-wrap\">\n                                <img alt=\"\u00c8 possibile richiedere la divulgazione di insulti e diffamazioni nei giochi online? Spiegazione anche della procedura giudiziaria per identificare l'altra parte\" src=\"https:\/\/monolith.law\/it\/wp-content\/uploads\/sites\/15\/2024\/11\/onlinegame1.webp\" width=\"500\" height=\"250\">\n                            <\/div>\n                            <figcaption>\n                                <div class=\"figcaption-inner\">\n                                    <h3>\u00c8 possibile richiedere la divulgazione di insulti e diffamazioni nei giochi onli.<\/h3>\n                                <\/div>\n                            <\/figcaption>\n                            <a href=\"https:\/\/monolith.law\/it\/internet\/onlinegame-defamation\"><\/a>\n                        <\/figure>\n                    <\/div>\n                                                    <div class=\"article article-area\">\n                        <figure>\n                            <div class=\"img-wrap\">\n                                <img alt=\"\u00c8 possibile richiedere la divulgazione dei dati su LINE? Spiegazione sull'identificazione personale tramite la divulgazione delle informazioni del mittente\" src=\"https:\/\/monolith.law\/it\/wp-content\/uploads\/sites\/15\/2024\/11\/29578280_m.webp\" width=\"500\" height=\"250\">\n                            <\/div>\n                            <figcaption>\n                                <div class=\"figcaption-inner\">\n                                    <h3>\u00c8 possibile richiedere la divulgazione dei dati su LINE? Spiegazione sull'identi.<\/h3>\n                                <\/div>\n                            <\/figcaption>\n                            <a href=\"https:\/\/monolith.law\/it\/internet\/line-disclosure-request\"><\/a>\n                        <\/figure>\n                    <\/div>\n                                            <\/div>\n            <div class=\"btn-more\"><a href=\"https:\/\/monolith.law\/it\/tag\/id-of-the-defamatory-statement\">Leggi tutto<\/a><\/div>\n        <\/div>\n    <\/section>\n\t<\/div>\n<\/section>\n\n<section class=\"orange2-section\">\n\t<div class=\"anchor\" id=\"fee-structure\"><\/div>\n\t<div class=\"section-inner\">\n\t<div class=\"planWrap\">\n\t<h3>Fee Structure<\/h3>\n\t<ul class=\"plan\">\n\t\t<li class=\"txt-left\">\n\t\t\t<div class=\"plan-inner\">\n\t\t\t<div class=\"plan-header\">\n\t\t\t<h4 class=\"plan-title\">Tariffa Oraria<\/h4>\n\t\t\t<div class=\"plan-price\"><span class=\"price-figure\">$300<\/span> all&#8217;ora <span class=\"price-tax\"><\/span><\/div>\n\t\t\t<\/div>\n\t\t\t<div class=\"plan-body\">In certi casi, potremmo considerare l&#8217;accettazione di una disputa o di un&#8217;azione legale con un onorario iniziale e un onorario di risultato. Per maggiori dettagli, non esitate a contattarci.<\/div>\n\t\t\t<\/div>\n\t\t<\/li>\n\t\t<li class=\"txt-left\">\n\t\t\t<div class=\"plan-inner\">\n\t\t\t<div class=\"plan-header\">\n\t\t\t<h4 class=\"plan-title\">Redazione di Contratti<\/h4>\n\t\t\t<div class=\"plan-price\"><span class=\"price-value\">da<\/span><span class=\"price-figure\">$500<\/span><span class=\"price-value\">a $2,000 o pi\u00f9<\/span><span class=\"price-tax\"><\/span><\/div>\n\t\t\t<\/div>\n\t\t\t<div class=\"plan-body\">La struttura dei prezzi pu\u00f2 variare in base al tipo e alla quantit\u00e0 di contratti. Siamo lieti di offrire un preventivo preliminare su richiesta, quindi vi incoraggiamo a contattarci per ulteriori dettagli.<\/div>\n\t\t\t<\/div>\n\t\t<\/li>\n\t\t<li class=\"txt-left\">\n\t\t\t<div class=\"plan-inner\">\n\t\t\t<div class=\"plan-header\">\n\t\t\t<h4 class=\"plan-title\">Altri Servizi<\/h4>\n\t\t\t<div class=\"plan-price\"><span class=\"price-figure\">Contattateci<\/span><\/div>\n\t\t\t<\/div>\n\t\t\t<div class=\"plan-body\">Offriamo una vasta gamma di servizi che includono la costituzione di societ\u00e0, la revisione di contratti, pareri legali, revisione di casi o lettere di ricerca. Se avete domande o dubbi, vi invitiamo cordialmente a contattarci e il nostro team esperto sar\u00e0 felice di assistervi.<\/div>\n\t\t\t<\/div>\n\t\t\t<\/div>\n\t\t<\/li>\n\t<\/ul>\n\t<\/div>\n\t<\/div>\n<\/section>\n\n<section class=\"white-section\">\n\t<div class=\"section-inner\">\n\t\t<div class=\"btn-area\">\n\t\t\t<div class=\"btn icon-contact\"><a href=\"\/it\/contact\">Contattateci<\/a><\/div>\n\t\t<\/div>\n\t<\/div>\n<\/section>\n","protected":false},"excerpt":{"rendered":"<p>ID della Dichiarazione Diffamatoria Secondo la legge giapponese, se un&#8217;azienda o un individuo subisce diffamazione o violazione della privacy da parte di un utente anonimo su internet, \u00e8 possibi [&hellip;]<\/p>\n","protected":false},"author":1,"featured_media":57174,"parent":0,"menu_order":7,"comment_status":"closed","ping_status":"closed","template":"other-page-temp.php","meta":{"footnotes":""},"acf":[],"_links":{"self":[{"href":"https:\/\/monolith.law\/it\/wp-json\/wp\/v2\/pages\/30684"}],"collection":[{"href":"https:\/\/monolith.law\/it\/wp-json\/wp\/v2\/pages"}],"about":[{"href":"https:\/\/monolith.law\/it\/wp-json\/wp\/v2\/types\/page"}],"author":[{"embeddable":true,"href":"https:\/\/monolith.law\/it\/wp-json\/wp\/v2\/users\/1"}],"replies":[{"embeddable":true,"href":"https:\/\/monolith.law\/it\/wp-json\/wp\/v2\/comments?post=30684"}],"version-history":[{"count":28,"href":"https:\/\/monolith.law\/it\/wp-json\/wp\/v2\/pages\/30684\/revisions"}],"predecessor-version":[{"id":61646,"href":"https:\/\/monolith.law\/it\/wp-json\/wp\/v2\/pages\/30684\/revisions\/61646"}],"wp:featuredmedia":[{"embeddable":true,"href":"https:\/\/monolith.law\/it\/wp-json\/wp\/v2\/media\/57174"}],"wp:attachment":[{"href":"https:\/\/monolith.law\/it\/wp-json\/wp\/v2\/media?parent=30684"}],"curies":[{"name":"wp","href":"https:\/\/api.w.org\/{rel}","templated":true}]}}