{"id":31513,"date":"2021-04-13T15:59:32","date_gmt":"2021-04-13T06:59:32","guid":{"rendered":"https:\/\/monolith.law\/?page_id=31513"},"modified":"2024-01-15T14:26:15","modified_gmt":"2024-01-15T05:26:15","slug":"m-and-a-of-sns-accounts","status":"publish","type":"page","link":"https:\/\/monolith.law\/it\/m-and-a-of-sns-accounts","title":{"rendered":"M&amp;A di Account SNS"},"content":{"rendered":"\n<section class=\"heading-area\">\n\t<div class=\"heading-area-inner\">\n\t\t<h2 class=\"icon-m-and-a-of-sns-accounts\">M&amp;A di Account SNS<\/h2>\n\t\t<p>Le M&amp;A di canali YouTube e account Twitter sono aree altamente specializzate che richiedono conoscenze e competenze specifiche. Come studio legale con specialisti in IT, Internet e business, forniamo un&#8217;assistenza completa in questo ambito.<\/p>\n\t<\/div>\n<\/section>\n\n<section class=\"white-section\">\n\t<div class=\"section-inner pdt0 border-bottom-section\">\n\t\t<p>Similmente ai siti web, anche i canali YouTube e gli account Twitter possono essere oggetto di M&amp;A. Tuttavia, poich\u00e9 queste M&amp;A rappresentano situazioni uniche, \u00e8 necessario affidarsi a uno studio legale con conoscenze e competenze specializzate. MONOLITH LAW OFFICE \u00e8 uno studio legale specializzato in IT, Internet e business. I nostri avvocati gestiscono ogni aspetto di molteplici M&amp;A, da piccoli progetti che coinvolgono canali YouTube a progetti del valore di oltre 100 milioni di yen, dalla redazione di contratti alla due diligence (DD).<\/p>\n\t<\/div>\n<\/section>\n\n<section class=\"second-nav\">\n\t<div class=\"second-nav-inner\">\n\t\t<p>ARGOMENTI<\/p>\n\t\t<nav>\n\t\t\t<ul>\n\t\t\t\t<li><a href=\"#an-example-of-ma-track-record\">Esempi di esperienze in M&amp;A<\/a><\/li>\n\t\t\t\t<li><a href=\"#ma-special-feature-on-sns-such-as-youtube\">Approfondimento speciale su M&amp;A in SNS come YouTube<\/a><\/li>\n\t\t\t\t<li><a href=\"#responding-to-legal-due-diligence-dd\">Risposta alla due diligence legale<\/a><\/li>\n\t\t\t\t<li><a href=\"#legal-due-diligence-dd-peculiarities-of-sns-etc\">Particolarit\u00e0 della due diligence legale in SNS<\/a><\/li>\n\t\t\t\t<li><a href=\"#an-example-of-our-client\">Un esempio dei nostri clienti<\/a><\/li>\n\t\t\t\t<li><a href=\"#book-writing-records\">Record di pubblicazioni<\/a><\/li>\n\t\t\t\t<li><a href=\"#media-appearance-record\">Record di apparizioni nei media<\/a><\/li>\n\t\t\t\t<li><a href=\"#monolith-law-magazine\">MONOLITH LAW MAGAZINE<\/a><\/li>\n\t\t\t\t<li><a href=\"#fee-structure\">Struttura dei compensi<\/a><\/li>\n\t\t\t<\/ul>\n\t\t<\/nav>\n\t<\/div>\n<\/section>\n\n<section class=\"white-section\">\n\t<div class=\"anchor\" id=\"an-example-of-ma-track-record\"><\/div>\n\t<div class=\"section-inner\">\n\t\t<h3>Esempi di esperienze in M&amp;A<\/h3>\n\t\t<ul class=\"layout-column4\">\n\t\t\t<li>\n\t\t\t\t<div><img decoding=\"async\" src=\"\/wp-content\/themes\/monolith2021\/img\/practices-youtuberlaw\/practices-youtuberlaw_necessity_pic3.jpg\" alt=\"YouTube channel\"><\/div>\n\t\t\t\t<h4>Canale YouTube<\/h4>\n\t\t\t\t<p>Abbiamo un&#8217;esperienza in transazioni di M&amp;A e due diligence superiori ai 100 milioni di yen, come il trasferimento di canali YouTube di VTuber e anime.<\/p>\n\t\t\t<\/li>\n\t\t\t<li>\n\t\t\t\t<div><img decoding=\"async\" src=\"\/wp-content\/themes\/monolith2021\/img\/snsmalaw\/snsmalaw_example_pic2.jpg\" alt=\"Account Twitter\"><\/div>\n\t\t\t\t<h4>Account Twitter<\/h4>\n\t\t\t\t<p>Gestiamo un elevato numero di contratti e due diligence relativi al trasferimento di account Twitter che forniscono informazioni.<\/p>\n\t\t\t<\/li>\n\t\t\t<li>\n\t\t\t\t<div><img decoding=\"async\" src=\"\/wp-content\/themes\/monolith2021\/img\/snsmalaw\/snsmalaw_example_pic3.jpg\" alt=\"Account Instagram\"><\/div>\n\t\t\t\t<h4>Account Instagram<\/h4>\n\t\t\t\t<p>Supportiamo il trasferimento di account Instagram nell&#8217;ambito del trasferimento aziendale di media proprietari.<\/p>\n\t\t\t<\/li>\n\t\t\t<li>\n\t\t\t\t<div><img decoding=\"async\" src=\"\/wp-content\/themes\/monolith2021\/img\/snsmalaw\/snsmalaw_example_pic4.jpg\" alt=\"Altri SNS\"><\/div>\n\t\t\t\t<h4>Altri SNS<\/h4>\n\t\t\t\t<p>Abbiamo anche esperienza e know-how riguardo ad altri SNS e servizi web.<\/p>\n\t\t\t<\/li>\n\t\t<\/ul>\n\t<\/div>\n<\/section>\n\n<section class=\"white-section\">\n\t<div class=\"section-inner pdt0\">\n\t\t<div class=\"frame2 max-width860 txt-center-pc\">\n\t\t\t<p class=\"bold txt-l\">Il MONOLITH LAW OFFICE \u00e8 uno studio legale specializzato in IT, Internet e affari.<br class=\"pcOnly\">Forniamo servizi legali che vanno dalla redazione di contratti alla due diligence (DD) per M&amp;A, inclusi canali YouTube,<br class=\"pcOnly\"> da piccole trattative a transazioni che superano i 100 milioni di yen.<br class=\"pcOnly\"><\/p>\n\t\t<\/div>\n\t<\/div>\n<\/section>\n\n<section class=\"orange-section\">\n\t<div class=\"anchor\" id=\"ma-special-feature-on-sns-such-as-youtube\"><\/div>\n\t<div class=\"section-inner\">\n\t\t<h3>Caratteristiche speciali delle operazioni di M&amp;A su SNS come YouTube<\/h3>\n\t\t<ul class=\"layout-column4\">\n\t\t\t<li>\n\t\t\t\t<div><img decoding=\"async\" src=\"\/wp-content\/themes\/monolith2021\/img\/snsmalaw\/snsmalaw_specificity_pic1.jpg\" alt=\"Affari legali IT\/Internet\"><\/div>\n\t\t\t\t<h4>Affari legali IT\/Internet<\/h4>\n\t\t\t\t<p>Sarebbe difficile determinare correttamente i punti di controllo legali relativi alla transazione senza l&#8217;esperienza di uno studio legale con una vasta esperienza in IT e Internet.<\/p>\n\t\t\t<\/li>\n\t\t\t<li>\n\t\t\t\t<div><img decoding=\"async\" src=\"\/wp-content\/themes\/monolith2021\/img\/snsmalaw\/snsmalaw_specificity_pic2.jpg\" alt=\"Diritto di propriet\u00e0 intellettuale\"><\/div>\n\t\t\t\t<h4>Diritto di propriet\u00e0 intellettuale<\/h4>\n\t\t\t\t<p>Per gestire correttamente i diritti durante il trasferimento di account SNS, \u00e8 richiesta una conoscenza esperta dei diritti di propriet\u00e0 intellettuale, come i diritti d&#8217;autore.<\/p>\n\t\t\t<\/li>\n\t\t\t<li>\n\t\t\t\t<div><img decoding=\"async\" src=\"\/wp-content\/themes\/monolith2021\/img\/snsmalaw\/snsmalaw_specificity_pic3.jpg\" alt=\"Licenze, ecc.\"><\/div>\n\t\t\t\t<h4>Licenze IP<\/h4>\n\t\t\t\t<p>Comprendere le licenze stabilite da terze parti \u00e8 essenziale quando si diffonde contenuto su vari media, e farlo correttamente \u00e8 un compito altamente specializzato.<\/p>\n\t\t\t<\/li>\n\t\t\t<li>\n\t\t\t\t<div><img decoding=\"async\" src=\"\/wp-content\/themes\/monolith2021\/img\/snsmalaw\/snsmalaw_specificity_pic4.jpg\" alt=\"Termini e Linee Guida\"><\/div>\n\t\t\t\t<h4>Termini<\/h4>\n\t\t\t\t<p>Ad esempio, il processo di Due Diligence (DD) per i canali YouTube richiede la conoscenza della terminologia e l&#8217;aggiornamento sulle versioni pi\u00f9 recenti di varie linee guida.<\/p>\n\t\t\t<\/li>\n\t\t<\/ul>\n\t<\/div>\n<\/section>\n\n<section class=\"white-section\">\n\t<div class=\"anchor\" id=\"responding-to-legal-due-diligence-dd\"><\/div>\n\t<div class=\"section-inner\">\n\t\t<div class=\"flex reverse\">\n\t\t\t<div class=\"width41\"><img decoding=\"async\" src=\"\/wp-content\/themes\/monolith2021\/img\/pic\/pic_legalduediligence.jpg\" alt=\"Risposta alla due diligence legale (DD)\"><\/div>\n\t\t\t<div class=\"width51\">\n\t\t\t\t<h3>Risposta alla due diligence legale<\/h3>\n\t\t\t\t<p class=\"mgb-small\">Il trasferimento di attivit\u00e0 di account SNS come canali YouTube e Twitter, cos\u00ec come il trasferimento di azioni di societ\u00e0 che li possiedono, sono contratti che, in alcuni casi, richiedono una due diligence legale (DD), proprio come le cosiddette M&amp;A ordinarie.<\/p>\n\t\t\t\t<p class=\"mgb-small\">Il nostro studio, MONOLITH LAW OFFICE, prepara anche la due diligence legale (DD) e i rapporti DD per tali transazioni M&amp;A altamente specializzate.<\/p>\n\t\t\t\t<p class=\"txt-s\">* Nel caso della creazione di un rapporto DD, le ore di lavoro dell&#8217;avvocato sono, in linea di principio, 30 ore o pi\u00f9 (l&#8217;onorario dell&#8217;avvocato \u00e8 di 1 milione di yen o pi\u00f9).<\/p>\n\t\t\t<\/div>\n\t\t<\/div>\n\t<\/div>\n<\/section>\n\n<section class=\"white-section\">\n\t<div class=\"anchor\" id=\"legal-due-diligence-dd-peculiarities-of-sns-etc\"><\/div>\n\t<div class=\"section-inner-black\">\n\t\t<h3><br class=\"spOnly\">Caratteristiche speciali della due diligence legale per i social network<\/h3>\n\t\t<p class=\"mgb-small\">Quando si conduce una due diligence (DD) per una fusione o acquisizione (M&amp;A) di un canale YouTube, ad esempio, \u00e8 fondamentale valutare la legalit\u00e0 dei video pubblicati sul canale, nonch\u00e9 la loro compatibilit\u00e0 con i termini di servizio di YouTube e le varie linee guida. Se emergono problemi in questi ambiti, i video pubblici possono essere rimossi e, nel peggiore dei casi, possono essere adottate misure come la sospensione dell&#8217;account, il che potrebbe portare a una valutazione errata del valore del canale.<\/p>\n\t\t<p class=\"mgb-small\">Per far ci\u00f2, \u00e8 necessaria una conoscenza legale in vari campi, inclusi i diritti d&#8217;autore degli oggetti e della musica utilizzati nei video, i diritti all&#8217;immagine e alla privacy relativi all&#8217;aspetto delle persone, e le normative pubblicitarie che possono essere problematiche quando si introducono cosmetici e alimenti salutari. \u00c8 critico comprendere i termini di utilizzo e le varie linee guida, oltre a rimanere aggiornati con l&#8217;ultima versione.<\/p>\n\t\t<p class=\"mgb-middle\">Inoltre, poich\u00e9 i termini di utilizzo e le linee guida sono creati volontariamente, \u00e8 essenziale trovare uno studio legale specializzato in questo campo, come il MONOLITH LAW OFFICE.<\/p>\n\n\n\n\t<\/div>\n<\/section>\n\n<section class=\"white-section\">\n\t<div class=\"anchor\" id=\"an-example-of-our-client\"><\/div>\n\t<div class=\"section-inner\">\n\t\t<h3>Un esempio dei nostri clienti<\/h3>\n\t\t<ul class=\"layout-column4 mgb-middle\">\n\t\t\t<li>\n\t\t\t\t<div><img decoding=\"async\" src=\"\/wp-content\/themes\/monolith2021\/img\/clients\/logo_zizai.png\" alt=\"ZIZAI\"><\/div>\n\t\t\t\t<h4><a href=\"https:\/\/zizai.co.jp\/\" target=\"_blank\" rel=\"noopener noreferrer\">ZIZAI Inc.<\/a><\/h4>\n\t\t\t\t<p>Gestiamo un progetto per ZIZAI Inc., che gestisce il VTuber\/virtual YouTuber Miraiakari e il canale di video formativi per pachinko\/slot Sulopachi Station.<\/p>\n\t\t\t<\/li>\n\t\t\t<li>\n\t\t\t\t<div><img decoding=\"async\" src=\"\/wp-content\/themes\/monolith2021\/img\/clients\/logo_plott.png\" alt=\"Plott Inc.\"><\/div>\n\t\t\t\t<h4><a href=\"https:\/\/plott.tokyo\/\" target=\"_blank\" rel=\"noopener noreferrer\">Plott Inc.<\/a><\/h4>\n\t\t\t\t<p>Gestiamo un progetto di Plott Co., Ltd., che gestisce canali YouTube di anime come &#8220;Teikou Penguin&#8221;, &#8220;KAREKORE of MIXED BLOOD&#8221;, &#8220;Grim Reaper Flag Chan!&#8221; e &#8220;Yaruminati&#8221;.<\/p>\n\t\t\t<\/li>\n\t\t\t<li>\n\t\t\t\t<div><img decoding=\"async\" src=\"\/wp-content\/themes\/monolith2021\/img\/clients\/logo_algorithm.png\" alt=\"Algorithm\"><\/div>\n\t\t\t\t<h4><a href=\"https:\/\/algorithms.co.jp\/\" target=\"_blank\" rel=\"noopenerrnoreferrer noopener\">Algorithm Inc.<\/a><\/h4>\n\t\t\t\t<p>Gestiamo un progetto per Algorithm Inc., la cui attivit\u00e0 principale \u00e8 l&#8217;acquisizione e l&#8217;attivazione di media affiliati, oltre alla gestione di &#8220;feely&#8221; e &#8220;tabiyori&#8221;.<\/p>\n\t\t\t<\/li>\n\t\t\t<li>\n\t\t\t\t<div><img decoding=\"async\" src=\"\/wp-content\/themes\/monolith2021\/img\/clients\/logo_mediano.png\" alt=\"Mediano\"><\/div>\n\t\t\t\t<h4><a href=\"https:\/\/mediano-ltd.co.jp\/\" target=\"_blank\" rel=\"noopener noreferrer\">Mediano Co., Ltd.<\/a><\/h4>\n\t\t\t\t<p>Oltre alle app per smartphone, gestiamo un progetto per Mediano Co., Ltd., il cui business principale sono le transazioni di M&amp;A che realizzano collaborazioni sfruttando i punti di forza di entrambe le parti e acquisiscono anche contenuti mediatici programmati per il trasferimento.<\/p>\n\t\t\t<\/li>\n\t\t<\/ul>\n\t\t<p class=\"txt-s\">*Ci occupiamo anche di molti altri progetti per i clienti. Sono elencate solo le aziende che hanno autorizzato la divulgazione delle informazioni sui partner commerciali. A causa degli obblighi di riservatezza, il fatto che siate nostri clienti viene mantenuto strettamente confidenziale.<\/p>\n\t<\/div>\n<\/section>\n\n<section class=\"white-section\">\n\t<div class=\"section-inner\">\n\t\t<div class=\"frame2 max-width860 txt-center-pc\">\n\t\t\t<p class=\"bold txt-l mgb-small\">Attivit\u00e0 di pubblicazione in affari legali di YouTuber \/ VTuber<\/p>\n\t\t\t<p>Le questioni legali relative a YouTubers\/VTubers sono un campo altamente specializzato. Toki Kawase, il nostro avvocato rappresentante, \u00e8 anche impegnato in attivit\u00e0 di pubblicazione relative a questi argomenti.<\/p>\n\t\t<\/div>\n\t<\/div>\n<\/section>\n<section class=\"orange-section\">\n\t<div class=\"anchor\" id=\"book-writing-records\"><\/div>\n\t<div class=\"section-inner\">\n\t\t<div class=\"flex reverse\">\n\t\t\t<div class=\"width41\"><img decoding=\"async\" src=\"\/wp-content\/uploads\/2022\/07\/it_law_book.jpg\" alt=\"Pubblicazioni come avvocato esperto in affari legali legati ai social network come YouTube\"><\/div>\n\t\t\t<div class=\"width51\">\n\t\t\t\t<h3>Attivit\u00e0 di pubblicazione come avvocato specializzato in questioni legali relative ai social network, incluso YouTube<\/h3>\n\t\t\t\t<p>Il libro &#8220;Avvocato IT, Per Favore, Raccontaci delle Leggi e dei Termini di YouTube&#8221; (Shodensha, 30 luglio 2022) \u00e8 stato pubblicato per spiegare le normative e i termini relativi a YouTube ai principianti. In un formato di domande e risposte, il libro spiega come creare vari contratti e punti di controllo per ogni tema, che vanno dai contratti che sono prerequisiti per le fusioni e acquisizioni (M&amp;A) ai contratti di trasferimento di attivit\u00e0.<\/p>\n\t\t\t<\/div>\n\t\t<\/div>\n\t<\/div>\n<\/section>\n<section class=\"white-section\">\n\t<div class=\"anchor\" id=\"media-appearance-record\"><\/div>\n\t<div class=\"section-inner\">\n\t\t<div class=\"flex\">\n\t\t\t<div class=\"width41\"><img decoding=\"async\" src=\"\/wp-content\/themes\/monolith2021\/img\/practices-youtuberlaw\/practices-youtuberlaw_pic2.jpg\"><\/div>\n\t\t\t<div class=\"width51\">\n\t\t\t\t<h3>Partecipazione speciale in &#8220;ABEMA Prime&#8221;<\/h3>\n\t\t\t\t<p>Nel programma &#8220;ABEMA Prime&#8221;, trasmesso il 16 febbraio e il 20 maggio 2022, il nostro avvocato rappresentante ha discusso questioni legali come la privacy dei VTubers e gli influencer controversi che stanno creando scalpore su Internet.<\/p>\n\t\t\t<\/div>\n\t\t<\/div>\n\t<\/div>\n<\/section>\n\n<section class=\"purple2-section\">\n\t<div class=\"anchor\" id=\"monolith-law-magazine\"><\/div>\n\t<div class=\"section-inner\">\n\t\t    <section class=\"white-section temp-article\">\n        <div class=\"section-inner\">\n            <h4>MONOLITH LAW MAGAZINE<\/h4>\n            <div class=\"articles type_practice_column\">\n                                                                    <div class=\"article article-area\">\n                        <figure>\n                            <div class=\"img-wrap\">\n                                <img alt=\"Acquisizione e Trasferimento di Attivit\u00e0 dei VTuber\/YouTuber Virtuali\" src=\"https:\/\/monolith.law\/it\/wp-content\/uploads\/sites\/15\/2023\/09\/youtuber-vtubervirtual-youtuber-ma-1.jpg\" width=\"500\" height=\"250\">\n                            <\/div>\n                            <figcaption>\n                                <div class=\"figcaption-inner\">\n                                    <h3>Acquisizione e Trasferimento di Attivit\u00e0 dei VTuber\/YouTuber Virtuali<\/h3>\n                                <\/div>\n                            <\/figcaption>\n                            <a href=\"https:\/\/monolith.law\/it\/internet\/virtual-youtuber-ma\"><\/a>\n                        <\/figure>\n                    <\/div>\n                                                    <div class=\"article article-area\">\n                        <figure>\n                            <div class=\"img-wrap\">\n                                <img alt=\"Trasferimento dell'attivit\u00e0 di un YouTuber e il contratto di gestione post-trasferimento\" src=\"https:\/\/monolith.law\/it\/wp-content\/uploads\/sites\/15\/2023\/09\/youtuber-business-transfer-Management-contract-i.jpg\" width=\"500\" height=\"250\">\n                            <\/div>\n                            <figcaption>\n                                <div class=\"figcaption-inner\">\n                                    <h3>Trasferimento dell'attivit\u00e0 di un YouTuber e il contratto di gestione post-trasf.<\/h3>\n                                <\/div>\n                            <\/figcaption>\n                            <a href=\"https:\/\/monolith.law\/it\/internet\/youtuber-business-transfer-management-contract\"><\/a>\n                        <\/figure>\n                    <\/div>\n                                            <\/div>\n            <div class=\"btn-more\"><a href=\"https:\/\/monolith.law\/it\/tag\/m-and-a-of-sns-accounts\">Leggi tutto<\/a><\/div>\n        <\/div>\n    <\/section>\n\t<\/div>\n<\/section>\n\n<section class=\"orange2-section\">\n\t<div class=\"anchor\" id=\"fee-structure\"><\/div>\n\t<div class=\"section-inner\">\n\t<div class=\"planWrap\">\n\t<h3>Struttura dei Tariffari<\/h3>\n\t<ul class=\"plan\">\n\t\t<li class=\"txt-left\">\n\t\t\t<div class=\"plan-inner\">\n\t\t\t<div class=\"plan-header\">\n\t\t\t<h4 class=\"plan-title\">Tariffa Oraria<\/h4>\n\t\t\t<div class=\"plan-price\"><span class=\"price-figure\">$300<\/span> all&#8217;ora <span class=\"price-tax\"><\/span><\/div>\n\t\t\t<\/div>\n\t\t\t<div class=\"plan-body\">In certi casi, potremmo considerare l&#8217;accettazione di una disputa o di un processo legale con un onorario iniziale e un onorario di risultato. Per maggiori dettagli, non esitate a contattarci.<\/div>\n\t\t\t<\/div>\n\t\t<\/li>\n\t\t<li class=\"txt-left\">\n\t\t\t<div class=\"plan-inner\">\n\t\t\t<div class=\"plan-header\">\n\t\t\t<h4 class=\"plan-title\">Redazione di Contratti<\/h4>\n\t\t\t<div class=\"plan-price\"><span class=\"price-value\">da<\/span><span class=\"price-figure\">$500<\/span><span class=\"price-value\">a $2.000 o pi\u00f9<\/span><span class=\"price-tax\"><\/span><\/div>\n\t\t\t<\/div>\n\t\t\t<div class=\"plan-body\">La struttura dei prezzi pu\u00f2 variare in base al tipo e alla quantit\u00e0 dei contratti. Siamo lieti di offrire un preventivo preliminare su richiesta, quindi vi incoraggiamo a contattarci per ulteriori dettagli.<\/div>\n\t\t\t<\/div>\n\t\t<\/li>\n\t\t<li class=\"txt-left\">\n\t\t\t<div class=\"plan-inner\">\n\t\t\t<div class=\"plan-header\">\n\t\t\t<h4 class=\"plan-title\">Altri Servizi<\/h4>\n\t\t\t<div class=\"plan-price\"><span class=\"price-figure\">Contattateci<\/span><\/div>\n\t\t\t<\/div>\n\t\t\t<div class=\"plan-body\">Offriamo una vasta gamma di servizi che includono la costituzione di societ\u00e0, la revisione di contratti, pareri legali, revisione di casi o lettere di ricerca. Se avete domande o dubbi, vi invitiamo cordialmente a contattarci e il nostro team esperto sar\u00e0 felice di assistervi.<\/div>\n\t\t\t<\/div>\n\t\t\t<\/div>\n\t\t<\/li>\n\t<\/ul>\n\t<\/div>\n\t<\/div>\n<\/section>\n\n<section class=\"white-section\">\n\t<div class=\"section-inner\">\n\t\t<div class=\"btn-area\">\n\t\t\t<div class=\"btn icon-contact\"><a href=\"\/it\/contact\">Contattateci<\/a><\/div>\n\t\t<\/div>\n\t<\/div>\n<\/section>\n","protected":false},"excerpt":{"rendered":"<p>M&amp;A di Account SNS Le M&amp;A di canali YouTube e account Twitter sono aree altamente specializzate che richiedono conoscenze e competenze specifiche. Come studio legale con specialisti in IT, Int [&hellip;]<\/p>\n","protected":false},"author":1,"featured_media":57173,"parent":0,"menu_order":7,"comment_status":"closed","ping_status":"closed","template":"other-page-temp.php","meta":{"footnotes":""},"acf":[],"_links":{"self":[{"href":"https:\/\/monolith.law\/it\/wp-json\/wp\/v2\/pages\/31513"}],"collection":[{"href":"https:\/\/monolith.law\/it\/wp-json\/wp\/v2\/pages"}],"about":[{"href":"https:\/\/monolith.law\/it\/wp-json\/wp\/v2\/types\/page"}],"author":[{"embeddable":true,"href":"https:\/\/monolith.law\/it\/wp-json\/wp\/v2\/users\/1"}],"replies":[{"embeddable":true,"href":"https:\/\/monolith.law\/it\/wp-json\/wp\/v2\/comments?post=31513"}],"version-history":[{"count":65,"href":"https:\/\/monolith.law\/it\/wp-json\/wp\/v2\/pages\/31513\/revisions"}],"predecessor-version":[{"id":61648,"href":"https:\/\/monolith.law\/it\/wp-json\/wp\/v2\/pages\/31513\/revisions\/61648"}],"wp:featuredmedia":[{"embeddable":true,"href":"https:\/\/monolith.law\/it\/wp-json\/wp\/v2\/media\/57173"}],"wp:attachment":[{"href":"https:\/\/monolith.law\/it\/wp-json\/wp\/v2\/media?parent=31513"}],"curies":[{"name":"wp","href":"https:\/\/api.w.org\/{rel}","templated":true}]}}