{"id":32193,"date":"2021-05-10T15:23:51","date_gmt":"2021-05-10T06:23:51","guid":{"rendered":"https:\/\/monolith.law\/?page_id=32193"},"modified":"2024-01-15T14:27:52","modified_gmt":"2024-01-15T05:27:52","slug":"terms-of-use","status":"publish","type":"page","link":"https:\/\/monolith.law\/it\/terms-of-use","title":{"rendered":"Termini di Utilizzo"},"content":{"rendered":"\n<section class=\"heading-area\">\n\t<div class=\"heading-area-inner\">\n\t\t<h2 class=\"icon-terms-of-use\">Termini di Utilizzo<\/h2>\n\t\t<p>Il MONOLITH LAW OFFICE si occupa della creazione e revisione dei termini di utilizzo e delle politiche sulla privacy per varie app, servizi e giochi in Giappone. Inoltre, possiamo esaminare la definizione dei requisiti per lo sviluppo dell&#8217;applicazione pertinente, i framework di Adobe XD, le landing page (LP), i materiali di vendita per potenziali clienti e altri documenti e dati esistenti.<\/p>\n\t<\/div>\n<\/section>\n\n<section class=\"white-section\">\n\t<div class=\"section-inner pdt0  border-bottom-section\">\n\t\t<p class=\"mgb-small\">Presso il MONOLITH LAW OFFICE, gestiamo la creazione, la modifica e la revisione di vari termini e condizioni, politiche sulla privacy e altri accordi necessari, assicurando la piena conformit\u00e0 con le leggi e i regolamenti applicabili in Giappone. Siamo specializzati nel fornire supporto legale per app, servizi, giochi e altre piattaforme digitali.<\/p>\n\t\t<p class=\"mgb-small\">Possiamo lavorare con i vostri materiali e dati esistenti, come le definizioni dei requisiti, i framework creati con Adobe XD, le landing page e i materiali di vendita rivolti ai potenziali clienti. Il nostro team \u00e8 in grado di comprendere e analizzare questi materiali per garantire la conformit\u00e0 legale e fornire intuizioni preziose.<\/p>\n\t\t<p>Non esitate a contattarci per qualsiasi assistenza nella redazione o aggiornamento dei vostri termini e condizioni, politiche sulla privacy o altri documenti legali necessari per l&#8217;operativit\u00e0 e il lancio della vostra app o servizio digitale.<\/p>\n\t<\/div>\n<\/section>\n\n<section class=\"second-nav\">\n\t<div class=\"second-nav-inner\">\n\t\t<p>ARGOMENTI<\/p>\n\t\t<nav>\n\t\t\t<ul>\n\t\t\t\t<li><a href=\"#apps-web-services-and-digital-platforms\">App, Servizi Web e Piattaforme Digitali<\/a><\/li>\n\t\t\t\t<li><a href=\"#games\">Giochi<\/a><\/li>\n\t\t\t\t<li><a href=\"#publication-of-books-on-legal-matters-related-to-it\">Pubblicazione di Libri su Questioni Legali Relative all&#8217;IT<\/a><\/li>\n\t\t\t\t<li><a href=\"#crypto-asset-and-blockchain\">Cripto-Asset e Blockchain<\/a><\/li>\n\t\t\t\t<li><a href=\"#medical-Apps-etc\">App Mediche, ecc.<\/a><\/li>\n\t\t\t\t<li><a href=\"#drafting-with-minimal-operating-time\">Redazione con Tempo Operativo Minimo<\/a><\/li>\n\t\t\t\t<li><a href=\"#some-examples-of-our-clients-and-the-products\">Alcuni Esempi dei Nostri Clienti e dei Prodotti<\/a><\/li>\n\t\t\t\t<li><a href=\"#monolith-law-magazine\">MONOLITH LAW MAGAZINE<\/a><\/li>\n\t\t\t\t<li><a href=\"#fee-structure\">Struttura delle Tariffe<\/a><\/li>\n\t\t\t<\/ul>\n\t\t<\/nav>\n\t<\/div>\n<\/section>\n\n<section class=\"white-section mgt-section mgb-section80\">\n\t<div class=\"anchor\" id=\"apps-web-services-and-digital-platforms\"><\/div>\n\t<div class=\"section-inner-black\">\n\t\t<h3>App, Servizi Web e Piattaforme Digitali<\/h3>\n\t\t<p class=\"mgb-middle\">Abbiamo una vasta esperienza nella creazione e modifica di termini e condizioni, politiche sulla privacy e altri documenti legali relativi a app, servizi web e piattaforme digitali. Forniamo inoltre servizi di consulenza per assistere nell&#8217;operativit\u00e0 legale di servizi web e app in conformit\u00e0 con le normative applicabili.<\/p>\n\t\t<h4 class=\"mgb-small\">Ecco alcuni esempi dei nostri successi<\/h4>\n\t\t<p class=\"mgb-middle\">Servizi di distribuzione di BGM ed effetti sonori, app per la riproduzione di musica di sottofondo, servizi di riconoscimento vocale basati su SaaS per il B2B, siti di e-commerce diretto al consumatore, piattaforme EC, servizi che facilitano l&#8217;integrazione dei dati tra piattaforme SaaS, servizi di integrazione per fornitori SaaS, piattaforme per artisti, strumenti di supporto alle vendite, app per la gestione delle finanze personali, servizi web e piattaforme di ricerca lavoro, servizi di gestione delle spese basati su cloud, servizi di gestione della presenza basati su cloud, servizi di rimborso spese di viaggio basati su cloud, servizi di vendita di integratori, servizi di social networking legati alla politica, app per la chiamata dei taxi, servizi di outsourcing per l&#8217;analisi dei dati, servizi di social networking basati su video, piattaforme di social networking orientate al business, siti web per l&#8217;abbinamento commerciale, piattaforme per appuntamenti ospedalieri, scuole di programmazione, servizi di social networking basati su blockchain, reti pubblicitarie basate su blockchain, servizi di riferimento, servizi di concierge di viaggio, servizi di conferma della sicurezza, sistemi di rete di informazioni mediche, scambi di criptovalute (all&#8217;estero), siti web di database di cliniche ortodontiche, servizi di supporto per disabili, servizi basati su cloud per il reclutamento di neolaureati, la gestione dei dipendenti e la formazione, siti web ufficiali di vendita di auto importate, servizi di supporto allo stile di vita, servizi di supporto alle startup, servizi di controllo anti-sociale.<\/p>\n\t<\/div>\n<\/section>\n\n<section class=\"white-section mgt-section mgb-section\">\n\t<div class=\"anchor\" id=\"games\"><\/div>\n\t<div class=\"section-inner-black\">\n\t\t<h3>Giochi<\/h3>\n\t\t<p class=\"mgb-small\">Abbiamo una vasta esperienza nella redazione di termini d&#8217;uso per vari tipi di giochi, dai giochi per console a quelli per dispositivi mobili. Comprendiamo le implicazioni legali e i requisiti legati all&#8217;operativit\u00e0 dei giochi, inclusi la legge sul diritto d&#8217;autore, la legge sulla promozione di premi, la legge sui servizi di pagamento, la legge sui contratti dei consumatori, la legge sulle transazioni commerciali specifiche e la legge sulle telecomunicazioni. Possiamo assistervi nella creazione di termini d&#8217;uso completi che rispettino le normative pertinenti.<\/p>\n\t\t<p class=\"mgb-small\">Inoltre, i nostri servizi vanno oltre la stesura iniziale dei termini d&#8217;uso. Offriamo consulenza sull&#8217;implementazione legale di eventi e altre attivit\u00e0 legate all&#8217;operativit\u00e0 dei giochi. Il nostro team \u00e8 a conoscenza degli aspetti legali degli eventi di gioco e pu\u00f2 fornire indicazioni per assicurare la conformit\u00e0 con le leggi e i regolamenti applicabili.<\/p>\n\t\t<p class=\"mgb-middle\">Sia che siate sviluppatori di giochi o un&#8217;azienda coinvolta nelle operazioni di gioco, siamo perfettamente attrezzati per fornire supporto legale su misura per soddisfare le vostre esigenze specifiche nell&#8217;industria dei giochi.<\/p>\n\t<\/div>\n<\/section>\n\n<section class=\"purple-section\">\n\t<div class=\"anchor\" id=\"publication-of-books-on-legal-matters-related-to-it\"><\/div>\n\t<div class=\"section-inner\">\n\t\t<div class=\"flex reverse\">\n\t\t\t<div class=\"width41\"><img decoding=\"async\" src=\"\/wp-content\/themes\/monolith2021\/img\/pic\/pic_publishing.jpg\" alt=\"Pubblicazione di Libri su Questioni Legali Relative all'IT\"><\/div>\n\t\t\t<div class=\"width51\">\n\t\t\t\t<h3>Pubblicazione di Libri su Questioni Legali Relative all&#8217;IT<\/h3>\n\t\t\t\t<p>Come studio legale specializzato nello sviluppo di sistemi e questioni legali relative all&#8217;IT, inclusa la creazione di termini di servizio, servizi web, app e problemi legati ai giochi, MONOLITH LAW OFFICE ha pubblicato un libro intitolato &#8220;Domande e Risposte di Diritto Semplice per Ingegneri IT&#8221;. Il libro, scritto da un ex ingegnere diventato avvocato, \u00e8 principalmente rivolto agli ingegneri IT. Fornisce spiegazioni di conoscenze legali specificamente adattate alle loro esigenze, affrontando argomenti come la creazione di termini di servizio. L&#8217;obiettivo del libro \u00e8 presentare in modo accessibile i concetti legali e assistere gli ingegneri IT nella comprensione degli aspetti legali del loro lavoro.<\/p>\n\t\t\t<\/div>\n\t\t<\/div>\n\t<\/div>\n<\/section>\n\n<section class=\"white-section\">\n\t<div class=\"anchor\" id=\"crypto-asset-and-blockchain\"><\/div>\n\t<div class=\"section-inner\">\n\t\t<div class=\"flex\">\n\t\t\t<div class=\"width41\"><img decoding=\"async\" src=\"\/wp-content\/uploads\/2022\/07\/shutterstock_1151380622_2.png\" alt=\"Cripto Asset e Blockchain\"><\/div>\n\t\t\t<div class=\"width51\">\n\t\t\t\t<h3>Cripto Asset e Blockchain<\/h3>\n\t\t\t\t<p>Il MONOLITH LAW OFFICE \u00e8 attivamente impegnato in questioni legali relative ai cripto asset e alla tecnologia blockchain dal suo insediamento nel 2017. Siamo ben attrezzati per gestire questioni legali riguardanti anche i giochi basati su blockchain. Con la nostra competenza in IT e questioni legali relative ai giochi, possiamo fornire un supporto completo per navigare nelle complessit\u00e0 legali dei giochi blockchain, inclusi la conformit\u00e0 normativa, la protezione della propriet\u00e0 intellettuale, gli accordi degli utenti e altro ancora.<\/p>\n\t\t\t<\/div>\n\t\t<\/div>\n\t<\/div>\n<\/section>\n\n<section class=\"white-section mgb-section\">\n\t<div class=\"anchor\" id=\"medical-Apps-etc\"><\/div>\n\t<div class=\"section-inner-black\">\n\t\t<h3>Applicazioni Mediche, ecc.<\/h3>\n\t\t<p class=\"mgb-small\">Il nostro studio legale dispone di un solido team di avvocati, tra cui l&#8217;avvocato fondatore con un background in ingegneria IT e avvocati con una vasta esperienza nella gestione di casi medici. Con questa competenza, siamo ben attrezzati per gestire imprese, applicazioni e servizi web legati all&#8217;industria sanitaria. Abbiamo un comprovato track record in questo campo.<\/p>\n\t\t<p class=\"mgb-middle\">Il panorama legale che circonda l&#8217;assistenza sanitaria in Giappone pu\u00f2 essere complesso, ma potete fare affidamento sul nostro studio per navigare attraverso le complessit\u00e0. Possiamo fornire un supporto legale completo, su misura per le esigenze uniche del settore medico, compresa la conformit\u00e0 normativa, la privacy dei dati, le licenze, i contratti e la risoluzione delle controversie. Il nostro obiettivo \u00e8 garantire che le vostre attivit\u00e0 legate all&#8217;assistenza sanitaria siano condotte in conformit\u00e0 con le leggi e i regolamenti applicabili, proteggendo i vostri interessi.<\/p>\n\t<\/div>\n<\/section>\n\n<section class=\"orange-section\">\n\t<div class=\"anchor\" id=\"drafting-with-minimal-operating-time\"><\/div>\n\t<div class=\"section-inner\">\n\t\t<div class=\"flex\">\n\t\t\t<div class=\"width41\"><img decoding=\"async\" src=\"\/wp-content\/themes\/monolith2021\/img\/pic\/pic_draft.jpg\" alt=\"Redazione con Tempo Operativo Minimo\"><\/div>\n\t\t\t<div class=\"width51\">\n\t\t\t\t<h3>Redazione con Tempo Operativo Minimo<\/h3>\n\t\t\t\t<p class=\"mgb-small\">Con il nostro avvocato principale che \u00e8 un ex ingegnere IT, abbiamo la capacit\u00e0 di comprendere gli aspetti tecnici, l&#8217;interfaccia utente e la funzionalit\u00e0 di app e servizi web quando creiamo termini di servizio e altri documenti correlati. Possiamo sfruttare le definizioni dei requisiti esistenti, i framework, le pagine di destinazione e i materiali di marketing che la vostra azienda possiede gi\u00e0, permettendoci di interpretare ed estrarre le informazioni necessarie da parte nostra.<\/p>\n\t\t\t\t<p>Minimizzando la necessit\u00e0 di interviste o riunioni estese, possiamo redigere i termini di servizio in modo efficiente, riducendo i costi di comunicazione e i tempi. Questo approccio ci permette di ottimizzare il processo e di consegnare i risultati in modo tempestivo.<\/p>\n\t\t\t<\/div>\n\t\t<\/div>\n\t<\/div>\n<\/section>\n\n<section class=\"white-section\">\n\t<div class=\"anchor\" id=\"some-examples-of-our-clients-and-the-products\"><\/div>\n\t<div class=\"section-inner\">\n\t\t<h3>Alcuni esempi dei nostri clienti e dei loro prodotti<\/h3>\n\t\t<ul class=\"layout-column4 mgb-middle\">\n\t\t\t<li>\n\t\t\t\t<div><img decoding=\"async\" src=\"\/wp-content\/themes\/monolith2021\/img\/clients\/logo_tokium.png\"><\/div>\n\t\t\t\t<h4><a href=\"https:\/\/www.keihi.com\/lp\/\" target=\"_blank\" rel=\"noopener noreferrer\">TOKIUM Expense Reimbursement<\/a><\/h4>\n\t\t\t\t<p>Abbiamo collaborato con TOKIUM Inc., l&#8217;azienda che ha sviluppato l&#8217;app di finanza aziendale &#8220;TOKIUM Expense Reimbursement&#8221;, ricoprendo il ruolo di Chief Legal Officer. Abbiamo fornito supporto legale per i loro progetti, inclusa la pubblicazione del loro sistema di rimborso spese &#8220;TOKIUM Invoice&#8221;.<\/p>\n\t\t\t<\/li>\n\t\t\t<li>\n\t\t\t\t<div><img decoding=\"async\" src=\"\/wp-content\/themes\/monolith2021\/img\/clients\/logo_seculio.png\"><\/div>\n\t\t\t\t<h4><a href=\"https:\/\/www.lrm.jp\/seculio\/feature\/\" target=\"_blank\" rel=\"noopener noreferrer\">Securio<\/a><\/h4>\n\t\t\t\t<p>Siamo stati revisori per LRM Corporation, che ha lanciato Securio, un sistema che migliora la percezione della sicurezza delle informazioni in tutta l&#8217;azienda.<\/p>\n\t\t\t<\/li>\n\t\t\t<li>\n\t\t\t\t<div><img decoding=\"async\" src=\"\/wp-content\/themes\/monolith2021\/img\/clients\/logo_tribeau.png\"><\/div>\n\t\t\t\t<h4><a href=\"https:\/\/corp.tribeau.jp\/\" target=\"_blank\" rel=\"noopener noreferrer\">TRIBEAU<\/a><\/h4>\n\t\t\t\t<p>Abbiamo lavorato con TRIBEAU Inc., l&#8217;azienda dietro l&#8217;app di recensioni e prenotazioni per trattamenti di bellezza &#8220;TRIBEAU&#8221;. Abbiamo fornito assistenza legale per il lancio sia della loro app che della versione del servizio web.<\/p>\n\t\t\t<\/li>\n\t\t\t<li>\n\t\t\t\t<div><img decoding=\"async\" src=\"\/wp-content\/themes\/monolith2021\/img\/clients\/logo_flowerknightgirl.png\"><\/div>\n\t\t\t\t<h4><a href=\"https:\/\/flower-knight-girl.com\/\" target=\"_blank\" rel=\"noopener noreferrer\">FLOWER KNIGHT GIRL<\/a><\/h4>\n\t\t\t\t<p>Abbiamo assistito YourGames Inc. nel lancio del loro popolare gioco RPG &#8220;FLOWER KNIGHT GIRL&#8221;, che ha superato il milione di utenti registrati. Il gioco \u00e8 disponibile sulla piattaforma DMM GAMES.<\/p>\n\t\t\t<\/li>\n\t\t<\/ul>\n\t\t<p class=\"txt-s\">* Si prega di notare che questi sono solo alcuni esempi e che abbiamo lavorato con numerosi altri clienti. Diamo priorit\u00e0 alla riservatezza dei clienti e divulghiamo solo il coinvolgimento con le aziende che hanno dato il consenso al riconoscimento pubblico o quelle registrate negli atti pubblici come dirigenti.<\/p>\n\t<\/div>\n<\/section>\n\n<section class=\"purple2-section\">\n\t<div class=\"anchor\" id=\"monolith-law-magazine\"><\/div>\n\t<div class=\"section-inner\">\n\t\t    <section class=\"white-section temp-article\">\n        <div class=\"section-inner\">\n            <h4>MONOLITH LAW MAGAZINE<\/h4>\n            <div class=\"articles type_practice_column\">\n                                                                    <div class=\"article article-area\">\n                        <figure>\n                            <div class=\"img-wrap\">\n                                <img alt=\"Che cos'\u00e8 l''eccezione cloud' nella legge sulla protezione dei dati personali? Spiegazione basata su un caso reale di guida amministrativa ricevuta da un fornitore di servizi cloud.\" src=\"https:\/\/monolith.law\/it\/wp-content\/uploads\/sites\/15\/2025\/08\/0cdfadb6e93fc71449935bfe824bbde2.jpg\" width=\"500\" height=\"250\">\n                            <\/div>\n                            <figcaption>\n                                <div class=\"figcaption-inner\">\n                                    <h3>Che cos'\u00e8 l''eccezione cloud' nella legge sulla protezione dei dati personali? S.<\/h3>\n                                <\/div>\n                            <\/figcaption>\n                            <a href=\"https:\/\/monolith.law\/it\/it\/personal-information-cloud-exceptions\"><\/a>\n                        <\/figure>\n                    <\/div>\n                                                    <div class=\"article article-area\">\n                        <figure>\n                            <div class=\"img-wrap\">\n                                <img alt=\"La gestione dei recensioni su Google \u00e8 illegale? Spiegazione della relazione con la legge sulla rappresentazione delle promozioni e delle relative sanzioni\" src=\"https:\/\/monolith.law\/it\/wp-content\/uploads\/sites\/15\/2025\/08\/18d044df35c4f42bb7e1507848a5e228.webp\" width=\"500\" height=\"250\">\n                            <\/div>\n                            <figcaption>\n                                <div class=\"figcaption-inner\">\n                                    <h3>La gestione dei recensioni su Google \u00e8 illegale? Spiegazione della relazione con.<\/h3>\n                                <\/div>\n                            <\/figcaption>\n                            <a href=\"https:\/\/monolith.law\/it\/it\/google-review-agency\"><\/a>\n                        <\/figure>\n                    <\/div>\n                                                    <div class=\"article article-area\">\n                        <figure>\n                            <div class=\"img-wrap\">\n                                <img alt=\"Quali sono i rischi nell'adozione di ChatGPT nelle aziende? Spiegazione di casi di perdita di informazioni riservate e relative contromisure\" src=\"https:\/\/monolith.law\/it\/wp-content\/uploads\/sites\/15\/2024\/03\/Shutterstock_2344328899.webp\" width=\"500\" height=\"250\">\n                            <\/div>\n                            <figcaption>\n                                <div class=\"figcaption-inner\">\n                                    <h3>Quali sono i rischi nell'adozione di ChatGPT nelle aziende? Spiegazione di casi .<\/h3>\n                                <\/div>\n                            <\/figcaption>\n                            <a href=\"https:\/\/monolith.law\/it\/it\/chatgpt-confidential-leak\"><\/a>\n                        <\/figure>\n                    <\/div>\n                                            <\/div>\n            <div class=\"btn-more\"><a href=\"https:\/\/monolith.law\/it\/tag\/terms-of-use\">Leggi tutto<\/a><\/div>\n        <\/div>\n    <\/section>\n\t<\/div>\n<\/section>\n\n<section class=\"orange2-section\">\n\t<div class=\"anchor\" id=\"fee-structure\"><\/div>\n\t<div class=\"section-inner\">\n\t<div class=\"planWrap\">\n\t<h3>Struttura dei Costi<\/h3>\n\t<ul class=\"plan\">\n\t\t<li class=\"txt-left\">\n\t\t\t<div class=\"plan-inner\">\n\t\t\t<div class=\"plan-header\">\n\t\t\t<h4 class=\"plan-title\">Tariffa Oraria<\/h4>\n\t\t\t<div class=\"plan-price\"><span class=\"price-figure\">$300<\/span> all&#8217;ora <span class=\"price-tax\"><\/span><\/div>\n\t\t\t<\/div>\n\t\t\t<div class=\"plan-body\">In certi casi, potremmo considerare l&#8217;accettazione di una controversia o di un processo legale con un onorario iniziale e un onorario di risultato. Per maggiori dettagli, non esitate a contattarci.<\/div>\n\t\t\t<\/div>\n\t\t<\/li>\n\t\t<li class=\"txt-left\">\n\t\t\t<div class=\"plan-inner\">\n\t\t\t<div class=\"plan-header\">\n\t\t\t<h4 class=\"plan-title\">Redazione di Contratti<\/h4>\n\t\t\t<div class=\"plan-price\"><span class=\"price-value\">da<\/span><span class=\"price-figure\">$500<\/span><span class=\"price-value\">a $2,000 o pi\u00f9<\/span><span class=\"price-tax\"><\/span><\/div>\n\t\t\t<\/div>\n\t\t\t<div class=\"plan-body\">La struttura dei prezzi pu\u00f2 variare in base al tipo e alla quantit\u00e0 dei contratti. Siamo lieti di offrire un preventivo preliminare su richiesta, quindi vi incoraggiamo a contattarci per ulteriori dettagli.<\/div>\n\t\t\t<\/div>\n\t\t<\/li>\n\t\t<li class=\"txt-left\">\n\t\t\t<div class=\"plan-inner\">\n\t\t\t<div class=\"plan-header\">\n\t\t\t<h4 class=\"plan-title\">Altri Servizi<\/h4>\n\t\t\t<div class=\"plan-price\"><span class=\"price-figure\">Contattateci<\/span><\/div>\n\t\t\t<\/div>\n\t\t\t<div class=\"plan-body\">Offriamo una vasta gamma di servizi che includono la costituzione di societ\u00e0, la revisione di contratti, pareri legali, revisione di casi o lettere di ricerca. Se avete domande o dubbi, vi invitiamo cordialmente a contattarci e il nostro team esperto sar\u00e0 felice di assistervi.<\/div>\n\t\t\t<\/div>\n\t\t\t<\/div>\n\t\t<\/li>\n\t<\/ul>\n\t<\/div>\n\t<\/div>\n<\/section>\n\n<section class=\"white-section\">\n\t<div class=\"section-inner\">\n\t\t<div class=\"btn-area\">\n\t\t\t<div class=\"btn icon-contact\"><a href=\"\/it\/contact\">Contattateci<\/a><\/div>\n\t\t<\/div>\n\t<\/div>\n<\/section>\n","protected":false},"excerpt":{"rendered":"<p>Termini di Utilizzo Il MONOLITH LAW OFFICE si occupa della creazione e revisione dei termini di utilizzo e delle politiche sulla privacy per varie app, servizi e giochi in Giappone. Inoltre, possiamo  [&hellip;]<\/p>\n","protected":false},"author":1,"featured_media":57154,"parent":0,"menu_order":7,"comment_status":"closed","ping_status":"closed","template":"other-page-temp.php","meta":{"footnotes":""},"acf":[],"_links":{"self":[{"href":"https:\/\/monolith.law\/it\/wp-json\/wp\/v2\/pages\/32193"}],"collection":[{"href":"https:\/\/monolith.law\/it\/wp-json\/wp\/v2\/pages"}],"about":[{"href":"https:\/\/monolith.law\/it\/wp-json\/wp\/v2\/types\/page"}],"author":[{"embeddable":true,"href":"https:\/\/monolith.law\/it\/wp-json\/wp\/v2\/users\/1"}],"replies":[{"embeddable":true,"href":"https:\/\/monolith.law\/it\/wp-json\/wp\/v2\/comments?post=32193"}],"version-history":[{"count":17,"href":"https:\/\/monolith.law\/it\/wp-json\/wp\/v2\/pages\/32193\/revisions"}],"predecessor-version":[{"id":61650,"href":"https:\/\/monolith.law\/it\/wp-json\/wp\/v2\/pages\/32193\/revisions\/61650"}],"wp:featuredmedia":[{"embeddable":true,"href":"https:\/\/monolith.law\/it\/wp-json\/wp\/v2\/media\/57154"}],"wp:attachment":[{"href":"https:\/\/monolith.law\/it\/wp-json\/wp\/v2\/media?parent=32193"}],"curies":[{"name":"wp","href":"https:\/\/api.w.org\/{rel}","templated":true}]}}