{"id":32253,"date":"2021-05-11T11:20:39","date_gmt":"2021-05-11T02:20:39","guid":{"rendered":"https:\/\/monolith.law\/?page_id=32253"},"modified":"2024-08-05T19:00:47","modified_gmt":"2024-08-05T10:00:47","slug":"system-development","status":"publish","type":"page","link":"https:\/\/monolith.law\/it\/system-development","title":{"rendered":"Sviluppo di Sistemi"},"content":{"rendered":"\n<section class=\"heading-area\">\n\t<div class=\"heading-area-inner\">\n\t\t<h2 class=\"icon-system-development\">Sviluppo di Sistemi<\/h2>\n\t\t<p>Lo sviluppo di sistemi altamente specializzati spesso comporta questioni complesse e trattative contrattuali. Siamo pronti a supportare la vostra azienda utilizzando la nostra conoscenza non solo come esperti legali, ma anche come esperti IT, per determinare ci\u00f2 che \u00e8 essenziale per il successo della vostra impresa.<\/p>\n\t<\/div>\n<\/section>\n\n<section class=\"white-section\">\n\t<div class=\"section-inner pdt0 border-bottom-section\">\n\t\t<p>Siamo uno studio legale guidato da Toki Kawase, un avvocato con un passato da ingegnere IT. Gestiamo tutto, dalla stesura, revisione e negoziazione di contratti per lo sviluppo di sistemi altamente specializzati alla risoluzione di dispute quando sorgono. Redigiamo inoltre contratti ex novo basandoci su materiali esistenti, come documenti di proposta, con un minimo di incontri.<\/p>\n\t<\/div>\n<\/section>\n\n<section class=\"second-nav\">\n\t<div class=\"second-nav-inner\">\n\t\t<p>ARGOMENTI<\/p>\n\t\t<nav>\n\t\t\t<ul>\n\t\t\t\t<li><a href=\"#contract-drafting-in-system-development\">Redazione di Contratti nello Sviluppo di Sistemi<\/a><\/li>\n\t\t\t\t<li><a href=\"#dispute-resolution-in-system-development\">Risoluzione di Dispute nello Sviluppo di Sistemi<\/a><\/li>\n\t\t\t\t<li><a href=\"#drafting-with-minimal-operating-time\">Redazione con Tempo Operativo Minimo<\/a><\/li>\n\t\t\t\t<li><a href=\"#examples-of-support-provided-by-our-firm\">Esempi di Supporto Forniti dal Nostro Studio<\/a><\/li>\n\t\t\t\t<li><a href=\"#publication-achievements-systems-development-legal\">Pubblicazioni e Successi nel Diritto dello Sviluppo di Sistemi<\/a><\/li>\n\t\t\t\t<li><a href=\"#crypto-assets-and-blockchain\">Cripto-Asset e Blockchain<\/a><\/li>\n\t\t\t\t<li><a href=\"#manda\">M&amp;A<\/a><\/li>\n\t\t\t\t<li><a href=\"#monolith-law-magazine\">MONOLITH LAW MAGAZINE<\/a><\/li>\n\t\t\t\t<li><a href=\"#fee-structure\">Struttura dei Costi<\/a><\/li>\n\t\t\t<\/ul>\n\t\t<\/nav>\n\t<\/div>\n<\/section>\n\n<section class=\"white-section mgt-section mgb-section80\">\n\t<div class=\"anchor\" id=\"contract-drafting-in-system-development\"><\/div>\n\t<div class=\"section-inner-black\">\n\t\t<h3>Preparazione dei Contratti di Sviluppo di Sistemi<\/h3>\n\t\t<p class=\"mgb-small\">Nel caso dello sviluppo di sistemi, sebbene possano essere previste clausole astratte come la responsabilit\u00e0 in caso di non conformit\u00e0 contrattuale, il contratto dice solo &#8220;mediante accordo separato&#8221;. In altre parole, le circostanze specifiche del sistema o del progetto non vengono menzionate direttamente. Di conseguenza, spesso non \u00e8 chiaro quale sar\u00e0 l&#8217;esito in caso di una controversia effettiva.<\/p>\n\t\t<p class=\"mgb-middle\">Il nostro studio considera non solo la stesura dei contratti, ma anche una profonda comprensione dello sviluppo dei sistemi correlati come una parte importante del nostro lavoro.<\/p>\n\n\t<\/div>\n<\/section>\n\n<section class=\"purple-section\">\n\t<div class=\"anchor\" id=\"dispute-resolution-in-system-development\"><\/div>\n\t<div class=\"section-inner\">\n\t\t<div class=\"flex\">\n\t\t\t<div class=\"width41\"><img decoding=\"async\" src=\"\/wp-content\/themes\/monolith2021\/img\/systemdevelopment\/systemdevelopment_pic1.jpg\" alt=\" Risoluzione delle Controversie nello Sviluppo di Sistemi\"><\/div>\n\t\t\t<div class=\"width51\">\n\t\t\t\t<h3> Risoluzione delle Controversie nello Sviluppo di Sistemi<\/h3>\n\t\t\t\t<p class=\"mgb-small\">Quando si verifica una controversia, ci assumiamo la responsabilit\u00e0 per le richieste di risarcimento fuori tribunale, cos\u00ec come per le ingiunzioni provvisorie e i processi.<\/p>\n\t\t\t\t<p>Tuttavia, \u00e8 preferibile che le controversie non si verifichino mai, e anche se c&#8217;\u00e8 l&#8217;opportunit\u00e0 per una controversia, \u00e8 meglio che non vada in tribunale. Questa \u00e8 la nostra visione e posizione di base, e forniamo servizi legali quotidiani ai nostri clienti aziendali basati su questo presupposto.<\/p>\n\t\t\t<\/div>\n\t\t<\/div>\n\t<\/div>\n<\/section>\n\n<section class=\"white-section\">\n\t<div class=\"anchor\" id=\"drafting-with-minimal-operating-time\"><\/div>\n\t<div class=\"section-inner\">\n\t\t<div class=\"flex reverse\">\n\t\t\t<div class=\"width41\"><img decoding=\"async\" src=\"\/wp-content\/themes\/monolith2021\/img\/pic\/pic_draft.jpg\" alt=\"Redazione con Tempo Minimo di Funzionamento\"><\/div>\n\t\t\t<div class=\"width51\">\n\t\t\t\t<h3>Redazione con Tempo Operativo Minimo<\/h3>\n\t\t\t\t<p class=\"mgb-small\">Il nostro avvocato fondatore \u00e8 un ex ingegnere IT. Inoltre, nel nostro team abbiamo non solo avvocati, ma anche ingegneri IT attivi e un team di consulenti IT.<\/p>\n\t\t\t\t<p class=\"mgb-small\">Per redigere un contratto per lo sviluppo di sistemi e progettare uno schema come premessa per tale contratto, \u00e8 essenziale comprendere il quadro generale del sistema in questione. Siamo in grado di esaminare i vari documenti e dati gi\u00e0 esistenti nella vostra azienda, come le definizioni dei requisiti e i materiali di vendita per potenziali clienti per lo sviluppo del sistema in questione, da parte nostra.<\/p>\n\t\t\t\t<p>Di conseguenza, possiamo preparare bozze di contratti e altri documenti con un minimo di tempo speso in riunioni, riducendo efficacemente i costi di comunicazione e il tempo richiesto per la preparazione.<\/p>\n\t\t\t<\/div>\n\t\t<\/div>\n\t<\/div>\n<\/section>\n\n<section class=\"orange-section\">\n\t<div class=\"anchor\" id=\"examples-of-support-provided-by-our-firm\"><\/div>\n\t<div class=\"section-inner\">\n\t\t<h3 class=\"mgb-middle\">Esempi di supporto forniti dal nostro studio<\/h3>\n\t\t<ul class=\"layout-column4\">\n\t\t\t<li>\n\t\t\t\t<div><img decoding=\"async\" src=\"\/wp-content\/themes\/monolith2021\/img\/systemdevelopment\/systemdevelopment_support_pic1.jpg\"><\/div>\n\t\t\t\t<h4>Fornitori IT<\/h4>\n\t\t\t\t<p>Forniamo una variet\u00e0 di servizi per le aziende che offrono servizi di sviluppo di sistemi, dalla redazione di contratti relativi allo sviluppo di sistemi alla risoluzione di controversie, sotto forma di consulenza legale e altri servizi legali. Gestiamo anche aree all&#8217;avanguardia come le questioni relative alla blockchain.<\/p>\n\t\t\t<\/li>\n\t\t\t<li>\n\t\t\t\t<div><img decoding=\"async\" src=\"\/wp-content\/themes\/monolith2021\/img\/systemdevelopment\/systemdevelopment_support_pic2.jpg\"><\/div>\n\t\t\t\t<h4>Aziende Commerciali<\/h4>\n\t\t\t\t<p>Forniamo una variet\u00e0 di servizi alle aziende che commissionano lavori di sviluppo di sistemi. In particolare, per le nuove attivit\u00e0 di aziende che non sono specializzate in IT, possiamo fornire supporto completo, incluso il design del sistema per l&#8217;intera attivit\u00e0, incluso il follow-up post-consegna.<\/p>\n\t\t\t<\/li>\n\t\t\t<li>\n\t\t\t\t<div><img decoding=\"async\" src=\"\/wp-content\/themes\/monolith2021\/img\/systemdevelopment\/systemdevelopment_support_pic3.jpg\"><\/div>\n\t\t\t\t<h4>Servizi di Ingegneria dei Sistemi (SES)<\/h4>\n\t\t\t\t<p>MONOLITH LAW OFFICE fornisce servizi legali a molte aziende SES. Ci occupiamo della redazione di contratti relativi ai SES, della risoluzione di dispute extragiudiziali riguardanti problemi specifici e della gestione di contenziosi.<\/p>\n\t\t\t<\/li>\n\t\t\t<li>\n\t\t\t\t<div><img decoding=\"async\" src=\"\/wp-content\/themes\/monolith2021\/img\/systemdevelopment\/systemdevelopment_support_pic4.jpg\"><\/div>\n\t\t\t\t<h4>Software Open Source (OSS)<\/h4>\n\t\t\t\t<p>Abbiamo fornito con successo servizi professionali di progettazione e supervisione della documentazione per le aziende che offrono sia licenze open source come GPL, sia licenze commerciali.<\/p>\n\t\t\t<\/li>\n\t\t<\/ul>\n\t<\/div>\n<\/section>\n\n<section class=\"white-section\">\n\t<div class=\"anchor\" id=\"publication-achievements-systems-development-legal\"><\/div>\n\t<div class=\"section-inner\">\n\t\t<div class=\"flex reverse\">\n\t\t\t<div class=\"width41\"><img decoding=\"async\" src=\"\/wp-content\/themes\/monolith2021\/img\/pic\/pic_publishing.jpg\" alt=\"Pubblicazione di libri su questioni legali relative allo sviluppo di sistemi\"><\/div>\n\t\t\t<div class=\"width51\">\n\t\t\t\t<h3>Pubblicazione di libri su questioni legali relative allo sviluppo di sistemi<\/h3>\n\t\t\t\t<p class=\"mgb-small\">Come studio legale specializzato nello sviluppo di sistemi per servizi web, applicazioni e giochi, abbiamo pubblicato il libro &#8220;Domande e Risposte Legali per Ingegneri IT&#8221;. Nel libro, un ex ingegnere ora avvocato spiega le conoscenze legali principalmente per gli ingegneri IT.<\/p>\n\t\t\t\t<p>Il libro \u00e8 composto dai capitoli Trappole del Diritto d&#8217;Autore, Trappole dei Contratti di Sviluppo, Trappole delle Relazioni di Lavoro, Punti di Controllo dei Contratti, fornisce spiegazioni legali su punti specifici che possono essere problematici nelle reali situazioni di sviluppo di sistemi.<\/p>\n\t\t\t<\/div>\n\t\t<\/div>\n\t<\/div>\n<\/section>\n\n<section class=\"purple-section\">\n\t<div class=\"anchor\" id=\"crypto-assets-and-blockchain\"><\/div>\n\t<div class=\"section-inner\">\n\t\t<div class=\"flex\">\n\t\t\t<div class=\"width41\"><img decoding=\"async\" src=\"\/wp-content\/uploads\/2022\/07\/shutterstock_1151380622_2.png\" alt=\"Cripto Assets e Blockchain\"><\/div>\n\t\t\t<div class=\"width51\">\n\t\t\t\t<h3>Cripto Asset e Blockchain<\/h3>\n\t\t\t\t<p>Il blockchain \u00e8 un database decentralizzato, con un basso rischio di perdita di registrazioni e difficile da modificare le registrazioni passate. Questa sicurezza \u00e8 realizzata attraverso tecniche IT come algoritmi di consenso, crittografia e reti P2P. MONOLITH LAW OFFICE \u00e8 coinvolto in questioni legali relative a cripto asset e blockchain dal suo inizio nel 2017.<\/p>\n\t\t\t<\/div>\n\t\t<\/div>\n\t<\/div>\n<\/section>\n\n<section class=\"white-section mgt-section mgb-section\">\n\t<div class=\"anchor\" id=\"manda\"><\/div>\n\t<div class=\"section-inner-black\">\n\t\t<h3>M&amp;A<\/h3>\n\t\t<p class=\"mgb-middle\">Abbiamo una vasta esperienza in M&amp;A che coinvolgono sistemi IT, inclusi trasferimenti di attivit\u00e0 e acquisizioni di applicazioni e servizi web.<\/p>\n\t<\/div>\n<\/section>\n\n<section class=\"purple2-section\">\n\t<div class=\"anchor\" id=\"monolith-law-magazine\"><\/div>\n\t<div class=\"section-inner\">\n\t\t    <section class=\"white-section temp-article\">\n        <div class=\"section-inner\">\n            <h4>MONOLITH LAW MAGAZINE<\/h4>\n            <div class=\"articles type_practice_column\">\n                                                                    <div class=\"article article-area\">\n                        <figure>\n                            <div class=\"img-wrap\">\n                                <img alt=\"Spiegazione di otto questioni legali che emergono nello sviluppo di software che utilizza software open source (OSS)\" src=\"https:\/\/monolith.law\/it\/wp-content\/uploads\/sites\/15\/2025\/08\/2e3dcd72416c364f481cdcf21967a2a8.webp\" width=\"500\" height=\"250\">\n                            <\/div>\n                            <figcaption>\n                                <div class=\"figcaption-inner\">\n                                    <h3>Spiegazione di otto questioni legali che emergono nello sviluppo di software che.<\/h3>\n                                <\/div>\n                            <\/figcaption>\n                            <a href=\"https:\/\/monolith.law\/it\/it\/oss-law\"><\/a>\n                        <\/figure>\n                    <\/div>\n                                                    <div class=\"article article-area\">\n                        <figure>\n                            <div class=\"img-wrap\">\n                                <img alt=\"Qual \u00e8 l'entit\u00e0 della responsabilit\u00e0 dei fornitori per i prodotti consegnati che includono software open source (OSS)? Spiegazione delle responsabilit\u00e0 civili e delle contromisure per ogni tipo di contratto.\" src=\"https:\/\/monolith.law\/it\/wp-content\/uploads\/sites\/15\/2025\/08\/a3e2bebbbd18ab9195487c8b62e3ba94.webp\" width=\"500\" height=\"250\">\n                            <\/div>\n                            <figcaption>\n                                <div class=\"figcaption-inner\">\n                                    <h3>Qual \u00e8 l'entit\u00e0 della responsabilit\u00e0 dei fornitori per i prodotti consegnati che.<\/h3>\n                                <\/div>\n                            <\/figcaption>\n                            <a href=\"https:\/\/monolith.law\/it\/it\/oss-contract\"><\/a>\n                        <\/figure>\n                    <\/div>\n                                                    <div class=\"article article-area\">\n                        <figure>\n                            <div class=\"img-wrap\">\n                                <img alt=\"Punti di attenzione nell'utilizzo di OSS nei contratti di sviluppo software affidati a terzi\" src=\"https:\/\/monolith.law\/it\/wp-content\/uploads\/sites\/15\/2025\/08\/9132dea58501d53c6b72439e72a5a1e0.webp\" width=\"500\" height=\"250\">\n                            <\/div>\n                            <figcaption>\n                                <div class=\"figcaption-inner\">\n                                    <h3>Punti di attenzione nell'utilizzo di OSS nei contratti di sviluppo software affi.<\/h3>\n                                <\/div>\n                            <\/figcaption>\n                            <a href=\"https:\/\/monolith.law\/it\/it\/oss-development-contract\"><\/a>\n                        <\/figure>\n                    <\/div>\n                                            <\/div>\n            <div class=\"btn-more\"><a href=\"https:\/\/monolith.law\/it\/tag\/system-development\">Leggi tutto<\/a><\/div>\n        <\/div>\n    <\/section>\n\t<\/div>\n<\/section>\n\n<section class=\"orange2-section\">\n\t<div class=\"anchor\" id=\"fee-structure\"><\/div>\n\t<div class=\"section-inner\">\n\t<div class=\"planWrap\">\n\t<h3>Struttura dei Tariffari<\/h3>\n\t<ul class=\"plan\">\n\t\t<li class=\"txt-left\">\n\t\t\t<div class=\"plan-inner\">\n\t\t\t<div class=\"plan-header\">\n\t\t\t<h4 class=\"plan-title\">Tariffa Oraria<\/h4>\n\t\t\t<div class=\"plan-price\"><span class=\"price-figure\">$300<\/span> all&#8217;ora <span class=\"price-tax\"><\/span><\/div>\n\t\t\t<\/div>\n\t\t\t<div class=\"plan-body\">In certe circostanze, potremmo considerare l&#8217;accettazione di una disputa o causa legale con un onorario iniziale e un onorario di risultato. Per maggiori dettagli, non esitate a contattarci.<\/div>\n\t\t\t<\/div>\n\t\t<\/li>\n\t\t<li class=\"txt-left\">\n\t\t\t<div class=\"plan-inner\">\n\t\t\t<div class=\"plan-header\">\n\t\t\t<h4 class=\"plan-title\">Redazione di Contratti<\/h4>\n\t\t\t<div class=\"plan-price\"><span class=\"price-value\">da<\/span><span class=\"price-figure\">$500<\/span><span class=\"price-value\">a $2,000 o pi\u00f9<\/span><span class=\"price-tax\"><\/span><\/div>\n\t\t\t<\/div>\n\t\t\t<div class=\"plan-body\">La struttura dei prezzi pu\u00f2 variare in base al tipo e alla quantit\u00e0 dei contratti. Siamo lieti di offrire un preventivo preliminare su richiesta, quindi vi incoraggiamo a contattarci per ulteriori dettagli.<\/div>\n\t\t\t<\/div>\n\t\t<\/li>\n\t\t<li class=\"txt-left\">\n\t\t\t<div class=\"plan-inner\">\n\t\t\t<div class=\"plan-header\">\n\t\t\t<h4 class=\"plan-title\">Altri Servizi<\/h4>\n\t\t\t<div class=\"plan-price\"><span class=\"price-figure\">Contattateci<\/span><\/div>\n\t\t\t<\/div>\n\t\t\t<div class=\"plan-body\">Offriamo una vasta gamma di servizi che includono la costituzione di societ\u00e0, la revisione di contratti, pareri legali, revisione di casi o lettere di ricerca. Se avete domande o dubbi, vi invitiamo cordialmente a contattarci e il nostro team esperto sar\u00e0 felice di assistervi.<\/div>\n\t\t\t<\/div>\n\t\t\t<\/div>\n\t\t<\/li>\n\t<\/ul>\n\t<\/div>\n\t<\/div>\n<\/section>\n\n<section class=\"white-section\">\n\t<div class=\"section-inner\">\n\t\t<div class=\"btn-area\">\n\t\t\t<div class=\"btn icon-contact\"><a href=\"\/it\/contact\">Contattateci<\/a><\/div>\n\t\t<\/div>\n\t<\/div>\n<\/section>\n","protected":false},"excerpt":{"rendered":"<p>Sviluppo di Sistemi Lo sviluppo di sistemi altamente specializzati spesso comporta questioni complesse e trattative contrattuali. Siamo pronti a supportare la vostra azienda utilizzando la nostra cono [&hellip;]<\/p>\n","protected":false},"author":1,"featured_media":57152,"parent":0,"menu_order":7,"comment_status":"closed","ping_status":"closed","template":"other-page-temp.php","meta":{"footnotes":""},"acf":[],"_links":{"self":[{"href":"https:\/\/monolith.law\/it\/wp-json\/wp\/v2\/pages\/32253"}],"collection":[{"href":"https:\/\/monolith.law\/it\/wp-json\/wp\/v2\/pages"}],"about":[{"href":"https:\/\/monolith.law\/it\/wp-json\/wp\/v2\/types\/page"}],"author":[{"embeddable":true,"href":"https:\/\/monolith.law\/it\/wp-json\/wp\/v2\/users\/1"}],"replies":[{"embeddable":true,"href":"https:\/\/monolith.law\/it\/wp-json\/wp\/v2\/comments?post=32253"}],"version-history":[{"count":33,"href":"https:\/\/monolith.law\/it\/wp-json\/wp\/v2\/pages\/32253\/revisions"}],"predecessor-version":[{"id":75813,"href":"https:\/\/monolith.law\/it\/wp-json\/wp\/v2\/pages\/32253\/revisions\/75813"}],"wp:featuredmedia":[{"embeddable":true,"href":"https:\/\/monolith.law\/it\/wp-json\/wp\/v2\/media\/57152"}],"wp:attachment":[{"href":"https:\/\/monolith.law\/it\/wp-json\/wp\/v2\/media?parent=32253"}],"curies":[{"name":"wp","href":"https:\/\/api.w.org\/{rel}","templated":true}]}}