{"id":32408,"date":"2021-05-17T14:12:29","date_gmt":"2021-05-17T05:12:29","guid":{"rendered":"https:\/\/monolith.law\/?page_id=32408"},"modified":"2024-01-29T18:09:44","modified_gmt":"2024-01-29T09:09:44","slug":"m-and-a","status":"publish","type":"page","link":"https:\/\/monolith.law\/it\/m-and-a","title":{"rendered":"M&amp;A"},"content":{"rendered":"\n<section class=\"heading-area\">\n\t<div class=\"heading-area-inner\">\n\t\t<h2 class=\"icon-m-and-a\">M&amp;A<\/h2>\n\t\t<p>Il MONOLITH LAW OFFICE ha gestito numerosi casi legali relativi a partecipazioni azionarie e operazioni di M&amp;A, principalmente nel settore IT, che includono applicazioni e servizi web. Siamo in grado di effettuare la cosiddetta due diligence legale (DD) in situazioni quali acquisizioni aziendali e altre circostanze.<\/p>\n\t<\/div>\n<\/section>\n\n<section class=\"white-section\">\n\t<div class=\"section-inner pdt0 border-bottom-section\">\n\t\t<p>MONOLITH LAW OFFICE ha coordinato molteplici transazioni di M&amp;A, tra cui trasferimenti di attivit\u00e0 commerciali, questioni legali legate alle partecipazioni azionarie come l&#8217;allocazione di azioni a terzi, l&#8217;emissione di stock options, i buyout di gestione (MBO) e la costituzione di joint venture (JV), oltre alla risoluzione di dispute connesse a tali operazioni, principalmente nel campo IT, che comprende applicazioni e servizi web. Inoltre, disponiamo di un sistema per gestire la cosiddetta due diligence legale (DD), un&#8217;indagine giuridica volta a confermare l&#8217;assenza o meno di questioni legali particolarmente gravi in contesti come le acquisizioni aziendali.<\/p>\n\t<\/div>\n<\/section>\n\n<section class=\"second-nav\">\n\t<div class=\"second-nav-inner\">\n\t\t<p>ARGOMENTI<\/p>\n\t\t<nav>\n\t\t\t<ul>\n\t\t\t\t<li><a href=\"#examples-of-support-provided-by-our-firm\">Esempi di Supporto Forniti dal Nostro Studio<\/a><\/li>\n\t\t\t\t<li><a href=\"#share-and-capital-increase\">Aumento di Capitale e Azioni<\/a><\/li>\n\t\t\t\t<li><a href=\"#ma-related-legal-affairs\">Questioni Legali Relative a M&amp;A<\/a><\/li>\n\t\t\t\t<li><a href=\"#ma-of-sns-such-as-youtube\">M&amp;A di Social Network come YouTube<\/a><\/li>\n\t\t\t\t<li><a href=\"#one-stop-service-in-cooperation-with-judicial-scriveners\">Servizio One-stop in Collaborazione con Notai<\/a><\/li>\n\t\t\t\t<li><a href=\"#legal-due-diligence-dd-support\">Supporto alla Due Diligence Legale<\/a><\/li>\n\t\t\t\t<li><a href=\"#legal-due-diligence-cases-we-have-handled\">Casi di Due Diligence Legale Gestiti da MONOLITH LAW OFFICE<\/a><\/li>\n\t\t\t\t<li><a href=\"#disputes-related-to-stocks-and-investments\">Controversie Relative a Azioni e Investimenti<\/a><\/li>\n\t\t\t\t<li><a href=\"#monolith-law-magazine\">MONOLITH LAW MAGAZINE<\/a><\/li>\n\t\t\t\t<li><a href=\"#fee-structure\">Struttura delle Tariffe<\/a><\/li>\n\t\t\t<\/ul>\n\t\t<\/nav>\n\t<\/div>\n<\/section>\n\n<section class=\"white-section\">\n\t<div class=\"anchor\" id=\"examples-of-support-provided-by-our-firm\"><\/div>\n\t<div class=\"section-inner-bottomhalf\">\n\t\t<h3 class=\"mgb-middle\">Esempio di supporto fornito dal nostro studio<\/h3>\n\t\t<ul class=\"mgb-small layout-column4\">\n\t\t\t<li>\n\t\t\t\t<h4>Aumento di capitale tramite allocazione di azioni a terzi<\/h4>\n\t\t\t\t<div><img decoding=\"async\" src=\"\/wp-content\/themes\/monolith2021\/img\/stockrelatedlaw\/stockrelatedlaw_support_pic1.jpg\"><\/div>\n\t\t\t\t<p>Abbiamo assistito numerose aziende venture nel reperire capitali tramite allocazione di azioni a terzi. Abbiamo inoltre supportato una societ\u00e0 quotata nel realizzare il suo primo investimento in capitale di rischio, redigendo un term sheet e un accordo di investimento.<\/p>\n\t\t\t<\/li>\n\t\t\t<li>\n\t\t\t\t<h4>Buyout di Gestione (MBO)<\/h4>\n\t\t\t\t<div><img decoding=\"async\" src=\"\/wp-content\/themes\/monolith2021\/img\/stockrelatedlaw\/stockrelatedlaw_support_pic2.jpg\"><\/div>\n\t\t\t\t<p>Abbiamo collaborato con aziende venture che avevano problemi di relazioni di capitale per sviluppare strategie e redigere vari accordi per i buyout di gestione (MBO), come la raccolta di fondi, la costituzione di una nuova entit\u00e0 legale per fungere da veicolo e permettere a questa nuova entit\u00e0 di acquisire azioni dagli azionisti esistenti.<\/p>\n\t\t\t<\/li>\n\t\t\t<li>\n\t\t\t\t<h4>Costituzione di Joint Ventures<\/h4>\n\t\t\t\t<div><img decoding=\"async\" src=\"\/wp-content\/themes\/monolith2021\/img\/stockrelatedlaw\/stockrelatedlaw_support_pic3.jpg\"><\/div>\n\t\t\t\t<p>Abbiamo lavorato con aziende startup per l&#8217;istituzione di joint ventures (JV), in cui una startup e un&#8217;impresa commerciale di grandi dimensioni detengono azioni nella stessa societ\u00e0, redigendo term sheets, negoziando contratti e trasferendo l&#8217;attivit\u00e0 dalla startup alla nuova societ\u00e0 costituita.<\/p>\n\t\t\t\t<\/li>\n\t\t\t<li>\n\t\t\t\t<h4>Contenziosi legati alle azioni<\/h4>\n\t\t\t\t<div><img decoding=\"async\" src=\"\/wp-content\/themes\/monolith2021\/img\/stockrelatedlaw\/stockrelatedlaw_support_pic4.jpg\"><\/div>\n\t\t\t\t<p>Abbiamo gestito casi in cui una startup ha ricevuto investimenti da un investitore privato e la validit\u00e0 del contratto di investimento \u00e8 stata successivamente contestata, e casi in cui il fondatore di una societ\u00e0 di successo, dopo aver venduto le sue azioni in un buyout, \u00e8 stato accusato di inadempimento delle sue obbligazioni, ricevendo una richiesta di risarcimento danni dalla societ\u00e0 a cui aveva venduto le azioni, dalla negoziazione extragiudiziale al contenzioso.<\/p>\n\t\t\t<\/li>\n\t\t<\/ul>\n\t<\/div>\n<\/section>\n\n<section class=\"white-section\">\n\t<div class=\"section-inner-tophalf\">\n\t\t<div class=\"frame2 max-width860 txt-center-pc\">\n\t\t\t<p class=\"bold txt-l\">Abbiamo prestato consulenza legale a numerose startup IT.<br>Il lavoro legale relativo al capitale di rischio e alle fusioni e acquisizioni \u00e8 uno dei nostri principali ambiti di pratica.<\/p>\n\t\t<\/div>\n\t<\/div>\n<\/section>\n\n<section class=\"white-section mgb-section80\">\n\t<div class=\"anchor\" id=\"share-and-capital-increase\"><\/div>\n\t<div class=\"section-inner-black\">\n\t\t<h3>Condivisione e Aumento di Capitale<\/h3>\n\t\t<p class=\"mgb-middle\">Per quanto riguarda l&#8217;emissione di azioni attraverso l&#8217;assegnazione a terzi, ci occupiamo di tutto, dalla preparazione dei term sheet alla stesura di contratti di investimento e accordi tra azionisti. Gestiamo anche la progettazione di azioni di classe che prevedono una distribuzione preferenziale, l&#8217;emissione di diritti di acquisto di azioni, gli accordi tra fondatori, il trasferimento di azioni e varie altre strategie e contratti legati all&#8217;equity, ecc.<\/p>\n\n\n\n\t<\/div>\n<\/section>\n\n<section class=\"white-section mgb-section100\">\n\t<div class=\"anchor\" id=\"ma-related-legal-affairs\"><\/div>\n\t<div class=\"section-inner-black\">\n\t\t<h3>Questioni Legali Relative a M&amp;A<\/h3>\n\t\t<p class=\"mgb-middle\">Abbiamo una vasta esperienza nelle transazioni di M&amp;A nel senso pi\u00f9 ampio del termine, principalmente nel campo dell&#8217;IT, che include trasferimenti di attivit\u00e0 di servizi web e applicazioni, e acquisizioni di aziende in fase di avvio. Abbiamo anche agito come cliente per una societ\u00e0 quotata nel primo segmento della Borsa di Tokyo nella trasferimento della sua attivit\u00e0 di sistemi IT da una azienda in fase di avvio.<\/p>\n\n\n\n\t<\/div>\n<\/section>\n\n<section class=\"purple-section\">\n\t<div class=\"anchor\" id=\"ma-of-sns-such-as-youtube\"><\/div>\n\t<div class=\"section-inner\">\n\t\t<div class=\"flex reverse\">\n\t\t\t<div class=\"width41\"><img decoding=\"async\" src=\"\/wp-content\/themes\/monolith2021\/img\/pic\/pic_sns_manda.jpg\" alt=\"M&amp;A di SNS come YouTube\"><\/div>\n\t\t\t<div class=\"width51\">\n\t\t\t\t<h3>M&amp;A di SNS come YouTube<\/h3>\n\t\t\t\t<p class=\"mgb-small\">I canali YouTube e gli account Twitter sono soggetti a M&amp;A, cos\u00ec come i siti web, ecc. Tuttavia, a causa della natura speciale di queste transazioni M&amp;A, \u00e8 necessario un studio legale con conoscenze e know-how specializzati.<\/p>\n\t\t\t\t<p class=\"mgb-small\">Il nostro studio ha gestito numerose transazioni M&amp;A per canali YouTube e altri, che vanno da piccole somme a quelle che coinvolgono pi\u00f9 di 100 milioni di yen, fornendo servizi legali che vanno dalla stesura di contratti alla due diligence (DD).<\/p>\n\t\t\t\t<div class=\"btn-area align-left\">\n\t\t\t\t\t\n\t\t\t\t<\/div>\n\t\t\t<\/div>\n\t\t<\/div>\n\t<\/div>\n<\/section>\n\n<section class=\"white-section\">\n\t<div class=\"anchor\" id=\"one-stop-service-in-cooperation-with-judicial-scriveners\"><\/div>\n\t<div class=\"section-inner\">\n\t\t<div class=\"flex\">\n\t\t\t<div class=\"width41\"><img decoding=\"async\" src=\"\/wp-content\/themes\/monolith2021\/img\/stockrelatedlaw\/stockrelatedlaw_pic2.jpg\" alt=\"Servizio One-stop in Collaborazione con Gli Scrivani Giudiziari\"><\/div>\n\t\t\t<div class=\"width51\">\n\t\t\t\t<h3>Servizio One-stop in Collaborazione con Gli Scrivani Giudiziari<\/h3>\n\t\t\t\t<p class=\"mgb-small\">Diversi tipi di lavoro, come l&#8217;assegnazione di nuove azioni a terzi, sono in gran parte suddivisi in preparazione del term sheet, negoziazione del contratto, e preparazione di accordi di investimento e accordi tra azionisti, in cui gli avvocati hanno competenza, e lavoro relativo alla registrazione, in cui gli scrivani giudiziari hanno competenza.<\/p>\n\t\t\t\t<p class=\"mgb-small\">E poich\u00e9 questi sono interrelati, i costi di comunicazione si gonfiano se i clienti devono trattare con pi\u00f9 studi legali separatamente.<\/p>\n\t\t\t\t<p>MONOLITH LAW OFFICE, in collaborazione con gli uffici degli scrivani giudiziari, pu\u00f2 gestire tutti questi servizi in un unico punto di contatto e in modo unificato.<\/p>\n\t\t\t<\/div>\n\t\t<\/div>\n\t<\/div>\n<\/section>\n\n<section class=\"orange-section\">\n\t<div class=\"anchor\" id=\"legal-due-diligence-dd-support\"><\/div>\n\t<div class=\"section-inner\">\n\t\t<div class=\"flex reverse\">\n\t\t\t<div class=\"width41\"><img decoding=\"async\" src=\"\/wp-content\/themes\/monolith2021\/img\/pic\/pic_legalduediligence.jpg\" alt=\"Supporto alla Due Diligence Legale\"><\/div>\n\t\t\t<div class=\"width51\">\n\t\t\t\t<h3>Supporto per la Due Diligence Legale<\/h3>\n\t\t\t\t<p class=\"mgb-small\">Nelle acquisizioni aziendali e in altre situazioni, la due diligence legale (DD) \u00e8 un&#8217;indagine giuridica per accertare se ci sono problemi legali particolarmente gravi nelle seguenti aree: costituzione, struttura aziendale, azioni, azionisti, affiliate, M&amp;A, immobili, beni mobili, diritti di propriet\u00e0 intellettuale, finanza, contratti, contenziosi e dispute, conformit\u00e0, e cos\u00ec via. La due diligence (DD) \u00e8 un compito che richiede competenze organizzative da parte degli studi legali. Il nostro team di 30 avvocati \u00e8 in grado di condurre tale due diligence legale e preparare i rapporti DD in modo tempestivo.<\/p>\n\t\t\t\t<p><span class=\"bold\">*Quando si prepara un rapporto DD, generalmente richiede pi\u00f9 di 30 ore di tempo dell&#8217;avvocato (onorari dell&#8217;avvocato di poco pi\u00f9 di $12,000).<\/span><\/p>\n\t\t\t<\/div>\n\t\t<\/div>\n\t<\/div>\n<\/section>\n\n<section class=\"orange2-section\">\n\t<div class=\"anchor\" id=\"legal-due-diligence-cases-we-have-handled\"><\/div>\n\t<div class=\"section-inner\">\n\t\t<h3>Casi di Due Diligence Legale Gestiti da MONOLITH LAW OFFICE<\/h3>\n\t\t<p class=\"mgb-small\">In generale, l&#8217;ambito della Due Diligence comprende questioni che costituiscono la base per le aziende o le operazioni commerciali, cos\u00ec come quelle che hanno un impatto significativo sulle attivit\u00e0 aziendali.<\/p>\n\t\t<p class=\"mgb-small\">Nello specifico, ci\u00f2 implica la valutazione, in termini di struttura e governance aziendale, della capacit\u00e0 delle aziende o delle attivit\u00e0 commerciali di sostenersi nel tempo, identificando le necessarie normative legali e i permessi per procedere ulteriormente, e determinando se \u00e8 fattibile mantenere tali permessi. Inoltre, comporta la valutazione dello stato degli asset e passivit\u00e0 importanti legati alle operazioni aziendali, l&#8217;individuazione dell&#8217;assenza di contratti essenziali (inclusi quelli di lavoro e transazioni con parti correlate), la valutazione della fattibilit\u00e0 del mantenimento di condizioni favorevoli e la valutazione dell&#8217;impatto potenziale dei rischi che possono manifestarsi.<\/p>\n\t\t<p class=\"mgb-middle\">Sebbene fondamentalmente basata su questi aspetti, l&#8217;ambito della due diligence legale \u00e8 soggetto a punti specifici adattati alla natura dell&#8217;azienda o dell&#8217;attivit\u00e0 commerciale.<\/p>\n\t\t<ol class=\"layout-datalist\">\n\t\t\t<li>\n\t\t\t\t<h4>Una Startup Tecnologica<\/h4>\n\t\t\t\t<p>Partendo dalla ricerca nella struttura aziendale, inclusa l&#8217;emissione di azioni e la composizione di azionisti e amministratori, poniamo inoltre un&#8217;enfasi particolare sull&#8217;esame approfondito delle invenzioni brevettate e altri diritti legati all&#8217;attivit\u00e0 principale, l&#8217;analisi dell&#8217;attivit\u00e0 commerciale.<\/p>\n\t\t\t<\/li>\n\t\t\t<li>\n\t\t\t\t<h4>Una Societ\u00e0 di Gestione dei Media<\/h4>\n\t\t\t\t<p>Abbiamo esaminato i loro canali YouTube per verificare se operassero in conformit\u00e0 con i Termini di Servizio e la Politica sulla Privacy, nonch\u00e9 se i contenuti video precedentemente pubblicati rispettassero le normative sul copyright e sulla pubblicit\u00e0.<\/p>\n\t\t\t<\/li>\n\t\t\t<li>\n\t\t\t\t<h4>Una Societ\u00e0 IT basata su Contratti<\/h4>\n\t\t\t\t<p>Dato che \u00e8 stata identificata una discrepanza tra lo Statuto Sociale e la situazione effettiva riguardante l&#8217;emissione di azioni e la tenuta delle assemblee degli azionisti, abbiamo chiarito i rischi associati a queste questioni e abbiamo contribuito all&#8217;implementazione di contromisure future.<\/p>\n\t\t\t<\/li>\n\t\t\t<li>\n\t\t\t\t<h4>Rivenditori di PC<\/h4>\n\t\t\t\t<p>Oltre a concentrarci sul business stesso, abbiamo anche valutato lo stato delle transazioni con altre aziende e lo stato dei contratti per l&#8217;acquisto dei prodotti dell&#8217;azienda. Inoltre, considerando che l&#8217;azienda era anche impegnata in contratti di costruzione, abbiamo attentamente confermato i dettagli delle licenze e dei permessi relativi alla continuazione dell&#8217;attivit\u00e0 edile e il loro stato di rinnovo, incluso il luogo del responsabile.<\/p>\n\t\t\t<\/li>\n\t\t\t<li>\n\t\t\t\t<h4>Produttori di PC<\/h4>\n\t\t\t\t<p>Oltre a indagare sulle condizioni di lavoro come le regole del lavoro e le regolamentazioni salariali, dato che l&#8217;azienda possedeva diverse macchine per il lavoro, fabbriche e terreni, abbiamo esaminato attentamente i diritti e il valore di acquisizione di tali beni.<\/p>\n\t\t\t<\/li>\n\t\t<\/ol>\n\t<\/div>\n<\/section>\n\n<section class=\"white-section\">\n\t<div class=\"anchor\" id=\"disputes-related-to-stocks-and-investments\"><\/div>\n\t<div class=\"section-inner\">\n\t\t<div class=\"flex\">\n\t\t\t<div class=\"width41\"><img decoding=\"async\" src=\"\/wp-content\/themes\/monolith2021\/img\/stockrelatedlaw\/stockrelatedlaw_pic4.jpg\" alt=\"Controversie relative a azioni e investimenti\"><\/div>\n\t\t\t<div class=\"width51\">\n\t\t\t\t<h3>Controversie relative a Azioni e Investimenti<\/h3>\n\t\t\t\t<p>Abbiamo una grande esperienza nella risoluzione di problemi e controversie legate a investimenti e altre questioni, che vanno da cause legali tra societ\u00e0 e azionisti, come le cause derivanti dagli azionisti, a problemi legati ad aumenti di capitale, acquisizioni e altre questioni.<\/p>\n\t\t\t<\/div>\n\t\t<\/div>\n\t<\/div>\n<\/section>\n\n<section class=\"purple2-section\">\n\t<div class=\"anchor\" id=\"monolith-law-magazine\"><\/div>\n\t<div class=\"section-inner\">\n\t\t    <section class=\"white-section temp-article\">\n        <div class=\"section-inner\">\n            <h4>MONOLITH LAW MAGAZINE<\/h4>\n            <div class=\"articles type_practice_column\">\n                                                                    <div class=\"article article-area\">\n                        <figure>\n                            <div class=\"img-wrap\">\n                                <img alt=\"\u3010In vigore da ottobre (Reiwa 6) 2023\u3011Vantaggi e svantaggi della non divulgazione dell'indirizzo del rappresentante legale nelle registrazioni aziendali: una spiegazione dettagliata\" src=\"https:\/\/monolith.law\/it\/wp-content\/uploads\/sites\/15\/2024\/07\/shutterstock_446633164-1.webp\" width=\"500\" height=\"250\">\n                            <\/div>\n                            <figcaption>\n                                <div class=\"figcaption-inner\">\n                                    <h3>\u3010In vigore da ottobre (Reiwa 6) 2023\u3011Vantaggi e svantaggi della non divulgazione.<\/h3>\n                                <\/div>\n                            <\/figcaption>\n                            <a href=\"https:\/\/monolith.law\/it\/general-corporate\/ceo-address-hidden\"><\/a>\n                        <\/figure>\n                    <\/div>\n                                                    <div class=\"article article-area\">\n                        <figure>\n                            <div class=\"img-wrap\">\n                                <img alt=\"Principali schemi e differenze nelle M&amp;A dei gestori di assistenza agli anziani\" src=\"https:\/\/monolith.law\/it\/wp-content\/uploads\/sites\/15\/2024\/03\/Shutterstock_1789226708.webp\" width=\"500\" height=\"250\">\n                            <\/div>\n                            <figcaption>\n                                <div class=\"figcaption-inner\">\n                                    <h3>Principali schemi e differenze nelle M&amp;A dei gestori di assistenza agli anzi.<\/h3>\n                                <\/div>\n                            <\/figcaption>\n                            <a href=\"https:\/\/monolith.law\/it\/general-corporate\/nursing_care_ma\"><\/a>\n                        <\/figure>\n                    <\/div>\n                                                    <div class=\"article article-area\">\n                        <figure>\n                            <div class=\"img-wrap\">\n                                <img alt=\"Transazioni in aumento oltre i confini nazionali: la legge applicabile ai contratti internazionali necessari per il commercio internazionale e le differenze rispetto ai contratti nazionali\" src=\"https:\/\/monolith.law\/it\/wp-content\/uploads\/sites\/15\/2024\/03\/Shutterstock_736886620.webp\" width=\"500\" height=\"250\">\n                            <\/div>\n                            <figcaption>\n                                <div class=\"figcaption-inner\">\n                                    <h3>Transazioni in aumento oltre i confini nazionali: la legge applicabile ai contra.<\/h3>\n                                <\/div>\n                            <\/figcaption>\n                            <a href=\"https:\/\/monolith.law\/it\/general-corporate\/international-contract\"><\/a>\n                        <\/figure>\n                    <\/div>\n                                            <\/div>\n            <div class=\"btn-more\"><a href=\"https:\/\/monolith.law\/it\/tag\/m-and-a\">Leggi tutto<\/a><\/div>\n        <\/div>\n    <\/section>\n\t<\/div>\n<\/section>\n\n<section class=\"orange2-section\">\n\t<div class=\"anchor\" id=\"fee-structure\"><\/div>\n\t<div class=\"section-inner\">\n\t<div class=\"planWrap\">\n\t<h3>Struttura dei Costi<\/h3>\n\t<ul class=\"plan\">\n\t\t<li class=\"txt-left\">\n\t\t\t<div class=\"plan-inner\">\n\t\t\t<div class=\"plan-header\">\n\t\t\t<h4 class=\"plan-title\">Tariffa Oraria<\/h4>\n\t\t\t<div class=\"plan-price\"><span class=\"price-figure\">$300<\/span> all&#8217;ora <span class=\"price-tax\"><\/span><\/div>\n\t\t\t<\/div>\n\t\t\t<div class=\"plan-body\">In certi casi, potremmo considerare l&#8217;accettazione di una disputa o causa legale con un onorario iniziale e un onorario di risultato. Per maggiori dettagli, non esitate a contattarci.<\/div>\n\t\t\t<\/div>\n\t\t<\/li>\n\t\t<li class=\"txt-left\">\n\t\t\t<div class=\"plan-inner\">\n\t\t\t<div class=\"plan-header\">\n\t\t\t<h4 class=\"plan-title\">Redazione di Contratti<\/h4>\n\t\t\t<div class=\"plan-price\"><span class=\"price-value\">da<\/span><span class=\"price-figure\">$500<\/span><span class=\"price-value\">a $2,000 o pi\u00f9<\/span><span class=\"price-tax\"><\/span><\/div>\n\t\t\t<\/div>\n\t\t\t<div class=\"plan-body\">La struttura dei prezzi pu\u00f2 variare in base al tipo e alla quantit\u00e0 dei contratti. Siamo lieti di offrire un preventivo preliminare su richiesta, quindi vi incoraggiamo a contattarci per ulteriori dettagli.<\/div>\n\t\t\t<\/div>\n\t\t<\/li>\n\t\t<li class=\"txt-left\">\n\t\t\t<div class=\"plan-inner\">\n\t\t\t<div class=\"plan-header\">\n\t\t\t<h4 class=\"plan-title\">Altri Servizi<\/h4>\n\t\t\t<div class=\"plan-price\"><span class=\"price-figure\">Contattateci<\/span><\/div>\n\t\t\t<\/div>\n\t\t\t<div class=\"plan-body\">Offriamo una vasta gamma di servizi che includono la costituzione di societ\u00e0, la revisione di contratti, pareri legali, revisione di casi o lettere di ricerca. Se avete domande o dubbi, vi invitiamo cordialmente a contattarci e il nostro team esperto sar\u00e0 felice di assistervi.<\/div>\n\t\t\t<\/div>\n\t\t\t<\/div>\n\t\t<\/li>\n\t<\/ul>\n\t<\/div>\n\t<\/div>\n<\/section>\n\n<section class=\"white-section\">\n\t<div class=\"section-inner\">\n\t\t<div class=\"btn-area\">\n\t\t\t<div class=\"btn icon-contact\"><a href=\"\/it\/contact\">Contattateci<\/a><\/div>\n\t\t<\/div>\n\t<\/div>\n<\/section>\n","protected":false},"excerpt":{"rendered":"<p>M&amp;A Il MONOLITH LAW OFFICE ha gestito numerosi casi legali relativi a partecipazioni azionarie e operazioni di M&amp;A, principalmente nel settore IT, che includono applicazioni e servizi web. Sia [&hellip;]<\/p>\n","protected":false},"author":1,"featured_media":57141,"parent":0,"menu_order":7,"comment_status":"closed","ping_status":"closed","template":"other-page-temp.php","meta":{"footnotes":""},"acf":[],"_links":{"self":[{"href":"https:\/\/monolith.law\/it\/wp-json\/wp\/v2\/pages\/32408"}],"collection":[{"href":"https:\/\/monolith.law\/it\/wp-json\/wp\/v2\/pages"}],"about":[{"href":"https:\/\/monolith.law\/it\/wp-json\/wp\/v2\/types\/page"}],"author":[{"embeddable":true,"href":"https:\/\/monolith.law\/it\/wp-json\/wp\/v2\/users\/1"}],"replies":[{"embeddable":true,"href":"https:\/\/monolith.law\/it\/wp-json\/wp\/v2\/comments?post=32408"}],"version-history":[{"count":32,"href":"https:\/\/monolith.law\/it\/wp-json\/wp\/v2\/pages\/32408\/revisions"}],"predecessor-version":[{"id":61725,"href":"https:\/\/monolith.law\/it\/wp-json\/wp\/v2\/pages\/32408\/revisions\/61725"}],"wp:featuredmedia":[{"embeddable":true,"href":"https:\/\/monolith.law\/it\/wp-json\/wp\/v2\/media\/57141"}],"wp:attachment":[{"href":"https:\/\/monolith.law\/it\/wp-json\/wp\/v2\/media?parent=32408"}],"curies":[{"name":"wp","href":"https:\/\/api.w.org\/{rel}","templated":true}]}}