{"id":4096,"date":"2019-08-29T03:42:29","date_gmt":"2019-08-28T18:42:29","guid":{"rendered":"https:\/\/monolith.law\/?page_id=4096"},"modified":"2024-01-15T19:09:15","modified_gmt":"2024-01-15T10:09:15","slug":"overview-of-our-firm","status":"publish","type":"page","link":"https:\/\/monolith.law\/it\/overview-of-our-firm","title":{"rendered":"Panoramica del Nostro Studio Legale"},"content":{"rendered":"\n<section class=\"heading-area\">\n\t<div class=\"heading-area-inner\">\n\t\t<h2 class=\"icon-overview-of-our-firm\">Panoramica del Nostro Studio Legale<\/h2>\n\t\t<p>MONOLITH LAW OFFICE \u00e8 uno studio legale giapponese con sede a Tokyo, specializzato nei campi dell&#8217;IT, Internet e Business, composto da specialisti IT, incluso il Fondatore e Avvocato che ha una vasta esperienza come ingegnere IT.<\/p>\n\t<\/div>\n<\/section>\n<section class=\"white-section\">\n\t<div class=\"section-inner pdt0 border-bottom-section\">\n\t\t<p>Il nostro Fondatore e Avvocato, Toki Kawase, si \u00e8 interessato alla programmazione fin dalla terza elementare e ha lavorato nel settore IT durante gli studi universitari. Nei suoi vent&#8217;anni, ha maturato esperienze nella gestione di startup e di aziende di maggiori dimensioni. Attraverso la sinergia di queste esperienze uniche, il nostro studio dispone di un team di professionisti IT che aiutano a fornire soluzioni ai nostri clienti.<br>MONOLITH LAW OFFICE offre servizi di consulenza legale sfruttando appieno la sua competenza nel campo IT. I nostri clienti spaziano da aziende di primo livello a startup in fase iniziale. Abbiamo una vasta esperienza nella fornitura di servizi legali legati all&#8217;IT a varie aziende.<\/p>\n\t<\/div>\n<\/section>\n<section class=\"second-nav\">\n\t<div class=\"second-nav-inner\">\n\t\t<p>ARGOMENTI<\/p>\n\t\t<nav>\n\t\t\t<ul>\n\t\t\t\t<li><a href=\"#specialization-in-it\">Specializzazione in IT<\/a><\/li>\n\t\t\t\t<li><a href=\"#law-firm-at-otemachi-tokyo\">Studio Legale a Otemachi, Tokyo<\/a><\/li>\n\t\t\t\t<li><a href=\"#what-is-a-monolith\">Cos&#8217;\u00e8 un Monolith<\/a><\/li>\n\t\t\t\t<li><a href=\"#from-legal-advisor-to-it-specialized-lawyer\">Da Consulente Legale a Avvocato Specializzato in IT<\/a><\/li>\n\t\t\t\t<li><a href=\"#handling-cross-border-legal-matters\">Gestione di Questioni Legali Transfrontaliere<\/a><\/li>\n\t\t\t\t<li><a href=\"#our-clients\">I Nostri Clienti<\/a><\/li>\n\t\t\t<\/ul>\n\t\t<\/nav>\n\t<\/div>\n<\/section>\n<section class=\"white-section\">\n\t<div class=\"anchor\" id=\"specialization-in-it\"><\/div>\n\t<div class=\"section-inner\">\n\t\t<div class=\"flex\">\n\t\t\t<div class=\"width41\"><img decoding=\"async\" src=\"\/wp-content\/uploads\/2023\/06\/about_pic1.jpg\" alt=\"Specialization in IT\"><\/div>\n\t\t\t<div class=\"width51\">\n\t\t\t\t<h3>Specializzazione in IT<\/h3>\n\t\t\t\t<p class=\"mgb-small\">Siamo uno studio legale giapponese con sede a Tokyo, specializzato in IT (Tecnologia dell&#8217;Informazione). Non solo disponiamo di un team di avvocati specializzati in diverse aree dell&#8217;IT, ma abbiamo anche un team di consulenti IT con una vasta conoscenza nel settore. Unendo l&#8217;esperienza nel diritto e nell&#8217;IT, garantiamo il massimo interesse per i nostri clienti.<\/p>\n\t\t\t\t<p class=\"mgb-small\">Il nostro avvocato rappresentante, Toki Kawase, ha iniziato a programmare fin dalla terza elementare. Toki si \u00e8 immerso nell&#8217;industria IT subito dopo l&#8217;ingresso all&#8217;universit\u00e0; e nel mondo degli affari, in particolare startup e piccole e medie imprese, che ha sperimentato quando aveva vent&#8217;anni. Questi sono i punti di forza di Toki Kawase, il nostro Avvocato Fondatore, e le aree di pratica di MONOLITH LAW OFFICE.<\/p>\n\t\t\t\t<p class=\"mgb-middle\">Con queste prospettive, MONOLITH LAW OFFICE si concentra su servizi di consulenza e altro con &#8220;IT&#8221; come parola chiave, dalle aziende di primo livello alle startup in fase iniziale, cos\u00ec come servizi con &#8220;Internet&#8221; e &#8220;Business&#8221; come parole chiave, dagli affari legali su Internet per le societ\u00e0 quotate fino a M&amp;A.<\/p>\n\t\t\t\t<div class=\"btn-area\">\n\t\t\t\t\t<div class=\"btn icon-services\"><a href=\"\/it\/services\">Servizi<\/a><\/div>\n\t\t\t\t\t<div class=\"btn icon-people\"><a href=\"\/en\/people\">Persone[en]<\/a><\/div>\n\t\t\t\t<\/div>\n\t\t\t<\/div>\n\t\t<\/div>\n\t<\/div>\n<\/section>\n<section class=\"purple-section\">\n\t<div class=\"anchor\" id=\"law-firm-at-otemachi-tokyo\"><\/div>\n\t<div class=\"section-inner\">\n\t\t<div class=\"flex reverse\">\n\t\t\t<div class=\"width41\"><img decoding=\"async\" src=\"\/wp-content\/uploads\/2023\/06\/about_pic2.jpg\" alt=\"Law Firm at Otemachi, Tokyo\"><\/div>\n\t\t\t<div class=\"width51\">\n\t\t\t\t<div class=\"inline-inner\">\n\t\t\t\t\t<h3>Studio Legale a Otemachi, Tokyo<\/h3>\n\t\t\t\t\t<p class=\"mgb-small\">MONOLITH LAW OFFICE \u00e8 uno studio legale giapponese situato a Otemachi, Chiyoda-ku, Tokyo.<\/p>\n\t\t\t\t\t<p class=\"mgb-small\">Abbiamo servito come consulenti legali per circa 1087 aziende IT, che vanno dalle startup in fase iniziale alle aziende quotate nella Prima Sezione della Borsa di Tokyo, che rappresentano le aziende pi\u00f9 grandi e prestigiose quotate alla Borsa di Tokyo. Forniamo servizi legali a un totale di 1855 clienti, concentrandoci su questioni legali relative all&#8217;IT come la prevenzione del danno alla reputazione, l&#8217;anti-diffamazione e le controversie relative allo sviluppo di sistemi.<\/p>\n\t\t\t\t\t<p class=\"mgb-middle\">&#8220;Competenza in IT e Business&#8221; \u00e8 ci\u00f2 che ci rende speciali.<\/p>\n\t\t\t\t\t<div class=\"btn-area\">\n\t\t\t\t\t\t<div class=\"btn icon-access\"><a href=\"\/it\/access\">Access<\/a><\/div>\n\t\t\t\t\t<\/div>\n\t\t\t\t<\/div>\n\t\t\t<\/div>\n\t\t<\/div>\n\t<\/div>\n<\/section>\n<section class=\"white-section\">\n\t<div class=\"anchor\" id=\"what-is-a-monolith\"><\/div>\n\t<div class=\"section-inner\">\n\t\t<div class=\"flex\">\n\t\t\t<div class=\"width41\"><img decoding=\"async\" src=\"\/wp-content\/themes\/monolith2021\/img\/about\/about_pic3.jpg\" alt=\"What is a Monolith\"><\/div>\n\t\t\t<div class=\"width51\">\n\t\t\t\t<h3>Cos&#8217;\u00e8 un Monolite<\/h3>\n\t\t\t\t<p class=\"mgb-small\">La parola &#8220;monolite&#8221; deriva dal latino, che significa una singola o isolata roccia. Nel film di Stanley Kubrick &#8220;2001: Odissea nello Spazio&#8221;, sono rappresentati come strumenti di intelligenza extraterrestre, con il ruolo di catalizzare l&#8217;evoluzione umana.<\/p>\n\t\t\t\t<p class=\"mgb-small\">La missione dell&#8217;Ufficio Legale MONOLITH \u00e8 promuovere l&#8217;evoluzione dell&#8217;IT e di altre tecnologie, cos\u00ec come dei sistemi sociali come specialista legale. MONOLITH lavora per testare l&#8217;ipotesi sollevate dalle startup, coordinare l&#8217;IT e il diritto nelle contromisure ai danni alla reputazione cos\u00ec come nella risoluzione delle controversie, e costruire sistemi aziendali pi\u00f9 fluidi.<\/p>\n\t\t\t\t<p class=\"mgb-small\">L&#8217;Ufficio Legale MONOLITH crede che la legge catalizzi l&#8217;evoluzione dell&#8217;umanit\u00e0 attraverso la tecnologia e la societ\u00e0. <\/p>\n\t\t\t\t<p class=\"mgb-middle\">L&#8217;obiettivo finale dell&#8217;Ufficio Legale MONOLITH \u00e8 promuovere l&#8217;evoluzione dell&#8217;IT, della societ\u00e0 e dell&#8217;umanit\u00e0. <\/p>\n\t\t<\/div>\n\t<\/div>\n<\/section>\n<section class=\"orange-section\">\n\t<div class=\"anchor\" id=\"from-legal-advisor-to-it-specialized-lawyer\"><\/div>\n\t<div class=\"section-inner\">\n\t\t<div class=\"flex reverse\">\n\t\t\t<div class=\"width41\"><img decoding=\"async\" src=\"\/wp-content\/uploads\/2023\/06\/about_pic4.jpg\" alt=\"From \"><\/div>\n\t\t\t<div class=\"width51\">\n\t\t\t\t<h3>Dal Consulente Legale agli Specialisti in Diritto IT<\/h3>\n\t\t\t\t<p class=\"mgb-small\">Il MONOLITH LAW OFFICE mette in evidenza i suoi punti di forza in &#8220;affari legali IT, affari legali su Internet e affari legali aziendali&#8221;. Forniamo servizi legali a molte aziende con un focus sull&#8217;IT. Offriamo due tipi principali di servizi legali.<\/p>\n\t\t\t\t<p class=\"mgb-small\">Uno \u00e8 un servizio basato sulla posizione di &#8220;Consulente Generale&#8221; o &#8220;Chief Legal Officer&#8221; per un&#8217;azienda IT. Poich\u00e9 l&#8217;attivit\u00e0 principale dell&#8217;azienda \u00e8 correlata all&#8217;IT, il nostro studio \u00e8 scelto per la sua capacit\u00e0 di comprendere sia la tecnologia IT sia il business del cliente.<\/p>\n\t\t\t\t<p class=\"mgb-small\">Il secondo \u00e8 lavorare come &#8220;professionista legale IT\/Internet&#8221; per aziende in cui l&#8217;IT non \u00e8 il loro core business. Anche se l&#8217;IT non \u00e8 il nucleo di attivit\u00e0 come finanza, immobiliare e ristorazione, queste non possono pi\u00f9 esistere senza IT e Internet. Forniamo supporto da una prospettiva legale alle aziende nelle loro operazioni correlate a IT e Internet.<\/p>\n\t\t\t\t<p class=\"mgb-middle\">Il MONOLITH LAW OFFICE lavorer\u00e0 con voi in varie posizioni basandosi sul nostro alto livello di competenza per supportare lo sviluppo della vostra azienda.<\/p>\n\t\t\t\t<div class=\"btn-area\">\n\t\t\t\t\t<div class=\"btn icon-general-corporate\"><a href=\"\/it\/services#general-corporate\">Diritto Aziendale<\/a><\/div>\n\t\t\t\t\t<div class=\"btn icon-it\"><a href=\"\/it\/services#it\">IT<\/a><\/div>\n\t\t\t\t<\/div>\n\t\t\t<\/div>\n\t\t<\/div>\n\t<\/div>\n<\/section>\n<section class=\"white-section\">\n\t<div class=\"anchor\" id=\"handling-cross-border-legal-matters\"><\/div>\n\t<div class=\"section-inner\">\n\t\t<div class=\"flex\">\n\t\t\t<div class=\"width41\"><img decoding=\"async\" src=\"\/wp-content\/uploads\/2023\/06\/about_pic5.jpg\" alt=\"Handling cross-border legal matters\"><\/div>\n\t\t\t<div class=\"width51\">\n\t\t\t\t<h3>Gestione delle questioni legali transfrontaliere<\/h3>\n\t\t\t\t<p class=\"mgb-small\">Gestire questioni legali transfrontaliere nei settori IT e Internet \u00e8 la nostra specializzazione. Con la globalizzazione e l&#8217;incremento delle attivit\u00e0 transfrontaliere, diventa cruciale avere un adeguato supporto legale.<\/p>\n\t\t\t\t<p class=\"mgb-small\">Ad esempio, quando una societ\u00e0 giapponese di SaaS si espande nei mercati internazionali, \u00e8 essenziale conformarsi ai requisiti e alle normative locali. Allo stesso modo, quando si ricevono investimenti esteri, \u00e8 necessario assistenza nella redazione e nella negoziazione di accordi di investimento e documenti legali correlati. Inversamente, per le aziende giapponesi coinvolte in fusioni e acquisizioni all&#8217;estero o nell&#8217;espansione globale, \u00e8 vitale comprendere le leggi e le normative locali. Inoltre, superare le barriere linguistiche e culturali in casi come il marketing di influencer e la domanda inbound richiede di affrontare le leggi locali e le questioni contrattuali.<\/p>\n\t\t\t\t<p class=\"mgb-middle\">MONOLITH LAW OFFICE ha rafforzato le sue capacit\u00e0 nei campi legali all&#8217;avanguardia per soddisfare le esigenze di transfrontalierit\u00e0 e globalizzazione. Combinando il nostro team di avvocati con ingegneri e altri professionisti, forniamo un supporto completo, sfruttando la conoscenza tecnica e l&#8217;esperienza legale, per l&#8217;espansione internazionale e le iniziative di business globale dei nostri clienti.<\/p>\n\t\t\t\t<div class=\"btn-area\">\n\t\t\t\t\t<div class=\"btn icon-cross-border\"><a href=\"\/it\/services#cross-border\">Cross-border<\/a><\/div>\n\t\t\t\t<\/div>\n\t\t\t<\/div>\n\t\t<\/div>\n\t<\/div>\n<\/section>\n<section class=\"purple-section\">\n\t<div class=\"anchor\" id=\"our-clients\"><\/div>\n\t<div class=\"section-inner\">\n\t\t<div class=\"flex reverse\">\n\t\t\t<div class=\"width41\"><img decoding=\"async\" src=\"\/wp-content\/uploads\/2019\/09\/beartail_kurosaki.jpg\" alt=\"Our Clients\"><\/div>\n\t\t\t<div class=\"width51\">\n\t\t\t\t<h3>I Nostri Clienti<\/h3>\n\t\t\t\t<p class=\"mgb-small\">MONOLITH LAW OFFICE fornisce due tipi principali di servizi. Uno \u00e8 quello di agire come consigliere generale o direttore legale di un&#8217;azienda IT e startup, gestendo gli affari legali complessivi dell&#8217;azienda. Il secondo \u00e8 quello di agire come un &#8220;avvocato IT e IP&#8221; per varie aziende, e gestire gli affari legali IT e IP dell&#8217;azienda.<\/p>\n\t\t\t\t<p class=\"mgb-small\">Abbiamo ricevuto il seguente messaggio dai nostri clienti:<\/p>\n\t\t\t\t<p class=\"mgb-small\">&#8220;Assumere un rischio legale richiede una comprensione della tecnologia, e MONOLITH LAW OFFICE \u00e8 un professionista in questo campo.&#8221;<\/p>\n\t\t\t\t<p class=\"mgb-small\">&#8220;MONOLITH LAW OFFICE \u00e8 utile perch\u00e9 lavora con noi per capire &#8216;come controllare il rischio&#8217; dal punto di vista di un dirigente aziendale.&#8221;<\/p>\n\t\t\t\t<p class=\"mgb-middle\">&#8220;MONOLITH LAW OFFICE \u00e8 sia uno studio legale che un consulente di gestione. Forniscono una base legale per le loro spiegazioni.&#8221;<\/p>\n\t\t\t\t\n\t\t<\/div>\n\t<\/div>\n<\/section>\n","protected":false},"excerpt":{"rendered":"<p>Panoramica del Nostro Studio Legale MONOLITH LAW OFFICE \u00e8 uno studio legale giapponese con sede a Tokyo, specializzato nei campi dell&#8217;IT, Internet e Business, composto da specialisti IT, incluso [&hellip;]<\/p>\n","protected":false},"author":1,"featured_media":56658,"parent":0,"menu_order":1,"comment_status":"closed","ping_status":"closed","template":"other-page-temp.php","meta":{"footnotes":""},"acf":[],"_links":{"self":[{"href":"https:\/\/monolith.law\/it\/wp-json\/wp\/v2\/pages\/4096"}],"collection":[{"href":"https:\/\/monolith.law\/it\/wp-json\/wp\/v2\/pages"}],"about":[{"href":"https:\/\/monolith.law\/it\/wp-json\/wp\/v2\/types\/page"}],"author":[{"embeddable":true,"href":"https:\/\/monolith.law\/it\/wp-json\/wp\/v2\/users\/1"}],"replies":[{"embeddable":true,"href":"https:\/\/monolith.law\/it\/wp-json\/wp\/v2\/comments?post=4096"}],"version-history":[{"count":94,"href":"https:\/\/monolith.law\/it\/wp-json\/wp\/v2\/pages\/4096\/revisions"}],"predecessor-version":[{"id":61684,"href":"https:\/\/monolith.law\/it\/wp-json\/wp\/v2\/pages\/4096\/revisions\/61684"}],"wp:featuredmedia":[{"embeddable":true,"href":"https:\/\/monolith.law\/it\/wp-json\/wp\/v2\/media\/56658"}],"wp:attachment":[{"href":"https:\/\/monolith.law\/it\/wp-json\/wp\/v2\/media?parent=4096"}],"curies":[{"name":"wp","href":"https:\/\/api.w.org\/{rel}","templated":true}]}}