{"id":41151,"date":"2022-12-01T14:33:54","date_gmt":"2022-12-01T05:33:54","guid":{"rendered":"https:\/\/monolith.law\/?page_id=41151"},"modified":"2024-11-11T12:12:32","modified_gmt":"2024-11-11T03:12:32","slug":"home","status":"publish","type":"page","link":"https:\/\/monolith.law\/it\/","title":{"rendered":"MONOLITH LAW OFFICE | Tokyo, Giappone"},"content":{"rendered":"\n<p>\n<\/p>\n\n\n\n<section class=\"white-section front-top\" data-delighter=\"\">\n\t<div class=\"section-inner\">\n\t<div class=\"top-logo\">\n\t<div class=\"base\"><\/div>\n\t<img decoding=\"async\" src=\"\/wp-content\/themes\/monolith2021\/img\/top\/top_logo_m.svg\" alt=\"M\" class=\"top-logo-1\">\n\t<img decoding=\"async\" src=\"\/wp-content\/themes\/monolith2021\/img\/top\/top_logo_o.svg\" alt=\"O\" class=\"top-logo-2\">\n\t<img decoding=\"async\" src=\"\/wp-content\/themes\/monolith2021\/img\/top\/top_logo_n.svg\" alt=\"N\" class=\"top-logo-3\">\n\t<img decoding=\"async\" src=\"\/wp-content\/themes\/monolith2021\/img\/top\/top_logo_o.svg\" alt=\"O\" class=\"top-logo-4\">\n\t<img decoding=\"async\" src=\"\/wp-content\/themes\/monolith2021\/img\/top\/top_logo_l.svg\" alt=\"L\" class=\"top-logo-5\">\n\t<img decoding=\"async\" src=\"\/wp-content\/themes\/monolith2021\/img\/top\/top_logo_i.svg\" alt=\"I\" class=\"top-logo-6\">\n\t<img decoding=\"async\" src=\"\/wp-content\/themes\/monolith2021\/img\/top\/top_logo_t.svg\" alt=\"T\" class=\"top-logo-7\">\n\t<img decoding=\"async\" src=\"\/wp-content\/themes\/monolith2021\/img\/top\/top_logo_h.svg\" alt=\"H\" class=\"top-logo-8\">\n\t<\/div>\n\t<p class=\"text1\"><strong>Evoluzionando l&#8217;IT<\/strong><\/p>\n\t<p class=\"text2\">Oggi, l&#8217;IT \u00e8 al centro delle operazioni aziendali moderne, <br class=\"sp-none\">ma utilizzare l&#8217;IT per gli affari richiede una gestione del rischio legale.<br>Presso MONOLITH LAW OFFICE, il nostro team di avvocati e consulenti IT lavora in unisono per affrontare i problemi dei clienti.<br class=\"sp-none\">La nostra missione \u00e8 innescare l&#8217;innovazione IT e alimentare la crescita in Giappone, consentendo alle aziende di raggiungere altezze senza precedenti.<\/p>\n\t<\/div>\n<\/section>\n<section class=\"white-section front-about\">\n\t<div class=\"section-inner\">\n\t<div class=\"text\">\n\t<p class=\"en\">RIGUARDO MONOLITH LAW OFFICE<\/p>\n\t<h2>La nostra missione come professionisti legali con una formazione in ingegneria IT.<\/h2>\n\t<p class=\"text\">MONOLITH LAW OFFICE \u00e8 uno studio legale giapponese con sede a Tokyo che fornisce servizi legali IT a una variet\u00e0 di aziende.<br>Toki Kawase, il nostro Avvocato Gestore, ha lavorato come ingegnere IT freelance fin da quando era studente universitario. Ha esperienza nella creazione di un&#8217;azienda IT e ha lavorato anche come ingegnere IT. Toki ha visto con i suoi occhi la significativa crescita delle startup e di altre aziende attraverso l&#8217;IT, e i vari rischi che ne derivano. Comprende che, per far s\u00ec che l&#8217;IT continui a portare grandi benefici alle aziende in futuro, \u00e8 necessario avere una prospettiva legale innovativa.<br>Basandosi su questa esperienza, ha fondato MONOLITH LAW OFFICE, un&#8217;organizzazione di avvocati altamente specializzati e consulenti IT per fornire una variet\u00e0 di soluzioni.<\/p>\n\t<\/div>\n\t<div class=\"pic\"><img decoding=\"async\" src=\"\/wp-content\/themes\/monolith2021\/img\/top\/kawase_pic.png\" alt=\"Il nostro avvocato fondatore, Toki Kawase\"><\/div>\n\t<\/div>\n<\/section>\n<section class=\"white-section front-numbers\">\n\t<div class=\"section-inner\">\n\t<p class=\"en\">MONOLITH LAW OFFICE IN NUMERI<\/p>\n\t<h2>La nostra esperienza come studio legale e come specialisti IT aziendali.<\/h2>\n\t<div class=\"box-wrap\">\n\t<div class=\"sub-box\">\n\t\t<h3>Clienti<\/h3>\n\t\t<p class=\"code\">1855\n\t\t<p class=\"text\">Abbiamo supportato diverse tipologie di aziende in vari settori. La nostra clientela spazia dalle principali organizzazioni giapponesi alle piccole e medie imprese. Forniamo servizi che rispondono alle esigenze di ogni singolo cliente.<\/p>\n\t<\/div>\n\t<div class=\"sub-box\">\n\t\t<h3>Soluzioni IT Originali<\/h3>\n\t\t<p class=\"code\">7\n\t\t<p class=\"text\">Siamo un team specializzato in IT aziendale. MONOLITH LAW OFFICE \u00e8 un team di avvocati esperti e consulenti IT dedicati alla creazione di soluzioni personalizzate per le vostre esigenze specifiche.<\/p>\n\t<\/div>\n\t<div class=\"sub-box\">\n\t\t<h3>Avvocati<\/h3>\n\t\t<p class=\"code\">30\n\t\t<p class=\"text\">Il fattore pi\u00f9 importante nella risoluzione dei problemi IT \u00e8 la velocit\u00e0 della risposta iniziale. MONOLITH LAW OFFICE dispone di molti avvocati che possono rispondere a una vasta gamma di consulenze quotidianamente.<\/p>\n\t<\/div>\n\t<div class=\"sub-box\">\n\t\t<h3>Consulenti IT<\/h3>\n\t\t<p class=\"code\">16\n\t\t<p class=\"text\">Crediamo che i consulenti IT siano importanti quanto gli avvocati per stare al passo con la tecnologia in continua evoluzione e per affrontare sfide aziendali IT sempre pi\u00f9 sofisticate.<\/p>\n\t<\/div>\n\t<div class=\"sub-box\">\n<h3>Paesi Supportati<\/h3>\n\t\t<p class=\"code\">18\n\t\t<p class=\"text\">Studio legale giapponese con competenze transfrontaliere. Specializzato in transazioni internazionali, contenzioso e conformit\u00e0 normativa. Soluzioni su misura per clienti globali in questioni di affari e legali.<\/p>\n\t<\/div>\n\t<div class=\"sub-box\">\n\t\t<h3>Articoli di Approfondimento su IT e Legale<\/h3>\n\t\t<p class=\"code\">983\n\t\t<p class=\"text\">Analizziamo e spieghiamo vari studi di caso nel settore IT aziendale sul web media \u201cMONOLITH LAW MAGAZINE.\u201d Svolgiamo una ricerca continua di soluzioni adeguate per le sfide aziendali sempre pi\u00f9 complesse e diversificate nel settore IT.<\/p>\n\t<\/div>\n\t<\/div>\n\t<\/div>\n<\/section>\n<section class=\"front-service\">\n\t<div class=\"section-inner\">\n\t\t<p class=\"en\">SERVIZI DI MONOLITH LAW OFFICE<\/p>\n\t\t<h2>Le nostre soluzioni per rischi IT complessi.<\/h2>\n\t<\/div>\n\t<div class=\"front-service-field\">\n\t<div class=\"section-inner\">\n\t<h3><a href=\"\/it\/services\">Servizi<\/a><\/h3>\n\t<div class=\"box-wrap\">\n\t<div class=\"sub-box\">\n\t\t<h4>Corporate Generale<\/h4>\n\t\t<div class=\"icon\"><img decoding=\"async\" src=\"\/wp-content\/themes\/monolith_en\/img\/top\/service_general-corporate.svg\" alt=\"Affari Legali Aziendali per IT e Startup\"><\/div>\n\t\t<p>La conoscenza specializzata e l&#8217;esperienza sono fondamentali per fornire un supporto legale accurato nell&#8217;ambiente dinamico tipico delle aziende IT e delle startup. Il nostro studio ha molti specialisti in questo settore e abbiamo agito come consulenti legali per 1087 aziende, principalmente aziende IT, dalle societ\u00e0 quotate nella Prima Sezione della Borsa di Tokyo fino alle startup in fase iniziale.<\/p>\n\t\t<div class=\"btn-more\"><a href=\"\/it\/general-corporate\">Scopri di pi\u00f9<\/a><\/div>\n\t<\/div>\n\t<div class=\"sub-box\">\n\t\t<h4>IT<\/h4>\n\t\t<div class=\"icon\"><img decoding=\"async\" src=\"\/wp-content\/themes\/monolith_en\/img\/top\/service_it.svg\" alt=\"Affari legali IT e IP per varie aziende\"><\/div>\n\t\t<p>Oggi, tutte le aziende, indipendentemente dal loro settore o dimensione, sono coinvolte in qualche modo con l&#8217;IT nelle loro attivit\u00e0 aziendali. Possiamo assumere il ruolo di &#8220;avvocati specializzati nel settore IT e della propriet\u00e0 intellettuale&#8221; per aziende che hanno gi\u00e0 un consulente legale primario, o anche per aziende il cui business principale non \u00e8 l&#8217;IT.<\/p>\n\t\t<div class=\"btn-more\"><a href=\"\/it\/it\">Scopri di pi\u00f9<\/a><\/div>\n\t<\/div>\n\t<div class=\"sub-box\">\n\t\t<h4>Transfrontaliero<\/h4>\n\t\t<div class=\"icon\"><img decoding=\"async\" src=\"\/wp-content\/themes\/monolith_en\/img\/top\/service_cross-border.svg\" alt=\"Affari Legali Internazionali\"><\/div>\n\t\t<p>Il nostro obiettivo principale \u00e8 fornire servizi legali completi alle aziende IT giapponesi che entrano nel mercato internazionale. Forniamo anche supporto legale professionale alle aziende IT straniere in Giappone. Il nostro studio \u00e8 composto da avvocati con licenze straniere provenienti da vari paesi e regioni per supportare efficacemente le transazioni transfrontaliere.<\/p>\n\t\t<div class=\"btn-more\"><a href=\"\/it\/cross-border\">Scopri di pi\u00f9<\/a><\/div>\n\t<\/div>\n\t<div class=\"sub-box\">\n\t\t<h4>Internet<\/h4>\n\t\t<div class=\"icon\"><img decoding=\"async\" src=\"\/wp-content\/themes\/monolith_en\/img\/top\/service_internet.svg\" alt=\"Marketing Influencer\"><\/div>\n\t\t<p>Con competenze nel diritto di internet, offriamo supporto legale completo agli imprenditori di internet, inclusi YouTuber e aziende che utilizzano i social network. Siamo specializzati nella risoluzione di controversie online, nella rimozione di pagine web negative e nella gestione della reputazione online. Consulta i nostri avvocati qualificati per soluzioni efficaci per internet.<\/p>\n\t\t<div class=\"btn-more\"><a href=\"\/it\/internet\">Scopri di pi\u00f9<\/a><\/div>\n\t<\/div>\n\t<\/div>\n\t<\/div>\n\t<\/div>\n\t<div class=\"front-service-example\">\n\t<div class=\"section-inner\">\n\t<p>Ad esempio<\/p>\n\t<ul class=\"clearfix\">\n\t\t<li>\n\t\t\t<div class=\"icon\"><a href=\"\/it\/system-development\/\"><img decoding=\"async\" src=\"\/wp-content\/themes\/monolith_en\/img\/top\/service_ex_system-development.svg\" alt=\"Sviluppo di Sistemi\"><\/a><\/div>\n\t\t\t<p>Sviluppo<br>di Sistemi<\/p>\n\t\t<\/li>\n\t\t<li>\n\t\t\t<div class=\"icon\"><a href=\"\/it\/crypto-asset-and-blockchain\/\"><img decoding=\"async\" src=\"\/wp-content\/themes\/monolith_en\/img\/top\/service_ex_crypto-asset-and-blockchain.svg\" alt=\"Cripto Asset e Blockchain\"><\/a><\/div>\n\t\t\t<p>Cripto Asset<br>e Blockchain<\/p>\n\t\t<\/li>\n\t\t<li>\n\t\t\t<div class=\"icon\"><a href=\"\/it\/ai\/\"><img decoding=\"async\" src=\"\/wp-content\/themes\/monolith_en\/img\/top\/service_ex_ai.svg\" alt=\"ai\"><\/a><\/div>\n\t\t\t<p>AI<br>(ChatGPT, ecc.)<\/p>\n\t\t<\/li>\n\t\t<li>\n\t\t\t<div class=\"icon\"><a href=\"\/it\/advertisement-review\/\"><img decoding=\"async\" src=\"\/wp-content\/themes\/monolith_en\/img\/top\/service_ex_advertisement-review.svg\" alt=\"Revisione Pubblicitaria\"><\/a><\/div>\n\t\t\t<p>Revisione<br>Pubblicitaria<\/p>\n\t\t<\/li>\n\t\t<li>\n\t\t\t<div class=\"icon\"><a href=\"\/it\/mitigating-reputational-damage\/\"><img decoding=\"async\" src=\"\/wp-content\/themes\/monolith_en\/img\/top\/service_ex_mitigating-reputational-damage.svg\" alt=\"Mitigazione dei Danni alla Reputazione\"><\/a><\/div>\n\t\t\t<p>Mitigazione<br>dei Danni alla Reputazione<\/p>\n\t\t<\/li>\n\t<\/ul>\n\t<\/div>\n\t<\/div>\n<\/section>\n<section class=\"white-section front-client\">\n\t<div class=\"section-inner\">\n\t\t<h2>CLIENTE<\/h2>\n\t\t<ul>\n\t\t\t<li><img src=\"https:\/\/monolith.law\/it\/wp-content\/themes\/monolith_it\/img\/clients\/logo_01.png\"><\/li>\n\t\t\t<li><img src=\"https:\/\/monolith.law\/it\/wp-content\/themes\/monolith_it\/img\/clients\/logo_02.png\"><\/li>\n\t\t\t<li><img src=\"https:\/\/monolith.law\/it\/wp-content\/themes\/monolith_it\/img\/clients\/logo_03.png\"><\/li>\n\t\t\t<li><img src=\"https:\/\/monolith.law\/it\/wp-content\/themes\/monolith_it\/img\/clients\/logo_04.png\"><\/li>\n\t\t\t<li><img src=\"https:\/\/monolith.law\/it\/wp-content\/themes\/monolith_it\/img\/clients\/logo_05.png\"><\/li>\n\t\t\t<li><img src=\"https:\/\/monolith.law\/it\/wp-content\/themes\/monolith_it\/img\/clients\/logo_06.png\"><\/li>\n\t\t\t<li><img src=\"https:\/\/monolith.law\/it\/wp-content\/themes\/monolith_it\/img\/clients\/logo_07.png\"><\/li>\n\t\t\t<li><img src=\"https:\/\/monolith.law\/it\/wp-content\/themes\/monolith_it\/img\/clients\/logo_08.png\"><\/li>\n\t\t\t<li><img src=\"https:\/\/monolith.law\/it\/wp-content\/themes\/monolith_it\/img\/clients\/logo_09.png\"><\/li>\n\t\t\t<li><img src=\"https:\/\/monolith.law\/it\/wp-content\/themes\/monolith_it\/img\/clients\/logo_10.png\"><\/li>\n\t\t\t<li><img src=\"https:\/\/monolith.law\/it\/wp-content\/themes\/monolith_it\/img\/clients\/logo_11.png\"><\/li>\n\t\t\t<li><img src=\"https:\/\/monolith.law\/it\/wp-content\/themes\/monolith_it\/img\/clients\/logo_12.png\"><\/li>\n\t\t\t<li><img src=\"https:\/\/monolith.law\/it\/wp-content\/themes\/monolith_it\/img\/clients\/logo_13.png\"><\/li>\n\t\t\t<li><img src=\"https:\/\/monolith.law\/it\/wp-content\/themes\/monolith_it\/img\/clients\/logo_14.png\"><\/li>\n\t\t\t<li><img src=\"https:\/\/monolith.law\/it\/wp-content\/themes\/monolith_it\/img\/clients\/logo_15.png\"><\/li>\n\t\t<\/ul>\n\t\t<!--<div class=\"btn-more\"><a href=\"https:\/\/monolith.law\/it\/clients\">See More<\/a><\/div>-->\n\t<\/div>\n<\/section>\n<section class=\"white-section front-news\">\n    <div class=\"section-inner\">\n        <h2>NOTIZIE [en]<\/h2>\n        <div>\n                        <ul>\n                                                    <li><span class=\"date\">2026.04.01<\/span><span class=\"category news-category-2\">NEWS<\/span><span class=\"subject\">Attorney Shota Akiyama has joined the firm.<\/span><\/li>\n                                                                <li><span class=\"date\">2026.03.26<\/span><span class=\"category news-category-2\">NEWS<\/span><span class=\"subject\">Attorneys Miki Takatsuki, Toko Takayanagi, Mizuki Kobayashi, Ryo Watanabe, and Shuto Ishimura have joined our firm.<\/span><\/li>\n                                                                <li><span class=\"date\">2025.05.08<\/span><span class=\"category news-category-2\">NEWS<\/span><span class=\"subject\">Monolith Law Office has been selected as a finalist for the Rising Law Firm of the Year category of the ALB Japan Law Awards, hosted by Asian Legal Business, an international law firm evaluation organization.<\/span><\/li>\n                                                                <li><span class=\"date\">2025.04.01<\/span><span class=\"category news-category-2\">NEWS<\/span><span class=\"subject\">Attorney Keita Yokoyama has joined the firm.<\/span><\/li>\n                                                                <li><span class=\"date\">2025.03.27<\/span><span class=\"category news-category-2\">NEWS<\/span><span class=\"subject\">Attorneys Yusuke Mizutani, Ryusei Juman, Mizuki Koyama, and Yusuke Muto have joined the firm.<\/span><\/li>\n                                                                <li><span class=\"date\">2024.06.12<\/span><span class=\"category news-category-2\">NEWS<\/span><span class=\"subject\">Attorney Akira Yoshida has joined the firm.<\/span><\/li>\n                                                            <\/ul>\n            <div class=\"btn-more\"><a href=\"\/en\/news\/\">Scopri di pi\u00f9 [en]<\/a><\/div>\n        <\/div>\n    <\/div>\n<\/section>\n<section class=\"white-section front-banner\">\n<div class=\"section-inner\">\n<div class=\"banner-slider\">\n<div><a href=\"\/it\/cross-border\"><img decoding=\"async\" src=\"\/wp-content\/themes\/monolith_en\/img\/top\/banner_crossborder.png\" alt=\"Transfrontaliero\"><\/a><\/div>\n<div><a href=\"\/en\/job-openings\"><img decoding=\"async\" src=\"\/wp-content\/themes\/monolith_en\/img\/top\/banner_jobopenings.png\" alt=\"Offerte di Lavoro\"><\/a><\/div>\n<div><a href=\"https:\/\/www.linkedin.com\/company\/monolith-law-office\/\" target=\"\u201d_blank\u201d\" rel=\"noopener\"><img decoding=\"async\" src=\"\/wp-content\/themes\/monolith_en\/img\/top\/banner_linkedin.png\" alt=\"LinkedIn\"><\/a><\/div>\n<div><a href=\"\/it\/article\"><img decoding=\"async\" src=\"\/wp-content\/themes\/monolith_en\/img\/top\/banner_monolithlawmagazine.svg\" alt=\"MONOLITH LAW MAGAZINE\"><\/a><\/div>\n<\/div>\n<\/div>\n<\/section>\n","protected":false},"excerpt":{"rendered":"<p>Evoluzionando l&#8217;IT Oggi, l&#8217;IT \u00e8 al centro delle operazioni aziendali moderne, ma utilizzare l&#8217;IT per gli affari richiede una gestione del rischio legale.Presso MONOLITH LAW OFFICE, i [&hellip;]<\/p>\n","protected":false},"author":1,"featured_media":56656,"parent":0,"menu_order":0,"comment_status":"closed","ping_status":"closed","template":"front-page-temp.php","meta":{"footnotes":""},"acf":[],"_links":{"self":[{"href":"https:\/\/monolith.law\/it\/wp-json\/wp\/v2\/pages\/41151"}],"collection":[{"href":"https:\/\/monolith.law\/it\/wp-json\/wp\/v2\/pages"}],"about":[{"href":"https:\/\/monolith.law\/it\/wp-json\/wp\/v2\/types\/page"}],"author":[{"embeddable":true,"href":"https:\/\/monolith.law\/it\/wp-json\/wp\/v2\/users\/1"}],"replies":[{"embeddable":true,"href":"https:\/\/monolith.law\/it\/wp-json\/wp\/v2\/comments?post=41151"}],"version-history":[{"count":126,"href":"https:\/\/monolith.law\/it\/wp-json\/wp\/v2\/pages\/41151\/revisions"}],"predecessor-version":[{"id":79455,"href":"https:\/\/monolith.law\/it\/wp-json\/wp\/v2\/pages\/41151\/revisions\/79455"}],"wp:featuredmedia":[{"embeddable":true,"href":"https:\/\/monolith.law\/it\/wp-json\/wp\/v2\/media\/56656"}],"wp:attachment":[{"href":"https:\/\/monolith.law\/it\/wp-json\/wp\/v2\/media?parent=41151"}],"curies":[{"name":"wp","href":"https:\/\/api.w.org\/{rel}","templated":true}]}}