{"id":4232,"date":"2019-08-29T04:55:45","date_gmt":"2019-08-28T19:55:45","guid":{"rendered":"https:\/\/monolith.law\/?page_id=4232"},"modified":"2024-01-15T19:10:22","modified_gmt":"2024-01-15T10:10:22","slug":"greetings-from-the-managing-attorney","status":"publish","type":"page","link":"https:\/\/monolith.law\/it\/greetings-from-the-managing-attorney","title":{"rendered":"Saluti dall&#8217;Avvocato Gestore"},"content":{"rendered":"\n<section class=\"heading-area\">\n\t<div class=\"heading-area-inner\">\n\t\t<h2 class=\"icon-greetings-from-the-managing-attorney\">Saluti dall&#8217;Avvocato Gestore<\/h2>\n\t<\/div>\n<\/section>\n\n<section class=\"white-section\">\n\t<div class=\"section-inner section-inner-bottomhalf pdt0 border-bottom-section\">\n\t\t<div class=\"tagline\">\n\t\t\t<div class=\"textArea\">\n\t\t\t\t<p>Sfruttare il potere della tecnologia dell&#8217;informazione ha rivoluzionato la storia dell&#8217;umanit\u00e0,<br class=\"pcOnly\"> paragonabile all&#8217;impatto della dinamite.<br>Internet, in particolare, ha trasformato rapidamente il corso dell&#8217;evoluzione,<br class=\"pcOnly\"> spingendo l&#8217;umanit\u00e0 in avanti a un ritmo senza precedenti.<br>Tuttavia, con il suo immenso potere arrivano anche grandi rischi.<\/p>\n\t\t\t\t<p>Presso MONOLITH LAW OFFICE, crediamo fermamente che sia nostra responsabilit\u00e0 assicurare<br class=\"pcOnly\"> che le Forze del nostro tempo siano sfruttate non come una minaccia per le imprese,<br class=\"pcOnly\"> ma come un catalizzatore per la loro evoluzione rivoluzionaria.<br>Ci impegniamo ad essere un team innovativo e lungimirante, fornendo consulenza legale<br class=\"pcOnly\"> e supporto che permetta alle aziende di sbloccare il pieno potenziale dell&#8217;IT.<\/p>\n\t\t\t\t<p>La nostra missione \u00e8 navigare il complesso panorama legale, potenziando le imprese<br class=\"pcOnly\"> ad utilizzare l&#8217;IT nella sua massima estensione. Abbracciando le opportunit\u00e0 presentate<br class=\"pcOnly\"> dall&#8217;era digitale, miriamo a facilitare la crescita trasformativa delle attivit\u00e0 dei nostri clienti.<\/p>\n\t\t\t\t<p class=\"txt-l\">Evoluzionando l&#8217;IT<\/p>\n\t\t\t\t<p>MONOLITH LAW OFFICE<\/p>\n\t\t\t<\/div>\n\t\t\t<div class=\"logo\"><img decoding=\"async\" src=\"\/wp-content\/themes\/monolith2021\/img\/logo.svg\" alt=\"MONOLITH LAW OFFICE\"><\/div>\n\t\t<\/div>\n\t<\/div>\n<\/section>\n\n<section class=\"second-nav\">\n\t<div class=\"second-nav-inner\">\n\t\t<p>ARGOMENTI<\/p>\n\t\t<nav>\n\t\t\t<ul>\n\t\t\t\t<li><a href=\"#law-firm-led-by-former-it-engineer-turned-lawyer-with-corporate-management-experience\">Studio Legale Guidato da Ex Ingegnere IT Diventato Avvocato con Esperienza nella Gestione Aziendale<\/a><\/li>\n\t\t\t\t<li><a href=\"#a-law-firm-emphasizing-it-internet-and-business-expertise\">Uno Studio Legale che Pone l&#8217;Enfasi su IT, Internet e Competenze Aziendali<\/a><\/li>\n\t\t\t\t<li><a href=\"#corporate-law-and-it-legal-expertise\">Diritto Societario ed Esperti Legali in IT<\/a><\/li>\n\t\t\t\t<li><a href=\"#a-team-of-lawyers-and-it-consultants\">Un Team di Avvocati e Consulenti IT<\/a><\/li>\n\t\t\t<\/ul>\n\t\t<\/nav>\n\t<\/div>\n<\/section>\n\n<section class=\"white-section\">\n\t<div class=\"anchor\" id=\"law-firm-led-by-former-it-engineer-turned-lawyer-with-corporate-management-experience\"><\/div>\n\t<div class=\"section-inner\">\n\t\t<div class=\"flex\">\n\t\t\t<div class=\"width41\"><img decoding=\"async\" src=\"\/wp-content\/uploads\/2023\/06\/message_1.jpg\" alt=\"Studio Legale Guidato da Ex Ingegnere IT Diventato Avvocato con Esperienza nella Gestione Aziendale\"><\/div>\n\t\t\t<div class=\"width51\">\n\t\t\t\t<h3>Studio Legale Guidato da Ex Ingegnere IT Convertito in Avvocato con Esperienza nella Gestione Aziendale<\/h3>\n\t\t\t\t<p class=\"font-h3 txt-right mgb-middle\">Avvocato Responsabile: Toki Kawase<\/p>\n\t\t\t\t<p class=\"mgb-small\">Fin da ragazzo ho sempre avuto una passione per i computer e la tecnologia, guadagnandomi il titolo di &#8220;computer geek&#8221;. Durante gli anni dell&#8217;adolescenza e all&#8217;inizio della mia et\u00e0 adulta, mi sono immerso nel mondo dell&#8217;IT, gestendo la mia attivit\u00e0 e acquisendo preziose esperienze.<\/p>\n\t\t\t\t<p class=\"mgb-small\">Il mio viaggio \u00e8 iniziato alle scuole elementari quando ho iniziato a programmare sul mio primo PC, un &#8220;MSX 2+&#8221;. Alle scuole medie, ho addirittura aderito al team informatico della scuola, alimentando la mia passione per la programmazione. Durante gli anni universitari, \u00e8 nata l&#8217;opportunit\u00e0 di creare un sito web per un&#8217;azienda, che si \u00e8 rivelata una svolta nella mia carriera. La flessibilit\u00e0 e i premi finanziari di questa impresa mi hanno portato ad esplorare varie attivit\u00e0 legate all&#8217;IT come lo sviluppo web, la creazione di servizi web e l&#8217;ottimizzazione SEO.<\/p>\n\t\t\t\t<p class=\"mgb-small\">In questo periodo, le startup guidate da giovani professionisti nel campo dell&#8217;IT stavano prendendo piede, e mi sono trovato completamente immerso nel mondo dinamico e in rapida evoluzione dell&#8217;imprenditoria. Lavorando senza sosta, ho abbracciato progetti sia nazionali che transfrontalieri, collaborando con partner internazionali e adattandomi costantemente al mutare del panorama.<\/p>\n\t\t\t\t<p class=\"mgb-small\">Tuttavia, alla fine dei miei vent&#8217;anni, ho preso una decisione che ha cambiato la mia vita. Ho passato il testimone della mia attivit\u00e0 IT ad altri e ho intrapreso un nuovo cammino. Mi sono iscritto alla facolt\u00e0 di giurisprudenza con l&#8217;obiettivo di combinare la mia competenza tecnica con la conoscenza legale. Oggi, come avvocato ed ex ingegnere IT con esperienza nella gestione aziendale, guido il MONOLITH LAW OFFICE che comprende le complessit\u00e0 dell&#8217;industria IT e offre servizi legali completi.<\/p>\n\t\t\t\t<p>Nel nostro studio, sfruttiamo la nostra unica combinazione di conoscenze IT e competenze legali per fornire una guida e un supporto efficaci ai nostri clienti. Comprendiamo le sfide e le opportunit\u00e0 che emergono nell&#8217;era digitale e siamo dedicati ad aiutare le imprese a navigare nel panorama legale e a raggiungere i loro obiettivi.<\/p>\n\t\t\t<\/div>\n\t\t<\/div>\n\t<\/div>\n<\/section>\n\n<section class=\"purple-section\">\n\t<div class=\"anchor\" id=\"a-law-firm-emphasizing-it-internet-and-business-expertise\"><\/div>\n\t<div class=\"section-inner\">\n\t\t<div class=\"flex reverse\">\n\t\t\t<div class=\"width41\"><img decoding=\"async\" src=\"\/wp-content\/uploads\/2023\/06\/message_2.jpg\" alt=\"Uno Studio Legale che Enfatizza l'Esperto in IT, Internet e Competenze Aziendali\"><\/div>\n\t\t\t<div class=\"width51\">\n\t\t\t\t<h3>Uno Studio Legale Specializzato in IT, Internet e Competenze Commerciali<\/h3>\n\t\t\t\t<p class=\"mgb-small\">Molte persone vedono il mio passaggio da proprietario di un&#8217;impresa IT a avvocato come un cambiamento radicale di 180 gradi. Tuttavia, credo che il cambiamento non sia stato cos\u00ec drastico come potrebbe sembrare.<\/p>\n\t\t\t\t<p class=\"mgb-small\">Riflettendo sul mio passato, mi rendo conto che, anche se ero un ingegnere IT orientato alla scienza, avevo una naturale inclinazione per il pensiero umanistico. Ero affascinato dal mondo degli affari, il che mi ha spinto a intraprendere la strada dell&#8217;imprenditoria piuttosto che proseguire una carriera convenzionale come ingegnere IT.<\/p>\n\t\t\t\t<p class=\"mgb-small\">Oggi, come avvocato, eccello nel pensiero scientifico in un campo tradizionalmente associato alle discipline umanistiche. Questo background mi posiziona come l&#8217;avvocato gestore del MONOLITH LAW OFFICE, uno studio legale che pone un forte accento su questioni di IT, Internet e affari.<\/p>\n\t\t\t\t<p class=\"mgb-big\">Sebbene la mia carriera possa differire da quella di un tipico ingegnere IT, considero il mio passaggio da ingegnere IT a avvocato pi\u00f9 come uno spostamento graduale, forse di qualche decina di gradi piuttosto che un cambiamento totale. Infatti, lo percepisco come un&#8217;evoluzione naturale che mi permette di sfruttare la mia unica combinazione di competenze e conoscenze per servire meglio i nostri clienti nei settori IT, Internet e commercio.<\/p>\n\t\t\t\t<div class=\"btn-area align-left\">\n\t\t\t\t\t<div class=\"btn icon-services\"><a href=\"\/it\/services\">Servizi<\/a><\/div>\n\t\t\t\t<\/div>\n\t\t\t<\/div>\n\t\t<\/div>\n\t<\/div>\n<\/section>\n\n<section class=\"white-section\">\n\t<div class=\"anchor\" id=\"corporate-law-and-it-legal-expertise\"><\/div>\n\t<div class=\"section-inner\">\n\t\t<div class=\"flex\">\n\t\t\t<div class=\"width41\"><img decoding=\"async\" src=\"\/wp-content\/uploads\/2023\/06\/message_3.jpg\" alt=\"Competenza in Diritto Societario e Legale IT\"><\/div>\n\t\t\t<div class=\"width51\">\n\t\t\t\t<h3>Diritto Societario e Competenza Legale in IT<\/h3>\n\t\t\t\t<p class=\"mgb-small\">Presso MONOLITH LAW OFFICE, svolgo un doppio ruolo. In primo luogo, offro supporto in diritto societario a societ\u00e0 IT e startup in qualit\u00e0 di consulente. Comprendere le complessit\u00e0 dell&#8217;industria IT e le sfide uniche che le startup devono affrontare \u00e8 fondamentale per fornire servizi legali efficaci e su misura per le loro esigenze. Grazie alla mia esperienza diretta e alla competenza negli ambienti IT e startup, sono perfettamente attrezzato per offrire assistenza legale eccezionale a questi clienti.<\/p>\n\t\t\t\t<p class=\"mgb-small\">In secondo luogo, lavoro come parte di un team di specialisti in IT e diritto, offrendo servizi di consulenza a societ\u00e0 di vari settori che richiedono orientamento su questioni legali legate all&#8217;IT. Il nostro team sfrutta la nostra conoscenza collettiva di IT e diritto per assemblare e fornire soluzioni ottimali che rispondano alle specifiche esigenze di ogni cliente.<\/p>\n\t\t\t\t<p class=\"mgb-small\">Mentre i servizi legali tradizionali si concentrano spesso sul fornire prodotti specifici, come l&#8217;azione legale su richiesta, riconosco l&#8217;importanza di assicurare che le soluzioni fornite incontrino veramente le necessit\u00e0 del cliente. Possiamo affidarci esclusivamente al cliente per progettare una soluzione che affronti efficacemente le loro sfide uniche? Queste sono considerazioni critiche che tengo in considerazione.<\/p>\n\t\t\t\t<p class=\"mgb-small\">Consideriamo, ad esempio, il supporto per le IPO in Giappone. Per assicurare la conformit\u00e0, le societ\u00e0 devono esaminare attentamente tutte le potenziali modifiche alle leggi e ai regolamenti giapponesi che possono impattare sulle loro operazioni e prendere le azioni appropriate. Tuttavia, tenere traccia delle numerose modifiche, anche quelle minori, pu\u00f2 rappresentare una sfida quotidiana per gli avvocati.<\/p>\n\t\t\t\t<p>Come esperto in IT e diritto, mi impegno a fornire &#8220;soluzioni&#8221; che combinano la potenza dell&#8217;IT e la legge per affrontare efficacemente questi problemi complessi.<\/p>\n\t\t\t<\/div>\n\t\t<\/div>\n\t<\/div>\n<\/section>\n\n<section class=\"orange-section\">\n\t<div class=\"anchor\" id=\"a-team-of-lawyers-and-it-consultants\"><\/div>\n\t<div class=\"section-inner\">\n\t\t<div class=\"flex reverse\">\n\t\t\t<div class=\"width41\"><img decoding=\"async\" src=\"\/wp-content\/uploads\/2023\/06\/message_4.jpg\" alt=\"Un Team di Avvocati e Consulenti IT\"><\/div>\n\t\t\t<div class=\"width51\">\n\t\t\t\t<h3>Un Team di Avvocati e Consulenti IT<\/h3>\n\t\t\t\t<p class=\"mgb-small\">Oltre all&#8217;esempio del supporto alle IPO, ci sono numerose situazioni in cui l&#8217;integrazione tra IT e diritto \u00e8 essenziale per soddisfare le esigenze dei clienti. Affrontare scenari problematici complessi richiede un team con le competenze e le capacit\u00e0 di prendere decisioni informate e implementare misure efficaci da un&#8217;ampia gamma di opzioni. Sebbene gli avvocati siano professionisti legali e specialisti in questioni giuridiche, costruire una &#8220;soluzione&#8221; completa richiede pi\u00f9 che semplice competenza legale.<\/p>\n\t\t\t\t<p class=\"mgb-small\">Per questo motivo, il nostro team include membri oltre agli avvocati, come consulenti IT, che apportano un insieme diversificato di abilit\u00e0. Con la loro capacit\u00e0 di condurre ricerche su internet, spiegare proposte di soluzione e offrire intuizioni che vanno oltre la conoscenza legale tradizionale, possiamo fornire soluzioni complete ed efficaci. Quando si gestiscono questioni legali transfrontaliere, la collaborazione con team che vanno oltre gli avvocati \u00e8 cruciale. I nostri membri del team con competenze linguistiche straniere e una profonda comprensione degli ambienti commerciali esteri ci consentono di navigare in campi all&#8217;avanguardia nel settore IT transfrontaliero.<\/p>\n\t\t\t\t<p class=\"mgb-small\">Riguardo al reclutamento, \u00e8 importante notare che molti dei nostri avvocati si uniscono al MONOLITH LAW OFFICE senza un&#8217;ampia esperienza in IT. Facciamo crescere un ambiente collaborativo dove avvocati con background e esperienze diverse in questioni legali legate all&#8217;IT lavorano insieme come un team. Le responsabilit\u00e0 per i membri del team che non sono avvocati vengono spesso determinate in base alle loro abilit\u00e0 e caratteristiche dopo l&#8217;ingresso nella firma e l&#8217;interazione con vari business. Accogliamo candidature da avvocati che potrebbero non avere conoscenze specialistiche in IT o che si sentano esitanti nell&#8217;essere etichettati come &#8220;specialisti&#8221;.<\/p>\n\t\t\t\t<p class=\"mgb-big\">Al MONOLITH LAW OFFICE, valorizziamo l&#8217;esperienza collettiva e i contributi di ogni membro del team, creando un ambiente dinamico e innovativo che combina competenza legale con intuizioni IT.<\/p>\n\t\t\t\t<div class=\"btn-area align-left\">\n\t\t\t\t\t<div class=\"btn icon-job-openings\"><a href=\"\/en\/job-openings\/\">Opportunit\u00e0 di Lavoro[en]<\/a><\/div>\n\t\t\t\t<\/div>\n\t\t\t<\/div>\n\t\t<\/div>\n\t<\/div>\n<\/section>\n","protected":false},"excerpt":{"rendered":"<p>Saluti dall&#8217;Avvocato Gestore Sfruttare il potere della tecnologia dell&#8217;informazione ha rivoluzionato la storia dell&#8217;umanit\u00e0, paragonabile all&#8217;impatto della dinamite.Internet, i [&hellip;]<\/p>\n","protected":false},"author":1,"featured_media":57134,"parent":0,"menu_order":8,"comment_status":"closed","ping_status":"closed","template":"other-page-temp.php","meta":{"footnotes":""},"acf":[],"_links":{"self":[{"href":"https:\/\/monolith.law\/it\/wp-json\/wp\/v2\/pages\/4232"}],"collection":[{"href":"https:\/\/monolith.law\/it\/wp-json\/wp\/v2\/pages"}],"about":[{"href":"https:\/\/monolith.law\/it\/wp-json\/wp\/v2\/types\/page"}],"author":[{"embeddable":true,"href":"https:\/\/monolith.law\/it\/wp-json\/wp\/v2\/users\/1"}],"replies":[{"embeddable":true,"href":"https:\/\/monolith.law\/it\/wp-json\/wp\/v2\/comments?post=4232"}],"version-history":[{"count":34,"href":"https:\/\/monolith.law\/it\/wp-json\/wp\/v2\/pages\/4232\/revisions"}],"predecessor-version":[{"id":61686,"href":"https:\/\/monolith.law\/it\/wp-json\/wp\/v2\/pages\/4232\/revisions\/61686"}],"wp:featuredmedia":[{"embeddable":true,"href":"https:\/\/monolith.law\/it\/wp-json\/wp\/v2\/media\/57134"}],"wp:attachment":[{"href":"https:\/\/monolith.law\/it\/wp-json\/wp\/v2\/media?parent=4232"}],"curies":[{"name":"wp","href":"https:\/\/api.w.org\/{rel}","templated":true}]}}