{"id":47528,"date":"2022-07-25T18:24:34","date_gmt":"2022-07-25T09:24:34","guid":{"rendered":"https:\/\/monolith.law\/?page_id=47528"},"modified":"2024-03-08T20:55:52","modified_gmt":"2024-03-08T11:55:52","slug":"crypto-asset-and-blockchain","status":"publish","type":"page","link":"https:\/\/monolith.law\/it\/crypto-asset-and-blockchain","title":{"rendered":"Criptoattivi e Blockchain"},"content":{"rendered":"\n<section class=\"heading-area\">\n\t<div class=\"heading-area-inner\">\n\t\t<h2 class=\"icon-crypto-asset-and-blockchain\">Criptoattivi e Blockchain<\/h2>\n\t\t<p>I criptoattivi e i blockchain sono database decentralizzati creati da vari sistemi IT, inclusi algoritmi di consenso, crittografia e reti P2P, che sono difficili da modificare e presentano un basso rischio di perdita di dati. Come studio legale specializzato nel campo dell&#8217;IT, supportiamo le imprese che operano con criptoattivi, NFT e blockchain.<\/p>\n\t<\/div>\n<\/section>\n<section class=\"white-section\">\n\t<div class=\"section-inner pdt0 border-bottom-section\">\n\t<p class=\"mgb-small\">I criptoattivi, gli NFT e i blockchain sono in rapida evoluzione grazie all&#8217;innovazione tecnica continua e al loro potenziale per un&#8217;ampia gamma di scopi, dalla raccolta fondi alla gestione dell&#8217;arte digitale. Di conseguenza, \u00e8 anche un&#8217;area complessa da regolamentare legalmente.<\/p>\n\t<p class=\"mgb-small\">MONOLITH LAW OFFICE \u00e8 uno studio legale che si \u00e8 specializzato nel diritto dei criptoattivi e dei blockchain sin dalla sua fondazione nel 2017. Siamo a conoscenza delle normative legali relative alle aziende straniere, delle loro iniziative in Giappone, della corretta guida aziendale verso l&#8217;implementazione e della preparazione di documenti e contratti per le operazioni di business legate all&#8217;IT. Questo lavoro richiede conoscenza ed esperienza nell&#8217;IT internazionale, nella legislazione aziendale, finanziaria e in altre questioni legali.<\/p>\n\t<p>Forniamo supporto sofisticato alle imprese che utilizzano i blockchain, inclusi criptoattivi e NFT, attraverso una collaborazione complessa tra avvocati e consulenti IT.<\/p>\n\t<\/div>\n<\/section>\n<section class=\"second-nav\">\n\t<div class=\"second-nav-inner\">\n\t\t<p>ARGOMENTI<\/p>\n\t\t<nav>\n\t\t\t<ul>\n\t\t\t\t<li><a href=\"#highly-specialized-teams-and-global-network\">Team Altamente Specializzati e Rete Globale<\/a><\/li>\n\t\t\t\t<li><a href=\"#examples-of-the-firms-support-achievements\">Esempi dei Successi dello Studio<\/a><\/li>\n\t\t\t\t<li><a href=\"#advanced-technology-and-financial-legislation\">Tecnologia Avanzata e Legislazione Finanziaria<\/a><\/li>\n\t\t\t\t<li><a href=\"#providing-one-stop-solutions\">Soluzioni One-stop<\/a><\/li>\n\t\t\t\t<li><a href=\"#legal-support-for-nft-related-businesses\">Supporto Legale per le Imprese Relative agli NFT<\/a><\/li>\n\t\t\t\t<li><a href=\"#crypto-asset-businesses-and-custody-services\">Imprese di Criptoattivi e Servizi di Custodia<\/a><\/li>\n\t\t\t\t<li><a href=\"#other-crypto-assets-related-businesses\">Altre Imprese Relative ai Criptoattivi<\/a><\/li>\n\t\t\t\t<li><a href=\"#system-development\">Sviluppo di Sistemi<\/a><\/li>\n\t\t\t\t<li><a href=\"#terms-of-use-maintenance-for-applications-etc\">Servizi Documentali<\/a><\/li>\n\t\t\t\t<li><a href=\"#monolith-law-magazine\">MONOLITH LAW MAGAZINE<\/a><\/li>\n\t\t\t\t<li><a href=\"#fee-structure\">Struttura dei Costi<\/a><\/li>\n\t\t\t<\/ul>\n\t\t<\/nav>\n\t<\/div>\n<\/section>\n<section class=\"white-section\">\n\t<div class=\"anchor\" id=\"highly-specialized-teams-and-global-network\"><\/div>\n\t<div class=\"section-inner pdb0\">\n\t\t<h3>Squadre altamente specializzate e rete globale<\/h3>\n\t\t<div class=\"max-width980 mgb-small\"><img decoding=\"async\" src=\"\/wp-content\/uploads\/2023\/05\/web3team.jpg\" alt=\"Avvocati\"><\/div>\n\t\t<div class=\"frame2 max-width860 txt-center-pc\">\n\t\t\t<p class=\"bold txt-l mgb-small\">Con l&#8217;evoluzione rapida del panorama aziendale che circonda le blockchain e gli asset crittografici, sono necessari studi legali e avvocati specializzati nel campo.<\/p>\n\t\t\t<p> Presso MONOLITH LAW OFFICE, abbiamo costituito un team dedicato di avvocati con una vasta conoscenza dell&#8217;IT, avvocati qualificati a livello internazionale e ingegneri IT esperti. Attraverso la nostra solida rete internazionale, promuoviamo la conoscenza, permettendoci di rimanere all&#8217;avanguardia in questo campo dinamico.<\/p>\n\t\t<\/div>\n\t<\/div>\n<\/section>\n<section class=\"white-section\">\n\t<div class=\"anchor\" id=\"examples-of-the-firms-support-achievements\"><\/div>\n\t<div class=\"section-inner\">\n\t\t<h3>Esempi dei Successi nel Supporto dello Studio Legale<\/h3>\n\t\t<ul class=\"layout-column4\">\n\t\t\t<li>\n\t\t\t\t<div><img decoding=\"async\" src=\"\/wp-content\/uploads\/2022\/07\/shutterstock_1009471096.png\"><\/div>\n\t\t\t\t<h4>Raccolta Fondi (ICO, STO, IEO)<\/h4>\n\t\t\t\t<p>Oggi, le ICO, STO e IEO, che utilizzano cripto-attivi come mezzo di raccolta fondi, stanno guadagnando popolarit\u00e0. Sono viste come un modo pi\u00f9 flessibile di raccogliere fondi rispetto alle IPO, ecc., fornendo al contempo protezione agli investitori sotto la regolamentazione della Legge Giapponese sugli Strumenti Finanziari e gli Scambi (Japanese Financial Instruments and Exchange Act) e la Legge Giapponese sui Servizi di Pagamento (Japanese Payment Services Act). MONOLITH LAW OFFICE supporta la legalit\u00e0 dell&#8217;impresa, fornendo assistenza e preparando relazioni.<\/p>\n\t\t\t<\/li>\n\t\t\t<li>\n\t\t\t\t<div><img decoding=\"async\" src=\"\/wp-content\/uploads\/2022\/07\/shutterstock_758063575-1.png\"><\/div>\n\t\t\t\t<h4>Mining\/Staking<\/h4>\n\t\t\t\t<p>Conduciamo ricerche sulla legalit\u00e0 del mining e dello staking nelle blockchain, oltre a redigere contratti e altri documenti rilevanti. In alcuni casi, svolgere attivit\u00e0 di mining e staking nelle blockchain pu\u00f2 richiedere la registrazione come impresa di scambio di cripto-attivi. La nostra competenza risiede nella comprensione dei requisiti legali e nell&#8217;assistenza ai clienti per conformarsi alle normative necessarie.<\/p>\n\t\t\t<\/li>\n\t\t\t<li>\n\t\t\t\t<div><img decoding=\"async\" src=\"\/wp-content\/uploads\/2022\/07\/shutterstock_1096851425.png\"><\/div>\n\t\t\t\t<h4>Scambi di Cripto-Attivi e le Loro Operazioni<\/h4>\n\t\t\t\t<p>In base alla legge riveduta sulla Liquidazione dei Fondi, \u00e8 ora richiesta la registrazione come impresa di scambio di cripto-attivi per comprare, vendere, scambiare e agire come intermediario o agente per cripto-attivi. Ideando un modello di business unico, \u00e8 possibile evitare tale registrazione entro questo ambito della legge. Possiamo anche assistere i nostri clienti con il supporto per la registrazione come scambio di cripto-attivi e supporto continuativo per le aziende che operano scambi di valuta virtuale.<\/p>\n\t\t\t<li>\n\t\t\t\t<div><img decoding=\"async\" src=\"\/wp-content\/uploads\/2022\/07\/shutterstock_2118688160.png\"><\/div>\n\t\t\t\t<h4>Business dei Contenuti \/ NFT<\/h4>\n\t\t\t\t<p>I Token Non Fungibili (NFT) sono rappresentati da arte digitale, oggetti di giochi blockchain, ecc. A seconda del sistema, il loro status legale pu\u00f2 variare da asset crittografici a mezzi di pagamento anticipati a diritti di trasferimento registrati elettronicamente (titoli), ecc., ma rimangono soggetti a regole complesse e rigorose. Siamo nel business di esaminare la legalit\u00e0 delle imprese dei nostri clienti e di supportarli da un punto di vista legale.<\/p>\n\t\t\t<\/li>\n\t\t<\/ul>\n\t<\/div>\n<\/section>\n<section class=\"white-section\">\n\t<div class=\"anchor\" id=\"advanced-technology-and-financial-legislation\"><\/div>\n\t<div class=\"section-inner\">\n\t\t<div class=\"flex reverse\">\n\t\t\t<div class=\"width41\"><img decoding=\"async\" src=\"\/wp-content\/uploads\/2022\/07\/shutterstock_1144405721.png\" alt=\"Tecnologia Avanzata e Legislazione Finanziaria\"><\/div>\n\t\t\t<div class=\"width51\">\n\t\t\t\t<h3>Tecnologia Avanzata e Legislazione Finanziaria<\/h3>\n\t\t\t\t<p class=\"mgb-small\">Il campo dei blockchain \u00e8 uno in cui le aziende che li utilizzano stanno evolvendo a un ritmo veloce, soprattutto all&#8217;estero. Le aziende coinvolte in questo campo devono considerare se \u00e8 possibile implementare un tale sistema in Giappone sulla base delle ultime normative straniere. Prima leggiamo i materiali divulgati da tali aziende straniere basandoci sulla nostra conoscenza IT delle ultime tecnologie. Successivamente, esaminiamo la legalit\u00e0 del sistema in Giappone alla luce del sistema legale nazionale, compresa la legislazione finanziaria, e le opinioni amministrative. Infine, forniamo consigli su come implementare legalmente il sistema in Giappone, basandoci sui nostri giudizi aziendali.<\/p>\n\t\t\t\t<p>Il blockchain, compresi gli asset crittografici e gli NFT, \u00e8 un campo complesso che richiede studi legali e avvocati con un alto livello di competenza sia in IT che in diritto.<\/p>\n\t\t\t<\/div>\n\t\t<\/div>\n\t<\/div>\n<\/section>\n<section class=\"purple-section\">\n\t<div class=\"anchor\" id=\"providing-one-stop-solutions\"><\/div>\n\t<div class=\"section-inner\">\n\t\t<div class=\"flex reverse\">\n\t\t\t<div class=\"width51\">\n\t\t\t\t<h3>Fornire Soluzioni One-Stop<\/h3>\n\t\t\t\t<p class=\"mgb-small\">Il nostro studio \u00e8 composto da 30 avvocati e 85 membri dello staff, tra cui consulenti IT, tutti sotto la supervisione del fondatore, che \u00e8 un ex ingegnere IT e proprietario di un&#8217;azienda IT.<\/p>\n\t\t\t\t<p>La traduzione e la comprensione tecnica dei documenti pubblicati da proprietari di aziende straniere, cos\u00ec come i documenti tecnici e i codici creati internamente, sono eseguiti dall&#8217;avvocato rappresentante e dal dipartimento di consulenza IT. La ricerca legale, la stesura di contratti, la preparazione di documenti e altri servizi legali sono eseguiti dall&#8217;avvocato rappresentante e dall&#8217;avvocato. In questo modo, possiamo fornire un servizio one-stop per una serie di casi che richiedono un alto livello di competenza sia in IT che in diritto.<\/p>\n\t\t\t<\/div>\n\t\t\t<div class=\"width41\"><img decoding=\"async\" src=\"\/wp-content\/themes\/monolith_en\/img\/operationofofmedia\/operationofofmedia_pic5.svg\" alt=\"Fornire Soluzioni One-Stop\"><\/div>\n\t\t<\/div>\n\t<\/div>\n<\/section>\n<section class=\"white-section mgt-section\">\n\t<div class=\"anchor\" id=\"legal-support-for-nft-related-businesses\"><\/div>\n\t<div class=\"section-inner-black\">\n\t\t<h3>Supporto Legale per le Imprese legate agli NFT<\/h3>\n\t\t\t\t<p class=\"mgb-small\">I Token Non Fungibili (NFT), principalmente costruiti sulla blockchain Ethereum, vengono utilizzati in modo pratico per creare prodotti unici, tra cui arte digitale, oggetti di giochi blockchain e carte da scambio, oltre a rappresentare la prova di propriet\u00e0 di beni reali, come immobili, e appartenenze nel mondo reale. <\/p>\n\t\t\t\t<p class=\"mgb-middle\">Gli NFT, a seconda del loro design e schema di business, possono rientrare nella categoria di asset crittografici, mezzi di pagamento prepagati, diritti di trasferimento di registrazioni elettroniche, ecc. Supportiamo le imprese legate agli NFT con il nostro alto livello di competenza.<\/p>\n\t<\/div>\n<\/section>\n<section class=\"white-section\">\n\t<div class=\"anchor\" id=\"crypto-asset-businesses-and-custody-services\"><\/div>\n\t<div class=\"section-inner\">\n\t\t<div class=\"flex reverse\">\n\t\t\t<div class=\"width41\"><img decoding=\"async\" src=\"\/wp-content\/uploads\/2022\/07\/shutterstock_1151380622_2.png\" alt=\"Imprese di Asset Criptati e Servizi di Custodia\"><\/div>\n\t\t\t<div class=\"width51\">\n\t\t\t\t<h3>Cripto Asset e Servizi di Custodia<\/h3>\n\t\t\t\t<p class=\"mgb-small\">Secondo la revisione del &#8220;Japanese Money Settlement Act&#8221; del 2020 (Legge Giapponese sulla Liquidazione dei Pagamenti del 2020), &#8220;la gestione di cripto asset per conto terzi (cio\u00e8, attivit\u00e0 di custodia)&#8221; \u00e8 ora inclusa all&#8217;interno dell&#8217;attivit\u00e0 di scambio di cripto asset, richiedendo la registrazione come fornitore di servizi di cripto asset e quindi \u00e8 soggetta a varie regolamentazioni al fine di implementare uno schema che include la gestione di cripto asset. Tuttavia, queste regolamentazioni sono molto onerose per coloro che non sono i cosiddetti servizi di cambio di valuta virtuale ma forniscono solo servizi di custodia.<\/p>\n\t\t\t\t<p>Tali servizi dovranno decidere se dovrebbero registrarsi e fare affari come uno scambio di cripto asset o se dovrebbero gestire cripto asset evitando la registrazione.<\/p>\n\t\t\t<\/div>\n\t\t<\/div>\n\t<\/div>\n<\/section>\n<section class=\"white-section mgb-section\">\n\t<div class=\"anchor\" id=\"other-crypto-assets-related-businesses\"><\/div>\n\t<div class=\"section-inner-black\">\n\t\t<h3>Altri Asset Cripto e Attivit\u00e0 correlate alla Blockchain<\/h3>\n\t\t<p class=\"mgb-small\">Gli asset cripto e le blockchain sono settori tecnologici e commerciali in costante evoluzione. Ci\u00f2 include la regolamentazione delle stable coins, che sono state regolamentate con la revisione della Legge Giapponese sul Regolamento dei Fondi del 2022 (Funds Settlement Act of 2022), e le IEOs, un metodo di finanziamento che prevede la revisione delle borse di valute virtuali, oltre alle attivit\u00e0 correlate allo staking. Il nostro studio rimane aggiornato sugli ultimi sviluppi e fornisce supporto per tali attivit\u00e0.<\/p>\n\t\t<p class=\"mgb-middle\">Come studio legale guidato da un avvocato fondatore con precedente esperienza come ingegnere IT, ci avvaliamo di consulenti IT con esperienza nella comprensione di white papers, documenti tecnici e altri materiali pubblicati all&#8217;estero per comprendere la tecnologia e i modelli di business.<\/p>\n\t<\/div>\n<\/section>\n<section class=\"orange-section\">\n\t<div class=\"anchor\" id=\"system-development\"><\/div>\n\t<div class=\"section-inner\">\n\t\t<div class=\"flex reverse\">\n\t\t\t<div class=\"width41\"><img decoding=\"async\" src=\"\/wp-content\/themes\/monolith2021\/img\/practices-itlaw\/practices-itlaw_pic1.jpg\" alt=\"Sviluppo di Sistemi\"><\/div>\n\t\t\t<div class=\"width51\">\n\t\t\t\t<h3>Sviluppo di Sistemi<\/h3>\n\t\t\t\t<p>Fondato da un ex ingegnere IT, MONOLITH LAW OFFICE \u00e8 uno studio legale che si occupa della redazione, modifica e negoziazione di contratti, nonch\u00e9 della risoluzione di controversie quando sorgono problemi, non solo nell&#8217;area degli asset crittografici e questioni relative alla blockchain, ma anche in vari ambiti di sviluppo di sistemi altamente specializzati, come lo sviluppo di sistemi per le borse di valute virtuali. Siamo pronti a gestire la risoluzione di controversie quando sorgono problemi.<\/p>\n\t\t\t<\/div>\n\t\t<\/div>\n\t<\/div>\n<\/section>\n<section class=\"white-section\">\n\t<div class=\"anchor\" id=\"terms-of-use-maintenance-for-applications-etc\"><\/div>\n\t<div class=\"section-inner\">\n\t\t<div class=\"flex\">\n\t\t\t<div class=\"width41\"><img decoding=\"async\" src=\"\/wp-content\/themes\/monolith2021\/img\/practices-itlaw\/practices-itlaw_pic2.jpg\" alt=\"Servizi di Documentazione\"><\/div>\n\t\t\t<div class=\"width51\">\n\t\t\t\t<h3>Servizi Documentali<\/h3>\n\t\t\t\t<p>Il MONOLITH LAW OFFICE si occupa della creazione e revisione di documenti che delineano i termini di utilizzo e le politiche sulla privacy per varie app, servizi e giochi, inclusi quelli per giochi blockchain, asset crittografici e prodotti e servizi correlati alla blockchain. Studiamo anche i documenti aziendali e i dati esistenti, come le definizioni dei requisiti per lo sviluppo dell&#8217;applicazione pertinente, i framework creati in Adobe XD, gli LP, i materiali di vendita per i potenziali clienti, ecc.<\/p>\n\t\t\t<\/div>\n\t\t<\/div>\n\t<\/div>\n<\/section>\n\n<section class=\"purple2-section\">\n\t<div class=\"anchor\" id=\"monolith-law-magazine\"><\/div>\n\t<div class=\"section-inner\">\n\t\t    <section class=\"white-section temp-article\">\n        <div class=\"section-inner\">\n            <h4>MONOLITH LAW MAGAZINE<\/h4>\n            <div class=\"articles type_practice_column\">\n                                                                    <div class=\"article article-area\">\n                        <figure>\n                            <div class=\"img-wrap\">\n                                <img alt=\"Quali sono i requisiti di corporate governance necessari per la quotazione al NASDAQ?\" src=\"https:\/\/monolith.law\/it\/wp-content\/uploads\/sites\/15\/2025\/08\/19e0312b170969f265c8e568bdf254db.webp\" width=\"500\" height=\"250\">\n                            <\/div>\n                            <figcaption>\n                                <div class=\"figcaption-inner\">\n                                    <h3>Quali sono i requisiti di corporate governance necessari per la quotazione al NA.<\/h3>\n                                <\/div>\n                            <\/figcaption>\n                            <a href=\"https:\/\/monolith.law\/it\/it\/nasdaq-corporate-governance\"><\/a>\n                        <\/figure>\n                    <\/div>\n                                                    <div class=\"article article-area\">\n                        <figure>\n                            <div class=\"img-wrap\">\n                                <img alt=\"Che cos'\u00e8 un modello di business basato su Web3? Spiegazione delle ultime tendenze e casi pratici di utilizzo\" src=\"https:\/\/monolith.law\/it\/wp-content\/uploads\/sites\/15\/2025\/08\/Shutterstock_2333502635.webp\" width=\"500\" height=\"250\">\n                            <\/div>\n                            <figcaption>\n                                <div class=\"figcaption-inner\">\n                                    <h3>Che cos'\u00e8 un modello di business basato su Web3? Spiegazione delle ultime tenden.<\/h3>\n                                <\/div>\n                            <\/figcaption>\n                            <a href=\"https:\/\/monolith.law\/it\/it\/web3-business-model\"><\/a>\n                        <\/figure>\n                    <\/div>\n                                                    <div class=\"article article-area\">\n                        <figure>\n                            <div class=\"img-wrap\">\n                                <img alt=\"\u3010Edizione Aggiornata 2025\u3011Interpretazione Legale degli Asset Crittografici (Criptovalute): Applicabilit\u00e0 come Valori Mobiliari e Punti di Attenzione per gli Operatori del Settore\" src=\"https:\/\/monolith.law\/it\/wp-content\/uploads\/sites\/15\/2025\/08\/Shutterstock_2049735344.webp\" width=\"500\" height=\"250\">\n                            <\/div>\n                            <figcaption>\n                                <div class=\"figcaption-inner\">\n                                    <h3>\u3010Edizione Aggiornata 2025\u3011Interpretazione Legale degli Asset Crittografici (Crip.<\/h3>\n                                <\/div>\n                            <\/figcaption>\n                            <a href=\"https:\/\/monolith.law\/it\/it\/crypto-assets-securities\"><\/a>\n                        <\/figure>\n                    <\/div>\n                                            <\/div>\n            <div class=\"btn-more\"><a href=\"https:\/\/monolith.law\/it\/tag\/crypto-assets-and-blockchains\">Leggi tutto<\/a><\/div>\n        <\/div>\n    <\/section>\n\t<\/div>\n<\/section>\n\n<section class=\"orange2-section\">\n\t<div class=\"anchor\" id=\"fee-structure\"><\/div>\n\t<div class=\"section-inner\">\n\t<div class=\"planWrap\">\n\t<h3>Struttura dei Tariffari<\/h3>\n\t<ul class=\"plan\">\n\t\t<li class=\"txt-left\">\n\t\t\t<div class=\"plan-inner\">\n\t\t\t<div class=\"plan-header\">\n\t\t\t<h4 class=\"plan-title\">Tariffa Oraria<\/h4>\n\t\t\t<div class=\"plan-price\"><span class=\"price-figure\">$300<\/span> all&#8217;ora <span class=\"price-tax\"><\/span><\/div>\n\t\t\t<\/div>\n\t\t\t<div class=\"plan-body\">In certe circostanze, potremmo considerare l&#8217;accettazione di una controversia o causa legale con un onorario iniziale e un onorario di risultato. Per maggiori dettagli, non esitate a contattarci.<\/div>\n\t\t\t<\/div>\n\t\t<\/li>\n\t\t<li class=\"txt-left\">\n\t\t\t<div class=\"plan-inner\">\n\t\t\t<div class=\"plan-header\">\n\t\t\t<h4 class=\"plan-title\">Redazione di Contratti<\/h4>\n\t\t\t<div class=\"plan-price\"><span class=\"price-value\">da<\/span><span class=\"price-figure\">$500<\/span><span class=\"price-value\">a $2,000 o pi\u00f9<\/span><span class=\"price-tax\"><\/span><\/div>\n\t\t\t<\/div>\n\t\t\t<div class=\"plan-body\">La struttura dei prezzi pu\u00f2 variare in base al tipo e alla quantit\u00e0 dei contratti. Siamo lieti di offrire un preventivo preliminare su richiesta, quindi vi incoraggiamo a contattarci per ulteriori dettagli.<\/div>\n\t\t\t<\/div>\n\t\t<\/li>\n\t\t<li class=\"txt-left\">\n\t\t\t<div class=\"plan-inner\">\n\t\t\t<div class=\"plan-header\">\n\t\t\t<h4 class=\"plan-title\">Altri Servizi<\/h4>\n\t\t\t<div class=\"plan-price\"><span class=\"price-figure\">Contattateci<\/span><\/div>\n\t\t\t<\/div>\n\t\t\t<div class=\"plan-body\">Offriamo una vasta gamma di servizi che includono la costituzione di societ\u00e0, la revisione di contratti, pareri legali, revisione di casi o lettere di ricerca. Se avete domande o dubbi, vi invitiamo cordialmente a contattarci. Saremo felici di assistervi.<\/div>\n\t\t\t<\/div>\n\t\t\t<\/div>\n\t\t<\/li>\n\t<\/ul>\n\t<\/div>\n\t<\/div>\n<\/section>\n\n<section class=\"white-section\">\n\t<div class=\"section-inner\">\n\t\t<div class=\"btn-area\">\n\t\t\t<div class=\"btn icon-contact\"><a href=\"\/it\/contact\">Contattateci<\/a><\/div>\n\t\t<\/div>\n\t<\/div>\n<\/section>\n","protected":false},"excerpt":{"rendered":"<p>Criptoattivi e Blockchain I criptoattivi e i blockchain sono database decentralizzati creati da vari sistemi IT, inclusi algoritmi di consenso, crittografia e reti P2P, che sono difficili da modificar [&hellip;]<\/p>\n","protected":false},"author":1,"featured_media":56655,"parent":0,"menu_order":6,"comment_status":"closed","ping_status":"closed","template":"other-page-temp.php","meta":{"footnotes":""},"acf":[],"_links":{"self":[{"href":"https:\/\/monolith.law\/it\/wp-json\/wp\/v2\/pages\/47528"}],"collection":[{"href":"https:\/\/monolith.law\/it\/wp-json\/wp\/v2\/pages"}],"about":[{"href":"https:\/\/monolith.law\/it\/wp-json\/wp\/v2\/types\/page"}],"author":[{"embeddable":true,"href":"https:\/\/monolith.law\/it\/wp-json\/wp\/v2\/users\/1"}],"replies":[{"embeddable":true,"href":"https:\/\/monolith.law\/it\/wp-json\/wp\/v2\/comments?post=47528"}],"version-history":[{"count":67,"href":"https:\/\/monolith.law\/it\/wp-json\/wp\/v2\/pages\/47528\/revisions"}],"predecessor-version":[{"id":61736,"href":"https:\/\/monolith.law\/it\/wp-json\/wp\/v2\/pages\/47528\/revisions\/61736"}],"wp:featuredmedia":[{"embeddable":true,"href":"https:\/\/monolith.law\/it\/wp-json\/wp\/v2\/media\/56655"}],"wp:attachment":[{"href":"https:\/\/monolith.law\/it\/wp-json\/wp\/v2\/media?parent=47528"}],"curies":[{"name":"wp","href":"https:\/\/api.w.org\/{rel}","templated":true}]}}