{"id":55708,"date":"2023-06-11T03:45:04","date_gmt":"2023-06-10T18:45:04","guid":{"rendered":"https:\/\/monolith.law\/en\/?page_id=55708"},"modified":"2024-01-15T14:47:03","modified_gmt":"2024-01-15T05:47:03","slug":"ai","status":"publish","type":"page","link":"https:\/\/monolith.law\/it\/ai","title":{"rendered":"AI (ChatGPT, ecc.)"},"content":{"rendered":"\n<section class=\"heading-area\">\n\t<div class=\"heading-area-inner\">\n\t\t<h2 class=\"icon-ai\">AI (ChatGPT, ecc.)<\/h2>\n\t\t<p>Presso MONOLITH LAW OFFICE, abbiamo riunito un team di avvocati e ingegneri altamente specializzati in AI. Siamo impegnati a fornire un supporto legale completo alle aziende che operano nello sviluppo di AI, inclusa la tecnologia ChatGPT. I nostri servizi coprono un&#8217;ampia gamma di aree, come la stesura di contratti, la valutazione della legalit\u00e0 dei modelli di business, la protezione dei diritti di propriet\u00e0 intellettuale e la gestione delle questioni relative alla privacy.<\/p>\n\t<\/div>\n<\/section>\n<section class=\"white-section\">\n\t<div class=\"section-inner pdt0 border-bottom-section\">\n\t\t<p>L&#8217;evoluzione rapida della tecnologia AI, specialmente nel campo dell&#8217;elaborazione del linguaggio naturale come ChatGPT, ha aperto nuove possibilit\u00e0 e opportunit\u00e0 di business. Tuttavia, ha anche sollevato varie sfide legali. Ad esempio, sono in corso dibattiti riguardo la protezione dei testi generati da ChatGPT secondo la legge giapponese sul diritto d&#8217;autore. Inoltre, le imprese AI affrontano rischi legali legati alla riservatezza e alla privacy. Per affrontare efficacemente queste complessit\u00e0, \u00e8 fondamentale avere esperti legali che possiedano una profonda comprensione delle questioni legali legate all&#8217;AI. Presso MONOLITH LAW OFFICE, abbiamo stabilito un team dedicato di avvocati e ingegneri con competenze in IT, che ci permette di fornire un supporto specializzato per le imprese AI.<\/p>\n\t<\/div>\n<\/section>\n<section class=\"second-nav\">\n\t<div class=\"second-nav-inner\">\n\t\t<p>ARGOMENTI<\/p>\n\t\t<nav>\n\t\t\t<ul>\n\t\t\t\t<li><a href=\"#leading-legal-support-for-the-dynamic-ai-industry\">Supporto Legale di Avanguardia per l&#8217;Industria Dinamica dell&#8217;AI<\/a><\/li>\n\t\t\t\t<li><a href=\"#characteristics-of-ai-legal-services\">Caratteristiche dei servizi legali AI<\/a><\/li>\n\t\t\t\t<li><a href=\"#drafts-can-be-generated-with-minimal-consultation\">I bozze possono essere generate con minima consultazione<\/a><\/li>\n\t\t\t\t<li><a href=\"#drafting-terms-of-use-for-ai-services\">Stesura dei Termini di Uso per i Servizi AI<\/a><\/li>\n\t\t\t\t<li><a href=\"#compliance-with-chatgpt-terms-of-use\">Conformit\u00e0 ai Termini di Uso di ChatGPT<\/a><\/li>\n\t\t\t\t<li><a href=\"#crawling-and-copyright-for-ai\">Crawling e Diritto d&#8217;Autore per l&#8217;AI<\/a><\/li>\n\t\t\t\t<li><a href=\"#copyright-and-other-ip-issues\">Diritto d&#8217;Autore e Altre Questioni di Propriet\u00e0 Intellettuale<\/a><\/li>\n\t\t\t\t<li><a href=\"#legal-considerations-for-system-development\">Considerazioni Legali per lo Sviluppo di Sistemi<\/a><\/li>\n\t\t\t\t<li><a href=\"#providing-comprehensive-solutions\">Fornitura di Soluzioni Complete<\/a><\/li>\n\t\t\t\t<li><a href=\"#monolith-law-magazine\">MONOLITH LAW MAGAZINE<\/a><\/li>\n\t\t\t\t<li><a href=\"#fee-structure\">Struttura dei Costi<\/a><\/li>\n\t\t\t<\/ul>\n\t\t<\/nav>\n\t<\/div>\n<\/section>\n<section class=\"white-section\">\n\t<div class=\"anchor\" id=\"leading-legal-support-for-the-dynamic-ai-industry\"><\/div>\n\t<div class=\"section-inner pdb0\">\n\t\t<h3>Supporto Legale Leader per l&#8217;Industria Dinamica dell&#8217;AI<\/h3>\n\t\t<div class=\"max-width980 mgb-small\"><img decoding=\"async\" src=\"\/wp-content\/uploads\/2023\/05\/aiteam.jpg\" alt=\"Supporto Legale Leader per l'Industria Dinamica dell'AI\"><\/div>\n\t\t<div class=\"frame2 max-width860 txt-center-pc\">\n\t\t\t<p class=\"bold txt-l\">Fornendo un supporto legale di alto livello per la tecnologia AI, MONOLITH LAW OFFICE dispone di un team di avvocati con esperienze come ex ingegneri IT e attuali ingegneri IT. Comprendiamo le sfide e le opportunit\u00e0 nell&#8217;industria dinamica dell&#8217;AI e offriamo soluzioni legali personalizzate per aiutare le aziende a avere successo in questo campo in continua evoluzione.<\/p>\n\t\t<\/div>\n\t<\/div>\n<\/section>\n\n<section class=\"white-section\">\n\t<div class=\"anchor\" id=\"characteristics-of-ai-legal-services\"><\/div>\n\t<div class=\"section-inner\">\n\t\t<h3>Caratteristiche dei servizi legali in AI<\/h3>\n\t\t<ul class=\"layout-datalist\">\n\t\t\t<li>\n\t\t\t\t<h4>Competenza in IT<\/h4>\n\t\t\t\t<p>Gli avvocati che forniscono servizi legali in Intelligenza Artificiale (AI) devono possedere una profonda comprensione delle ultime tecnologie per supportare efficacemente le imprese che utilizzano l&#8217;AI. Questo include la valutazione della legalit\u00e0 di modelli di business e prodotti basati sull&#8217;AI, nonch\u00e9 la stesura di proposte, termini di utilizzo e contratti basati su una solida conoscenza della tecnologia sottostante.<\/p>\n\t\t\t<\/li>\n\t\t\t<li>\n\t\t\t\t<h4>Propriet\u00e0 Intellettuale e Informazioni Personali Identificabili (PII)<\/h4>\n\t\t\t\t<p>Gli avvocati coinvolti negli affari legali dell&#8217;AI devono avere una conoscenza completa delle leggi e dei regolamenti sulla propriet\u00e0 intellettuale, in particolare in relazione alla protezione del copyright per i contenuti generati dall&#8217;AI. Inoltre, devono essere esperti nelle leggi e nei regolamenti relativi alle informazioni personali, inclusa la conformit\u00e0 con le leggi sulla privacy nazionali e internazionali come il GDPR e la Legge Giapponese sulla Protezione delle Informazioni Personali.<\/p>\n\t\t\t<\/li>\n\t\t\t<li>\n\t\t\t\t<h4>Regolamentazione degli strumenti AI<\/h4>\n\t\t\t\t<p>I servizi legali in AI richiedono una comprensione approfondita dei termini di utilizzo per gli strumenti AI, come ChatGPT. Questi termini governano aspetti importanti come i diritti di propriet\u00e0 intellettuale, la riservatezza e le restrizioni sull&#8217;uso del servizio. Per evitare potenziali problemi legali, \u00e8 fondamentale che gli avvocati abbiano una conoscenza approfondita di questi termini e assicurino che i servizi AI siano conformi ad essi. Il mancato rispetto dei termini pu\u00f2 comportare la sospensione del servizio o conseguenze legali.<\/p>\n\t\t\t<\/li>\n\t\t<\/ul>\n\t<\/div>\n<\/section>\n\n<section class=\"white-section mgb-section\">\n\t<div class=\"anchor\" id=\"drafts-can-be-generated-with-minimal-consultation\"><\/div>\n\t<div class=\"section-inner-black\">\n\t\t<h3>La redazione di documenti pu\u00f2 essere effettuata con consultazioni rapide<\/h3>\n\t\t\t\t<p class=\"mgb-small\">Gli avvocati che operano con servizi e prodotti che sfruttano la tecnologia AI devono avere una comprensione completa del comportamento specifico manifestato dal sistema AI. Questo include una conoscenza approfondita dei processi eseguiti dall&#8217;AI, degli output che produce e dei dati di addestramento su cui si basa. Non comprendere accuratamente questi dettagli pu\u00f2 portare a conclusioni errate nella valutazione della legalit\u00e0 del servizio o del prodotto. Nel nostro studio, MONOLITH LAW OFFICE, siamo attrezzati per gestire tali complesse questioni legali. Con un team di 16 consulenti IT, incluso il nostro avvocato principale Toki Kawase, che ha esperienza come ingegnere IT, abbiamo l&#8217;esperienza necessaria per condurre revisioni legali in modo rapido ed efficiente. Riducendo la necessit\u00e0 di lunghe udienze e procedure, possiamo accelerare il processo, abbreviare i tempi di lavoro e fornire ai nostri clienti una risposta efficace e senza interruzioni.<\/p>\n\t<\/div>\n<\/section>\n\n<section class=\"purple-section\">\n\t<div class=\"anchor\" id=\"drafting-terms-of-use-for-ai-services\"><\/div>\n\t<div class=\"section-inner\">\n\t\t<div class=\"flex reverse\">\n\t\t\t<div class=\"width41\"><img decoding=\"async\" src=\"\/wp-content\/uploads\/2023\/04\/terms-of-service.jpg\" alt=\"Creazione di termini di servizio, ecc.\"><\/div>\n\t\t\t<div class=\"width51\">\n\t\t\t\t<h3>Redazione dei Termini di Utilizzo per Servizi AI<\/h3>\n\t\t\t\t<p class=\"mgb-small\">La redazione di termini di utilizzo precisi e personalizzati \u00e8 fondamentale per mitigare i rischi legali, in particolare per quanto riguarda le leggi e i regolamenti sul diritto d&#8217;autore e sulla protezione dei dati personali, nel contesto dei servizi e prodotti correlati all&#8217;AI. Presso MONOLITH LAW OFFICE, possediamo una vasta esperienza e competenza nella redazione di termini di utilizzo per tecnologie all&#8217;avanguardia, inclusa l&#8217;AI.<\/p>\n\t\t\t\t<p class=\"mgb-small\">Nella redazione dei termini di utilizzo, prendiamo in considerazione i dettagli operativi specifici e le caratteristiche degli utenti del vostro servizio o prodotto. Il nostro obiettivo \u00e8 creare termini di utilizzo che si allineino con il vostro modello di business unico e le sue caratteristiche. Con il nostro supporto, potete aspettarvi termini di utilizzo che tutelino gli interessi della vostra azienda garantendo al contempo il regolare svolgimento delle vostre attivit\u00e0 commerciali. Inoltre, assicuriamo la conformit\u00e0 con i requisiti legali relativi alla protezione del diritto d&#8217;autore e della privacy.<\/p>\n\t\t\t\t<p>Il nostro team \u00e8 dedicato a fornirvi soluzioni legali personalizzate e complete, specificamente adattate ai vostri servizi e prodotti AI. Affidatevi a noi per navigare le complessit\u00e0 delle questioni legali legate all&#8217;AI e per ottenere termini di utilizzo che soddisfino le vostre esigenze assicurando al contempo la conformit\u00e0 legale.<\/p>\n\t\t\t<\/div>\n\t\t<\/div>\n\t<\/div>\n<\/section>\n\n<section class=\"white-section\">\n\t<div class=\"anchor\" id=\"compliance-with-chatgpt-terms-of-use\"><\/div>\n\t<div class=\"section-inner\">\n\t\t<h3>Conformit\u00e0 ai Termini di Utilizzo di ChatGPT<\/h3>\n\t\t<p class=\"mgb-small\">Conformarsi ai termini di utilizzo di servizi come ChatGPT \u00e8 cruciale per minimizzare i rischi legali e garantire operazioni commerciali fluide. Questi termini delineano chiaramente obblighi, restrizioni e linee guida che gli utenti devono seguire. Coprono aspetti importanti come la protezione della propriet\u00e0 intellettuale, la gestione delle informazioni confidenziali, l&#8217;ambito di utilizzo del servizio e le attivit\u00e0 proibite. ( <u>Le descrizioni in questa pagina non vengono aggiornate ogni volta che i Termini di Utilizzo di ChatGPT subiscono revisioni.<\/u> Queste descrizioni sono fornite solo come esempi illustrativi dei diversi aspetti trattati da tali disposizioni. I nostri clienti ricevono informazioni aggiornate sul contenuto dei Termini e Condizioni nella versione pi\u00f9 recente, e i nostri servizi legali si basano su queste informazioni aggiornate. )<\/p>\n\t\t<p class=\"mgb-small\">Presso MONOLITH LAW OFFICE, possediamo una profonda comprensione non solo della legge giapponese, ma anche dei termini di utilizzo specifici per servizi come ChatGPT. Questo ci permette di valutare i rischi e fornire raccomandazioni su misura relative ai modelli di business in relazione a queste disposizioni. Restiamo aggiornati con i termini di utilizzo pi\u00f9 recenti e forniamo una guida personalizzata basata sui modelli di business e servizi specifici dei nostri clienti.<\/p>\n\t\t<p class=\"mgb-middle\">Rispettare i termini di utilizzo \u00e8 essenziale per evitare potenziali rischi come la sospensione del servizio, la responsabilit\u00e0 per danni o la violazione dei diritti di propriet\u00e0 intellettuale risultanti da violazioni. MONOLITH LAW OFFICE offre servizi legali completi, inclusa l&#8217;assicurazione della conformit\u00e0 con i termini di servizio, per aiutare i nostri clienti a gestire le loro attivit\u00e0 in modo sicuro e nel rispetto della legge.<\/p>\n\t\t<table class=\"type05\">\n\t\t<thead>\n\t\t<tr>\n\t\t<th>Sezione<\/th>\n\t\t<th>Contenuto della Regolamentazione<\/th>\n\t\t<\/tr>\n\t\t<\/thead>\n\t\t<tbody>\n\t\t<tr>\n\t\t<td>Utilizzo per la consulenza in aree di competenza<\/td>\n\t\t<td>Individui qualificati (in campi legali, medici, finanziari, ecc.) non possono fornire consulenze personalizzate basandosi esclusivamente sulle risposte di ChatGPT senza verificare la fonte delle informazioni. L&#8217;uso di ChatGPT per &#8220;consulenze mediche&#8221; riguardanti condizioni mediche gravi \u00e8 proibito.<\/td>\n\t\t<\/tr>\n\t\t<tr>\n\t\t<td>Siti web di sintesi delle informazioni su aree specializzate<\/td>\n\t\t<td>Quando si utilizza l&#8217;AI per creare articoli che forniscono informazioni su aree specializzate come medicina, finanza e diritto, che possono essere soggette a regolamentazioni del diritto commerciale, come i siti web che aggregano notizie, \u00e8 necessario divulgare chiaramente l&#8217;uso dell&#8217;AI e i limiti dell&#8217;accuratezza delle informazioni. Questo si applica anche alle conversazioni &#8220;tipo qualcuno&#8221;.<\/td>\n\t\t<\/tr>\n\t\t<tr>\n\t\t<td>Conversazioni &#8220;tipo qualcuno&#8221;<\/td>\n\t\t<td>Ad eccezione delle figure storiche pubbliche, quando si impiegano chatbot per conversazioni &#8220;tipo qualcuno&#8221;, deve essere esplicitamente dichiarato che si tratta di una parodia o di una conversazione che simula un individuo particolare.<\/td>\n\t\t<\/tr>\n\t\t<tr>\n\t\t<td>Utilizzo dei contenuti inseriti e generati da OpenAI<\/td>\n\t\t<td>A partire dal 1\u00b0 marzo 2023, \u00e8 specificato che i contenuti non verranno utilizzati per migliorare la qualit\u00e0 del servizio nelle collaborazioni API. Inoltre, a partire dal 25 aprile dello stesso anno (2023), \u00e8 possibile il rifiuto dell&#8217;uso non collegato ad API a seconda delle impostazioni dell&#8217;account. Tuttavia, considerando la disposizione che le informazioni sono trattenute per 30 giorni, si pu\u00f2 presumere che alcune informazioni sui contenuti rimangano, sebbene non tecnicamente.<\/td>\n\t\t<\/tr>\n\t\t<tr>\n\t\t<td>Utilizzo nell&#8217;Amministrazione Pubblica<\/td>\n\t\t<td>\u00c8 proibito generare chatbot per campagne elettorali e creare materiali elettorali personalizzati.<\/td>\n\t\t<\/tr>\n\t\t<tr>\n\t\t<td>Utilizzo in campagne elettorali<\/td>\n\t\t<td>Sebbene siano emerse alcune iniziative per impiegare l&#8217;AI nell&#8217;amministrazione pubblica, il suo utilizzo in decisioni politiche di alto livello, come processi penali e asilo, \u00e8 proibito.<\/td>\n\t\t<\/tr>\n\t\t<tr>\n\t\t<td>Regolamentazioni sui nomi dei servizi<\/td>\n\t\t<td>Nomi come &#8220;****** GPT&#8221;, &#8220;GPT-4 powered ******&#8221; o &#8220;ChatGPT powered ******&#8221; sono vietati, mentre nomi come &#8220;Powered by GPT-4&#8221; o &#8220;Built with GPT-4&#8221; sono permessi.<\/td>\n\t\t<\/tr>\n\t\t<\/tbody>\n\t\t<\/table>\n\t<\/div>\n<\/section>\n\n<section class=\"orange2-section\">\n\t<div class=\"anchor\" id=\"crawling-and-copyright-for-ai\"><\/div>\n\t<div class=\"section-inner\">\n\t\t<h3>Crawling e Copyright per l&#8217;AI<\/h3>\n\t\t<p class=\"mgb-small\">L&#8217;uso di varie tecnologie AI, inclusi gli AI che generano immagini come &#8220;Stable Diffusion&#8221; e &#8220;Midjourney&#8221;, cos\u00ec come gli AI che generano testo come &#8220;ChatGPT&#8221;, ha guadagnato notevole attenzione. Tuttavia, \u00e8 importante essere consapevoli dei potenziali rischi legali associati al crawling e alla raccolta dati tramite AI, in particolare per quanto riguarda la violazione del copyright.<\/p>\n\t\t<p class=\"mgb-small\">Nel 2019 (Reiwa 1), la Legge sul Copyright del Giappone (Japanese Copyright Law) \u00e8 stata rivista, consentendo, in linea di principio, la raccolta, l&#8217;elaborazione e l&#8217;utilizzo di immagini protette da copyright per scopi di apprendimento automatico. \u00c8 inoltre permessa la fornitura (vendita, trasferimento, ecc.) dei dati raccolti per l&#8217;apprendimento a terze parti.<\/p>\n\t\t<p class=\"mgb-small\">Nonostante ci\u00f2, i servizi che impiegano AI possono ancora violare il copyright in Giappone se danneggiano in modo ingiustificato gli interessi dei titolari di diritti o se si discostano dalle disposizioni delineate nella Legge sul Copyright. Ad esempio, se un sito web vieta esplicitamente la raccolta e l&#8217;estrazione di dati per l&#8217;apprendimento automatico o l&#8217;analisi delle informazioni nei suoi termini di utilizzo o accordo di licenza, raccogliere immagini senza permesso e addestrare un modello di apprendimento automatico basato su quelle immagini dopo &#8220;aver accettato&#8221; i termini di utilizzo pu\u00f2 costituire una violazione del copyright.<\/p>\n\t\t<p class=\"mgb-small\">\u00c8 degno di nota che le immagini sintetiche generate da AI utilizzando tecniche come le Reti Generative Avversarie (GANs) generalmente non violano i copyright delle immagini originali. In Giappone, queste immagini generate sono considerate nuove creazioni attraverso il processo di apprendimento automatico e non sono considerate riproduzioni o adattamenti delle immagini originali.<\/p>\n\t\t<p>Comprendere le implicazioni legali del copyright secondo la legge giapponese \u00e8 cruciale nello sviluppo di servizi e prodotti correlati all&#8217;AI. MONOLITH LAW OFFICE vanta un team di avvocati e ingegneri esperti nelle questioni legali relative all&#8217;AI e pu\u00f2 fornire consulenza appropriata e supporto legale in questo campo.<\/p>\n\t<\/div>\n<\/section>\n\n<section class=\"orange-section\">\n\t<div class=\"anchor\" id=\"copyright-and-other-ip-issues\"><\/div>\n\t<div class=\"section-inner\">\n\t\t<div class=\"flex reverse\">\n\t\t\t<div class=\"width41\"><img decoding=\"async\" src=\"\/wp-content\/uploads\/2023\/04\/intellectual-property.jpg\" alt=\"Copyright e Altre Questioni di Propriet\u00e0 Intellettuale\"><\/div>\n\t\t\t<div class=\"width51\">\n\t\t\t\t<h3>Diritto d&#8217;autore e Altre Questioni di Propriet\u00e0 Intellettuale<\/h3>\n\t\t\t\t<p class=\"mgb-small\">I servizi e i prodotti legati all&#8217;AI presentano varie sfide e complessit\u00e0 riguardo al diritto d&#8217;autore e ad altre questioni di propriet\u00e0 intellettuale. Una questione rilevante \u00e8 lo status del diritto d&#8217;autore delle opere e dei contenuti generati dall&#8217;AI. Sebbene queste opere possano essere soggette a protezione del diritto d&#8217;autore, determinare il legittimo proprietario o creatore pu\u00f2 essere difficile quando l&#8217;opera \u00e8 generata dall&#8217;AI. Questa ambiguit\u00e0 aumenta il rischio di violazione del diritto d&#8217;autore. Inoltre, quando le opere generate dall&#8217;AI incorporano molteplici opere protette da diritto d&#8217;autore, gestire i diritti di pi\u00f9 titolari pu\u00f2 diventare complesso.<\/p>\n\t\t\t\t<p>Presso MONOLITH LAW OFFICE, abbiamo una vasta esperienza nella gestione di casi avanzati legati all&#8217;IT e alla propriet\u00e0 intellettuale. Il nostro studio \u00e8 perfettamente attrezzato per affrontare queste questioni emergenti e fornire un supporto legale efficace. Con la nostra competenza nel campo, possiamo assistere i clienti nell&#8217;affrontare le preoccupazioni relative al diritto d&#8217;autore e alla propriet\u00e0 intellettuale nel dominio dell&#8217;AI.<\/p>\n\t\t\t<\/div>\n\t\t<\/div>\n\t<\/div>\n<\/section>\n\n<section class=\"white-section\">\n\t<div class=\"anchor\" id=\"legal-considerations-for-system-development\"><\/div>\n\t<div class=\"section-inner\">\n\t\t<div class=\"flex\">\n\t\t\t<div class=\"width41\"><img decoding=\"async\" src=\"\/wp-content\/uploads\/2023\/04\/System-development.jpg\" alt=\"Considerazioni Legali per lo Sviluppo di Sistemi\"><\/div>\n\t\t\t<div class=\"width51\">\n\t\t\t\t<h3>Considerazioni Legali per lo Sviluppo di Sistemi<\/h3>\n\t\t\t\t<p class=\"mgb-small\">Lo sviluppo di sistemi che coinvolgono tecnologie avanzate come modelli di AI basati su algoritmi di apprendimento profondo e apprendimento per rinforzo richiede non solo competenza tecnica, ma anche un supporto legale completo. La complessit\u00e0 di tale sviluppo richiede un&#8217;attenzione scrupolosa alle questioni legali.<\/p>\n\t\t\t\t<p class=\"mgb-small\">Nella pratica, molti contratti utilizzati nello sviluppo di sistemi avanzati mancano di chiarezza nel trattare scenari specifici che possono portare a dispute. Ad esempio, un contratto pu\u00f2 contenere clausole legali astratte come la responsabilit\u00e0 per non conformit\u00e0 secondo la legge giapponese. Tuttavia, senza indicare esplicitamente le circostanze specifiche rilevanti per il sistema o la questione in oggetto, tali clausole potrebbero non essere efficaci in tribunale.<\/p>\n\t\t\t\t<p>Come studio legale guidato da un avvocato con esperienza in ingegneria IT, riconosciamo l&#8217;importanza di comprendere profondamente le complessit\u00e0 dello sviluppo di sistemi. Questa comprensione si estende alla redazione di contratti, assicurando che essi catturino accuratamente le sfumature specifiche del sistema e proteggano efficacemente gli interessi dei nostri clienti. Forniamo servizi legali completi che mescolano conoscenza tecnica ed esperienza legale per supportare i nostri clienti nel navigare gli aspetti legali dello sviluppo di sistemi. Al MONOLITH LAW OFFICE, disponiamo di un team di avvocati e ingegneri specializzati in questioni legali relative all&#8217;AI, pronti a fornire una guida adeguata e supporto legale in questo campo.<\/p>\n\t\t\t<\/div>\n\t\t<\/div>\n\t<\/div>\n<\/section>\n\n<section class=\"purple-section\">\n\t<div class=\"anchor\" id=\"providing-comprehensive-solutions\"><\/div>\n\t<div class=\"section-inner\">\n\t\t<div class=\"flex\">\n\t\t\t<div class=\"width51\">\n\t\t\t\t<h3>Fornire Soluzioni Complete<\/h3>\n\t\t\t\t<p class=\"mgb-small\">Nel MONOLITH LAW OFFICE, abbiamo riunito un team composto da 30 avvocati e 85 membri dello staff, inclusi ingegneri IT attivi e consulenti IT. Sotto la guida del nostro avvocato rappresentante, Toki Kawase, che apporta una preziosa esperienza come ex ingegnere IT e proprietario di una societ\u00e0 IT, offriamo un connubio unico di competenze IT e giuridiche.<\/p>\n\t\t\t\t<p class=\"mgb-small\">Il nostro team \u00e8 attrezzato per gestire un&#8217;ampia gamma di compiti in modo fluido. Gli avvocati rappresentanti e il Dipartimento di Consulenza IT collaborano per tradurre e comprendere gli ultimi documenti tecnici e i vari termini di utilizzo. Possiedono anche la capacit\u00e0 di comprendere documenti tecnici e codici sviluppati internamente. D&#8217;altra parte, i nostri avvocati conducono ricerche legali approfondite, redigono contratti e svolgono altri compiti legali.<\/p>\n\t\t\t\t<p>Integrando le nostre conoscenze IT e legali, forniamo un servizio completo e unico che si adatta alle esigenze specifiche dei nostri clienti. Il nostro approccio multidisciplinare ci permette di affrontare questioni complesse che richiedono un alto livello di competenza sia in ambito IT che legale. Ci impegniamo a fornire soluzioni eccezionali che combinano eccellenza tecnica con competenza legale.<\/p>\n\t\t\t<\/div>\n\t\t\t<div class=\"width41\"><img decoding=\"async\" src=\"\/wp-content\/themes\/monolith_en\/img\/operationofofmedia\/operationofofmedia_pic5.svg\" alt=\"Fornire Soluzioni Complete\"><\/div>\n\t\t<\/div>\n\t<\/div>\n<\/section>\n\n<section class=\"purple2-section\">\n\t<div class=\"anchor\" id=\"monolith-law-magazine\"><\/div>\n\t<div class=\"section-inner\">\n\t\t    <section class=\"white-section temp-article\">\n        <div class=\"section-inner\">\n            <h4>MONOLITH LAW MAGAZINE<\/h4>\n            <div class=\"articles type_practice_column\">\n                                                            <\/div>\n            <div class=\"btn-more\"><a href=\"https:\/\/monolith.law\/it\/tag\/ai\">Leggi tutto<\/a><\/div>\n        <\/div>\n    <\/section>\n\t<\/div>\n<\/section>\n<section class=\"orange2-section\">\n\t<div class=\"anchor\" id=\"fee-structure\"><\/div>\n\t<div class=\"section-inner\">\n\t<div class=\"planWrap\">\n\t<h3>Struttura dei Costi<\/h3>\n\t<ul class=\"plan\">\n\t\t<li class=\"txt-left\">\n\t\t\t<div class=\"plan-inner\">\n\t\t\t<div class=\"plan-header\">\n\t\t\t<h4 class=\"plan-title\">Tariffa Oraria<\/h4>\n\t\t\t<div class=\"plan-price\"><span class=\"price-figure\">$300<\/span> all&#8217;ora <span class=\"price-tax\"><\/span><\/div>\n\t\t\t<\/div>\n\t\t\t<div class=\"plan-body\">In certi casi, potremmo considerare l&#8217;accettazione di una disputa o causa legale con un onorario iniziale e un onorario di risultato. Per maggiori dettagli, non esitate a contattarci.<\/div>\n\t\t\t<\/div>\n\t\t<\/li>\n\t\t<li class=\"txt-left\">\n\t\t\t<div class=\"plan-inner\">\n\t\t\t<div class=\"plan-header\">\n\t\t\t<h4 class=\"plan-title\">Redazione di Contratti<\/h4>\n\t\t\t<div class=\"plan-price\"><span class=\"price-value\">da<\/span><span class=\"price-figure\">$500<\/span><span class=\"price-value\">a $2,000 o pi\u00f9<\/span><span class=\"price-tax\"><\/span><\/div>\n\t\t\t<\/div>\n\t\t\t<div class=\"plan-body\">La struttura dei prezzi pu\u00f2 variare in base al tipo e alla quantit\u00e0 dei contratti. Siamo lieti di offrire un preventivo preliminare su richiesta, quindi vi incoraggiamo a contattarci per ulteriori dettagli.<\/div>\n\t\t\t<\/div>\n\t\t<\/li>\n\t\t<li class=\"txt-left\">\n\t\t\t<div class=\"plan-inner\">\n\t\t\t<div class=\"plan-header\">\n\t\t\t<h4 class=\"plan-title\">Altri Servizi<\/h4>\n\t\t\t<div class=\"plan-price\"><span class=\"price-figure\">Contattateci<\/span><\/div>\n\t\t\t<\/div>\n\t\t\t<div class=\"plan-body\">Offriamo una vasta gamma di servizi che includono la costituzione di societ\u00e0, la revisione di contratti, pareri legali, revisione di casi o lettere di ricerca. Se avete domande o dubbi, vi invitiamo cordialmente a contattarci e il nostro team esperto sar\u00e0 felice di assistervi.<\/div>\n\t\t\t<\/div>\n\t\t\t<\/div>\n\t\t<\/li>\n\t<\/ul>\n\t<\/div>\n\t<\/div>\n<\/section>\n\n<section class=\"white-section\">\n\t<div class=\"section-inner\">\n\t\t<div class=\"btn-area\">\n\t\t\t<div class=\"btn icon-contact\"><a href=\"\/it\/contact\">Contattateci<\/a><\/div>\n\t\t<\/div>\n\t<\/div>\n<\/section>\n","protected":false},"excerpt":{"rendered":"<p>AI (ChatGPT, ecc.) Presso MONOLITH LAW OFFICE, abbiamo riunito un team di avvocati e ingegneri altamente specializzati in AI. Siamo impegnati a fornire un supporto legale completo alle aziende che ope [&hellip;]<\/p>\n","protected":false},"author":1,"featured_media":57157,"parent":0,"menu_order":6,"comment_status":"closed","ping_status":"closed","template":"other-page-temp.php","meta":{"footnotes":""},"acf":[],"_links":{"self":[{"href":"https:\/\/monolith.law\/it\/wp-json\/wp\/v2\/pages\/55708"}],"collection":[{"href":"https:\/\/monolith.law\/it\/wp-json\/wp\/v2\/pages"}],"about":[{"href":"https:\/\/monolith.law\/it\/wp-json\/wp\/v2\/types\/page"}],"author":[{"embeddable":true,"href":"https:\/\/monolith.law\/it\/wp-json\/wp\/v2\/users\/1"}],"replies":[{"embeddable":true,"href":"https:\/\/monolith.law\/it\/wp-json\/wp\/v2\/comments?post=55708"}],"version-history":[{"count":19,"href":"https:\/\/monolith.law\/it\/wp-json\/wp\/v2\/pages\/55708\/revisions"}],"predecessor-version":[{"id":61658,"href":"https:\/\/monolith.law\/it\/wp-json\/wp\/v2\/pages\/55708\/revisions\/61658"}],"wp:featuredmedia":[{"embeddable":true,"href":"https:\/\/monolith.law\/it\/wp-json\/wp\/v2\/media\/57157"}],"wp:attachment":[{"href":"https:\/\/monolith.law\/it\/wp-json\/wp\/v2\/media?parent=55708"}],"curies":[{"name":"wp","href":"https:\/\/api.w.org\/{rel}","templated":true}]}}