{"id":55833,"date":"2023-06-13T01:17:21","date_gmt":"2023-06-12T16:17:21","guid":{"rendered":"https:\/\/monolith.law\/en\/?page_id=55833"},"modified":"2024-08-05T19:20:16","modified_gmt":"2024-08-05T10:20:16","slug":"legal-support-for-youtuber","status":"publish","type":"page","link":"https:\/\/monolith.law\/it\/legal-support-for-youtuber","title":{"rendered":"Supporto Legale per YouTuber"},"content":{"rendered":"\n<section class=\"heading-area\">\n\t<div class=\"heading-area-inner\">\n\t\t<h2 class=\"icon-legal-support-for-youtuber\">Supporto Legale per YouTuber<\/h2>\n\t\t<p>La gestione degli influencer online richiede un know-how che si differenzia da quello della produzione di intrattenimento tradizionale e della gestione dei media. Comprendiamo le complessit\u00e0 della legge giapponese e le caratteristiche di Internet, il che ci permette di fornire un forte supporto alla vostra azienda per trasmettere informazioni attraverso un sistema costantemente aggiornato con le ultime informazioni legali giapponesi.<\/p>\n\t<\/div>\n<\/section>\n\n<section class=\"white-section\">\n\t<div class=\"section-inner pdt0 border-bottom-section\">\n\t\t<p>I canali YouTube gestiti da agenzie di YouTuber, le aziende che operano con YouTuber Virtuali (VTubers) e le societ\u00e0 commerciali in Giappone necessitano di consulenti legali con know-how specializzato ed esperienza. I nostri clienti includono importanti Agenzie di Gestione YouTuber giapponesi, YouTuber individuali di spicco e varie aziende di gestione business di VTubers in tutto il Giappone. Forniamo anche supporto altamente specializzato nella redazione e revisione di contratti relativi a YouTuber e VTubers, nonch\u00e9 nella gestione delle questioni legali legate alla creazione di video in Giappone.<\/p>\n\t<\/div>\n<\/section>\n\n<section class=\"second-nav\">\n\t<div class=\"second-nav-inner\">\n\t<p>ARGOMENTI<\/p>\n\t<nav>\n\t<ul>\n\t \t<li><a href=\"#necessity-of-youtube-related-legal-counsel\">Necessit\u00e0 di Consulenza Legale Relativa a YouTube<\/a><\/li>\n\t \t<li><a href=\"#contracts\">Contratti<\/a><\/li>\n\t \t<li><a href=\"#creating-and-publishing-videos\">Creazione e Pubblicazione di Video<\/a><\/li>\n\t \t<li><a href=\"#legal-support-for-vtubers\">Supporto Legale per VTubers<\/a><\/li>\n\t \t<li><a href=\"#terms-of-use-of-youtube\">Termini di Uso di YouTube<\/a><\/li>\n\t \t<li><a href=\"#our-youtube-channel\">Il Nostro Canale YouTube<\/a><\/li>\n\t \t<li><a href=\"#manda-of-sns\">M&amp;A di Social Network<\/a><\/li>\n\t \t<li><a href=\"#IT\">IT<\/a><\/li>\n\t \t<li><a href=\"#countermeasures-against-reputational-damage\">Misure contro i Danni alla Reputazione<\/a><\/li>\n\t \t<li><a href=\"#writings-and-other-activities\">Pubblicazioni e Altre Attivit\u00e0<\/a><\/li>\n\t \t<li><a href=\"#examples-of-our-clients\">Esempi dei Nostri Clienti<\/a><\/li>\n\t\t<li><a href=\"#monolith-law-magazine\">MONOLITH LAW MAGAZINE<\/a><\/li>\n\t \t<li><a href=\"#fee-structure\">Struttura delle Tariffe<\/a><\/li>\n\t<\/ul>\n\t<\/nav>\n\t<\/div>\n<\/section>\n\n<section class=\"white-section\">\n\t<div id=\"necessity-of-youtube-related-legal-counsel\"><\/div>\n\t<div class=\"section-inner\">\n\t<h3>Necessit\u00e0 di Consulenza Legale Relativa a YouTube<\/h3>\n\t<ul class=\"layout-column4\">\n\t \t<li>\n\t\t\t<div><img decoding=\"async\" src=\"\/wp-content\/themes\/monolith2021\/img\/practices-youtuberlaw\/practices-youtuberlaw_necessity_pic1.jpg\" alt=\"YouTuber\" \/><\/div>\n\t\t\t<h4>YouTuber<\/h4>\n\t\t\t<p>Un YouTuber con pi\u00f9 di qualche centinaio di migliaia di iscritti al canale \u00e8 un&#8217;entit\u00e0 a s\u00e9 e necessita di un agente.<\/p>\n\t\t<\/li>\n\t \t<li>\n\t\t\t<div><img decoding=\"async\" src=\"\/wp-content\/themes\/monolith2021\/img\/practices-youtuberlaw\/practices-youtuberlaw_necessity_pic2.jpg\" alt=\"Societ\u00e0 di Gestione YouTuber\" \/><\/div>\n\t\t\t<h4>Societ\u00e0 di Gestione YouTuber<\/h4>\n\t\t\t<p>Ci sono specifiche precauzioni e punti di controllo da considerare per la gestione di YouTuber, progetti per clienti e altri contratti.<\/p>\n\t\t<\/li>\n\t \t<li>\n\t\t\t<div><img decoding=\"async\" src=\"\/wp-content\/themes\/monolith2021\/img\/practices-youtuberlaw\/practices-youtuberlaw_necessity_pic3.jpg\" alt=\"Virtual YouTuber\" \/><\/div>\n\t\t\t<h4>Virtual YouTuber<\/h4>\n\t\t\t<p>I contratti e le fusioni e acquisizioni (M&amp;A) nell&#8217;area in cui si intersecano IT e intrattenimento sono un campo altamente specializzato.<\/p>\n\t\t<\/li>\n\t \t<li>\n\t\t\t<div><img decoding=\"async\" src=\"\/wp-content\/themes\/monolith2021\/img\/practices-youtuberlaw\/practices-youtuberlaw_necessity_pic4.jpg\" alt=\"Canale YouTube per Aziende\" \/><\/div>\n\t\t\t<h4>Canale YouTube<br>per Aziende<\/h4>\n\t\t\t<p>Quando si gestisce un canale YouTube, avrete bisogno di un principale consulente legale e di un avvocato separato per YouTube.<\/p>\n\t\t<\/li>\n\t<\/ul>\n\t<\/div>\n<\/section>\n\n<section class=\"white-section\">\n\t<div class=\"section-inner pdt0\">\n\t<div class=\"frame2 txt-center-pc max-width860\">\n\t<p class=\"bold txt-l\">I YouTubers e i Virtual YouTubers necessitano di consulenti legali che siano esperti nella gestione dei canali e nell&#8217;esecuzione dei contratti.<\/p>\n\t<\/div>\n\t<\/div>\n<\/section>\n\n<section class=\"white-section mgb-section100\">\n\t<div id=\"contracts\"><\/div>\n\t<div class=\"section-inner-black\">\n\t<h3>Contratti<\/h3>\n\t<p class=\"mgb-middle\">In Giappone, i YouTubers e i VTubers generalmente firmano un contratto di gestione con un&#8217;agenzia per svolgere le loro attivit\u00e0, mentre in alcuni casi, firmano un contratto con un&#8217;azienda e si impegnano in attivit\u00e0 pubblicitarie.<br>Tradizionalmente, i contratti di gestione tra artisti e agenzie di intrattenimento, cos\u00ec come i contratti pubblicitari tra artisti e aziende erano utilizzati nell&#8217;industria dell&#8217;intrattenimento giapponese. Tuttavia, i YouTubers e i VTubers sono leggermente diversi dagli artisti tradizionali a causa dei termini e delle condizioni di YouTube.<br>Un avvocato con conoscenza ed esperienza nei contratti giapponesi relativi ai YouTubers pu\u00f2 aiutarti a concludere un contratto in modo agevole, affrontando i punti essenziali. I nostri esperti legali giapponesi sono ben versati negli aspetti unici del mercato giapponese e delle piattaforme di video online.<\/p>\n\t<\/div>\n<\/section>\n\n<section class=\"white-section mgb-section100\">\n\t<div id=\"creating-and-publishing-videos\"><\/div>\n\t<div class=\"section-inner-black\">\n\t<h3>Creazione e Pubblicazione di Video<\/h3>\n\t<p class=\"mgb-middle\">Quando si creano e si pubblicano video su YouTube, \u00e8 essenziale possedere una conoscenza legale in vari settori, come i diritti d&#8217;autore per la musica e gli oggetti che appaiono nel video, i diritti di ritratto\/privacy, e le normative pubblicitarie che possono essere problematiche quando si introducono cosmetici e alimenti salutari in Giappone. La mancanza di conoscenza legale in questi settori pu\u00f2 portare al rischio di avere i tuoi video cancellati o, nel peggiore dei casi, di avere il tuo account bannato in Giappone.<\/p>\n\t<\/div>\n<\/section>\n\n<section class=\"purple-section mgb-section100\">\n\t<div id=\"legal-support-for-vtubers\"><\/div>\n\t<div class=\"section-inner\">\n\t<div class=\"flex reverse\">\n\t<div class=\"width41\"><img decoding=\"async\" src=\"\/wp-content\/themes\/monolith2021\/img\/vtuberlaw\/pic_practices-vtuberlaw.jpg\" alt=\"Supporto Legale per Virtual YouTubers\" \/><\/div>\n\t<div class=\"width51\">\n\t\t<h3>Supporto Legale per VTubers<\/h3>\n\t\t<p class=\"mgb-small\">Dal 2017, quando i VTubers erano ancora ai loro albori, MONOLITH LAW OFFICE si occupa delle questioni legali relative ai VTubers, tra cui varie relazioni contrattuali e risoluzione delle controversie, per VTubers individuali e le loro relative aziende e uffici in Giappone.<\/p>\n\t\t<p class=\"mgb-middle\">Il nostro team legale ha l&#8217;esperienza e il know-how per risolvere le questioni molto complesse relative ai VTubers, come le questioni di diritto d&#8217;autore di illustrazioni e CG, la propriet\u00e0 dei canali YouTube e dei personaggi, e la relazione dei diritti tra la persona stessa e il proprietario.<\/p>\n\t<\/div>\n\t<\/div>\n\t<\/div>\n<\/section>\n\n<section class=\"white-section mgb-section\">\n\t<div id=\"terms-of-use-of-youtube\" class=\"anchor\"><\/div>\n\t<div class=\"section-inner-black\">\n\t<h3>Termini di Utilizzo per YouTube e Altri Media<\/h3>\n\t<p class=\"mgb-middle\">Quando si gestisce un canale YouTube in Giappone, \u00e8 necessario comprendere i termini di servizio di YouTube e le relative questioni legali. Anche se un video \u00e8 legalmente accettabile, potrebbe essere soggetto a cancellazione o a sospensione dell&#8217;account se viola i termini di utilizzo. Il nostro studio possiede la competenza e la comprensione dei termini di utilizzo di YouTube e di altri media, cos\u00ec come della legge giapponese.<\/p>\n\t<\/div>\n<\/section>\n\n<section class=\"orange-section\">\n\t<div id=\"our-youtube-channel\"><\/div>\n\t<div class=\"section-inner\">\n\t<div class=\"flex reverse\">\n\t<div class=\"width41\"><img decoding=\"async\" src=\"\/wp-content\/themes\/monolith2021\/img\/practices-youtuberlaw\/practices-youtuberlaw_pic1.png\" alt=\"Consulenza Legale per YouTubers\" \/><\/div>\n\t<div class=\"width51\">\n\t\t<h3>Il Nostro Canale YouTube<\/h3>\n\t\t<p class=\"mgb-small\">Il nostro canale YouTube &#8220;Consulenza Legale per YouTubers&#8221; spiega le questioni legali relative a YouTube attraverso video conversazionali che presentano un avvocato sotto le sembianze di un VTuber, un personaggio amichevole con un alto livello di competenza.<\/p>\n\t\t<p class=\"mgb-small\">Forniamo conoscenze legali per i YouTubers giapponesi da varie angolazioni ogni volta, quindi consigliamo il nostro canale se stai gi\u00e0 gestendo un canale o stai per farlo in Giappone.<\/p>\n\t\t<p>Riconosciamo che gli avvocati che assistono i YouTubers e gli operatori di business legati a YouTube richiedono pi\u00f9 che una semplice conoscenza della teoria legale astratta. Una profonda intuizione e comprensione della piattaforma YouTube sono fondamentali per fornire un efficace supporto legale in questo campo.<\/p>\n\t<\/div>\n\t<\/div>\n\t<\/div>\n<\/section>\n\n<section class=\"white-section\">\n\t<div id=\"manda-of-sns\"><\/div>\n\t<div class=\"section-inner\">\n\t<div class=\"flex\">\n\t<div class=\"width41\"><img decoding=\"async\" src=\"\/wp-content\/themes\/monolith2021\/img\/pic\/pic_sns_manda.jpg\" alt=\"M&amp;A di SNS\" \/><\/div>\n\t<div class=\"width51\">\n\t<h3>M&amp;A di Social Network<\/h3>\n\t\t<p class=\"mgb-small\">I canali YouTube e gli account Twitter, cos\u00ec come i siti web, sono soggetti a M&amp;A. Tuttavia, a causa delle caratteristiche specifiche di questi M&amp;A, \u00e8 essenziale uno studio legale con conoscenze specialistiche ed esperienza nel mercato giapponese. <\/p>\n\t\t<p class=\"mgb-middle\">Da piccole somme a operazioni che superano i 100 milioni di yen, MONOLITH LAW OFFICE ha gestito numerose transazioni di M&amp;A come uno studio legale con una forte competenza nel settore IT. Vi assistiamo in ogni fase del processo, dalla stesura dei contratti alla conduzione della due diligence (DD) per i canali YouTube e altre attivit\u00e0.<\/p>\n\t<\/div>\n\t<\/div>\n\t<\/div>\n<\/section>\n\n<section class=\"purple-section\">\n\t<div id=\"IT\"><\/div>\n\t<div class=\"section-inner\">\n\t<div class=\"flex reverse\">\n\t<div class=\"width41\"><img decoding=\"async\" src=\"\/wp-content\/themes\/monolith2021\/img\/pic\/pic_practices-itlaw.jpg\" alt=\"IT\" \/><\/div>\n\t<div class=\"width51\">\n\t\t<h3>IT<\/h3>\n\t\t<p class=\"mgb-middle\">Lo sviluppo di sistemi nel campo dei VTubers, ad esempio, \u00e8 un&#8217;area estremamente specializzata in Giappone. La conoscenza dei diritti di propriet\u00e0 intellettuale \u00e8 essenziale per controllare la gestione di video, immagini e produzioni che si verificano nelle operazioni SNS. I nostri avvocati rappresentanti hanno esperienza come ingegneri IT e forniscono servizi in controversie e nella prevenzione di problemi di sviluppo del sistema. Forniamo supporto legale altamente specializzato in IT e IP a numerose aziende, tra cui quelle quotate in TSE Prime in Giappone.<\/p>\n\t\t<div class=\"btn-area align-left\">\n\t\t\t<div class=\"btn icon-it\"><a href=\"\/it\/it\">IT<\/a><\/div>\n\t\t<\/div>\n\t<\/div>\n\t<\/div>\n\t<\/div>\n<\/section>\n\n<section class=\"white-section\">\n\t<div id=\"countermeasures-against-reputational-damage\"><\/div>\n\t<div class=\"section-inner\">\n\t<div class=\"flex\">\n\t<div class=\"width41\"><img decoding=\"async\" src=\"\/wp-content\/themes\/monolith2021\/img\/pic\/pic_practices-reputation.jpg\" alt=\"Misure contro i danni alla reputazione\" \/><\/div>\n\t<div class=\"width51\">\n\t\t<h3>Misure contro i danni alla reputazione<\/h3>\n\t\t<p class=\"mgb-small\">Man mano che YouTubers e VTubers guadagnano spettatori, possono subire danni alla reputazione su Internet. Tuttavia, riteniamo che dovrebbero sempre essere prese misure contro la diffamazione eccessiva e la divulgazione di informazioni personali.<\/p>\n\t\t<p class=\"mgb-middle\">Il nostro studio ha una vasta esperienza e competenza nell&#8217;identificare e rimuovere gli autori di voci su Internet. Abbiamo ricevuto numerose richieste da clienti che vanno dalle aziende quotate nella sezione principale della Borsa di Tokyo fino ai singoli individui, dimostrando il nostro impegno a proteggere la reputazione di YouTubers e VTubers in Giappone.<\/p>\n\t<\/div>\n\t<\/div>\n\t<\/div>\n<\/section>\n\n<section class=\"orange-section\">\n\t<div class=\"anchor\" id=\"writings-and-other-activities\"><\/div>\n\t<div class=\"section-inner\">\n\t\t<div class=\"frame2 max-width860 txt-center-pc\">\n\t\t\t<p class=\"bold txt-l mgb-small\">Scritti e altre attivit\u00e0 relative agli affari legali di YouTuber\/VTuber<\/p>\n\t\t\t<p>Gli affari legali di YouTuber e VTuber sono aree altamente specializzate.<br>Il nostro avvocato fondatore, Toki Kawase, si impegna in scritti e altre attivit\u00e0 relative a questi campi.<\/p>\n\t\t<\/div>\n\t<\/div>\n<\/section>\n\n<section class=\"white-section\">\n\t<div class=\"section-inner\">\n\t\t<div class=\"flex reverse\">\n\t\t\t<div class=\"width41\"><img decoding=\"async\" src=\"\/wp-content\/uploads\/2022\/11\/it_law_book.jpg\"><\/div>\n\t\t\t<div class=\"width51\">\n\t\t\t\t<h3>Pubblicazioni come Avvocato Specializzato in Affari Legali di YouTuber e VTuber<\/h3>\n\t\t\t\t<p class=\"mgb-small\">Il nostro avvocato fondatore ha pubblicato il libro &#8220;Avvocato IT, per favore, parlami delle leggi e dei termini di servizio di YouTuber&#8221;. Questo libro affronta diverse questioni legali che riguardano i YouTuber giapponesi in un formato di domande e risposte. Alcuni dei temi trattati includono se il marketing stealth viola la legge, se \u00e8 necessario sfocare le targhe e molto altro. Questa risorsa informativa mira a fornire una guida legale pratica ai YouTuber, chiarendo dubbi comuni relativi alle leggi e ai termini di servizio.<\/p>\n\t\t\t\t<p>Un&#8217;altra pubblicazione, &#8220;Una guida alle leggi relative a YouTube per professionisti del diritto&#8221;, offre un approccio pratico alle questioni legali relative all&#8217;universo di YouTube, rivolto a avvocati e professionisti delle relazioni pubbliche aziendali.<\/p>\n\t\t\t<\/div>\n\t\t<\/div>\n\t<\/div>\n<\/section>\n\n<section class=\"white-section\">\n\t<div class=\"section-inner\">\n\t\t<div class=\"flex\">\n\t\t\t<div class=\"width41\"><img decoding=\"async\" src=\"\/wp-content\/themes\/monolith2021\/img\/practices-youtuberlaw\/practices-youtuberlaw_pic2.jpg\"><\/div>\n\t\t\t<div class=\"width51\">\n\t\t\t\t<h3>Il nostro avvocato fondatore \u00e8 stato ospite in &#8220;ABEMA Prime&#8221;<\/h3>\n\t\t\t\t<p class=\"mgb-small\">Il nostro avvocato fondatore \u00e8 stato ospite nella trasmissione di &#8220;ABEMA Prime&#8221;, uno dei programmi di live streaming pi\u00f9 popolari in Giappone. <br>Ha partecipato come avvocato esperto in questioni legali relative a YouTubers e VTubers.<\/p>\n\t\t\t\t<p>16 febbraio 2022: questioni legali come la privacy dei VTubers<br>20 maggio 2022: questioni legali di severe reazioni contro gli influencer<\/p>\n\t\t\t<\/div>\n\t\t<\/div>\n\t<\/div>\n<\/section>\n\n<section class=\"white-section\">\n\t<div id=\"examples-of-our-clients\"><\/div>\n\t<div class=\"section-inner\">\n\t<h3>Esempi di YouTubers e VTubers come Clienti del Nostro Studio Legale<\/h3>\n\t<ul class=\"layout-column4 mgb-middle\">\n\t \t<li>\n\t\t\t<div><img decoding=\"async\" src=\"\/wp-content\/themes\/monolith2021\/img\/practices-youtuberlaw\/practices-youtuberlaw_client_pic1.jpg\" alt=\"Carry On Inc.\" \/><\/div>\n\t\t\t<h4><a href=\"https:\/\/carry0n.co.jp\/\" target=\"_blank\" rel=\"noopener noreferrer\">Carry On Inc.<\/a><\/h4>\n\t\t\tAbbiamo lavorato a progetti per Carry On Inc. fin da poco dopo la fondazione dell&#8217;azienda, che includono popolari YouTubers come Kimagure Cook, Bryan, Channel Gado Man e molti altri creatori.\n\t\t<\/li>\n\t \t<li>\n\t\t\t<div><img decoding=\"async\" src=\"\/wp-content\/themes\/monolith2021\/img\/practices-youtuberlaw\/practices-youtuberlaw_client_pic2.jpg\" alt=\"Tenchim\" \/><\/div>\n\t\t\t<h4><a href=\"https:\/\/www.youtube.com\/channel\/UCXzU-b8I0Y_fhMkLQMYt3vA\" target=\"_blank\" rel=\"noopener noreferrer\">Tenchim<\/a><\/h4>\n\t\t\tAbbiamo lavorato a un progetto per Tenchim, una blogger, personaggio televisivo e modella che gestisce &#8220;Tenchim CH\/tenchim&#8221;.\n\t\t<\/li>\n\t \t<li>\n\t\t\t<div><img decoding=\"async\" src=\"\/wp-content\/themes\/monolith2021\/img\/practices-youtuberlaw\/practices-youtuberlaw_client_pic3.png\" alt=\"Mirai Akari\" \/><\/div>\n\t\t\t<h4><a href=\"https:\/\/akari-mir.ai\/\" target=\"_blank\" rel=\"noopener noreferrer\">Mirai Akari<\/a><\/h4>\n\t\t\tLavoriamo a progetti per ZIZAI Corporation dal 2016, prima del debutto della sua VTuber, Mirai Akari nel 2017.\n\t\t<\/li>\n\t \t<li>\n\t\t\t<div><img decoding=\"async\" src=\"\/wp-content\/themes\/monolith2021\/img\/practices-youtuberlaw\/practices-youtuberlaw_client_pic4.png\" alt=\"Teiko Penguin\" \/><\/div>\n\t\t\t<h4><a href=\"https:\/\/www.youtube.com\/channel\/UCUTgXNqRBqR33D5q10DfQXw\" target=\"_blank\" rel=\"noopener noreferrer\">Teiko Penguin<\/a><\/h4>\n\t\t\tCollaboriamo con Plott Corporation, operatore del canale YouTube animato &#8220;Teiko Penguin&#8221;, dal 2018, anche prima del lancio del canale.\n\t\t<\/li>\n\t<\/ul>\n\t<p class=\"txt-s\">*Questa \u00e8 una lista parziale di aziende che ci hanno dato il permesso di divulgare che sono nostri clienti o che sono registrati come direttori.<br>In realt\u00e0, lavoriamo a progetti per molti clienti, inclusi YouTubers freelance.<br>In linea di principio, manterremo la vostra identit\u00e0 confidenziale in base a un accordo di riservatezza.<\/p>\n\t<\/div>\n<\/section>\n\n<section class=\"purple2-section\">\n\t<div class=\"anchor\" id=\"monolith-law-magazine\"><\/div>\n\t<div class=\"section-inner\">\n\t\t    <section class=\"white-section temp-article\">\n        <div class=\"section-inner\">\n            <h4>MONOLITH LAW MAGAZINE<\/h4>\n            <div class=\"articles type_practice_column\">\n                                                                    <div class=\"article article-area\">\n                        <figure>\n                            <div class=\"img-wrap\">\n                                <img alt=\"Quali sono i punti delle condizioni d'uso di YouTube da osservare nei video di gameplay?\" src=\"https:\/\/monolith.law\/it\/wp-content\/uploads\/sites\/15\/2024\/07\/Shutterstock_2091406600.webp\" width=\"500\" height=\"250\">\n                            <\/div>\n                            <figcaption>\n                                <div class=\"figcaption-inner\">\n                                    <h3>Quali sono i punti delle condizioni d'uso di YouTube da osservare nei video di g.<\/h3>\n                                <\/div>\n                            <\/figcaption>\n                            <a href=\"https:\/\/monolith.law\/it\/internet\/youtube-game-play-videos\"><\/a>\n                        <\/figure>\n                    <\/div>\n                                                    <div class=\"article article-area\">\n                        <figure>\n                            <div class=\"img-wrap\">\n                                <img alt=\"Quanto \u00e8 legalmente permesso fotografare e pubblicare senza permesso? Spiegazione di 4 punti di discussione\" src=\"https:\/\/monolith.law\/it\/wp-content\/uploads\/sites\/15\/2024\/03\/Shutterstock_1830157235.webp\" width=\"500\" height=\"250\">\n                            <\/div>\n                            <figcaption>\n                                <div class=\"figcaption-inner\">\n                                    <h3>Quanto \u00e8 legalmente permesso fotografare e pubblicare senza permesso? Spiegazion.<\/h3>\n                                <\/div>\n                            <\/figcaption>\n                            <a href=\"https:\/\/monolith.law\/it\/internet\/copyright-permission-photograph\"><\/a>\n                        <\/figure>\n                    <\/div>\n                                                    <div class=\"article article-area\">\n                        <figure>\n                            <div class=\"img-wrap\">\n                                <img alt=\"Cinque divieti di YouTube: Cos'\u00e8 la 'Guida alla Comunit\u00e0'? Cosa bisogna sapere per evitare la sospensione dell'account?\" src=\"https:\/\/monolith.law\/it\/wp-content\/uploads\/sites\/15\/2024\/03\/Shutterstock_246432538.webp\" width=\"500\" height=\"250\">\n                            <\/div>\n                            <figcaption>\n                                <div class=\"figcaption-inner\">\n                                    <h3>Cinque divieti di YouTube: Cos'\u00e8 la 'Guida alla Comunit\u00e0'? Cosa bisogna sapere p.<\/h3>\n                                <\/div>\n                            <\/figcaption>\n                            <a href=\"https:\/\/monolith.law\/it\/internet\/youtube-community-guidelines-prohibitions\"><\/a>\n                        <\/figure>\n                    <\/div>\n                                            <\/div>\n            <div class=\"btn-more\"><a href=\"https:\/\/monolith.law\/it\/tag\/legal-support-for-youtuber\">Leggi tutto<\/a><\/div>\n        <\/div>\n    <\/section>\n\t<\/div>\n<\/section>\n\n<section class=\"orange2-section\">\n\t<div class=\"anchor\" id=\"fee-structure\"><\/div>\n\t<div class=\"section-inner\">\n\t<div class=\"planWrap\">\n\t<h3>Struttura delle Tariffe<\/h3>\n\t<ul class=\"plan\">\n\t\t<li class=\"txt-left\">\n\t\t\t<div class=\"plan-inner\">\n\t\t\t<div class=\"plan-header\">\n\t\t\t<h4 class=\"plan-title\">Tariffa Oraria<\/h4>\n\t\t\t<div class=\"plan-price\"><span class=\"price-figure\">$300<\/span> all&#8217;ora <span class=\"price-tax\"><\/span><\/div>\n\t\t\t<\/div>\n\t\t\t<div class=\"plan-body\">In certi casi, potremmo considerare l&#8217;accettazione di una disputa o causa legale con un onorario iniziale e un onorario di risultato. Per maggiori dettagli, non esitate a contattarci.<\/div>\n\t\t\t<\/div>\n\t\t<\/li>\n\t\t<li class=\"txt-left\">\n\t\t\t<div class=\"plan-inner\">\n\t\t\t<div class=\"plan-header\">\n\t\t\t<h4 class=\"plan-title\">Redazione di Contratti<\/h4>\n\t\t\t<div class=\"plan-price\"><span class=\"price-value\">da<\/span><span class=\"price-figure\">$500<\/span><span class=\"price-value\">a $2,000 o pi\u00f9<\/span><span class=\"price-tax\"><\/span><\/div>\n\t\t\t<\/div>\n\t\t\t<div class=\"plan-body\">La struttura dei prezzi pu\u00f2 variare in base al tipo e alla quantit\u00e0 dei contratti. Siamo lieti di offrire un preventivo preliminare su richiesta, quindi vi incoraggiamo a contattarci per ulteriori dettagli.<\/div>\n\t\t\t<\/div>\n\t\t<\/li>\n\t\t<li class=\"txt-left\">\n\t\t\t<div class=\"plan-inner\">\n\t\t\t<div class=\"plan-header\">\n\t\t\t<h4 class=\"plan-title\">Altri Servizi<\/h4>\n\t\t\t<div class=\"plan-price\"><span class=\"price-figure\">Contattateci<\/span><\/div>\n\t\t\t<\/div>\n\t\t\t<div class=\"plan-body\">Offriamo una vasta gamma di servizi che includono la costituzione di societ\u00e0, la revisione di contratti, pareri legali, revisione di casi o lettere di ricerca. Se avete domande o dubbi, vi invitiamo cordialmente a contattarci e il nostro team esperto sar\u00e0 felice di assistervi.<\/div>\n\t\t\t<\/div>\n\t\t\t<\/div>\n\t\t<\/li>\n\t<\/ul>\n\t<\/div>\n\t<\/div>\n<\/section>\n\n<section class=\"white-section\">\n\t<div class=\"section-inner\">\n\t\t<div class=\"btn-area\">\n\t\t\t<div class=\"btn icon-contact\"><a href=\"\/it\/contact\">Contattateci<\/a><\/div>\n\t\t<\/div>\n\t<\/div>\n<\/section>\n","protected":false},"excerpt":{"rendered":"<p>Supporto Legale per YouTuber La gestione degli influencer online richiede un know-how che si differenzia da quello della produzione di intrattenimento tradizionale e della gestione dei media. Comprend [&hellip;]<\/p>\n","protected":false},"author":1,"featured_media":57171,"parent":0,"menu_order":0,"comment_status":"closed","ping_status":"closed","template":"non-other-page-temp.php","meta":{"footnotes":""},"acf":[],"_links":{"self":[{"href":"https:\/\/monolith.law\/it\/wp-json\/wp\/v2\/pages\/55833"}],"collection":[{"href":"https:\/\/monolith.law\/it\/wp-json\/wp\/v2\/pages"}],"about":[{"href":"https:\/\/monolith.law\/it\/wp-json\/wp\/v2\/types\/page"}],"author":[{"embeddable":true,"href":"https:\/\/monolith.law\/it\/wp-json\/wp\/v2\/users\/1"}],"replies":[{"embeddable":true,"href":"https:\/\/monolith.law\/it\/wp-json\/wp\/v2\/comments?post=55833"}],"version-history":[{"count":25,"href":"https:\/\/monolith.law\/it\/wp-json\/wp\/v2\/pages\/55833\/revisions"}],"predecessor-version":[{"id":75815,"href":"https:\/\/monolith.law\/it\/wp-json\/wp\/v2\/pages\/55833\/revisions\/75815"}],"wp:featuredmedia":[{"embeddable":true,"href":"https:\/\/monolith.law\/it\/wp-json\/wp\/v2\/media\/57171"}],"wp:attachment":[{"href":"https:\/\/monolith.law\/it\/wp-json\/wp\/v2\/media?parent=55833"}],"curies":[{"name":"wp","href":"https:\/\/api.w.org\/{rel}","templated":true}]}}