{"id":55885,"date":"2023-06-13T17:46:22","date_gmt":"2023-06-13T08:46:22","guid":{"rendered":"https:\/\/monolith.law\/en\/?page_id=55885"},"modified":"2024-01-15T14:51:05","modified_gmt":"2024-01-15T05:51:05","slug":"personal-information-protection","status":"publish","type":"page","link":"https:\/\/monolith.law\/it\/personal-information-protection","title":{"rendered":"Protezione delle Informazioni Personali"},"content":{"rendered":"\n<section class=\"heading-area\">\n\t<div class=\"heading-area-inner\">\n\t\t<h2 class=\"icon-personal-information-protection\">Protezione delle Informazioni Personali<\/h2>\n\t\t<p>Le situazioni aziendali che coinvolgono IT e Internet comportano spesso la gestione di vari tipi di informazioni personali, inclusi database di informazioni personali, cookie e altro. \u00c8 necessario prestare particolare attenzione alle modifiche che possono derivare da revisioni legislative. MONOLITH LAW OFFICE fornisce servizi legali altamente specializzati relativi alla legge sulla privacy del Giappone.<\/p>\n\t<\/div>\n<\/section>\n<section class=\"white-section\">\n\t<div class=\"section-inner pdt0  border-bottom-section\">\n\t\t<p>La Legge Giapponese sulla Protezione delle Informazioni Personali (APPI) \u00e8 una delle leggi pi\u00f9 importanti. Regola la gestione delle informazioni personali nelle attivit\u00e0 commerciali. Questa legge giapponese sulla privacy si concentra su come i dati personali dovrebbero essere trattati. L&#8217;articolo stabilisce gli obblighi che i fornitori di dati personali devono soddisfare per proteggere i diritti e gli interessi degli individui. Le aziende si trovano di fronte alla sfida di conformarsi all&#8217;APPI revisionata, che \u00e8 entrata in vigore nell&#8217;aprile 2022.<br>Essendo esperti nel supporto alle imprese di IT e Internet, MONOLITH LAW OFFICE ha gestito questioni legali relative alla Legge Giapponese sulla Protezione delle Informazioni Personali per numerose aziende, dalle societ\u00e0 quotate nel Prime Market della Borsa di Tokyo (TSE) alle startup in fase iniziale.<\/p>\n\t<\/div>\n<\/section>\n<section class=\"second-nav\">\n\t<div class=\"second-nav-inner\">\n\t\t<p>ARGOMENTI<\/p>\n\t\t<nav>\n\t\t\t<ul>\n\t\t\t\t<li><a href=\"#example-of-support-provided-by-our-firm\">Esempi di supporto fornito dal nostro studio<\/a><\/li>\n\t\t\t\t<li><a href=\"#compliance-with-the-japan-privacy-law\">Conformit\u00e0 alla legge sulla privacy del Giappone<\/a><\/li>\n\t\t\t\t<li><a href=\"#basic-obligations-of-business-operator\">Obblighi fondamentali dell&#8217;operatore commerciale<\/a><\/li>\n\t\t\t\t<li><a href=\"#creating-and-revising-a-privacy-policy\">Creazione e revisione di una politica sulla privacy<\/a><\/li>\n\t\t\t\t<li><a href=\"#responding-to-a-personal-information-breach\">Risposta a una violazione delle informazioni personali<\/a><\/li>\n\t\t\t\t<li><a href=\"#response-to-the-appi-in-2022\">Risposta all&#8217;APPI nel 2022<\/a><\/li>\n\t\t\t\t<li><a href=\"#drafts-can-be-prepared-with-minimal-hearings\">I bozze possono essere preparate con udienze minime<\/a><\/li>\n\t\t\t\t<li><a href=\"#terms-of-use-for-apps\">Termini di utilizzo per le app<\/a><\/li>\n\t\t\t\t<li><a href=\"#examples-of-our-client's-products\">Esempi dei prodotti dei nostri clienti<\/a><\/li>\n\t\t\t\t<li><a href=\"#monolith-law-magazine\">MONOLITH LAW MAGAZINE<\/a><\/li>\n\t\t\t\t<li><a href=\"#fee-structure\">Struttura dei compensi<\/a><\/li>\n\t\t\t<\/ul>\n\t\t<\/nav>\n\t<\/div>\n<\/section>\n<section class=\"white-section\">\n\t<div class=\"anchor\" id=\"example-of-support-provided-by-our-firm\"><\/div>\n\t<div class=\"section-inner\">\n\t\t<h3>Esempio di supporto fornito dal nostro studio<\/h3>\n\t\t<ul class=\"layout-column4\">\n\t\t\t<li>\n\t\t\t\t<div><img decoding=\"async\" src=\"\/wp-content\/uploads\/2022\/09\/privacypolicy.png\"><\/div>\n\t\t\t\t<h4>Politica sulla Privacy<\/h4>\n\t\t\t\t<p>Abbiamo gestito la redazione di politiche sulla privacy per siti web, servizi, app, ecc., cos\u00ec come numerose revisioni in risposta a modifiche legislative e ad altri cambiamenti.<\/p>\n\t\t\t<\/li>\n\t\t\t<li>\n\t\t\t\t<div><img decoding=\"async\" src=\"\/wp-content\/uploads\/2022\/09\/manual.png\"><\/div>\n\t\t\t\t<h4>Manuali Aziendali per Uso Interno<\/h4>\n\t\t\t\t<p>Aiutiamo anche a stabilire un Responsabile della Privacy (CPO) e a mantenere manuali e politiche interne.<\/p>\n\t\t\t<\/li>\n\t\t\t<li>\n\t\t\t\t<div><img decoding=\"async\" src=\"\/wp-content\/uploads\/2022\/09\/GDPR.png\"><\/div>\n\t\t\t\t<h4>GDPR e Altre Conformit\u00e0<\/h4>\n\t\t\t\t<p>Gestiamo anche questioni legali relative alla protezione dei dati personali, come il Regolamento Generale sulla Protezione dei Dati (GDPR) dell&#8217;UE in opportunit\u00e0 di business IT transfrontaliere.<\/p>\n\t\t\t<li>\n\t\t\t\t<div><img decoding=\"async\" src=\"\/wp-content\/uploads\/2022\/09\/dataleak.png\"><\/div>\n\t\t\t\t<h4>Violazione dei Dati Personali<\/h4>\n\t\t\t\t<p>Possiamo assistere con la segnalazione alla Commissione per la Protezione dei Dati Personali e la notifica agli individui in caso di violazione dei dati personali.<\/p>\n\t\t\t<\/li>\n\t\t<\/ul>\n\t<\/div>\n<\/section>\n<section class=\"white-section\">\n\t<div class=\"anchor\" id=\"compliance-with-the-japan-privacy-law\"><\/div>\n\t<div class=\"section-inner-black\">\n\t\t<h3>Conformit\u00e0 con la legge sulla privacy giapponese<\/h3>\n\t\t<p class=\"mgb-small\">La Legge Giapponese sulla Protezione delle Informazioni Personali (APPI) impone regolamenti agli operatori commerciali che gestiscono informazioni personali in relazione alla fornitura o al trasferimento di tali informazioni personali a terzi. Questa legge impone requisiti rigorosi sugli scopi per i quali le informazioni personali possono essere utilizzate, su come possono essere ottenute e sulle misure di controllo della sicurezza che devono essere adottate.<\/p>\n\t\t<p class=\"mgb-middle\">Inoltre, la legge viene frequentemente modificata per fornire nuove definizioni e regolamenti, come i database di informazioni personali, le informazioni elaborate in modo anonimo e le informazioni pseudonimizzate.<\/p>\n<\/section>\n<section class=\"white-section\">\n\t<div class=\"anchor\" id=\"basic-obligations-of-business-operator\"><\/div>\n\t<div class=\"section-inner\">\n\t\t<h3>Obblighi Fondamentali dell&#8217;Operatore che Gestisce Dati Personali<\/h3>\n\t\t<p class=\"mgb-middle\">La legge sulla privacy giapponese stabilisce i seguenti obblighi per l'&#8221;Operatore che Gestisce Informazioni Personali&#8221; che si occupa in particolare di dati personali. \u00c8 necessario rispondere a questi obblighi e stabilire un sistema di conformit\u00e0.<\/p>\n\t\t<table class=\"type03\">\n\t\t<tbody>\n\t\t<tr>\n\t\t<td>Regole Riguardanti lo Scopo di Utilizzo dei Dati Personali<\/td>\n\t\t<td>Specificare lo scopo di utilizzo il pi\u00f9 esplicitamente possibile (Articolo 15, Paragrafo 1)<br>Notifica o divulgazione dello scopo di utilizzo (Articolo 18, Paragrafo 1)<br>Utilizzo entro lo scopo di utilizzo specificato (Articolo 16, Paragrafo 1)<br>Non \u00e8 in linea di principio permesso modificare lo scopo di utilizzo (Articolo 15, Paragrafo 2)<\/td>\n\t\t<\/tr>\n\t\t<tr>\n\t\t<td>Acquisizione con Mezzi Appropriati<\/td>\n\t\t<td>Divieto di acquisizione tramite inganno o altri mezzi illeciti (Articolo 17, Paragrafo 1)<\/td>\n\t\t<\/tr>\n\t\t<tr>\n\t\t<td>Azioni di Controllo di Sicurezza Appropriate<\/td>\n\t\t<td>Prevenzione di violazioni, perdite o danni dei dati, ecc. (Articolo 20)<br>Sorveglianza dei dipendenti e dei collaboratori (Articolo 20, 21)<\/td>\n\t\t<\/tr>\n\t\t<tr>\n\t\t<td>Fornitura a Terzi e Trasferimento Transfrontaliero<\/td>\n\t\t<td>Necessaria quando si forniscono informazioni a terzi<br>Ottenimento del consenso preventivo del titolare dei dati (Articolo 23, Paragrafo 1)<br>Metodo cosiddetto di opt-out (Articolo 23, Paragrafo 2)<\/td>\n\t\t<\/tr>\n\t\t<\/tbody>\n\t\t<\/table>\n\t<\/div>\n<\/section>\n<section class=\"purple-section\">\n\t<div class=\"anchor\" id=\"creating-and-revising-a-privacy-policy\"><\/div>\n\t<div class=\"section-inner\">\n\t\t<div class=\"flex\">\n\t\t\t<div class=\"width41\"><img decoding=\"async\" src=\"\/wp-content\/uploads\/2022\/09\/privacypolicy2.png\" alt=\"Creazione e Revisione di una Politica sulla Privacy\"><\/div>\n\t\t\t<div class=\"width51\">\n\t\t\t\t<h3>Creazione e Revisione di una Politica sulla Privacy<\/h3>\n\t\t\t\t<p class=\"mgb-small\">Quando si lancia un servizio IT, \u00e8 fondamentale sviluppare una politica sulla privacy adeguata, considerando il tipo di informazioni personali che verranno raccolte e il modo in cui saranno utilizzate. Inoltre, tali politiche devono essere riviste ogni volta che vengono aggiunte nuove funzionalit\u00e0 di business o quando le leggi subiscono modifiche.<\/p>\n\n\t\t\t\t<p>Come studio legale specializzato in diritto IT, Internet e aziendale, comprendiamo il comportamento di tali sistemi. Possiamo aiutarvi a creare o rivedere politiche sulla privacy appropriate con un costo minimo per la vostra organizzazione.<\/p>\n\t\t\t<\/div>\n\t\t<\/div>\n\t\t<h4 class=\"mgb-small\">Esempi delle nostre esperienze<\/h4>\n\t\t<p>Servizio di distribuzione di BGM ed effetti sonori, app per la riproduzione di BGM, servizio di riconoscimento vocale basato su SaaS per uso BtoB, siti EC D2C, piattaforme EC, Servizi per l&#8217;integrazione dati tra servizi SaaS, Servizi di integrazione per imprese SaaS, piattaforme per artisti, strumenti di supporto alle vendite, app per la gestione delle finanze domestiche, servizi web legati al lavoro, servizi di ricerca di lavoro, servizi basati su cloud per il rimborso spese, gestione presenze basata su cloud, rimborso spese di trasporto basato su cloud, servizi di vendita di integratori, SNS legate alla politica, app per la chiamata di taxi, servizi di analisi dati esternalizzati, servizi SNS video, SNS aziendali, sito di matching aziendale, piattaforma di prenotazione ospedaliera, scuola di programmazione, SNS basata su blockchain, rete pubblicitaria basata su blockchain, servizio di riferimento, servizio di concierge di viaggio, servizio di conferma della sicurezza, sistema di rete di informazioni mediche, scambio di valuta virtuale (fuori dal Giappone), sito di database di cliniche ortodontiche, servizio di supporto per disabili, reclutamento studenti, gestione dipendenti, servizio cloud di formazione dipendenti, sito di vendita di auto importate autorizzate, servizio di supporto allo stile di vita, servizio di supporto alle startup e servizio di controllo delle attivit\u00e0 antisociali.<\/p>\n\t<\/div>\n<\/section>\n<section class=\"white-section\">\n\t<div class=\"anchor\" id=\"responding-to-a-personal-information-breach\"><\/div>\n\t<div class=\"section-inner\">\n\t\t<div class=\"flex reverse\">\n\t\t\t<div class=\"width41\"><img decoding=\"async\" src=\"\/wp-content\/uploads\/2022\/09\/security.png\" alt=\"Responding to a Personal Information Breach\"><\/div>\n\t\t\t<div class=\"width51\">\n\t\t\t\t<h3>Risposta a una Violazione delle Informazioni Personali<\/h3>\n\t\t\t\t<p class=\"mgb-small\">La revisione del 2022 della Legge Giapponese sulla Protezione delle Informazioni Personali (APPI) ha stabilito l&#8217;obbligo per gli operatori commerciali che gestiscono informazioni personali di segnalare alla Commissione per la Protezione delle Informazioni Personali e di notificare agli individui quando si \u00e8 verificata una violazione o una potenziale violazione delle informazioni personali. I tipi di rapporti sono rapporti preliminari e rapporti dettagliati. In particolare, i rapporti preliminari devono essere effettuati entro 3-5 giorni dalla scoperta della violazione dei dati.<\/p>\n\t\t\t\t<\/div>\n\t\t\t<\/div>\n\t\t<\/div>\n\t<\/div>\n<\/section>\n<section class=\"orange2-section\">\n\t<div class=\"anchor\" id=\"response-to-the-appi-in-2022\"><\/div>\n\t<div class=\"section-inner\">\n\t\t<h3>Risposta alla Legge Giapponese sulla Protezione dei Dati Personali nel 2022<\/h3>\n\t\t<p class=\"mgb-middle\">Nell&#8217;aprile 2022, la legge sulla privacy revisionata \u00e8 entrata in vigore in Giappone. Questo ha creato la necessit\u00e0 per tutti i titolari di imprese di rivedere i loro manuali interni e i sistemi interni. In particolare, per quegli operatori economici che gestiscono dati memorizzati a breve termine che saranno cancellati entro 6 mesi o che utilizzano l&#8217;opt-out, \u00e8 necessario rivedere le loro politiche sulla privacy.<\/p>\n\t\t<table class=\"type07\">\n\t\t<thead>\n\t\t<tr>\n\t\t<th><\/th>\n\t\t<th>Modifiche<\/th>\n\t\t<th>Risposta Necessaria<\/th>\n\t\t<\/tr>\n\t\t<\/thead>\n\t\t<tbody>\n\t\t<tr>\n\t\t<td>Tutti gli operatori economici<\/td>\n\t\t<td>Requisiti semplificati per le richieste di cessazione dell&#8217;uso, cancellazione e cessazione della fornitura a terzi<\/td>\n\t\t<td>Rafforzamento della risposta all&#8217;aumento del numero di reclami<\/td>\n\t\t<\/tr>\n\t\t<tr>\n\t\t<td>Tutti gli operatori economici<\/td>\n\t\t<td>Miglioramento delle richieste di divulgazione<\/td>\n\t\t<td>Creazione di un sistema per determinare quando non \u00e8 pi\u00f9 necessario<\/td>\n\t\t<\/tr>\n\t\t<tr>\n\t\t<td>Imprese che elaborano dati a breve termine da cancellare entro 6 mesi<\/td>\n\t\t<td>Allargamento dell&#8217;ambito dei dati personali conservati soggetti a divulgazione, ecc.<\/td>\n\t\t<td>Revisione dei manuali interni e altre procedure di gestione<\/td>\n\t\t<\/tr>\n\t\t<tr>\n\t\t<td>Operatori economici che utilizzano l&#8217;opt-out<\/td>\n\t\t<td>Rafforzamento della regolamentazione dell&#8217;opt-out: aggiunta di questioni da notificare, ecc.<\/td>\n\t\t<td>Revisione della politica sulla privacy, ecc.<\/td>\n\t\t<\/tr>\n\t\t<tr>\n\t\t<td>Operatori economici che utilizzano l&#8217;opt-out<\/td>\n\t\t<td>Rafforzamento della regolamentazione dell&#8217;opt-out: divieto di doppio opt-out<\/td>\n\t\t<td>Verificare i mezzi di acquisizione\/ottenimento delle informazioni e modificare gli schemi commerciali se necessario<\/td>\n\t\t<\/tr>\n\t\t<tr>\n\t\t<td>Tutti gli operatori economici<\/td>\n\t\t<td>Obbligo di segnalare perdite, ecc. e notificare l&#8217;individuo<\/td>\n\t\t<td>Stabilire manuali interni e altre procedure per prepararsi a possibili perdite<\/td>\n\t\t<\/tr>\n\t\t<tr>\n\t\t<td>Operatori economici che utilizzano informazioni trattate in modo anonimo<\/td>\n\t\t<td>Introduzione di una nuova disposizione di informazioni trattate in modo pseudonimizzato<\/td>\n\t\t<td>Revisione della politica sulla privacy, ecc.<\/td>\n\t\t<\/tr>\n\t\t<tr>\n\t\t<td>Operatori economici che forniscono DMP e servizi correlati<\/td>\n\t\t<td>Regolamentazione delle informazioni correlate alle persone che diventano dati personali alla destinazione della fornitura<\/td>\n\t\t<td>Verificare che il consenso dell&#8217;individuo sia ottenuto dall&#8217;impresa a cui le informazioni sono fornite<\/td>\n\t\t<\/tr>\n\t\t<tr>\n\t\t<td>Operatori economici che effettuano transazioni transfrontaliere<\/td>\n\t\t<td>Regolamentazione pi\u00f9 severa dei trasferimenti transfrontalieri<\/td>\n\t\t<td>Rivedere se il servizio \u00e8 fornito o meno e cambiare i servizi se appropriato.<\/td>\n\t\t<\/tr>\n\t\t<\/tbody>\n\t\t<\/table>\n\t<\/div>\n<\/section>\n<section class=\"white-section\">\n\t<div class=\"anchor\" id=\"drafts-can-be-prepared-with-minimal-hearings\"><\/div>\n\t<div class=\"section-inner\">\n\t\t<div class=\"flex\">\n\t\t\t<div class=\"width41\"><img decoding=\"async\" src=\"\/wp-content\/themes\/monolith2021\/img\/pic\/pic_draft.jpg\" alt=\"I bozze possono essere preparate con consultazioni minime\"><\/div>\n\t\t\t<div class=\"width51\">\n\t\t\t\t<h3>Le bozze possono essere preparate con un minimo di audizioni<\/h3>\n\t\t\t\t<p class=\"mgb-small\">Il nostro avvocato fondatore \u00e8 un ex ingegnere IT.<\/p>\n\t\t\t\t<p class=\"mgb-small\">Per creare politiche sulla privacy per app e servizi web, \u00e8 necessario comprendere le loro funzioni e le transizioni di schermo (in termini di ci\u00f2 a cui l&#8217;utente dovrebbe acconsentire e con quale metodo di operazione). Possiamo leggere i vari documenti e dati che esistono gi\u00e0 nella vostra azienda, come le definizioni dei requisiti, i framework creati con Adobe XD, le pagine di destinazione (LP), i materiali di vendita per potenziali clienti.<\/p>\n\t\t\t\t<p>Quindi, possiamo creare una bozza per la vostra politica sulla privacy, ecc. con un minimo di tempo speso in interviste, riducendo efficacemente i costi di comunicazione e il tempo necessario per la creazione.<\/p>\n\t\t\t<\/div>\n\t\t<\/div>\n\t<\/div>\n<\/section>\n<section class=\"purple-section\">\n\t<div class=\"anchor\" id=\"terms-of-use-for-apps\"><\/div>\n\t<div class=\"section-inner\">\n\t\t<div class=\"flex reverse\">\n\t\t\t<div class=\"width41\"><img decoding=\"async\" src=\"\/wp-content\/themes\/monolith2021\/img\/practices-itlaw\/practices-itlaw_pic2.jpg\" alt=\"Termini di utilizzo per le app\"><\/div>\n\t\t\t<div class=\"width51\">\n\t\t\t\t<h3>Termini di Utilizzo per le App<\/h3>\n\t\t\t\t<p>Presso MONOLITH LAW OFFICE, creiamo e rivediamo i termini di utilizzo per varie app, servizi, giochi, ecc., e creiamo politiche sulla privacy. \u00c8 anche possibile creare una politica sulla privacy basata su documenti e dati esistenti utilizzati per lo sviluppo di app, come definizioni di requisiti, framework, LP e materiali di vendita per potenziali clienti.<\/p>\n\t\t\t<\/div>\n\t\t<\/div>\n\t<\/div>\n<\/section>\n<section class=\"white-section\">\n\t<div class=\"anchor\" id=\"examples-of-our-client's-products\"><\/div>\n\t<div class=\"section-inner\">\n\t\t<h3>Esempi dei prodotti dei nostri clienti<\/h3>\n\t\t<ul class=\"layout-column4 mgb-middle\">\n\t\t\t<li>\n\t\t\t\t<div><img decoding=\"async\" src=\"\/wp-content\/uploads\/2022\/09\/logo_oVice.png\"><\/div>\n\t\t\t\t<h4><a href=\"https:\/\/ovice.in\/ja\/\" target=\"_blank\" rel=\"noopener noreferrer\">oVice<\/a><\/h4>\n\t\t\t\t<p>Siamo stati revisori per oVice Corporation, che realizza spazi di coworking ed eventi in ambienti virtuali dove le persone possono sentirsi vicine, come se stessero conversando l&#8217;una accanto all&#8217;altra.<\/p>\n\t\t\t<\/li>\t\t\t<li>\n\t\t\t\t<div><img decoding=\"async\" src=\"\/wp-content\/themes\/monolith2021\/img\/clients\/logo_tokium.png\"><\/div>\n\t\t\t\t<h4><a href=\"https:\/\/www.keihi.com\/lp\/\" target=\"_blank\" rel=\"noopener noreferrer\">TOKIUM Expense Reimbursement<\/a><\/h4>\n\t\t\t\t<p>Abbiamo collaborato con TOKIUM Inc., l&#8217;azienda dietro l&#8217;app di finanza aziendale \u201cTOKIUM Expense Reimbursement\u201d come loro Chief Legal Officer. Abbiamo fornito supporto legale per i loro progetti, inclusa la pubblicazione del loro sistema di rimborso spese \u201cTOKIUM Invoice\u201d.<\/p>\n\t\t\t<\/li>\n\t\t\t<li>\n\t\t\t\t<div><img decoding=\"async\" src=\"\/wp-content\/themes\/monolith2021\/img\/clients\/logo_seculio.png\"><\/div>\n\t\t\t\t<h4><a href=\"https:\/\/www.lrm.jp\/seculio\/feature\/\" target=\"_blank\" rel=\"noopener noreferrer\">Securio<\/a><\/h4>\n\t\t\t\t<p>Siamo stati revisori per LRM Corporation, che ha lanciato Securio, un sistema che migliora la percezione della sicurezza delle informazioni in tutta l&#8217;azienda.<\/p>\n\t\t\t<\/li>\n\t\t\t<li>\n\t\t\t\t<div><img decoding=\"async\" src=\"\/wp-content\/themes\/monolith2021\/img\/clients\/logo_tribeau.png\"><\/div>\n\t\t\t\t<h4><a href=\"https:\/\/corp.tribeau.jp\/\" target=\"_blank\" rel=\"noopener noreferrer\">TRIBEAU<\/a><\/h4>\n\t\t\t\t<p>Siamo responsabili di un progetto per TRIBEAU Corporation, che ha rilasciato &#8220;TRIBEAU&#8221;, un&#8217;applicazione per recensioni e prenotazioni nel settore della bellezza, disponibile anche come servizio web.<\/p>\n\t\t\t<\/li>\n\t\t<\/ul>\n\t\t<p class=\"txt-s\">Oltre a questi clienti, ci occupiamo di molti altri prodotti. Qui sono elencate solo le aziende che ci hanno dato il permesso di divulgare il loro status di cliente o che ci hanno registrato come loro dirigenti. Di norma, le informazioni sui clienti sono mantenute confidenziali in base all&#8217;accordo di riservatezza.<\/p>\n\t<\/div>\n<\/section>\n\n<section class=\"purple2-section\">\n\t<div class=\"anchor\" id=\"monolith-law-magazine\"><\/div>\n\t<div class=\"section-inner\">\n\t\t    <section class=\"white-section temp-article\">\n        <div class=\"section-inner\">\n            <h4>MONOLITH LAW MAGAZINE<\/h4>\n            <div class=\"articles type_practice_column\">\n                                                                    <div class=\"article article-area\">\n                        <figure>\n                            <div class=\"img-wrap\">\n                                <img alt=\"\u3010Ultima Edizione\u3011Cos'\u00e8 la legge sulla protezione dei dati personali? Spiegazione chiara delle conoscenze di base che tutti dovrebbero avere\" src=\"https:\/\/monolith.law\/it\/wp-content\/uploads\/sites\/15\/2025\/08\/7754792bacecaafed2fca2c081c09987-1024x683-1.webp\" width=\"500\" height=\"250\">\n                            <\/div>\n                            <figcaption>\n                                <div class=\"figcaption-inner\">\n                                    <h3>\u3010Ultima Edizione\u3011Cos'\u00e8 la legge sulla protezione dei dati personali? Spiegazione.<\/h3>\n                                <\/div>\n                            <\/figcaption>\n                            <a href=\"https:\/\/monolith.law\/it\/general-corporate\/personal-information-protection-act\"><\/a>\n                        <\/figure>\n                    <\/div>\n                                                    <div class=\"article article-area\">\n                        <figure>\n                            <div class=\"img-wrap\">\n                                <img alt=\"Diventa un reato divulgare l'indirizzo di qualcuno? Spiegazione dei metodi per identificare gli autori dei post\" src=\"https:\/\/monolith.law\/it\/wp-content\/uploads\/sites\/15\/2024\/11\/29746988_m-1-1024x682-1.webp\" width=\"500\" height=\"250\">\n                            <\/div>\n                            <figcaption>\n                                <div class=\"figcaption-inner\">\n                                    <h3>Diventa un reato divulgare l'indirizzo di qualcuno? Spiegazione dei metodi per i.<\/h3>\n                                <\/div>\n                            <\/figcaption>\n                            <a href=\"https:\/\/monolith.law\/it\/general-corporate\/address-sin\"><\/a>\n                        <\/figure>\n                    <\/div>\n                                                    <div class=\"article article-area\">\n                        <figure>\n                            <div class=\"img-wrap\">\n                                <img alt=\"La continua fuga di informazioni personali, nell'anno fiscale Reiwa 5 (2023) \u00e8 aumentata del 50% rispetto all'anno precedente. Spiegazione delle ultime tendenze\" src=\"https:\/\/monolith.law\/it\/wp-content\/uploads\/sites\/15\/2024\/07\/Shutterstock_2397440129.webp\" width=\"500\" height=\"250\">\n                            <\/div>\n                            <figcaption>\n                                <div class=\"figcaption-inner\">\n                                    <h3>La continua fuga di informazioni personali, nell'anno fiscale Reiwa 5 (2023) \u00e8 a.<\/h3>\n                                <\/div>\n                            <\/figcaption>\n                            <a href=\"https:\/\/monolith.law\/it\/general-corporate\/ppc-annual-report-2023\"><\/a>\n                        <\/figure>\n                    <\/div>\n                                            <\/div>\n            <div class=\"btn-more\"><a href=\"https:\/\/monolith.law\/it\/tag\/personal-information-protection\">Leggi tutto<\/a><\/div>\n        <\/div>\n    <\/section>\n\t<\/div>\n<\/section>\n<section class=\"orange2-section\">\n\t<div id=\"fee-structure\"><\/div>\n\t<div class=\"section-inner\">\n\t<div class=\"planWrap\">\n\t<h3>Struttura dei Costi<\/h3>\n\t<ul class=\"plan\">\n\t\t<li class=\"txt-left\">\n\t\t\t<div class=\"plan-inner\">\n\t\t\t<div class=\"plan-header\">\n\t\t\t<h4 class=\"plan-title\">Tariffa Oraria<\/h4>\n\t\t\t<div class=\"plan-price\"><span class=\"price-figure\">$300<\/span> per ora<span class=\"price-value\"><\/span><\/div>\n\t\t\t<\/div>\n\t\t\t<div class=\"plan-body\">In certi casi, potremmo considerare l&#8217;accettazione di una disputa o causa legale con un onorario iniziale e un onorario di risultato. Per maggiori dettagli, non esitate a contattarci.<\/div>\n\t\t\t<\/div>\n\t\t<\/li>\n\t\t<li class=\"txt-left\">\n\t\t\t<div class=\"plan-inner\">\n\t\t\t<div class=\"plan-header\">\n\t\t\t<h4 class=\"plan-title\">Redazione di Contratti<\/h4>\n\t\t\t<div class=\"plan-price\"><span class=\"price-value\">da<\/span><span class=\"price-figure\">$500<\/span><span class=\"price-value\">a $2,000 o pi\u00f9<\/span><\/div>\n\t\t\t<\/div>\n\t\t\t<div class=\"plan-body\">La struttura dei prezzi pu\u00f2 variare in base al tipo e alla quantit\u00e0 dei contratti. Siamo lieti di offrire un preventivo preliminare su richiesta, quindi vi incoraggiamo a contattarci per ulteriori dettagli.<\/div>\n\t\t\t<\/div>\n\t\t<\/li>\n\t\t<li class=\"txt-left\">\n\t\t\t<div class=\"plan-inner\">\n\t\t\t<div class=\"plan-header\">\n\t\t\t<h4 class=\"plan-title\">Altri Servizi<\/h4>\n\t\t\t<div class=\"plan-price\"><span class=\"price-figure\">Contattateci<\/span><\/div>\n\t\t\t<\/div>\n\t\t\t<div class=\"plan-body\">Offriamo una vasta gamma di servizi che includono la costituzione di societ\u00e0, la revisione di contratti, pareri legali, revisione di casi o lettere di ricerca. Se avete domande o dubbi, vi invitiamo cordialmente a contattarci e il nostro team esperto sar\u00e0 felice di assistervi.<\/div>\n\t\t\t<\/div>\n\t\t<\/li>\n\t<\/ul>\n\t<\/div>\n\t<\/div>\n<\/section>\n\n<section class=\"white-section\">\n\t<div class=\"section-inner\">\n\t<div class=\"btn-area\">\n\t<div class=\"btn icon-contact\"><a href=\"\/it\/contact\">Contattateci<\/a><\/div>\n\t<\/div>\n\t<\/div>\n<\/section>\n","protected":false},"excerpt":{"rendered":"<p>Protezione delle Informazioni Personali Le situazioni aziendali che coinvolgono IT e Internet comportano spesso la gestione di vari tipi di informazioni personali, inclusi database di informazioni per [&hellip;]<\/p>\n","protected":false},"author":1,"featured_media":57143,"parent":0,"menu_order":0,"comment_status":"closed","ping_status":"closed","template":"non-other-page-temp.php","meta":{"footnotes":""},"acf":[],"_links":{"self":[{"href":"https:\/\/monolith.law\/it\/wp-json\/wp\/v2\/pages\/55885"}],"collection":[{"href":"https:\/\/monolith.law\/it\/wp-json\/wp\/v2\/pages"}],"about":[{"href":"https:\/\/monolith.law\/it\/wp-json\/wp\/v2\/types\/page"}],"author":[{"embeddable":true,"href":"https:\/\/monolith.law\/it\/wp-json\/wp\/v2\/users\/1"}],"replies":[{"embeddable":true,"href":"https:\/\/monolith.law\/it\/wp-json\/wp\/v2\/comments?post=55885"}],"version-history":[{"count":33,"href":"https:\/\/monolith.law\/it\/wp-json\/wp\/v2\/pages\/55885\/revisions"}],"predecessor-version":[{"id":61661,"href":"https:\/\/monolith.law\/it\/wp-json\/wp\/v2\/pages\/55885\/revisions\/61661"}],"wp:featuredmedia":[{"embeddable":true,"href":"https:\/\/monolith.law\/it\/wp-json\/wp\/v2\/media\/57143"}],"wp:attachment":[{"href":"https:\/\/monolith.law\/it\/wp-json\/wp\/v2\/media?parent=55885"}],"curies":[{"name":"wp","href":"https:\/\/api.w.org\/{rel}","templated":true}]}}