{"id":56080,"date":"2023-06-16T00:51:59","date_gmt":"2023-06-15T15:51:59","guid":{"rendered":"https:\/\/monolith.law\/en\/?page_id=56080"},"modified":"2024-08-05T19:02:02","modified_gmt":"2024-08-05T10:02:02","slug":"internet","status":"publish","type":"page","link":"https:\/\/monolith.law\/it\/internet","title":{"rendered":"Internet"},"content":{"rendered":"\n<section class=\"heading-area\">\n\t<div class=\"heading-area-inner\">\n\t\t<h2 class=\"icon-internet\">Internet<\/h2>\n\t\t<p>Come studio legale con una forte competenza in IT, abbiamo un comprovato track record nel fornire supporto legale completo agli imprenditori nel settore di internet, inclusi i YouTuber. Siamo inoltre specializzati nella gestione di controversie legate alle piattaforme online e abbiamo assistito con successo i clienti nella rimozione di pagine web negative e nella risoluzione di conflitti online.<\/p>\n\t<\/div>\n<\/section>\n\n<section class=\"white-section\">\n\t<div class=\"section-inner pdt0  border-bottom-section\">\n\t\t<p class=\"mgb-small\">Il MONOLITH LAW OFFICE, con la sua vasta esperienza in questioni legali legate all&#8217;IT, \u00e8 particolarmente esperto nel supportare le imprese basate su internet, inclusi i YouTuber e le aziende impegnate in attivit\u00e0 correlate a YouTube.<\/p>\n\t\t<p>Comprendiamo i rischi intrinseci associati a internet, come le pagine web negative e i post nei forum online. Il nostro studio ha gestito con successo numerosi casi che coinvolgono la gestione della reputazione online per una vasta gamma di clienti, da individui a grandi corporazioni. Le pagine web negative rappresentano una sfida legale unica in Giappone, e i nostri avvocati qualificati sono attrezzati per fornire soluzioni efficaci. Siamo desiderosi di consultarsi con voi, sfruttando la nostra competenza ed esperienza nella risoluzione di problemi legati a pagine web negative.<\/p>\n\t<\/div>\n<\/section>\n\n<section class=\"second-nav\">\n\t<div class=\"second-nav-inner\">\n\t\t<p>ARGOMENTI<\/p>\n\t\t<nav>\n\t\t\t<ul>\n\t\t\t\t<li><a href=\"#legal-support-for-youtuber\">Supporto Legale per YouTuber<\/a><\/li>\n\t\t\t\t<li><a href=\"#legal-support-for-vtuber\">Supporto Legale per VTuber<\/a><\/li>\n\t\t\t\t<li><a href=\"#manda-of-sns-accounts\">M&amp;A di account SNS<\/a><\/li>\n\t\t\t\t<li><a href=\"#mitigating-reputational-damage\">Mitigazione del Danno alla Reputazione<\/a><\/li>\n\t\t\t\t<li><a href=\"#id-of-the-defamatory-statement\">Identificazione della Dichiarazione Diffamatoria<\/a><\/li>\n\t\t\t\t<li><a href=\"#corporate-reputation-management\">Gestione della Reputazione Aziendale<\/a><\/li>\n\t\t\t\t<li><a href=\"#removal-of-past-unwanted-info\">Rimozione di Informazioni Passate Indesiderate<\/a><\/li>\n\t\t\t\t<li><a href=\"#monolith-law-magazine\">MONOLITH LAW MAGAZINE<\/a><\/li>\n\t\t\t\t<li><a href=\"#fee-structure\">Struttura delle Tariffe<\/a><\/li>\n\t\t\t<\/ul>\n\t\t<\/nav>\n\t<\/div>\n<\/section>\n\n<section class=\"purple-section mgt-section\">\n\t<div class=\"anchor\" id=\"legal-support-for-youtuber\"><\/div>\n\t<div class=\"section-inner\">\n\t\t<div class=\"flex\">\n\t\t\t<div class=\"width41\"><img decoding=\"async\" src=\"\/wp-content\/themes\/monolith2021\/img\/pic\/pic_practices-youtuberlaw.jpg\" alt=\"Supporto Legale per YouTuber\"><\/div>\n\t\t\t<div class=\"width51\">\n\t\t\t\t<h3>Supporto Legale per YouTuber<\/h3>\n\t\t\t\t<p class=\"mgb-small\">I canali YouTube gestiti da agenzie di YouTuber, aziende che operano YouTuber Virtuali (VTubers), e societ\u00e0 commerciali, hanno tutti bisogno di consulenti legali con competenze specialistiche ed esperienza in Giappone.<\/p>\n\t\t\t\t<p class=\"mgb-middle\">I nostri clienti includono importanti aziende giapponesi di gestione YouTuber, YouTubers individuali di spicco, e varie aziende di gestione di business VTubers in tutto il Giappone. Forniamo anche un supporto altamente specializzato nella stesura e revisione di contratti relativi a YouTubers e VTubers, e nella risoluzione di questioni legali legate alla creazione di video in Giappone.<\/p>\n\t\t\t\t<div class=\"btn-area align-left\">\n\t\t\t\t\t<div class=\"btn icon-legal-support-for-youtuber\"><a href=\"\/it\/legal-support-for-youtuber\/\">Supporto Legale<br>per YouTuber<\/a><\/div>\n\t\t\t\t<\/div>\n\t\t\t<\/div>\n\t\t<\/div>\n\t<\/div>\n<\/section>\n\n<section class=\"white-section\">\n\t<div class=\"anchor\" id=\"legal-support-for-vtuber\"><\/div>\n\t<div class=\"section-inner\">\n\t\t<div class=\"flex reverse\">\n\t\t\t<div class=\"width41\"><img decoding=\"async\" src=\"\/wp-content\/themes\/monolith2021\/img\/vtuberlaw\/pic_practices-vtuberlaw.jpg\" alt=\"Supporto Legale per VTuber\"><\/div>\n\t\t\t<div class=\"width51\">\n\t\t\t\t<h3>Supporto Legale per VTuber<\/h3>\n\t\t\t\t<p class=\"mgb-small\">La popolarit\u00e0 dei VTuber, YouTuber che utilizzano avatar 2D o 3D per creare video e trasmissioni in diretta, si \u00e8 ben consolidata. Il fenomeno \u00e8 iniziato in Giappone e si \u00e8 ora diffuso in paesi di tutto il mondo.<\/p>\n\t\t\t\t<p class=\"mgb-middle\">Dal 2017, ci occupiamo di questioni legali relative ai VTuber in Giappone, accumulando una vasta esperienza e un solido track record. Siamo pienamente impegnati a fornire un supporto completo ai VTuber e alle loro aziende e agenzie affiliate in tutto il mondo.<\/p>\n\t\t\t\t<div class=\"btn-area align-left\">\n\t\t\t\t\t<div class=\"btn icon-legal-support-for-vtuber\"><a href=\"\/it\/legal-support-for-vtuber\/\">Supporto Legale<br>per VTuber<\/a><\/div>\n\t\t\t\t<\/div>\n\t\t\t<\/div>\n\t\t<\/div>\n\t<\/div>\n<\/section>\n\n<section class=\"white-section\">\n\t<div class=\"anchor\" id=\"manda-of-sns-accounts\"><\/div>\n\t<div class=\"section-inner\">\n\t\t<div class=\"flex\">\n\t\t\t<div class=\"width41\"><img decoding=\"async\" src=\"\/wp-content\/themes\/monolith2021\/img\/pic\/pic_sns_manda.jpg\" alt=\"M&amp;A di account SNS\"><\/div>\n\t\t\t<div class=\"width51\">\n\t\t\t\t<h3>Fusioni e Acquisizioni di account SNS<\/h3>\n\t\t\t\t<p class=\"mgb-small\">Similmente ai siti web, anche i canali YouTube e gli account Twitter sono soggetti a fusioni e acquisizioni. Tuttavia, poich\u00e9 queste operazioni sono casi speciali, \u00e8 necessario un studio legale con conoscenze e competenze specializzate. MONOLITH LAW OFFICE \u00e8 uno studio legale specializzato in IT, internet e business. I nostri avvocati gestiscono tutto, dalla stesura dei contratti alla due diligence (DD) per molte fusioni e acquisizioni, da piccoli progetti che coinvolgono canali YouTube a progetti che superano i 100 milioni di yen.<\/p>\n\t\t\t\t<div class=\"btn-area align-left\">\n\t\t\t\t\t<div class=\"btn icon-m-and-a-of-sns-accounts\"><a href=\"\/it\/m-and-a-of-sns-accounts\/\">Fusioni e Acquisizioni<br>di account SNS<\/a><\/div>\n\t\t\t\t<\/div>\n\n\t\t\t<\/div>\n\t\t<\/div>\n\t<\/div>\n<\/section>\n\n<section class=\"purple-section\">\n\t<div class=\"anchor\" id=\"mitigating-reputational-damage\"><\/div>\n\t<div class=\"section-inner\">\n\t\t<div class=\"flex reverse\">\n\t\t\t<div class=\"width41\"><img decoding=\"async\" src=\"\/wp-content\/themes\/monolith2021\/img\/pic\/pic_practices-reputation.jpg\" alt=\"Mitigazione dei danni alla reputazione\"><\/div>\n\t\t\t<div class=\"width51\">\n\t\t\t\t<h3>Ridurre i Danni alla Reputazione<\/h3>\n\t\t\t\t<p class=\"mgb-small\">Le pagine web negative che attaccano aziende o individui possono avere effetti dannosi sulla loro reputazione. Tuttavia, la legge giapponese prevede disposizioni per la rimozione di tali pagine web se costituiscono diffamazione o violazione della privacy. Presso MONOLITH LAW OFFICE, siamo specializzati in questioni legali relative a Internet e abbiamo gestito con successo numerosi casi che coinvolgono la rimozione di informazioni dannose da Internet.<\/p>\n\t\t\t\t<p class=\"mgb-middle\">Con la nostra solida esperienza su Internet e una profonda comprensione dei principi legali giapponesi, il nostro team dedicato ha assistito una vasta gamma di clienti, dalle grandi aziende agli individui, nel combattere efficacemente le pagine web negative. Attraverso interventi legali strategici, lavoriamo con diligenza per proteggere la reputazione dei nostri clienti e mitigare i danni causati da contenuti diffamatori o che violano la privacy.<\/p>\n\t\t\t\t<div class=\"btn-area align-left\">\n\t\t\t\t\t<div class=\"btn icon-mitigating-reputational-damage\"><a href=\"\/it\/mitigating-reputational-damage\/\">Riduzione dei<br>Danni alla Reputazione<\/a><\/div>\n\t\t\t\t<\/div>\n\t\t\t<\/div>\n\t\t<\/div>\n\t<\/div>\n<\/section>\n\n<section class=\"white-section\">\n\t<div class=\"anchor\" id=\"id-of-the-defamatory-statement\"><\/div>\n\t<div class=\"section-inner\">\n\t\t<div class=\"flex\">\n\t\t\t<div class=\"width41\"><img decoding=\"async\" src=\"\/wp-content\/themes\/monolith2021\/img\/pic\/pic_reputation.jpg\" alt=\"Fonte dell'Identificazione della Dichiarazione Diffamatoria\"><\/div>\n\t\t\t<div class=\"width51\">\n\t\t\t\t<h3>Identificazione della Dichiarazione Diffamatoria<\/h3>\n\t\t\t\t<p class=\"mgb-small\">Secondo la legge giapponese, l&#8217;identificazione degli individui responsabili di post illegali, come quelli che costituiscono diffamazione, pu\u00f2 essere perseguita attraverso le disposizioni della Legge di Limitazione della Responsabilit\u00e0 del Fornitore (Japanese Provider Liability Limitation Act). Questa procedura legale si svolge in un tribunale giapponese.<\/p>\n\t\t\t\t<p class=\"mgb-middle\">Nei casi che coinvolgono post altamente malevoli che non possono essere trascurati, come false accuse che collegano un proprietario di un&#8217;impresa a forze antisociali, \u00e8 fondamentale identificare i responsabili e cercare sanzioni legali appropriate. Inoltre, quando si verificano post illegali in modo persistente, si dovrebbero fare sforzi per identificare e prevenire la ricorrenza.<\/p>\n\t\t\t\t<div class=\"btn-area align-left\">\n\t\t\t\t\t<div class=\"btn icon-id-of-the-defamatory-statement\"><a href=\"\/it\/id-of-the-defamatory-statement\/\">ID della Dichiarazione Diffamatoria<\/a><\/div>\n\t\t\t\t<\/div>\n\t\t\t<\/div>\n\t\t<\/div>\n\t<\/div>\n<\/section>\n\n<section class=\"orange-section\">\n\t<div class=\"anchor\" id=\"corporate-reputation-management\"><\/div>\n\t<div class=\"section-inner\">\n\t\t<div class=\"flex reverse\">\n\t\t\t<div class=\"width41\"><img decoding=\"async\" src=\"\/en\/wp-content\/uploads\/sites\/6\/2023\/06\/pic_practices-listedcompany.jpg\" alt=\"Gestione della Reputazione Aziendale\"><\/div>\n\t\t\t<div class=\"width51\">\n\t\t\t\t<h3>Gestione della Reputazione Aziendale<\/h3>\n\t\t\t\t<p class=\"mgb-small\">Quando un&#8217;azienda di grandi dimensioni subisce danni alla reputazione a causa di numerose pagine web negative su Internet, affrontare il problema diventa complesso. Stabilire quali pagine rimuovere per priorit\u00e0 e valutare l&#8217;efficacia in termini di costi degli sforzi di rimozione rappresenta una sfida significativa. Come studio legale dotato di competenze sia legali che di consulenza IT, offriamo soluzioni complete adattate a questi scenari complessi.<\/p>\n\t\t\t\t<p>Il nostro team di avvocati e consulenti IT fornisce competenze nella definizione delle priorit\u00e0, nella progettazione di indicatori chiave di performance (KPI) e nella stima dei rapporti costo-beneficio in relazione all&#8217;allocazione del budget. Affrontiamo la situazione in modo simile alle societ\u00e0 di consulenza, offrendo orientamento strategico e analisi per navigare efficacemente nel processo.<\/p>\n\t\t\t<\/div>\n\t\t<\/div>\n\t<\/div>\n<\/section>\n\n<section class=\"white-section\">\n\t<div class=\"anchor\" id=\"removal-of-past-unwanted-info\"><\/div>\n\t<div class=\"section-inner\">\n\t\t<div class=\"flex\">\n\t\t\t<div class=\"width41\"><img decoding=\"async\" src=\"\/en\/wp-content\/uploads\/sites\/6\/2023\/06\/pastunwantedcontent.jpg\" alt=\"Rimozione di Contenuti Indesiderati del Passato\"><\/div>\n\t\t\t<div class=\"width51\">\n\t\t\t\t<h3>Rimozione di Informazioni Indesiderate del Passato<\/h3>\n\t\t\t\t<p class=\"mgb-small\">MONOLITH LAW OFFICE si specializza nella risoluzione della sfida di gestire la propria presenza online, in particolare per gli individui coinvolti nell&#8217;industria dell&#8217;intrattenimento. Comprendiamo che le informazioni, sia ufficiali che non ufficiali, possono avere un impatto duraturo sulla vita personale e professionale. Il nostro studio offre soluzioni complete per affrontare queste preoccupazioni, utilizzando una combinazione unica di competenza legale e tecnologia dell&#8217;informazione. Che si tratti di rimuovere contenuti indesiderati, gestire impronte digitali o navigare nelle questioni del &#8220;diritto all&#8217;oblio&#8221;, forniamo una soluzione unica per salvaguardare la tua reputazione online.<\/p>\n\t\t\t\t<p>Affidati a MONOLITH LAW OFFICE per proteggere la tua privacy e garantire una transizione senza problemi verso i tuoi futuri impegni.<\/p>\n\t\t\t<\/div>\n\t\t<\/div>\n\t<\/div>\n<\/section>\n\n<section class=\"purple2-section\">\n\t<div class=\"anchor\" id=\"monolith-law-magazine\"><\/div>\n\t<div class=\"section-inner\">\n\t\t    <section class=\"white-section temp-article\">\n        <div class=\"section-inner\">\n            <h4>MONOLITH LAW MAGAZINE<\/h4>\n            <div class=\"articles type_practice_column\">\n                                                                    <div class=\"article article-area\">\n                        <figure>\n                            <div class=\"img-wrap\">\n                                <img alt=\"Fino a che punto \u00e8 permessa la somiglianza dei marchi? Spiegazione dei criteri di somiglianza e dei casi di violazione del diritto di marchio\" src=\"https:\/\/monolith.law\/it\/wp-content\/uploads\/sites\/15\/2025\/08\/eac576e0765af2cac6d210d899b2d93d.webp\" width=\"500\" height=\"250\">\n                            <\/div>\n                            <figcaption>\n                                <div class=\"figcaption-inner\">\n                                    <h3>Fino a che punto \u00e8 permessa la somiglianza dei marchi? Spiegazione dei criteri d.<\/h3>\n                                <\/div>\n                            <\/figcaption>\n                            <a href=\"https:\/\/monolith.law\/it\/internet\/trademark-infringement\"><\/a>\n                        <\/figure>\n                    <\/div>\n                                                    <div class=\"article article-area\">\n                        <figure>\n                            <div class=\"img-wrap\">\n                                <img alt=\"Quali sono le responsabilit\u00e0 legali per la diffusione e la propagazione di false informazioni? Spiegazione di due tipi di responsabilit\u00e0 penali attraverso esempi di arresti\" src=\"https:\/\/monolith.law\/it\/wp-content\/uploads\/sites\/15\/2025\/08\/7d8b9299c2a15a801c04913ba0d80d99.webp\" width=\"500\" height=\"250\">\n                            <\/div>\n                            <figcaption>\n                                <div class=\"figcaption-inner\">\n                                    <h3>Quali sono le responsabilit\u00e0 legali per la diffusione e la propagazione di false.<\/h3>\n                                <\/div>\n                            <\/figcaption>\n                            <a href=\"https:\/\/monolith.law\/it\/internet\/false-information-criminal-liability\"><\/a>\n                        <\/figure>\n                    <\/div>\n                                                    <div class=\"article article-area\">\n                        <figure>\n                            <div class=\"img-wrap\">\n                                <img alt=\"Perch\u00e9 gli account Meta vengono improvvisamente sospesi o congelati? Termini e misure di Facebook e Instagram\" src=\"https:\/\/monolith.law\/it\/wp-content\/uploads\/sites\/15\/2025\/08\/meta_ban.jpg\" width=\"500\" height=\"250\">\n                            <\/div>\n                            <figcaption>\n                                <div class=\"figcaption-inner\">\n                                    <h3>Perch\u00e9 gli account Meta vengono improvvisamente sospesi o congelati? Termini e m.<\/h3>\n                                <\/div>\n                            <\/figcaption>\n                            <a href=\"https:\/\/monolith.law\/it\/internet\/meta-account-ban\"><\/a>\n                        <\/figure>\n                    <\/div>\n                                            <\/div>\n            <div class=\"btn-more\"><a href=\"https:\/\/monolith.law\/it\/tag\/internet\">Leggi tutto<\/a><\/div>\n        <\/div>\n    <\/section>\n\t<\/div>\n<\/section>\n\n<section class=\"orange2-section\">\n\t<div class=\"anchor\" id=\"fee-structure\"><\/div>\n\t<div class=\"section-inner\">\n\t<div class=\"planWrap\">\n\t<h3>Struttura dei Costi<\/h3>\n\t<ul class=\"plan\">\n\t\t<li class=\"txt-left\">\n\t\t\t<div class=\"plan-inner\">\n\t\t\t<div class=\"plan-header\">\n\t\t\t<h4 class=\"plan-title\">Tariffa Oraria<\/h4>\n\t\t\t<div class=\"plan-price\"><span class=\"price-figure\">$300<\/span> all&#8217;ora <span class=\"price-tax\"><\/span><\/div>\n\t\t\t<\/div>\n\t\t\t<div class=\"plan-body\">In certi casi, potremmo considerare l&#8217;accettazione di una disputa o causa legale con un onorario iniziale e un onorario di risultato. Per maggiori dettagli, non esitate a contattarci.<\/div>\n\t\t\t<\/div>\n\t\t<\/li>\n\t\t<li class=\"txt-left\">\n\t\t\t<div class=\"plan-inner\">\n\t\t\t<div class=\"plan-header\">\n\t\t\t<h4 class=\"plan-title\">Redazione di Contratti<\/h4>\n\t\t\t<div class=\"plan-price\"><span class=\"price-value\">da<\/span><span class=\"price-figure\">$500<\/span><span class=\"price-value\">a $2,000 o pi\u00f9<\/span><span class=\"price-tax\"><\/span><\/div>\n\t\t\t<\/div>\n\t\t\t<div class=\"plan-body\">La struttura dei prezzi pu\u00f2 variare in base al tipo e alla quantit\u00e0 dei contratti. Siamo lieti di offrire un preventivo preliminare su richiesta, quindi vi incoraggiamo a contattarci per ulteriori dettagli.<\/div>\n\t\t\t<\/div>\n\t\t<\/li>\n\t\t<li class=\"txt-left\">\n\t\t\t<div class=\"plan-inner\">\n\t\t\t<div class=\"plan-header\">\n\t\t\t<h4 class=\"plan-title\">Altri Servizi<\/h4>\n\t\t\t<div class=\"plan-price\"><span class=\"price-figure\">Contattateci<\/span><\/div>\n\t\t\t<\/div>\n\t\t\t<div class=\"plan-body\">Offriamo una vasta gamma di servizi che includono la costituzione di societ\u00e0, la revisione di contratti, pareri legali, revisione di casi o lettere di ricerca. Se avete domande o dubbi, vi invitiamo cordialmente a contattarci e il nostro team esperto sar\u00e0 felice di assistervi.<\/div>\n\t\t\t<\/div>\n\t\t\t<\/div>\n\t\t<\/li>\n\t<\/ul>\n\t<\/div>\n\t<\/div>\n<\/section>\n\n<section class=\"white-section\">\n\t<div class=\"section-inner\">\n\t\t<div class=\"btn-area\">\n\t\t\t<div class=\"btn icon-contact\"><a href=\"\/it\/contact\">Contattateci<\/a><\/div>\n\t\t<\/div>\n\t<\/div>\n<\/section>\n","protected":false},"excerpt":{"rendered":"<p>Internet Come studio legale con una forte competenza in IT, abbiamo un comprovato track record nel fornire supporto legale completo agli imprenditori nel settore di internet, inclusi i YouTuber. Siamo [&hellip;]<\/p>\n","protected":false},"author":1,"featured_media":57159,"parent":0,"menu_order":0,"comment_status":"closed","ping_status":"closed","template":"other-page-temp.php","meta":{"footnotes":""},"acf":[],"_links":{"self":[{"href":"https:\/\/monolith.law\/it\/wp-json\/wp\/v2\/pages\/56080"}],"collection":[{"href":"https:\/\/monolith.law\/it\/wp-json\/wp\/v2\/pages"}],"about":[{"href":"https:\/\/monolith.law\/it\/wp-json\/wp\/v2\/types\/page"}],"author":[{"embeddable":true,"href":"https:\/\/monolith.law\/it\/wp-json\/wp\/v2\/users\/1"}],"replies":[{"embeddable":true,"href":"https:\/\/monolith.law\/it\/wp-json\/wp\/v2\/comments?post=56080"}],"version-history":[{"count":29,"href":"https:\/\/monolith.law\/it\/wp-json\/wp\/v2\/pages\/56080\/revisions"}],"predecessor-version":[{"id":75814,"href":"https:\/\/monolith.law\/it\/wp-json\/wp\/v2\/pages\/56080\/revisions\/75814"}],"wp:featuredmedia":[{"embeddable":true,"href":"https:\/\/monolith.law\/it\/wp-json\/wp\/v2\/media\/57159"}],"wp:attachment":[{"href":"https:\/\/monolith.law\/it\/wp-json\/wp\/v2\/media?parent=56080"}],"curies":[{"name":"wp","href":"https:\/\/api.w.org\/{rel}","templated":true}]}}