{"id":30684,"date":"2023-11-05T23:00:20","date_gmt":"2023-11-05T14:00:20","guid":{"rendered":"https:\/\/monolith.law\/?page_id=30684"},"modified":"2023-12-28T11:10:58","modified_gmt":"2023-12-28T02:10:58","slug":"id-of-the-defamatory-statement","status":"publish","type":"page","link":"https:\/\/monolith.law\/nl\/id-of-the-defamatory-statement","title":{"rendered":"ID van de lasterlijke verklaring"},"content":{"rendered":"\n<section class=\"heading-area\">\n\t<div class=\"heading-area-inner\">\n\t\t<h2 class=\"icon-id-of-the-defamatory-statement\">ID van de lasterlijke verklaring<\/h2>\n\t\t<p>Onder Japans recht, als een bedrijf of individu laster of privacyschending door een anonieme gebruiker op het internet ondervindt, is het mogelijk om de anonieme plaatser te identificeren door middel van verschillende juridische procedures die door de rechtbank worden gefaciliteerd. Hoewel er gevallen van laster door anonieme gebruikers in de Japanse online ruimte voorkomen, is het mogelijk om de plaatser te identificeren en een schadeclaim in te dienen via een advocaat.<\/p>\n\t<\/div>\n<\/section>\n\n<section class=\"white-section\">\n\t<div class=\"section-inner pdt0 border-bottom-section\">\n\t\t<p class=\"mgb-small\">Als u laster door een anonieme gebruiker op het internet heeft ondervonden en een schadeclaim wilt indienen, is het noodzakelijk om eerst de identiteit van die gebruiker vast te stellen. Japans recht biedt juridische procedures voor de identificatie van anonieme gebruikers op het internet.<\/p>\n\t\t<p>MONOLITH LAW OFFICE is een Japans advocatenkantoor gespecialiseerd in internetgerelateerde zaken. Wij zijn betrokken geweest bij de identificatie van lasterlijke posters op basis van verzoeken van verschillende cli\u00ebnten, waaronder binnenlandse beursgenoteerde bedrijven, prominente leidinggevenden en invloedrijke individuen. Met onze uitgebreide ervaring en staat van dienst zijn we uitgerust om geschillen in de Japanse online ruimte te behandelen.<\/p>\n\t<\/div>\n<\/section>\n\n<section class=\"second-nav\">\n\t<div class=\"second-nav-inner\">\n\t\t<p>ONDERWERPEN<\/p>\n\t\t<nav>\n\t\t\t<ul>\n\t\t\t\t<li><a href=\"#identification-of-the-defamatory-statement\">Identificatie van de lasterlijke verklaring<\/a><\/li>\n\t\t\t\t<li><a href=\"#examples-of-identifications-by-our-firm-target-sites\">Voorbeelden van identificaties door ons kantoor: Doelsites<\/a><\/li>\n\t\t\t\t<li><a href=\"#examples-of-support-provided-by-our-firm\">Voorbeelden van ondersteuning geboden door ons kantoor<\/a><\/li>\n\t\t\t\t<li><a href=\"#procedures-for-identifying-authors-under-japanese-law\">Procedures voor het identificeren van auteurs onder Japans recht<\/a><\/li>\n\t\t\t\t<li><a href=\"#publications-as-a-lawyer-specializing-in-mitigating-reputational-damage\">Publicaties als advocaat gespecialiseerd in het beperken van reputatieschade<\/a><\/li>\n\t\t\t\t<li><a href=\"#monolith-law-magazine\">MONOLITH LAW MAGAZINE<\/a><\/li>\n\t\t\t\t<li><a href=\"#fee-structure\">Kostenstructuur<\/a><\/li>\n\t\t\t<\/ul>\n\t\t<\/nav>\n\t<\/div>\n<\/section>\n\n<section class=\"white-section\">\n\t<div class=\"anchor\" id=\"identification-of-the-defamatory-statement\"><\/div>\n\t<div class=\"section-inner\">\n\t\t<div class=\"flex\">\n\t\t\t<div class=\"width41\"><img decoding=\"async\" src=\"\/wp-content\/themes\/monolith2021\/img\/pic\/pic_reputation.jpg\" alt=\"Bron van de Identificatie van de Lasterlijke Verklaring\"><\/div>\n\t\t\t<div class=\"width51\">\n\t\t\t\t<h3>Identificatie van de lasterlijke uitspraak<\/h3>\n\t\t\t\t<p>Onder Japans recht is het mogelijk om juridische stappen te ondernemen om personen te identificeren die verantwoordelijk zijn voor illegale posts, inclusief lasterlijke uitspraken, via een gerechtelijke procedure. Als uw bedrijf het doelwit is van anonieme internetgebruikers die aanvallen uitvoeren op het Japanse internet, kan het mogelijk zijn om de identiteit, inclusief de naam en het adres, van de anonieme gebruiker te onthullen door te overleggen met een zeer gespecialiseerde advocaat. Zodra de identiteit is onthuld, kunt u de kans krijgen om een schadeclaim in te dienen tegen de internetgebruiker. Het is cruciaal om samen te werken met een ervaren advocaat die u door het juridische proces kan leiden en de belangen van uw bedrijf kan beschermen.<\/p>\n\t\t\t<\/div>\n\t\t<\/div>\n\t<\/div>\n<\/section>\n\n<section class=\"white-section mgb-section\">\n\t<div class=\"anchor\" id=\"examples-of-identifications-by-our-firm-target-sites\"><\/div>\n\t<div class=\"section-inner-black\">\n\t\t<h3 class=\"mgb-middle\">Voorbeelden van identificaties door ons kantoor: Doelsites<\/h3>\n\t\t<p class=\"mgb-middle\">MONOLITH LAW OFFICE heeft een staat van dienst en expertise in het identificeren van de auteurs van lasterlijke berichten op verschillende websites, waaronder maar niet beperkt tot gevallen van laster, privacyschending, auteursrechtinbreuk en identiteitsfraude. We hebben cli\u00ebnten met succes geholpen bij het identificeren van de auteurs achter dergelijke berichten, waarbij we onze ervaring en kennis in het veld hebben benut.<\/p>\n\t\t<p class=\"mgb-middle\">2channel, 5channel, Twitter, Facebook, Instagram, Google Maps (My Business), Yahoo! Finance, Food Log, Amazon klantbeoordelingen, Girls Channel, Bakusai, Mansion Community, Hostlove, en diverse andere bulletinboardsites. Yahoo! Chiebukuro, NAVER samenvatting, telefoonnummerzoekdiensten (jpnumber, enz.), Livedoor Blog, FC2 Blog, Ameba Blog, Hatena Blog, enz. Andere diverse blogsites, YouTube, Nico Nico Douga, FC2 Video, en andere videosites. MILKCAFE, openwork, Lighthouse (voormalige Kaisha\u2019s Reputation), andere banenbeoordelingssites, andere originele domeinsites.<\/p>\n\t<\/div>\n<\/section>\n\n<section class=\"purple-section\">\n\t<div class=\"anchor\" id=\"examples-of-support-provided-by-our-firm\"><\/div>\n\t<div class=\"section-inner\">\n\t\t<h3 class=\"mgb-middle\">Voorbeelden van ondersteuning geboden door ons kantoor<\/h3>\n\t\t<ul class=\"layout-column4 mgb-big\">\n\t\t\t<li>\n\t\t\t\t<div><img decoding=\"async\" src=\"\/wp-content\/themes\/monolith2021\/img\/identificationofslander\/identificationofslander_support_pic1.jpg\" alt=\"Toki Kawase\"><\/div>\n\t\t\t\t<h4>Aan de TSE genoteerd bedrijf<\/h4>\n\t\t\t\t<p>We hebben de auteurs ge\u00efdentificeerd die aanhoudend valse informatie verspreiden, zoals interne schandalen, op platforms zoals Yahoo! Finance en Google Reviews.<\/p>\n\t\t\t<\/li>\n\t\t\t<li>\n\t\t\t\t<div><img decoding=\"async\" src=\"\/wp-content\/themes\/monolith2021\/img\/identificationofslander\/identificationofslander_support_pic2.jpg\" alt=\"Vooraanstaande executive\"><\/div>\n\t\t\t\t<h4>Vooraanstaande executive<\/h4>\n\t\t\t\t<p>We hebben de identificatie van auteurs uitgevoerd voor accounts op Twitter die zich bezighouden met laster, identiteitsfraude en denigrerende berichten gericht op individuele executives.<\/p>\n\t\t\t<\/li>\n\t\t\t<li>\n\t\t\t\t<div><img decoding=\"async\" src=\"\/wp-content\/themes\/monolith2021\/img\/systemdevelopment\/systemdevelopment_support_pic3.jpg\" alt=\"Zakelijke onderneming\"><\/div>\n\t\t\t\t<h4>Zakelijke onderneming<\/h4>\n\t\t\t\t<p>We hebben de identificatie van auteurs uitgevoerd voor lasterlijke berichten die gericht zijn op specifieke executives op anonieme berichtenborden zoals 5channel en Google Reviews.<\/p>\n\t\t\t<\/li>\n\t\t\t<li>\n\t\t\t\t<div><img decoding=\"async\" src=\"\/wp-content\/themes\/monolith2021\/img\/identificationofslander\/identificationofslander_support_pic4.jpg\" alt=\"Vooraanstaande YouTuber\"><\/div>\n\t\t\t\t<h4>Vooraanstaande YouTuber<\/h4>\n\t\t\t\t<p>We hebben bijstand verleend in de identificatie van auteurs in gevallen van lekken van persoonlijke informatie en lasterlijke opmerkingen gemaakt op video&#8217;s van andere YouTubers, persoonlijke blogs en andere platforms.<\/p>\n\t\t\t<\/li>\n\t\t<\/ul>\n\t\t<div class=\"frame2-white max-width860 txt-center-pc\">\n\t\t\t<p class=\"txt-l bold\">Auteuridentificatie vereist zeer gespecialiseerde expertise, omvattende strategische planning en specifieke operationele taken.<\/p>\n\t\t<\/div>\n\t<\/div>\n<\/section>\n\n<section class=\"white-section\">\n\t<div class=\"anchor\" id=\"procedures-for-identifying-authors-under-japanese-law\"><\/div>\n\t<div class=\"section-inner pdb0\">\n\t\t<h3>Procedures voor het Identificeren van Auteurs onder Japans Recht<\/h3>\n\t\t<p class=\"mgb-middle\">In Japan zijn er verschillende juridische procedures beschikbaar om de auteurs van lasterlijke online berichten te identificeren en cyberlaster te bestrijden. Als juridische professionals passen wij deze procedures selectief en in combinatie toe om de identificatie van de auteur te bewerkstelligen. Hoewel het een uitdaging is om op deze pagina een uitgebreide uitleg te geven vanwege de zeer gespecialiseerde aard van deze procedures, zullen we een overzicht bieden.<\/p>\n\t\t<ul class=\"layout-datalist\">\n\t\t\t<li>\n\t\t\t\t<h4>A: Verzoek tot Openbaarmaking (Voorlopige Maatregel)<\/h4>\n\t\t\t\t<p>Deze versnelde tussentijdse maatregel stelt ons in staat om websitebeheerders of hostingserverbeheerders te verzoeken het IP-adres van de plaatser bekend te maken, zonder een formeel proces te starten. Het is echter belangrijk om op te merken dat sommige websites vrijwillig het IP-adres bekend kunnen maken via informele onderhandelingen zonder de noodzaak van deze procedure. Het juiste oordeel in dergelijke gevallen vereist de ervaring en expertise van deskundige advocaten.<\/p>\n\t\t\t<\/li>\n\t\t\t<li>\n\t\t\t\t<h4>B: Verbod op Verwijdering van Informatie<\/h4>\n\t\t\t\t<p>Door het bekendgemaakte IP-adres te analyseren dat via Procedure A is verkregen, is het mogelijk om de internet service provider (ISP) te identificeren die door de anonieme gebruiker wordt gebruikt. In Procedure C is het cruciaal om de ISP te verzoeken de verzenderinformatie (loggegevens gerelateerd aan de internetverbinding van de gebruiker) niet te verwijderen om bewijs te bewaren.<\/p>\n\t\t\t<\/li>\n\t\t\t<li>\n\t\t\t\t<h4>C: Verzoek tot Openbaarmaking (Rechtszaak)<\/h4>\n\t\t\t\t<p>Deze procedure omvat het aanklagen van de ge\u00efdentificeerde ISP als gedaagde om de openbaarmaking van het adres en de naam van de anonieme gebruiker te eisen. In het geval van websites waar de anonieme gebruiker een telefoonnummer heeft geregistreerd, kan deze procedure worden gebruikt tegen de websitebeheerder om de openbaarmaking van dat telefoonnummer te verzoeken. Snelle tussentijdse maatregelen kunnen niet worden gebruikt in deze procedure, en formeel proces is vereist volgens Japanse juridische precedenten.<\/p>\n\t\t\t<\/li>\n\t\t\t<li>\n\t\t\t\t<h4>D: Bevel tot Openbaarmaking (de Wijziging van 2022)<\/h4>\n\t\t\t\t<p>Dit nieuw ge\u00efntroduceerde juridische kader combineert Procedures A, B en C in \u00e9\u00e9n procedure, waardoor de implementatie van alle stappen (A, B en C) binnen een kortere tijdspanne mogelijk is. Deze procedure maakt gebruik van een versneld mechanisme. Momenteel wordt deze procedure beschouwd als het algemene principe voor auteursidentificatie. Er zijn echter uitzonderingen, zoals websites waar alleen een telefoonnummer zonder een IP-adres is geregistreerd of gevallen waarin de openbaarmaking van het IP-adres kan worden bereikt door vrijwillige onderhandelingen. De expertise en knowhow van juridische professionals zijn essentieel bij het omgaan met deze uitzonderingen.<\/p>\n\t\t\t<\/li>\n\t\t\t<li>\n\t\t\t\t<h4>E: Aanvraagprocedure via de Orde van Advocaten<\/h4>\n\t\t\t\t<p>In gevallen waarin het telefoonnummer van de plaatser bekend wordt tijdens de eerder genoemde procedures, is het noodzakelijk om de openbaarmaking van het adres of de naam van de persoon die dat telefoonnummer gebruikt, aan te vragen bij de telecommunicatieaanbieder. In Japan hebben mobiele telefoonproviders de gewoonte om informatie te verstrekken wanneer een advocaat een juiste aanvraag doet via hun aangesloten Orde van Advocaten.<\/p>\n\t\t\t<\/li>\n\t\t<\/ul>\n\t<\/div>\n<\/section>\n\n<section class=\"white-section\">\n\t<div class=\"section-inner\">\n\t\t<div class=\"frame2 max-width860 txt-center-pc\">\n\t\t\t<p class=\"bold txt-l\">Het identificeren van de auteurs van lasterlijke berichten in overeenstemming met de Japanse wet is inderdaad een zeer complex en gespecialiseerd gebied. Als u vragen of zorgen heeft, inclusief haalbaarheid en kostenaspecten, aarzel dan niet om contact met ons op te nemen. Wij zijn hier om u te helpen en de nodige begeleiding te bieden.<\/p>\n\t\t<\/div>\n\t<\/div>\n<\/section>\n\n<section class=\"orange-section\">\n\t<div class=\"anchor\" id=\"publications-as-a-lawyer-specializing-in-mitigating-reputational-damage\"><\/div>\n\t<div class=\"section-inner\">\n\t\t<div class=\"flex\">\n\t\t\t<div class=\"width41\"><img decoding=\"async\" src=\"\/wp-content\/themes\/monolith2021\/img\/pic\/pic_publishing2.jpg\" alt=\"Publicaties als advocaat gespecialiseerd in het beperken van reputatieschade\"><\/div>\n\t\t\t<div class=\"width51\">\n\t\t\t\t<h3>Publicaties als advocaat gespecialiseerd in het beperken van reputatieschade<\/h3>\n\t\t\t\t<p class=\"mgb-small\">Heeft bijgedragen aan het schrijven van &#8220;Jurisprudentie van de Japanese Wet op de Beperking van Aansprakelijkheid van Providers&#8221;, een verzameling van jurisprudentie over maatregelen tegen reputatieschade, als onderdeel van de Praktische Studiegroep over de Wet op de Beperking van Aansprakelijkheid van Providers gevormd door advocaten.<\/p>\n\t\t\t\t<p>Heeft &#8220;Digitale Tatoeage &#8211; Internetlaster en Dossier over Reputatieschade&#8221; gepubliceerd bij Jiyuukokumin-sha, de uitgever van &#8220;Gendai Yogo no Kihonjitsu&#8221; (Basis Kennis van Moderne Terminologie), en was verantwoordelijk voor het opstellen van het NHK zaterdagdrama &#8220;Digitale Tatoeage&#8221; gebaseerd op deze publicatie.<\/p>\n\t\t\t<\/div>\n\t\t<\/div>\n\t<\/div>\n<\/section>\n\n<section class=\"purple2-section\">\n\t<div class=\"anchor\" id=\"monolith-law-magazine\"><\/div>\n\t<div class=\"section-inner\">\n\t\t    <section class=\"white-section temp-article\">\n        <div class=\"section-inner\">\n            <h4>MONOLITH LAW MAGAZINE<\/h4>\n            <div class=\"articles type_practice_column\">\n                                                                    <div class=\"article article-area\">\n                        <figure>\n                            <div class=\"img-wrap\">\n                                <img alt=\"Hoe bewaar je bewijs van laster op Instagram? Een uitleg over het opslaan van bewijsmateriaal dat in de rechtbank gebruikt kan worden.\" src=\"https:\/\/monolith.law\/nl\/wp-content\/uploads\/sites\/28\/2025\/08\/b7a6d88c3f4a061d0c0c2cfa711ac604.webp\" width=\"500\" height=\"250\">\n                            <\/div>\n                            <figcaption>\n                                <div class=\"figcaption-inner\">\n                                    <h3>Hoe bewaar je bewijs van laster op Instagram? Een uitleg over het opslaan van be.<\/h3>\n                                <\/div>\n                            <\/figcaption>\n                            <a href=\"https:\/\/monolith.law\/nl\/it\/instagram-preservation-evidence\"><\/a>\n                        <\/figure>\n                    <\/div>\n                                                    <div class=\"article article-area\">\n                        <figure>\n                            <div class=\"img-wrap\">\n                                <img alt=\"Is het mogelijk om informatie openbaar te maken via LINE? Uitleg over het identificeren van personen door het vrijgeven van verzenderinformatie\" src=\"https:\/\/monolith.law\/nl\/wp-content\/uploads\/sites\/28\/2024\/11\/29578280_m.webp\" width=\"500\" height=\"250\">\n                            <\/div>\n                            <figcaption>\n                                <div class=\"figcaption-inner\">\n                                    <h3>Is het mogelijk om informatie openbaar te maken via LINE? Uitleg over het identi.<\/h3>\n                                <\/div>\n                            <\/figcaption>\n                            <a href=\"https:\/\/monolith.law\/nl\/internet\/line-disclosure-request\"><\/a>\n                        <\/figure>\n                    <\/div>\n                                                    <div class=\"article article-area\">\n                        <figure>\n                            <div class=\"img-wrap\">\n                                <img alt=\"Kun je openbaarmaking eisen voor belediging en laster in online games? Uitleg over gerechtelijke procedures om de andere partij te identificeren\" src=\"https:\/\/monolith.law\/nl\/wp-content\/uploads\/sites\/28\/2024\/11\/onlinegame1.webp\" width=\"500\" height=\"250\">\n                            <\/div>\n                            <figcaption>\n                                <div class=\"figcaption-inner\">\n                                    <h3>Kun je openbaarmaking eisen voor belediging en laster in online games? Uitleg ov.<\/h3>\n                                <\/div>\n                            <\/figcaption>\n                            <a href=\"https:\/\/monolith.law\/nl\/internet\/onlinegame-defamation\"><\/a>\n                        <\/figure>\n                    <\/div>\n                                            <\/div>\n            <div class=\"btn-more\"><a href=\"https:\/\/monolith.law\/nl\/tag\/id-of-the-defamatory-statement\">Read More<\/a><\/div>\n        <\/div>\n    <\/section>\n\t<\/div>\n<\/section>\n\n<section class=\"orange2-section\">\n\t<div class=\"anchor\" id=\"fee-structure\"><\/div>\n\t<div class=\"section-inner\">\n\t<div class=\"planWrap\">\n\t<h3>Fee Structure<\/h3>\n\t<ul class=\"plan\">\n\t\t<li class=\"txt-left\">\n\t\t\t<div class=\"plan-inner\">\n\t\t\t<div class=\"plan-header\">\n\t\t\t<h4 class=\"plan-title\">Uurtarief<\/h4>\n\t\t\t<div class=\"plan-price\"><span class=\"price-figure\">$300<\/span>per uur<span class=\"price-tax\"><\/span><\/div>\n\t\t\t<\/div>\n\t\t\t<div class=\"plan-body\">In bepaalde gevallen kunnen we overwegen een geschil of rechtszaak te accepteren met een aanvangsvergoeding en een resultaatafhankelijke vergoeding. Voor meer details kunt u gerust contact met ons opnemen.<\/div>\n\t\t\t<\/div>\n\t\t<\/li>\n\t\t<li class=\"txt-left\">\n\t\t\t<div class=\"plan-inner\">\n\t\t\t<div class=\"plan-header\">\n\t\t\t<h4 class=\"plan-title\">Opstellen van Contracten<\/h4>\n\t\t\t<div class=\"plan-price\"><span class=\"price-value\">vanaf<\/span><span class=\"price-figure\">$500<\/span><span class=\"price-value\">tot $2.000 of meer<\/span><span class=\"price-tax\"><\/span><\/div>\n\t\t\t<\/div>\n\t\t\t<div class=\"plan-body\">De prijsstructuur kan vari\u00ebren afhankelijk van het type en de hoeveelheid contracten. Wij bieden graag een voorlopige schatting aan op aanvraag, dus nodigen wij u uit om voor verdere details contact met ons op te nemen.<\/div>\n\t\t\t<\/div>\n\t\t<\/li>\n\t\t<li class=\"txt-left\">\n\t\t\t<div class=\"plan-inner\">\n\t\t\t<div class=\"plan-header\">\n\t\t\t<h4 class=\"plan-title\">Overige Diensten<\/h4>\n\t\t\t<div class=\"plan-price\"><span class=\"price-figure\">Neem Contact Op<\/span><\/div>\n\t\t\t<\/div>\n\t\t\t<div class=\"plan-body\">Wij bieden een breed scala aan diensten, waaronder bedrijfsoprichting, contractbeoordeling, juridische opinies, casusonderzoek of onderzoeksrapporten. Mocht u vragen of zorgen hebben, nodigen wij u van harte uit om contact met ons op te nemen en ons deskundige team zal u graag van dienst zijn.<\/div>\n\t\t\t<\/div>\n\t\t\t<\/div>\n\t\t<\/li>\n\t<\/ul>\n\t<\/div>\n\t<\/div>\n<\/section>\n\n<section class=\"white-section\">\n\t<div class=\"section-inner\">\n\t\t<div class=\"btn-area\">\n\t\t\t<div class=\"btn icon-contact\"><a href=\"\/nl\/contact\">Neem Contact Op<\/a><\/div>\n\t\t<\/div>\n\t<\/div>\n<\/section>\n","protected":false},"excerpt":{"rendered":"<p>ID van de lasterlijke verklaring Onder Japans recht, als een bedrijf of individu laster of privacyschending door een anonieme gebruiker op het internet ondervindt, is het mogelijk om de anonieme plaat [&hellip;]<\/p>\n","protected":false},"author":1,"featured_media":57174,"parent":0,"menu_order":7,"comment_status":"closed","ping_status":"closed","template":"other-page-temp.php","meta":{"footnotes":""},"acf":[],"_links":{"self":[{"href":"https:\/\/monolith.law\/nl\/wp-json\/wp\/v2\/pages\/30684"}],"collection":[{"href":"https:\/\/monolith.law\/nl\/wp-json\/wp\/v2\/pages"}],"about":[{"href":"https:\/\/monolith.law\/nl\/wp-json\/wp\/v2\/types\/page"}],"author":[{"embeddable":true,"href":"https:\/\/monolith.law\/nl\/wp-json\/wp\/v2\/users\/1"}],"replies":[{"embeddable":true,"href":"https:\/\/monolith.law\/nl\/wp-json\/wp\/v2\/comments?post=30684"}],"version-history":[{"count":30,"href":"https:\/\/monolith.law\/nl\/wp-json\/wp\/v2\/pages\/30684\/revisions"}],"predecessor-version":[{"id":62557,"href":"https:\/\/monolith.law\/nl\/wp-json\/wp\/v2\/pages\/30684\/revisions\/62557"}],"wp:featuredmedia":[{"embeddable":true,"href":"https:\/\/monolith.law\/nl\/wp-json\/wp\/v2\/media\/57174"}],"wp:attachment":[{"href":"https:\/\/monolith.law\/nl\/wp-json\/wp\/v2\/media?parent=30684"}],"curies":[{"name":"wp","href":"https:\/\/api.w.org\/{rel}","templated":true}]}}