{"id":25864,"date":"2023-11-11T23:30:39","date_gmt":"2023-11-11T14:30:39","guid":{"rendered":"https:\/\/monolith.law\/?page_id=25864"},"modified":"2023-12-28T13:02:44","modified_gmt":"2023-12-28T04:02:44","slug":"access","status":"publish","type":"page","link":"https:\/\/monolith.law\/no\/access","title":{"rendered":"Tilgang"},"content":{"rendered":"\n<section class=\"heading-area\">\n\t<div class=\"heading-area-inner\">\n\t\t<h2 class=\"icon-access\">Tilgang<\/h2>\n\t<\/div>\n<\/section>\n<section class=\"second-nav\">\n\t<div class=\"second-nav-inner\">\n\t\t<p>EMNER<\/p>\n\t\t<nav>\n\t\t\t<ul>\n\t\t\t\t<li><a href=\"#law-firm-with-strength-in-it-internet-and-business\">Advokatfirma med styrke i IT, Internett, og Forretning<\/a><\/li>\n\t\t\t\t<li><a href=\"#access-map\">Tilgangskart<\/a><\/li>\n\t\t\t\t<li><a href=\"#expansion-and-relocation-to-otemachi-financial-city\">Utvidelse og Flytting til Otemachi Financial City<\/a><\/li>\n\t\t\t<\/ul>\n\t\t<\/nav>\n\t<\/div>\n<\/section>\n<section class=\"white-section\">\n\t<div class=\"anchor\" id=\"law-firm-with-strength-in-it-internet-and-business\"><\/div>\n\t<div class=\"section-inner\">\n\t\t<div class=\"flex\">\n\t\t\t<div class=\"width41\"><img decoding=\"async\" src=\"\/wp-content\/themes\/monolith2021\/img\/access\/access_pic1.jpg\" alt=\"Advokatfirma med styrke i IT, Internett, og Forretning\"><\/div>\n\t\t\t<div class=\"width51\">\n\t\t\t\t<h3>Advokatfirma med styrke i<br>IT, internett og forretningsliv.<\/h3>\n\t\t\t\t<p class=\"mgb-small\">MONOLITH LAW OFFICE er et advokatfirma lokalisert i Otemachi, Chiyoda-ku, Tokyo, Japan. Det har direkte forbindelse til Otemachi stasjon og ligger en 7-minutters gange fra Tokyo stasjon.<\/p>\n\t\t\t\t<p class=\"mgb-small\">Vi har fungert som juridisk r\u00e5dgiver (inkludert ulike kontrakter med direkt\u00f8rer, styremedlemmer osv.) for 1087 selskaper, som spenner fra selskaper notert p\u00e5 TSE prime til oppstartsselskaper i tidlig fase. V\u00e5rt arbeid relatert til IT\/internett inkluderer forebygging av omd\u00f8mmeskade, anti-\u00e6rekrenkelse og tvister relatert til systemutvikling. Vi tilbyr ogs\u00e5 juridiske tjenester relatert til oppstartsselskaper, som inkluderer investeringer p\u00e5 100 millioner yen eller mer fra selskaper notert p\u00e5 TSE og M&#038;A av venture-selskaper. Vi har til n\u00e5 levert juridiske tjenester til 1855 klienter.<\/p>\n\t\t\t\t<p class=\"mgb-middle\">&#8220;\u00c5 forst\u00e5 IT og forretningsliv&#8221; er det som gj\u00f8r oss spesielle.<\/p>\n\t\t\t\t<div class=\"btn-area\">\n\t\t\t\t\t<div class=\"btn icon-services\"><a href=\"\/no\/services\">Tjenester<\/a><\/div>\n\t\t\t\t\t<div class=\"btn icon-overview-of-our-firm\"><a href=\"\/no\/overview-of-our-firm\">Oversikt over V\u00e5r Firma<\/a><\/div>\n\t\t\t\t<\/div>\n\t\t\t<\/div>\n\t\t<\/div>\n\t<\/div>\n<\/section>\n<section class=\"purple-section\">\n\t<div class=\"anchor\" id=\"access-map\"><\/div>\n\t<div class=\"section-inner\">\n\t\t<div class=\"flex reverse\">\n\t\t\t<div class=\"width41\"><img decoding=\"async\" src=\"\/wp-content\/themes\/monolith2021\/img\/about\/about_pic2.jpg\" alt=\"MONOLITH LAW OFFICE\"><\/div>\n\t\t\t<div class=\"width51\">\n\t\t\t\t<h3>MONOLITH LAW OFFICE (Otemachi-kontoret)<\/h3>\n\t\t\t\t<p><a href=\"https:\/\/goo.gl\/maps\/YfcgPhBgXFyg1hHF6\" target=\"_blank\" rel=\"noopener noreferrer\">21\/F Financial City North Tower 1-9-5 Otemachi, Chiyoda-ku Tokyo 100-0004, Japan <\/a><\/p>\n\t\t\t\t<p>Tokyo Metro Marunouchi-linjen, Tozai-linjen, Chiyoda-linjen, Hanzomon-linjen, Toei Subway Mita-linjen<\/p>\n\t\t\t\t<p class=\"mgb-small\"><a href=\"https:\/\/www.tokyometro.jp\/station\/otemachi\/yardmap\/index.html\" target=\"_blank\" rel=\"noopener noreferrer\">Direkte tilgang fra utgang A1 ved Otemachi stasjon<\/a><\/p>\n\t\t\t\t<p>Shinkansen: Tohoku Shinkansen, Joetsu Shinkansen, Hokuriku Shinkansen, Hokkaido Shinkansen, Yamagata Shinkansen, Akita Shinkansen, JR Tokaido-linjen, Keihin Tohoku-linjen, Yamanote-linjen, Chuo-linjen, Yokosuka-linjen, Keiyo-linjen, Tokyo Metro Marunouchi-linjen<\/p>\n\t\t\t\t<p class=\"mgb-small\"><a href=\"https:\/\/www.tokyometro.jp\/station\/tokyo\/index.html\" target=\"_blank\" rel=\"noopener noreferrer\">7 minutters gange fra Tokyo stasjon Marunouchi Nord-utgang<\/a><\/p>\n\t\t\t\t<p>Otemachi Financial City parkeringsplass<\/p>\n\t\t\t\t<p class=\"mgb-middle\"><a href=\"https:\/\/www.otemachi-financialcity.jp\/access\/\">1-9-5, 1-9-7, Otemachi, Chiyoda-ku, Tokyo<\/a><\/p>\n\t\t\t\t<div class=\"btn-area align-left\">\n\t\t\t\t\t<div class=\"btn icon-contact\"><a href=\"\/no\/contact\">Kontakt oss<\/a><\/div>\n\t\t\t\t<\/div>\n\t\t\t<\/div>\n\t\t<\/div>\n\t<\/div>\n<\/section>\t \n<section class=\"google-maps\"><iframe src=\"https:\/\/www.google.com\/maps\/embed?pb=!1m18!1m12!1m3!1d3240.541568341125!2d139.7659268!3d35.6882884!2m3!1f0!2f0!3f0!3m2!1i1024!2i768!4f13.1!3m3!1m2!1s0x60188cec724a6ae9%3A0x6efbadeb18528c88!2sMonolith%20Law%20Office!5e0!3m2!1sno!2sjp!4v1703736139607!5m2!1sno!2sjp\" width=\"600\" height=\"450\" style=\"border:0;\" allowfullscreen=\"\" loading=\"lazy\" referrerpolicy=\"no-referrer-when-downgrade\"><\/iframe><\/section>\n<section class=\"white-section\">\n\t<div class=\"anchor\" id=\"expansion-and-relocation-to-otemachi-financial-city\"><\/div>\n\t<div class=\"section-inner\">\n\t\t<div class=\"flex\">\n\t\t\t<div class=\"width41\"><img decoding=\"async\" src=\"\/wp-content\/uploads\/2022\/11\/financialcity.jpg\" alt=\"Utvidelse og flytting til Otemachi Financial City\"><\/div>\n\t\t\t<div class=\"width51\">\n\t\t\t\t<h3>Utvidelse og flytting til Otemachi Financial City<\/h3>\n\t\t\t\t<p class=\"mgb-small\">Etter \u00e5pningen i Yotsuya, Shinjuku-ku, Tokyo i mars 2017, flyttet MONOLITH LAW OFFICE til Otemachi (Asahi Seimei Otemachi-bygningen) i august 2018, takket v\u00e6re deres st\u00f8tte, og ble inkorporert som et advokatfirma i mars 2020. I desember 2020 \u00e5pnet vi en filial i 29. etasje i samme bygning som v\u00e5rt Otemachi-kontor (Asahi Seimei Otemachi-bygningen).<\/p>\n\t\t\t\t<p class=\"mgb-small\">Deretter, i september 2022, utvidet vi og flyttet til Otemachi Financial City.<\/p>\n\t\t\t\t<p class=\"mgb-small\">Vi ser frem til \u00e5 jobbe med deg.<\/p>\n\t\t\t<\/div>\n\t\t<\/div>\n\t<\/div>\n<\/section>\n","protected":false},"excerpt":{"rendered":"<p>Tilgang EMNER Advokatfirma med styrke i IT, Internett, og Forretning Tilgangskart Utvidelse og Flytting til Otemachi Financial City Advokatfirma med styrke iIT, internett og forretningsliv. MONOLITH L [&hellip;]<\/p>\n","protected":false},"author":1,"featured_media":57041,"parent":0,"menu_order":10,"comment_status":"closed","ping_status":"closed","template":"other-page-temp.php","meta":{"footnotes":""},"acf":[],"_links":{"self":[{"href":"https:\/\/monolith.law\/no\/wp-json\/wp\/v2\/pages\/25864"}],"collection":[{"href":"https:\/\/monolith.law\/no\/wp-json\/wp\/v2\/pages"}],"about":[{"href":"https:\/\/monolith.law\/no\/wp-json\/wp\/v2\/types\/page"}],"author":[{"embeddable":true,"href":"https:\/\/monolith.law\/no\/wp-json\/wp\/v2\/users\/1"}],"replies":[{"embeddable":true,"href":"https:\/\/monolith.law\/no\/wp-json\/wp\/v2\/comments?post=25864"}],"version-history":[{"count":28,"href":"https:\/\/monolith.law\/no\/wp-json\/wp\/v2\/pages\/25864\/revisions"}],"predecessor-version":[{"id":62563,"href":"https:\/\/monolith.law\/no\/wp-json\/wp\/v2\/pages\/25864\/revisions\/62563"}],"wp:featuredmedia":[{"embeddable":true,"href":"https:\/\/monolith.law\/no\/wp-json\/wp\/v2\/media\/57041"}],"wp:attachment":[{"href":"https:\/\/monolith.law\/no\/wp-json\/wp\/v2\/media?parent=25864"}],"curies":[{"name":"wp","href":"https:\/\/api.w.org\/{rel}","templated":true}]}}