{"id":30628,"date":"2023-11-07T23:40:08","date_gmt":"2023-11-07T14:40:08","guid":{"rendered":"https:\/\/monolith.law\/?page_id=30628"},"modified":"2023-12-28T13:50:33","modified_gmt":"2023-12-28T04:50:33","slug":"contract-drafting-and-review","status":"publish","type":"page","link":"https:\/\/monolith.law\/no\/contract-drafting-and-review","title":{"rendered":"Utarbeidelse og gjennomgang av kontrakter"},"content":{"rendered":"\n<section class=\"heading-area\">\n\t<div class=\"heading-area-inner\">\n\t\t<h2 class=\"icon-contract-drafting-and-review\">Utarbeidelse og gjennomgang av kontrakter<\/h2>\n\t\t<p>Som juridisk r\u00e5dgiver for IT- og oppstartsbedrifter, og av og til som IT-r\u00e5dgiver for st\u00f8rre selskaper, utarbeider og gjennomg\u00e5r vi et bredt spekter av h\u00f8yt spesialiserte IT-relaterte kontrakter. V\u00e5rt m\u00e5l er \u00e5 sikre en solid posisjon i et raskt skiftende forretningsmilj\u00f8 i Japan.<\/p>\n\t<\/div>\n<\/section>\n<section class=\"white-section mgb-section\">\n\t<div class=\"section-inner pdt0 border-bottom-section\">\n\t\t<p>MONOLITH LAW OFFICE fungerer som juridisk r\u00e5dgiver for japanske IT- og oppstartsbedrifter i forbindelse med ulike typer kontrakter, inkludert outsourcingkontrakter relatert til deres outsourcede operasjoner, bruks- og agentkontrakter relatert til deres produkter, investeringskontrakter og aksjon\u00e6ravtaler som egenkapitalrelaterte kontrakter, og arbeidskontrakter som kontrakter relatert til selskapet. Vi fungerer ogs\u00e5 som IT-advokater for japanske forretningsbedrifter.<br> Videre, som IT-advokater for driftsselskaper, utarbeider og gjennomg\u00e5r vi kontrakter relatert til nye IT-relaterte virksomheter, kontrakter relatert til outsourcing til IT-selskaper, og andre kontrakter ogs\u00e5.<\/p>\n\t<\/div>\n<\/section>\n<section class=\"white-section\">\n\t<div class=\"section-inner pdt0\">\n\t\t<h3 class=\"ttl-enjp mgb-middle\"><span class=\"en\"><\/span><span class=\"ja\">Kjennetegn ved MONOLITH LAW OFFICE <\/span><\/h3>\n\t\t<ol class=\"practices-list\">\n\t\t\t<li>\n\t\t\t\t<h4><img decoding=\"async\" src=\"\/wp-content\/themes\/monolith_en\/img\/practices\/practices_1_1.svg\" alt=\"1.Start-up Legal Services\"><\/h4>\n\t\t\t\t<img decoding=\"async\" src=\"\/wp-content\/themes\/monolith2021\/img\/practices\/practices_1_1_pic.png\" alt=\"Start-up Legal Services\">\n\t\t\t\t<p>Vi har omfattende erfaring med juridiske tjenester relatert til forretnings- og kapitalsaker, inkludert innsamling av midler, forretningsoverdragelser og oppkj\u00f8p i Japan.<\/p>\n\t\t\t<\/li>\n\t\t\t<li>\n\t\t\t\t<h4><img decoding=\"async\" src=\"\/wp-content\/themes\/monolith_en\/img\/practices\/practices_1_2.svg\" alt=\"2.IT og immaterielle rettigheter juridiske tjenester\"><\/h4>\n\t\t\t\t<img decoding=\"async\" src=\"\/wp-content\/themes\/monolith2021\/img\/practices\/practices_1_2_pic.png\" alt=\"IT og immaterielle rettigheter juridiske tjenester\">\n\t\t\t\t<p>V\u00e5re advokater, inkludert v\u00e5r grunnleggende advokat som er en tidligere ingeni\u00f8r, streber etter \u00e5 f\u00e5 en dyp forst\u00e5else av produktet ditt, noen ganger ved \u00e5 lese koden.<\/p>\n\t\t\t<\/li>\n\t\t\t<li>\n\t\t\t\t<h4><img decoding=\"async\" src=\"\/wp-content\/themes\/monolith_en\/img\/practices\/practices_1_3.svg\" alt=\"3.Hastighet\"><\/h4>\n\t\t\t\t<img decoding=\"async\" src=\"\/wp-content\/themes\/monolith2021\/img\/practices\/practices_1_3_pic.png\" alt=\"Hastighet\">\n\t\t\t\t<p>Vi forst\u00e5r viktigheten av \u00e5 svare raskt p\u00e5 dine forretningsbehov, og vi svarer vanligvis innen \u00e9n virkedag.<\/p>\n\t\t\t<\/li>\n\t\t\t<li>\n\t\t\t\t<h4><img decoding=\"async\" src=\"\/wp-content\/themes\/monolith_en\/img\/practices\/practices_1_4.svg\" alt=\"4. Bedriftsjuridiske tjenester for sm\u00e5 og mellomstore bedrifter\"><\/h4>\n\t\t\t\t<img decoding=\"async\" src=\"\/wp-content\/themes\/monolith2021\/img\/practices\/practices_1_4_pic.png\" alt=\"Bedriftsjuridiske tjenester for sm\u00e5 og mellomstore bedrifter\">\n\t\t\t\t<p>V\u00e5r grunnleggende advokat, med erfaring i japansk bedriftsledelse, forst\u00e5r utfordringene med \u00e5 drive en virksomhet.<\/p>\n\t\t\t<\/li>\n\t\t<\/ol>\n\t<\/div>\n<\/section>\n<section class=\"second-nav\">\n\t<div class=\"second-nav-inner\">\n\t\t<p>EMNER<\/p>\n\t\t<nav>\n\t\t\t<ul>\n\t\t\t\t<li><a href=\"#our-experience-in-contract-drafting-etc\">V\u00e5r erfaring med kontraktsutforming, osv.<\/a><\/li>\n\t\t\t\t<li><a href=\"#handling-more-than-3000-contracts-per-year-as-an-organization\">H\u00e5ndtering av mer enn 3,000 kontrakter per \u00e5r som en organisasjon<\/a><\/li>\n\t\t\t\t<li><a href=\"#IT\">IT<\/a><\/li>\n\t\t\t\t<li><a href=\"#extensive-experience-in-investment-contracts-etc\">Omfattende erfaring med investeringskontrakter, osv.<\/a><\/li>\n\t\t\t\t<li><a href=\"#examples-of-support-provided-by-our-firm\">Eksempler p\u00e5 st\u00f8tte levert av v\u00e5r firma<\/a><\/li>\n\t\t\t\t<li><a href=\"#monolith-law-magazine\">MONOLITH LAW MAGAZINE<\/a><\/li>\n\t\t\t\t<li><a href=\"#fee-structure\">Gebyrstruktur<\/a><\/li>\n\t\t\t<\/ul>\n\t\t<\/nav>\n\t<\/div>\n<\/section>\n<section class=\"white-section mgt-section mgb-section\">\n\t<div class=\"anchor\" id=\"our-experience-in-contract-drafting-etc\"><\/div>\n\t<div class=\"section-inner-black\">\n\t\t<h3>V\u00e5r erfaring med utarbeidelse av kontrakter, <br class=\"spOnly\">osv.<\/h3>\n\t\t<p class=\"mgb-middle\">MONOLITH LAW OFFICE, som et advokatfirma spesialisert p\u00e5 &#8220;IT, Internett og forretninger&#8221;, tilbyr ulike typer tjenester for utarbeidelse og gjennomgang av IT-relaterte og forretningsrelaterte kontrakter. Noen eksempler p\u00e5 v\u00e5re tjenester inkluderer, men er ikke begrenset til f\u00f8lgende:<\/p>\n\t\t<p class=\"mgb-middle\">SEO-outsourcingavtale, SNS-driftsoutsourcingavtale, Fusjonsavtale, Aksjeoverdragelsesavtale, Aksjetegningsavtale, Avtale om felles forskning, Joint venture-avtale, Tjenesteavtale, Forretningsallianseavtale, L\u00e5neavtale, Reklameoutsourcingavtale, Grunnleggende avtale om reklametransaksjoner, R\u00e5dgivningsavtale, Arbeidsavtale, Konsulentavtale, Avtale om overdragelse av krav, Avtale om overdragelse av sikkerhetsinteresser, Virksomhetsoverdragelsesavtale, Varemerkeoverdragelsesavtale, Grunnleggende rekrutteringsavtale, Kapital- og forretningsallianseavtale, Avtale om begrenset ansvar, Talenttilknytningsavtale, Sluttavtale, Agentavtale, Opphavsrettsoverdragelsesavtale, Investeringsavtale, Grunnleggende kj\u00f8psavtale, Distribut\u00f8ravtale, Taushetserkl\u00e6ring, Franchiseavtale, Generell abonnementsavtale, Forvaltningsavtale, MEO-avtale, Lisensavtale, Arbeidsutleieavtale, Forlikningsavtale<\/p>\n\t<\/div>\n<\/section>\n<section class=\"purple-section\">\n\t<div class=\"anchor\" id=\"handling-more-than-3000-contracts-per-year-as-an-organization\"><\/div>\n\t<div class=\"section-inner\">\n\t\t<div class=\"flex\">\n\t\t\t<div class=\"width51\">\n\t\t\t\t<h3>H\u00e5ndtering av mer enn 3,000 kontrakter per \u00e5r<\/h3>\n\t\t\t\t<p class=\"mgb-small\">MONOLITH LAW OFFICE er en organisasjon best\u00e5ende av 30 advokater ledet av v\u00e5r grunnleggende advokat, en tidligere IT-ingeni\u00f8r og forretningsleder.<\/p>\n\t\t\t\t<p class=\"mgb-small\">V\u00e5rt firma utarbeider og gjennomg\u00e5r mer enn 3,000 kontrakter \u00e5rlig, noe som demonstrerer omfattende erfaring og ekspertise i disse sakene.<\/p>\n\t\t\t\t<p>*Grafene er basert p\u00e5 tall med estimat, og det kan v\u00e6re en feil p\u00e5 opptil 20%.<\/p>\n\t\t\t<\/div>\n\t\t\t<div class=\"width41\"><img decoding=\"async\" src=\"\/wp-content\/themes\/monolith_en\/img\/contractcreation\/contractcreation_pic1.png\" alt=\"H\u00e5ndtering av mer enn 2,000 kontrakter per \u00e5r som en organisasjon\"><\/div>\n\t\t<\/div>\n\t<\/div>\n<\/section>\n\n<section class=\"white-section\">\n\t<div id=\"IT\"><\/div>\n\t<div class=\"section-inner\">\n\t<div class=\"flex\">\n\t<div class=\"width41\"><img decoding=\"async\" src=\"\/wp-content\/themes\/monolith2021\/img\/pic\/pic_practices-itlaw.jpg\" alt=\"IT\" \/><\/div>\n\t<div class=\"width51\">\n\t\t<h3>IT<\/h3>\n\t\t<p class=\"mgb-middle\">MONOLITH LAW OFFICE spesialiserer seg p\u00e5 IT-lov og gir omfattende juridisk st\u00f8tte til forskjellige IT-selskaper. V\u00e5r ekspertise inkluderer utarbeidelse av kontrakter relatert til banebrytende teknologier, samt investeringer og M&#038;A-transaksjoner som involverer oppstartsselskaper. Med v\u00e5r omfattende erfaring i kontraktsutforming, spesielt innen IT-sektoren, er vi godt rustet til \u00e5 m\u00f8te de unike juridiske behovene til teknologidrevne bedrifter.<\/p>\n\t\t<div class=\"btn-area align-left\">\n\t\t\t<div class=\"btn icon-it\"><a href=\"\/no\/it\">IT<\/a><\/div>\n\t\t<\/div>\n\t<\/div>\n\t<\/div>\n\t<\/div>\n<\/section>\n\n<section class=\"white-section\">\n\t<div class=\"anchor\" id=\"extensive-experience-in-investment-contracts-etc\"><\/div>\n\t<div class=\"section-inner-black\">\n\t\t<h3>Omfattende erfaring med investeringsavtaler og lignende<\/h3>\n\t\t<p class=\"mgb-middle\">N\u00e5r det gjelder utstedelse av aksjer gjennom tredjepartsallokering, h\u00e5ndterer MONOLITH LAW OFFICE alt fra forberedelse av term sheets til utforming av investeringsavtaler og aksjon\u00e6ravtaler. Vi tar ogs\u00e5 h\u00e5nd om design av aksjeklasser som fastsetter foretrukket fordeling, utstedelse av opsjoner, grunnlegger-til-grunnlegger avtaler, overf\u00f8ring av aksjer, og ulike andre egenkapitalrelaterte strategier og kontrakter.<\/p>\n\t<\/div>\n<\/section>\n\n<section class=\"orange-section mgt-section\">\n\t<div class=\"anchor\" id=\"examples-of-support-provided-by-our-firm\"><\/div>\n\t<div class=\"section-inner\">\n\t\t<h3 class=\"mgb-middle\">Eksempler p\u00e5 st\u00f8tte levert av MONOLITH LAW OFFICE<\/h3>\n\t\t<p class=\"mgb-middle\">MONOLITH LAW OFFICE har fungert som juridisk r\u00e5dgiver for japanske IT- og oppstartsselskaper i forbindelse med ulike typer kontrakter, inkludert outsourcingkontrakter for outsourcede operasjoner, bruks- og agentkontrakter for selskapsprodukter, investeringskontrakter og aksjon\u00e6ravtaler for egenkapitalrelaterte kontrakter, og arbeidskontrakter for selskapsrelaterte kontrakter. Vi fungerer ogs\u00e5 som IT-advokater for forretningsvirksomheter i Japan, og utarbeider og vurderer kontrakter for nye IT-relaterte virksomheter og kontrakter relatert til IT-selskaper.<\/p>\n\t\t<div class=\"white-base\">\n\t\t\t<ul>\n\t\t\t\t<li class=\"mgb-small\">\n\t\t\t\t\t<figure><img decoding=\"async\" alt=\"HAZAMA ANDO CORPORATION\" src=\"\/wp-content\/themes\/monolith2021\/img\/clients\/logo_andohazama.png\"><\/figure>\n\t\t\t\t\t<h4 class=\"mgt-small mgb-small\">HAZAMA ANDO CORPORATION<\/h4>\n\t\t\t\t\t<p>V\u00e5rt firma utarbeidet en IT-relatert kontrakt for denne klienten, en stor hovedentrepren\u00f8r notert p\u00e5 Tokyo Stock Exchange Prime.<\/p>\n\t\t\t\t<\/li>\n\t\t\t\t<li class=\"mgb-small\">\n\t\t\t\t\t<figure><img decoding=\"async\" alt=\"Gftd Japan\" src=\"\/wp-content\/themes\/monolith2021\/img\/clients\/logo_gftd.png\"><\/figure>\n\t\t\t\t\t<h4 class=\"mgt-small mgb-small\">Gftd Japan<\/h4>\n\t\t\t\t\t<p>Gftd Japan er et oppstartsselskap relatert til blokkjede, for hvilket vi har utarbeidet ulike typer kontrakter, fra forretningsrelaterte kontrakter til arbeidsrelaterte kontrakter.<\/p>\n\t\t\t\t<\/li>\n\t\t\t\t<li class=\"mgb-small\">\n\t\t\t\t\t<figure><img decoding=\"async\" alt=\"TOKIUM Inc.\" src=\"\/wp-content\/uploads\/2022\/04\/logo_tokium.png\"><\/figure>\n\t\t\t\t\t<h4 class=\"mgt-small mgb-small\">TOKIUM Inc.<\/h4>\n\t\t\t\t\t<p>Tokium er et oppstartsselskap relatert til fintech, for hvilket vi har utarbeidet kontrakter som spenner fra kapital- og forretningsallianseavtaler til forretningsrelaterte avtaler.<\/p>\n\t\t\t\t<\/li>\n\t\t\t\t<li class=\"mgb-small\">\n\t\t\t\t\t<figure><img decoding=\"async\" alt=\"MI-6 Ltd.\" src=\"\/wp-content\/themes\/monolith2021\/img\/clients\/logo_mi-6.png\"><\/figure>\n\t\t\t\t\t<h4 class=\"mgt-small mgb-small\">MI-6 Ltd.<\/h4>\n\t\t\t\t\t<p>V\u00e5rt firma forberedte investeringskontrakter, J-KISS type aksjeopsjonsutstedelser, og kontrakter relatert til felles forskning.<\/p>\n\t\t\t\t<\/li>\n\t\t\t<\/ul><p class=\"mgb-small\">\n\t\t<p class=\"txt-s\">*Vi er ansvarlige for mange andre klientprosjekter. Vi lister kun opp noen av v\u00e5re klienter som har gitt oss tillatelse til \u00e5 offentliggj\u00f8re deres status som klienter (eller er registrert som styremedlem). Som en generell regel opprettholdes klientkonfidensialitet under taushetsplikten.<\/p>\n\t<\/div><\/div>\n<\/section>\n\n<section class=\"purple2-section\">\n\t<div class=\"anchor\" id=\"monolith-law-magazine\"><\/div>\n\t<div class=\"section-inner\">\n\t\t    <section class=\"white-section temp-article\">\n        <div class=\"section-inner\">\n            <h4>MONOLITH LAW MAGAZINE<\/h4>\n            <div class=\"articles type_practice_column\">\n                                                                    <div class=\"article article-area\">\n                        <figure>\n                            <div class=\"img-wrap\">\n                                <img alt=\"Forklaring av straff for brudd p\u00e5 den nye frilansloven basert p\u00e5 tre eksempler\" src=\"https:\/\/monolith.law\/no\/wp-content\/uploads\/sites\/27\/2025\/08\/6d129f9213bc4489ca4b5e0a5df7378f.webp\" width=\"500\" height=\"250\">\n                            <\/div>\n                            <figcaption>\n                                <div class=\"figcaption-inner\">\n                                    <h3>Forklaring av straff for brudd p\u00e5 den nye frilansloven basert p\u00e5 tre eksempler<\/h3>\n                                <\/div>\n                            <\/figcaption>\n                            <a href=\"https:\/\/monolith.law\/no\/general-corporate\/freelance-law-penalties\"><\/a>\n                        <\/figure>\n                    <\/div>\n                                                    <div class=\"article article-area\">\n                        <figure>\n                            <div class=\"img-wrap\">\n                                <img alt=\"Hva er den nye loven for frilansere? Forklaring av sjekkpunkter basert p\u00e5 eksempler p\u00e5 kontrakter tilpasset den nye loven\" src=\"https:\/\/monolith.law\/no\/wp-content\/uploads\/sites\/27\/2025\/08\/873e76645ec995ae22ee695f1ecd9a55.webp\" width=\"500\" height=\"250\">\n                            <\/div>\n                            <figcaption>\n                                <div class=\"figcaption-inner\">\n                                    <h3>Hva er den nye loven for frilansere? Forklaring av sjekkpunkter basert p\u00e5 eksemp.<\/h3>\n                                <\/div>\n                            <\/figcaption>\n                            <a href=\"https:\/\/monolith.law\/no\/general-corporate\/freelance-law-contract\"><\/a>\n                        <\/figure>\n                    <\/div>\n                                                    <div class=\"article article-area\">\n                        <figure>\n                            <div class=\"img-wrap\">\n                                <img alt=\"Detaljert forklaring av juridiske reguleringer for arenaer for e-sportkonkurranser\" src=\"https:\/\/monolith.law\/no\/wp-content\/uploads\/sites\/27\/2025\/03\/taikai-1024x538.jpg\" width=\"500\" height=\"250\">\n                            <\/div>\n                            <figcaption>\n                                <div class=\"figcaption-inner\">\n                                    <h3>Detaljert forklaring av juridiske reguleringer for arenaer for e-sportkonkurrans.<\/h3>\n                                <\/div>\n                            <\/figcaption>\n                            <a href=\"https:\/\/monolith.law\/no\/general-corporate\/legal-regulations-e-sports-venues\"><\/a>\n                        <\/figure>\n                    <\/div>\n                                            <\/div>\n            <div class=\"btn-more\"><a href=\"https:\/\/monolith.law\/no\/tag\/contract-drafting-and-review\">Read More<\/a><\/div>\n        <\/div>\n    <\/section>\n\t<\/div>\n<\/section>\n\n<section class=\"orange2-section\">\n\t<div id=\"fee-structure\"><\/div>\n\t<div class=\"section-inner\">\n\t<div class=\"planWrap\">\n\t<h3>Honorarstruktur<\/h3>\n\t<ul class=\"plan\">\n\t\t<li class=\"txt-left\">\n\t\t\t<div class=\"plan-inner\">\n\t\t\t<div class=\"plan-header\">\n\t\t\t<h4 class=\"plan-title\">Timepris<\/h4>\n\t\t\t<div class=\"plan-price\"><span class=\"price-figure\">$300<\/span>per time<span class=\"price-value\"><\/span><\/div>\n\t\t\t<\/div>\n\t\t\t<div class=\"plan-body\">I visse tilfeller kan vi vurdere \u00e5 ta en tvist eller et s\u00f8ksm\u00e5l med et oppstartshonorar og et resultatbasert honorar. For mer informasjon, vennligst ta kontakt med oss.<\/div>\n\t\t\t<\/div>\n\t\t<\/li>\n\t\t<li class=\"txt-left\">\n\t\t\t<div class=\"plan-inner\">\n\t\t\t<div class=\"plan-header\">\n\t\t\t<h4 class=\"plan-title\">Utarbeidelse av Kontrakter<\/h4>\n\t\t\t<div class=\"plan-price\"><span class=\"price-value\">fra<\/span><span class=\"price-figure\">$500<\/span><span class=\"price-value\">til $2,000 eller mer<\/span><\/div>\n\t\t\t<\/div>\n\t\t\t<div class=\"plan-body\">Prisstrukturen kan variere basert p\u00e5 typen og antallet kontrakter. Vi tilbyr gjerne et forel\u00f8pig kostnadsoverslag ved foresp\u00f8rsel, s\u00e5 vi oppfordrer deg til \u00e5 kontakte oss for ytterligere detaljer.<\/div>\n\t\t\t<\/div>\n\t\t<\/li>\n\t\t<li class=\"txt-left\">\n\t\t\t<div class=\"plan-inner\">\n\t\t\t<div class=\"plan-header\">\n\t\t\t<h4 class=\"plan-title\">Andre Tjenester<\/h4>\n\t\t\t<div class=\"plan-price\"><span class=\"price-figure\">Kontakt Oss<\/span><\/div>\n\t\t\t<\/div>\n\t\t\t<div class=\"plan-body\">Vi tilbyr et bredt spekter av tjenester, inkludert selskapsdannelse, kontraktsvurdering, juridiske uttalelser, saksgjennomgang eller forskningsbrev. Hvis du har noen sp\u00f8rsm\u00e5l eller bekymringer, inviterer vi deg hjertelig til \u00e5 kontakte oss, og v\u00e5rt kunnskapsrike team vil v\u00e6re glade for \u00e5 assistere deg.<\/div>\n\t\t\t<\/div>\n\t\t<\/li>\n\t<\/ul>\n\t<\/div>\n\t<\/div>\n<\/section>\n\n<section class=\"white-section\">\n\t<div class=\"section-inner\">\n\t<div class=\"btn-area\">\n\t<div class=\"btn icon-contact\"><a href=\"\/no\/contact\">Kontakt Oss<\/a><\/div>\n\t<\/div>\n\t<\/div>\n<\/section>\n","protected":false},"excerpt":{"rendered":"<p>Utarbeidelse og gjennomgang av kontrakter Som juridisk r\u00e5dgiver for IT- og oppstartsbedrifter, og av og til som IT-r\u00e5dgiver for st\u00f8rre selskaper, utarbeider og gjennomg\u00e5r vi et bredt spekter av h\u00f8yt s [&hellip;]<\/p>\n","protected":false},"author":1,"featured_media":57034,"parent":0,"menu_order":7,"comment_status":"closed","ping_status":"closed","template":"other-page-temp.php","meta":{"footnotes":""},"acf":[],"_links":{"self":[{"href":"https:\/\/monolith.law\/no\/wp-json\/wp\/v2\/pages\/30628"}],"collection":[{"href":"https:\/\/monolith.law\/no\/wp-json\/wp\/v2\/pages"}],"about":[{"href":"https:\/\/monolith.law\/no\/wp-json\/wp\/v2\/types\/page"}],"author":[{"embeddable":true,"href":"https:\/\/monolith.law\/no\/wp-json\/wp\/v2\/users\/1"}],"replies":[{"embeddable":true,"href":"https:\/\/monolith.law\/no\/wp-json\/wp\/v2\/comments?post=30628"}],"version-history":[{"count":99,"href":"https:\/\/monolith.law\/no\/wp-json\/wp\/v2\/pages\/30628\/revisions"}],"predecessor-version":[{"id":62617,"href":"https:\/\/monolith.law\/no\/wp-json\/wp\/v2\/pages\/30628\/revisions\/62617"}],"wp:featuredmedia":[{"embeddable":true,"href":"https:\/\/monolith.law\/no\/wp-json\/wp\/v2\/media\/57034"}],"wp:attachment":[{"href":"https:\/\/monolith.law\/no\/wp-json\/wp\/v2\/media?parent=30628"}],"curies":[{"name":"wp","href":"https:\/\/api.w.org\/{rel}","templated":true}]}}