{"id":30684,"date":"2023-11-05T23:00:20","date_gmt":"2023-11-05T14:00:20","guid":{"rendered":"https:\/\/monolith.law\/?page_id=30684"},"modified":"2023-12-28T13:34:23","modified_gmt":"2023-12-28T04:34:23","slug":"id-of-the-defamatory-statement","status":"publish","type":"page","link":"https:\/\/monolith.law\/no\/id-of-the-defamatory-statement","title":{"rendered":"ID av den \u00e6rekrenkende uttalelsen"},"content":{"rendered":"\n<section class=\"heading-area\">\n\t<div class=\"heading-area-inner\">\n\t\t<h2 class=\"icon-id-of-the-defamatory-statement\">ID av den \u00e6rekrenkende uttalelsen<\/h2>\n\t\t<p>I henhold til japansk lov, hvis et selskap eller enkeltperson lider av \u00e6rekrenkelse eller krenkelse av privatlivets fred av en anonym bruker p\u00e5 internett, er det mulig \u00e5 identifisere den anonyme plakaten gjennom ulike juridiske prosedyrer tilrettelagt av domstolen. Selv om det finnes tilfeller av \u00e6rekrenkelse av anonyme brukere i det japanske nettrommet, er det mulig \u00e5 identifisere plakaten og forf\u00f8lge et krav om erstatning gjennom en advokat.<\/p>\n\t<\/div>\n<\/section>\n\n<section class=\"white-section\">\n\t<div class=\"section-inner pdt0 border-bottom-section\">\n\t\t<p class=\"mgb-small\">Hvis du har blitt utsatt for \u00e6rekrenkelse av en anonym bruker p\u00e5 internett og \u00f8nsker \u00e5 forf\u00f8lge et erstatningskrav, er det n\u00f8dvendig \u00e5 f\u00f8rst identifisere identiteten til den brukeren. Japansk lov gir juridiske prosedyrer for identifisering av anonyme brukere p\u00e5 internett.<\/p>\n\t\t<p>MONOLITH LAW OFFICE er et japansk advokatfirma som spesialiserer seg p\u00e5 internettrelaterte saker. Vi har v\u00e6rt engasjert i identifiseringen av \u00e6rekrenkende plakater basert p\u00e5 foresp\u00f8rsler fra ulike klienter, inkludert innenlandske b\u00f8rsnoterte selskaper, fremtredende ledere og innflytelsesrike individer. Med v\u00e5r omfattende erfaring og suksesshistorikk, er vi rustet til \u00e5 h\u00e5ndtere tvister i det japanske nettrommet.<\/p>\n\t<\/div>\n<\/section>\n\n<section class=\"second-nav\">\n\t<div class=\"second-nav-inner\">\n\t\t<p>EMNER<\/p>\n\t\t<nav>\n\t\t\t<ul>\n\t\t\t\t<li><a href=\"#identification-of-the-defamatory-statement\">Identifisering av den \u00e6rekrenkende uttalelsen<\/a><\/li>\n\t\t\t\t<li><a href=\"#examples-of-identifications-by-our-firm-target-sites\">Eksempler p\u00e5 identifiseringer av v\u00e5r firma: M\u00e5lrettede nettsteder<\/a><\/li>\n\t\t\t\t<li><a href=\"#examples-of-support-provided-by-our-firm\">Eksempler p\u00e5 st\u00f8tte levert av v\u00e5r firma<\/a><\/li>\n\t\t\t\t<li><a href=\"#procedures-for-identifying-authors-under-japanese-law\">Prosedyrer for \u00e5 identifisere forfattere under japansk lov<\/a><\/li>\n\t\t\t\t<li><a href=\"#publications-as-a-lawyer-specializing-in-mitigating-reputational-damage\">Publikasjoner som advokat spesialisert p\u00e5 \u00e5 redusere omd\u00f8mmeskade<\/a><\/li>\n\t\t\t\t<li><a href=\"#monolith-law-magazine\">MONOLITH LAW MAGAZINE<\/a><\/li>\n\t\t\t\t<li><a href=\"#fee-structure\">Gebyrstruktur<\/a><\/li>\n\t\t\t<\/ul>\n\t\t<\/nav>\n\t<\/div>\n<\/section>\n\n<section class=\"white-section\">\n\t<div class=\"anchor\" id=\"identification-of-the-defamatory-statement\"><\/div>\n\t<div class=\"section-inner\">\n\t\t<div class=\"flex\">\n\t\t\t<div class=\"width41\"><img decoding=\"async\" src=\"\/wp-content\/themes\/monolith2021\/img\/pic\/pic_reputation.jpg\" alt=\"Kilde til identifisering av den \u00e6rekrenkende uttalelsen\"><\/div>\n\t\t\t<div class=\"width51\">\n\t\t\t\t<h3>Identifisering av \u00e6rekrenkende uttalelse<\/h3>\n\t\t\t\t<p>I henhold til japansk lov (Japanese law), er det mulig \u00e5 iverksette rettslige skritt for \u00e5 identifisere personer ansvarlige for ulovlige innlegg, inkludert \u00e6rekrenkende uttalelser, gjennom en rettslig prosedyre. Hvis ditt selskap blir m\u00e5lrettet av anonyme internettbrukere som engasjerer seg i angrep p\u00e5 det japanske internettet, kan det v\u00e6re mulig \u00e5 avsl\u00f8re identiteten, inkludert navn og adresse, til den anonyme brukeren ved \u00e5 konsultere en h\u00f8yt spesialisert advokat. N\u00e5r identiteten er avsl\u00f8rt, kan du ha muligheten til \u00e5 fremme et krav om erstatning mot internettbrukeren. Det er avgj\u00f8rende \u00e5 arbeide med en erfaren advokat som kan veilede deg gjennom den juridiske prosessen og beskytte selskapets interesser.<\/p>\n\t\t\t<\/div>\n\t\t<\/div>\n\t<\/div>\n<\/section>\n\n<section class=\"white-section mgb-section\">\n\t<div class=\"anchor\" id=\"examples-of-identifications-by-our-firm-target-sites\"><\/div>\n\t<div class=\"section-inner-black\">\n\t\t<h3 class=\"mgb-middle\">Eksempler p\u00e5 identifikasjoner utf\u00f8rt av v\u00e5rt firma: M\u00e5lrettede nettsteder<\/h3>\n\t\t<p class=\"mgb-middle\">MONOLITH LAW OFFICE har en historikk og ekspertise i \u00e5 identifisere forfatterne av \u00e6rekrenkende innlegg p\u00e5 ulike nettsteder, inkludert men ikke begrenset til tilfeller av \u00e6rekrenkelse, krenkelse av personvern, opphavsrettsbrudd og identitetstyveri. Vi har med suksess bist\u00e5tt klienter i \u00e5 identifisere forfatterne bak slike innlegg, ved \u00e5 utnytte v\u00e5r erfaring og kunnskap p\u00e5 feltet.<\/p>\n\t\t<p class=\"mgb-middle\">2channel, 5channel, Twitter, Facebook, Instagram, Google Maps (My Business), Yahoo! Finance, Food Log, Amazon kundeanmeldelser, Girls Channel, Bakusai, Mansion Community, Hostlove, og ulike andre oppslagstavle-nettsteder. Yahoo! Chiebukuro, NAVER sammendrag, telefonnummer s\u00f8k (jpnumber, osv.), Livedoor Blog, FC2 Blog, Ameba Blog, Hatena Blog, osv. Andre ulike bloggnettsteder, YouTube, Nico Nico Douga, FC2 Video, og andre videosider. MILKCAFE, openwork, Lighthouse (tidligere Kaisha\u2019s Reputation), andre jobbvurderingssider, andre originale domenenettsteder.<\/p>\n\t<\/div>\n<\/section>\n\n<section class=\"purple-section\">\n\t<div class=\"anchor\" id=\"examples-of-support-provided-by-our-firm\"><\/div>\n\t<div class=\"section-inner\">\n\t\t<h3 class=\"mgb-middle\">Eksempler p\u00e5 st\u00f8tte tilbudt av v\u00e5rt firma<\/h3>\n\t\t<ul class=\"layout-column4 mgb-big\">\n\t\t\t<li>\n\t\t\t\t<div><img decoding=\"async\" src=\"\/wp-content\/themes\/monolith2021\/img\/identificationofslander\/identificationofslander_support_pic1.jpg\" alt=\"TSE listed company\"><\/div>\n\t\t\t\t<h4>TSE-notert selskap<\/h4>\n\t\t\t\t<p>Vi har identifisert forfatterne bak vedvarende innlegg som sprer falsk informasjon, som interne skandaler, p\u00e5 plattformer som Yahoo! Finance og Google Reviews.<\/p>\n\t\t\t<\/li>\n\t\t\t<li>\n\t\t\t\t<div><img decoding=\"async\" src=\"\/wp-content\/themes\/monolith2021\/img\/identificationofslander\/identificationofslander_support_pic2.jpg\" alt=\"Fremtredende leder\"><\/div>\n\t\t\t\t<h4>Fremtredende leder<\/h4>\n\t\t\t\t<p>Vi har utf\u00f8rt forfatteridentifikasjon for kontoer p\u00e5 Twitter som driver med \u00e6rekrenkelse, personforfalskning og nedsettende innlegg rettet mot individuelle ledere.<\/p>\n\t\t\t<\/li>\n\t\t\t<li>\n\t\t\t\t<div><img decoding=\"async\" src=\"\/wp-content\/themes\/monolith2021\/img\/systemdevelopment\/systemdevelopment_support_pic3.jpg\" alt=\"Forretningsforetak\"><\/div>\n\t\t\t\t<h4>Forretningsforetak<\/h4>\n\t\t\t\t<p>Vi har gjennomf\u00f8rt forfatteridentifikasjon for \u00e6rekrenkende innlegg rettet mot spesifikke ledere p\u00e5 anonyme meldingstavler som 5channel og Google Reviews.<\/p>\n\t\t\t<\/li>\n\t\t\t<li>\n\t\t\t\t<div><img decoding=\"async\" src=\"\/wp-content\/themes\/monolith2021\/img\/identificationofslander\/identificationofslander_support_pic4.jpg\" alt=\"Fremtredende YouTuber\"><\/div>\n\t\t\t\t<h4>Fremtredende YouTuber<\/h4>\n\t\t\t\t<p>Vi har bist\u00e5tt i forfatteridentifikasjon for saker som involverer lekkasje av personlig informasjon og \u00e6rekrenkende kommentarer gjort p\u00e5 andre YouTuberes videoer, personlige blogger og andre plattformer.<\/p>\n\t\t\t<\/li>\n\t\t<\/ul>\n\t\t<div class=\"frame2-white max-width860 txt-center-pc\">\n\t\t\t<p class=\"txt-l bold\">Forfatteridentifikasjon krever h\u00f8yt spesialisert ekspertise, som omfatter strategisk planlegging og spesifikke operative oppgaver.<\/p>\n\t\t<\/div>\n\t<\/div>\n<\/section>\n\n<section class=\"white-section\">\n\t<div class=\"anchor\" id=\"procedures-for-identifying-authors-under-japanese-law\"><\/div>\n\t<div class=\"section-inner pdb0\">\n\t\t<h3>Prosedyrer for \u00e5 identifisere forfattere under japansk lov<\/h3>\n\t\t<p class=\"mgb-middle\">I Japan finnes det ulike juridiske prosedyrer tilgjengelig for \u00e5 identifisere forfattere av \u00e6rekrenkende nettinnlegg og bekjempe nettdiffamasjon. Som juridiske fagpersoner benytter vi disse prosedyrene selektivt og i kombinasjon for \u00e5 oppn\u00e5 identifikasjon av forfatteren. Selv om det er utfordrende \u00e5 gi en omfattende forklaring p\u00e5 denne siden p\u00e5 grunn av prosedyrenes h\u00f8yt spesialiserte natur, vil vi gi en oversikt.<\/p>\n\t\t<ul class=\"layout-datalist\">\n\t\t\t<li>\n\t\t\t\t<h4>A: Foresp\u00f8rsel om Offentliggj\u00f8ring (Forel\u00f8pig Forf\u00f8yning)<\/h4>\n\t\t\t\t<p>Denne akselererte melloml\u00f8sningen lar oss be nettsideoperat\u00f8rer eller serveradministratorer om \u00e5 offentliggj\u00f8re IP-adressen til innleggsforfatteren, uten \u00e5 m\u00e5tte ty til formell rettssak. Det er imidlertid viktig \u00e5 merke seg at noen nettsteder kan offentliggj\u00f8re IP-adressen frivillig gjennom uformelle forhandlinger uten behov for denne prosedyren. \u00c5 ta riktig avgj\u00f8relse i slike tilfeller krever erfaring og ekspertise fra kunnskapsrike advokater.<\/p>\n\t\t\t<\/li>\n\t\t\t<li>\n\t\t\t\t<h4>B: Forbud mot Sletting av Informasjon<\/h4>\n\t\t\t\t<p>Ved \u00e5 analysere den offentliggjorte IP-adressen oppn\u00e5dd gjennom Prosedyre A, er det mulig \u00e5 identifisere internettleverand\u00f8ren (ISP) som den anonyme brukeren benytter. I Prosedyre C er det avgj\u00f8rende \u00e5 be ISP om ikke \u00e5 slette avsenderinformasjonen (loggdata relatert til brukerens internettforbindelse) for \u00e5 bevare bevis.<\/p>\n\t\t\t<\/li>\n\t\t\t<li>\n\t\t\t\t<h4>C: Foresp\u00f8rsel om Offentliggj\u00f8ring (S\u00f8ksm\u00e5l)<\/h4>\n\t\t\t\t<p>Denne prosedyren inneb\u00e6rer \u00e5 saks\u00f8ke den identifiserte ISP-en som en saks\u00f8kt for \u00e5 s\u00f8ke offentliggj\u00f8ring av den anonyme brukerens adresse og navn. I tilfeller der den anonyme brukeren har registrert et telefonnummer p\u00e5 nettstedet, kan denne prosedyren brukes mot nettstedsoperat\u00f8ren for \u00e5 be om offentliggj\u00f8ring av det telefonnummeret. Hurtige melloml\u00f8sninger kan ikke brukes i denne prosedyren, og formell rettssak kreves i henhold til japansk rettspraksis.<\/p>\n\t\t\t<\/li>\n\t\t\t<li>\n\t\t\t\t<h4>D: P\u00e5legg om Offentliggj\u00f8ring (Endringen i 2022)<\/h4>\n\t\t\t\t<p>Dette nylig innf\u00f8rte juridiske rammeverket kombinerer Prosedyrene A, B og C til \u00e9n enkelt prosedyre, som muliggj\u00f8r gjennomf\u00f8ring av alle trinn (A, B og C) innen en kortere tidsramme. Denne prosedyren benytter en akselerert mekanisme. For \u00f8yeblikket anses denne prosedyren som det generelle prinsippet for identifikasjon av forfattere. Det finnes imidlertid unntak, som nettsteder der kun et telefonnummer er registrert uten en IP-adresse, eller tilfeller der offentliggj\u00f8ring av IP-adressen kan oppn\u00e5s gjennom frivillige forhandlinger. Ekspertise og know-how fra juridiske fagpersoner er essensielt for \u00e5 h\u00e5ndtere disse unntakene.<\/p>\n\t\t\t<\/li>\n\t\t\t<li>\n\t\t\t\t<h4>E: Henvendelsesprosedyre gjennom Advokatforeningen<\/h4>\n\t\t\t\t<p>I tilfeller der telefonnummeret til innleggsforfatteren blir kjent under de ovennevnte prosedyrene, er det n\u00f8dvendig \u00e5 be om avsl\u00f8ring av adressen eller navnet p\u00e5 personen som bruker det telefonnummeret fra telekommunikasjonsoperat\u00f8ren. I Japan har mobiloperat\u00f8rer en praksis med \u00e5 gi informasjonsavsl\u00f8ring n\u00e5r en advokat gj\u00f8r en passende henvendelse gjennom deres tilknyttede advokatforening.<\/p>\n\t\t\t<\/li>\n\t\t<\/ul>\n\t<\/div>\n<\/section>\n\n<section class=\"white-section\">\n\t<div class=\"section-inner\">\n\t\t<div class=\"frame2 max-width860 txt-center-pc\">\n\t\t\t<p class=\"bold txt-l\">\u00c5 identifisere forfatterne av \u00e6rekrenkende innlegg i samsvar med japansk lov er faktisk et sv\u00e6rt komplekst og spesialisert omr\u00e5de. Hvis du har noen sp\u00f8rsm\u00e5l eller bekymringer, inkludert gjennomf\u00f8rbarhet og kostnadsaspekter, n\u00f8l ikke med \u00e5 kontakte oss. Vi er her for \u00e5 hjelpe deg og gi n\u00f8dvendig veiledning.<\/p>\n\t\t<\/div>\n\t<\/div>\n<\/section>\n\n<section class=\"orange-section\">\n\t<div class=\"anchor\" id=\"publications-as-a-lawyer-specializing-in-mitigating-reputational-damage\"><\/div>\n\t<div class=\"section-inner\">\n\t\t<div class=\"flex\">\n\t\t\t<div class=\"width41\"><img decoding=\"async\" src=\"\/wp-content\/themes\/monolith2021\/img\/pic\/pic_publishing2.jpg\" alt=\"Publikasjoner som en advokat som spesialiserer seg p\u00e5 \u00e5 redusere omd\u00f8mmeskade\"><\/div>\n\t\t\t<div class=\"width51\">\n\t\t\t\t<h3>Publikasjoner som advokat spesialisert p\u00e5 \u00e5 redusere omd\u00f8mmeskade<\/h3>\n\t\t\t\t<p class=\"mgb-small\">Deltok i skrivingen av &#8220;Judicial Precedents of the Provider Liability Limitation Act,&#8221; en samling av rettsavgj\u00f8relser om tiltak mot omd\u00f8mmeskade, som en del av den praktiske studiegruppen for Provider Liability Limitation Act dannet av advokater.<\/p>\n\t\t\t\t<p>Publiserte &#8220;Digital Tattoo &#8211; Internett \u00e6rekrenkelse og omd\u00f8mmeskade saksmapper&#8221; fra Jiyuukokumin-sha, utgiveren av &#8220;Gendai Yogo no Kihonjitsu&#8221; (Grunnleggende kunnskap om moderne terminologi), og var ansvarlig for utarbeidelsen av NHKs l\u00f8rdagsdrama &#8220;Digital Tattoo&#8221; basert p\u00e5 denne publikasjonen.<\/p>\n\t\t\t<\/div>\n\t\t<\/div>\n\t<\/div>\n<\/section>\n\n<section class=\"purple2-section\">\n\t<div class=\"anchor\" id=\"monolith-law-magazine\"><\/div>\n\t<div class=\"section-inner\">\n\t\t    <section class=\"white-section temp-article\">\n        <div class=\"section-inner\">\n            <h4>MONOLITH LAW MAGAZINE<\/h4>\n            <div class=\"articles type_practice_column\">\n                                                                    <div class=\"article article-area\">\n                        <figure>\n                            <div class=\"img-wrap\">\n                                <img alt=\"Hvordan bevare bevis p\u00e5 \u00e6rekrenkelser p\u00e5 Instagram? En guide til lagring av bevis som kan brukes i retten\" src=\"https:\/\/monolith.law\/no\/wp-content\/uploads\/sites\/27\/2025\/08\/b7a6d88c3f4a061d0c0c2cfa711ac604.webp\" width=\"500\" height=\"250\">\n                            <\/div>\n                            <figcaption>\n                                <div class=\"figcaption-inner\">\n                                    <h3>Hvordan bevare bevis p\u00e5 \u00e6rekrenkelser p\u00e5 Instagram? En guide til lagring av bevi.<\/h3>\n                                <\/div>\n                            <\/figcaption>\n                            <a href=\"https:\/\/monolith.law\/no\/it\/instagram-preservation-evidence\"><\/a>\n                        <\/figure>\n                    <\/div>\n                                                    <div class=\"article article-area\">\n                        <figure>\n                            <div class=\"img-wrap\">\n                                <img alt=\"Er det mulig \u00e5 be om utlevering av informasjon fra LINE? En forklaring p\u00e5 identifisering av personer gjennom avsl\u00f8ring av senderinformasjon.\" src=\"https:\/\/monolith.law\/no\/wp-content\/uploads\/sites\/27\/2024\/11\/29578280_m.webp\" width=\"500\" height=\"250\">\n                            <\/div>\n                            <figcaption>\n                                <div class=\"figcaption-inner\">\n                                    <h3>Er det mulig \u00e5 be om utlevering av informasjon fra LINE? En forklaring p\u00e5 identi.<\/h3>\n                                <\/div>\n                            <\/figcaption>\n                            <a href=\"https:\/\/monolith.law\/no\/internet\/line-disclosure-request\"><\/a>\n                        <\/figure>\n                    <\/div>\n                                                    <div class=\"article article-area\">\n                        <figure>\n                            <div class=\"img-wrap\">\n                                <img alt=\"Kan man be om \u00e5penhet for sjikane og \u00e6rekrenkelser i online spill? En forklaring p\u00e5 rettsprosedyrer for \u00e5 identifisere den andre parten\" src=\"https:\/\/monolith.law\/no\/wp-content\/uploads\/sites\/27\/2024\/11\/onlinegame1.webp\" width=\"500\" height=\"250\">\n                            <\/div>\n                            <figcaption>\n                                <div class=\"figcaption-inner\">\n                                    <h3>Kan man be om \u00e5penhet for sjikane og \u00e6rekrenkelser i online spill? En forklaring.<\/h3>\n                                <\/div>\n                            <\/figcaption>\n                            <a href=\"https:\/\/monolith.law\/no\/internet\/onlinegame-defamation\"><\/a>\n                        <\/figure>\n                    <\/div>\n                                            <\/div>\n            <div class=\"btn-more\"><a href=\"https:\/\/monolith.law\/no\/tag\/id-of-the-defamatory-statement\">Read More<\/a><\/div>\n        <\/div>\n    <\/section>\n\t<\/div>\n<\/section>\n\n<section class=\"orange2-section\">\n\t<div class=\"anchor\" id=\"fee-structure\"><\/div>\n\t<div class=\"section-inner\">\n\t<div class=\"planWrap\">\n\t<h3>Fee Structure<\/h3>\n\t<ul class=\"plan\">\n\t\t<li class=\"txt-left\">\n\t\t\t<div class=\"plan-inner\">\n\t\t\t<div class=\"plan-header\">\n\t\t\t<h4 class=\"plan-title\">Timepris<\/h4>\n\t\t\t<div class=\"plan-price\"><span class=\"price-figure\">$300<\/span>per time<span class=\"price-tax\"> <\/span><\/div>\n\t\t\t<\/div>\n\t\t\t<div class=\"plan-body\">I visse tilfeller kan vi vurdere \u00e5 akseptere en tvist eller s\u00f8ksm\u00e5l med et oppstartshonorar og suksesshonorar. For mer informasjon, vennligst ta kontakt med oss.<\/div>\n\t\t\t<\/div>\n\t\t<\/li>\n\t\t<li class=\"txt-left\">\n\t\t\t<div class=\"plan-inner\">\n\t\t\t<div class=\"plan-header\">\n\t\t\t<h4 class=\"plan-title\">Utarbeidelse av kontrakter<\/h4>\n\t\t\t<div class=\"plan-price\"><span class=\"price-value\">fra<\/span><span class=\"price-figure\">$500<\/span><span class=\"price-value\">til $2,000 eller mer<\/span><span class=\"price-tax\"><\/span><\/div>\n\t\t\t<\/div>\n\t\t\t<div class=\"plan-body\">Prisstrukturen kan variere basert p\u00e5 typen og antallet kontrakter. Vi tilbyr gjerne et forel\u00f8pig kostnadsoverslag ved foresp\u00f8rsel, s\u00e5 ikke n\u00f8l med \u00e5 kontakte oss for ytterligere detaljer.<\/div>\n\t\t\t<\/div>\n\t\t<\/li>\n\t\t<li class=\"txt-left\">\n\t\t\t<div class=\"plan-inner\">\n\t\t\t<div class=\"plan-header\">\n\t\t\t<h4 class=\"plan-title\">Andre tjenester<\/h4>\n\t\t\t<div class=\"plan-price\"><span class=\"price-figure\">Kontakt oss<\/span><\/div>\n\t\t\t<\/div>\n\t\t\t<div class=\"plan-body\">Vi tilbyr et bredt spekter av tjenester, inkludert selskapsdannelse, kontraktsvurdering, juridiske uttalelser, saksgjennomgang eller forskningsbrev. Hvis du har noen sp\u00f8rsm\u00e5l eller bekymringer, inviterer vi deg hjertelig til \u00e5 kontakte oss, og v\u00e5rt kunnskapsrike team vil v\u00e6re glade for \u00e5 hjelpe deg.<\/div>\n\t\t\t<\/div>\n\t\t\t<\/div>\n\t\t<\/li>\n\t<\/ul>\n\t<\/div>\n\t<\/div>\n<\/section>\n\n<section class=\"white-section\">\n\t<div class=\"section-inner\">\n\t\t<div class=\"btn-area\">\n\t\t\t<div class=\"btn icon-contact\"><a href=\"\/no\/contact\">Kontakt oss<\/a><\/div>\n\t\t<\/div>\n\t<\/div>\n<\/section>\n","protected":false},"excerpt":{"rendered":"<p>ID av den \u00e6rekrenkende uttalelsen I henhold til japansk lov, hvis et selskap eller enkeltperson lider av \u00e6rekrenkelse eller krenkelse av privatlivets fred av en anonym bruker p\u00e5 internett, er det muli [&hellip;]<\/p>\n","protected":false},"author":1,"featured_media":57174,"parent":0,"menu_order":7,"comment_status":"closed","ping_status":"closed","template":"other-page-temp.php","meta":{"footnotes":""},"acf":[],"_links":{"self":[{"href":"https:\/\/monolith.law\/no\/wp-json\/wp\/v2\/pages\/30684"}],"collection":[{"href":"https:\/\/monolith.law\/no\/wp-json\/wp\/v2\/pages"}],"about":[{"href":"https:\/\/monolith.law\/no\/wp-json\/wp\/v2\/types\/page"}],"author":[{"embeddable":true,"href":"https:\/\/monolith.law\/no\/wp-json\/wp\/v2\/users\/1"}],"replies":[{"embeddable":true,"href":"https:\/\/monolith.law\/no\/wp-json\/wp\/v2\/comments?post=30684"}],"version-history":[{"count":30,"href":"https:\/\/monolith.law\/no\/wp-json\/wp\/v2\/pages\/30684\/revisions"}],"predecessor-version":[{"id":62593,"href":"https:\/\/monolith.law\/no\/wp-json\/wp\/v2\/pages\/30684\/revisions\/62593"}],"wp:featuredmedia":[{"embeddable":true,"href":"https:\/\/monolith.law\/no\/wp-json\/wp\/v2\/media\/57174"}],"wp:attachment":[{"href":"https:\/\/monolith.law\/no\/wp-json\/wp\/v2\/media?parent=30684"}],"curies":[{"name":"wp","href":"https:\/\/api.w.org\/{rel}","templated":true}]}}