{"id":31513,"date":"2023-11-05T23:20:32","date_gmt":"2023-11-05T14:20:32","guid":{"rendered":"https:\/\/monolith.law\/?page_id=31513"},"modified":"2023-12-28T13:29:52","modified_gmt":"2023-12-28T04:29:52","slug":"m-and-a-of-sns-accounts","status":"publish","type":"page","link":"https:\/\/monolith.law\/no\/m-and-a-of-sns-accounts","title":{"rendered":"M&amp;A av SNS-kontoer"},"content":{"rendered":"\n<section class=\"heading-area\">\n\t<div class=\"heading-area-inner\">\n\t\t<h2 class=\"icon-m-and-a-of-sns-accounts\">M&amp;A av SNS-kontoer<\/h2>\n\t\t<p>M&amp;A av YouTube-kanaler og Twitter-kontoer er et h\u00f8yt spesialisert omr\u00e5de som krever spesialisert kunnskap og know-how. Som et advokatfirma med spesialister p\u00e5 IT, internett og forretningsdrift p\u00e5 laget, tilbyr vi omfattende bistand p\u00e5 dette omr\u00e5det.<\/p>\n\t<\/div>\n<\/section>\n\n<section class=\"white-section\">\n\t<div class=\"section-inner pdt0 border-bottom-section\">\n\t\t<p>Liknende nettsteder, er ogs\u00e5 YouTube-kanaler og Twitter-kontoer gjenstand for M&amp;A. Men ettersom disse M&amp;Aene er unike situasjoner, er det n\u00f8dvendig \u00e5 engasjere et advokatfirma med spesialisert kunnskap og ekspertise. MONOLITH LAW OFFICE er et advokatfirma som spesialiserer seg p\u00e5 IT, internett og forretningsdrift. V\u00e5re advokater h\u00e5ndterer alle aspekter av mange M&amp;Aer, fra sm\u00e5 prosjekter som involverer YouTube-kanaler til prosjekter verdt mer enn 100 millioner yen, alt fra kontraktsutforming til due diligence (DD).<\/p>\n\t<\/div>\n<\/section>\n\n<section class=\"second-nav\">\n\t<div class=\"second-nav-inner\">\n\t\t<p>EMNER<\/p>\n\t\t<nav>\n\t\t\t<ul>\n\t\t\t\t<li><a href=\"#an-example-of-ma-track-record\">Eksempler p\u00e5 M&amp;A-sporrekorder<\/a><\/li>\n\t\t\t\t<li><a href=\"#ma-special-feature-on-sns-such-as-youtube\">Spesialartikkel om M&amp;A p\u00e5 SNS som YouTube<\/a><\/li>\n\t\t\t\t<li><a href=\"#responding-to-legal-due-diligence-dd\">Respons p\u00e5 juridisk due diligence<\/a><\/li>\n\t\t\t\t<li><a href=\"#legal-due-diligence-dd-peculiarities-of-sns-etc\">Juridiske due diligence-distinksjoner for SNS osv.<\/a><\/li>\n\t\t\t\t<li><a href=\"#an-example-of-our-client\">Et eksempel p\u00e5 v\u00e5r klient<\/a><\/li>\n\t\t\t\t<li><a href=\"#book-writing-records\">Publikasjonsrekorder<\/a><\/li>\n\t\t\t\t<li><a href=\"#media-appearance-record\">Medieopptredenrekorder<\/a><\/li>\n\t\t\t\t<li><a href=\"#monolith-law-magazine\">MONOLITH LAW MAGAZINE<\/a><\/li>\n\t\t\t\t<li><a href=\"#fee-structure\">Gebyrstruktur<\/a><\/li>\n\t\t\t<\/ul>\n\t\t<\/nav>\n\t<\/div>\n<\/section>\n\n<section class=\"white-section\">\n\t<div class=\"anchor\" id=\"an-example-of-ma-track-record\"><\/div>\n\t<div class=\"section-inner\">\n\t\t<h3>Eksempler p\u00e5 M&amp;A-sporrekorder<\/h3>\n\t\t<ul class=\"layout-column4\">\n\t\t\t<li>\n\t\t\t\t<div><img decoding=\"async\" src=\"\/wp-content\/themes\/monolith2021\/img\/practices-youtuberlaw\/practices-youtuberlaw_necessity_pic3.jpg\" alt=\"YouTube channel\"><\/div>\n\t\t\t\t<h4>YouTube-kanal<\/h4>\n\t\t\t\t<p>Vi har en sporrekord med M&#038;A og due diligence-transaksjoner p\u00e5 over 100 millioner yen, som overf\u00f8ring av VTuber og anime YouTube-kanaler.<\/p>\n\t\t\t<\/li>\n\t\t\t<li>\n\t\t\t\t<div><img decoding=\"async\" src=\"\/wp-content\/themes\/monolith2021\/img\/snsmalaw\/snsmalaw_example_pic2.jpg\" alt=\"Twitter-konto\"><\/div>\n\t\t\t\t<h4>Twitter-konto<\/h4>\n\t\t\t\t<p>Vi h\u00e5ndterer et stort antall kontrakter og due diligence relatert til overf\u00f8ring av Twitter-kontoer som tilbyr informasjon.<\/p>\n\t\t\t<\/li>\n\t\t\t<li>\n\t\t\t\t<div><img decoding=\"async\" src=\"\/wp-content\/themes\/monolith2021\/img\/snsmalaw\/snsmalaw_example_pic3.jpg\" alt=\"Instagram-konto\"><\/div>\n\t\t\t\t<h4>Instagram-konto<\/h4>\n\t\t\t\t<p>Vi st\u00f8tter overf\u00f8ring av Instagram-kontoer som en del av virksomhetsoverdragelsen av eide medier.<\/p>\n\t\t\t<\/li>\n\t\t\t<li>\n\t\t\t\t<div><img decoding=\"async\" src=\"\/wp-content\/themes\/monolith2021\/img\/snsmalaw\/snsmalaw_example_pic4.jpg\" alt=\"Andre SNS\"><\/div>\n\t\t\t\t<h4>Andre SNS<\/h4>\n\t\t\t\t<p>Vi har ogs\u00e5 erfaring og kunnskap om andre SNS og webtjenester.<\/p>\n\t\t\t<\/li>\n\t\t<\/ul>\n\t<\/div>\n<\/section>\n\n<section class=\"white-section\">\n\t<div class=\"section-inner pdt0\">\n\t\t<div class=\"frame2 max-width860 txt-center-pc\">\n\t\t\t<p class=\"bold txt-l\">MONOLITH LAW OFFICE er et advokatfirma<br class=\"pcOnly\">som spesialiserer seg p\u00e5 IT, internett og forretningsvirksomhet.<br class=\"pcOnly\">Vi tilbyr juridiske tjenester som spenner fra kontraktsutforming til due diligence (DD) for M&#038;A, inkludert YouTube-kanaler,<br class=\"pcOnly\"> fra sm\u00e5 avtaler til transaksjoner som overstiger 100 millioner yen.<br class=\"pcOnly\"><\/p>\n\t\t<\/div>\n\t<\/div>\n<\/section>\n\n<section class=\"orange-section\">\n\t<div class=\"anchor\" id=\"ma-special-feature-on-sns-such-as-youtube\"><\/div>\n\t<div class=\"section-inner\">\n\t\t<h3>Spesielle M&#038;A-funksjoner p\u00e5 SNS som YouTube<\/h3>\n\t\t<ul class=\"layout-column4\">\n\t\t\t<li>\n\t\t\t\t<div><img decoding=\"async\" src=\"\/wp-content\/themes\/monolith2021\/img\/snsmalaw\/snsmalaw_specificity_pic1.jpg\" alt=\"IT\/Internett juridiske saker\"><\/div>\n\t\t\t\t<h4>IT\/Internett juridiske saker<\/h4>\n\t\t\t\t<p>Uten omfattende erfaring innen IT og Internett, ville det v\u00e6re vanskelig for et advokatfirma \u00e5 korrekt bestemme de juridiske kontrollpunktene knyttet til transaksjonen.<\/p>\n\t\t\t<\/li>\n\t\t\t<li>\n\t\t\t\t<div><img decoding=\"async\" src=\"\/wp-content\/themes\/monolith2021\/img\/snsmalaw\/snsmalaw_specificity_pic2.jpg\" alt=\"Opphavsrettslov\"><\/div>\n\t\t\t\t<h4>Opphavsrettslov<\/h4>\n\t\t\t\t<p>Ekspertkunnskap om opphavsrettigheter er n\u00f8dvendig for \u00e5 h\u00e5ndtere rettigheter korrekt ved overf\u00f8ring av SNS-kontoer.<\/p>\n\t\t\t<\/li>\n\t\t\t<li>\n\t\t\t\t<div><img decoding=\"async\" src=\"\/wp-content\/themes\/monolith2021\/img\/snsmalaw\/snsmalaw_specificity_pic3.jpg\" alt=\"Lisensiering, osv.\"><\/div>\n\t\t\t\t<h4>IP-lisensiering<\/h4>\n\t\t\t\t<p>Forst\u00e5else av lisenser satt av tredjeparter er essensielt n\u00e5r man sprer innhold i ulike medier, og \u00e5 gj\u00f8re dette korrekt er en h\u00f8yt spesialisert oppgave.<\/p>\n\t\t\t<\/li>\n\t\t\t<li>\n\t\t\t\t<div><img decoding=\"async\" src=\"\/wp-content\/themes\/monolith2021\/img\/snsmalaw\/snsmalaw_specificity_pic4.jpg\" alt=\"Vilk\u00e5r og retningslinjer\"><\/div>\n\t\t\t\t<h4>Vilk\u00e5r<\/h4>\n\t\t\t\t<p>For eksempel krever Due Diligence (DD)-prosessen for YouTube-kanaler kunnskap om terminologi samt \u00e5 holde seg oppdatert p\u00e5 de nyeste versjonene av ulike retningslinjer.<\/p>\n\t\t\t<\/li>\n\t\t<\/ul>\n\t<\/div>\n<\/section>\n\n<section class=\"white-section\">\n\t<div class=\"anchor\" id=\"responding-to-legal-due-diligence-dd\"><\/div>\n\t<div class=\"section-inner\">\n\t\t<div class=\"flex reverse\">\n\t\t\t<div class=\"width41\"><img decoding=\"async\" src=\"\/wp-content\/themes\/monolith2021\/img\/pic\/pic_legalduediligence.jpg\" alt=\"Respons p\u00e5 juridisk due diligence (DD)\"><\/div>\n\t\t\t<div class=\"width51\">\n\t\t\t\t<h3>Respons p\u00e5 juridisk due diligence<\/h3>\n\t\t\t\t<p class=\"mgb-small\">Forretningsoverf\u00f8ring av SNS-kontoer som YouTube-kanaler og Twitter, samt aksjeoverf\u00f8ring av selskaper som eier dem, er kontrakter som i noen tilfeller krever juridisk due diligence (DD), akkurat som s\u00e5kalte vanlige M&#038;A.<\/p>\n\t\t\t\t<p class=\"mgb-small\">V\u00e5rt firma MONOLITH LAW OFFICE forbereder ogs\u00e5 juridisk due diligence (DD) og DD-rapporter for slike h\u00f8yt spesialiserte M&#038;A-transaksjoner.<\/p>\n\t\t\t\t<p class=\"txt-s\">* I tilfelle av \u00e5 lage en DD-rapport, er arbeidstiden til advokaten, i prinsippet, 30 timer eller mer.<\/p>\n\t\t\t<\/div>\n\t\t<\/div>\n\t<\/div>\n<\/section>\n\n<section class=\"white-section\">\n\t<div class=\"anchor\" id=\"legal-due-diligence-dd-peculiarities-of-sns-etc\"><\/div>\n\t<div class=\"section-inner-black\">\n\t\t<h3><br class=\"spOnly\">Spesielle trekk ved juridisk due diligence for SNS<\/h3>\n\t\t<p class=\"mgb-small\">N\u00e5r man utf\u00f8rer M&#038;A DD for en YouTube-kanal, for eksempel, er det viktig \u00e5 vurdere lovligheten av videoene som er publisert p\u00e5 kanalen, samt kompatibiliteten med YouTubes vilk\u00e5r for bruk og ulike retningslinjer. Dersom det oppst\u00e5r problemer, kan offentlige videoer bli slettet, og i verste fall kan tiltak som kontoopphengelse bli iverksatt, noe som kan f\u00f8re til misforst\u00e5elser om kanalens verdi.<\/p>\n\t\t<p class=\"mgb-small\">For \u00e5 gj\u00f8re dette kreves det juridisk kunnskap p\u00e5 en rekke omr\u00e5der, inkludert opphavsrettigheter for objekter og musikk brukt i videoer, portrettrettigheter og personvernrettigheter relatert til personers utseende, og reklamereguleringer som kan v\u00e6re problematiske ved introduksjon av kosmetikk og helsekost. Det er avgj\u00f8rende \u00e5 forst\u00e5 bruksvilk\u00e5rene og de ulike retningslinjene, samt \u00e5 holde seg oppdatert med den nyeste versjonen.<\/p>\n\t\t<p class=\"mgb-middle\">Videre, siden vilk\u00e5r for bruk og retningslinjer er skapt p\u00e5 frivillig basis, er det essensielt \u00e5 finne et advokatfirma som spesialiserer seg p\u00e5 dette feltet, som MONOLITH LAW OFFICE.<\/p>\n\n\n\n\t<\/div>\n<\/section>\n\n<section class=\"white-section\">\n\t<div class=\"anchor\" id=\"an-example-of-our-client\"><\/div>\n\t<div class=\"section-inner\">\n\t\t<h3>Et eksempel p\u00e5 v\u00e5r klient<\/h3>\n\t\t<ul class=\"layout-column4 mgb-middle\">\n\t\t\t<li>\n\t\t\t\t<div><img decoding=\"async\" src=\"\/wp-content\/themes\/monolith2021\/img\/clients\/logo_zizai.png\" alt=\"ZIZAI\"><\/div>\n\t\t\t\t<h4><a href=\"https:\/\/zizai.co.jp\/\" target=\"_blank\" rel=\"noopener noreferrer\">ZIZAI Inc.<\/a><\/h4>\n\t\t\t\t<p>Vi h\u00e5ndterer et prosjekt for ZIZAI Inc., som driver VTuber\/virtuell YouTuber Miraiakari og pachinko\/spilleautomat treningsvideokanalen Sulopachi Station.<\/p>\n\t\t\t<\/li>\n\t\t\t<li>\n\t\t\t\t<div><img decoding=\"async\" src=\"\/wp-content\/themes\/monolith2021\/img\/clients\/logo_plott.png\" alt=\"Plott Inc.\"><\/div>\n\t\t\t\t<h4><a href=\"https:\/\/plott.tokyo\/\" target=\"_blank\" rel=\"noopener noreferrer\">Plott Inc.<\/a><\/h4>\n\t\t\t\t<p>Vi h\u00e5ndterer et prosjekt for Plott Co., Ltd., som forvalter anime YouTube-kanaler som &#8220;Teikou Penguin&#8221;, &#8220;KAREKORE of MIXED BLOOD&#8221;, &#8220;Grim Reaper Flag Chan!&#8221;, og &#8220;Yaruminati&#8221;.<\/p>\n\t\t\t<\/li>\n\t\t\t<li>\n\t\t\t\t<div><img decoding=\"async\" src=\"\/wp-content\/themes\/monolith2021\/img\/clients\/logo_algorithm.png\" alt=\"Algorithm\"><\/div>\n\t\t\t\t<h4><a href=\"https:\/\/algorithms.co.jp\/\" target=\"_blank\" rel=\"noopenerrnoreferrer noopener\">Algorithm Inc.<\/a><\/h4>\n\t\t\t\t<p>Vi h\u00e5ndterer et prosjekt for Algorithm Inc., hvis hovedvirksomhet er oppkj\u00f8p og aktivering av affiliate medier, samt drift av &#8220;feely&#8221; og &#8220;tabiyori&#8221;.<\/p>\n\t\t\t<\/li>\n\t\t\t<li>\n\t\t\t\t<div><img decoding=\"async\" src=\"\/wp-content\/themes\/monolith2021\/img\/clients\/logo_mediano.png\" alt=\"Mediano\"><\/div>\n\t\t\t\t<h4><a href=\"https:\/\/mediano-ltd.co.jp\/\" target=\"_blank\" rel=\"noopener noreferrer\">Mediano Co., Ltd.<\/a><\/h4>\n\t\t\t\t<p>I tillegg til smarttelefonapper, h\u00e5ndterer vi et prosjekt for Mediano Co., Ltd., hvis hovedvirksomhet er M&#038;A-transaksjoner som realiserer samarbeid som utnytter styrkene til begge parter og ogs\u00e5 anskaffer medieinnhold planlagt for overf\u00f8ring.<\/p>\n\t\t\t<\/li>\n\t\t<\/ul>\n\t\t<p class=\"txt-s\">*Vi er ogs\u00e5 ansvarlige for mange andre klientprosjekter. Kun selskaper med tillatelse til \u00e5 offentliggj\u00f8re forretningspartnerinformasjon er oppf\u00f8rt. P\u00e5 grunn av konfidensialitetsforpliktelser, holdes det faktum at du er v\u00e5r klient strengt konfidensielt.<\/p>\n\t<\/div>\n<\/section>\n\n<section class=\"white-section\">\n\t<div class=\"section-inner\">\n\t\t<div class=\"frame2 max-width860 txt-center-pc\">\n\t\t\t<p class=\"bold txt-l mgb-small\">Publiseringsaktiviteter i YouTuber\/VTuber juridiske saker<\/p>\n\t\t\t<p>Juridiske saker for YouTubere\/VTubere er et h\u00f8yt spesialisert felt. V\u00e5r representantadvokat Toki Kawase er ogs\u00e5 engasjert i publiseringsaktiviteter relatert til disse emnene.<\/p>\n\t\t<\/div>\n\t<\/div>\n<\/section>\n<section class=\"orange-section\">\n\t<div class=\"anchor\" id=\"book-writing-records\"><\/div>\n\t<div class=\"section-inner\">\n\t\t<div class=\"flex reverse\">\n\t\t\t<div class=\"width41\"><img decoding=\"async\" src=\"\/wp-content\/uploads\/2022\/07\/it_law_book.jpg\" alt=\"Publiseringshistorikk som advokat sterk i SNS-relaterte juridiske saker som YouTube\"><\/div>\n\t\t\t<div class=\"width51\">\n\t\t\t\t<h3>Publiseringsaktiviteter som en advokat med ekspertise i juridiske sp\u00f8rsm\u00e5l knyttet til SNS, inkludert YouTube<\/h3>\n\t\t\t\t<p>&#8220;IT-advokat, fortell oss om YouTube-lover og vilk\u00e5r&#8221; (Shodensha, 30. juli 2022) har blitt publisert for \u00e5 forklare YouTube-relaterte forskrifter og vilk\u00e5r for nybegynnere. I et sp\u00f8rsm\u00e5l og svar-format forklarer boken hvordan man lager forskjellige kontrakter og sjekkpunkter for hvert tema, som strekker seg fra kontrakter som er forutsetninger for M&#038;A til forretningsoverf\u00f8ringskontrakter.<\/p>\n\t\t\t<\/div>\n\t\t<\/div>\n\t<\/div>\n<\/section>\n<section class=\"white-section\">\n\t<div class=\"anchor\" id=\"media-appearance-record\"><\/div>\n\t<div class=\"section-inner\">\n\t\t<div class=\"flex\">\n\t\t\t<div class=\"width41\"><img decoding=\"async\" src=\"\/wp-content\/themes\/monolith2021\/img\/practices-youtuberlaw\/practices-youtuberlaw_pic2.jpg\"><\/div>\n\t\t\t<div class=\"width51\">\n\t\t\t\t<h3>Gjestopptreden relatert til VTuber p\u00e5 &#8220;ABEMA Prime&#8221;<\/h3>\n\t\t\t\t<p>I &#8220;ABEMA Prime&#8221;, et show som ble sendt 16. februar og 20. mai 2022, kommenterte v\u00e5r representantadvokat, Toki Kawase, juridiske sp\u00f8rsm\u00e5l som personvernet til VTubers og kontroversielle influencere som skaper oppstyr p\u00e5 internett.<\/p>\n\t\t\t<\/div>\n\t\t<\/div>\n\t<\/div>\n<\/section>\n\n<section class=\"purple2-section\">\n\t<div class=\"anchor\" id=\"monolith-law-magazine\"><\/div>\n\t<div class=\"section-inner\">\n\t\t    <section class=\"white-section temp-article\">\n        <div class=\"section-inner\">\n            <h4>MONOLITH LAW MAGAZINE<\/h4>\n            <div class=\"articles type_practice_column\">\n                                                                    <div class=\"article article-area\">\n                        <figure>\n                            <div class=\"img-wrap\">\n                                <img alt=\"Oppkj\u00f8p og forretningsoverf\u00f8ring av virtuelle YouTubere \/ VTubere\" src=\"https:\/\/monolith.law\/no\/wp-content\/uploads\/sites\/27\/2023\/12\/youtuber-vtubervirtual-youtuber-ma-1.jpg\" width=\"500\" height=\"250\">\n                            <\/div>\n                            <figcaption>\n                                <div class=\"figcaption-inner\">\n                                    <h3>Oppkj\u00f8p og forretningsoverf\u00f8ring av virtuelle YouTubere \/ VTubere<\/h3>\n                                <\/div>\n                            <\/figcaption>\n                            <a href=\"https:\/\/monolith.law\/no\/internet\/virtual-youtuber-ma\"><\/a>\n                        <\/figure>\n                    <\/div>\n                                            <\/div>\n            <div class=\"btn-more\"><a href=\"https:\/\/monolith.law\/no\/tag\/m-and-a-of-sns-accounts\">Read More<\/a><\/div>\n        <\/div>\n    <\/section>\n\t<\/div>\n<\/section>\n\n<section class=\"orange2-section\">\n\t<div class=\"anchor\" id=\"fee-structure\"><\/div>\n\t<div class=\"section-inner\">\n\t<div class=\"planWrap\">\n\t<h3>Prisstruktur<\/h3>\n\t<ul class=\"plan\">\n\t\t<li class=\"txt-left\">\n\t\t\t<div class=\"plan-inner\">\n\t\t\t<div class=\"plan-header\">\n\t\t\t<h4 class=\"plan-title\">Timepris<\/h4>\n\t\t\t<div class=\"plan-price\"><span class=\"price-figure\">$300<\/span>per time<span class=\"price-tax\"><\/span><\/div>\n\t\t\t<\/div>\n\t\t\t<div class=\"plan-body\">I visse tilfeller kan vi vurdere \u00e5 akseptere en tvist eller et s\u00f8ksm\u00e5l med et oppstartshonorar og et resultatbasert honorar. For mer informasjon, vennligst ta kontakt med oss.<\/div>\n\t\t\t<\/div>\n\t\t<\/li>\n\t\t<li class=\"txt-left\">\n\t\t\t<div class=\"plan-inner\">\n\t\t\t<div class=\"plan-header\">\n\t\t\t<h4 class=\"plan-title\">Utarbeidelse av Kontrakter<\/h4>\n\t\t\t<div class=\"plan-price\"><span class=\"price-value\">fra<\/span><span class=\"price-figure\">$500<\/span><span class=\"price-value\">til $2,000 eller mer<\/span><span class=\"price-tax\"><\/span><\/div>\n\t\t\t<\/div>\n\t\t\t<div class=\"plan-body\">Prisstrukturen kan variere basert p\u00e5 typen og antallet kontrakter. Vi tilbyr gjerne et forel\u00f8pig kostnadsoverslag ved foresp\u00f8rsel, s\u00e5 vi oppfordrer deg til \u00e5 kontakte oss for ytterligere detaljer.<\/div>\n\t\t\t<\/div>\n\t\t<\/li>\n\t\t<li class=\"txt-left\">\n\t\t\t<div class=\"plan-inner\">\n\t\t\t<div class=\"plan-header\">\n\t\t\t<h4 class=\"plan-title\">Andre Tjenester<\/h4>\n\t\t\t<div class=\"plan-price\"><span class=\"price-figure\">Kontakt Oss<\/span><\/div>\n\t\t\t<\/div>\n\t\t\t<div class=\"plan-body\">Vi tilbyr et bredt spekter av tjenester, inkludert selskapsdannelse, kontraktsvurdering, juridiske uttalelser, saksgjennomgang eller forskningsbrev. Hvis du har noen sp\u00f8rsm\u00e5l eller bekymringer, inviterer vi deg hjertelig til \u00e5 kontakte oss, og v\u00e5rt kunnskapsrike team vil v\u00e6re glade for \u00e5 assistere deg.<\/div>\n\t\t\t<\/div>\n\t\t\t<\/div>\n\t\t<\/li>\n\t<\/ul>\n\t<\/div>\n\t<\/div>\n<\/section>\n\n<section class=\"white-section\">\n\t<div class=\"section-inner\">\n\t\t<div class=\"btn-area\">\n\t\t\t<div class=\"btn icon-contact\"><a href=\"\/no\/contact\">Kontakt Oss<\/a><\/div>\n\t\t<\/div>\n\t<\/div>\n<\/section>\n","protected":false},"excerpt":{"rendered":"<p>M&amp;A av SNS-kontoer M&amp;A av YouTube-kanaler og Twitter-kontoer er et h\u00f8yt spesialisert omr\u00e5de som krever spesialisert kunnskap og know-how. Som et advokatfirma med spesialister p\u00e5 IT, internett  [&hellip;]<\/p>\n","protected":false},"author":1,"featured_media":57173,"parent":0,"menu_order":7,"comment_status":"closed","ping_status":"closed","template":"other-page-temp.php","meta":{"footnotes":""},"acf":[],"_links":{"self":[{"href":"https:\/\/monolith.law\/no\/wp-json\/wp\/v2\/pages\/31513"}],"collection":[{"href":"https:\/\/monolith.law\/no\/wp-json\/wp\/v2\/pages"}],"about":[{"href":"https:\/\/monolith.law\/no\/wp-json\/wp\/v2\/types\/page"}],"author":[{"embeddable":true,"href":"https:\/\/monolith.law\/no\/wp-json\/wp\/v2\/users\/1"}],"replies":[{"embeddable":true,"href":"https:\/\/monolith.law\/no\/wp-json\/wp\/v2\/comments?post=31513"}],"version-history":[{"count":67,"href":"https:\/\/monolith.law\/no\/wp-json\/wp\/v2\/pages\/31513\/revisions"}],"predecessor-version":[{"id":62585,"href":"https:\/\/monolith.law\/no\/wp-json\/wp\/v2\/pages\/31513\/revisions\/62585"}],"wp:featuredmedia":[{"embeddable":true,"href":"https:\/\/monolith.law\/no\/wp-json\/wp\/v2\/media\/57173"}],"wp:attachment":[{"href":"https:\/\/monolith.law\/no\/wp-json\/wp\/v2\/media?parent=31513"}],"curies":[{"name":"wp","href":"https:\/\/api.w.org\/{rel}","templated":true}]}}