{"id":31896,"date":"2023-11-06T23:00:19","date_gmt":"2023-11-06T14:00:19","guid":{"rendered":"https:\/\/monolith.law\/?page_id=31896"},"modified":"2023-12-28T13:12:56","modified_gmt":"2023-12-28T04:12:56","slug":"cybercrime","status":"publish","type":"page","link":"https:\/\/monolith.law\/no\/cybercrime","title":{"rendered":"Cyberkriminalitet"},"content":{"rendered":"\n<section class=\"heading-area\">\n\t<div class=\"heading-area-inner\">\n\t\t<h2 class=\"icon-cybercrime\">Cyberkriminalitet<\/h2>\n\t\t<p>Cyberkriminalitet er et alvorlig problem i dagens samfunn, og det er avgj\u00f8rende for bedrifter \u00e5 iverksette passende tiltak n\u00e5r de blir ofre for slike forbrytelser. Med et team av advokater med juridisk kunnskap og IT-ekspertise, samt aktive IT-ingeni\u00f8rer og IT-konsulenter, kan v\u00e5r firma MONOLITH LAW OFFICE gi presis r\u00e5dgivning skreddersydd til selskapets spesifikke situasjon og bist\u00e5 med \u00e5 iverksette straffesaker.<\/p>\n\t<\/div>\n<\/section>\n\n<section class=\"white-section\">\n\t<div class=\"section-inner pdt0  border-bottom-section\">\n\t\t<p>Det er effektivt \u00e5 s\u00f8ke hjelp fra eksperter som er godt kjent med japanske straffeprosedyrer for \u00e5 fremme etterforskning og arrestasjon av japansk politi i saker som involverer uautorisert tilgang i Japan. Som et IT-fokusert advokatfirma, tilbyr vi juridisk assistanse til bedrifter som har v\u00e6rt ofre for cyberkriminalitet som uautorisert tilgang og ulovlig dataekstraksjon, inkludert hjelp med \u00e5 inngi kriminelle klager og rapporter for \u00e5 initiere straffeforf\u00f8lgelse.<\/p>\n\t<\/div>\n<\/section>\n\n<section class=\"second-nav\">\n\t<div class=\"second-nav-inner\">\n\t\t<p>EMNER<\/p>\n\t\t<nav>\n\t\t\t<ul>\n\t\t\t\t<li><a href=\"#specialized-expertise-in-cybersecurity\">Spesialisert ekspertise i cybersikkerhet<\/a><\/li>\n\t\t\t\t<li><a href=\"#the-need-for-addressing-cybercrime\">Behovet for \u00e5 adressere cyberkriminalitet<\/a><\/li>\n\t\t\t\t<li><a href=\"#the-challenges-of-criminal-prosecution-in-cybercrime-cases\">Utfordringene med straffeforf\u00f8lgelse i cyberkriminalitetssaker<\/a><\/li>\n\t\t\t\t<li><a href=\"#synergy-of-lawyers-and-it-consultants\">Samarbeid mellom advokater og IT-konsulenter<\/a><\/li>\n\t\t\t\t<li><a href=\"#monolith-law-magazine\">MONOLITH LAW MAGAZINE<\/a><\/li>\n\t\t\t\t<li><a href=\"#fee-structure\">Prisstruktur<\/a><\/li>\n\t\t\t<\/ul>\n\t\t<\/nav>\n\t<\/div>\n<\/section>\n\n<section class=\"white-section\">\n\t<div class=\"anchor\" id=\"specialized-expertise-in-cybersecurity\"><\/div>\n\t<div class=\"section-inner pdb0\">\n\t\t<h3>Spesialisert ekspertise innen cybersikkerhet<\/h3>\n\t\t<div class=\"max-width980 mgb-small\"><img decoding=\"async\" src=\"\/wp-content\/themes\/monolith2021\/img\/dispute\/dispute_member.jpg\" alt=\"Spesialisert ekspertise innen cybersikkerhet\"><\/div>\n\t\t<div class=\"frame2 max-width860 txt-center-pc\">\n\t\t\t<p class=\"bold txt-l\">MONOLITH LAW OFFICE tilbyr spesialisert ekspertise innen IT-lovgivning, ledet av en representativ advokat med bakgrunn som tidligere IT-ingeni\u00f8r og leder. Firmaet best\u00e5r av 30 advokater, Kenji Shinjo (r\u00e5dgiver), en tidligere aktor ved Tokyo High Public Prosecutors Office, og et team av 16 IT-konsulenter. Vi tilbyr l\u00f8sninger for \u00e5 l\u00f8se komplekse tvister relatert til cybersikkerhet, ved \u00e5 utnytte teamets dype kunnskap og erfaring innen IT-lovgivning.<\/p>\n\t\t<\/div>\n\t<\/div>\n<\/section>\n\n<section class=\"orange-section mgt-section\">\n\t<div class=\"anchor\" id=\"the-need-for-addressing-cybercrime\"><\/div>\n\t<div class=\"section-inner\">\n\t\t<div class=\"flex\">\n\t\t\t<div class=\"width41\"><img decoding=\"async\" src=\"\/wp-content\/uploads\/2023\/05\/dispute_pic2.jpg\" alt=\"Behovet for \u00e5 adressere cyberkriminalitet\"><\/div>\n\t\t\t<div class=\"width51\">\n\t\t\t\t<h3>Behovet for \u00e5 h\u00e5ndtere nettkriminalitet<\/h3>\n\t\t\t\t<p class=\"mgb-small\">I den moderne verden utgj\u00f8r nettkriminalitet en stadig st\u00f8rre trussel. Det finnes ulike typer cyberangrep, inkludert uautorisert tilgang, ulovlig dataekstraksjon, spam-e-poster, phishing-svindel og malware-angrep.<\/p>\n\t\t\t\t<p class=\"mgb-small\">Uautorisert tilgang refererer til \u00e5 infiltrere et datasystem for \u00e5 stjele eller manipulere informasjon. For selskaper kan dette resultere i tyveri av konfidensiell informasjon eller systemforstyrrelser som f\u00f8rer til redusert produktivitet. Ulovlig dataekstraksjon inneb\u00e6rer lekkasje av sensitiv bedriftsinformasjon til eksterne kilder. Dette kan skje n\u00e5r ansatte, som innsidere, tar konfidensiell informasjon ut av selskapet, eller n\u00e5r eksterne angripere f\u00e5r uautorisert tilgang til \u00e5 stjele informasjon.<\/p>\n\t\t\t\t<p>Disse cyberangrepene for\u00e5rsaker ikke bare betydelig skade p\u00e5 selskaper, som databrudd og forstyrrelser i forretningsdriften, men undergraver ogs\u00e5 et selskaps sosiale tillit gjennom lekkasje av personlig informasjon. Det er avgj\u00f8rende \u00e5 iverksette juridiske tiltak for \u00e5 h\u00e5ndtere nettkriminalitet for \u00e5 beskytte sikkerheten til b\u00e5de selskaper og enkeltpersoner.<\/p>\n\t\t\t<\/div>\n\t\t<\/div>\n\t<\/div>\n<\/section>\n\n<section class=\"white-section\">\n\t<div class=\"anchor\" id=\"the-challenges-of-criminal-prosecution-in-cybercrime-cases\"><\/div>\n\t<div class=\"section-inner\">\n\t\t<div class=\"flex reverse\">\n\t\t\t<div class=\"width41\"><img decoding=\"async\" src=\"\/wp-content\/uploads\/2023\/05\/dispute_pic2-1.jpg\" alt=\"Utfordringene med straffeforf\u00f8lgelse i saker om nettkriminalitet\"><\/div>\n\t\t\t<div class=\"width51\">\n\t\t\t\t<h3>Utfordringene med straffeforf\u00f8lgelse i saker om nettkriminalitet<\/h3>\n\t\t\t\t<p class=\"mgb-small\">Dersom en person blir offer for nettkriminalitet og rapporterer hendelsen til politiet, forventes det generelt at politiet vil etterforske, identifisere gjerningspersonen og g\u00e5 videre med arrestasjoner og p\u00e5tale. Dette er &#8220;den vanlige borgerens oppfatning.&#8221; Dessverre er det slik at i Japan, n\u00e5r det gjelder \u00f8konomiske forbrytelser som ikke inneb\u00e6rer trusler mot menneskeliv eller fysisk velv\u00e6re, spesielt i tilfeller av nettkriminalitet, er politiets etterforskningsressurser begrenset i praksis. Uten at offeret gjennomf\u00f8rer grundige unders\u00f8kelser og skaper omfattende dokumentasjon, som &#8220;hendelsesrapporter,&#8221; er det vanskelig \u00e5 effektivt fremme politiets etterforskninger.<\/p>\n\t\t\t\t<p class=\"mgb-small\">Mengden dokumenter som v\u00e5r advokatfirma MONOLITH LAW OFFICE har skapt i en spesifikk sak om nettkriminalitet for \u00e5 oppn\u00e5 faktisk arrestasjon og domfellelse av gjerningspersonen, vises p\u00e5 bildet til h\u00f8yre. Selv etter \u00e5 ha inngitt en straffeanmeldelse eller en offermelding, m\u00e5 offeret fortsette \u00e5 skape og innsende ulike detaljerte materialer som politiet ettersp\u00f8r. For \u00e5 lette etterforskninger og arrestasjoner, m\u00e5 en betydelig mengde dokumentasjon forberedes og innsendes.<\/p>\n\t\t\t\t<p>\u00c5 st\u00f8tte straffeforf\u00f8lgelsen av ofre for nettkriminalitet krever et advokatfirma med h\u00f8y ekspertise og organisatoriske evner, slik som i store rettssaker innen IT.<\/p>\n\t\t\t<\/div>\n\t\t<\/div>\n\t<\/div>\n<\/section>\n\n<section class=\"purple-section\">\n\t<div class=\"anchor\" id=\"synergy-of-lawyers-and-it-consultants\"><\/div>\n\t<div class=\"section-inner\">\n\t\t<div class=\"flex reverse\">\n\t\t\t<div class=\"width51\">\n\t\t\t\t<h3>Samarbeid mellom advokater og IT-konsulenter<\/h3>\n\t\t\t\t<p class=\"mgb-small\">For \u00e5 effektivt rapportere omfanget av skader og gi informasjon som f\u00f8rer til gjerningspersonene bak cyberkriminalitet til politiet, er en kombinasjon av avansert IT-kunnskap og juridisk analyse essensiell. For eksempel, i tilfeller av uautorisert tilgang, er det n\u00f8dvendig \u00e5 tolke logger fra plattformer som Apache, identifisere problematisk tilgang og vurdere dens juridiske implikasjoner for \u00e5 forklare hvorfor den kvalifiserer som &#8220;uautorisert&#8221; tilgang. Disse funnene m\u00e5 presenteres i et logisk sammenhengende dokument.<\/p>\n\t\t\t\t<p class=\"mgb-small\">For \u00e5 oppn\u00e5 dette er ekspertise tilsvarende det som IT-ingeni\u00f8rer har, og spesialisert kunnskap om IT-lovgivning uunnv\u00e6rlig.<\/p>\n\t\t\t\t<p>V\u00e5r advokatfirma MONOLITH LAW OFFICE best\u00e5r av 30 advokater, ledet av en representativ advokat som er en tidligere IT-ingeni\u00f8r med erfaring fra web-baserte selskaper, sammen med et team av 16 IT-konsulenter og 85 ansatte. Med denne organisasjonsstrukturen er vi unikt posisjonert til \u00e5 tilby omfattende l\u00f8sninger fra ett sted.<\/p>\n\t\t\t<\/div>\n\t\t\t<div class=\"width41\"><img decoding=\"async\" src=\"\/wp-content\/themes\/monolith_en\/img\/operationofofmedia\/operationofofmedia_pic5.svg\" alt=\"Synergi mellom advokater og IT-konsulenter\"><\/div>\n\t\t<\/div>\n\t<\/div>\n<\/section>\n\n<section class=\"purple2-section\">\n\t<div class=\"anchor\" id=\"monolith-law-magazine\"><\/div>\n\t<div class=\"section-inner\">\n\t\t    <section class=\"white-section temp-article\">\n        <div class=\"section-inner\">\n            <h4>MONOLITH LAW MAGAZINE<\/h4>\n            <div class=\"articles type_practice_column\">\n                                                                    <div class=\"article article-area\">\n                        <figure>\n                            <div class=\"img-wrap\">\n                                <img alt=\"Er skjermbilder et brudd p\u00e5 opphavsretten? Forklaring av metoder for \u00e5 identifisere opphavspersonen og hvordan man sletter dem\" src=\"https:\/\/monolith.law\/no\/wp-content\/uploads\/sites\/27\/2024\/11\/30375485_m-1024x683-1.webp\" width=\"500\" height=\"250\">\n                            <\/div>\n                            <figcaption>\n                                <div class=\"figcaption-inner\">\n                                    <h3>Er skjermbilder et brudd p\u00e5 opphavsretten? Forklaring av metoder for \u00e5 identifis.<\/h3>\n                                <\/div>\n                            <\/figcaption>\n                            <a href=\"https:\/\/monolith.law\/no\/it\/screenshots-copyright\"><\/a>\n                        <\/figure>\n                    <\/div>\n                                                    <div class=\"article article-area\">\n                        <figure>\n                            <div class=\"img-wrap\">\n                                <img alt=\"Siste nytt: Antall kjente tilfeller av uautorisert tilgang tredoblet i l\u00f8pet av ett \u00e5r i Reiwa 5 (2023)\" src=\"https:\/\/monolith.law\/no\/wp-content\/uploads\/sites\/27\/2024\/07\/Shutterstock_2236181323.webp\" width=\"500\" height=\"250\">\n                            <\/div>\n                            <figcaption>\n                                <div class=\"figcaption-inner\">\n                                    <h3>Siste nytt: Antall kjente tilfeller av uautorisert tilgang tredoblet i l\u00f8pet av .<\/h3>\n                                <\/div>\n                            <\/figcaption>\n                            <a href=\"https:\/\/monolith.law\/no\/it\/unauthorized-access-statistics-2023\"><\/a>\n                        <\/figure>\n                    <\/div>\n                                                    <div class=\"article article-area\">\n                        <figure>\n                            <div class=\"img-wrap\">\n                                <img alt=\"Kriminalitet som trusler og oppfordring til selvmord p\u00e5 LINE\" src=\"https:\/\/monolith.law\/no\/wp-content\/uploads\/sites\/27\/2024\/05\/intimidation-crime-by-line-1.jpg\" width=\"500\" height=\"250\">\n                            <\/div>\n                            <figcaption>\n                                <div class=\"figcaption-inner\">\n                                    <h3>Kriminalitet som trusler og oppfordring til selvmord p\u00e5 LINE<\/h3>\n                                <\/div>\n                            <\/figcaption>\n                            <a href=\"https:\/\/monolith.law\/no\/it\/intimidation-crime-by-line-2\"><\/a>\n                        <\/figure>\n                    <\/div>\n                                            <\/div>\n            <div class=\"btn-more\"><a href=\"https:\/\/monolith.law\/no\/tag\/cybercrime\">Read More<\/a><\/div>\n        <\/div>\n    <\/section>\n\t<\/div>\n<\/section>\n\n<section class=\"orange2-section\">\n\t<div class=\"anchor\" id=\"fee-structure\"><\/div>\n\t<div class=\"section-inner\">\n\t<div class=\"planWrap\">\n\t<h3>Honorarstruktur<\/h3>\n\t<ul class=\"plan\">\n\t\t<li class=\"txt-left\">\n\t\t\t<div class=\"plan-inner\">\n\t\t\t<div class=\"plan-header\">\n\t\t\t<h4 class=\"plan-title\">Timepris<\/h4>\n\t\t\t<div class=\"plan-price\"><span class=\"price-figure\">$300<\/span>per time<span class=\"price-tax\"><\/span><\/div>\n\t\t\t<\/div>\n\t\t\t<div class=\"plan-body\">I visse tilfeller kan vi vurdere \u00e5 akseptere en tvist eller et s\u00f8ksm\u00e5l med et oppstartshonorar og et resultatbasert honorar. For mer informasjon, vennligst ta kontakt med oss.<\/div>\n\t\t\t<\/div>\n\t\t<\/li>\n\t\t<li class=\"txt-left\">\n\t\t\t<div class=\"plan-inner\">\n\t\t\t<div class=\"plan-header\">\n\t\t\t<h4 class=\"plan-title\">Utarbeidelse av Kontrakter<\/h4>\n\t\t\t<div class=\"plan-price\"><span class=\"price-value\">fra<\/span><span class=\"price-figure\">$500<\/span><span class=\"price-value\">til $2,000 eller mer<\/span><span class=\"price-tax\"><\/span><\/div>\n\t\t\t<\/div>\n\t\t\t<div class=\"plan-body\">Prisstrukturen kan variere basert p\u00e5 typen og antallet kontrakter. Vi tilbyr gjerne et forel\u00f8pig kostnadsoverslag ved foresp\u00f8rsel, s\u00e5 vi oppfordrer deg til \u00e5 kontakte oss for ytterligere detaljer.<\/div>\n\t\t\t<\/div>\n\t\t<\/li>\n\t\t<li class=\"txt-left\">\n\t\t\t<div class=\"plan-inner\">\n\t\t\t<div class=\"plan-header\">\n\t\t\t<h4 class=\"plan-title\">Andre Tjenester<\/h4>\n\t\t\t<div class=\"plan-price\"><span class=\"price-figure\">Kontakt Oss<\/span><\/div>\n\t\t\t<\/div>\n\t\t\t<div class=\"plan-body\">Vi tilbyr et bredt spekter av tjenester, inkludert selskapsdannelse, kontraktsvurdering, juridiske uttalelser, saksgjennomgang eller forskningsbrev. Hvis du har noen sp\u00f8rsm\u00e5l eller bekymringer, inviterer vi deg hjertelig til \u00e5 kontakte oss, og v\u00e5rt kunnskapsrike team vil v\u00e6re glade for \u00e5 bist\u00e5 deg.<\/div>\n\t\t\t<\/div>\n\t\t\t<\/div>\n\t\t<\/li>\n\t<\/ul>\n\t<\/div>\n\t<\/div>\n<\/section>\n\n<section class=\"white-section\">\n\t<div class=\"section-inner\">\n\t\t<div class=\"btn-area\">\n\t\t\t<div class=\"btn icon-contact\"><a href=\"\/no\/contact\">Kontakt Oss<\/a><\/div>\n\t\t<\/div>\n\t<\/div>\n<\/section>\n","protected":false},"excerpt":{"rendered":"<p>Cyberkriminalitet Cyberkriminalitet er et alvorlig problem i dagens samfunn, og det er avgj\u00f8rende for bedrifter \u00e5 iverksette passende tiltak n\u00e5r de blir ofre for slike forbrytelser. Med et team av adv [&hellip;]<\/p>\n","protected":false},"author":1,"featured_media":57158,"parent":0,"menu_order":7,"comment_status":"closed","ping_status":"closed","template":"other-page-temp.php","meta":{"footnotes":""},"acf":[],"_links":{"self":[{"href":"https:\/\/monolith.law\/no\/wp-json\/wp\/v2\/pages\/31896"}],"collection":[{"href":"https:\/\/monolith.law\/no\/wp-json\/wp\/v2\/pages"}],"about":[{"href":"https:\/\/monolith.law\/no\/wp-json\/wp\/v2\/types\/page"}],"author":[{"embeddable":true,"href":"https:\/\/monolith.law\/no\/wp-json\/wp\/v2\/users\/1"}],"replies":[{"embeddable":true,"href":"https:\/\/monolith.law\/no\/wp-json\/wp\/v2\/comments?post=31896"}],"version-history":[{"count":22,"href":"https:\/\/monolith.law\/no\/wp-json\/wp\/v2\/pages\/31896\/revisions"}],"predecessor-version":[{"id":62572,"href":"https:\/\/monolith.law\/no\/wp-json\/wp\/v2\/pages\/31896\/revisions\/62572"}],"wp:featuredmedia":[{"embeddable":true,"href":"https:\/\/monolith.law\/no\/wp-json\/wp\/v2\/media\/57158"}],"wp:attachment":[{"href":"https:\/\/monolith.law\/no\/wp-json\/wp\/v2\/media?parent=31896"}],"curies":[{"name":"wp","href":"https:\/\/api.w.org\/{rel}","templated":true}]}}