{"id":32193,"date":"2023-11-06T23:20:51","date_gmt":"2023-11-06T14:20:51","guid":{"rendered":"https:\/\/monolith.law\/?page_id=32193"},"modified":"2023-12-28T13:37:42","modified_gmt":"2023-12-28T04:37:42","slug":"terms-of-use","status":"publish","type":"page","link":"https:\/\/monolith.law\/no\/terms-of-use","title":{"rendered":"Bruksvilk\u00e5r"},"content":{"rendered":"\n<section class=\"heading-area\">\n\t<div class=\"heading-area-inner\">\n\t\t<h2 class=\"icon-terms-of-use\">Bruksvilk\u00e5r<\/h2>\n\t\t<p>MONOLITH LAW OFFICE h\u00e5ndterer opprettelsen og gjennomgangen av bruksvilk\u00e5r og personvernpolicyer for ulike apper, tjenester og spill i Japan. I tillegg kan vi lese dine kravspesifikasjoner for relevant apputvikling, Adobe XD-rammeverk, landingssider (LPs), salgsmateriell for potensielle kunder og andre eksisterende dokumenter og data.<\/p>\n\t<\/div>\n<\/section>\n\n<section class=\"white-section\">\n\t<div class=\"section-inner pdt0  border-bottom-section\">\n\t\t<p class=\"mgb-small\">Hos MONOLITH LAW OFFICE h\u00e5ndterer vi opprettelsen, endringen og gjennomgangen av ulike vilk\u00e5r og betingelser, personvernpolicyer og andre n\u00f8dvendige avtaler i samsvar med gjeldende lover og forskrifter i Japan. Vi spesialiserer oss p\u00e5 \u00e5 tilby juridisk st\u00f8tte for apper, tjenester, spill og andre digitale plattformer.<\/p>\n\t\t<p class=\"mgb-small\">Vi kan arbeide med dine eksisterende materialer og data, som kravdefinisjoner, rammeverk laget med Adobe XD, landingssider og salgsmateriell rettet mot potensielle kunder. V\u00e5rt team er i stand til \u00e5 forst\u00e5 og analysere disse materialene for \u00e5 sikre juridisk overholdelse og gi verdifulle innsikter.<\/p>\n\t\t<p>Ta gjerne kontakt med oss for assistanse med utforming eller oppdatering av dine vilk\u00e5r og betingelser, personvernpolicyer eller andre juridiske dokumenter som er n\u00f8dvendige for drift og lansering av din app eller digitale tjeneste.<\/p>\n\t<\/div>\n<\/section>\n\n<section class=\"second-nav\">\n\t<div class=\"second-nav-inner\">\n\t\t<p>EMNER<\/p>\n\t\t<nav>\n\t\t\t<ul>\n\t\t\t\t<li><a href=\"#apps-web-services-and-digital-platforms\">Apper, Webtjenester og Digitale Plattformer<\/a><\/li>\n\t\t\t\t<li><a href=\"#games\">Spill<\/a><\/li>\n\t\t\t\t<li><a href=\"#publication-of-books-on-legal-matters-related-to-it\">Publisering av B\u00f8ker om Juridiske Sp\u00f8rsm\u00e5l Relatert til IT<\/a><\/li>\n\t\t\t\t<li><a href=\"#crypto-asset-and-blockchain\">Kryptovaluta og Blokkjede<\/a><\/li>\n\t\t\t\t<li><a href=\"#medical-Apps-etc\">Medisinske Apper, osv.<\/a><\/li>\n\t\t\t\t<li><a href=\"#drafting-with-minimal-operating-time\">Utarbeidelse med Minimal Driftstid<\/a><\/li>\n\t\t\t\t<li><a href=\"#some-examples-of-our-clients-and-the-products\">Noen Eksempler p\u00e5 V\u00e5re Klienter og Produktene Deres<\/a><\/li>\n\t\t\t\t<li><a href=\"#monolith-law-magazine\">MONOLITH LAW MAGAZINE<\/a><\/li>\n\t\t\t\t<li><a href=\"#fee-structure\">Prisstruktur<\/a><\/li>\n\t\t\t<\/ul>\n\t\t<\/nav>\n\t<\/div>\n<\/section>\n\n<section class=\"white-section mgt-section mgb-section80\">\n\t<div class=\"anchor\" id=\"apps-web-services-and-digital-platforms\"><\/div>\n\t<div class=\"section-inner-black\">\n\t\t<h3>Apper, nettjenester og digitale plattformer<\/h3>\n\t\t<p class=\"mgb-middle\">Vi har omfattende erfaring med \u00e5 skape og modifisere vilk\u00e5r og betingelser, personvernpolicyer og andre juridiske dokumenter relatert til apper, nettjenester og digitale plattformer. Vi tilbyr ogs\u00e5 konsulenttjenester for \u00e5 bist\u00e5 med lovlig drift av nettjenester og apper i henhold til gjeldende regelverk.<\/p>\n\t\t<h4 class=\"mgb-small\">Her er noen eksempler p\u00e5 v\u00e5re prestasjoner<\/h4>\n\t\t<p class=\"mgb-middle\">Tjenester for distribusjon av bakgrunnsmusikk og lydeffekter, apper for avspilling av bakgrunnsmusikk, SaaS-baserte stemmegjenkjenningstjenester for B2B, direkte-til-konsument e-handelsnettsteder, EC-plattformer, tjenester som muliggj\u00f8r dataintegrasjon mellom SaaS-plattformer, integrasjonstjenester for SaaS-leverand\u00f8rer, artistplattformer, salgsst\u00f8tteverkt\u00f8y, apper for personlig \u00f8konomistyring, jobbrelaterte nettjenester og jobbs\u00f8keplattformer, skybaserte tjenester for utgiftsstyring, skybaserte tjenester for oppm\u00f8teh\u00e5ndtering, skybaserte tjenester for reiseregning, tjenester for salg av kosttilskudd, politisk-relaterte sosiale nettverkstjenester, taxi-bestillingsapper, tjenester for outsourcing av dataanalyse, video-baserte sosiale nettverkstjenester, forretningsorienterte sosiale nettverksplattformer, nettsteder for forretningsmatching, plattformer for sykehusavtaler, programmeringsskoler, blockchain-baserte sosiale nettverkstjenester, blockchain-baserte annonseringsnettverk, referansetjenester, reisekonsulenttjenester, tjenester for sikkerhetsbekreftelse, medisinske informasjonsnettverkssystemer, kryptovalutab\u00f8rser (utenlands), nettsteder for databaser over ortodontiklinikker, tjenester for st\u00f8tte til funksjonshemmede, skybaserte tjenester for rekruttering av nyutdannede, ansattesstyring og ansattesoppl\u00e6ring, offisielle nettsteder for salg av importerte biler, livsst\u00f8ttetjenester, st\u00f8ttetjenester for oppstartsselskaper, tjenester for sjekk av antisosial atferd<\/p>\n\t<\/div>\n<\/section>\n\n<section class=\"white-section mgt-section mgb-section\">\n\t<div class=\"anchor\" id=\"games\"><\/div>\n\t<div class=\"section-inner-black\">\n\t\t<h3>Spill<\/h3>\n\t\t<p class=\"mgb-small\">Vi har omfattende erfaring med \u00e5 utarbeide bruksvilk\u00e5r for ulike typer spill, fra konsollspill til mobilspill. Vi forst\u00e5r de juridiske implikasjonene og kravene knyttet til spilldrift, inkludert opphavsrettslov, lov om premiepromotering, betalingstjenestelov, forbrukerkontraktslov, lov om spesifikke handelstransaksjoner og telekommunikasjonsvirksomhetslov. Vi kan bist\u00e5 deg i \u00e5 skape omfattende bruksvilk\u00e5r som overholder relevante forskrifter.<\/p>\n\t\t<p class=\"mgb-small\">Videre strekker v\u00e5re tjenester seg utover den innledende utarbeidelsen av bruksvilk\u00e5r. Vi tilbyr r\u00e5dgivning om lovlig gjennomf\u00f8ring av arrangementer og andre aktiviteter relatert til spilldrift. V\u00e5rt team er kunnskapsrikt om de juridiske aspektene ved spillarrangementer og kan gi veiledning for \u00e5 sikre overholdelse av gjeldende lover og forskrifter.<\/p>\n\t\t<p class=\"mgb-middle\">Enten du er en spillutvikler eller et selskap involvert i spilldrift, er vi godt rustet til \u00e5 tilby skreddersydd juridisk st\u00f8tte for \u00e5 m\u00f8te dine spesifikke behov i spillindustrien.<\/p>\n\t<\/div>\n<\/section>\n\n<section class=\"purple-section\">\n\t<div class=\"anchor\" id=\"publication-of-books-on-legal-matters-related-to-it\"><\/div>\n\t<div class=\"section-inner\">\n\t\t<div class=\"flex reverse\">\n\t\t\t<div class=\"width41\"><img decoding=\"async\" src=\"\/wp-content\/themes\/monolith2021\/img\/pic\/pic_publishing.jpg\" alt=\"Publisering av b\u00f8ker om juridiske forhold relatert til IT\"><\/div>\n\t\t\t<div class=\"width51\">\n\t\t\t\t<h3>Publisering av b\u00f8ker om juridiske sp\u00f8rsm\u00e5l relatert til IT<\/h3>\n\t\t\t\t<p>Som et advokatfirma som spesialiserer seg p\u00e5 systemutvikling og IT-relaterte juridiske sp\u00f8rsm\u00e5l, inkludert etablering av vilk\u00e5r for tjenesten, nettjenester, apper og spillrelaterte problemer, har Monolith Law Office publisert en bok med tittelen &#8220;Lettforst\u00e5elig lov Q&amp;A for IT-ingeni\u00f8rer&#8221;. Boken er skrevet av en tidligere ingeni\u00f8r som ble advokat, og er prim\u00e6rt rettet mot IT-ingeni\u00f8rer. Den gir forklaringer p\u00e5 juridisk kunnskap spesielt tilpasset deres behov, og dekker emner som utvikling av tjenestevilk\u00e5r. Boken har som m\u00e5l \u00e5 tilby en brukervennlig tiln\u00e6rming til juridiske konsepter og hjelpe IT-ingeni\u00f8rer med \u00e5 navigere i de juridiske aspektene ved arbeidet deres.<\/p>\n\t\t\t<\/div>\n\t\t<\/div>\n\t<\/div>\n<\/section>\n\n<section class=\"white-section\">\n\t<div class=\"anchor\" id=\"crypto-asset-and-blockchain\"><\/div>\n\t<div class=\"section-inner\">\n\t\t<div class=\"flex\">\n\t\t\t<div class=\"width41\"><img decoding=\"async\" src=\"\/wp-content\/uploads\/2022\/07\/shutterstock_1151380622_2.png\" alt=\"Crypto Asset and Blockchain\"><\/div>\n\t\t\t<div class=\"width51\">\n\t\t\t\t<h3>Kryptovaluta og Blockchain<\/h3>\n\t\t\t\t<p>MONOLITH LAW OFFICE har v\u00e6rt aktivt engasjert i juridisk arbeid relatert til kryptovaluta og blockchain-teknologi siden etableringen i 2017. Vi er godt rustet til \u00e5 h\u00e5ndtere juridiske saker som ang\u00e5r spill basert p\u00e5 blockchain. Med v\u00e5r ekspertise innen IT og juridiske sp\u00f8rsm\u00e5l relatert til spill, kan vi tilby omfattende st\u00f8tte i \u00e5 navigere i de juridiske kompleksitetene i blockchain-spill, inkludert regulatorisk overholdelse, beskyttelse av intellektuell eiendom, brukeravtaler og mer.<\/p>\n\t\t\t<\/div>\n\t\t<\/div>\n\t<\/div>\n<\/section>\n\n<section class=\"white-section mgb-section\">\n\t<div class=\"anchor\" id=\"medical-Apps-etc\"><\/div>\n\t<div class=\"section-inner-black\">\n\t\t<h3>Medisinske apper, osv.<\/h3>\n\t\t<p class=\"mgb-small\">V\u00e5rt advokatfirma har et sterkt team av advokater, inkludert grunnleggeren som har bakgrunn i IT-ingeni\u00f8rfag og advokater som har omfattende erfaring med \u00e5 h\u00e5ndtere medisinske saker. Med denne ekspertisen er vi godt rustet til \u00e5 h\u00e5ndtere bedrifter, apper og nettjenester relatert til helseindustrien. Vi har en dokumentert merittliste p\u00e5 dette feltet.\n\t\t<p class=\"mgb-middle\">Det juridiske landskapet rundt helsevesenet i Japan kan v\u00e6re komplekst, men du kan stole p\u00e5 v\u00e5rt firma for \u00e5 navigere gjennom detaljene. Vi kan tilby omfattende juridisk st\u00f8tte skreddersydd for de unike behovene i medisinsk sektor, inkludert regulatorisk overholdelse, databeskyttelse, lisensiering, kontrakter og tvistel\u00f8sning. V\u00e5rt m\u00e5l er \u00e5 sikre at dine helse-relaterte ventures utf\u00f8res i samsvar med gjeldende lover og forskrifter, samtidig som vi beskytter dine interesser.<\/p>\n\t<\/div>\n<\/section>\n\n<section class=\"orange-section\">\n\t<div class=\"anchor\" id=\"drafting-with-minimal-operating-time\"><\/div>\n\t<div class=\"section-inner\">\n\t\t<div class=\"flex\">\n\t\t\t<div class=\"width41\"><img decoding=\"async\" src=\"\/wp-content\/themes\/monolith2021\/img\/pic\/pic_draft.jpg\" alt=\"Drafting with Minimal Operating Time\"><\/div>\n\t\t\t<div class=\"width51\">\n\t\t\t\t<h3>Utkast med Minimal Driftstid<\/h3>\n\t\t\t\t<p class=\"mgb-small\">Med v\u00e5r hovedadvokat som tidligere IT-ingeni\u00f8r, har vi evnen til \u00e5 forst\u00e5 de tekniske aspektene, brukergrensesnittet og funksjonaliteten til apper og nettjenester n\u00e5r vi lager vilk\u00e5r for bruk og andre relaterte dokumenter. Vi kan utnytte eksisterende kravdefinisjoner, rammeverk, landingssider og markedsf\u00f8ringsmateriell som selskapet ditt allerede besitter, noe som gj\u00f8r at vi kan tolke og trekke ut den n\u00f8dvendige informasjonen p\u00e5 v\u00e5r side.<\/p>\n\t\t\t\t<p>Ved \u00e5 minimere behovet for omfattende intervjuer eller m\u00f8ter, kan vi effektivt utarbeide vilk\u00e5rene for tjenesten mens vi komprimerer kommunikasjonskostnader og tidsrammer. Denne tiln\u00e6rmingen gj\u00f8r at vi kan str\u00f8mlinjeforme prosessen og levere resultater p\u00e5 en rettidig m\u00e5te.<\/p>\n\t\t\t<\/div>\n\t\t<\/div>\n\t<\/div>\n<\/section>\n\n<section class=\"white-section\">\n\t<div class=\"anchor\" id=\"some-examples-of-our-clients-and-the-products\"><\/div>\n\t<div class=\"section-inner\">\n\t\t<h3>Noen eksempler p\u00e5 v\u00e5re klienter og deres produkter<\/h3>\n\t\t<ul class=\"layout-column4 mgb-middle\">\n\t\t\t<li>\n\t\t\t\t<div><img decoding=\"async\" src=\"\/wp-content\/themes\/monolith2021\/img\/clients\/logo_tokium.png\"><\/div>\n\t\t\t\t<h4><a href=\"https:\/\/www.keihi.com\/lp\/\" target=\"_blank\" rel=\"noopener noreferrer\">TOKIUM Expense Reimbursement<\/a><\/h4>\n\t\t\t\t<p>Vi har jobbet med TOKIUM Inc., selskapet bak bedriftsfinansapplikasjonen &#8220;TOKIUM Expense Reimbursement&#8221;, som deres Chief Legal Officer. Vi har gitt juridisk st\u00f8tte for deres prosjekter, inkludert lanseringen av deres utgiftsrefusjonssystem &#8220;TOKIUM Invoice&#8221;.<\/p>\n\t\t\t<\/li>\n\t\t\t<li>\n\t\t\t\t<div><img decoding=\"async\" src=\"\/wp-content\/themes\/monolith2021\/img\/clients\/logo_seculio.png\"><\/div>\n\t\t\t\t<h4><a href=\"https:\/\/www.lrm.jp\/seculio\/feature\/\" target=\"_blank\" rel=\"noopener noreferrer\">Securio<\/a><\/h4>\n\t\t\t\t<p>Vi har v\u00e6rt revisor for LRM Corporation, som lanserer Securio, som forbedrer oppfatningen av informasjonssikkerhet i hele selskapet.<\/p>\n\t\t\t<\/li>\n\t\t\t<li>\n\t\t\t\t<div><img decoding=\"async\" src=\"\/wp-content\/themes\/monolith2021\/img\/clients\/logo_tribeau.png\"><\/div>\n\t\t\t\t<h4><a href=\"https:\/\/corp.tribeau.jp\/\" target=\"_blank\" rel=\"noopener noreferrer\">TRIBEAU<\/a><\/h4>\n\t\t\t\t<p>Vi har jobbet med TRIBEAU Inc., selskapet bak skj\u00f8nnhetsmedisinsk anmeldelse- og reservasjonsappen &#8220;TRIBEAU&#8221;. Vi har gitt juridisk assistanse for lanseringen av b\u00e5de appen og webtjenesten deres.<\/p>\n\t\t\t<\/li>\n\t\t\t<li>\n\t\t\t\t<div><img decoding=\"async\" src=\"\/wp-content\/themes\/monolith2021\/img\/clients\/logo_flowerknightgirl.png\"><\/div>\n\t\t\t\t<h4><a href=\"https:\/\/flower-knight-girl.com\/\" target=\"_blank\" rel=\"noopener noreferrer\">FLOWER KNIGHT GIRL<\/a><\/h4>\n\t\t\t\t<p>Vi har bist\u00e5tt YourGames Inc. med lanseringen av deres popul\u00e6re RPG-spill &#8220;FLOWER KNIGHT GIRL&#8221;, som har overg\u00e5tt en million registrerte brukere. Spillet er tilgjengelig p\u00e5 DMM GAMES-plattformen.<\/p>\n\t\t\t<\/li>\n\t\t<\/ul>\n\t\t<p class=\"txt-s\">* V\u00e6r oppmerksom p\u00e5 at dette bare er noen f\u00e5 eksempler, og vi har jobbet med mange andre klienter. Vi prioriterer klientkonfidensialitet og offentliggj\u00f8r kun involvering med selskaper som har samtykket til offentlig anerkjennelse eller de som er registrert i offentlige registre som tjenestemenn.<\/p>\n\t<\/div>\n<\/section>\n\n<section class=\"purple2-section\">\n\t<div class=\"anchor\" id=\"monolith-law-magazine\"><\/div>\n\t<div class=\"section-inner\">\n\t\t    <section class=\"white-section temp-article\">\n        <div class=\"section-inner\">\n            <h4>MONOLITH LAW MAGAZINE<\/h4>\n            <div class=\"articles type_practice_column\">\n                                                                    <div class=\"article article-area\">\n                        <figure>\n                            <div class=\"img-wrap\">\n                                <img alt=\"Hva er \"skyunntaket\" i personvernlovgivningen? En forklaring basert p\u00e5 faktiske tilfeller av administrativ veiledning mottatt av skytjenesteleverand\u00f8rer.\" src=\"https:\/\/monolith.law\/no\/wp-content\/uploads\/sites\/27\/2025\/08\/0cdfadb6e93fc71449935bfe824bbde2.jpg\" width=\"500\" height=\"250\">\n                            <\/div>\n                            <figcaption>\n                                <div class=\"figcaption-inner\">\n                                    <h3>Hva er \"skyunntaket\" i personvernlovgivningen? En forklaring basert p\u00e5 faktiske .<\/h3>\n                                <\/div>\n                            <\/figcaption>\n                            <a href=\"https:\/\/monolith.law\/no\/it\/personal-information-cloud-exceptions\"><\/a>\n                        <\/figure>\n                    <\/div>\n                                                    <div class=\"article article-area\">\n                        <figure>\n                            <div class=\"img-wrap\">\n                                <img alt=\"Er Googles anmeldelsesformidling ulovlig? En forklaring p\u00e5 forholdet til loven om handelspraksis og straffebestemmelser\" src=\"https:\/\/monolith.law\/no\/wp-content\/uploads\/sites\/27\/2025\/08\/18d044df35c4f42bb7e1507848a5e228.webp\" width=\"500\" height=\"250\">\n                            <\/div>\n                            <figcaption>\n                                <div class=\"figcaption-inner\">\n                                    <h3>Er Googles anmeldelsesformidling ulovlig? En forklaring p\u00e5 forholdet til loven o.<\/h3>\n                                <\/div>\n                            <\/figcaption>\n                            <a href=\"https:\/\/monolith.law\/no\/it\/google-review-agency\"><\/a>\n                        <\/figure>\n                    <\/div>\n                                                    <div class=\"article article-area\">\n                        <figure>\n                            <div class=\"img-wrap\">\n                                <img alt=\"Hva er risikoene ved \u00e5 bruke ChatGPT i virksomheten? En forklaring p\u00e5 de juridiske problemstillingene\" src=\"https:\/\/monolith.law\/no\/wp-content\/uploads\/sites\/27\/2024\/07\/Shutterstock_2252802247.webp\" width=\"500\" height=\"250\">\n                            <\/div>\n                            <figcaption>\n                                <div class=\"figcaption-inner\">\n                                    <h3>Hva er risikoene ved \u00e5 bruke ChatGPT i virksomheten? En forklaring p\u00e5 de juridis.<\/h3>\n                                <\/div>\n                            <\/figcaption>\n                            <a href=\"https:\/\/monolith.law\/no\/it\/chatgpt-legal-issues\"><\/a>\n                        <\/figure>\n                    <\/div>\n                                            <\/div>\n            <div class=\"btn-more\"><a href=\"https:\/\/monolith.law\/no\/tag\/terms-of-use\">Read More<\/a><\/div>\n        <\/div>\n    <\/section>\n\t<\/div>\n<\/section>\n\n<section class=\"orange2-section\">\n\t<div class=\"anchor\" id=\"fee-structure\"><\/div>\n\t<div class=\"section-inner\">\n\t<div class=\"planWrap\">\n\t<h3>Honorarstruktur<\/h3>\n\t<ul class=\"plan\">\n\t\t<li class=\"txt-left\">\n\t\t\t<div class=\"plan-inner\">\n\t\t\t<div class=\"plan-header\">\n\t\t\t<h4 class=\"plan-title\">Timepris<\/h4>\n\t\t\t<div class=\"plan-price\"><span class=\"price-figure\">$300<\/span>per time<span class=\"price-tax\"><\/span><\/div>\n\t\t\t<\/div>\n\t\t\t<div class=\"plan-body\">I visse tilfeller kan vi vurdere \u00e5 akseptere en tvist eller et s\u00f8ksm\u00e5l med et oppstartshonorar og et resultatbasert honorar. For mer informasjon, vennligst ta kontakt med oss.<\/div>\n\t\t\t<\/div>\n\t\t<\/li>\n\t\t<li class=\"txt-left\">\n\t\t\t<div class=\"plan-inner\">\n\t\t\t<div class=\"plan-header\">\n\t\t\t<h4 class=\"plan-title\">Utarbeidelse av Kontrakter<\/h4>\n\t\t\t<div class=\"plan-price\"><span class=\"price-value\">fra<\/span><span class=\"price-figure\">$500<\/span><span class=\"price-value\">til $2,000 eller mer<\/span><span class=\"price-tax\"><\/span><\/div>\n\t\t\t<\/div>\n\t\t\t<div class=\"plan-body\">Prisstrukturen kan variere basert p\u00e5 typen og antallet kontrakter. Vi tilbyr gjerne et forel\u00f8pig kostnadsoverslag ved foresp\u00f8rsel, s\u00e5 vi oppfordrer deg til \u00e5 kontakte oss for ytterligere detaljer.<\/div>\n\t\t\t<\/div>\n\t\t<\/li>\n\t\t<li class=\"txt-left\">\n\t\t\t<div class=\"plan-inner\">\n\t\t\t<div class=\"plan-header\">\n\t\t\t<h4 class=\"plan-title\">Andre Tjenester<\/h4>\n\t\t\t<div class=\"plan-price\"><span class=\"price-figure\">Kontakt Oss<\/span><\/div>\n\t\t\t<\/div>\n\t\t\t<div class=\"plan-body\">Vi tilbyr et bredt spekter av tjenester, inkludert selskapsdannelse, kontraktsvurdering, juridiske uttalelser, saksgjennomgang eller forskningsbrev. Hvis du har noen sp\u00f8rsm\u00e5l eller bekymringer, inviterer vi deg hjertelig til \u00e5 kontakte oss, og v\u00e5rt kunnskapsrike team vil v\u00e6re glade for \u00e5 assistere deg.<\/div>\n\t\t\t<\/div>\n\t\t\t<\/div>\n\t\t<\/li>\n\t<\/ul>\n\t<\/div>\n\t<\/div>\n<\/section>\n\n<section class=\"white-section\">\n\t<div class=\"section-inner\">\n\t\t<div class=\"btn-area\">\n\t\t\t<div class=\"btn icon-contact\"><a href=\"\/no\/contact\">Kontakt Oss<\/a><\/div>\n\t\t<\/div>\n\t<\/div>\n<\/section>\n","protected":false},"excerpt":{"rendered":"<p>Bruksvilk\u00e5r MONOLITH LAW OFFICE h\u00e5ndterer opprettelsen og gjennomgangen av bruksvilk\u00e5r og personvernpolicyer for ulike apper, tjenester og spill i Japan. I tillegg kan vi lese dine kravspesifikasjoner [&hellip;]<\/p>\n","protected":false},"author":1,"featured_media":57154,"parent":0,"menu_order":7,"comment_status":"closed","ping_status":"closed","template":"other-page-temp.php","meta":{"footnotes":""},"acf":[],"_links":{"self":[{"href":"https:\/\/monolith.law\/no\/wp-json\/wp\/v2\/pages\/32193"}],"collection":[{"href":"https:\/\/monolith.law\/no\/wp-json\/wp\/v2\/pages"}],"about":[{"href":"https:\/\/monolith.law\/no\/wp-json\/wp\/v2\/types\/page"}],"author":[{"embeddable":true,"href":"https:\/\/monolith.law\/no\/wp-json\/wp\/v2\/users\/1"}],"replies":[{"embeddable":true,"href":"https:\/\/monolith.law\/no\/wp-json\/wp\/v2\/comments?post=32193"}],"version-history":[{"count":19,"href":"https:\/\/monolith.law\/no\/wp-json\/wp\/v2\/pages\/32193\/revisions"}],"predecessor-version":[{"id":62599,"href":"https:\/\/monolith.law\/no\/wp-json\/wp\/v2\/pages\/32193\/revisions\/62599"}],"wp:featuredmedia":[{"embeddable":true,"href":"https:\/\/monolith.law\/no\/wp-json\/wp\/v2\/media\/57154"}],"wp:attachment":[{"href":"https:\/\/monolith.law\/no\/wp-json\/wp\/v2\/media?parent=32193"}],"curies":[{"name":"wp","href":"https:\/\/api.w.org\/{rel}","templated":true}]}}